{"id":275769,"date":"2020-09-05T15:59:12","date_gmt":"2020-09-05T13:59:12","guid":{"rendered":"https:\/\/miomiorun.com\/prodotto\/uyn-running-alpha-singlet-uomo\/"},"modified":"2026-01-24T09:30:57","modified_gmt":"2026-01-24T08:30:57","slug":"uyn-running-alpha-singlet-homme","status":"publish","type":"product","link":"https:\/\/www.miomiorun.com\/fr\/produit\/uyn-running-alpha-singlet-homme\/","title":{"rendered":"Running Alpha singlet homme"},"content":{"rendered":"<div id=\"tab-description\" class=\"tab-pane active\" role=\"tabpanel\">\n<div class=\"tab-custom\">\n<div class=\"tab-custom-inner-max content-wysiwyg\">\n<p>Vous voulez des performances maximales quand il fait vraiment chaud ? C&#8217;est pourquoi UYN\u00ae a cr\u00e9\u00e9 l&#8217;Alpha Running Singlet. Moulant et confortable, il garantit une respirabilit\u00e9 et un confort maximum \u00e0 chaque m\u00e8tre.<\/p>\n<\/div>\n<div class=\"tab-custom-inner-max content-wysiwyg\">\n<div class=\"product-line\">\n<p><img decoding=\"async\" class=\"line-image\" src=\"https:\/\/www.uynsports.com\/media\/wysiwyg\/lines\/resized-height-35\/logo-alpha.jpg\" alt=\"UN ATLETA, UN OBIETTIVO\"><\/p>\n<h3>UN ATHL\u00c8TE, UN OBJECTIF<\/h3>\n<p>Courir, c&#8217;est la libert\u00e9. Il n&#8217;y a que la route et l&#8217;athl\u00e8te. Sa motivation, ses objectifs, ses choix. UYN\u00ae lui laisse toute la libert\u00e9 possible. La collection ALPHA Running permet une libert\u00e9 de mouvement maximale. Cr\u00e9\u00e9e pour les athl\u00e8tes qui ont de grands objectifs.<\/p>\n<\/div>\n<\/div>\n<\/div>\n<\/div>\n<p>&nbsp;<\/p>\n<div class=\"tab-custom-inner-max content-wysiwyg\">\n<div class=\"product-line\">\n<div id=\"tab-technology\" class=\"tab-pane active\" role=\"tabpanel\">\n<div class=\"tab-custom\">\n<div class=\"tab-items\">\n<div class=\"row\">\n<div class=\"col-xs-12 col-sm-4\">\n<div class=\"tab-item\">\n<div class=\"media media-md\">\n<div class=\"media-left\"><img loading=\"lazy\" decoding=\"async\" class=\"\" src=\"https:\/\/images.prismic.io\/uynsports\/558d27668629dc0d13a92787903add7452ef943d_coolvent.jpg?auto=compress,format\" alt=\"Coolvent\" width=\"88\" height=\"88\"><\/div>\n<div class=\"media-body\">\n<div class=\"title\">Coolvent<\/div>\n<p>Le concept Coolvent est synonyme de confort absolu. Il repose sur la structure ouverte du tissu : la surface interne est travers\u00e9e par des canaux qui favorisent un flux d&#8217;air constant. Il absorbe rapidement la transpiration, rafra\u00eechit le corps pendant l&#8217;activit\u00e9 physique et maintient la peau toujours s\u00e8che.<\/p>\n<\/div>\n<\/div>\n<\/div>\n<\/div>\n<div class=\"col-xs-12 col-sm-4\">\n<div class=\"tab-item\">\n<div class=\"media media-md\"><\/div>\n<\/div>\n<\/div>\n<div class=\"col-xs-12 col-sm-4\">\n<div class=\"tab-item\">\n<div class=\"media media-md\"><\/div>\n<\/div>\n<\/div>\n<div class=\"col-xs-12 col-sm-4\">\n<div class=\"tab-item\">\n<div class=\"media media-md\">\n<div class=\"media-left\"><img loading=\"lazy\" decoding=\"async\" class=\"\" src=\"https:\/\/images.prismic.io\/uynsports\/4aa9ee299293b2a0a42d8c38f2dd934260f726b5_t-hexagon.png?auto=compress,format\" alt=\"T-Hexagon\" width=\"88\" height=\"88\"><\/div>\n<div class=\"media-body\">\n<div class=\"title\">T-Hexagon<\/div>\n<p>La structure hexagonale 3D du tissu permet une r\u00e9gulation parfaite de la temp\u00e9rature corporelle. Au niveau de l&#8217;abdomen, la structure est plus \u00e9paisse afin de garantir une meilleure isolation et une meilleure stabilit\u00e9, tandis qu&#8217;elle s&#8217;amincit au niveau de la poitrine afin de favoriser la transpiration et l&#8217;\u00e9vaporation de la sueur.<\/p>\n<div class=\"media-body\">\n<h4 class=\"title\">MAT\u00c9RIAU<\/h4>\n<div><\/div>\n<p>COMPOSITION : 49 % POLYAMIDE 47 % POLYESTER 3 % \u00c9LASTHANNE 1 % POLYPROPYL\u00c8NE<\/p>\n<\/div>\n<\/div>\n<\/div>\n<\/div>\n<\/div>\n<\/div>\n<\/div>\n<\/div>\n<\/div>\n<\/div>\n<\/div>\n","protected":false},"excerpt":{"rendered":"<p>Vous voulez des performances maximales quand il fait vraiment chaud ? C&#8217;est pourquoi UYN\u00ae a cr\u00e9\u00e9 l&#8217;Alpha Running Singlet. Moulant et confortable, il garantit une respirabilit\u00e9 et un confort maximum \u00e0 chaque m\u00e8tre. UN ATHL\u00c8TE, UN OBJECTIF Courir, c&#8217;est la libert\u00e9. Il n&#8217;y a que la route et l&#8217;athl\u00e8te. Sa motivation, ses objectifs, ses choix. &hellip; <a href=\"https:\/\/www.miomiorun.com\/fr\/produit\/uyn-running-alpha-singlet-homme\/\">Continued<\/a><\/p>\n","protected":false},"featured_media":230457,"template":"","meta":{"_acf_changed":false,"inline_featured_image":false},"product_brand":[],"product_cat":[24479,24482,24484],"product_tag":[23526,23550],"class_list":{"0":"post-275769","1":"product","2":"type-product","3":"status-publish","4":"has-post-thumbnail","6":"product_cat-sous-vetements-fr-2","7":"product_cat-vetements-pour-hommes-fr","8":"product_cat-homme","9":"product_tag-uyn-fr","10":"product_tag-uyn-homme","12":"first","13":"instock","14":"sale","15":"taxable","16":"shipping-taxable","17":"purchasable","18":"product-type-variable","19":"wvs-archive-product-wrapper"},"acf":[],"yoast_head":"<!-- This site is optimized with the Yoast SEO plugin v26.8 - https:\/\/yoast.com\/product\/yoast-seo-wordpress\/ -->\n<title>Uyn Running Alpha singlet homme - Sous-v\u00eatements thermiques - MioMioRun.com<\/title>\n<meta name=\"description\" content=\"Une performance maximale par temps chaud ? Le d\u00e9bardeur Alpha Running Singlet de UYN\u00ae est ajust\u00e9 et confortable, garantissant une respirabilit\u00e9 et un confort maximum \u00e0 chaque m\u00e8tre.\" \/>\n<meta name=\"robots\" content=\"index, follow, max-snippet:-1, max-image-preview:large, max-video-preview:-1\" \/>\n<link rel=\"canonical\" href=\"https:\/\/www.miomiorun.com\/fr\/produit\/uyn-running-alpha-singlet-homme\/\" \/>\n<meta property=\"og:locale\" content=\"fr_FR\" \/>\n<meta property=\"og:type\" content=\"article\" \/>\n<meta property=\"og:title\" content=\"Uyn Running Alpha singlet homme - Sous-v\u00eatements thermiques - MioMioRun.com\" \/>\n<meta property=\"og:description\" content=\"Une performance maximale par temps chaud ? Le d\u00e9bardeur Alpha Running Singlet de UYN\u00ae est ajust\u00e9 et confortable, garantissant une respirabilit\u00e9 et un confort maximum \u00e0 chaque m\u00e8tre.\" \/>\n<meta property=\"og:url\" content=\"https:\/\/www.miomiorun.com\/fr\/produit\/uyn-running-alpha-singlet-homme\/\" \/>\n<meta property=\"og:site_name\" content=\"MioMioRun\" \/>\n<meta property=\"article:publisher\" content=\"https:\/\/www.facebook.com\/miomiorun\/\" \/>\n<meta property=\"article:modified_time\" content=\"2026-01-24T08:30:57+00:00\" \/>\n<meta property=\"og:image\" content=\"https:\/\/www.miomiorun.com\/app\/uploads\/2020\/09\/Uyn-M-running-Alpha-singlet-J188.jpg\" \/>\n\t<meta property=\"og:image:width\" content=\"600\" \/>\n\t<meta property=\"og:image:height\" content=\"600\" \/>\n\t<meta property=\"og:image:type\" content=\"image\/jpeg\" \/>\n<meta name=\"twitter:card\" content=\"summary_large_image\" \/>\n<meta name=\"twitter:label1\" content=\"Est. reading time\" \/>\n\t<meta name=\"twitter:data1\" content=\"1 minute\" \/>\n<script type=\"application\/ld+json\" class=\"yoast-schema-graph\">{\"@context\":\"https:\/\/schema.org\",\"@graph\":[{\"@type\":\"WebPage\",\"@id\":\"https:\/\/www.miomiorun.com\/fr\/produit\/uyn-running-alpha-singlet-homme\/\",\"url\":\"https:\/\/www.miomiorun.com\/fr\/produit\/uyn-running-alpha-singlet-homme\/\",\"name\":\"Uyn Running Alpha singlet homme - Sous-v\u00eatements thermiques - MioMioRun.com\",\"isPartOf\":{\"@id\":\"https:\/\/www.miomiorun.com\/fr\/#website\"},\"primaryImageOfPage\":{\"@id\":\"https:\/\/www.miomiorun.com\/fr\/produit\/uyn-running-alpha-singlet-homme\/#primaryimage\"},\"image\":{\"@id\":\"https:\/\/www.miomiorun.com\/fr\/produit\/uyn-running-alpha-singlet-homme\/#primaryimage\"},\"thumbnailUrl\":\"https:\/\/www.miomiorun.com\/app\/uploads\/2020\/09\/Uyn-M-running-Alpha-singlet-J188.jpg\",\"datePublished\":\"2020-09-05T13:59:12+00:00\",\"dateModified\":\"2026-01-24T08:30:57+00:00\",\"description\":\"Une performance maximale par temps chaud ? Le d\u00e9bardeur Alpha Running Singlet de UYN\u00ae est ajust\u00e9 et confortable, garantissant une respirabilit\u00e9 et un confort maximum \u00e0 chaque m\u00e8tre.\",\"breadcrumb\":{\"@id\":\"https:\/\/www.miomiorun.com\/fr\/produit\/uyn-running-alpha-singlet-homme\/#breadcrumb\"},\"inLanguage\":\"fr-FR\",\"potentialAction\":[{\"@type\":\"ReadAction\",\"target\":[\"https:\/\/www.miomiorun.com\/fr\/produit\/uyn-running-alpha-singlet-homme\/\"]}]},{\"@type\":\"ImageObject\",\"inLanguage\":\"fr-FR\",\"@id\":\"https:\/\/www.miomiorun.com\/fr\/produit\/uyn-running-alpha-singlet-homme\/#primaryimage\",\"url\":\"https:\/\/www.miomiorun.com\/app\/uploads\/2020\/09\/Uyn-M-running-Alpha-singlet-J188.jpg\",\"contentUrl\":\"https:\/\/www.miomiorun.com\/app\/uploads\/2020\/09\/Uyn-M-running-Alpha-singlet-J188.jpg\",\"width\":600,\"height\":600,\"caption\":\"Uyn-M-running-Alpha-singlet-J188\"},{\"@type\":\"BreadcrumbList\",\"@id\":\"https:\/\/www.miomiorun.com\/fr\/produit\/uyn-running-alpha-singlet-homme\/#breadcrumb\",\"itemListElement\":[{\"@type\":\"ListItem\",\"position\":1,\"name\":\"Home\",\"item\":\"https:\/\/www.miomiorun.com\/fr\/home-page\/\"},{\"@type\":\"ListItem\",\"position\":2,\"name\":\"Shop\",\"item\":\"https:\/\/www.miomiorun.com\/shop\/\"},{\"@type\":\"ListItem\",\"position\":3,\"name\":\"Running Alpha singlet homme\"}]},{\"@type\":\"WebSite\",\"@id\":\"https:\/\/www.miomiorun.com\/fr\/#website\",\"url\":\"https:\/\/www.miomiorun.com\/fr\/\",\"name\":\"MioMioRun\",\"description\":\"Boutique 100% running et trail\",\"publisher\":{\"@id\":\"https:\/\/www.miomiorun.com\/fr\/#organization\"},\"potentialAction\":[{\"@type\":\"SearchAction\",\"target\":{\"@type\":\"EntryPoint\",\"urlTemplate\":\"https:\/\/www.miomiorun.com\/fr\/?s={search_term_string}\"},\"query-input\":{\"@type\":\"PropertyValueSpecification\",\"valueRequired\":true,\"valueName\":\"search_term_string\"}}],\"inLanguage\":\"fr-FR\"},{\"@type\":\"Organization\",\"@id\":\"https:\/\/www.miomiorun.com\/fr\/#organization\",\"name\":\"MioMio Run\",\"url\":\"https:\/\/www.miomiorun.com\/fr\/\",\"logo\":{\"@type\":\"ImageObject\",\"inLanguage\":\"fr-FR\",\"@id\":\"https:\/\/www.miomiorun.com\/fr\/#\/schema\/logo\/image\/\",\"url\":\"https:\/\/www.miomiorun.com\/app\/uploads\/2019\/12\/logomio.png\",\"contentUrl\":\"https:\/\/www.miomiorun.com\/app\/uploads\/2019\/12\/logomio.png\",\"width\":115,\"height\":82,\"caption\":\"MioMio Run\"},\"image\":{\"@id\":\"https:\/\/www.miomiorun.com\/fr\/#\/schema\/logo\/image\/\"},\"sameAs\":[\"https:\/\/www.facebook.com\/miomiorun\/\",\"https:\/\/www.instagram.com\/miomiorun\/\"]}]}<\/script>\n<!-- \/ Yoast SEO plugin. -->","yoast_head_json":{"title":"Uyn Running Alpha singlet homme - Sous-v\u00eatements thermiques - MioMioRun.com","description":"Une performance maximale par temps chaud ? Le d\u00e9bardeur Alpha Running Singlet de UYN\u00ae est ajust\u00e9 et confortable, garantissant une respirabilit\u00e9 et un confort maximum \u00e0 chaque m\u00e8tre.","robots":{"index":"index","follow":"follow","max-snippet":"max-snippet:-1","max-image-preview":"max-image-preview:large","max-video-preview":"max-video-preview:-1"},"canonical":"https:\/\/www.miomiorun.com\/fr\/produit\/uyn-running-alpha-singlet-homme\/","og_locale":"fr_FR","og_type":"article","og_title":"Uyn Running Alpha singlet homme - Sous-v\u00eatements thermiques - MioMioRun.com","og_description":"Une performance maximale par temps chaud ? Le d\u00e9bardeur Alpha Running Singlet de UYN\u00ae est ajust\u00e9 et confortable, garantissant une respirabilit\u00e9 et un confort maximum \u00e0 chaque m\u00e8tre.","og_url":"https:\/\/www.miomiorun.com\/fr\/produit\/uyn-running-alpha-singlet-homme\/","og_site_name":"MioMioRun","article_publisher":"https:\/\/www.facebook.com\/miomiorun\/","article_modified_time":"2026-01-24T08:30:57+00:00","og_image":[{"width":600,"height":600,"url":"https:\/\/www.miomiorun.com\/app\/uploads\/2020\/09\/Uyn-M-running-Alpha-singlet-J188.jpg","type":"image\/jpeg"}],"twitter_card":"summary_large_image","twitter_misc":{"Est. reading time":"1 minute"},"schema":{"@context":"https:\/\/schema.org","@graph":[{"@type":"WebPage","@id":"https:\/\/www.miomiorun.com\/fr\/produit\/uyn-running-alpha-singlet-homme\/","url":"https:\/\/www.miomiorun.com\/fr\/produit\/uyn-running-alpha-singlet-homme\/","name":"Uyn Running Alpha singlet homme - Sous-v\u00eatements thermiques - MioMioRun.com","isPartOf":{"@id":"https:\/\/www.miomiorun.com\/fr\/#website"},"primaryImageOfPage":{"@id":"https:\/\/www.miomiorun.com\/fr\/produit\/uyn-running-alpha-singlet-homme\/#primaryimage"},"image":{"@id":"https:\/\/www.miomiorun.com\/fr\/produit\/uyn-running-alpha-singlet-homme\/#primaryimage"},"thumbnailUrl":"https:\/\/www.miomiorun.com\/app\/uploads\/2020\/09\/Uyn-M-running-Alpha-singlet-J188.jpg","datePublished":"2020-09-05T13:59:12+00:00","dateModified":"2026-01-24T08:30:57+00:00","description":"Une performance maximale par temps chaud ? Le d\u00e9bardeur Alpha Running Singlet de UYN\u00ae est ajust\u00e9 et confortable, garantissant une respirabilit\u00e9 et un confort maximum \u00e0 chaque m\u00e8tre.","breadcrumb":{"@id":"https:\/\/www.miomiorun.com\/fr\/produit\/uyn-running-alpha-singlet-homme\/#breadcrumb"},"inLanguage":"fr-FR","potentialAction":[{"@type":"ReadAction","target":["https:\/\/www.miomiorun.com\/fr\/produit\/uyn-running-alpha-singlet-homme\/"]}]},{"@type":"ImageObject","inLanguage":"fr-FR","@id":"https:\/\/www.miomiorun.com\/fr\/produit\/uyn-running-alpha-singlet-homme\/#primaryimage","url":"https:\/\/www.miomiorun.com\/app\/uploads\/2020\/09\/Uyn-M-running-Alpha-singlet-J188.jpg","contentUrl":"https:\/\/www.miomiorun.com\/app\/uploads\/2020\/09\/Uyn-M-running-Alpha-singlet-J188.jpg","width":600,"height":600,"caption":"Uyn-M-running-Alpha-singlet-J188"},{"@type":"BreadcrumbList","@id":"https:\/\/www.miomiorun.com\/fr\/produit\/uyn-running-alpha-singlet-homme\/#breadcrumb","itemListElement":[{"@type":"ListItem","position":1,"name":"Home","item":"https:\/\/www.miomiorun.com\/fr\/home-page\/"},{"@type":"ListItem","position":2,"name":"Shop","item":"https:\/\/www.miomiorun.com\/shop\/"},{"@type":"ListItem","position":3,"name":"Running Alpha singlet homme"}]},{"@type":"WebSite","@id":"https:\/\/www.miomiorun.com\/fr\/#website","url":"https:\/\/www.miomiorun.com\/fr\/","name":"MioMioRun","description":"Boutique 100% running et trail","publisher":{"@id":"https:\/\/www.miomiorun.com\/fr\/#organization"},"potentialAction":[{"@type":"SearchAction","target":{"@type":"EntryPoint","urlTemplate":"https:\/\/www.miomiorun.com\/fr\/?s={search_term_string}"},"query-input":{"@type":"PropertyValueSpecification","valueRequired":true,"valueName":"search_term_string"}}],"inLanguage":"fr-FR"},{"@type":"Organization","@id":"https:\/\/www.miomiorun.com\/fr\/#organization","name":"MioMio Run","url":"https:\/\/www.miomiorun.com\/fr\/","logo":{"@type":"ImageObject","inLanguage":"fr-FR","@id":"https:\/\/www.miomiorun.com\/fr\/#\/schema\/logo\/image\/","url":"https:\/\/www.miomiorun.com\/app\/uploads\/2019\/12\/logomio.png","contentUrl":"https:\/\/www.miomiorun.com\/app\/uploads\/2019\/12\/logomio.png","width":115,"height":82,"caption":"MioMio Run"},"image":{"@id":"https:\/\/www.miomiorun.com\/fr\/#\/schema\/logo\/image\/"},"sameAs":["https:\/\/www.facebook.com\/miomiorun\/","https:\/\/www.instagram.com\/miomiorun\/"]}]}},"_links":{"self":[{"href":"https:\/\/www.miomiorun.com\/fr\/wp-json\/wp\/v2\/product\/275769","targetHints":{"allow":["GET"]}}],"collection":[{"href":"https:\/\/www.miomiorun.com\/fr\/wp-json\/wp\/v2\/product"}],"about":[{"href":"https:\/\/www.miomiorun.com\/fr\/wp-json\/wp\/v2\/types\/product"}],"wp:featuredmedia":[{"embeddable":true,"href":"https:\/\/www.miomiorun.com\/fr\/wp-json\/wp\/v2\/media\/230457"}],"wp:attachment":[{"href":"https:\/\/www.miomiorun.com\/fr\/wp-json\/wp\/v2\/media?parent=275769"}],"wp:term":[{"taxonomy":"product_brand","embeddable":true,"href":"https:\/\/www.miomiorun.com\/fr\/wp-json\/wp\/v2\/product_brand?post=275769"},{"taxonomy":"product_cat","embeddable":true,"href":"https:\/\/www.miomiorun.com\/fr\/wp-json\/wp\/v2\/product_cat?post=275769"},{"taxonomy":"product_tag","embeddable":true,"href":"https:\/\/www.miomiorun.com\/fr\/wp-json\/wp\/v2\/product_tag?post=275769"}],"curies":[{"name":"wp","href":"https:\/\/api.w.org\/{rel}","templated":true}]}}