{"id":275743,"date":"2020-09-08T16:20:52","date_gmt":"2020-09-08T14:20:52","guid":{"rendered":"https:\/\/miomiorun.com\/prodotto\/nathan-littleshot-750ml-hydration-bottle\/"},"modified":"2026-01-24T09:32:33","modified_gmt":"2026-01-24T08:32:33","slug":"nathan-littleshot-750ml-hydration-bottle","status":"publish","type":"product","link":"https:\/\/www.miomiorun.com\/fr\/produit\/nathan-littleshot-750ml-hydration-bottle\/","title":{"rendered":"LittleShot 750mL Hydration Bottle"},"content":{"rendered":"<p>Restez hydrat\u00e9 pendant vos d\u00e9placements gr\u00e2ce \u00e0 cette bouteille facile \u00e0 tenir qui s&#8217;adapte parfaitement \u00e0 votre main.<\/p>\n<ul>\n<li>Le bec \u00e9troit et facile \u00e0 utiliser est \u00e9quip\u00e9 d&#8217;un embout en silicone amovible pour un nettoyage facile<\/li>\n<li>Large ouverture pour un nettoyage et un remplissage faciles<\/li>\n<li>Le couvercle attach\u00e9 reste fix\u00e9 \u00e0 la bouteille<\/li>\n<li>Eastman Tritan\u00ae sans BPA, avec technologie sans odeur et sans go\u00fbt<\/li>\n<li>Dimensions : 750 ml<\/li>\n<\/ul>\n<p>Instructions d&#8217;entretien<\/p>\n<ul>\n<li>Lavage \u00e0 la main uniquement<\/li>\n<li>Ne pas mettre cette bouteille au lave-vaisselle. Nettoyer \u00e0 l&#8217;eau chaude et au savon et laisser s\u00e9cher sans le couvercle<\/li>\n<li>ATTENTION : ne pas mettre cette bouteille au micro-ondes. Ne pas congeler la bouteille. Ne pas trop remplir<\/li>\n<\/ul>\n","protected":false},"excerpt":{"rendered":"<p>Restez hydrat\u00e9 pendant vos d\u00e9placements gr\u00e2ce \u00e0 cette bouteille facile \u00e0 tenir qui s&#8217;adapte parfaitement \u00e0 votre main. Le bec \u00e9troit et facile \u00e0 utiliser est \u00e9quip\u00e9 d&#8217;un embout en silicone amovible pour un nettoyage facile Large ouverture pour un nettoyage et un remplissage faciles Le couvercle attach\u00e9 reste fix\u00e9 \u00e0 la bouteille Eastman Tritan\u00ae &hellip; <a href=\"https:\/\/www.miomiorun.com\/fr\/produit\/nathan-littleshot-750ml-hydration-bottle\/\">Continued<\/a><\/p>\n","protected":false},"featured_media":230501,"template":"","meta":{"_acf_changed":false,"inline_featured_image":false},"product_brand":[],"product_cat":[22575,22574,22538],"product_tag":[23511],"class_list":{"0":"post-275743","1":"product","2":"type-product","3":"status-publish","4":"has-post-thumbnail","6":"product_cat-flacons","7":"product_cat-hydratation","8":"product_cat-accessoires","9":"product_tag-nathan-fr","10":"pa_attivita-marcher","11":"pa_attivita-outdoor-fr","12":"pa_colore-little-shot-750ml-azzurro-fr","13":"pa_colore-little-shot-750ml-rosso-fr","14":"pa_marca-nathan-fr","15":"pa_sesso-femme","16":"pa_sesso-homme","18":"first","19":"instock","20":"sale","21":"taxable","22":"shipping-taxable","23":"purchasable","24":"product-type-variable","25":"wvs-archive-product-wrapper"},"acf":[],"yoast_head":"<!-- This site is optimized with the Yoast SEO plugin v26.8 - https:\/\/yoast.com\/product\/yoast-seo-wordpress\/ -->\n<title>Nathan LittleShot 750mL Hydration Bottle - gourde - MioMioRun.com<\/title>\n<meta name=\"description\" content=\"Restez hydrat\u00e9 pendant vos d\u00e9placements gr\u00e2ce \u00e0 cette bouteille facile \u00e0 tenir qui s&#039;adapte parfaitement \u00e0 votre main.\" \/>\n<meta name=\"robots\" content=\"index, follow, max-snippet:-1, max-image-preview:large, max-video-preview:-1\" \/>\n<link rel=\"canonical\" href=\"https:\/\/www.miomiorun.com\/fr\/produit\/nathan-littleshot-750ml-hydration-bottle\/\" \/>\n<meta property=\"og:locale\" content=\"fr_FR\" \/>\n<meta property=\"og:type\" content=\"article\" \/>\n<meta property=\"og:title\" content=\"Nathan LittleShot 750mL Hydration Bottle - gourde - MioMioRun.com\" \/>\n<meta property=\"og:description\" content=\"Restez hydrat\u00e9 pendant vos d\u00e9placements gr\u00e2ce \u00e0 cette bouteille facile \u00e0 tenir qui s&#039;adapte parfaitement \u00e0 votre main.\" \/>\n<meta property=\"og:url\" content=\"https:\/\/www.miomiorun.com\/fr\/produit\/nathan-littleshot-750ml-hydration-bottle\/\" \/>\n<meta property=\"og:site_name\" content=\"MioMioRun\" \/>\n<meta property=\"article:publisher\" content=\"https:\/\/www.facebook.com\/miomiorun\/\" \/>\n<meta property=\"article:modified_time\" content=\"2026-01-24T08:32:33+00:00\" \/>\n<meta property=\"og:image\" content=\"https:\/\/www.miomiorun.com\/app\/uploads\/2020\/09\/Little-Shot-750ml-bianco.jpg\" \/>\n\t<meta property=\"og:image:width\" content=\"600\" \/>\n\t<meta property=\"og:image:height\" content=\"600\" \/>\n\t<meta property=\"og:image:type\" content=\"image\/jpeg\" \/>\n<meta name=\"twitter:card\" content=\"summary_large_image\" \/>\n<meta name=\"twitter:label1\" content=\"Est. reading time\" \/>\n\t<meta name=\"twitter:data1\" content=\"1 minute\" \/>\n<script type=\"application\/ld+json\" class=\"yoast-schema-graph\">{\"@context\":\"https:\/\/schema.org\",\"@graph\":[{\"@type\":\"WebPage\",\"@id\":\"https:\/\/www.miomiorun.com\/fr\/produit\/nathan-littleshot-750ml-hydration-bottle\/\",\"url\":\"https:\/\/www.miomiorun.com\/fr\/produit\/nathan-littleshot-750ml-hydration-bottle\/\",\"name\":\"Nathan LittleShot 750mL Hydration Bottle - gourde - MioMioRun.com\",\"isPartOf\":{\"@id\":\"https:\/\/www.miomiorun.com\/fr\/#website\"},\"primaryImageOfPage\":{\"@id\":\"https:\/\/www.miomiorun.com\/fr\/produit\/nathan-littleshot-750ml-hydration-bottle\/#primaryimage\"},\"image\":{\"@id\":\"https:\/\/www.miomiorun.com\/fr\/produit\/nathan-littleshot-750ml-hydration-bottle\/#primaryimage\"},\"thumbnailUrl\":\"https:\/\/www.miomiorun.com\/app\/uploads\/2020\/09\/Little-Shot-750ml-bianco.jpg\",\"datePublished\":\"2020-09-08T14:20:52+00:00\",\"dateModified\":\"2026-01-24T08:32:33+00:00\",\"description\":\"Restez hydrat\u00e9 pendant vos d\u00e9placements gr\u00e2ce \u00e0 cette bouteille facile \u00e0 tenir qui s'adapte parfaitement \u00e0 votre main.\",\"breadcrumb\":{\"@id\":\"https:\/\/www.miomiorun.com\/fr\/produit\/nathan-littleshot-750ml-hydration-bottle\/#breadcrumb\"},\"inLanguage\":\"fr-FR\",\"potentialAction\":[{\"@type\":\"ReadAction\",\"target\":[\"https:\/\/www.miomiorun.com\/fr\/produit\/nathan-littleshot-750ml-hydration-bottle\/\"]}]},{\"@type\":\"ImageObject\",\"inLanguage\":\"fr-FR\",\"@id\":\"https:\/\/www.miomiorun.com\/fr\/produit\/nathan-littleshot-750ml-hydration-bottle\/#primaryimage\",\"url\":\"https:\/\/www.miomiorun.com\/app\/uploads\/2020\/09\/Little-Shot-750ml-bianco.jpg\",\"contentUrl\":\"https:\/\/www.miomiorun.com\/app\/uploads\/2020\/09\/Little-Shot-750ml-bianco.jpg\",\"width\":600,\"height\":600,\"caption\":\"Little-Shot-750ml-bianco\"},{\"@type\":\"BreadcrumbList\",\"@id\":\"https:\/\/www.miomiorun.com\/fr\/produit\/nathan-littleshot-750ml-hydration-bottle\/#breadcrumb\",\"itemListElement\":[{\"@type\":\"ListItem\",\"position\":1,\"name\":\"Home\",\"item\":\"https:\/\/www.miomiorun.com\/fr\/home-page\/\"},{\"@type\":\"ListItem\",\"position\":2,\"name\":\"Shop\",\"item\":\"https:\/\/www.miomiorun.com\/shop\/\"},{\"@type\":\"ListItem\",\"position\":3,\"name\":\"LittleShot 750mL Hydration Bottle\"}]},{\"@type\":\"WebSite\",\"@id\":\"https:\/\/www.miomiorun.com\/fr\/#website\",\"url\":\"https:\/\/www.miomiorun.com\/fr\/\",\"name\":\"MioMioRun\",\"description\":\"Boutique 100% running et trail\",\"publisher\":{\"@id\":\"https:\/\/www.miomiorun.com\/fr\/#organization\"},\"potentialAction\":[{\"@type\":\"SearchAction\",\"target\":{\"@type\":\"EntryPoint\",\"urlTemplate\":\"https:\/\/www.miomiorun.com\/fr\/?s={search_term_string}\"},\"query-input\":{\"@type\":\"PropertyValueSpecification\",\"valueRequired\":true,\"valueName\":\"search_term_string\"}}],\"inLanguage\":\"fr-FR\"},{\"@type\":\"Organization\",\"@id\":\"https:\/\/www.miomiorun.com\/fr\/#organization\",\"name\":\"MioMio Run\",\"url\":\"https:\/\/www.miomiorun.com\/fr\/\",\"logo\":{\"@type\":\"ImageObject\",\"inLanguage\":\"fr-FR\",\"@id\":\"https:\/\/www.miomiorun.com\/fr\/#\/schema\/logo\/image\/\",\"url\":\"https:\/\/www.miomiorun.com\/app\/uploads\/2019\/12\/logomio.png\",\"contentUrl\":\"https:\/\/www.miomiorun.com\/app\/uploads\/2019\/12\/logomio.png\",\"width\":115,\"height\":82,\"caption\":\"MioMio Run\"},\"image\":{\"@id\":\"https:\/\/www.miomiorun.com\/fr\/#\/schema\/logo\/image\/\"},\"sameAs\":[\"https:\/\/www.facebook.com\/miomiorun\/\",\"https:\/\/www.instagram.com\/miomiorun\/\"]}]}<\/script>\n<!-- \/ Yoast SEO plugin. -->","yoast_head_json":{"title":"Nathan LittleShot 750mL Hydration Bottle - gourde - MioMioRun.com","description":"Restez hydrat\u00e9 pendant vos d\u00e9placements gr\u00e2ce \u00e0 cette bouteille facile \u00e0 tenir qui s'adapte parfaitement \u00e0 votre main.","robots":{"index":"index","follow":"follow","max-snippet":"max-snippet:-1","max-image-preview":"max-image-preview:large","max-video-preview":"max-video-preview:-1"},"canonical":"https:\/\/www.miomiorun.com\/fr\/produit\/nathan-littleshot-750ml-hydration-bottle\/","og_locale":"fr_FR","og_type":"article","og_title":"Nathan LittleShot 750mL Hydration Bottle - gourde - MioMioRun.com","og_description":"Restez hydrat\u00e9 pendant vos d\u00e9placements gr\u00e2ce \u00e0 cette bouteille facile \u00e0 tenir qui s'adapte parfaitement \u00e0 votre main.","og_url":"https:\/\/www.miomiorun.com\/fr\/produit\/nathan-littleshot-750ml-hydration-bottle\/","og_site_name":"MioMioRun","article_publisher":"https:\/\/www.facebook.com\/miomiorun\/","article_modified_time":"2026-01-24T08:32:33+00:00","og_image":[{"width":600,"height":600,"url":"https:\/\/www.miomiorun.com\/app\/uploads\/2020\/09\/Little-Shot-750ml-bianco.jpg","type":"image\/jpeg"}],"twitter_card":"summary_large_image","twitter_misc":{"Est. reading time":"1 minute"},"schema":{"@context":"https:\/\/schema.org","@graph":[{"@type":"WebPage","@id":"https:\/\/www.miomiorun.com\/fr\/produit\/nathan-littleshot-750ml-hydration-bottle\/","url":"https:\/\/www.miomiorun.com\/fr\/produit\/nathan-littleshot-750ml-hydration-bottle\/","name":"Nathan LittleShot 750mL Hydration Bottle - gourde - MioMioRun.com","isPartOf":{"@id":"https:\/\/www.miomiorun.com\/fr\/#website"},"primaryImageOfPage":{"@id":"https:\/\/www.miomiorun.com\/fr\/produit\/nathan-littleshot-750ml-hydration-bottle\/#primaryimage"},"image":{"@id":"https:\/\/www.miomiorun.com\/fr\/produit\/nathan-littleshot-750ml-hydration-bottle\/#primaryimage"},"thumbnailUrl":"https:\/\/www.miomiorun.com\/app\/uploads\/2020\/09\/Little-Shot-750ml-bianco.jpg","datePublished":"2020-09-08T14:20:52+00:00","dateModified":"2026-01-24T08:32:33+00:00","description":"Restez hydrat\u00e9 pendant vos d\u00e9placements gr\u00e2ce \u00e0 cette bouteille facile \u00e0 tenir qui s'adapte parfaitement \u00e0 votre main.","breadcrumb":{"@id":"https:\/\/www.miomiorun.com\/fr\/produit\/nathan-littleshot-750ml-hydration-bottle\/#breadcrumb"},"inLanguage":"fr-FR","potentialAction":[{"@type":"ReadAction","target":["https:\/\/www.miomiorun.com\/fr\/produit\/nathan-littleshot-750ml-hydration-bottle\/"]}]},{"@type":"ImageObject","inLanguage":"fr-FR","@id":"https:\/\/www.miomiorun.com\/fr\/produit\/nathan-littleshot-750ml-hydration-bottle\/#primaryimage","url":"https:\/\/www.miomiorun.com\/app\/uploads\/2020\/09\/Little-Shot-750ml-bianco.jpg","contentUrl":"https:\/\/www.miomiorun.com\/app\/uploads\/2020\/09\/Little-Shot-750ml-bianco.jpg","width":600,"height":600,"caption":"Little-Shot-750ml-bianco"},{"@type":"BreadcrumbList","@id":"https:\/\/www.miomiorun.com\/fr\/produit\/nathan-littleshot-750ml-hydration-bottle\/#breadcrumb","itemListElement":[{"@type":"ListItem","position":1,"name":"Home","item":"https:\/\/www.miomiorun.com\/fr\/home-page\/"},{"@type":"ListItem","position":2,"name":"Shop","item":"https:\/\/www.miomiorun.com\/shop\/"},{"@type":"ListItem","position":3,"name":"LittleShot 750mL Hydration Bottle"}]},{"@type":"WebSite","@id":"https:\/\/www.miomiorun.com\/fr\/#website","url":"https:\/\/www.miomiorun.com\/fr\/","name":"MioMioRun","description":"Boutique 100% running et trail","publisher":{"@id":"https:\/\/www.miomiorun.com\/fr\/#organization"},"potentialAction":[{"@type":"SearchAction","target":{"@type":"EntryPoint","urlTemplate":"https:\/\/www.miomiorun.com\/fr\/?s={search_term_string}"},"query-input":{"@type":"PropertyValueSpecification","valueRequired":true,"valueName":"search_term_string"}}],"inLanguage":"fr-FR"},{"@type":"Organization","@id":"https:\/\/www.miomiorun.com\/fr\/#organization","name":"MioMio Run","url":"https:\/\/www.miomiorun.com\/fr\/","logo":{"@type":"ImageObject","inLanguage":"fr-FR","@id":"https:\/\/www.miomiorun.com\/fr\/#\/schema\/logo\/image\/","url":"https:\/\/www.miomiorun.com\/app\/uploads\/2019\/12\/logomio.png","contentUrl":"https:\/\/www.miomiorun.com\/app\/uploads\/2019\/12\/logomio.png","width":115,"height":82,"caption":"MioMio Run"},"image":{"@id":"https:\/\/www.miomiorun.com\/fr\/#\/schema\/logo\/image\/"},"sameAs":["https:\/\/www.facebook.com\/miomiorun\/","https:\/\/www.instagram.com\/miomiorun\/"]}]}},"_links":{"self":[{"href":"https:\/\/www.miomiorun.com\/fr\/wp-json\/wp\/v2\/product\/275743","targetHints":{"allow":["GET"]}}],"collection":[{"href":"https:\/\/www.miomiorun.com\/fr\/wp-json\/wp\/v2\/product"}],"about":[{"href":"https:\/\/www.miomiorun.com\/fr\/wp-json\/wp\/v2\/types\/product"}],"wp:featuredmedia":[{"embeddable":true,"href":"https:\/\/www.miomiorun.com\/fr\/wp-json\/wp\/v2\/media\/230501"}],"wp:attachment":[{"href":"https:\/\/www.miomiorun.com\/fr\/wp-json\/wp\/v2\/media?parent=275743"}],"wp:term":[{"taxonomy":"product_brand","embeddable":true,"href":"https:\/\/www.miomiorun.com\/fr\/wp-json\/wp\/v2\/product_brand?post=275743"},{"taxonomy":"product_cat","embeddable":true,"href":"https:\/\/www.miomiorun.com\/fr\/wp-json\/wp\/v2\/product_cat?post=275743"},{"taxonomy":"product_tag","embeddable":true,"href":"https:\/\/www.miomiorun.com\/fr\/wp-json\/wp\/v2\/product_tag?post=275743"}],"curies":[{"name":"wp","href":"https:\/\/api.w.org\/{rel}","templated":true}]}}