{"id":275698,"date":"2020-09-29T11:45:55","date_gmt":"2020-09-29T09:45:55","guid":{"rendered":"https:\/\/miomiorun.com\/prodotto\/nathan-run-laces\/"},"modified":"2026-01-21T11:02:15","modified_gmt":"2026-01-21T10:02:15","slug":"nathan-run-laces","status":"publish","type":"product","link":"https:\/\/www.miomiorun.com\/fr\/produit\/nathan-run-laces\/","title":{"rendered":"Run Laces"},"content":{"rendered":"<p><span style=\"font-weight: 400\">Les lacets haute performance Run Laces de Nathan sont ultra-adh\u00e9rents, \u00e9lastiques et faciles et rapides \u00e0 utiliser. Alors que les lacets de chaussures normaux se desserrent souvent tout seuls, les lacets Run Laces restent exactement l\u00e0 o\u00f9 vous le souhaitez. Lorsque vous enfilez vos chaussures, vous n&#8217;avez plus \u00e0 vous soucier de savoir si le la\u00e7age est trop serr\u00e9 ou trop l\u00e2che. Il suffit de les ajuster une seule fois. La solution id\u00e9ale non seulement pour les coureurs ou les triathl\u00e8tes qui veulent gagner du temps dans la zone de transition, mais aussi pour les randonneurs, les enfants et les personnes \u00e2g\u00e9es. <\/span><\/p>\n<div class=\"elementor-element elementor-element-89d76f1 elementor-column elementor-col-50 elementor-inner-column\" data-id=\"89d76f1\" data-element_type=\"column\">\n<div class=\"elementor-column-wrap elementor-element-populated\">\n<div class=\"elementor-widget-wrap\">\n<div class=\"elementor-element elementor-element-b1edc53 elementor-widget elementor-widget-heading\" data-id=\"b1edc53\" data-element_type=\"widget\" data-widget_type=\"heading.default\">\n<div class=\"elementor-widget-container\">\n<h3 class=\"elementor-heading-title elementor-size-default\">Les lacets ultra-s\u00e9curis\u00e9s, ultra-adh\u00e9rents et \u00e9lastiques sont la solution id\u00e9ale pour lacer des chaussures sans lacets. <\/h3>\n<\/div>\n<\/div>\n<div class=\"elementor-element elementor-element-1303bb0 elementor-icon-list--layout-traditional elementor-widget elementor-widget-icon-list\" data-id=\"1303bb0\" data-element_type=\"widget\" data-widget_type=\"icon-list.default\">\n<div class=\"elementor-widget-container\">\n<ul class=\"elementor-icon-list-items\">\n<li class=\"elementor-icon-list-item\"><i class=\"far fa-check-circle\" aria-hidden=\"true\" data-wg-notranslate=\"\"><\/i> <span class=\"elementor-icon-list-text\">Le syst\u00e8me de fixation exclusif maintient les lacets bien en place et bien serr\u00e9s. <\/span><\/li>\n<li class=\"elementor-icon-list-item\"><i class=\"far fa-check-circle\" aria-hidden=\"true\" data-wg-notranslate=\"\"><\/i> <span class=\"elementor-icon-list-text\">Le r\u00e9glage initial est rapide et les ajustements des lacets sont faciles. <\/span><\/li>\n<\/ul>\n<\/div>\n<\/div>\n<\/div>\n<\/div>\n<\/div>\n","protected":false},"excerpt":{"rendered":"<p><span style=\"font-weight: 400\">Ajoutez de la couleur \u00e0 vos chaussures avec ces lacets !<\/span><\/p>\n","protected":false},"featured_media":230615,"template":"","meta":{"_acf_changed":false,"inline_featured_image":false},"product_brand":[],"product_cat":[22576,22538],"product_tag":[23511],"class_list":{"0":"post-275698","1":"product","2":"type-product","3":"status-publish","4":"has-post-thumbnail","6":"product_cat-lacets","7":"product_cat-accessoires","8":"product_tag-nathan-fr","9":"pa_attivita-marcher","10":"pa_attivita-outdoor-fr","11":"pa_attivita-running-fr","12":"pa_attivita-trail-fr","13":"pa_colore-run-laces-black-fr","14":"pa_colore-run-laces-blue-fr","15":"pa_colore-run-laces-green-apple-fr","16":"pa_colore-run-laces-orange-fr","17":"pa_colore-run-laces-pink-fr","18":"pa_colore-run-laces-surf-the-web-fr","19":"pa_colore-run-laces-white-fr","20":"pa_colore-run-laces-yellow-fr","21":"pa_marca-nathan-fr","22":"pa_sesso-femme","23":"pa_sesso-homme","25":"first","26":"instock","27":"sale","28":"taxable","29":"shipping-taxable","30":"purchasable","31":"product-type-variable","32":"wvs-archive-product-wrapper"},"acf":[],"yoast_head":"<!-- This site is optimized with the Yoast SEO plugin v26.8 - https:\/\/yoast.com\/product\/yoast-seo-wordpress\/ -->\n<title>Nathan Run Laces - Lacets de course \u00e0 pied - MioMioRun .com<\/title>\n<meta name=\"description\" content=\"Ajoutez de la couleur \u00e0 vos chaussures avec ces lacets ! Id\u00e9al pour les coureurs, les randonneurs, les triathl\u00e8tes, les enfants et les personnes \u00e2g\u00e9es.\" \/>\n<meta name=\"robots\" content=\"index, follow, max-snippet:-1, max-image-preview:large, max-video-preview:-1\" \/>\n<link rel=\"canonical\" href=\"https:\/\/www.miomiorun.com\/fr\/produit\/nathan-run-laces\/\" \/>\n<meta property=\"og:locale\" content=\"fr_FR\" \/>\n<meta property=\"og:type\" content=\"article\" \/>\n<meta property=\"og:title\" content=\"Nathan Run Laces - Lacets de course \u00e0 pied - MioMioRun .com\" \/>\n<meta property=\"og:description\" content=\"Ajoutez de la couleur \u00e0 vos chaussures avec ces lacets ! Id\u00e9al pour les coureurs, les randonneurs, les triathl\u00e8tes, les enfants et les personnes \u00e2g\u00e9es.\" \/>\n<meta property=\"og:url\" content=\"https:\/\/www.miomiorun.com\/fr\/produit\/nathan-run-laces\/\" \/>\n<meta property=\"og:site_name\" content=\"MioMioRun\" \/>\n<meta property=\"article:publisher\" content=\"https:\/\/www.facebook.com\/miomiorun\/\" \/>\n<meta property=\"article:modified_time\" content=\"2026-01-21T10:02:15+00:00\" \/>\n<meta property=\"og:image\" content=\"https:\/\/www.miomiorun.com\/app\/uploads\/2020\/09\/nathan-run-laces-green.jpg\" \/>\n\t<meta property=\"og:image:width\" content=\"600\" \/>\n\t<meta property=\"og:image:height\" content=\"600\" \/>\n\t<meta property=\"og:image:type\" content=\"image\/jpeg\" \/>\n<meta name=\"twitter:card\" content=\"summary_large_image\" \/>\n<meta name=\"twitter:label1\" content=\"Est. reading time\" \/>\n\t<meta name=\"twitter:data1\" content=\"1 minute\" \/>\n<script type=\"application\/ld+json\" class=\"yoast-schema-graph\">{\"@context\":\"https:\/\/schema.org\",\"@graph\":[{\"@type\":\"WebPage\",\"@id\":\"https:\/\/www.miomiorun.com\/fr\/produit\/nathan-run-laces\/\",\"url\":\"https:\/\/www.miomiorun.com\/fr\/produit\/nathan-run-laces\/\",\"name\":\"Nathan Run Laces - Lacets de course \u00e0 pied - MioMioRun .com\",\"isPartOf\":{\"@id\":\"https:\/\/www.miomiorun.com\/fr\/#website\"},\"primaryImageOfPage\":{\"@id\":\"https:\/\/www.miomiorun.com\/fr\/produit\/nathan-run-laces\/#primaryimage\"},\"image\":{\"@id\":\"https:\/\/www.miomiorun.com\/fr\/produit\/nathan-run-laces\/#primaryimage\"},\"thumbnailUrl\":\"https:\/\/www.miomiorun.com\/app\/uploads\/2020\/09\/nathan-run-laces-green.jpg\",\"datePublished\":\"2020-09-29T09:45:55+00:00\",\"dateModified\":\"2026-01-21T10:02:15+00:00\",\"description\":\"Ajoutez de la couleur \u00e0 vos chaussures avec ces lacets ! Id\u00e9al pour les coureurs, les randonneurs, les triathl\u00e8tes, les enfants et les personnes \u00e2g\u00e9es.\",\"breadcrumb\":{\"@id\":\"https:\/\/www.miomiorun.com\/fr\/produit\/nathan-run-laces\/#breadcrumb\"},\"inLanguage\":\"fr-FR\",\"potentialAction\":[{\"@type\":\"ReadAction\",\"target\":[\"https:\/\/www.miomiorun.com\/fr\/produit\/nathan-run-laces\/\"]}]},{\"@type\":\"ImageObject\",\"inLanguage\":\"fr-FR\",\"@id\":\"https:\/\/www.miomiorun.com\/fr\/produit\/nathan-run-laces\/#primaryimage\",\"url\":\"https:\/\/www.miomiorun.com\/app\/uploads\/2020\/09\/nathan-run-laces-green.jpg\",\"contentUrl\":\"https:\/\/www.miomiorun.com\/app\/uploads\/2020\/09\/nathan-run-laces-green.jpg\",\"width\":600,\"height\":600,\"caption\":\"nathan-run-laces-green\"},{\"@type\":\"BreadcrumbList\",\"@id\":\"https:\/\/www.miomiorun.com\/fr\/produit\/nathan-run-laces\/#breadcrumb\",\"itemListElement\":[{\"@type\":\"ListItem\",\"position\":1,\"name\":\"Home\",\"item\":\"https:\/\/www.miomiorun.com\/fr\/home-page\/\"},{\"@type\":\"ListItem\",\"position\":2,\"name\":\"Shop\",\"item\":\"https:\/\/www.miomiorun.com\/shop\/\"},{\"@type\":\"ListItem\",\"position\":3,\"name\":\"Run Laces\"}]},{\"@type\":\"WebSite\",\"@id\":\"https:\/\/www.miomiorun.com\/fr\/#website\",\"url\":\"https:\/\/www.miomiorun.com\/fr\/\",\"name\":\"MioMioRun\",\"description\":\"Boutique 100% running et trail\",\"publisher\":{\"@id\":\"https:\/\/www.miomiorun.com\/fr\/#organization\"},\"potentialAction\":[{\"@type\":\"SearchAction\",\"target\":{\"@type\":\"EntryPoint\",\"urlTemplate\":\"https:\/\/www.miomiorun.com\/fr\/?s={search_term_string}\"},\"query-input\":{\"@type\":\"PropertyValueSpecification\",\"valueRequired\":true,\"valueName\":\"search_term_string\"}}],\"inLanguage\":\"fr-FR\"},{\"@type\":\"Organization\",\"@id\":\"https:\/\/www.miomiorun.com\/fr\/#organization\",\"name\":\"MioMio Run\",\"url\":\"https:\/\/www.miomiorun.com\/fr\/\",\"logo\":{\"@type\":\"ImageObject\",\"inLanguage\":\"fr-FR\",\"@id\":\"https:\/\/www.miomiorun.com\/fr\/#\/schema\/logo\/image\/\",\"url\":\"https:\/\/www.miomiorun.com\/app\/uploads\/2019\/12\/logomio.png\",\"contentUrl\":\"https:\/\/www.miomiorun.com\/app\/uploads\/2019\/12\/logomio.png\",\"width\":115,\"height\":82,\"caption\":\"MioMio Run\"},\"image\":{\"@id\":\"https:\/\/www.miomiorun.com\/fr\/#\/schema\/logo\/image\/\"},\"sameAs\":[\"https:\/\/www.facebook.com\/miomiorun\/\",\"https:\/\/www.instagram.com\/miomiorun\/\"]}]}<\/script>\n<!-- \/ Yoast SEO plugin. -->","yoast_head_json":{"title":"Nathan Run Laces - Lacets de course \u00e0 pied - MioMioRun .com","description":"Ajoutez de la couleur \u00e0 vos chaussures avec ces lacets ! Id\u00e9al pour les coureurs, les randonneurs, les triathl\u00e8tes, les enfants et les personnes \u00e2g\u00e9es.","robots":{"index":"index","follow":"follow","max-snippet":"max-snippet:-1","max-image-preview":"max-image-preview:large","max-video-preview":"max-video-preview:-1"},"canonical":"https:\/\/www.miomiorun.com\/fr\/produit\/nathan-run-laces\/","og_locale":"fr_FR","og_type":"article","og_title":"Nathan Run Laces - Lacets de course \u00e0 pied - MioMioRun .com","og_description":"Ajoutez de la couleur \u00e0 vos chaussures avec ces lacets ! Id\u00e9al pour les coureurs, les randonneurs, les triathl\u00e8tes, les enfants et les personnes \u00e2g\u00e9es.","og_url":"https:\/\/www.miomiorun.com\/fr\/produit\/nathan-run-laces\/","og_site_name":"MioMioRun","article_publisher":"https:\/\/www.facebook.com\/miomiorun\/","article_modified_time":"2026-01-21T10:02:15+00:00","og_image":[{"width":600,"height":600,"url":"https:\/\/www.miomiorun.com\/app\/uploads\/2020\/09\/nathan-run-laces-green.jpg","type":"image\/jpeg"}],"twitter_card":"summary_large_image","twitter_misc":{"Est. reading time":"1 minute"},"schema":{"@context":"https:\/\/schema.org","@graph":[{"@type":"WebPage","@id":"https:\/\/www.miomiorun.com\/fr\/produit\/nathan-run-laces\/","url":"https:\/\/www.miomiorun.com\/fr\/produit\/nathan-run-laces\/","name":"Nathan Run Laces - Lacets de course \u00e0 pied - MioMioRun .com","isPartOf":{"@id":"https:\/\/www.miomiorun.com\/fr\/#website"},"primaryImageOfPage":{"@id":"https:\/\/www.miomiorun.com\/fr\/produit\/nathan-run-laces\/#primaryimage"},"image":{"@id":"https:\/\/www.miomiorun.com\/fr\/produit\/nathan-run-laces\/#primaryimage"},"thumbnailUrl":"https:\/\/www.miomiorun.com\/app\/uploads\/2020\/09\/nathan-run-laces-green.jpg","datePublished":"2020-09-29T09:45:55+00:00","dateModified":"2026-01-21T10:02:15+00:00","description":"Ajoutez de la couleur \u00e0 vos chaussures avec ces lacets ! Id\u00e9al pour les coureurs, les randonneurs, les triathl\u00e8tes, les enfants et les personnes \u00e2g\u00e9es.","breadcrumb":{"@id":"https:\/\/www.miomiorun.com\/fr\/produit\/nathan-run-laces\/#breadcrumb"},"inLanguage":"fr-FR","potentialAction":[{"@type":"ReadAction","target":["https:\/\/www.miomiorun.com\/fr\/produit\/nathan-run-laces\/"]}]},{"@type":"ImageObject","inLanguage":"fr-FR","@id":"https:\/\/www.miomiorun.com\/fr\/produit\/nathan-run-laces\/#primaryimage","url":"https:\/\/www.miomiorun.com\/app\/uploads\/2020\/09\/nathan-run-laces-green.jpg","contentUrl":"https:\/\/www.miomiorun.com\/app\/uploads\/2020\/09\/nathan-run-laces-green.jpg","width":600,"height":600,"caption":"nathan-run-laces-green"},{"@type":"BreadcrumbList","@id":"https:\/\/www.miomiorun.com\/fr\/produit\/nathan-run-laces\/#breadcrumb","itemListElement":[{"@type":"ListItem","position":1,"name":"Home","item":"https:\/\/www.miomiorun.com\/fr\/home-page\/"},{"@type":"ListItem","position":2,"name":"Shop","item":"https:\/\/www.miomiorun.com\/shop\/"},{"@type":"ListItem","position":3,"name":"Run Laces"}]},{"@type":"WebSite","@id":"https:\/\/www.miomiorun.com\/fr\/#website","url":"https:\/\/www.miomiorun.com\/fr\/","name":"MioMioRun","description":"Boutique 100% running et trail","publisher":{"@id":"https:\/\/www.miomiorun.com\/fr\/#organization"},"potentialAction":[{"@type":"SearchAction","target":{"@type":"EntryPoint","urlTemplate":"https:\/\/www.miomiorun.com\/fr\/?s={search_term_string}"},"query-input":{"@type":"PropertyValueSpecification","valueRequired":true,"valueName":"search_term_string"}}],"inLanguage":"fr-FR"},{"@type":"Organization","@id":"https:\/\/www.miomiorun.com\/fr\/#organization","name":"MioMio Run","url":"https:\/\/www.miomiorun.com\/fr\/","logo":{"@type":"ImageObject","inLanguage":"fr-FR","@id":"https:\/\/www.miomiorun.com\/fr\/#\/schema\/logo\/image\/","url":"https:\/\/www.miomiorun.com\/app\/uploads\/2019\/12\/logomio.png","contentUrl":"https:\/\/www.miomiorun.com\/app\/uploads\/2019\/12\/logomio.png","width":115,"height":82,"caption":"MioMio Run"},"image":{"@id":"https:\/\/www.miomiorun.com\/fr\/#\/schema\/logo\/image\/"},"sameAs":["https:\/\/www.facebook.com\/miomiorun\/","https:\/\/www.instagram.com\/miomiorun\/"]}]}},"_links":{"self":[{"href":"https:\/\/www.miomiorun.com\/fr\/wp-json\/wp\/v2\/product\/275698","targetHints":{"allow":["GET"]}}],"collection":[{"href":"https:\/\/www.miomiorun.com\/fr\/wp-json\/wp\/v2\/product"}],"about":[{"href":"https:\/\/www.miomiorun.com\/fr\/wp-json\/wp\/v2\/types\/product"}],"wp:featuredmedia":[{"embeddable":true,"href":"https:\/\/www.miomiorun.com\/fr\/wp-json\/wp\/v2\/media\/230615"}],"wp:attachment":[{"href":"https:\/\/www.miomiorun.com\/fr\/wp-json\/wp\/v2\/media?parent=275698"}],"wp:term":[{"taxonomy":"product_brand","embeddable":true,"href":"https:\/\/www.miomiorun.com\/fr\/wp-json\/wp\/v2\/product_brand?post=275698"},{"taxonomy":"product_cat","embeddable":true,"href":"https:\/\/www.miomiorun.com\/fr\/wp-json\/wp\/v2\/product_cat?post=275698"},{"taxonomy":"product_tag","embeddable":true,"href":"https:\/\/www.miomiorun.com\/fr\/wp-json\/wp\/v2\/product_tag?post=275698"}],"curies":[{"name":"wp","href":"https:\/\/api.w.org\/{rel}","templated":true}]}}