{"id":275677,"date":"2020-09-30T17:26:28","date_gmt":"2020-09-30T15:26:28","guid":{"rendered":"https:\/\/miomiorun.com\/prodotto\/nathan-saferrun-ripcord\/"},"modified":"2026-01-21T11:04:23","modified_gmt":"2026-01-21T10:04:23","slug":"nathan-saferrun-ripcord","status":"publish","type":"product","link":"https:\/\/www.miomiorun.com\/fr\/produit\/nathan-saferrun-ripcord\/","title":{"rendered":"SaferRun Ripcord"},"content":{"rendered":"<p>L&#8217;alarme personnelle SaferRun Ripcord Siren est un dispositif de la taille d&#8217;un pouce qui \u00e9met un son en cas d&#8217;urgence. Il suffit de tirer sur une languette pour d\u00e9clencher une alarme de 120 dB qui signale que le coureur est en danger, aussi forte qu&#8217;une sir\u00e8ne d&#8217;ambulance et audible \u00e0 plus de 180 m\u00e8tres. Ce petit syst\u00e8me d&#8217;alarme est un moyen de dissuasion et peut alerter les autres en cas d&#8217;accident.<\/p>\n<div class=\"elementor-element elementor-element-501e720 elementor-column elementor-col-50 elementor-inner-column\" data-id=\"501e720\" data-element_type=\"column\">\n<div class=\"elementor-column-wrap elementor-element-populated\">\n<div class=\"elementor-widget-wrap\">\n<div class=\"elementor-element elementor-element-d87518f elementor-widget elementor-widget-heading\" data-id=\"d87518f\" data-element_type=\"widget\" data-widget_type=\"heading.default\">\n<div class=\"elementor-widget-container\">\n<h3 class=\"elementor-heading-title elementor-size-default\">Votre petit garde du corps personnel ! Tr\u00e8s bruyant, facile \u00e0 utiliser et rapide !<\/h3>\n<\/div>\n<\/div>\n<div class=\"elementor-element elementor-element-675b9bd elementor-icon-list--layout-traditional elementor-widget elementor-widget-icon-list\" data-id=\"675b9bd\" data-element_type=\"widget\" data-widget_type=\"icon-list.default\">\n<div class=\"elementor-widget-container\">\n<ul class=\"elementor-icon-list-items\">\n<li class=\"elementor-icon-list-item\"><i class=\"far fa-check-circle\" aria-hidden=\"true\" data-wg-notranslate=\"\"><\/i> <span class=\"elementor-icon-list-text\">Clip de s\u00e9curit\u00e9 pour courir, marcher, faire de la randonn\u00e9e, du v\u00e9lo ou m\u00eame une promenade en ville et plus encore<\/span><\/li>\n<li class=\"elementor-icon-list-item\"><i class=\"far fa-check-circle\" aria-hidden=\"true\" data-wg-notranslate=\"\"><\/i> <span class=\"elementor-icon-list-text\">Alarme personnelle de 120 db : audible \u00e0 plus de 180 m\u00e8tres<\/span><\/li>\n<li class=\"elementor-icon-list-item\"><i class=\"far fa-check-circle\" aria-hidden=\"true\" data-wg-notranslate=\"\"><\/i> <span class=\"elementor-icon-list-text\">R\u00e9utilisable et tr\u00e8s simple \u00e0 utiliser ! Vous pouvez le tester, l&#8217;essayer et apprendre \u00e0 l&#8217;utiliser avant d&#8217;en avoir besoin !<\/span><\/li>\n<li class=\"elementor-icon-list-item\"><i class=\"far fa-check-circle\" aria-hidden=\"true\" data-wg-notranslate=\"\"><\/i> <span class=\"elementor-icon-list-text\">Tirez pour l&#8217;activer si vous vous sentez mal \u00e0 l&#8217;aise ou en cas d&#8217;urgence pour avertir les autres de votre malaise. \u00c9teignez-le et r\u00e9utilisez-le si n\u00e9cessaire.<\/span><\/li>\n<\/ul>\n<\/div>\n<\/div>\n<\/div>\n<\/div>\n<\/div>\n","protected":false},"excerpt":{"rendered":"<p>L&#8217;alarme personnelle SaferRun Ripcord Siren est un dispositif de la taille d&#8217;un pouce qui \u00e9met un son en cas d&#8217;urgence. Il suffit de tirer sur une languette pour d\u00e9clencher une alarme de 120 dB qui signale que le coureur est en danger, aussi forte qu&#8217;une sir\u00e8ne d&#8217;ambulance et audible \u00e0 plus de 180 m\u00e8tres. Ce &hellip; <a href=\"https:\/\/www.miomiorun.com\/fr\/produit\/nathan-saferrun-ripcord\/\">Continued<\/a><\/p>\n","protected":false},"featured_media":230641,"template":"","meta":{"_acf_changed":false,"inline_featured_image":false},"product_brand":[],"product_cat":[22586,22538],"product_tag":[23511],"class_list":{"0":"post-275677","1":"product","2":"type-product","3":"status-publish","4":"has-post-thumbnail","6":"product_cat-divers","7":"product_cat-accessoires","8":"product_tag-nathan-fr","10":"first","11":"instock","12":"sale","13":"taxable","14":"shipping-taxable","15":"purchasable","16":"product-type-simple"},"acf":[],"yoast_head":"<!-- This site is optimized with the Yoast SEO plugin v26.8 - https:\/\/yoast.com\/product\/yoast-seo-wordpress\/ -->\n<title>Nathan SaferRun Ripcord - Accessoires de course \u00e0 pied - MioMioRun<\/title>\n<meta name=\"description\" content=\"L&#039;alarme personnelle SaferRun Ripcord Siren est un dispositif de la taille d&#039;un pouce qui \u00e9met un son en cas d&#039;urgence.\" \/>\n<meta name=\"robots\" content=\"index, follow, max-snippet:-1, max-image-preview:large, max-video-preview:-1\" \/>\n<link rel=\"canonical\" href=\"https:\/\/www.miomiorun.com\/fr\/produit\/nathan-saferrun-ripcord\/\" \/>\n<meta property=\"og:locale\" content=\"fr_FR\" \/>\n<meta property=\"og:type\" content=\"article\" \/>\n<meta property=\"og:title\" content=\"Nathan SaferRun Ripcord - Accessoires de course \u00e0 pied - MioMioRun\" \/>\n<meta property=\"og:description\" content=\"L&#039;alarme personnelle SaferRun Ripcord Siren est un dispositif de la taille d&#039;un pouce qui \u00e9met un son en cas d&#039;urgence.\" \/>\n<meta property=\"og:url\" content=\"https:\/\/www.miomiorun.com\/fr\/produit\/nathan-saferrun-ripcord\/\" \/>\n<meta property=\"og:site_name\" content=\"MioMioRun\" \/>\n<meta property=\"article:publisher\" content=\"https:\/\/www.facebook.com\/miomiorun\/\" \/>\n<meta property=\"article:modified_time\" content=\"2026-01-21T10:04:23+00:00\" \/>\n<meta property=\"og:image\" content=\"https:\/\/www.miomiorun.com\/app\/uploads\/2020\/09\/nathan-Ripcord-Alarm.jpg\" \/>\n\t<meta property=\"og:image:width\" content=\"600\" \/>\n\t<meta property=\"og:image:height\" content=\"600\" \/>\n\t<meta property=\"og:image:type\" content=\"image\/jpeg\" \/>\n<meta name=\"twitter:card\" content=\"summary_large_image\" \/>\n<meta name=\"twitter:label1\" content=\"Est. reading time\" \/>\n\t<meta name=\"twitter:data1\" content=\"1 minute\" \/>\n<script type=\"application\/ld+json\" class=\"yoast-schema-graph\">{\"@context\":\"https:\/\/schema.org\",\"@graph\":[{\"@type\":\"WebPage\",\"@id\":\"https:\/\/www.miomiorun.com\/fr\/produit\/nathan-saferrun-ripcord\/\",\"url\":\"https:\/\/www.miomiorun.com\/fr\/produit\/nathan-saferrun-ripcord\/\",\"name\":\"Nathan SaferRun Ripcord - Accessoires de course \u00e0 pied - MioMioRun\",\"isPartOf\":{\"@id\":\"https:\/\/www.miomiorun.com\/fr\/#website\"},\"primaryImageOfPage\":{\"@id\":\"https:\/\/www.miomiorun.com\/fr\/produit\/nathan-saferrun-ripcord\/#primaryimage\"},\"image\":{\"@id\":\"https:\/\/www.miomiorun.com\/fr\/produit\/nathan-saferrun-ripcord\/#primaryimage\"},\"thumbnailUrl\":\"https:\/\/www.miomiorun.com\/app\/uploads\/2020\/09\/nathan-Ripcord-Alarm.jpg\",\"datePublished\":\"2020-09-30T15:26:28+00:00\",\"dateModified\":\"2026-01-21T10:04:23+00:00\",\"description\":\"L'alarme personnelle SaferRun Ripcord Siren est un dispositif de la taille d'un pouce qui \u00e9met un son en cas d'urgence.\",\"breadcrumb\":{\"@id\":\"https:\/\/www.miomiorun.com\/fr\/produit\/nathan-saferrun-ripcord\/#breadcrumb\"},\"inLanguage\":\"fr-FR\",\"potentialAction\":[{\"@type\":\"ReadAction\",\"target\":[\"https:\/\/www.miomiorun.com\/fr\/produit\/nathan-saferrun-ripcord\/\"]}]},{\"@type\":\"ImageObject\",\"inLanguage\":\"fr-FR\",\"@id\":\"https:\/\/www.miomiorun.com\/fr\/produit\/nathan-saferrun-ripcord\/#primaryimage\",\"url\":\"https:\/\/www.miomiorun.com\/app\/uploads\/2020\/09\/nathan-Ripcord-Alarm.jpg\",\"contentUrl\":\"https:\/\/www.miomiorun.com\/app\/uploads\/2020\/09\/nathan-Ripcord-Alarm.jpg\",\"width\":600,\"height\":600,\"caption\":\"nathan-Ripcord-Alarm\"},{\"@type\":\"BreadcrumbList\",\"@id\":\"https:\/\/www.miomiorun.com\/fr\/produit\/nathan-saferrun-ripcord\/#breadcrumb\",\"itemListElement\":[{\"@type\":\"ListItem\",\"position\":1,\"name\":\"Home\",\"item\":\"https:\/\/www.miomiorun.com\/fr\/home-page\/\"},{\"@type\":\"ListItem\",\"position\":2,\"name\":\"Shop\",\"item\":\"https:\/\/www.miomiorun.com\/shop\/\"},{\"@type\":\"ListItem\",\"position\":3,\"name\":\"SaferRun Ripcord\"}]},{\"@type\":\"WebSite\",\"@id\":\"https:\/\/www.miomiorun.com\/fr\/#website\",\"url\":\"https:\/\/www.miomiorun.com\/fr\/\",\"name\":\"MioMioRun\",\"description\":\"Boutique 100% running et trail\",\"publisher\":{\"@id\":\"https:\/\/www.miomiorun.com\/fr\/#organization\"},\"potentialAction\":[{\"@type\":\"SearchAction\",\"target\":{\"@type\":\"EntryPoint\",\"urlTemplate\":\"https:\/\/www.miomiorun.com\/fr\/?s={search_term_string}\"},\"query-input\":{\"@type\":\"PropertyValueSpecification\",\"valueRequired\":true,\"valueName\":\"search_term_string\"}}],\"inLanguage\":\"fr-FR\"},{\"@type\":\"Organization\",\"@id\":\"https:\/\/www.miomiorun.com\/fr\/#organization\",\"name\":\"MioMio Run\",\"url\":\"https:\/\/www.miomiorun.com\/fr\/\",\"logo\":{\"@type\":\"ImageObject\",\"inLanguage\":\"fr-FR\",\"@id\":\"https:\/\/www.miomiorun.com\/fr\/#\/schema\/logo\/image\/\",\"url\":\"https:\/\/www.miomiorun.com\/app\/uploads\/2019\/12\/logomio.png\",\"contentUrl\":\"https:\/\/www.miomiorun.com\/app\/uploads\/2019\/12\/logomio.png\",\"width\":115,\"height\":82,\"caption\":\"MioMio Run\"},\"image\":{\"@id\":\"https:\/\/www.miomiorun.com\/fr\/#\/schema\/logo\/image\/\"},\"sameAs\":[\"https:\/\/www.facebook.com\/miomiorun\/\",\"https:\/\/www.instagram.com\/miomiorun\/\"]}]}<\/script>\n<!-- \/ Yoast SEO plugin. -->","yoast_head_json":{"title":"Nathan SaferRun Ripcord - Accessoires de course \u00e0 pied - MioMioRun","description":"L'alarme personnelle SaferRun Ripcord Siren est un dispositif de la taille d'un pouce qui \u00e9met un son en cas d'urgence.","robots":{"index":"index","follow":"follow","max-snippet":"max-snippet:-1","max-image-preview":"max-image-preview:large","max-video-preview":"max-video-preview:-1"},"canonical":"https:\/\/www.miomiorun.com\/fr\/produit\/nathan-saferrun-ripcord\/","og_locale":"fr_FR","og_type":"article","og_title":"Nathan SaferRun Ripcord - Accessoires de course \u00e0 pied - MioMioRun","og_description":"L'alarme personnelle SaferRun Ripcord Siren est un dispositif de la taille d'un pouce qui \u00e9met un son en cas d'urgence.","og_url":"https:\/\/www.miomiorun.com\/fr\/produit\/nathan-saferrun-ripcord\/","og_site_name":"MioMioRun","article_publisher":"https:\/\/www.facebook.com\/miomiorun\/","article_modified_time":"2026-01-21T10:04:23+00:00","og_image":[{"width":600,"height":600,"url":"https:\/\/www.miomiorun.com\/app\/uploads\/2020\/09\/nathan-Ripcord-Alarm.jpg","type":"image\/jpeg"}],"twitter_card":"summary_large_image","twitter_misc":{"Est. reading time":"1 minute"},"schema":{"@context":"https:\/\/schema.org","@graph":[{"@type":"WebPage","@id":"https:\/\/www.miomiorun.com\/fr\/produit\/nathan-saferrun-ripcord\/","url":"https:\/\/www.miomiorun.com\/fr\/produit\/nathan-saferrun-ripcord\/","name":"Nathan SaferRun Ripcord - Accessoires de course \u00e0 pied - MioMioRun","isPartOf":{"@id":"https:\/\/www.miomiorun.com\/fr\/#website"},"primaryImageOfPage":{"@id":"https:\/\/www.miomiorun.com\/fr\/produit\/nathan-saferrun-ripcord\/#primaryimage"},"image":{"@id":"https:\/\/www.miomiorun.com\/fr\/produit\/nathan-saferrun-ripcord\/#primaryimage"},"thumbnailUrl":"https:\/\/www.miomiorun.com\/app\/uploads\/2020\/09\/nathan-Ripcord-Alarm.jpg","datePublished":"2020-09-30T15:26:28+00:00","dateModified":"2026-01-21T10:04:23+00:00","description":"L'alarme personnelle SaferRun Ripcord Siren est un dispositif de la taille d'un pouce qui \u00e9met un son en cas d'urgence.","breadcrumb":{"@id":"https:\/\/www.miomiorun.com\/fr\/produit\/nathan-saferrun-ripcord\/#breadcrumb"},"inLanguage":"fr-FR","potentialAction":[{"@type":"ReadAction","target":["https:\/\/www.miomiorun.com\/fr\/produit\/nathan-saferrun-ripcord\/"]}]},{"@type":"ImageObject","inLanguage":"fr-FR","@id":"https:\/\/www.miomiorun.com\/fr\/produit\/nathan-saferrun-ripcord\/#primaryimage","url":"https:\/\/www.miomiorun.com\/app\/uploads\/2020\/09\/nathan-Ripcord-Alarm.jpg","contentUrl":"https:\/\/www.miomiorun.com\/app\/uploads\/2020\/09\/nathan-Ripcord-Alarm.jpg","width":600,"height":600,"caption":"nathan-Ripcord-Alarm"},{"@type":"BreadcrumbList","@id":"https:\/\/www.miomiorun.com\/fr\/produit\/nathan-saferrun-ripcord\/#breadcrumb","itemListElement":[{"@type":"ListItem","position":1,"name":"Home","item":"https:\/\/www.miomiorun.com\/fr\/home-page\/"},{"@type":"ListItem","position":2,"name":"Shop","item":"https:\/\/www.miomiorun.com\/shop\/"},{"@type":"ListItem","position":3,"name":"SaferRun Ripcord"}]},{"@type":"WebSite","@id":"https:\/\/www.miomiorun.com\/fr\/#website","url":"https:\/\/www.miomiorun.com\/fr\/","name":"MioMioRun","description":"Boutique 100% running et trail","publisher":{"@id":"https:\/\/www.miomiorun.com\/fr\/#organization"},"potentialAction":[{"@type":"SearchAction","target":{"@type":"EntryPoint","urlTemplate":"https:\/\/www.miomiorun.com\/fr\/?s={search_term_string}"},"query-input":{"@type":"PropertyValueSpecification","valueRequired":true,"valueName":"search_term_string"}}],"inLanguage":"fr-FR"},{"@type":"Organization","@id":"https:\/\/www.miomiorun.com\/fr\/#organization","name":"MioMio Run","url":"https:\/\/www.miomiorun.com\/fr\/","logo":{"@type":"ImageObject","inLanguage":"fr-FR","@id":"https:\/\/www.miomiorun.com\/fr\/#\/schema\/logo\/image\/","url":"https:\/\/www.miomiorun.com\/app\/uploads\/2019\/12\/logomio.png","contentUrl":"https:\/\/www.miomiorun.com\/app\/uploads\/2019\/12\/logomio.png","width":115,"height":82,"caption":"MioMio Run"},"image":{"@id":"https:\/\/www.miomiorun.com\/fr\/#\/schema\/logo\/image\/"},"sameAs":["https:\/\/www.facebook.com\/miomiorun\/","https:\/\/www.instagram.com\/miomiorun\/"]}]}},"_links":{"self":[{"href":"https:\/\/www.miomiorun.com\/fr\/wp-json\/wp\/v2\/product\/275677","targetHints":{"allow":["GET"]}}],"collection":[{"href":"https:\/\/www.miomiorun.com\/fr\/wp-json\/wp\/v2\/product"}],"about":[{"href":"https:\/\/www.miomiorun.com\/fr\/wp-json\/wp\/v2\/types\/product"}],"wp:featuredmedia":[{"embeddable":true,"href":"https:\/\/www.miomiorun.com\/fr\/wp-json\/wp\/v2\/media\/230641"}],"wp:attachment":[{"href":"https:\/\/www.miomiorun.com\/fr\/wp-json\/wp\/v2\/media?parent=275677"}],"wp:term":[{"taxonomy":"product_brand","embeddable":true,"href":"https:\/\/www.miomiorun.com\/fr\/wp-json\/wp\/v2\/product_brand?post=275677"},{"taxonomy":"product_cat","embeddable":true,"href":"https:\/\/www.miomiorun.com\/fr\/wp-json\/wp\/v2\/product_cat?post=275677"},{"taxonomy":"product_tag","embeddable":true,"href":"https:\/\/www.miomiorun.com\/fr\/wp-json\/wp\/v2\/product_tag?post=275677"}],"curies":[{"name":"wp","href":"https:\/\/api.w.org\/{rel}","templated":true}]}}