{"id":275666,"date":"2020-09-12T10:08:34","date_gmt":"2020-09-12T08:08:34","guid":{"rendered":"https:\/\/miomiorun.com\/prodotto\/nathan-vaporhowe-4-liter-womens-race-vest\/"},"modified":"2026-01-24T09:33:00","modified_gmt":"2026-01-24T08:33:00","slug":"nathan-vaporhowe-4-liter-womens-race-vest","status":"publish","type":"product","link":"https:\/\/www.miomiorun.com\/fr\/produit\/nathan-vaporhowe-4-liter-womens-race-vest\/","title":{"rendered":"VaporHowe 4L"},"content":{"rendered":"<p>Le gilet Vapor Howe 4L est con\u00e7u pour offrir des performances optimales. Dot\u00e9 d&#8217;une structure l\u00e9g\u00e8re et d&#8217;une conception anatomique pour un ajustement s\u00fbr, ce gilet dispose d&#8217;une poche int\u00e9rieure de 4 litres et d&#8217;une poche avant pour un acc\u00e8s rapide \u00e0 l&#8217;hydratation et \u00e0 la nutrition. Sa coupe de comp\u00e9tition offre une plus grande libert\u00e9 de mouvement. Les professionnels comme les amateurs utilisent le gilet Vapor Howe 4L pour rester au sommet de leur forme.<\/p>\n","protected":false},"excerpt":{"rendered":"<p>Le gilet Vapor Howe 4L est con\u00e7u pour offrir des performances optimales. Dot\u00e9 d&#8217;une structure l\u00e9g\u00e8re et d&#8217;une conception anatomique pour un ajustement s\u00fbr, ce gilet dispose d&#8217;une poche int\u00e9rieure de 4 litres et d&#8217;une poche avant pour un acc\u00e8s rapide \u00e0 l&#8217;hydratation et \u00e0 la nutrition. Sa coupe de comp\u00e9tition offre une plus grande &hellip; <a href=\"https:\/\/www.miomiorun.com\/fr\/produit\/nathan-vaporhowe-4-liter-womens-race-vest\/\">Continued<\/a><\/p>\n","protected":false},"featured_media":230519,"template":"","meta":{"_acf_changed":false,"inline_featured_image":false},"product_brand":[],"product_cat":[22589,22587,22538],"product_tag":[23511,23516],"class_list":{"0":"post-275666","1":"product","2":"type-product","3":"status-publish","4":"has-post-thumbnail","6":"product_cat-sacs-a-dos","7":"product_cat-sacs-a-dos-et-ceintures","8":"product_cat-accessoires","9":"product_tag-nathan-fr","10":"product_tag-nathan-femme","11":"pa_attivita-trail-fr","12":"pa_marca-nathan-fr","13":"pa_sesso-femme","14":"pa_sesso-homme","15":"pa_size-small-fr","17":"first","18":"instock","19":"sale","20":"taxable","21":"shipping-taxable","22":"purchasable","23":"product-type-variable","24":"wvs-archive-product-wrapper"},"acf":[],"yoast_head":"<!-- This site is optimized with the Yoast SEO plugin v26.8 - https:\/\/yoast.com\/product\/yoast-seo-wordpress\/ -->\n<title>Nathan VaporHowe 4L - sac \u00e0 dos de course - MioMioRun<\/title>\n<meta name=\"description\" content=\"Gilet de course l\u00e9ger et ajust\u00e9 mais respirant, con\u00e7u pour s&#039;adapter \u00e0 la silhouette f\u00e9minine et dot\u00e9 de poches avant pour les bouteilles d&#039;hydratation.\" \/>\n<meta name=\"robots\" content=\"index, follow, max-snippet:-1, max-image-preview:large, max-video-preview:-1\" \/>\n<link rel=\"canonical\" href=\"https:\/\/www.miomiorun.com\/fr\/produit\/nathan-vaporhowe-4-liter-womens-race-vest\/\" \/>\n<meta property=\"og:locale\" content=\"fr_FR\" \/>\n<meta property=\"og:type\" content=\"article\" \/>\n<meta property=\"og:title\" content=\"Nathan VaporHowe 4L - sac \u00e0 dos de course - MioMioRun\" \/>\n<meta property=\"og:description\" content=\"Gilet de course l\u00e9ger et ajust\u00e9 mais respirant, con\u00e7u pour s&#039;adapter \u00e0 la silhouette f\u00e9minine et dot\u00e9 de poches avant pour les bouteilles d&#039;hydratation.\" \/>\n<meta property=\"og:url\" content=\"https:\/\/www.miomiorun.com\/fr\/produit\/nathan-vaporhowe-4-liter-womens-race-vest\/\" \/>\n<meta property=\"og:site_name\" content=\"MioMioRun\" \/>\n<meta property=\"article:publisher\" content=\"https:\/\/www.facebook.com\/miomiorun\/\" \/>\n<meta property=\"article:modified_time\" content=\"2026-01-24T08:33:00+00:00\" \/>\n<meta property=\"og:image\" content=\"https:\/\/www.miomiorun.com\/app\/uploads\/2020\/09\/Vapor-Howe-4L.jpg\" \/>\n\t<meta property=\"og:image:width\" content=\"600\" \/>\n\t<meta property=\"og:image:height\" content=\"600\" \/>\n\t<meta property=\"og:image:type\" content=\"image\/jpeg\" \/>\n<meta name=\"twitter:card\" content=\"summary_large_image\" \/>\n<script type=\"application\/ld+json\" class=\"yoast-schema-graph\">{\"@context\":\"https:\/\/schema.org\",\"@graph\":[{\"@type\":\"WebPage\",\"@id\":\"https:\/\/www.miomiorun.com\/fr\/produit\/nathan-vaporhowe-4-liter-womens-race-vest\/\",\"url\":\"https:\/\/www.miomiorun.com\/fr\/produit\/nathan-vaporhowe-4-liter-womens-race-vest\/\",\"name\":\"Nathan VaporHowe 4L - sac \u00e0 dos de course - MioMioRun\",\"isPartOf\":{\"@id\":\"https:\/\/www.miomiorun.com\/fr\/#website\"},\"primaryImageOfPage\":{\"@id\":\"https:\/\/www.miomiorun.com\/fr\/produit\/nathan-vaporhowe-4-liter-womens-race-vest\/#primaryimage\"},\"image\":{\"@id\":\"https:\/\/www.miomiorun.com\/fr\/produit\/nathan-vaporhowe-4-liter-womens-race-vest\/#primaryimage\"},\"thumbnailUrl\":\"https:\/\/www.miomiorun.com\/app\/uploads\/2020\/09\/Vapor-Howe-4L.jpg\",\"datePublished\":\"2020-09-12T08:08:34+00:00\",\"dateModified\":\"2026-01-24T08:33:00+00:00\",\"description\":\"Gilet de course l\u00e9ger et ajust\u00e9 mais respirant, con\u00e7u pour s'adapter \u00e0 la silhouette f\u00e9minine et dot\u00e9 de poches avant pour les bouteilles d'hydratation.\",\"breadcrumb\":{\"@id\":\"https:\/\/www.miomiorun.com\/fr\/produit\/nathan-vaporhowe-4-liter-womens-race-vest\/#breadcrumb\"},\"inLanguage\":\"fr-FR\",\"potentialAction\":[{\"@type\":\"ReadAction\",\"target\":[\"https:\/\/www.miomiorun.com\/fr\/produit\/nathan-vaporhowe-4-liter-womens-race-vest\/\"]}]},{\"@type\":\"ImageObject\",\"inLanguage\":\"fr-FR\",\"@id\":\"https:\/\/www.miomiorun.com\/fr\/produit\/nathan-vaporhowe-4-liter-womens-race-vest\/#primaryimage\",\"url\":\"https:\/\/www.miomiorun.com\/app\/uploads\/2020\/09\/Vapor-Howe-4L.jpg\",\"contentUrl\":\"https:\/\/www.miomiorun.com\/app\/uploads\/2020\/09\/Vapor-Howe-4L.jpg\",\"width\":600,\"height\":600,\"caption\":\"Vapor-Howe-4L\"},{\"@type\":\"BreadcrumbList\",\"@id\":\"https:\/\/www.miomiorun.com\/fr\/produit\/nathan-vaporhowe-4-liter-womens-race-vest\/#breadcrumb\",\"itemListElement\":[{\"@type\":\"ListItem\",\"position\":1,\"name\":\"Home\",\"item\":\"https:\/\/www.miomiorun.com\/fr\/home-page\/\"},{\"@type\":\"ListItem\",\"position\":2,\"name\":\"Shop\",\"item\":\"https:\/\/www.miomiorun.com\/shop\/\"},{\"@type\":\"ListItem\",\"position\":3,\"name\":\"VaporHowe 4L\"}]},{\"@type\":\"WebSite\",\"@id\":\"https:\/\/www.miomiorun.com\/fr\/#website\",\"url\":\"https:\/\/www.miomiorun.com\/fr\/\",\"name\":\"MioMioRun\",\"description\":\"Boutique 100% running et trail\",\"publisher\":{\"@id\":\"https:\/\/www.miomiorun.com\/fr\/#organization\"},\"potentialAction\":[{\"@type\":\"SearchAction\",\"target\":{\"@type\":\"EntryPoint\",\"urlTemplate\":\"https:\/\/www.miomiorun.com\/fr\/?s={search_term_string}\"},\"query-input\":{\"@type\":\"PropertyValueSpecification\",\"valueRequired\":true,\"valueName\":\"search_term_string\"}}],\"inLanguage\":\"fr-FR\"},{\"@type\":\"Organization\",\"@id\":\"https:\/\/www.miomiorun.com\/fr\/#organization\",\"name\":\"MioMio Run\",\"url\":\"https:\/\/www.miomiorun.com\/fr\/\",\"logo\":{\"@type\":\"ImageObject\",\"inLanguage\":\"fr-FR\",\"@id\":\"https:\/\/www.miomiorun.com\/fr\/#\/schema\/logo\/image\/\",\"url\":\"https:\/\/www.miomiorun.com\/app\/uploads\/2019\/12\/logomio.png\",\"contentUrl\":\"https:\/\/www.miomiorun.com\/app\/uploads\/2019\/12\/logomio.png\",\"width\":115,\"height\":82,\"caption\":\"MioMio Run\"},\"image\":{\"@id\":\"https:\/\/www.miomiorun.com\/fr\/#\/schema\/logo\/image\/\"},\"sameAs\":[\"https:\/\/www.facebook.com\/miomiorun\/\",\"https:\/\/www.instagram.com\/miomiorun\/\"]}]}<\/script>\n<!-- \/ Yoast SEO plugin. -->","yoast_head_json":{"title":"Nathan VaporHowe 4L - sac \u00e0 dos de course - MioMioRun","description":"Gilet de course l\u00e9ger et ajust\u00e9 mais respirant, con\u00e7u pour s'adapter \u00e0 la silhouette f\u00e9minine et dot\u00e9 de poches avant pour les bouteilles d'hydratation.","robots":{"index":"index","follow":"follow","max-snippet":"max-snippet:-1","max-image-preview":"max-image-preview:large","max-video-preview":"max-video-preview:-1"},"canonical":"https:\/\/www.miomiorun.com\/fr\/produit\/nathan-vaporhowe-4-liter-womens-race-vest\/","og_locale":"fr_FR","og_type":"article","og_title":"Nathan VaporHowe 4L - sac \u00e0 dos de course - MioMioRun","og_description":"Gilet de course l\u00e9ger et ajust\u00e9 mais respirant, con\u00e7u pour s'adapter \u00e0 la silhouette f\u00e9minine et dot\u00e9 de poches avant pour les bouteilles d'hydratation.","og_url":"https:\/\/www.miomiorun.com\/fr\/produit\/nathan-vaporhowe-4-liter-womens-race-vest\/","og_site_name":"MioMioRun","article_publisher":"https:\/\/www.facebook.com\/miomiorun\/","article_modified_time":"2026-01-24T08:33:00+00:00","og_image":[{"width":600,"height":600,"url":"https:\/\/www.miomiorun.com\/app\/uploads\/2020\/09\/Vapor-Howe-4L.jpg","type":"image\/jpeg"}],"twitter_card":"summary_large_image","schema":{"@context":"https:\/\/schema.org","@graph":[{"@type":"WebPage","@id":"https:\/\/www.miomiorun.com\/fr\/produit\/nathan-vaporhowe-4-liter-womens-race-vest\/","url":"https:\/\/www.miomiorun.com\/fr\/produit\/nathan-vaporhowe-4-liter-womens-race-vest\/","name":"Nathan VaporHowe 4L - sac \u00e0 dos de course - MioMioRun","isPartOf":{"@id":"https:\/\/www.miomiorun.com\/fr\/#website"},"primaryImageOfPage":{"@id":"https:\/\/www.miomiorun.com\/fr\/produit\/nathan-vaporhowe-4-liter-womens-race-vest\/#primaryimage"},"image":{"@id":"https:\/\/www.miomiorun.com\/fr\/produit\/nathan-vaporhowe-4-liter-womens-race-vest\/#primaryimage"},"thumbnailUrl":"https:\/\/www.miomiorun.com\/app\/uploads\/2020\/09\/Vapor-Howe-4L.jpg","datePublished":"2020-09-12T08:08:34+00:00","dateModified":"2026-01-24T08:33:00+00:00","description":"Gilet de course l\u00e9ger et ajust\u00e9 mais respirant, con\u00e7u pour s'adapter \u00e0 la silhouette f\u00e9minine et dot\u00e9 de poches avant pour les bouteilles d'hydratation.","breadcrumb":{"@id":"https:\/\/www.miomiorun.com\/fr\/produit\/nathan-vaporhowe-4-liter-womens-race-vest\/#breadcrumb"},"inLanguage":"fr-FR","potentialAction":[{"@type":"ReadAction","target":["https:\/\/www.miomiorun.com\/fr\/produit\/nathan-vaporhowe-4-liter-womens-race-vest\/"]}]},{"@type":"ImageObject","inLanguage":"fr-FR","@id":"https:\/\/www.miomiorun.com\/fr\/produit\/nathan-vaporhowe-4-liter-womens-race-vest\/#primaryimage","url":"https:\/\/www.miomiorun.com\/app\/uploads\/2020\/09\/Vapor-Howe-4L.jpg","contentUrl":"https:\/\/www.miomiorun.com\/app\/uploads\/2020\/09\/Vapor-Howe-4L.jpg","width":600,"height":600,"caption":"Vapor-Howe-4L"},{"@type":"BreadcrumbList","@id":"https:\/\/www.miomiorun.com\/fr\/produit\/nathan-vaporhowe-4-liter-womens-race-vest\/#breadcrumb","itemListElement":[{"@type":"ListItem","position":1,"name":"Home","item":"https:\/\/www.miomiorun.com\/fr\/home-page\/"},{"@type":"ListItem","position":2,"name":"Shop","item":"https:\/\/www.miomiorun.com\/shop\/"},{"@type":"ListItem","position":3,"name":"VaporHowe 4L"}]},{"@type":"WebSite","@id":"https:\/\/www.miomiorun.com\/fr\/#website","url":"https:\/\/www.miomiorun.com\/fr\/","name":"MioMioRun","description":"Boutique 100% running et trail","publisher":{"@id":"https:\/\/www.miomiorun.com\/fr\/#organization"},"potentialAction":[{"@type":"SearchAction","target":{"@type":"EntryPoint","urlTemplate":"https:\/\/www.miomiorun.com\/fr\/?s={search_term_string}"},"query-input":{"@type":"PropertyValueSpecification","valueRequired":true,"valueName":"search_term_string"}}],"inLanguage":"fr-FR"},{"@type":"Organization","@id":"https:\/\/www.miomiorun.com\/fr\/#organization","name":"MioMio Run","url":"https:\/\/www.miomiorun.com\/fr\/","logo":{"@type":"ImageObject","inLanguage":"fr-FR","@id":"https:\/\/www.miomiorun.com\/fr\/#\/schema\/logo\/image\/","url":"https:\/\/www.miomiorun.com\/app\/uploads\/2019\/12\/logomio.png","contentUrl":"https:\/\/www.miomiorun.com\/app\/uploads\/2019\/12\/logomio.png","width":115,"height":82,"caption":"MioMio Run"},"image":{"@id":"https:\/\/www.miomiorun.com\/fr\/#\/schema\/logo\/image\/"},"sameAs":["https:\/\/www.facebook.com\/miomiorun\/","https:\/\/www.instagram.com\/miomiorun\/"]}]}},"_links":{"self":[{"href":"https:\/\/www.miomiorun.com\/fr\/wp-json\/wp\/v2\/product\/275666","targetHints":{"allow":["GET"]}}],"collection":[{"href":"https:\/\/www.miomiorun.com\/fr\/wp-json\/wp\/v2\/product"}],"about":[{"href":"https:\/\/www.miomiorun.com\/fr\/wp-json\/wp\/v2\/types\/product"}],"wp:featuredmedia":[{"embeddable":true,"href":"https:\/\/www.miomiorun.com\/fr\/wp-json\/wp\/v2\/media\/230519"}],"wp:attachment":[{"href":"https:\/\/www.miomiorun.com\/fr\/wp-json\/wp\/v2\/media?parent=275666"}],"wp:term":[{"taxonomy":"product_brand","embeddable":true,"href":"https:\/\/www.miomiorun.com\/fr\/wp-json\/wp\/v2\/product_brand?post=275666"},{"taxonomy":"product_cat","embeddable":true,"href":"https:\/\/www.miomiorun.com\/fr\/wp-json\/wp\/v2\/product_cat?post=275666"},{"taxonomy":"product_tag","embeddable":true,"href":"https:\/\/www.miomiorun.com\/fr\/wp-json\/wp\/v2\/product_tag?post=275666"}],"curies":[{"name":"wp","href":"https:\/\/api.w.org\/{rel}","templated":true}]}}