{"id":275632,"date":"2020-09-19T10:21:45","date_gmt":"2020-09-19T08:21:45","guid":{"rendered":"https:\/\/miomiorun.com\/prodotto\/la-sportiva-vibe-jkt-donna\/"},"modified":"2026-01-21T11:01:34","modified_gmt":"2026-01-21T10:01:34","slug":"la-sportiva-vibe-jkt-femme","status":"publish","type":"product","link":"https:\/\/www.miomiorun.com\/fr\/produit\/la-sportiva-vibe-jkt-femme\/","title":{"rendered":"Vibe Jkt femme"},"content":{"rendered":"<p>V\u00eatement l\u00e9ger aux propri\u00e9t\u00e9s thermiques, la Vibe JKT est la deuxi\u00e8me couche id\u00e9ale pour poursuivre vos activit\u00e9s de plein air m\u00eame lorsque le thermom\u00e8tre descend. La poche avant suppl\u00e9mentaire avec fermeture \u00e0 glissi\u00e8re la rend encore plus polyvalente.<\/p>\n<p>+ Ouverture frontale avec fermeture \u00e0 glissi\u00e8re<br \/>\n+ Poche avant avec fermeture \u00e0 glissi\u00e8re<br \/>\n+ Anti-odeurs et antibact\u00e9rien (Polygiene\u00ae)<br \/>\n+ Trou pour le pouce dans le poignet<\/p>\n<p><b>Coupe : <\/b>Regular<br \/>\n<b>Mat\u00e9riaux : <\/b>Principal : (DUF12) 94 % polyester, 6 % \u00e9lasthanne<br \/>\n<b>Poids : <\/b>285 g (M)<\/p>\n","protected":false},"excerpt":{"rendered":"<p>V\u00eatement l\u00e9ger aux propri\u00e9t\u00e9s thermiques, la Vibe JKT est la deuxi\u00e8me couche id\u00e9ale pour poursuivre vos activit\u00e9s de plein air m\u00eame lorsque le thermom\u00e8tre descend. La poche avant suppl\u00e9mentaire avec fermeture \u00e0 glissi\u00e8re la rend encore plus polyvalente. + Ouverture frontale avec fermeture \u00e0 glissi\u00e8re + Poche avant avec fermeture \u00e0 glissi\u00e8re + Anti-odeurs et &hellip; <a href=\"https:\/\/www.miomiorun.com\/fr\/produit\/la-sportiva-vibe-jkt-femme\/\">Continued<\/a><\/p>\n","protected":false},"featured_media":230559,"template":"","meta":{"_acf_changed":false,"inline_featured_image":false},"product_brand":[],"product_cat":[24439,24444],"product_tag":[23597,23601],"class_list":{"0":"post-275632","1":"product","2":"type-product","3":"status-publish","4":"has-post-thumbnail","6":"product_cat-maillots-fr","7":"product_cat-vetements-pour-femmes-fr","8":"product_tag-la-sportiva-fr","9":"product_tag-la-sportiva-femme","10":"pa_attivita-marcher","11":"pa_attivita-outdoor-fr","12":"pa_colore-vibe-jkt-w-opal-pacific-blue-fr","13":"pa_marca-la-sportiva-fr","14":"pa_sesso-femme","15":"pa_size-small-fr","17":"first","18":"instock","19":"sale","20":"taxable","21":"shipping-taxable","22":"purchasable","23":"product-type-variable","24":"wvs-archive-product-wrapper"},"acf":[],"yoast_head":"<!-- This site is optimized with the Yoast SEO plugin v26.8 - https:\/\/yoast.com\/product\/yoast-seo-wordpress\/ -->\n<title>La Sportiva Vibe Jkt femme - Maillot de course \u00e0 pied - MioMioRun<\/title>\n<meta name=\"description\" content=\"V\u00eatement l\u00e9ger aux propri\u00e9t\u00e9s thermiques, la Vibe JKT est la deuxi\u00e8me couche id\u00e9ale pour poursuivre vos activit\u00e9s de plein air m\u00eame lorsque le thermom\u00e8tre descend.\" \/>\n<meta name=\"robots\" content=\"index, follow, max-snippet:-1, max-image-preview:large, max-video-preview:-1\" \/>\n<link rel=\"canonical\" href=\"https:\/\/www.miomiorun.com\/fr\/produit\/la-sportiva-vibe-jkt-femme\/\" \/>\n<meta property=\"og:locale\" content=\"fr_FR\" \/>\n<meta property=\"og:type\" content=\"article\" \/>\n<meta property=\"og:title\" content=\"La Sportiva Vibe Jkt femme - Maillot de course \u00e0 pied - MioMioRun\" \/>\n<meta property=\"og:description\" content=\"V\u00eatement l\u00e9ger aux propri\u00e9t\u00e9s thermiques, la Vibe JKT est la deuxi\u00e8me couche id\u00e9ale pour poursuivre vos activit\u00e9s de plein air m\u00eame lorsque le thermom\u00e8tre descend.\" \/>\n<meta property=\"og:url\" content=\"https:\/\/www.miomiorun.com\/fr\/produit\/la-sportiva-vibe-jkt-femme\/\" \/>\n<meta property=\"og:site_name\" content=\"MioMioRun\" \/>\n<meta property=\"article:publisher\" content=\"https:\/\/www.facebook.com\/miomiorun\/\" \/>\n<meta property=\"article:modified_time\" content=\"2026-01-21T10:01:34+00:00\" \/>\n<meta property=\"og:image\" content=\"https:\/\/www.miomiorun.com\/app\/uploads\/2020\/09\/la-sportiva-Vibe-JKT-Q01618621.jpg\" \/>\n\t<meta property=\"og:image:width\" content=\"600\" \/>\n\t<meta property=\"og:image:height\" content=\"600\" \/>\n\t<meta property=\"og:image:type\" content=\"image\/jpeg\" \/>\n<meta name=\"twitter:card\" content=\"summary_large_image\" \/>\n<script type=\"application\/ld+json\" class=\"yoast-schema-graph\">{\"@context\":\"https:\/\/schema.org\",\"@graph\":[{\"@type\":\"WebPage\",\"@id\":\"https:\/\/www.miomiorun.com\/fr\/produit\/la-sportiva-vibe-jkt-femme\/\",\"url\":\"https:\/\/www.miomiorun.com\/fr\/produit\/la-sportiva-vibe-jkt-femme\/\",\"name\":\"La Sportiva Vibe Jkt femme - Maillot de course \u00e0 pied - MioMioRun\",\"isPartOf\":{\"@id\":\"https:\/\/www.miomiorun.com\/fr\/#website\"},\"primaryImageOfPage\":{\"@id\":\"https:\/\/www.miomiorun.com\/fr\/produit\/la-sportiva-vibe-jkt-femme\/#primaryimage\"},\"image\":{\"@id\":\"https:\/\/www.miomiorun.com\/fr\/produit\/la-sportiva-vibe-jkt-femme\/#primaryimage\"},\"thumbnailUrl\":\"https:\/\/www.miomiorun.com\/app\/uploads\/2020\/09\/la-sportiva-Vibe-JKT-Q01618621.jpg\",\"datePublished\":\"2020-09-19T08:21:45+00:00\",\"dateModified\":\"2026-01-21T10:01:34+00:00\",\"description\":\"V\u00eatement l\u00e9ger aux propri\u00e9t\u00e9s thermiques, la Vibe JKT est la deuxi\u00e8me couche id\u00e9ale pour poursuivre vos activit\u00e9s de plein air m\u00eame lorsque le thermom\u00e8tre descend.\",\"breadcrumb\":{\"@id\":\"https:\/\/www.miomiorun.com\/fr\/produit\/la-sportiva-vibe-jkt-femme\/#breadcrumb\"},\"inLanguage\":\"fr-FR\",\"potentialAction\":[{\"@type\":\"ReadAction\",\"target\":[\"https:\/\/www.miomiorun.com\/fr\/produit\/la-sportiva-vibe-jkt-femme\/\"]}]},{\"@type\":\"ImageObject\",\"inLanguage\":\"fr-FR\",\"@id\":\"https:\/\/www.miomiorun.com\/fr\/produit\/la-sportiva-vibe-jkt-femme\/#primaryimage\",\"url\":\"https:\/\/www.miomiorun.com\/app\/uploads\/2020\/09\/la-sportiva-Vibe-JKT-Q01618621.jpg\",\"contentUrl\":\"https:\/\/www.miomiorun.com\/app\/uploads\/2020\/09\/la-sportiva-Vibe-JKT-Q01618621.jpg\",\"width\":600,\"height\":600,\"caption\":\"la-sportiva-Vibe-JKT-Q01618621\"},{\"@type\":\"BreadcrumbList\",\"@id\":\"https:\/\/www.miomiorun.com\/fr\/produit\/la-sportiva-vibe-jkt-femme\/#breadcrumb\",\"itemListElement\":[{\"@type\":\"ListItem\",\"position\":1,\"name\":\"Home\",\"item\":\"https:\/\/www.miomiorun.com\/fr\/home-page\/\"},{\"@type\":\"ListItem\",\"position\":2,\"name\":\"Shop\",\"item\":\"https:\/\/www.miomiorun.com\/shop\/\"},{\"@type\":\"ListItem\",\"position\":3,\"name\":\"Vibe Jkt femme\"}]},{\"@type\":\"WebSite\",\"@id\":\"https:\/\/www.miomiorun.com\/fr\/#website\",\"url\":\"https:\/\/www.miomiorun.com\/fr\/\",\"name\":\"MioMioRun\",\"description\":\"Boutique 100% running et trail\",\"publisher\":{\"@id\":\"https:\/\/www.miomiorun.com\/fr\/#organization\"},\"potentialAction\":[{\"@type\":\"SearchAction\",\"target\":{\"@type\":\"EntryPoint\",\"urlTemplate\":\"https:\/\/www.miomiorun.com\/fr\/?s={search_term_string}\"},\"query-input\":{\"@type\":\"PropertyValueSpecification\",\"valueRequired\":true,\"valueName\":\"search_term_string\"}}],\"inLanguage\":\"fr-FR\"},{\"@type\":\"Organization\",\"@id\":\"https:\/\/www.miomiorun.com\/fr\/#organization\",\"name\":\"MioMio Run\",\"url\":\"https:\/\/www.miomiorun.com\/fr\/\",\"logo\":{\"@type\":\"ImageObject\",\"inLanguage\":\"fr-FR\",\"@id\":\"https:\/\/www.miomiorun.com\/fr\/#\/schema\/logo\/image\/\",\"url\":\"https:\/\/www.miomiorun.com\/app\/uploads\/2019\/12\/logomio.png\",\"contentUrl\":\"https:\/\/www.miomiorun.com\/app\/uploads\/2019\/12\/logomio.png\",\"width\":115,\"height\":82,\"caption\":\"MioMio Run\"},\"image\":{\"@id\":\"https:\/\/www.miomiorun.com\/fr\/#\/schema\/logo\/image\/\"},\"sameAs\":[\"https:\/\/www.facebook.com\/miomiorun\/\",\"https:\/\/www.instagram.com\/miomiorun\/\"]}]}<\/script>\n<!-- \/ Yoast SEO plugin. -->","yoast_head_json":{"title":"La Sportiva Vibe Jkt femme - Maillot de course \u00e0 pied - MioMioRun","description":"V\u00eatement l\u00e9ger aux propri\u00e9t\u00e9s thermiques, la Vibe JKT est la deuxi\u00e8me couche id\u00e9ale pour poursuivre vos activit\u00e9s de plein air m\u00eame lorsque le thermom\u00e8tre descend.","robots":{"index":"index","follow":"follow","max-snippet":"max-snippet:-1","max-image-preview":"max-image-preview:large","max-video-preview":"max-video-preview:-1"},"canonical":"https:\/\/www.miomiorun.com\/fr\/produit\/la-sportiva-vibe-jkt-femme\/","og_locale":"fr_FR","og_type":"article","og_title":"La Sportiva Vibe Jkt femme - Maillot de course \u00e0 pied - MioMioRun","og_description":"V\u00eatement l\u00e9ger aux propri\u00e9t\u00e9s thermiques, la Vibe JKT est la deuxi\u00e8me couche id\u00e9ale pour poursuivre vos activit\u00e9s de plein air m\u00eame lorsque le thermom\u00e8tre descend.","og_url":"https:\/\/www.miomiorun.com\/fr\/produit\/la-sportiva-vibe-jkt-femme\/","og_site_name":"MioMioRun","article_publisher":"https:\/\/www.facebook.com\/miomiorun\/","article_modified_time":"2026-01-21T10:01:34+00:00","og_image":[{"width":600,"height":600,"url":"https:\/\/www.miomiorun.com\/app\/uploads\/2020\/09\/la-sportiva-Vibe-JKT-Q01618621.jpg","type":"image\/jpeg"}],"twitter_card":"summary_large_image","schema":{"@context":"https:\/\/schema.org","@graph":[{"@type":"WebPage","@id":"https:\/\/www.miomiorun.com\/fr\/produit\/la-sportiva-vibe-jkt-femme\/","url":"https:\/\/www.miomiorun.com\/fr\/produit\/la-sportiva-vibe-jkt-femme\/","name":"La Sportiva Vibe Jkt femme - Maillot de course \u00e0 pied - MioMioRun","isPartOf":{"@id":"https:\/\/www.miomiorun.com\/fr\/#website"},"primaryImageOfPage":{"@id":"https:\/\/www.miomiorun.com\/fr\/produit\/la-sportiva-vibe-jkt-femme\/#primaryimage"},"image":{"@id":"https:\/\/www.miomiorun.com\/fr\/produit\/la-sportiva-vibe-jkt-femme\/#primaryimage"},"thumbnailUrl":"https:\/\/www.miomiorun.com\/app\/uploads\/2020\/09\/la-sportiva-Vibe-JKT-Q01618621.jpg","datePublished":"2020-09-19T08:21:45+00:00","dateModified":"2026-01-21T10:01:34+00:00","description":"V\u00eatement l\u00e9ger aux propri\u00e9t\u00e9s thermiques, la Vibe JKT est la deuxi\u00e8me couche id\u00e9ale pour poursuivre vos activit\u00e9s de plein air m\u00eame lorsque le thermom\u00e8tre descend.","breadcrumb":{"@id":"https:\/\/www.miomiorun.com\/fr\/produit\/la-sportiva-vibe-jkt-femme\/#breadcrumb"},"inLanguage":"fr-FR","potentialAction":[{"@type":"ReadAction","target":["https:\/\/www.miomiorun.com\/fr\/produit\/la-sportiva-vibe-jkt-femme\/"]}]},{"@type":"ImageObject","inLanguage":"fr-FR","@id":"https:\/\/www.miomiorun.com\/fr\/produit\/la-sportiva-vibe-jkt-femme\/#primaryimage","url":"https:\/\/www.miomiorun.com\/app\/uploads\/2020\/09\/la-sportiva-Vibe-JKT-Q01618621.jpg","contentUrl":"https:\/\/www.miomiorun.com\/app\/uploads\/2020\/09\/la-sportiva-Vibe-JKT-Q01618621.jpg","width":600,"height":600,"caption":"la-sportiva-Vibe-JKT-Q01618621"},{"@type":"BreadcrumbList","@id":"https:\/\/www.miomiorun.com\/fr\/produit\/la-sportiva-vibe-jkt-femme\/#breadcrumb","itemListElement":[{"@type":"ListItem","position":1,"name":"Home","item":"https:\/\/www.miomiorun.com\/fr\/home-page\/"},{"@type":"ListItem","position":2,"name":"Shop","item":"https:\/\/www.miomiorun.com\/shop\/"},{"@type":"ListItem","position":3,"name":"Vibe Jkt femme"}]},{"@type":"WebSite","@id":"https:\/\/www.miomiorun.com\/fr\/#website","url":"https:\/\/www.miomiorun.com\/fr\/","name":"MioMioRun","description":"Boutique 100% running et trail","publisher":{"@id":"https:\/\/www.miomiorun.com\/fr\/#organization"},"potentialAction":[{"@type":"SearchAction","target":{"@type":"EntryPoint","urlTemplate":"https:\/\/www.miomiorun.com\/fr\/?s={search_term_string}"},"query-input":{"@type":"PropertyValueSpecification","valueRequired":true,"valueName":"search_term_string"}}],"inLanguage":"fr-FR"},{"@type":"Organization","@id":"https:\/\/www.miomiorun.com\/fr\/#organization","name":"MioMio Run","url":"https:\/\/www.miomiorun.com\/fr\/","logo":{"@type":"ImageObject","inLanguage":"fr-FR","@id":"https:\/\/www.miomiorun.com\/fr\/#\/schema\/logo\/image\/","url":"https:\/\/www.miomiorun.com\/app\/uploads\/2019\/12\/logomio.png","contentUrl":"https:\/\/www.miomiorun.com\/app\/uploads\/2019\/12\/logomio.png","width":115,"height":82,"caption":"MioMio Run"},"image":{"@id":"https:\/\/www.miomiorun.com\/fr\/#\/schema\/logo\/image\/"},"sameAs":["https:\/\/www.facebook.com\/miomiorun\/","https:\/\/www.instagram.com\/miomiorun\/"]}]}},"_links":{"self":[{"href":"https:\/\/www.miomiorun.com\/fr\/wp-json\/wp\/v2\/product\/275632","targetHints":{"allow":["GET"]}}],"collection":[{"href":"https:\/\/www.miomiorun.com\/fr\/wp-json\/wp\/v2\/product"}],"about":[{"href":"https:\/\/www.miomiorun.com\/fr\/wp-json\/wp\/v2\/types\/product"}],"wp:featuredmedia":[{"embeddable":true,"href":"https:\/\/www.miomiorun.com\/fr\/wp-json\/wp\/v2\/media\/230559"}],"wp:attachment":[{"href":"https:\/\/www.miomiorun.com\/fr\/wp-json\/wp\/v2\/media?parent=275632"}],"wp:term":[{"taxonomy":"product_brand","embeddable":true,"href":"https:\/\/www.miomiorun.com\/fr\/wp-json\/wp\/v2\/product_brand?post=275632"},{"taxonomy":"product_cat","embeddable":true,"href":"https:\/\/www.miomiorun.com\/fr\/wp-json\/wp\/v2\/product_cat?post=275632"},{"taxonomy":"product_tag","embeddable":true,"href":"https:\/\/www.miomiorun.com\/fr\/wp-json\/wp\/v2\/product_tag?post=275632"}],"curies":[{"name":"wp","href":"https:\/\/api.w.org\/{rel}","templated":true}]}}