{"id":275513,"date":"2020-10-03T16:13:41","date_gmt":"2020-10-03T14:13:41","guid":{"rendered":"https:\/\/miomiorun.com\/prodotto\/crazy-idea-t-shirt-flash-uomo\/"},"modified":"2026-01-21T11:05:57","modified_gmt":"2026-01-21T10:05:57","slug":"crazy-idea-t-shirt-flash-homme","status":"publish","type":"product","link":"https:\/\/www.miomiorun.com\/fr\/produit\/crazy-idea-t-shirt-flash-homme\/","title":{"rendered":"T-Shirt Flash homme"},"content":{"rendered":"<div class=\"single-product-description\">\n<p>Le t-shirt Sky a \u00e9galement \u00e9t\u00e9 pr\u00e9sent\u00e9 par Crazy au milieu des ann\u00e9es 90. Des modifications et des am\u00e9liorations successives ont fait de ce t-shirt un incontournable du Sky et du trail. Les poches sont situ\u00e9es sur les c\u00f4t\u00e9s plut\u00f4t que dans le dos, ce qui, gr\u00e2ce \u00e0 la coupe ajust\u00e9e, offre un plus grand confort pendant la course, car les objets ne \u00ab bougent \u00bb pas.<\/p>\n<p><strong>Caract\u00e9ristiques :<\/strong><\/p>\n<ul>\n<li>Longue fermeture \u00e9clair pour am\u00e9liorer la ventilation en mont\u00e9e<\/li>\n<li>Tissu \u00e0 l&#8217;avant avec traitement windblock l\u00e9ger<\/li>\n<li>4 poches lat\u00e9rales<\/li>\n<\/ul>\n<\/div>\n","protected":false},"excerpt":{"rendered":"<p>Le t-shirt Sky a \u00e9galement \u00e9t\u00e9 pr\u00e9sent\u00e9 par Crazy au milieu des ann\u00e9es 90. Des modifications et des am\u00e9liorations successives ont fait de ce t-shirt un incontournable du Sky et du trail. Les poches sont situ\u00e9es sur les c\u00f4t\u00e9s plut\u00f4t que dans le dos, ce qui, gr\u00e2ce \u00e0 la coupe ajust\u00e9e, offre un plus grand &hellip; <a href=\"https:\/\/www.miomiorun.com\/fr\/produit\/crazy-idea-t-shirt-flash-homme\/\">Continued<\/a><\/p>\n","protected":false},"featured_media":236353,"template":"","meta":{"_acf_changed":false,"inline_featured_image":false},"product_brand":[],"product_cat":[24449,24482,24484],"product_tag":[23489,23610],"class_list":{"0":"post-275513","1":"product","2":"type-product","3":"status-publish","4":"has-post-thumbnail","6":"product_cat-t-shirt-fr-3","7":"product_cat-vetements-pour-hommes-fr","8":"product_cat-homme","9":"product_tag-crazy-idea-fr","10":"product_tag-crazy-idea-homme","11":"pa_attivita-trail","12":"pa_colore-t-shirt-flash-oriente","13":"pa_marca-crazy-idea","14":"pa_sesso-uomo","15":"pa_size-small","17":"first","18":"instock","19":"sale","20":"taxable","21":"shipping-taxable","22":"purchasable","23":"product-type-variable","24":"wvs-archive-product-wrapper"},"acf":[],"yoast_head":"<!-- This site is optimized with the Yoast SEO plugin v26.8 - https:\/\/yoast.com\/product\/yoast-seo-wordpress\/ -->\n<title>Crazy Idea T-Shirt Flash homme - T-shirt de course \u00e0 pied- MioMioRun.com<\/title>\n<meta name=\"description\" content=\"Des modifications et des am\u00e9liorations ont fait de ce t-shirt un incontournable du Sky et du trail. Poches lat\u00e9rales, coupe ajust\u00e9e et confortable.\" \/>\n<meta name=\"robots\" content=\"index, follow, max-snippet:-1, max-image-preview:large, max-video-preview:-1\" \/>\n<link rel=\"canonical\" href=\"https:\/\/www.miomiorun.com\/fr\/produit\/crazy-idea-t-shirt-flash-homme\/\" \/>\n<meta property=\"og:locale\" content=\"fr_FR\" \/>\n<meta property=\"og:type\" content=\"article\" \/>\n<meta property=\"og:title\" content=\"Crazy Idea T-Shirt Flash homme - T-shirt de course \u00e0 pied- MioMioRun.com\" \/>\n<meta property=\"og:description\" content=\"Des modifications et des am\u00e9liorations ont fait de ce t-shirt un incontournable du Sky et du trail. Poches lat\u00e9rales, coupe ajust\u00e9e et confortable.\" \/>\n<meta property=\"og:url\" content=\"https:\/\/www.miomiorun.com\/fr\/produit\/crazy-idea-t-shirt-flash-homme\/\" \/>\n<meta property=\"og:site_name\" content=\"MioMioRun\" \/>\n<meta property=\"article:publisher\" content=\"https:\/\/www.facebook.com\/miomiorun\/\" \/>\n<meta property=\"article:modified_time\" content=\"2026-01-21T10:05:57+00:00\" \/>\n<meta property=\"og:image\" content=\"https:\/\/www.miomiorun.com\/app\/uploads\/2022\/05\/crazy-idea-t-shirt-flash-vento-S22095057U-0094.jpg\" \/>\n\t<meta property=\"og:image:width\" content=\"600\" \/>\n\t<meta property=\"og:image:height\" content=\"600\" \/>\n\t<meta property=\"og:image:type\" content=\"image\/jpeg\" \/>\n<meta name=\"twitter:card\" content=\"summary_large_image\" \/>\n<script type=\"application\/ld+json\" class=\"yoast-schema-graph\">{\"@context\":\"https:\/\/schema.org\",\"@graph\":[{\"@type\":\"WebPage\",\"@id\":\"https:\/\/www.miomiorun.com\/fr\/produit\/crazy-idea-t-shirt-flash-homme\/\",\"url\":\"https:\/\/www.miomiorun.com\/fr\/produit\/crazy-idea-t-shirt-flash-homme\/\",\"name\":\"Crazy Idea T-Shirt Flash homme - T-shirt de course \u00e0 pied- MioMioRun.com\",\"isPartOf\":{\"@id\":\"https:\/\/www.miomiorun.com\/fr\/#website\"},\"primaryImageOfPage\":{\"@id\":\"https:\/\/www.miomiorun.com\/fr\/produit\/crazy-idea-t-shirt-flash-homme\/#primaryimage\"},\"image\":{\"@id\":\"https:\/\/www.miomiorun.com\/fr\/produit\/crazy-idea-t-shirt-flash-homme\/#primaryimage\"},\"thumbnailUrl\":\"https:\/\/www.miomiorun.com\/app\/uploads\/2022\/05\/crazy-idea-t-shirt-flash-vento-S22095057U-0094.jpg\",\"datePublished\":\"2020-10-03T14:13:41+00:00\",\"dateModified\":\"2026-01-21T10:05:57+00:00\",\"description\":\"Des modifications et des am\u00e9liorations ont fait de ce t-shirt un incontournable du Sky et du trail. Poches lat\u00e9rales, coupe ajust\u00e9e et confortable.\",\"breadcrumb\":{\"@id\":\"https:\/\/www.miomiorun.com\/fr\/produit\/crazy-idea-t-shirt-flash-homme\/#breadcrumb\"},\"inLanguage\":\"fr-FR\",\"potentialAction\":[{\"@type\":\"ReadAction\",\"target\":[\"https:\/\/www.miomiorun.com\/fr\/produit\/crazy-idea-t-shirt-flash-homme\/\"]}]},{\"@type\":\"ImageObject\",\"inLanguage\":\"fr-FR\",\"@id\":\"https:\/\/www.miomiorun.com\/fr\/produit\/crazy-idea-t-shirt-flash-homme\/#primaryimage\",\"url\":\"https:\/\/www.miomiorun.com\/app\/uploads\/2022\/05\/crazy-idea-t-shirt-flash-vento-S22095057U-0094.jpg\",\"contentUrl\":\"https:\/\/www.miomiorun.com\/app\/uploads\/2022\/05\/crazy-idea-t-shirt-flash-vento-S22095057U-0094.jpg\",\"width\":600,\"height\":600,\"caption\":\"crazy-idea-t-shirt-flash-vento-S22095057U-0094\"},{\"@type\":\"BreadcrumbList\",\"@id\":\"https:\/\/www.miomiorun.com\/fr\/produit\/crazy-idea-t-shirt-flash-homme\/#breadcrumb\",\"itemListElement\":[{\"@type\":\"ListItem\",\"position\":1,\"name\":\"Home\",\"item\":\"https:\/\/www.miomiorun.com\/fr\/home-page\/\"},{\"@type\":\"ListItem\",\"position\":2,\"name\":\"Shop\",\"item\":\"https:\/\/www.miomiorun.com\/shop\/\"},{\"@type\":\"ListItem\",\"position\":3,\"name\":\"T-Shirt Flash homme\"}]},{\"@type\":\"WebSite\",\"@id\":\"https:\/\/www.miomiorun.com\/fr\/#website\",\"url\":\"https:\/\/www.miomiorun.com\/fr\/\",\"name\":\"MioMioRun\",\"description\":\"Boutique 100% running et trail\",\"publisher\":{\"@id\":\"https:\/\/www.miomiorun.com\/fr\/#organization\"},\"potentialAction\":[{\"@type\":\"SearchAction\",\"target\":{\"@type\":\"EntryPoint\",\"urlTemplate\":\"https:\/\/www.miomiorun.com\/fr\/?s={search_term_string}\"},\"query-input\":{\"@type\":\"PropertyValueSpecification\",\"valueRequired\":true,\"valueName\":\"search_term_string\"}}],\"inLanguage\":\"fr-FR\"},{\"@type\":\"Organization\",\"@id\":\"https:\/\/www.miomiorun.com\/fr\/#organization\",\"name\":\"MioMio Run\",\"url\":\"https:\/\/www.miomiorun.com\/fr\/\",\"logo\":{\"@type\":\"ImageObject\",\"inLanguage\":\"fr-FR\",\"@id\":\"https:\/\/www.miomiorun.com\/fr\/#\/schema\/logo\/image\/\",\"url\":\"https:\/\/www.miomiorun.com\/app\/uploads\/2019\/12\/logomio.png\",\"contentUrl\":\"https:\/\/www.miomiorun.com\/app\/uploads\/2019\/12\/logomio.png\",\"width\":115,\"height\":82,\"caption\":\"MioMio Run\"},\"image\":{\"@id\":\"https:\/\/www.miomiorun.com\/fr\/#\/schema\/logo\/image\/\"},\"sameAs\":[\"https:\/\/www.facebook.com\/miomiorun\/\",\"https:\/\/www.instagram.com\/miomiorun\/\"]}]}<\/script>\n<!-- \/ Yoast SEO plugin. -->","yoast_head_json":{"title":"Crazy Idea T-Shirt Flash homme - T-shirt de course \u00e0 pied- MioMioRun.com","description":"Des modifications et des am\u00e9liorations ont fait de ce t-shirt un incontournable du Sky et du trail. Poches lat\u00e9rales, coupe ajust\u00e9e et confortable.","robots":{"index":"index","follow":"follow","max-snippet":"max-snippet:-1","max-image-preview":"max-image-preview:large","max-video-preview":"max-video-preview:-1"},"canonical":"https:\/\/www.miomiorun.com\/fr\/produit\/crazy-idea-t-shirt-flash-homme\/","og_locale":"fr_FR","og_type":"article","og_title":"Crazy Idea T-Shirt Flash homme - T-shirt de course \u00e0 pied- MioMioRun.com","og_description":"Des modifications et des am\u00e9liorations ont fait de ce t-shirt un incontournable du Sky et du trail. Poches lat\u00e9rales, coupe ajust\u00e9e et confortable.","og_url":"https:\/\/www.miomiorun.com\/fr\/produit\/crazy-idea-t-shirt-flash-homme\/","og_site_name":"MioMioRun","article_publisher":"https:\/\/www.facebook.com\/miomiorun\/","article_modified_time":"2026-01-21T10:05:57+00:00","og_image":[{"width":600,"height":600,"url":"https:\/\/www.miomiorun.com\/app\/uploads\/2022\/05\/crazy-idea-t-shirt-flash-vento-S22095057U-0094.jpg","type":"image\/jpeg"}],"twitter_card":"summary_large_image","schema":{"@context":"https:\/\/schema.org","@graph":[{"@type":"WebPage","@id":"https:\/\/www.miomiorun.com\/fr\/produit\/crazy-idea-t-shirt-flash-homme\/","url":"https:\/\/www.miomiorun.com\/fr\/produit\/crazy-idea-t-shirt-flash-homme\/","name":"Crazy Idea T-Shirt Flash homme - T-shirt de course \u00e0 pied- MioMioRun.com","isPartOf":{"@id":"https:\/\/www.miomiorun.com\/fr\/#website"},"primaryImageOfPage":{"@id":"https:\/\/www.miomiorun.com\/fr\/produit\/crazy-idea-t-shirt-flash-homme\/#primaryimage"},"image":{"@id":"https:\/\/www.miomiorun.com\/fr\/produit\/crazy-idea-t-shirt-flash-homme\/#primaryimage"},"thumbnailUrl":"https:\/\/www.miomiorun.com\/app\/uploads\/2022\/05\/crazy-idea-t-shirt-flash-vento-S22095057U-0094.jpg","datePublished":"2020-10-03T14:13:41+00:00","dateModified":"2026-01-21T10:05:57+00:00","description":"Des modifications et des am\u00e9liorations ont fait de ce t-shirt un incontournable du Sky et du trail. Poches lat\u00e9rales, coupe ajust\u00e9e et confortable.","breadcrumb":{"@id":"https:\/\/www.miomiorun.com\/fr\/produit\/crazy-idea-t-shirt-flash-homme\/#breadcrumb"},"inLanguage":"fr-FR","potentialAction":[{"@type":"ReadAction","target":["https:\/\/www.miomiorun.com\/fr\/produit\/crazy-idea-t-shirt-flash-homme\/"]}]},{"@type":"ImageObject","inLanguage":"fr-FR","@id":"https:\/\/www.miomiorun.com\/fr\/produit\/crazy-idea-t-shirt-flash-homme\/#primaryimage","url":"https:\/\/www.miomiorun.com\/app\/uploads\/2022\/05\/crazy-idea-t-shirt-flash-vento-S22095057U-0094.jpg","contentUrl":"https:\/\/www.miomiorun.com\/app\/uploads\/2022\/05\/crazy-idea-t-shirt-flash-vento-S22095057U-0094.jpg","width":600,"height":600,"caption":"crazy-idea-t-shirt-flash-vento-S22095057U-0094"},{"@type":"BreadcrumbList","@id":"https:\/\/www.miomiorun.com\/fr\/produit\/crazy-idea-t-shirt-flash-homme\/#breadcrumb","itemListElement":[{"@type":"ListItem","position":1,"name":"Home","item":"https:\/\/www.miomiorun.com\/fr\/home-page\/"},{"@type":"ListItem","position":2,"name":"Shop","item":"https:\/\/www.miomiorun.com\/shop\/"},{"@type":"ListItem","position":3,"name":"T-Shirt Flash homme"}]},{"@type":"WebSite","@id":"https:\/\/www.miomiorun.com\/fr\/#website","url":"https:\/\/www.miomiorun.com\/fr\/","name":"MioMioRun","description":"Boutique 100% running et trail","publisher":{"@id":"https:\/\/www.miomiorun.com\/fr\/#organization"},"potentialAction":[{"@type":"SearchAction","target":{"@type":"EntryPoint","urlTemplate":"https:\/\/www.miomiorun.com\/fr\/?s={search_term_string}"},"query-input":{"@type":"PropertyValueSpecification","valueRequired":true,"valueName":"search_term_string"}}],"inLanguage":"fr-FR"},{"@type":"Organization","@id":"https:\/\/www.miomiorun.com\/fr\/#organization","name":"MioMio Run","url":"https:\/\/www.miomiorun.com\/fr\/","logo":{"@type":"ImageObject","inLanguage":"fr-FR","@id":"https:\/\/www.miomiorun.com\/fr\/#\/schema\/logo\/image\/","url":"https:\/\/www.miomiorun.com\/app\/uploads\/2019\/12\/logomio.png","contentUrl":"https:\/\/www.miomiorun.com\/app\/uploads\/2019\/12\/logomio.png","width":115,"height":82,"caption":"MioMio Run"},"image":{"@id":"https:\/\/www.miomiorun.com\/fr\/#\/schema\/logo\/image\/"},"sameAs":["https:\/\/www.facebook.com\/miomiorun\/","https:\/\/www.instagram.com\/miomiorun\/"]}]}},"_links":{"self":[{"href":"https:\/\/www.miomiorun.com\/fr\/wp-json\/wp\/v2\/product\/275513","targetHints":{"allow":["GET"]}}],"collection":[{"href":"https:\/\/www.miomiorun.com\/fr\/wp-json\/wp\/v2\/product"}],"about":[{"href":"https:\/\/www.miomiorun.com\/fr\/wp-json\/wp\/v2\/types\/product"}],"wp:featuredmedia":[{"embeddable":true,"href":"https:\/\/www.miomiorun.com\/fr\/wp-json\/wp\/v2\/media\/236353"}],"wp:attachment":[{"href":"https:\/\/www.miomiorun.com\/fr\/wp-json\/wp\/v2\/media?parent=275513"}],"wp:term":[{"taxonomy":"product_brand","embeddable":true,"href":"https:\/\/www.miomiorun.com\/fr\/wp-json\/wp\/v2\/product_brand?post=275513"},{"taxonomy":"product_cat","embeddable":true,"href":"https:\/\/www.miomiorun.com\/fr\/wp-json\/wp\/v2\/product_cat?post=275513"},{"taxonomy":"product_tag","embeddable":true,"href":"https:\/\/www.miomiorun.com\/fr\/wp-json\/wp\/v2\/product_tag?post=275513"}],"curies":[{"name":"wp","href":"https:\/\/api.w.org\/{rel}","templated":true}]}}