{"id":275454,"date":"2020-04-26T11:03:04","date_gmt":"2020-04-26T09:03:04","guid":{"rendered":"https:\/\/miomiorun.com\/prodotto\/casall-iconic-sports-bra-donna\/"},"modified":"2025-04-23T12:21:19","modified_gmt":"2025-04-23T10:21:19","slug":"casall-iconic-sports-bra-femme","status":"publish","type":"product","link":"https:\/\/www.miomiorun.com\/fr\/produit\/casall-iconic-sports-bra-femme\/","title":{"rendered":"Iconic Sports Bra femme"},"content":{"rendered":"<div class=\"single-product-description\">L&#8217;Iconic Bra est un soutien-gorge polyvalent qui peut \u00eatre utilis\u00e9 pour des activit\u00e9s \u00e0 faible ou fort impact. Sa structure tr\u00e8s solide mais souple permet une utilisation tr\u00e8s vari\u00e9e. Il est construit en deux couches : la couche int\u00e9rieure est en Tactel Micro Aquator et permet \u00e0 la transpiration d&#8217;\u00eatre transf\u00e9r\u00e9e tr\u00e8s rapidement vers l&#8217;ext\u00e9rieur, tandis que la couche ext\u00e9rieure est en polyester, ce qui permet \u00e0 la transpiration de se dilater et de s&#8217;\u00e9vaporer plus rapidement. Toutes les zones de contact avec la peau aux points de friction sont dot\u00e9es de mat\u00e9riaux extra doux et super respirants.<\/div>\n","protected":false},"excerpt":{"rendered":"<p>L&#8217;Iconic Bra est un soutien-gorge polyvalent qui peut \u00eatre utilis\u00e9 pour des activit\u00e9s \u00e0 faible ou fort impact. Sa structure tr\u00e8s solide mais souple permet une utilisation tr\u00e8s vari\u00e9e. Il est construit en deux couches : la couche int\u00e9rieure est en Tactel Micro Aquator et permet \u00e0 la transpiration d&#8217;\u00eatre transf\u00e9r\u00e9e tr\u00e8s rapidement vers l&#8217;ext\u00e9rieur, &hellip; <a href=\"https:\/\/www.miomiorun.com\/fr\/produit\/casall-iconic-sports-bra-femme\/\">Continued<\/a><\/p>\n","protected":false},"featured_media":229855,"template":"","meta":{"_acf_changed":false,"inline_featured_image":false},"product_brand":[],"product_cat":[24440,24444,24246],"product_tag":[23464,23653],"class_list":{"0":"post-275454","1":"product","2":"type-product","3":"status-publish","4":"has-post-thumbnail","6":"product_cat-sous-vetements-fr","7":"product_cat-vetements-pour-femmes-fr","8":"product_cat-offres-pour-les-femmes","9":"product_tag-casall-fr","10":"product_tag-casall-femme","11":"pa_colore-iconic-sports-bra-a-b-249-fr","12":"pa_colore-iconic-sports-bra-a-b-901-fr","13":"pa_marca-casall-fr","14":"pa_sesso-femme","15":"pa_size-extra-small-fr","16":"pa_size-small-fr","17":"pa_size-medium-fr","19":"first","20":"instock","21":"sale","22":"taxable","23":"shipping-taxable","24":"purchasable","25":"product-type-variable","26":"wvs-archive-product-wrapper"},"acf":[],"yoast_head":"<!-- This site is optimized with the Yoast SEO plugin v26.8 - https:\/\/yoast.com\/product\/yoast-seo-wordpress\/ -->\n<title>Casall Iconic Sports Bra femme - Soutien-gorge de sport - MioMioRun.com<\/title>\n<meta name=\"description\" content=\"L&#039;Iconic Bra est un soutien-gorge polyvalent qui peut \u00eatre utilis\u00e9 pour des activit\u00e9s \u00e0 faible ou fort impact. Sa structure est tr\u00e8s solide mais souple.\" \/>\n<meta name=\"robots\" content=\"index, follow, max-snippet:-1, max-image-preview:large, max-video-preview:-1\" \/>\n<link rel=\"canonical\" href=\"https:\/\/www.miomiorun.com\/fr\/produit\/casall-iconic-sports-bra-femme\/\" \/>\n<meta property=\"og:locale\" content=\"fr_FR\" \/>\n<meta property=\"og:type\" content=\"article\" \/>\n<meta property=\"og:title\" content=\"Casall Iconic Sports Bra femme - Soutien-gorge de sport - MioMioRun.com\" \/>\n<meta property=\"og:description\" content=\"L&#039;Iconic Bra est un soutien-gorge polyvalent qui peut \u00eatre utilis\u00e9 pour des activit\u00e9s \u00e0 faible ou fort impact. Sa structure est tr\u00e8s solide mais souple.\" \/>\n<meta property=\"og:url\" content=\"https:\/\/www.miomiorun.com\/fr\/produit\/casall-iconic-sports-bra-femme\/\" \/>\n<meta property=\"og:site_name\" content=\"MioMioRun\" \/>\n<meta property=\"article:publisher\" content=\"https:\/\/www.facebook.com\/miomiorun\/\" \/>\n<meta property=\"article:modified_time\" content=\"2025-04-23T10:21:19+00:00\" \/>\n<meta property=\"og:image\" content=\"https:\/\/www.miomiorun.com\/app\/uploads\/2020\/04\/Iconic-sports-bra-A-B-black-1620-300-AB901.jpg\" \/>\n\t<meta property=\"og:image:width\" content=\"600\" \/>\n\t<meta property=\"og:image:height\" content=\"600\" \/>\n\t<meta property=\"og:image:type\" content=\"image\/jpeg\" \/>\n<meta name=\"twitter:card\" content=\"summary_large_image\" \/>\n<meta name=\"twitter:label1\" content=\"Est. reading time\" \/>\n\t<meta name=\"twitter:data1\" content=\"1 minute\" \/>\n<script type=\"application\/ld+json\" class=\"yoast-schema-graph\">{\"@context\":\"https:\/\/schema.org\",\"@graph\":[{\"@type\":\"WebPage\",\"@id\":\"https:\/\/www.miomiorun.com\/fr\/produit\/casall-iconic-sports-bra-femme\/\",\"url\":\"https:\/\/www.miomiorun.com\/fr\/produit\/casall-iconic-sports-bra-femme\/\",\"name\":\"Casall Iconic Sports Bra femme - Soutien-gorge de sport - MioMioRun.com\",\"isPartOf\":{\"@id\":\"https:\/\/www.miomiorun.com\/fr\/#website\"},\"primaryImageOfPage\":{\"@id\":\"https:\/\/www.miomiorun.com\/fr\/produit\/casall-iconic-sports-bra-femme\/#primaryimage\"},\"image\":{\"@id\":\"https:\/\/www.miomiorun.com\/fr\/produit\/casall-iconic-sports-bra-femme\/#primaryimage\"},\"thumbnailUrl\":\"https:\/\/www.miomiorun.com\/app\/uploads\/2020\/04\/Iconic-sports-bra-A-B-black-1620-300-AB901.jpg\",\"datePublished\":\"2020-04-26T09:03:04+00:00\",\"dateModified\":\"2025-04-23T10:21:19+00:00\",\"description\":\"L'Iconic Bra est un soutien-gorge polyvalent qui peut \u00eatre utilis\u00e9 pour des activit\u00e9s \u00e0 faible ou fort impact. Sa structure est tr\u00e8s solide mais souple.\",\"breadcrumb\":{\"@id\":\"https:\/\/www.miomiorun.com\/fr\/produit\/casall-iconic-sports-bra-femme\/#breadcrumb\"},\"inLanguage\":\"fr-FR\",\"potentialAction\":[{\"@type\":\"ReadAction\",\"target\":[\"https:\/\/www.miomiorun.com\/fr\/produit\/casall-iconic-sports-bra-femme\/\"]}]},{\"@type\":\"ImageObject\",\"inLanguage\":\"fr-FR\",\"@id\":\"https:\/\/www.miomiorun.com\/fr\/produit\/casall-iconic-sports-bra-femme\/#primaryimage\",\"url\":\"https:\/\/www.miomiorun.com\/app\/uploads\/2020\/04\/Iconic-sports-bra-A-B-black-1620-300-AB901.jpg\",\"contentUrl\":\"https:\/\/www.miomiorun.com\/app\/uploads\/2020\/04\/Iconic-sports-bra-A-B-black-1620-300-AB901.jpg\",\"width\":600,\"height\":600,\"caption\":\"Iconic-sports-bra-A-B-black-1620-300-AB901\"},{\"@type\":\"BreadcrumbList\",\"@id\":\"https:\/\/www.miomiorun.com\/fr\/produit\/casall-iconic-sports-bra-femme\/#breadcrumb\",\"itemListElement\":[{\"@type\":\"ListItem\",\"position\":1,\"name\":\"Home\",\"item\":\"https:\/\/www.miomiorun.com\/fr\/home-page\/\"},{\"@type\":\"ListItem\",\"position\":2,\"name\":\"Shop\",\"item\":\"https:\/\/www.miomiorun.com\/shop\/\"},{\"@type\":\"ListItem\",\"position\":3,\"name\":\"Iconic Sports Bra femme\"}]},{\"@type\":\"WebSite\",\"@id\":\"https:\/\/www.miomiorun.com\/fr\/#website\",\"url\":\"https:\/\/www.miomiorun.com\/fr\/\",\"name\":\"MioMioRun\",\"description\":\"Boutique 100% running et trail\",\"publisher\":{\"@id\":\"https:\/\/www.miomiorun.com\/fr\/#organization\"},\"potentialAction\":[{\"@type\":\"SearchAction\",\"target\":{\"@type\":\"EntryPoint\",\"urlTemplate\":\"https:\/\/www.miomiorun.com\/fr\/?s={search_term_string}\"},\"query-input\":{\"@type\":\"PropertyValueSpecification\",\"valueRequired\":true,\"valueName\":\"search_term_string\"}}],\"inLanguage\":\"fr-FR\"},{\"@type\":\"Organization\",\"@id\":\"https:\/\/www.miomiorun.com\/fr\/#organization\",\"name\":\"MioMio Run\",\"url\":\"https:\/\/www.miomiorun.com\/fr\/\",\"logo\":{\"@type\":\"ImageObject\",\"inLanguage\":\"fr-FR\",\"@id\":\"https:\/\/www.miomiorun.com\/fr\/#\/schema\/logo\/image\/\",\"url\":\"https:\/\/www.miomiorun.com\/app\/uploads\/2019\/12\/logomio.png\",\"contentUrl\":\"https:\/\/www.miomiorun.com\/app\/uploads\/2019\/12\/logomio.png\",\"width\":115,\"height\":82,\"caption\":\"MioMio Run\"},\"image\":{\"@id\":\"https:\/\/www.miomiorun.com\/fr\/#\/schema\/logo\/image\/\"},\"sameAs\":[\"https:\/\/www.facebook.com\/miomiorun\/\",\"https:\/\/www.instagram.com\/miomiorun\/\"]}]}<\/script>\n<!-- \/ Yoast SEO plugin. -->","yoast_head_json":{"title":"Casall Iconic Sports Bra femme - Soutien-gorge de sport - MioMioRun.com","description":"L'Iconic Bra est un soutien-gorge polyvalent qui peut \u00eatre utilis\u00e9 pour des activit\u00e9s \u00e0 faible ou fort impact. Sa structure est tr\u00e8s solide mais souple.","robots":{"index":"index","follow":"follow","max-snippet":"max-snippet:-1","max-image-preview":"max-image-preview:large","max-video-preview":"max-video-preview:-1"},"canonical":"https:\/\/www.miomiorun.com\/fr\/produit\/casall-iconic-sports-bra-femme\/","og_locale":"fr_FR","og_type":"article","og_title":"Casall Iconic Sports Bra femme - Soutien-gorge de sport - MioMioRun.com","og_description":"L'Iconic Bra est un soutien-gorge polyvalent qui peut \u00eatre utilis\u00e9 pour des activit\u00e9s \u00e0 faible ou fort impact. Sa structure est tr\u00e8s solide mais souple.","og_url":"https:\/\/www.miomiorun.com\/fr\/produit\/casall-iconic-sports-bra-femme\/","og_site_name":"MioMioRun","article_publisher":"https:\/\/www.facebook.com\/miomiorun\/","article_modified_time":"2025-04-23T10:21:19+00:00","og_image":[{"width":600,"height":600,"url":"https:\/\/www.miomiorun.com\/app\/uploads\/2020\/04\/Iconic-sports-bra-A-B-black-1620-300-AB901.jpg","type":"image\/jpeg"}],"twitter_card":"summary_large_image","twitter_misc":{"Est. reading time":"1 minute"},"schema":{"@context":"https:\/\/schema.org","@graph":[{"@type":"WebPage","@id":"https:\/\/www.miomiorun.com\/fr\/produit\/casall-iconic-sports-bra-femme\/","url":"https:\/\/www.miomiorun.com\/fr\/produit\/casall-iconic-sports-bra-femme\/","name":"Casall Iconic Sports Bra femme - Soutien-gorge de sport - MioMioRun.com","isPartOf":{"@id":"https:\/\/www.miomiorun.com\/fr\/#website"},"primaryImageOfPage":{"@id":"https:\/\/www.miomiorun.com\/fr\/produit\/casall-iconic-sports-bra-femme\/#primaryimage"},"image":{"@id":"https:\/\/www.miomiorun.com\/fr\/produit\/casall-iconic-sports-bra-femme\/#primaryimage"},"thumbnailUrl":"https:\/\/www.miomiorun.com\/app\/uploads\/2020\/04\/Iconic-sports-bra-A-B-black-1620-300-AB901.jpg","datePublished":"2020-04-26T09:03:04+00:00","dateModified":"2025-04-23T10:21:19+00:00","description":"L'Iconic Bra est un soutien-gorge polyvalent qui peut \u00eatre utilis\u00e9 pour des activit\u00e9s \u00e0 faible ou fort impact. Sa structure est tr\u00e8s solide mais souple.","breadcrumb":{"@id":"https:\/\/www.miomiorun.com\/fr\/produit\/casall-iconic-sports-bra-femme\/#breadcrumb"},"inLanguage":"fr-FR","potentialAction":[{"@type":"ReadAction","target":["https:\/\/www.miomiorun.com\/fr\/produit\/casall-iconic-sports-bra-femme\/"]}]},{"@type":"ImageObject","inLanguage":"fr-FR","@id":"https:\/\/www.miomiorun.com\/fr\/produit\/casall-iconic-sports-bra-femme\/#primaryimage","url":"https:\/\/www.miomiorun.com\/app\/uploads\/2020\/04\/Iconic-sports-bra-A-B-black-1620-300-AB901.jpg","contentUrl":"https:\/\/www.miomiorun.com\/app\/uploads\/2020\/04\/Iconic-sports-bra-A-B-black-1620-300-AB901.jpg","width":600,"height":600,"caption":"Iconic-sports-bra-A-B-black-1620-300-AB901"},{"@type":"BreadcrumbList","@id":"https:\/\/www.miomiorun.com\/fr\/produit\/casall-iconic-sports-bra-femme\/#breadcrumb","itemListElement":[{"@type":"ListItem","position":1,"name":"Home","item":"https:\/\/www.miomiorun.com\/fr\/home-page\/"},{"@type":"ListItem","position":2,"name":"Shop","item":"https:\/\/www.miomiorun.com\/shop\/"},{"@type":"ListItem","position":3,"name":"Iconic Sports Bra femme"}]},{"@type":"WebSite","@id":"https:\/\/www.miomiorun.com\/fr\/#website","url":"https:\/\/www.miomiorun.com\/fr\/","name":"MioMioRun","description":"Boutique 100% running et trail","publisher":{"@id":"https:\/\/www.miomiorun.com\/fr\/#organization"},"potentialAction":[{"@type":"SearchAction","target":{"@type":"EntryPoint","urlTemplate":"https:\/\/www.miomiorun.com\/fr\/?s={search_term_string}"},"query-input":{"@type":"PropertyValueSpecification","valueRequired":true,"valueName":"search_term_string"}}],"inLanguage":"fr-FR"},{"@type":"Organization","@id":"https:\/\/www.miomiorun.com\/fr\/#organization","name":"MioMio Run","url":"https:\/\/www.miomiorun.com\/fr\/","logo":{"@type":"ImageObject","inLanguage":"fr-FR","@id":"https:\/\/www.miomiorun.com\/fr\/#\/schema\/logo\/image\/","url":"https:\/\/www.miomiorun.com\/app\/uploads\/2019\/12\/logomio.png","contentUrl":"https:\/\/www.miomiorun.com\/app\/uploads\/2019\/12\/logomio.png","width":115,"height":82,"caption":"MioMio Run"},"image":{"@id":"https:\/\/www.miomiorun.com\/fr\/#\/schema\/logo\/image\/"},"sameAs":["https:\/\/www.facebook.com\/miomiorun\/","https:\/\/www.instagram.com\/miomiorun\/"]}]}},"_links":{"self":[{"href":"https:\/\/www.miomiorun.com\/fr\/wp-json\/wp\/v2\/product\/275454","targetHints":{"allow":["GET"]}}],"collection":[{"href":"https:\/\/www.miomiorun.com\/fr\/wp-json\/wp\/v2\/product"}],"about":[{"href":"https:\/\/www.miomiorun.com\/fr\/wp-json\/wp\/v2\/types\/product"}],"wp:featuredmedia":[{"embeddable":true,"href":"https:\/\/www.miomiorun.com\/fr\/wp-json\/wp\/v2\/media\/229855"}],"wp:attachment":[{"href":"https:\/\/www.miomiorun.com\/fr\/wp-json\/wp\/v2\/media?parent=275454"}],"wp:term":[{"taxonomy":"product_brand","embeddable":true,"href":"https:\/\/www.miomiorun.com\/fr\/wp-json\/wp\/v2\/product_brand?post=275454"},{"taxonomy":"product_cat","embeddable":true,"href":"https:\/\/www.miomiorun.com\/fr\/wp-json\/wp\/v2\/product_cat?post=275454"},{"taxonomy":"product_tag","embeddable":true,"href":"https:\/\/www.miomiorun.com\/fr\/wp-json\/wp\/v2\/product_tag?post=275454"}],"curies":[{"name":"wp","href":"https:\/\/api.w.org\/{rel}","templated":true}]}}