{"id":275425,"date":"2020-05-01T10:04:29","date_gmt":"2020-05-01T08:04:29","guid":{"rendered":"https:\/\/miomiorun.com\/prodotto\/wild-tee-tre-cime-di-lavaredo-t-shirt-uomo\/"},"modified":"2026-01-28T12:25:57","modified_gmt":"2026-01-28T11:25:57","slug":"wild-tee-tre-cime-di-lavaredo-t-shirt-homme","status":"publish","type":"product","link":"https:\/\/www.miomiorun.com\/fr\/produit\/wild-tee-tre-cime-di-lavaredo-t-shirt-homme\/","title":{"rendered":"Tre Cime di Lavaredo t-shirt homme"},"content":{"rendered":"<p>Un symbole pour tout coureur d&#8217;ultra-marathon qui se respecte. Les Tre Cime di Lavaredo suscitent en chacun de nous une admiration et une envie de parcourir des kilom\u00e8tres. Il suffit de les regarder pour se sentir tout petit et motiv\u00e9 \u00e0 donner le meilleur de soi-m\u00eame. Que vous ayez d\u00e9j\u00e0 remport\u00e9 le mythique Lavaredo Ultra Trail ou que vous vous entra\u00eeniez pour r\u00e9ussir cet exploit, ce WildTee ultra respirant et frais sur la peau s&#8217;accorde parfaitement avec la m\u00e9daille de finisseur du LUT&#8230;<\/p>\n<p>Maillot technique, l\u00e9ger et respirant. Fabriqu\u00e9 en tissu Micromesh doux comme de la soie. Id\u00e9al pour les courses d&#8217;Ultra Trail ou une soir\u00e9e entre amis.<\/p>\n<p><strong>FABRIQU\u00c9 EN EUROPE<\/strong><\/p>\n<p><strong>POIDS<\/strong> 105 g.<\/p>\n<p><strong>COMPOSITION<\/strong> 100 % PES imprim\u00e9 par sublimation totale.<\/p>\n<p><strong>INSTRUCTIONS DE LAVAGE<\/strong> Les produits Wild Tee sont con\u00e7us pour durer, leur entretien est tr\u00e8s simple : laver \u00e0 l&#8217;envers, en machine, avec un programme pour v\u00eatements de sport, sans adoucissant, \u00e0 40 \u00b0C maximum, s\u00e9cher \u00e0 l&#8217;air libre.<\/p>\n","protected":false},"excerpt":{"rendered":"<p><span style=\"font-weight: 400\">Maillot technique l\u00e9ger et respirant.<\/span><\/p>\n","protected":false},"featured_media":229881,"template":"","meta":{"_acf_changed":false,"inline_featured_image":false},"product_brand":[],"product_cat":[24449,24482,24484],"product_tag":[23528,23567],"class_list":{"0":"post-275425","1":"product","2":"type-product","3":"status-publish","4":"has-post-thumbnail","6":"product_cat-t-shirt-fr-3","7":"product_cat-vetements-pour-hommes-fr","8":"product_cat-homme","9":"product_tag-wild-tee-fr","10":"product_tag-wild-tee-homme","11":"pa_attivita-marcher","12":"pa_attivita-running-fr","13":"pa_attivita-trail-fr","14":"pa_marca-wild-tee-fr","15":"pa_sesso-homme","16":"pa_size-small-fr","17":"pa_size-medium-fr","18":"pa_size-large-fr","19":"pa_size-extra-large-fr","21":"first","22":"instock","23":"sale","24":"taxable","25":"shipping-taxable","26":"purchasable","27":"product-type-variable","28":"wvs-archive-product-wrapper"},"acf":[],"yoast_head":"<!-- This site is optimized with the Yoast SEO plugin v26.8 - https:\/\/yoast.com\/product\/yoast-seo-wordpress\/ -->\n<title>Wild Tee Tre Cime di Lavaredo t-shirt homme -T-shirt de course \u00e0 pied - MioMioRun.com<\/title>\n<meta name=\"description\" content=\"Maillot technique l\u00e9ger et respirant. Fabriqu\u00e9 en tissu Micromesh doux. Id\u00e9al pour les courses d&#039;Ultra Trail ou une soir\u00e9e entre amis.\" \/>\n<meta name=\"robots\" content=\"index, follow, max-snippet:-1, max-image-preview:large, max-video-preview:-1\" \/>\n<link rel=\"canonical\" href=\"https:\/\/www.miomiorun.com\/fr\/produit\/wild-tee-tre-cime-di-lavaredo-t-shirt-homme\/\" \/>\n<meta property=\"og:locale\" content=\"fr_FR\" \/>\n<meta property=\"og:type\" content=\"article\" \/>\n<meta property=\"og:title\" content=\"Wild Tee Tre Cime di Lavaredo t-shirt homme -T-shirt de course \u00e0 pied - MioMioRun.com\" \/>\n<meta property=\"og:description\" content=\"Maillot technique l\u00e9ger et respirant. Fabriqu\u00e9 en tissu Micromesh doux. Id\u00e9al pour les courses d&#039;Ultra Trail ou une soir\u00e9e entre amis.\" \/>\n<meta property=\"og:url\" content=\"https:\/\/www.miomiorun.com\/fr\/produit\/wild-tee-tre-cime-di-lavaredo-t-shirt-homme\/\" \/>\n<meta property=\"og:site_name\" content=\"MioMioRun\" \/>\n<meta property=\"article:publisher\" content=\"https:\/\/www.facebook.com\/miomiorun\/\" \/>\n<meta property=\"article:modified_time\" content=\"2026-01-28T11:25:57+00:00\" \/>\n<meta property=\"og:image\" content=\"https:\/\/www.miomiorun.com\/app\/uploads\/2020\/05\/tre-cime-di-lavaredo-t-shirt-men.jpg\" \/>\n\t<meta property=\"og:image:width\" content=\"600\" \/>\n\t<meta property=\"og:image:height\" content=\"600\" \/>\n\t<meta property=\"og:image:type\" content=\"image\/jpeg\" \/>\n<meta name=\"twitter:card\" content=\"summary_large_image\" \/>\n<meta name=\"twitter:label1\" content=\"Est. reading time\" \/>\n\t<meta name=\"twitter:data1\" content=\"1 minute\" \/>\n<script type=\"application\/ld+json\" class=\"yoast-schema-graph\">{\"@context\":\"https:\/\/schema.org\",\"@graph\":[{\"@type\":\"WebPage\",\"@id\":\"https:\/\/www.miomiorun.com\/fr\/produit\/wild-tee-tre-cime-di-lavaredo-t-shirt-homme\/\",\"url\":\"https:\/\/www.miomiorun.com\/fr\/produit\/wild-tee-tre-cime-di-lavaredo-t-shirt-homme\/\",\"name\":\"Wild Tee Tre Cime di Lavaredo t-shirt homme -T-shirt de course \u00e0 pied - MioMioRun.com\",\"isPartOf\":{\"@id\":\"https:\/\/www.miomiorun.com\/fr\/#website\"},\"primaryImageOfPage\":{\"@id\":\"https:\/\/www.miomiorun.com\/fr\/produit\/wild-tee-tre-cime-di-lavaredo-t-shirt-homme\/#primaryimage\"},\"image\":{\"@id\":\"https:\/\/www.miomiorun.com\/fr\/produit\/wild-tee-tre-cime-di-lavaredo-t-shirt-homme\/#primaryimage\"},\"thumbnailUrl\":\"https:\/\/www.miomiorun.com\/app\/uploads\/2020\/05\/tre-cime-di-lavaredo-t-shirt-men.jpg\",\"datePublished\":\"2020-05-01T08:04:29+00:00\",\"dateModified\":\"2026-01-28T11:25:57+00:00\",\"description\":\"Maillot technique l\u00e9ger et respirant. Fabriqu\u00e9 en tissu Micromesh doux. Id\u00e9al pour les courses d'Ultra Trail ou une soir\u00e9e entre amis.\",\"breadcrumb\":{\"@id\":\"https:\/\/www.miomiorun.com\/fr\/produit\/wild-tee-tre-cime-di-lavaredo-t-shirt-homme\/#breadcrumb\"},\"inLanguage\":\"fr-FR\",\"potentialAction\":[{\"@type\":\"ReadAction\",\"target\":[\"https:\/\/www.miomiorun.com\/fr\/produit\/wild-tee-tre-cime-di-lavaredo-t-shirt-homme\/\"]}]},{\"@type\":\"ImageObject\",\"inLanguage\":\"fr-FR\",\"@id\":\"https:\/\/www.miomiorun.com\/fr\/produit\/wild-tee-tre-cime-di-lavaredo-t-shirt-homme\/#primaryimage\",\"url\":\"https:\/\/www.miomiorun.com\/app\/uploads\/2020\/05\/tre-cime-di-lavaredo-t-shirt-men.jpg\",\"contentUrl\":\"https:\/\/www.miomiorun.com\/app\/uploads\/2020\/05\/tre-cime-di-lavaredo-t-shirt-men.jpg\",\"width\":600,\"height\":600,\"caption\":\"Maglia tecnica leggera e traspirante. Realizzata in tessuto Micromesh morbido. Ideale dalle gare di Ultra Trail a una serata con gli amici.\"},{\"@type\":\"BreadcrumbList\",\"@id\":\"https:\/\/www.miomiorun.com\/fr\/produit\/wild-tee-tre-cime-di-lavaredo-t-shirt-homme\/#breadcrumb\",\"itemListElement\":[{\"@type\":\"ListItem\",\"position\":1,\"name\":\"Home\",\"item\":\"https:\/\/www.miomiorun.com\/fr\/home-page\/\"},{\"@type\":\"ListItem\",\"position\":2,\"name\":\"Shop\",\"item\":\"https:\/\/www.miomiorun.com\/shop\/\"},{\"@type\":\"ListItem\",\"position\":3,\"name\":\"Tre Cime di Lavaredo t-shirt homme\"}]},{\"@type\":\"WebSite\",\"@id\":\"https:\/\/www.miomiorun.com\/fr\/#website\",\"url\":\"https:\/\/www.miomiorun.com\/fr\/\",\"name\":\"MioMioRun\",\"description\":\"Boutique 100% running et trail\",\"publisher\":{\"@id\":\"https:\/\/www.miomiorun.com\/fr\/#organization\"},\"potentialAction\":[{\"@type\":\"SearchAction\",\"target\":{\"@type\":\"EntryPoint\",\"urlTemplate\":\"https:\/\/www.miomiorun.com\/fr\/?s={search_term_string}\"},\"query-input\":{\"@type\":\"PropertyValueSpecification\",\"valueRequired\":true,\"valueName\":\"search_term_string\"}}],\"inLanguage\":\"fr-FR\"},{\"@type\":\"Organization\",\"@id\":\"https:\/\/www.miomiorun.com\/fr\/#organization\",\"name\":\"MioMio Run\",\"url\":\"https:\/\/www.miomiorun.com\/fr\/\",\"logo\":{\"@type\":\"ImageObject\",\"inLanguage\":\"fr-FR\",\"@id\":\"https:\/\/www.miomiorun.com\/fr\/#\/schema\/logo\/image\/\",\"url\":\"https:\/\/www.miomiorun.com\/app\/uploads\/2019\/12\/logomio.png\",\"contentUrl\":\"https:\/\/www.miomiorun.com\/app\/uploads\/2019\/12\/logomio.png\",\"width\":115,\"height\":82,\"caption\":\"MioMio Run\"},\"image\":{\"@id\":\"https:\/\/www.miomiorun.com\/fr\/#\/schema\/logo\/image\/\"},\"sameAs\":[\"https:\/\/www.facebook.com\/miomiorun\/\",\"https:\/\/www.instagram.com\/miomiorun\/\"]}]}<\/script>\n<!-- \/ Yoast SEO plugin. -->","yoast_head_json":{"title":"Wild Tee Tre Cime di Lavaredo t-shirt homme -T-shirt de course \u00e0 pied - MioMioRun.com","description":"Maillot technique l\u00e9ger et respirant. Fabriqu\u00e9 en tissu Micromesh doux. Id\u00e9al pour les courses d'Ultra Trail ou une soir\u00e9e entre amis.","robots":{"index":"index","follow":"follow","max-snippet":"max-snippet:-1","max-image-preview":"max-image-preview:large","max-video-preview":"max-video-preview:-1"},"canonical":"https:\/\/www.miomiorun.com\/fr\/produit\/wild-tee-tre-cime-di-lavaredo-t-shirt-homme\/","og_locale":"fr_FR","og_type":"article","og_title":"Wild Tee Tre Cime di Lavaredo t-shirt homme -T-shirt de course \u00e0 pied - MioMioRun.com","og_description":"Maillot technique l\u00e9ger et respirant. Fabriqu\u00e9 en tissu Micromesh doux. Id\u00e9al pour les courses d'Ultra Trail ou une soir\u00e9e entre amis.","og_url":"https:\/\/www.miomiorun.com\/fr\/produit\/wild-tee-tre-cime-di-lavaredo-t-shirt-homme\/","og_site_name":"MioMioRun","article_publisher":"https:\/\/www.facebook.com\/miomiorun\/","article_modified_time":"2026-01-28T11:25:57+00:00","og_image":[{"width":600,"height":600,"url":"https:\/\/www.miomiorun.com\/app\/uploads\/2020\/05\/tre-cime-di-lavaredo-t-shirt-men.jpg","type":"image\/jpeg"}],"twitter_card":"summary_large_image","twitter_misc":{"Est. reading time":"1 minute"},"schema":{"@context":"https:\/\/schema.org","@graph":[{"@type":"WebPage","@id":"https:\/\/www.miomiorun.com\/fr\/produit\/wild-tee-tre-cime-di-lavaredo-t-shirt-homme\/","url":"https:\/\/www.miomiorun.com\/fr\/produit\/wild-tee-tre-cime-di-lavaredo-t-shirt-homme\/","name":"Wild Tee Tre Cime di Lavaredo t-shirt homme -T-shirt de course \u00e0 pied - MioMioRun.com","isPartOf":{"@id":"https:\/\/www.miomiorun.com\/fr\/#website"},"primaryImageOfPage":{"@id":"https:\/\/www.miomiorun.com\/fr\/produit\/wild-tee-tre-cime-di-lavaredo-t-shirt-homme\/#primaryimage"},"image":{"@id":"https:\/\/www.miomiorun.com\/fr\/produit\/wild-tee-tre-cime-di-lavaredo-t-shirt-homme\/#primaryimage"},"thumbnailUrl":"https:\/\/www.miomiorun.com\/app\/uploads\/2020\/05\/tre-cime-di-lavaredo-t-shirt-men.jpg","datePublished":"2020-05-01T08:04:29+00:00","dateModified":"2026-01-28T11:25:57+00:00","description":"Maillot technique l\u00e9ger et respirant. Fabriqu\u00e9 en tissu Micromesh doux. Id\u00e9al pour les courses d'Ultra Trail ou une soir\u00e9e entre amis.","breadcrumb":{"@id":"https:\/\/www.miomiorun.com\/fr\/produit\/wild-tee-tre-cime-di-lavaredo-t-shirt-homme\/#breadcrumb"},"inLanguage":"fr-FR","potentialAction":[{"@type":"ReadAction","target":["https:\/\/www.miomiorun.com\/fr\/produit\/wild-tee-tre-cime-di-lavaredo-t-shirt-homme\/"]}]},{"@type":"ImageObject","inLanguage":"fr-FR","@id":"https:\/\/www.miomiorun.com\/fr\/produit\/wild-tee-tre-cime-di-lavaredo-t-shirt-homme\/#primaryimage","url":"https:\/\/www.miomiorun.com\/app\/uploads\/2020\/05\/tre-cime-di-lavaredo-t-shirt-men.jpg","contentUrl":"https:\/\/www.miomiorun.com\/app\/uploads\/2020\/05\/tre-cime-di-lavaredo-t-shirt-men.jpg","width":600,"height":600,"caption":"Maglia tecnica leggera e traspirante. Realizzata in tessuto Micromesh morbido. Ideale dalle gare di Ultra Trail a una serata con gli amici."},{"@type":"BreadcrumbList","@id":"https:\/\/www.miomiorun.com\/fr\/produit\/wild-tee-tre-cime-di-lavaredo-t-shirt-homme\/#breadcrumb","itemListElement":[{"@type":"ListItem","position":1,"name":"Home","item":"https:\/\/www.miomiorun.com\/fr\/home-page\/"},{"@type":"ListItem","position":2,"name":"Shop","item":"https:\/\/www.miomiorun.com\/shop\/"},{"@type":"ListItem","position":3,"name":"Tre Cime di Lavaredo t-shirt homme"}]},{"@type":"WebSite","@id":"https:\/\/www.miomiorun.com\/fr\/#website","url":"https:\/\/www.miomiorun.com\/fr\/","name":"MioMioRun","description":"Boutique 100% running et trail","publisher":{"@id":"https:\/\/www.miomiorun.com\/fr\/#organization"},"potentialAction":[{"@type":"SearchAction","target":{"@type":"EntryPoint","urlTemplate":"https:\/\/www.miomiorun.com\/fr\/?s={search_term_string}"},"query-input":{"@type":"PropertyValueSpecification","valueRequired":true,"valueName":"search_term_string"}}],"inLanguage":"fr-FR"},{"@type":"Organization","@id":"https:\/\/www.miomiorun.com\/fr\/#organization","name":"MioMio Run","url":"https:\/\/www.miomiorun.com\/fr\/","logo":{"@type":"ImageObject","inLanguage":"fr-FR","@id":"https:\/\/www.miomiorun.com\/fr\/#\/schema\/logo\/image\/","url":"https:\/\/www.miomiorun.com\/app\/uploads\/2019\/12\/logomio.png","contentUrl":"https:\/\/www.miomiorun.com\/app\/uploads\/2019\/12\/logomio.png","width":115,"height":82,"caption":"MioMio Run"},"image":{"@id":"https:\/\/www.miomiorun.com\/fr\/#\/schema\/logo\/image\/"},"sameAs":["https:\/\/www.facebook.com\/miomiorun\/","https:\/\/www.instagram.com\/miomiorun\/"]}]}},"_links":{"self":[{"href":"https:\/\/www.miomiorun.com\/fr\/wp-json\/wp\/v2\/product\/275425","targetHints":{"allow":["GET"]}}],"collection":[{"href":"https:\/\/www.miomiorun.com\/fr\/wp-json\/wp\/v2\/product"}],"about":[{"href":"https:\/\/www.miomiorun.com\/fr\/wp-json\/wp\/v2\/types\/product"}],"wp:featuredmedia":[{"embeddable":true,"href":"https:\/\/www.miomiorun.com\/fr\/wp-json\/wp\/v2\/media\/229881"}],"wp:attachment":[{"href":"https:\/\/www.miomiorun.com\/fr\/wp-json\/wp\/v2\/media?parent=275425"}],"wp:term":[{"taxonomy":"product_brand","embeddable":true,"href":"https:\/\/www.miomiorun.com\/fr\/wp-json\/wp\/v2\/product_brand?post=275425"},{"taxonomy":"product_cat","embeddable":true,"href":"https:\/\/www.miomiorun.com\/fr\/wp-json\/wp\/v2\/product_cat?post=275425"},{"taxonomy":"product_tag","embeddable":true,"href":"https:\/\/www.miomiorun.com\/fr\/wp-json\/wp\/v2\/product_tag?post=275425"}],"curies":[{"name":"wp","href":"https:\/\/api.w.org\/{rel}","templated":true}]}}