{"id":275413,"date":"2020-05-01T11:08:25","date_gmt":"2020-05-01T09:08:25","guid":{"rendered":"https:\/\/miomiorun.com\/prodotto\/wild-tee-antelope-donna\/"},"modified":"2026-01-28T12:32:32","modified_gmt":"2026-01-28T11:32:32","slug":"wild-tee-antelope-femme","status":"publish","type":"product","link":"https:\/\/www.miomiorun.com\/fr\/produit\/wild-tee-antelope-femme\/","title":{"rendered":"Antelope femme"},"content":{"rendered":"<p>Des dizaines de prototypes et d&#8217;innombrables tests nous ont permis de concevoir le meilleur short possible.<\/p>\n<p>Short l\u00e9ger et respirant avec 4 poches pour gels\/barres \u00e9nerg\u00e9tiques et une poche arri\u00e8re centrale zipp\u00e9e. Short int\u00e9rieur confortable. Logo r\u00e9fl\u00e9chissant sur le devant et cordon personnalis\u00e9 Wild Tee. Coupe CONFORTABLE.<\/p>\n<p><strong>POIDS<\/strong> 115 g.<\/p>\n<p><strong>COMPOSITION<\/strong> Tissu ext\u00e9rieur 100 % PES imprim\u00e9 par sublimation totale, slip int\u00e9rieur et poches 93 % PES, 7 % \u00e9lasthanne.<\/p>\n<p><strong>INSTRUCTIONS DE LAVAGE<\/strong> Les produits Wild Tee sont con\u00e7us pour durer, leur entretien est tr\u00e8s simple : laver \u00e0 l&#8217;envers, en machine, avec un programme pour v\u00eatements de sport, sans adoucissant, \u00e0 40 \u00b0C maximum, s\u00e9cher \u00e0 l&#8217;air libre.<\/p>\n","protected":false},"excerpt":{"rendered":"<p>Des dizaines de prototypes et d&#8217;innombrables tests nous ont permis de concevoir le meilleur short possible. Short l\u00e9ger et respirant avec 4 poches pour gels\/barres \u00e9nerg\u00e9tiques et une poche arri\u00e8re centrale zipp\u00e9e. Short int\u00e9rieur confortable. Logo r\u00e9fl\u00e9chissant sur le devant et cordon personnalis\u00e9 Wild Tee. Coupe CONFORTABLE. POIDS 115 g. COMPOSITION Tissu ext\u00e9rieur 100 % &hellip; <a href=\"https:\/\/www.miomiorun.com\/fr\/produit\/wild-tee-antelope-femme\/\">Continued<\/a><\/p>\n","protected":false},"featured_media":229891,"template":"","meta":{"_acf_changed":false,"inline_featured_image":false},"product_brand":[],"product_cat":[22602,22596,22595],"product_tag":[23528,23568],"class_list":{"0":"post-275413","1":"product","2":"type-product","3":"status-publish","4":"has-post-thumbnail","6":"product_cat-pantalon-court","7":"product_cat-vetements-pour-femmes","8":"product_cat-femme","9":"product_tag-wild-tee-fr","10":"product_tag-wild-tee-femme","11":"pa_attivita-running-fr","12":"pa_attivita-trail-fr","13":"pa_colore-antelope-pantaloncini-camo-grigio-fr","14":"pa_marca-wild-tee-fr","15":"pa_sesso-femme","16":"pa_size-medium-fr","18":"first","19":"instock","20":"sale","21":"taxable","22":"shipping-taxable","23":"purchasable","24":"product-type-variable","25":"wvs-archive-product-wrapper"},"acf":[],"yoast_head":"<!-- This site is optimized with the Yoast SEO plugin v26.8 - https:\/\/yoast.com\/product\/yoast-seo-wordpress\/ -->\n<title>Wild Tee Antelope femme -Shorts pour femmes - MioMioRun<\/title>\n<meta name=\"description\" content=\"Short l\u00e9ger et respirant, short int\u00e9rieur confortable. Logo r\u00e9fl\u00e9chissant sur le devant et cordon personnalis\u00e9 Wild Tee. Coupe CONFORTABLE.\" \/>\n<meta name=\"robots\" content=\"index, follow, max-snippet:-1, max-image-preview:large, max-video-preview:-1\" \/>\n<link rel=\"canonical\" href=\"https:\/\/www.miomiorun.com\/fr\/produit\/wild-tee-antelope-femme\/\" \/>\n<meta property=\"og:locale\" content=\"fr_FR\" \/>\n<meta property=\"og:type\" content=\"article\" \/>\n<meta property=\"og:title\" content=\"Wild Tee Antelope femme -Shorts pour femmes - MioMioRun\" \/>\n<meta property=\"og:description\" content=\"Short l\u00e9ger et respirant, short int\u00e9rieur confortable. Logo r\u00e9fl\u00e9chissant sur le devant et cordon personnalis\u00e9 Wild Tee. Coupe CONFORTABLE.\" \/>\n<meta property=\"og:url\" content=\"https:\/\/www.miomiorun.com\/fr\/produit\/wild-tee-antelope-femme\/\" \/>\n<meta property=\"og:site_name\" content=\"MioMioRun\" \/>\n<meta property=\"article:publisher\" content=\"https:\/\/www.facebook.com\/miomiorun\/\" \/>\n<meta property=\"article:modified_time\" content=\"2026-01-28T11:32:32+00:00\" \/>\n<meta property=\"og:image\" content=\"https:\/\/www.miomiorun.com\/app\/uploads\/2020\/05\/antelope-women-shorts-_wildtee.jpg\" \/>\n\t<meta property=\"og:image:width\" content=\"600\" \/>\n\t<meta property=\"og:image:height\" content=\"600\" \/>\n\t<meta property=\"og:image:type\" content=\"image\/jpeg\" \/>\n<meta name=\"twitter:card\" content=\"summary_large_image\" \/>\n<meta name=\"twitter:label1\" content=\"Est. reading time\" \/>\n\t<meta name=\"twitter:data1\" content=\"1 minute\" \/>\n<script type=\"application\/ld+json\" class=\"yoast-schema-graph\">{\"@context\":\"https:\/\/schema.org\",\"@graph\":[{\"@type\":\"WebPage\",\"@id\":\"https:\/\/www.miomiorun.com\/fr\/produit\/wild-tee-antelope-femme\/\",\"url\":\"https:\/\/www.miomiorun.com\/fr\/produit\/wild-tee-antelope-femme\/\",\"name\":\"Wild Tee Antelope femme -Shorts pour femmes - MioMioRun\",\"isPartOf\":{\"@id\":\"https:\/\/www.miomiorun.com\/fr\/#website\"},\"primaryImageOfPage\":{\"@id\":\"https:\/\/www.miomiorun.com\/fr\/produit\/wild-tee-antelope-femme\/#primaryimage\"},\"image\":{\"@id\":\"https:\/\/www.miomiorun.com\/fr\/produit\/wild-tee-antelope-femme\/#primaryimage\"},\"thumbnailUrl\":\"https:\/\/www.miomiorun.com\/app\/uploads\/2020\/05\/antelope-women-shorts-_wildtee.jpg\",\"datePublished\":\"2020-05-01T09:08:25+00:00\",\"dateModified\":\"2026-01-28T11:32:32+00:00\",\"description\":\"Short l\u00e9ger et respirant, short int\u00e9rieur confortable. Logo r\u00e9fl\u00e9chissant sur le devant et cordon personnalis\u00e9 Wild Tee. Coupe CONFORTABLE.\",\"breadcrumb\":{\"@id\":\"https:\/\/www.miomiorun.com\/fr\/produit\/wild-tee-antelope-femme\/#breadcrumb\"},\"inLanguage\":\"fr-FR\",\"potentialAction\":[{\"@type\":\"ReadAction\",\"target\":[\"https:\/\/www.miomiorun.com\/fr\/produit\/wild-tee-antelope-femme\/\"]}]},{\"@type\":\"ImageObject\",\"inLanguage\":\"fr-FR\",\"@id\":\"https:\/\/www.miomiorun.com\/fr\/produit\/wild-tee-antelope-femme\/#primaryimage\",\"url\":\"https:\/\/www.miomiorun.com\/app\/uploads\/2020\/05\/antelope-women-shorts-_wildtee.jpg\",\"contentUrl\":\"https:\/\/www.miomiorun.com\/app\/uploads\/2020\/05\/antelope-women-shorts-_wildtee.jpg\",\"width\":600,\"height\":600,\"caption\":\"Wild Tee Antelope donna\"},{\"@type\":\"BreadcrumbList\",\"@id\":\"https:\/\/www.miomiorun.com\/fr\/produit\/wild-tee-antelope-femme\/#breadcrumb\",\"itemListElement\":[{\"@type\":\"ListItem\",\"position\":1,\"name\":\"Home\",\"item\":\"https:\/\/www.miomiorun.com\/fr\/home-page\/\"},{\"@type\":\"ListItem\",\"position\":2,\"name\":\"Shop\",\"item\":\"https:\/\/www.miomiorun.com\/shop\/\"},{\"@type\":\"ListItem\",\"position\":3,\"name\":\"Antelope femme\"}]},{\"@type\":\"WebSite\",\"@id\":\"https:\/\/www.miomiorun.com\/fr\/#website\",\"url\":\"https:\/\/www.miomiorun.com\/fr\/\",\"name\":\"MioMioRun\",\"description\":\"Boutique 100% running et trail\",\"publisher\":{\"@id\":\"https:\/\/www.miomiorun.com\/fr\/#organization\"},\"potentialAction\":[{\"@type\":\"SearchAction\",\"target\":{\"@type\":\"EntryPoint\",\"urlTemplate\":\"https:\/\/www.miomiorun.com\/fr\/?s={search_term_string}\"},\"query-input\":{\"@type\":\"PropertyValueSpecification\",\"valueRequired\":true,\"valueName\":\"search_term_string\"}}],\"inLanguage\":\"fr-FR\"},{\"@type\":\"Organization\",\"@id\":\"https:\/\/www.miomiorun.com\/fr\/#organization\",\"name\":\"MioMio Run\",\"url\":\"https:\/\/www.miomiorun.com\/fr\/\",\"logo\":{\"@type\":\"ImageObject\",\"inLanguage\":\"fr-FR\",\"@id\":\"https:\/\/www.miomiorun.com\/fr\/#\/schema\/logo\/image\/\",\"url\":\"https:\/\/www.miomiorun.com\/app\/uploads\/2019\/12\/logomio.png\",\"contentUrl\":\"https:\/\/www.miomiorun.com\/app\/uploads\/2019\/12\/logomio.png\",\"width\":115,\"height\":82,\"caption\":\"MioMio Run\"},\"image\":{\"@id\":\"https:\/\/www.miomiorun.com\/fr\/#\/schema\/logo\/image\/\"},\"sameAs\":[\"https:\/\/www.facebook.com\/miomiorun\/\",\"https:\/\/www.instagram.com\/miomiorun\/\"]}]}<\/script>\n<!-- \/ Yoast SEO plugin. -->","yoast_head_json":{"title":"Wild Tee Antelope femme -Shorts pour femmes - MioMioRun","description":"Short l\u00e9ger et respirant, short int\u00e9rieur confortable. Logo r\u00e9fl\u00e9chissant sur le devant et cordon personnalis\u00e9 Wild Tee. Coupe CONFORTABLE.","robots":{"index":"index","follow":"follow","max-snippet":"max-snippet:-1","max-image-preview":"max-image-preview:large","max-video-preview":"max-video-preview:-1"},"canonical":"https:\/\/www.miomiorun.com\/fr\/produit\/wild-tee-antelope-femme\/","og_locale":"fr_FR","og_type":"article","og_title":"Wild Tee Antelope femme -Shorts pour femmes - MioMioRun","og_description":"Short l\u00e9ger et respirant, short int\u00e9rieur confortable. Logo r\u00e9fl\u00e9chissant sur le devant et cordon personnalis\u00e9 Wild Tee. Coupe CONFORTABLE.","og_url":"https:\/\/www.miomiorun.com\/fr\/produit\/wild-tee-antelope-femme\/","og_site_name":"MioMioRun","article_publisher":"https:\/\/www.facebook.com\/miomiorun\/","article_modified_time":"2026-01-28T11:32:32+00:00","og_image":[{"width":600,"height":600,"url":"https:\/\/www.miomiorun.com\/app\/uploads\/2020\/05\/antelope-women-shorts-_wildtee.jpg","type":"image\/jpeg"}],"twitter_card":"summary_large_image","twitter_misc":{"Est. reading time":"1 minute"},"schema":{"@context":"https:\/\/schema.org","@graph":[{"@type":"WebPage","@id":"https:\/\/www.miomiorun.com\/fr\/produit\/wild-tee-antelope-femme\/","url":"https:\/\/www.miomiorun.com\/fr\/produit\/wild-tee-antelope-femme\/","name":"Wild Tee Antelope femme -Shorts pour femmes - MioMioRun","isPartOf":{"@id":"https:\/\/www.miomiorun.com\/fr\/#website"},"primaryImageOfPage":{"@id":"https:\/\/www.miomiorun.com\/fr\/produit\/wild-tee-antelope-femme\/#primaryimage"},"image":{"@id":"https:\/\/www.miomiorun.com\/fr\/produit\/wild-tee-antelope-femme\/#primaryimage"},"thumbnailUrl":"https:\/\/www.miomiorun.com\/app\/uploads\/2020\/05\/antelope-women-shorts-_wildtee.jpg","datePublished":"2020-05-01T09:08:25+00:00","dateModified":"2026-01-28T11:32:32+00:00","description":"Short l\u00e9ger et respirant, short int\u00e9rieur confortable. Logo r\u00e9fl\u00e9chissant sur le devant et cordon personnalis\u00e9 Wild Tee. Coupe CONFORTABLE.","breadcrumb":{"@id":"https:\/\/www.miomiorun.com\/fr\/produit\/wild-tee-antelope-femme\/#breadcrumb"},"inLanguage":"fr-FR","potentialAction":[{"@type":"ReadAction","target":["https:\/\/www.miomiorun.com\/fr\/produit\/wild-tee-antelope-femme\/"]}]},{"@type":"ImageObject","inLanguage":"fr-FR","@id":"https:\/\/www.miomiorun.com\/fr\/produit\/wild-tee-antelope-femme\/#primaryimage","url":"https:\/\/www.miomiorun.com\/app\/uploads\/2020\/05\/antelope-women-shorts-_wildtee.jpg","contentUrl":"https:\/\/www.miomiorun.com\/app\/uploads\/2020\/05\/antelope-women-shorts-_wildtee.jpg","width":600,"height":600,"caption":"Wild Tee Antelope donna"},{"@type":"BreadcrumbList","@id":"https:\/\/www.miomiorun.com\/fr\/produit\/wild-tee-antelope-femme\/#breadcrumb","itemListElement":[{"@type":"ListItem","position":1,"name":"Home","item":"https:\/\/www.miomiorun.com\/fr\/home-page\/"},{"@type":"ListItem","position":2,"name":"Shop","item":"https:\/\/www.miomiorun.com\/shop\/"},{"@type":"ListItem","position":3,"name":"Antelope femme"}]},{"@type":"WebSite","@id":"https:\/\/www.miomiorun.com\/fr\/#website","url":"https:\/\/www.miomiorun.com\/fr\/","name":"MioMioRun","description":"Boutique 100% running et trail","publisher":{"@id":"https:\/\/www.miomiorun.com\/fr\/#organization"},"potentialAction":[{"@type":"SearchAction","target":{"@type":"EntryPoint","urlTemplate":"https:\/\/www.miomiorun.com\/fr\/?s={search_term_string}"},"query-input":{"@type":"PropertyValueSpecification","valueRequired":true,"valueName":"search_term_string"}}],"inLanguage":"fr-FR"},{"@type":"Organization","@id":"https:\/\/www.miomiorun.com\/fr\/#organization","name":"MioMio Run","url":"https:\/\/www.miomiorun.com\/fr\/","logo":{"@type":"ImageObject","inLanguage":"fr-FR","@id":"https:\/\/www.miomiorun.com\/fr\/#\/schema\/logo\/image\/","url":"https:\/\/www.miomiorun.com\/app\/uploads\/2019\/12\/logomio.png","contentUrl":"https:\/\/www.miomiorun.com\/app\/uploads\/2019\/12\/logomio.png","width":115,"height":82,"caption":"MioMio Run"},"image":{"@id":"https:\/\/www.miomiorun.com\/fr\/#\/schema\/logo\/image\/"},"sameAs":["https:\/\/www.facebook.com\/miomiorun\/","https:\/\/www.instagram.com\/miomiorun\/"]}]}},"_links":{"self":[{"href":"https:\/\/www.miomiorun.com\/fr\/wp-json\/wp\/v2\/product\/275413","targetHints":{"allow":["GET"]}}],"collection":[{"href":"https:\/\/www.miomiorun.com\/fr\/wp-json\/wp\/v2\/product"}],"about":[{"href":"https:\/\/www.miomiorun.com\/fr\/wp-json\/wp\/v2\/types\/product"}],"wp:featuredmedia":[{"embeddable":true,"href":"https:\/\/www.miomiorun.com\/fr\/wp-json\/wp\/v2\/media\/229891"}],"wp:attachment":[{"href":"https:\/\/www.miomiorun.com\/fr\/wp-json\/wp\/v2\/media?parent=275413"}],"wp:term":[{"taxonomy":"product_brand","embeddable":true,"href":"https:\/\/www.miomiorun.com\/fr\/wp-json\/wp\/v2\/product_brand?post=275413"},{"taxonomy":"product_cat","embeddable":true,"href":"https:\/\/www.miomiorun.com\/fr\/wp-json\/wp\/v2\/product_cat?post=275413"},{"taxonomy":"product_tag","embeddable":true,"href":"https:\/\/www.miomiorun.com\/fr\/wp-json\/wp\/v2\/product_tag?post=275413"}],"curies":[{"name":"wp","href":"https:\/\/api.w.org\/{rel}","templated":true}]}}