{"id":275404,"date":"2020-05-03T09:42:20","date_gmt":"2020-05-03T07:42:20","guid":{"rendered":"https:\/\/miomiorun.com\/prodotto\/la-sportiva-dash-long-sleeve-donna\/"},"modified":"2026-01-28T12:22:36","modified_gmt":"2026-01-28T11:22:36","slug":"la-sportiva-dash-long-sleeve-femme","status":"publish","type":"product","link":"https:\/\/www.miomiorun.com\/fr\/produit\/la-sportiva-dash-long-sleeve-femme\/","title":{"rendered":"Dash Long Sleeve femme"},"content":{"rendered":"<p>Dash Long Sleeve est une premi\u00e8re couche thermique et respirante pour un excellent confort climatique actif.<br \/>\nFabriqu\u00e9 en tricot, il garantit une chaleur parfaite pour les jours les plus froids. La capuche int\u00e9gr\u00e9e offre une protection suppl\u00e9mentaire.<\/p>\n<p>+ Coutures plates anti-frottements<\/p>\n<p><b>Coupe : <\/b>Slim<br \/>\n<b>Mat\u00e9riaux : <\/b>Principal : (PN23) 90 % polyester recycl\u00e9, 10 % \u00e9lasthanne<br \/>\n<b>Poids : <\/b>140 g (M)<\/p>\n","protected":false},"excerpt":{"rendered":"<p>Dash Long Sleeve est une premi\u00e8re couche thermique et respirante pour un excellent confort climatique actif. Fabriqu\u00e9 en tricot, il garantit une chaleur parfaite pour les jours les plus froids. La capuche int\u00e9gr\u00e9e offre une protection suppl\u00e9mentaire. + Coutures plates anti-frottements Coupe : Slim Mat\u00e9riaux : Principal : (PN23) 90 % polyester recycl\u00e9, 10 % &hellip; <a href=\"https:\/\/www.miomiorun.com\/fr\/produit\/la-sportiva-dash-long-sleeve-femme\/\">Continued<\/a><\/p>\n","protected":false},"featured_media":229897,"template":"","meta":{"_acf_changed":false,"inline_featured_image":false},"product_brand":[],"product_cat":[24439,24444],"product_tag":[23597,23601],"class_list":{"0":"post-275404","1":"product","2":"type-product","3":"status-publish","4":"has-post-thumbnail","6":"product_cat-maillots-fr","7":"product_cat-vetements-pour-femmes-fr","8":"product_tag-la-sportiva-fr","9":"product_tag-la-sportiva-femme","10":"pa_attivita-outdoor-fr","11":"pa_attivita-trail-fr","12":"pa_colore-dash-long-sleeve-w-atlantic-aquarelle-fr","13":"pa_colore-dash-long-sleeve-w-pacific-blue-opal-fr","14":"pa_marca-la-sportiva-fr","15":"pa_sesso-femme","16":"pa_size-extra-small-fr","17":"pa_size-medium-fr","19":"first","20":"instock","21":"sale","22":"taxable","23":"shipping-taxable","24":"purchasable","25":"product-type-variable","26":"wvs-archive-product-wrapper"},"acf":[],"yoast_head":"<!-- This site is optimized with the Yoast SEO plugin v26.8 - https:\/\/yoast.com\/product\/yoast-seo-wordpress\/ -->\n<title>La Sportiva Dash Long Sleeve femme - Maillot de course \u00e0 pied- MioMioRun<\/title>\n<meta name=\"description\" content=\"Dash Long Sleeve est une premi\u00e8re couche thermique et respirante pour un excellent confort climatique actif, r\u00e9alis\u00e9e en tissu tricot\u00e9.\" \/>\n<meta name=\"robots\" content=\"index, follow, max-snippet:-1, max-image-preview:large, max-video-preview:-1\" \/>\n<link rel=\"canonical\" href=\"https:\/\/www.miomiorun.com\/fr\/produit\/la-sportiva-dash-long-sleeve-femme\/\" \/>\n<meta property=\"og:locale\" content=\"fr_FR\" \/>\n<meta property=\"og:type\" content=\"article\" \/>\n<meta property=\"og:title\" content=\"La Sportiva Dash Long Sleeve femme - Maillot de course \u00e0 pied- MioMioRun\" \/>\n<meta property=\"og:description\" content=\"Dash Long Sleeve est une premi\u00e8re couche thermique et respirante pour un excellent confort climatique actif, r\u00e9alis\u00e9e en tissu tricot\u00e9.\" \/>\n<meta property=\"og:url\" content=\"https:\/\/www.miomiorun.com\/fr\/produit\/la-sportiva-dash-long-sleeve-femme\/\" \/>\n<meta property=\"og:site_name\" content=\"MioMioRun\" \/>\n<meta property=\"article:publisher\" content=\"https:\/\/www.facebook.com\/miomiorun\/\" \/>\n<meta property=\"article:modified_time\" content=\"2026-01-28T11:22:36+00:00\" \/>\n<meta property=\"og:image\" content=\"https:\/\/www.miomiorun.com\/app\/uploads\/2020\/05\/Dash-long-sleeve-W-wine-orchid.jpg\" \/>\n\t<meta property=\"og:image:width\" content=\"600\" \/>\n\t<meta property=\"og:image:height\" content=\"600\" \/>\n\t<meta property=\"og:image:type\" content=\"image\/jpeg\" \/>\n<meta name=\"twitter:card\" content=\"summary_large_image\" \/>\n<script type=\"application\/ld+json\" class=\"yoast-schema-graph\">{\"@context\":\"https:\/\/schema.org\",\"@graph\":[{\"@type\":\"WebPage\",\"@id\":\"https:\/\/www.miomiorun.com\/fr\/produit\/la-sportiva-dash-long-sleeve-femme\/\",\"url\":\"https:\/\/www.miomiorun.com\/fr\/produit\/la-sportiva-dash-long-sleeve-femme\/\",\"name\":\"La Sportiva Dash Long Sleeve femme - Maillot de course \u00e0 pied- MioMioRun\",\"isPartOf\":{\"@id\":\"https:\/\/www.miomiorun.com\/fr\/#website\"},\"primaryImageOfPage\":{\"@id\":\"https:\/\/www.miomiorun.com\/fr\/produit\/la-sportiva-dash-long-sleeve-femme\/#primaryimage\"},\"image\":{\"@id\":\"https:\/\/www.miomiorun.com\/fr\/produit\/la-sportiva-dash-long-sleeve-femme\/#primaryimage\"},\"thumbnailUrl\":\"https:\/\/www.miomiorun.com\/app\/uploads\/2020\/05\/Dash-long-sleeve-W-wine-orchid.jpg\",\"datePublished\":\"2020-05-03T07:42:20+00:00\",\"dateModified\":\"2026-01-28T11:22:36+00:00\",\"description\":\"Dash Long Sleeve est une premi\u00e8re couche thermique et respirante pour un excellent confort climatique actif, r\u00e9alis\u00e9e en tissu tricot\u00e9.\",\"breadcrumb\":{\"@id\":\"https:\/\/www.miomiorun.com\/fr\/produit\/la-sportiva-dash-long-sleeve-femme\/#breadcrumb\"},\"inLanguage\":\"fr-FR\",\"potentialAction\":[{\"@type\":\"ReadAction\",\"target\":[\"https:\/\/www.miomiorun.com\/fr\/produit\/la-sportiva-dash-long-sleeve-femme\/\"]}]},{\"@type\":\"ImageObject\",\"inLanguage\":\"fr-FR\",\"@id\":\"https:\/\/www.miomiorun.com\/fr\/produit\/la-sportiva-dash-long-sleeve-femme\/#primaryimage\",\"url\":\"https:\/\/www.miomiorun.com\/app\/uploads\/2020\/05\/Dash-long-sleeve-W-wine-orchid.jpg\",\"contentUrl\":\"https:\/\/www.miomiorun.com\/app\/uploads\/2020\/05\/Dash-long-sleeve-W-wine-orchid.jpg\",\"width\":600,\"height\":600,\"caption\":\"Dash Long Sleeve \u00e8 un primo strato termico e traspirante per un ottimo comfort climatico attivo, realizzato in tessuto knit.\"},{\"@type\":\"BreadcrumbList\",\"@id\":\"https:\/\/www.miomiorun.com\/fr\/produit\/la-sportiva-dash-long-sleeve-femme\/#breadcrumb\",\"itemListElement\":[{\"@type\":\"ListItem\",\"position\":1,\"name\":\"Home\",\"item\":\"https:\/\/www.miomiorun.com\/fr\/home-page\/\"},{\"@type\":\"ListItem\",\"position\":2,\"name\":\"Shop\",\"item\":\"https:\/\/www.miomiorun.com\/shop\/\"},{\"@type\":\"ListItem\",\"position\":3,\"name\":\"Dash Long Sleeve femme\"}]},{\"@type\":\"WebSite\",\"@id\":\"https:\/\/www.miomiorun.com\/fr\/#website\",\"url\":\"https:\/\/www.miomiorun.com\/fr\/\",\"name\":\"MioMioRun\",\"description\":\"Boutique 100% running et trail\",\"publisher\":{\"@id\":\"https:\/\/www.miomiorun.com\/fr\/#organization\"},\"potentialAction\":[{\"@type\":\"SearchAction\",\"target\":{\"@type\":\"EntryPoint\",\"urlTemplate\":\"https:\/\/www.miomiorun.com\/fr\/?s={search_term_string}\"},\"query-input\":{\"@type\":\"PropertyValueSpecification\",\"valueRequired\":true,\"valueName\":\"search_term_string\"}}],\"inLanguage\":\"fr-FR\"},{\"@type\":\"Organization\",\"@id\":\"https:\/\/www.miomiorun.com\/fr\/#organization\",\"name\":\"MioMio Run\",\"url\":\"https:\/\/www.miomiorun.com\/fr\/\",\"logo\":{\"@type\":\"ImageObject\",\"inLanguage\":\"fr-FR\",\"@id\":\"https:\/\/www.miomiorun.com\/fr\/#\/schema\/logo\/image\/\",\"url\":\"https:\/\/www.miomiorun.com\/app\/uploads\/2019\/12\/logomio.png\",\"contentUrl\":\"https:\/\/www.miomiorun.com\/app\/uploads\/2019\/12\/logomio.png\",\"width\":115,\"height\":82,\"caption\":\"MioMio Run\"},\"image\":{\"@id\":\"https:\/\/www.miomiorun.com\/fr\/#\/schema\/logo\/image\/\"},\"sameAs\":[\"https:\/\/www.facebook.com\/miomiorun\/\",\"https:\/\/www.instagram.com\/miomiorun\/\"]}]}<\/script>\n<!-- \/ Yoast SEO plugin. -->","yoast_head_json":{"title":"La Sportiva Dash Long Sleeve femme - Maillot de course \u00e0 pied- MioMioRun","description":"Dash Long Sleeve est une premi\u00e8re couche thermique et respirante pour un excellent confort climatique actif, r\u00e9alis\u00e9e en tissu tricot\u00e9.","robots":{"index":"index","follow":"follow","max-snippet":"max-snippet:-1","max-image-preview":"max-image-preview:large","max-video-preview":"max-video-preview:-1"},"canonical":"https:\/\/www.miomiorun.com\/fr\/produit\/la-sportiva-dash-long-sleeve-femme\/","og_locale":"fr_FR","og_type":"article","og_title":"La Sportiva Dash Long Sleeve femme - Maillot de course \u00e0 pied- MioMioRun","og_description":"Dash Long Sleeve est une premi\u00e8re couche thermique et respirante pour un excellent confort climatique actif, r\u00e9alis\u00e9e en tissu tricot\u00e9.","og_url":"https:\/\/www.miomiorun.com\/fr\/produit\/la-sportiva-dash-long-sleeve-femme\/","og_site_name":"MioMioRun","article_publisher":"https:\/\/www.facebook.com\/miomiorun\/","article_modified_time":"2026-01-28T11:22:36+00:00","og_image":[{"width":600,"height":600,"url":"https:\/\/www.miomiorun.com\/app\/uploads\/2020\/05\/Dash-long-sleeve-W-wine-orchid.jpg","type":"image\/jpeg"}],"twitter_card":"summary_large_image","schema":{"@context":"https:\/\/schema.org","@graph":[{"@type":"WebPage","@id":"https:\/\/www.miomiorun.com\/fr\/produit\/la-sportiva-dash-long-sleeve-femme\/","url":"https:\/\/www.miomiorun.com\/fr\/produit\/la-sportiva-dash-long-sleeve-femme\/","name":"La Sportiva Dash Long Sleeve femme - Maillot de course \u00e0 pied- MioMioRun","isPartOf":{"@id":"https:\/\/www.miomiorun.com\/fr\/#website"},"primaryImageOfPage":{"@id":"https:\/\/www.miomiorun.com\/fr\/produit\/la-sportiva-dash-long-sleeve-femme\/#primaryimage"},"image":{"@id":"https:\/\/www.miomiorun.com\/fr\/produit\/la-sportiva-dash-long-sleeve-femme\/#primaryimage"},"thumbnailUrl":"https:\/\/www.miomiorun.com\/app\/uploads\/2020\/05\/Dash-long-sleeve-W-wine-orchid.jpg","datePublished":"2020-05-03T07:42:20+00:00","dateModified":"2026-01-28T11:22:36+00:00","description":"Dash Long Sleeve est une premi\u00e8re couche thermique et respirante pour un excellent confort climatique actif, r\u00e9alis\u00e9e en tissu tricot\u00e9.","breadcrumb":{"@id":"https:\/\/www.miomiorun.com\/fr\/produit\/la-sportiva-dash-long-sleeve-femme\/#breadcrumb"},"inLanguage":"fr-FR","potentialAction":[{"@type":"ReadAction","target":["https:\/\/www.miomiorun.com\/fr\/produit\/la-sportiva-dash-long-sleeve-femme\/"]}]},{"@type":"ImageObject","inLanguage":"fr-FR","@id":"https:\/\/www.miomiorun.com\/fr\/produit\/la-sportiva-dash-long-sleeve-femme\/#primaryimage","url":"https:\/\/www.miomiorun.com\/app\/uploads\/2020\/05\/Dash-long-sleeve-W-wine-orchid.jpg","contentUrl":"https:\/\/www.miomiorun.com\/app\/uploads\/2020\/05\/Dash-long-sleeve-W-wine-orchid.jpg","width":600,"height":600,"caption":"Dash Long Sleeve \u00e8 un primo strato termico e traspirante per un ottimo comfort climatico attivo, realizzato in tessuto knit."},{"@type":"BreadcrumbList","@id":"https:\/\/www.miomiorun.com\/fr\/produit\/la-sportiva-dash-long-sleeve-femme\/#breadcrumb","itemListElement":[{"@type":"ListItem","position":1,"name":"Home","item":"https:\/\/www.miomiorun.com\/fr\/home-page\/"},{"@type":"ListItem","position":2,"name":"Shop","item":"https:\/\/www.miomiorun.com\/shop\/"},{"@type":"ListItem","position":3,"name":"Dash Long Sleeve femme"}]},{"@type":"WebSite","@id":"https:\/\/www.miomiorun.com\/fr\/#website","url":"https:\/\/www.miomiorun.com\/fr\/","name":"MioMioRun","description":"Boutique 100% running et trail","publisher":{"@id":"https:\/\/www.miomiorun.com\/fr\/#organization"},"potentialAction":[{"@type":"SearchAction","target":{"@type":"EntryPoint","urlTemplate":"https:\/\/www.miomiorun.com\/fr\/?s={search_term_string}"},"query-input":{"@type":"PropertyValueSpecification","valueRequired":true,"valueName":"search_term_string"}}],"inLanguage":"fr-FR"},{"@type":"Organization","@id":"https:\/\/www.miomiorun.com\/fr\/#organization","name":"MioMio Run","url":"https:\/\/www.miomiorun.com\/fr\/","logo":{"@type":"ImageObject","inLanguage":"fr-FR","@id":"https:\/\/www.miomiorun.com\/fr\/#\/schema\/logo\/image\/","url":"https:\/\/www.miomiorun.com\/app\/uploads\/2019\/12\/logomio.png","contentUrl":"https:\/\/www.miomiorun.com\/app\/uploads\/2019\/12\/logomio.png","width":115,"height":82,"caption":"MioMio Run"},"image":{"@id":"https:\/\/www.miomiorun.com\/fr\/#\/schema\/logo\/image\/"},"sameAs":["https:\/\/www.facebook.com\/miomiorun\/","https:\/\/www.instagram.com\/miomiorun\/"]}]}},"_links":{"self":[{"href":"https:\/\/www.miomiorun.com\/fr\/wp-json\/wp\/v2\/product\/275404","targetHints":{"allow":["GET"]}}],"collection":[{"href":"https:\/\/www.miomiorun.com\/fr\/wp-json\/wp\/v2\/product"}],"about":[{"href":"https:\/\/www.miomiorun.com\/fr\/wp-json\/wp\/v2\/types\/product"}],"wp:featuredmedia":[{"embeddable":true,"href":"https:\/\/www.miomiorun.com\/fr\/wp-json\/wp\/v2\/media\/229897"}],"wp:attachment":[{"href":"https:\/\/www.miomiorun.com\/fr\/wp-json\/wp\/v2\/media?parent=275404"}],"wp:term":[{"taxonomy":"product_brand","embeddable":true,"href":"https:\/\/www.miomiorun.com\/fr\/wp-json\/wp\/v2\/product_brand?post=275404"},{"taxonomy":"product_cat","embeddable":true,"href":"https:\/\/www.miomiorun.com\/fr\/wp-json\/wp\/v2\/product_cat?post=275404"},{"taxonomy":"product_tag","embeddable":true,"href":"https:\/\/www.miomiorun.com\/fr\/wp-json\/wp\/v2\/product_tag?post=275404"}],"curies":[{"name":"wp","href":"https:\/\/api.w.org\/{rel}","templated":true}]}}