{"id":275402,"date":"2020-05-05T19:21:33","date_gmt":"2020-05-05T17:21:33","guid":{"rendered":"https:\/\/miomiorun.com\/prodotto\/la-sportiva-vector-short-donna\/"},"modified":"2026-01-28T12:21:51","modified_gmt":"2026-01-28T11:21:51","slug":"la-sportiva-vector-short-femme","status":"publish","type":"product","link":"https:\/\/www.miomiorun.com\/fr\/produit\/la-sportiva-vector-short-femme\/","title":{"rendered":"Vector Short femme"},"content":{"rendered":"<p>Vector Short est le short de trail running d\u00e9di\u00e9 \u00e0 l&#8217;utilisation en comp\u00e9tition par les athl\u00e8tes les plus exigeantes. La construction particuli\u00e8re de la taille permet de ranger de petits objets gr\u00e2ce \u00e0 un syst\u00e8me escamotable. La poche arri\u00e8re zipp\u00e9e et les d\u00e9tails r\u00e9fl\u00e9chissants augmentent la polyvalence du v\u00eatement, tandis que l&#8217;utilisation de mat\u00e9riaux l\u00e9gers et \u00e9lastiques permet une libert\u00e9 de mouvement maximale. Int\u00e9rieur confortable sans coutures.<\/p>\n<p>+ 1 poche arri\u00e8re zipp\u00e9e<br \/>\n+ Construction \u00e0 rangements multiples \u00e0 la taille<br \/>\n+ Slip int\u00e9rieur anti-frottements<br \/>\n+ Syst\u00e8me de ventilation body-mapping<br \/>\n+ Traitement anti-frottements avec technologie Sensitive\u00ae Life Unito fabric<br \/>\n+ D\u00e9tails r\u00e9fl\u00e9chissants<\/p>\n<p><b>Coupe : <\/b>Regular<br \/>\n<b>Mat\u00e9riaux : <\/b>Tissu ext\u00e9rieur : (PW07) 86 % polyester, 14 % \u00e9lasthanne Tissu int\u00e9rieur et ceinture : (PN06) GOAQ (Sensitive\u00ae Life Unito &#8211; Eurojersey) : 71 % PA, 29 % EA<br \/>\n<b>Poids : <\/b>130 g (M)<\/p>\n","protected":false},"excerpt":{"rendered":"<p>Vector Short est le short de trail running d\u00e9di\u00e9 \u00e0 l&#8217;utilisation en comp\u00e9tition par les athl\u00e8tes les plus exigeantes. La construction particuli\u00e8re de la taille permet de ranger de petits objets gr\u00e2ce \u00e0 un syst\u00e8me escamotable. La poche arri\u00e8re zipp\u00e9e et les d\u00e9tails r\u00e9fl\u00e9chissants augmentent la polyvalence du v\u00eatement, tandis que l&#8217;utilisation de mat\u00e9riaux l\u00e9gers &hellip; <a href=\"https:\/\/www.miomiorun.com\/fr\/produit\/la-sportiva-vector-short-femme\/\">Continued<\/a><\/p>\n","protected":false},"featured_media":240579,"template":"","meta":{"_acf_changed":false,"inline_featured_image":false},"product_brand":[],"product_cat":[24438,24444],"product_tag":[23597,23601],"class_list":{"0":"post-275402","1":"product","2":"type-product","3":"status-publish","4":"has-post-thumbnail","6":"product_cat-pantalon-court-fr-2","7":"product_cat-vetements-pour-femmes-fr","8":"product_tag-la-sportiva-fr","9":"product_tag-la-sportiva-femme","10":"pa_attivita-trail-fr","11":"pa_colore-vector-short-w-hibiscus-malibu-blue-fr","12":"pa_colore-vector-short-w-malibu-blue-hibiscus-fr","13":"pa_marca-la-sportiva-fr","14":"pa_sesso-femme","15":"pa_size-small-fr","16":"pa_size-medium-fr","18":"first","19":"instock","20":"sale","21":"taxable","22":"shipping-taxable","23":"purchasable","24":"product-type-variable","25":"wvs-archive-product-wrapper"},"acf":[],"yoast_head":"<!-- This site is optimized with the Yoast SEO plugin v26.8 - https:\/\/yoast.com\/product\/yoast-seo-wordpress\/ -->\n<title>La Sportiva Vector Short femme - Shorts pour femmes - MioMioRun<\/title>\n<meta name=\"description\" content=\"Vector Short est le short de trail running d\u00e9di\u00e9 aux athl\u00e8tes les plus exigeantes. Ses mati\u00e8res l\u00e9g\u00e8res et \u00e9lastiques offrent une libert\u00e9 de mouvement maximale.\" \/>\n<meta name=\"robots\" content=\"index, follow, max-snippet:-1, max-image-preview:large, max-video-preview:-1\" \/>\n<link rel=\"canonical\" href=\"https:\/\/www.miomiorun.com\/fr\/produit\/la-sportiva-vector-short-femme\/\" \/>\n<meta property=\"og:locale\" content=\"fr_FR\" \/>\n<meta property=\"og:type\" content=\"article\" \/>\n<meta property=\"og:title\" content=\"La Sportiva Vector Short femme - Shorts pour femmes - MioMioRun\" \/>\n<meta property=\"og:description\" content=\"Vector Short est le short de trail running d\u00e9di\u00e9 aux athl\u00e8tes les plus exigeantes. Ses mati\u00e8res l\u00e9g\u00e8res et \u00e9lastiques offrent une libert\u00e9 de mouvement maximale.\" \/>\n<meta property=\"og:url\" content=\"https:\/\/www.miomiorun.com\/fr\/produit\/la-sportiva-vector-short-femme\/\" \/>\n<meta property=\"og:site_name\" content=\"MioMioRun\" \/>\n<meta property=\"article:publisher\" content=\"https:\/\/www.facebook.com\/miomiorun\/\" \/>\n<meta property=\"article:modified_time\" content=\"2026-01-28T11:21:51+00:00\" \/>\n<meta property=\"og:image\" content=\"https:\/\/www.miomiorun.com\/app\/uploads\/2023\/05\/la-sportiva-vector-short-W-hibiscus-malibu-blue-Q51402602.jpg\" \/>\n\t<meta property=\"og:image:width\" content=\"600\" \/>\n\t<meta property=\"og:image:height\" content=\"600\" \/>\n\t<meta property=\"og:image:type\" content=\"image\/jpeg\" \/>\n<meta name=\"twitter:card\" content=\"summary_large_image\" \/>\n<meta name=\"twitter:label1\" content=\"Est. reading time\" \/>\n\t<meta name=\"twitter:data1\" content=\"1 minute\" \/>\n<script type=\"application\/ld+json\" class=\"yoast-schema-graph\">{\"@context\":\"https:\/\/schema.org\",\"@graph\":[{\"@type\":\"WebPage\",\"@id\":\"https:\/\/www.miomiorun.com\/fr\/produit\/la-sportiva-vector-short-femme\/\",\"url\":\"https:\/\/www.miomiorun.com\/fr\/produit\/la-sportiva-vector-short-femme\/\",\"name\":\"La Sportiva Vector Short femme - Shorts pour femmes - MioMioRun\",\"isPartOf\":{\"@id\":\"https:\/\/www.miomiorun.com\/fr\/#website\"},\"primaryImageOfPage\":{\"@id\":\"https:\/\/www.miomiorun.com\/fr\/produit\/la-sportiva-vector-short-femme\/#primaryimage\"},\"image\":{\"@id\":\"https:\/\/www.miomiorun.com\/fr\/produit\/la-sportiva-vector-short-femme\/#primaryimage\"},\"thumbnailUrl\":\"https:\/\/www.miomiorun.com\/app\/uploads\/2023\/05\/la-sportiva-vector-short-W-hibiscus-malibu-blue-Q51402602.jpg\",\"datePublished\":\"2020-05-05T17:21:33+00:00\",\"dateModified\":\"2026-01-28T11:21:51+00:00\",\"description\":\"Vector Short est le short de trail running d\u00e9di\u00e9 aux athl\u00e8tes les plus exigeantes. Ses mati\u00e8res l\u00e9g\u00e8res et \u00e9lastiques offrent une libert\u00e9 de mouvement maximale.\",\"breadcrumb\":{\"@id\":\"https:\/\/www.miomiorun.com\/fr\/produit\/la-sportiva-vector-short-femme\/#breadcrumb\"},\"inLanguage\":\"fr-FR\",\"potentialAction\":[{\"@type\":\"ReadAction\",\"target\":[\"https:\/\/www.miomiorun.com\/fr\/produit\/la-sportiva-vector-short-femme\/\"]}]},{\"@type\":\"ImageObject\",\"inLanguage\":\"fr-FR\",\"@id\":\"https:\/\/www.miomiorun.com\/fr\/produit\/la-sportiva-vector-short-femme\/#primaryimage\",\"url\":\"https:\/\/www.miomiorun.com\/app\/uploads\/2023\/05\/la-sportiva-vector-short-W-hibiscus-malibu-blue-Q51402602.jpg\",\"contentUrl\":\"https:\/\/www.miomiorun.com\/app\/uploads\/2023\/05\/la-sportiva-vector-short-W-hibiscus-malibu-blue-Q51402602.jpg\",\"width\":600,\"height\":600,\"caption\":\"la-sportiva-vector-short-W-hibiscus-malibu-blue-Q51402602\"},{\"@type\":\"BreadcrumbList\",\"@id\":\"https:\/\/www.miomiorun.com\/fr\/produit\/la-sportiva-vector-short-femme\/#breadcrumb\",\"itemListElement\":[{\"@type\":\"ListItem\",\"position\":1,\"name\":\"Home\",\"item\":\"https:\/\/www.miomiorun.com\/fr\/home-page\/\"},{\"@type\":\"ListItem\",\"position\":2,\"name\":\"Shop\",\"item\":\"https:\/\/www.miomiorun.com\/shop\/\"},{\"@type\":\"ListItem\",\"position\":3,\"name\":\"Vector Short femme\"}]},{\"@type\":\"WebSite\",\"@id\":\"https:\/\/www.miomiorun.com\/fr\/#website\",\"url\":\"https:\/\/www.miomiorun.com\/fr\/\",\"name\":\"MioMioRun\",\"description\":\"Boutique 100% running et trail\",\"publisher\":{\"@id\":\"https:\/\/www.miomiorun.com\/fr\/#organization\"},\"potentialAction\":[{\"@type\":\"SearchAction\",\"target\":{\"@type\":\"EntryPoint\",\"urlTemplate\":\"https:\/\/www.miomiorun.com\/fr\/?s={search_term_string}\"},\"query-input\":{\"@type\":\"PropertyValueSpecification\",\"valueRequired\":true,\"valueName\":\"search_term_string\"}}],\"inLanguage\":\"fr-FR\"},{\"@type\":\"Organization\",\"@id\":\"https:\/\/www.miomiorun.com\/fr\/#organization\",\"name\":\"MioMio Run\",\"url\":\"https:\/\/www.miomiorun.com\/fr\/\",\"logo\":{\"@type\":\"ImageObject\",\"inLanguage\":\"fr-FR\",\"@id\":\"https:\/\/www.miomiorun.com\/fr\/#\/schema\/logo\/image\/\",\"url\":\"https:\/\/www.miomiorun.com\/app\/uploads\/2019\/12\/logomio.png\",\"contentUrl\":\"https:\/\/www.miomiorun.com\/app\/uploads\/2019\/12\/logomio.png\",\"width\":115,\"height\":82,\"caption\":\"MioMio Run\"},\"image\":{\"@id\":\"https:\/\/www.miomiorun.com\/fr\/#\/schema\/logo\/image\/\"},\"sameAs\":[\"https:\/\/www.facebook.com\/miomiorun\/\",\"https:\/\/www.instagram.com\/miomiorun\/\"]}]}<\/script>\n<!-- \/ Yoast SEO plugin. -->","yoast_head_json":{"title":"La Sportiva Vector Short femme - Shorts pour femmes - MioMioRun","description":"Vector Short est le short de trail running d\u00e9di\u00e9 aux athl\u00e8tes les plus exigeantes. Ses mati\u00e8res l\u00e9g\u00e8res et \u00e9lastiques offrent une libert\u00e9 de mouvement maximale.","robots":{"index":"index","follow":"follow","max-snippet":"max-snippet:-1","max-image-preview":"max-image-preview:large","max-video-preview":"max-video-preview:-1"},"canonical":"https:\/\/www.miomiorun.com\/fr\/produit\/la-sportiva-vector-short-femme\/","og_locale":"fr_FR","og_type":"article","og_title":"La Sportiva Vector Short femme - Shorts pour femmes - MioMioRun","og_description":"Vector Short est le short de trail running d\u00e9di\u00e9 aux athl\u00e8tes les plus exigeantes. Ses mati\u00e8res l\u00e9g\u00e8res et \u00e9lastiques offrent une libert\u00e9 de mouvement maximale.","og_url":"https:\/\/www.miomiorun.com\/fr\/produit\/la-sportiva-vector-short-femme\/","og_site_name":"MioMioRun","article_publisher":"https:\/\/www.facebook.com\/miomiorun\/","article_modified_time":"2026-01-28T11:21:51+00:00","og_image":[{"width":600,"height":600,"url":"https:\/\/www.miomiorun.com\/app\/uploads\/2023\/05\/la-sportiva-vector-short-W-hibiscus-malibu-blue-Q51402602.jpg","type":"image\/jpeg"}],"twitter_card":"summary_large_image","twitter_misc":{"Est. reading time":"1 minute"},"schema":{"@context":"https:\/\/schema.org","@graph":[{"@type":"WebPage","@id":"https:\/\/www.miomiorun.com\/fr\/produit\/la-sportiva-vector-short-femme\/","url":"https:\/\/www.miomiorun.com\/fr\/produit\/la-sportiva-vector-short-femme\/","name":"La Sportiva Vector Short femme - Shorts pour femmes - MioMioRun","isPartOf":{"@id":"https:\/\/www.miomiorun.com\/fr\/#website"},"primaryImageOfPage":{"@id":"https:\/\/www.miomiorun.com\/fr\/produit\/la-sportiva-vector-short-femme\/#primaryimage"},"image":{"@id":"https:\/\/www.miomiorun.com\/fr\/produit\/la-sportiva-vector-short-femme\/#primaryimage"},"thumbnailUrl":"https:\/\/www.miomiorun.com\/app\/uploads\/2023\/05\/la-sportiva-vector-short-W-hibiscus-malibu-blue-Q51402602.jpg","datePublished":"2020-05-05T17:21:33+00:00","dateModified":"2026-01-28T11:21:51+00:00","description":"Vector Short est le short de trail running d\u00e9di\u00e9 aux athl\u00e8tes les plus exigeantes. Ses mati\u00e8res l\u00e9g\u00e8res et \u00e9lastiques offrent une libert\u00e9 de mouvement maximale.","breadcrumb":{"@id":"https:\/\/www.miomiorun.com\/fr\/produit\/la-sportiva-vector-short-femme\/#breadcrumb"},"inLanguage":"fr-FR","potentialAction":[{"@type":"ReadAction","target":["https:\/\/www.miomiorun.com\/fr\/produit\/la-sportiva-vector-short-femme\/"]}]},{"@type":"ImageObject","inLanguage":"fr-FR","@id":"https:\/\/www.miomiorun.com\/fr\/produit\/la-sportiva-vector-short-femme\/#primaryimage","url":"https:\/\/www.miomiorun.com\/app\/uploads\/2023\/05\/la-sportiva-vector-short-W-hibiscus-malibu-blue-Q51402602.jpg","contentUrl":"https:\/\/www.miomiorun.com\/app\/uploads\/2023\/05\/la-sportiva-vector-short-W-hibiscus-malibu-blue-Q51402602.jpg","width":600,"height":600,"caption":"la-sportiva-vector-short-W-hibiscus-malibu-blue-Q51402602"},{"@type":"BreadcrumbList","@id":"https:\/\/www.miomiorun.com\/fr\/produit\/la-sportiva-vector-short-femme\/#breadcrumb","itemListElement":[{"@type":"ListItem","position":1,"name":"Home","item":"https:\/\/www.miomiorun.com\/fr\/home-page\/"},{"@type":"ListItem","position":2,"name":"Shop","item":"https:\/\/www.miomiorun.com\/shop\/"},{"@type":"ListItem","position":3,"name":"Vector Short femme"}]},{"@type":"WebSite","@id":"https:\/\/www.miomiorun.com\/fr\/#website","url":"https:\/\/www.miomiorun.com\/fr\/","name":"MioMioRun","description":"Boutique 100% running et trail","publisher":{"@id":"https:\/\/www.miomiorun.com\/fr\/#organization"},"potentialAction":[{"@type":"SearchAction","target":{"@type":"EntryPoint","urlTemplate":"https:\/\/www.miomiorun.com\/fr\/?s={search_term_string}"},"query-input":{"@type":"PropertyValueSpecification","valueRequired":true,"valueName":"search_term_string"}}],"inLanguage":"fr-FR"},{"@type":"Organization","@id":"https:\/\/www.miomiorun.com\/fr\/#organization","name":"MioMio Run","url":"https:\/\/www.miomiorun.com\/fr\/","logo":{"@type":"ImageObject","inLanguage":"fr-FR","@id":"https:\/\/www.miomiorun.com\/fr\/#\/schema\/logo\/image\/","url":"https:\/\/www.miomiorun.com\/app\/uploads\/2019\/12\/logomio.png","contentUrl":"https:\/\/www.miomiorun.com\/app\/uploads\/2019\/12\/logomio.png","width":115,"height":82,"caption":"MioMio Run"},"image":{"@id":"https:\/\/www.miomiorun.com\/fr\/#\/schema\/logo\/image\/"},"sameAs":["https:\/\/www.facebook.com\/miomiorun\/","https:\/\/www.instagram.com\/miomiorun\/"]}]}},"_links":{"self":[{"href":"https:\/\/www.miomiorun.com\/fr\/wp-json\/wp\/v2\/product\/275402","targetHints":{"allow":["GET"]}}],"collection":[{"href":"https:\/\/www.miomiorun.com\/fr\/wp-json\/wp\/v2\/product"}],"about":[{"href":"https:\/\/www.miomiorun.com\/fr\/wp-json\/wp\/v2\/types\/product"}],"wp:featuredmedia":[{"embeddable":true,"href":"https:\/\/www.miomiorun.com\/fr\/wp-json\/wp\/v2\/media\/240579"}],"wp:attachment":[{"href":"https:\/\/www.miomiorun.com\/fr\/wp-json\/wp\/v2\/media?parent=275402"}],"wp:term":[{"taxonomy":"product_brand","embeddable":true,"href":"https:\/\/www.miomiorun.com\/fr\/wp-json\/wp\/v2\/product_brand?post=275402"},{"taxonomy":"product_cat","embeddable":true,"href":"https:\/\/www.miomiorun.com\/fr\/wp-json\/wp\/v2\/product_cat?post=275402"},{"taxonomy":"product_tag","embeddable":true,"href":"https:\/\/www.miomiorun.com\/fr\/wp-json\/wp\/v2\/product_tag?post=275402"}],"curies":[{"name":"wp","href":"https:\/\/api.w.org\/{rel}","templated":true}]}}