{"id":275310,"date":"2020-05-11T18:52:26","date_gmt":"2020-05-11T16:52:26","guid":{"rendered":"https:\/\/miomiorun.com\/prodotto\/tacx-flux-s-smart-trainer\/"},"modified":"2025-04-24T19:27:52","modified_gmt":"2025-04-24T17:27:52","slug":"tacx-flux-s-smart-trainer","status":"publish","type":"product","link":"https:\/\/www.miomiorun.com\/fr\/produit\/tacx-flux-s-smart-trainer\/","title":{"rendered":"FLUX S Smart Trainer"},"content":{"rendered":"<p><div class=\"vc-row container\"><div class=\"vc-column\"><div class=\"vc-column-text\"><\/p>\n<h2 class=\"app__overview__intro__title light center\" data-test=\"gc__heading\" data-v-5b9e0d04=\"\">UN SMART TRAINER AVEC TOUTES LES FONCTIONNALIT\u00c9S<\/h2>\n<div class=\"app__overview__intro__description gc__copy gc__copy--light gc__copy--center gc__copy--large\" data-test=\"gc__copy\" data-v-f2ba670e=\"\">\n<p>Vous recherchez un appareil d&#8217;entra\u00eenement intelligent avec transmission directe ? Le FLUX S Smart est le compagnon id\u00e9al pour l&#8217;entra\u00eenement en salle, compatible avec vos applications pr\u00e9f\u00e9r\u00e9es.<\/p>\n<\/div>\n<p><\/div><\/div><\/div><div class=\"vc-row container\"><div class=\"vc-column\"><div class=\"vc-column-text\"><\/p>\n<div class=\"app__feature__card\">\n<p><img decoding=\"async\" class=\"app__feature__card__image\" src=\"https:\/\/static.garmincdn.com\/gdc\/Product_Pages\/ICONS\/Measure_Data.svg\" alt=\"\" \/><\/p>\n<h3 class=\"app__feature__card__title light left\" data-test=\"gc__heading\" data-v-5b9e0d04=\"\"><\/h3>\n<p class=\"app__feature__card__description\">C&#8217;est important pour vous. C&#8217;est pourquoi nous mesurons vos donn\u00e9es avec une pr\u00e9cision de 3 %.<\/p>\n<\/div>\n<p><\/div><\/div><div class=\"vc-column\"><div class=\"vc-column-text\"><\/p>\n<div class=\"app__feature__card\">\n<p><img decoding=\"async\" class=\"app__feature__card__image\" src=\"https:\/\/static.garmincdn.com\/gdc\/Product_Pages\/ICONS\/Silent_Internal_Design.svg\" alt=\"\" \/><\/p>\n<h3 class=\"app__feature__card__title light left\" data-test=\"gc__heading\" data-v-5b9e0d04=\"\"><\/h3>\n<p class=\"app__feature__card__description\">Continuez \u00e0 p\u00e9daler sans penser \u00e0 la fatigue. Ce trainer est extr\u00eamement silencieux<\/p>\n<\/div>\n<p><\/div><\/div><div class=\"vc-column\"><div class=\"vc-column-text\"><\/p>\n<div class=\"app__feature__card\">\n<p><img decoding=\"async\" class=\"app__feature__card__image\" src=\"https:\/\/static.garmincdn.com\/gdc\/Product_Pages\/ICONS\/Compatible_with_3rd_Party_Apps.svg\" alt=\"\" \/><\/p>\n<h3 class=\"app__feature__card__title light left\" data-test=\"gc__heading\" data-v-5b9e0d04=\"\"><\/h3>\n<p class=\"app__feature__card__description\">Grimpez dans le classement avec vos applications pr\u00e9f\u00e9r\u00e9es, notamment Zwift et Tacx.<\/p>\n<\/div>\n<p><\/div><\/div><div class=\"vc-column\"><div class=\"vc-column-text\"><\/p>\n<div class=\"app__feature__card\">\n<p><img decoding=\"async\" class=\"app__feature__card__image\" src=\"https:\/\/static.garmincdn.com\/gdc\/Product_Pages\/ICONS\/Simulate_Inclines.svg\" alt=\"\" \/><\/p>\n<h3 class=\"app__feature__card__title light left\" data-test=\"gc__heading\" data-v-5b9e0d04=\"\"><\/h3>\n<p class=\"app__feature__card__description\">D\u00e9vorez l&#8217;asphalte. Les mont\u00e9es simul\u00e9es peuvent r\u00e9sister \u00e0 vos sprints les plus explosifs.<\/p>\n<\/div>\n<p><\/div><\/div><div class=\"vc-column\"><div class=\"vc-column-text\"><\/p>\n<div class=\"app__feature__card\">\n<p><img decoding=\"async\" class=\"app__feature__card__image\" src=\"https:\/\/static.garmincdn.com\/gdc\/Product_Pages\/ICONS\/stride-length.svg\" alt=\"\" \/><\/p>\n<h3 class=\"app__feature__card__title light left\" data-test=\"gc__heading\" data-v-5b9e0d04=\"\"><\/h3>\n<p class=\"app__feature__card__description\">P\u00e9dalez en position assise ou debout. Avec cet appareil, vous pouvez faire ce qui suit<\/p>\n<\/div>\n<p><\/div><\/div><\/div><div class=\"vc-row container\"><div class=\"vc-column\"><div class=\"vc-column-text\"><\/p>\n<div class=\"app__feature__card\">\n<h3 class=\"app__feature__card__title light left\" data-test=\"gc__heading\" data-v-5b9e0d04=\"\">PR\u00c9CIS ET FIABLE<\/h3>\n<p class=\"app__feature__card__description\">Suivez vos performances et vos progr\u00e8s gr\u00e2ce \u00e0 des mesures fiables et coh\u00e9rentes. Inclut la puissance, la vitesse et la cadence, mesur\u00e9es avec une pr\u00e9cision de 3 %.<\/p>\n<\/div>\n<p><\/div><\/div><div class=\"vc-column\"><div class=\"vc-column-text\"><\/p>\n<div class=\"app__feature__card\">\n<h3 class=\"app__feature__card__title light left\" data-test=\"gc__heading\" data-v-5b9e0d04=\"\">PR\u00caT POUR LE SPRINT<\/h3>\n<p class=\"app__feature__card__description\">Le design \u00e9quilibr\u00e9 et la grande surface au sol du FLUX S Smart Trainer garantissent une stabilit\u00e9 maximale, m\u00eame lors des sprints les plus explosifs, jusqu&#8217;\u00e0 1 500 watts.<\/p>\n<\/div>\n<p><\/div><\/div><div class=\"vc-column\"><div class=\"vc-column-text\"><\/p>\n<div class=\"app__feature__card\">\n<h3 class=\"app__feature__card__title light left\" data-test=\"gc__heading\" data-v-5b9e0d04=\"\">P\u00c9DALE PLUS HAUTE<\/h3>\n<p class=\"app__feature__card__description\">Tirez le meilleur parti de vos s\u00e9ances d&#8217;entra\u00eenement les plus intenses en vous entra\u00eenant sur des mont\u00e9es simul\u00e9es de fa\u00e7on r\u00e9aliste jusqu&#8217;\u00e0 une pente de 10 %.<\/p>\n<\/div>\n<p><\/div><\/div><div class=\"vc-column\"><div class=\"vc-column-text\"><\/p>\n<div class=\"app__feature__card\">\n<h3 class=\"app__feature__card__title light left\" data-test=\"gc__heading\" data-v-5b9e0d04=\"\">UN P\u00c9DALAGE PLUS R\u00c9ALISTE<\/h3>\n<p class=\"app__feature__card__description\">Un volant d&#8217;inertie lourd de 7 kg garantit une sensation de p\u00e9dalage r\u00e9aliste et une bonne r\u00e9activit\u00e9.<\/p>\n<\/div>\n<p><\/div><\/div><div class=\"vc-column\"><div class=\"vc-column-text\"><\/p>\n<div class=\"app__feature__card\">\n<h3 class=\"app__feature__card__title light left\" data-test=\"gc__heading\" data-v-5b9e0d04=\"\">DOUX ET SILENCIEUX<\/h3>\n<p class=\"app__feature__card__description\">Ce v\u00e9lo d&#8217;entra\u00eenement \u00e0 entra\u00eenement direct est con\u00e7u pour minimiser les vibrations, ce qui en fait l&#8217;un des v\u00e9los d&#8217;entra\u00eenement \u00e9quip\u00e9s d&#8217;un volant d&#8217;inertie les plus silencieux du march\u00e9.<\/p>\n<\/div>\n<p><\/div><\/div><\/div><div class=\"vc-row container\"><div class=\"vc-column\"><div class=\"vc-column-text\"><\/p>\n<div class=\"app__feature__card\">\n<h3 class=\"app__feature__card__title light left\" data-test=\"gc__heading\" data-v-5b9e0d04=\"\">HAUTEMENT COMPATIBLE<\/h3>\n<p class=\"app__feature__card__description\">Le FLUX S Smart communique via la technologie <sup>Bluetooth\u00ae<\/sup> Smart et le protocole <sup>ANT+\u00ae<\/sup> FE-C. Il est donc compatible avec un certain nombre d&#8217;applications d&#8217;entra\u00eenement populaires, telles que TrainerRoad et Zwift.<\/p>\n<\/div>\n<p><\/div><\/div><div class=\"vc-column\"><div class=\"vc-column-text\"><\/p>\n<div class=\"app__feature__card\">\n<h3 class=\"app__feature__card__title light left\" data-test=\"gc__heading\" data-v-5b9e0d04=\"\">MODE AUTONOME<\/h3>\n<p class=\"app__feature__card__description\">Vous pouvez utiliser le rouleau d&#8217;entra\u00eenement en mode autonome. Lorsqu&#8217;il n&#8217;est pas connect\u00e9, il simule une route plate ; plus vous p\u00e9dalez vite, plus la r\u00e9sistance est importante.<\/p>\n<\/div>\n<p><\/div><\/div><div class=\"vc-column\"><div class=\"vc-column-text\"><\/p>\n<div class=\"app__feature__card\">\n<h3 class=\"app__feature__card__title light left\" data-test=\"gc__heading\" data-v-5b9e0d04=\"\">COMPATIBILIT\u00c9 DES APPAREILS<\/h3>\n<p class=\"app__feature__card__description\">Connectez le FLUX S Smart \u00e0 plusieurs appareils simultan\u00e9ment pour utiliser le logiciel Tacx et suivre vos performances sur le <a href=\"https:\/\/buy.garmin.com\/it-IT\/IT\/cCycling-p1.html?series=BRAND482&amp;sorter=featuredProducts-des\">compteur de v\u00e9lo Garmin<\/a>.<\/p>\n<\/div>\n<p><\/div><\/div><div class=\"vc-column\"><div class=\"vc-column-text\"><\/p>\n<div class=\"app__feature__card\">\n<h3 class=\"app__feature__card__title light left\" data-test=\"gc__heading\" data-v-5b9e0d04=\"\">LOGICIEL DE FORMATION TACX<\/h3>\n<p class=\"app__feature__card__description\">B\u00e9n\u00e9ficiez d&#8217;un <a href=\"https:\/\/tacx.com\/product\/tacx-software-features\/\">ensemble<\/a> complet de plus de 100 vid\u00e9os de haute qualit\u00e9, vous permettant de vivre la fr\u00e9n\u00e9sie des sommets escarp\u00e9s des Alpes ou des rues pav\u00e9es de Milan.<\/p>\n<\/div>\n<p><\/div><\/div><div class=\"vc-column\"><div class=\"vc-column-text\"><\/p>\n<div class=\"app__feature__card\">\n<h3 class=\"app__feature__card__title light left\" data-test=\"gc__heading\" data-v-5b9e0d04=\"\">PLANS D&#8217;ENTRA\u00ceNEMENT TACX<\/h3>\n<p class=\"app__feature__card__description\">Profitez de plans d&#8217;entra\u00eenement structur\u00e9s, con\u00e7us en fonction de votre niveau de forme physique, pour vous aider \u00e0 atteindre vos objectifs. Affrontez vos adversaires en temps r\u00e9el, t\u00e9l\u00e9chargez vos donn\u00e9es GPS, roulez avec des cartes en 3D et bien plus encore.<\/p>\n<\/div>\n<p><\/div><\/div><\/div><\/p>\n","protected":false},"excerpt":{"rendered":"","protected":false},"featured_media":229913,"template":"","meta":{"_acf_changed":false,"inline_featured_image":false},"product_brand":[],"product_cat":[22569,22537],"product_tag":[23480,23535],"class_list":{"0":"post-275310","1":"product","2":"type-product","3":"status-publish","4":"has-post-thumbnail","6":"product_cat-entrainement-en-salle","7":"product_cat-garmin-fr","8":"product_tag-garmin-fr","9":"product_tag-tacx-fr","10":"pa_marca-tacx-fr","11":"pa_sesso-femme","12":"pa_sesso-homme","14":"first","15":"instock","16":"sale","17":"taxable","18":"shipping-taxable","19":"purchasable","20":"product-type-simple"},"acf":[],"yoast_head":"<!-- This site is optimized with the Yoast SEO plugin v26.8 - https:\/\/yoast.com\/product\/yoast-seo-wordpress\/ -->\n<title>Tacx FLUX S Smart Trainer - Rouleaux interactifs - MioMioRun<\/title>\n<meta name=\"description\" content=\"Vous recherchez un smart trainer \u00e0 entra\u00eenement direct ? Le FLUX S Smart est le compagnon id\u00e9al pour l&#039;entra\u00eenement en salle, compatible avec vos applications pr\u00e9f\u00e9r\u00e9es.\" \/>\n<meta name=\"robots\" content=\"index, follow, max-snippet:-1, max-image-preview:large, max-video-preview:-1\" \/>\n<link rel=\"canonical\" href=\"https:\/\/www.miomiorun.com\/fr\/produit\/tacx-flux-s-smart-trainer\/\" \/>\n<meta property=\"og:locale\" content=\"fr_FR\" \/>\n<meta property=\"og:type\" content=\"article\" \/>\n<meta property=\"og:title\" content=\"Tacx FLUX S Smart Trainer - Rouleaux interactifs - MioMioRun\" \/>\n<meta property=\"og:description\" content=\"Vous recherchez un smart trainer \u00e0 entra\u00eenement direct ? Le FLUX S Smart est le compagnon id\u00e9al pour l&#039;entra\u00eenement en salle, compatible avec vos applications pr\u00e9f\u00e9r\u00e9es.\" \/>\n<meta property=\"og:url\" content=\"https:\/\/www.miomiorun.com\/fr\/produit\/tacx-flux-s-smart-trainer\/\" \/>\n<meta property=\"og:site_name\" content=\"MioMioRun\" \/>\n<meta property=\"article:publisher\" content=\"https:\/\/www.facebook.com\/miomiorun\/\" \/>\n<meta property=\"article:modified_time\" content=\"2025-04-24T17:27:52+00:00\" \/>\n<meta property=\"og:image\" content=\"https:\/\/www.miomiorun.com\/app\/uploads\/2020\/05\/Tacx-FLUX-S-Smart-Trainer-.jpg\" \/>\n\t<meta property=\"og:image:width\" content=\"600\" \/>\n\t<meta property=\"og:image:height\" content=\"600\" \/>\n\t<meta property=\"og:image:type\" content=\"image\/jpeg\" \/>\n<meta name=\"twitter:card\" content=\"summary_large_image\" \/>\n<meta name=\"twitter:label1\" content=\"Est. reading time\" \/>\n\t<meta name=\"twitter:data1\" content=\"3 minutes\" \/>\n<script type=\"application\/ld+json\" class=\"yoast-schema-graph\">{\"@context\":\"https:\/\/schema.org\",\"@graph\":[{\"@type\":\"WebPage\",\"@id\":\"https:\/\/www.miomiorun.com\/fr\/produit\/tacx-flux-s-smart-trainer\/\",\"url\":\"https:\/\/www.miomiorun.com\/fr\/produit\/tacx-flux-s-smart-trainer\/\",\"name\":\"Tacx FLUX S Smart Trainer - Rouleaux interactifs - MioMioRun\",\"isPartOf\":{\"@id\":\"https:\/\/www.miomiorun.com\/fr\/#website\"},\"primaryImageOfPage\":{\"@id\":\"https:\/\/www.miomiorun.com\/fr\/produit\/tacx-flux-s-smart-trainer\/#primaryimage\"},\"image\":{\"@id\":\"https:\/\/www.miomiorun.com\/fr\/produit\/tacx-flux-s-smart-trainer\/#primaryimage\"},\"thumbnailUrl\":\"https:\/\/www.miomiorun.com\/app\/uploads\/2020\/05\/Tacx-FLUX-S-Smart-Trainer-.jpg\",\"datePublished\":\"2020-05-11T16:52:26+00:00\",\"dateModified\":\"2025-04-24T17:27:52+00:00\",\"description\":\"Vous recherchez un smart trainer \u00e0 entra\u00eenement direct ? Le FLUX S Smart est le compagnon id\u00e9al pour l'entra\u00eenement en salle, compatible avec vos applications pr\u00e9f\u00e9r\u00e9es.\",\"breadcrumb\":{\"@id\":\"https:\/\/www.miomiorun.com\/fr\/produit\/tacx-flux-s-smart-trainer\/#breadcrumb\"},\"inLanguage\":\"fr-FR\",\"potentialAction\":[{\"@type\":\"ReadAction\",\"target\":[\"https:\/\/www.miomiorun.com\/fr\/produit\/tacx-flux-s-smart-trainer\/\"]}]},{\"@type\":\"ImageObject\",\"inLanguage\":\"fr-FR\",\"@id\":\"https:\/\/www.miomiorun.com\/fr\/produit\/tacx-flux-s-smart-trainer\/#primaryimage\",\"url\":\"https:\/\/www.miomiorun.com\/app\/uploads\/2020\/05\/Tacx-FLUX-S-Smart-Trainer-.jpg\",\"contentUrl\":\"https:\/\/www.miomiorun.com\/app\/uploads\/2020\/05\/Tacx-FLUX-S-Smart-Trainer-.jpg\",\"width\":600,\"height\":600,\"caption\":\"Tacx FLUX S Smart Trainer\"},{\"@type\":\"BreadcrumbList\",\"@id\":\"https:\/\/www.miomiorun.com\/fr\/produit\/tacx-flux-s-smart-trainer\/#breadcrumb\",\"itemListElement\":[{\"@type\":\"ListItem\",\"position\":1,\"name\":\"Home\",\"item\":\"https:\/\/www.miomiorun.com\/fr\/home-page\/\"},{\"@type\":\"ListItem\",\"position\":2,\"name\":\"Shop\",\"item\":\"https:\/\/www.miomiorun.com\/shop\/\"},{\"@type\":\"ListItem\",\"position\":3,\"name\":\"FLUX S Smart Trainer\"}]},{\"@type\":\"WebSite\",\"@id\":\"https:\/\/www.miomiorun.com\/fr\/#website\",\"url\":\"https:\/\/www.miomiorun.com\/fr\/\",\"name\":\"MioMioRun\",\"description\":\"Boutique 100% running et trail\",\"publisher\":{\"@id\":\"https:\/\/www.miomiorun.com\/fr\/#organization\"},\"potentialAction\":[{\"@type\":\"SearchAction\",\"target\":{\"@type\":\"EntryPoint\",\"urlTemplate\":\"https:\/\/www.miomiorun.com\/fr\/?s={search_term_string}\"},\"query-input\":{\"@type\":\"PropertyValueSpecification\",\"valueRequired\":true,\"valueName\":\"search_term_string\"}}],\"inLanguage\":\"fr-FR\"},{\"@type\":\"Organization\",\"@id\":\"https:\/\/www.miomiorun.com\/fr\/#organization\",\"name\":\"MioMio Run\",\"url\":\"https:\/\/www.miomiorun.com\/fr\/\",\"logo\":{\"@type\":\"ImageObject\",\"inLanguage\":\"fr-FR\",\"@id\":\"https:\/\/www.miomiorun.com\/fr\/#\/schema\/logo\/image\/\",\"url\":\"https:\/\/www.miomiorun.com\/app\/uploads\/2019\/12\/logomio.png\",\"contentUrl\":\"https:\/\/www.miomiorun.com\/app\/uploads\/2019\/12\/logomio.png\",\"width\":115,\"height\":82,\"caption\":\"MioMio Run\"},\"image\":{\"@id\":\"https:\/\/www.miomiorun.com\/fr\/#\/schema\/logo\/image\/\"},\"sameAs\":[\"https:\/\/www.facebook.com\/miomiorun\/\",\"https:\/\/www.instagram.com\/miomiorun\/\"]}]}<\/script>\n<!-- \/ Yoast SEO plugin. -->","yoast_head_json":{"title":"Tacx FLUX S Smart Trainer - Rouleaux interactifs - MioMioRun","description":"Vous recherchez un smart trainer \u00e0 entra\u00eenement direct ? Le FLUX S Smart est le compagnon id\u00e9al pour l'entra\u00eenement en salle, compatible avec vos applications pr\u00e9f\u00e9r\u00e9es.","robots":{"index":"index","follow":"follow","max-snippet":"max-snippet:-1","max-image-preview":"max-image-preview:large","max-video-preview":"max-video-preview:-1"},"canonical":"https:\/\/www.miomiorun.com\/fr\/produit\/tacx-flux-s-smart-trainer\/","og_locale":"fr_FR","og_type":"article","og_title":"Tacx FLUX S Smart Trainer - Rouleaux interactifs - MioMioRun","og_description":"Vous recherchez un smart trainer \u00e0 entra\u00eenement direct ? Le FLUX S Smart est le compagnon id\u00e9al pour l'entra\u00eenement en salle, compatible avec vos applications pr\u00e9f\u00e9r\u00e9es.","og_url":"https:\/\/www.miomiorun.com\/fr\/produit\/tacx-flux-s-smart-trainer\/","og_site_name":"MioMioRun","article_publisher":"https:\/\/www.facebook.com\/miomiorun\/","article_modified_time":"2025-04-24T17:27:52+00:00","og_image":[{"width":600,"height":600,"url":"https:\/\/www.miomiorun.com\/app\/uploads\/2020\/05\/Tacx-FLUX-S-Smart-Trainer-.jpg","type":"image\/jpeg"}],"twitter_card":"summary_large_image","twitter_misc":{"Est. reading time":"3 minutes"},"schema":{"@context":"https:\/\/schema.org","@graph":[{"@type":"WebPage","@id":"https:\/\/www.miomiorun.com\/fr\/produit\/tacx-flux-s-smart-trainer\/","url":"https:\/\/www.miomiorun.com\/fr\/produit\/tacx-flux-s-smart-trainer\/","name":"Tacx FLUX S Smart Trainer - Rouleaux interactifs - MioMioRun","isPartOf":{"@id":"https:\/\/www.miomiorun.com\/fr\/#website"},"primaryImageOfPage":{"@id":"https:\/\/www.miomiorun.com\/fr\/produit\/tacx-flux-s-smart-trainer\/#primaryimage"},"image":{"@id":"https:\/\/www.miomiorun.com\/fr\/produit\/tacx-flux-s-smart-trainer\/#primaryimage"},"thumbnailUrl":"https:\/\/www.miomiorun.com\/app\/uploads\/2020\/05\/Tacx-FLUX-S-Smart-Trainer-.jpg","datePublished":"2020-05-11T16:52:26+00:00","dateModified":"2025-04-24T17:27:52+00:00","description":"Vous recherchez un smart trainer \u00e0 entra\u00eenement direct ? Le FLUX S Smart est le compagnon id\u00e9al pour l'entra\u00eenement en salle, compatible avec vos applications pr\u00e9f\u00e9r\u00e9es.","breadcrumb":{"@id":"https:\/\/www.miomiorun.com\/fr\/produit\/tacx-flux-s-smart-trainer\/#breadcrumb"},"inLanguage":"fr-FR","potentialAction":[{"@type":"ReadAction","target":["https:\/\/www.miomiorun.com\/fr\/produit\/tacx-flux-s-smart-trainer\/"]}]},{"@type":"ImageObject","inLanguage":"fr-FR","@id":"https:\/\/www.miomiorun.com\/fr\/produit\/tacx-flux-s-smart-trainer\/#primaryimage","url":"https:\/\/www.miomiorun.com\/app\/uploads\/2020\/05\/Tacx-FLUX-S-Smart-Trainer-.jpg","contentUrl":"https:\/\/www.miomiorun.com\/app\/uploads\/2020\/05\/Tacx-FLUX-S-Smart-Trainer-.jpg","width":600,"height":600,"caption":"Tacx FLUX S Smart Trainer"},{"@type":"BreadcrumbList","@id":"https:\/\/www.miomiorun.com\/fr\/produit\/tacx-flux-s-smart-trainer\/#breadcrumb","itemListElement":[{"@type":"ListItem","position":1,"name":"Home","item":"https:\/\/www.miomiorun.com\/fr\/home-page\/"},{"@type":"ListItem","position":2,"name":"Shop","item":"https:\/\/www.miomiorun.com\/shop\/"},{"@type":"ListItem","position":3,"name":"FLUX S Smart Trainer"}]},{"@type":"WebSite","@id":"https:\/\/www.miomiorun.com\/fr\/#website","url":"https:\/\/www.miomiorun.com\/fr\/","name":"MioMioRun","description":"Boutique 100% running et trail","publisher":{"@id":"https:\/\/www.miomiorun.com\/fr\/#organization"},"potentialAction":[{"@type":"SearchAction","target":{"@type":"EntryPoint","urlTemplate":"https:\/\/www.miomiorun.com\/fr\/?s={search_term_string}"},"query-input":{"@type":"PropertyValueSpecification","valueRequired":true,"valueName":"search_term_string"}}],"inLanguage":"fr-FR"},{"@type":"Organization","@id":"https:\/\/www.miomiorun.com\/fr\/#organization","name":"MioMio Run","url":"https:\/\/www.miomiorun.com\/fr\/","logo":{"@type":"ImageObject","inLanguage":"fr-FR","@id":"https:\/\/www.miomiorun.com\/fr\/#\/schema\/logo\/image\/","url":"https:\/\/www.miomiorun.com\/app\/uploads\/2019\/12\/logomio.png","contentUrl":"https:\/\/www.miomiorun.com\/app\/uploads\/2019\/12\/logomio.png","width":115,"height":82,"caption":"MioMio Run"},"image":{"@id":"https:\/\/www.miomiorun.com\/fr\/#\/schema\/logo\/image\/"},"sameAs":["https:\/\/www.facebook.com\/miomiorun\/","https:\/\/www.instagram.com\/miomiorun\/"]}]}},"_links":{"self":[{"href":"https:\/\/www.miomiorun.com\/fr\/wp-json\/wp\/v2\/product\/275310","targetHints":{"allow":["GET"]}}],"collection":[{"href":"https:\/\/www.miomiorun.com\/fr\/wp-json\/wp\/v2\/product"}],"about":[{"href":"https:\/\/www.miomiorun.com\/fr\/wp-json\/wp\/v2\/types\/product"}],"wp:featuredmedia":[{"embeddable":true,"href":"https:\/\/www.miomiorun.com\/fr\/wp-json\/wp\/v2\/media\/229913"}],"wp:attachment":[{"href":"https:\/\/www.miomiorun.com\/fr\/wp-json\/wp\/v2\/media?parent=275310"}],"wp:term":[{"taxonomy":"product_brand","embeddable":true,"href":"https:\/\/www.miomiorun.com\/fr\/wp-json\/wp\/v2\/product_brand?post=275310"},{"taxonomy":"product_cat","embeddable":true,"href":"https:\/\/www.miomiorun.com\/fr\/wp-json\/wp\/v2\/product_cat?post=275310"},{"taxonomy":"product_tag","embeddable":true,"href":"https:\/\/www.miomiorun.com\/fr\/wp-json\/wp\/v2\/product_tag?post=275310"}],"curies":[{"name":"wp","href":"https:\/\/api.w.org\/{rel}","templated":true}]}}