{"id":275307,"date":"2020-05-21T16:30:49","date_gmt":"2020-05-21T14:30:49","guid":{"rendered":"https:\/\/miomiorun.com\/prodotto\/la-sportiva-mutant-donna\/"},"modified":"2026-05-08T20:41:35","modified_gmt":"2026-05-08T18:41:35","slug":"la-sportiva-mutant-femme","status":"publish","type":"product","link":"https:\/\/www.miomiorun.com\/fr\/produit\/la-sportiva-mutant-femme\/","title":{"rendered":"Mutant femme"},"content":{"rendered":"<div class=\"vc-row container\"><div class=\"vc-column\"><div class=\"vc-column-text\"><\/p>\n<p><strong>Caract\u00e9ristiques techniques<\/strong><\/p>\n<p>Cat\u00e9gorie : amorti sup\u00e9rieur<br \/>\nD\u00e9calage : 10 mm<br \/>\nPoids : 600 g<br \/>\nId\u00e9al pour : les coureurs et les randonneurs en montagne \u00e0 la recherche d&#8217;un mod\u00e8le de cross-country qui offre traction, protection et confort sur les longues et moyennes distances.<br \/>\nPoids de l&#8217;athl\u00e8te : 60-70 kg<br \/>\nAllure de course : moyenne-lente (sup\u00e9rieure \u00e0 5.00 min\/km)<br \/>\n<a href=\"https:\/\/miomiorun.com\/fr\/guide-des-specificites\/\">Guide des sp\u00e9cifications<\/a><\/p>\n<p><\/div><\/div><div class=\"vc-column\"><div class=\"vc-column-text\">La sportive Mutant pour femme est une chaussure de trail running tr\u00e8s stable et polyvalente, parfaite pour les courses en montagne, les skyraces et les trails off-road sur des terrains vari\u00e9s.<br \/>\nLa semelle ultra grippante permet \u00e0 la chaussure de s&#8217;attaquer aux surfaces glissantes et de maintenir l&#8217;adh\u00e9rence sur les terrains mous et boueux gr\u00e2ce \u00e0 ses crampons prononc\u00e9s. Le syst\u00e8me de fermeture SpyralTongue\u2122 combine les avantages d&#8217;enfilage rapide d&#8217;une construction de languette traditionnelle avec les avantages de protection d&#8217;une construction de gu\u00eatre, emp\u00eachant les pierres et la boue de p\u00e9n\u00e9trer pendant la course. Le syst\u00e8me de la\u00e7age est int\u00e9gr\u00e9 \u00e0 la structure de la toamia gr\u00e2ce \u00e0 la technologie FusionGate\u2122 avec des renforts haute fr\u00e9quence appliqu\u00e9s par fusion : cette solution permet d&#8217;ajuster les volumes et le niveau d&#8217;adh\u00e9rence de la chaussure au pied pour une conduite pr\u00e9cise et stable, m\u00eame dans les travers\u00e9es. Un concentr\u00e9 de solutions techniques qui font \u00e9voluer la fa\u00e7on de courir en tout-terrain : c&#8217;est la Mutant !<\/p>\n<p><b>Partie sup\u00e9rieure<\/b>:<br \/>\nSingle mesh respirant anti-abrasion + gu\u00eatre int\u00e9gr\u00e9e<br \/>\n<b> Doublure<\/b>:<br \/>\nMesh anti-d\u00e9rapant<br \/>\n<b> Semelle interm\u00e9diaire<\/b>:<br \/>\nMEMlex eva injection avec insert stabilisateur<br \/>\n<b>Semelle<\/b>:<br \/>\nOrtholite Mountain Running Ergonomic 4mm<br \/>\n<b>Semelle ext\u00e9rieure<\/b>:<br \/>\nFriXion XF ultra grip compound<\/div><\/div><\/div>\n","protected":false},"excerpt":{"rendered":"","protected":false},"featured_media":241454,"template":"","meta":{"_acf_changed":false,"inline_featured_image":false},"product_brand":[],"product_cat":[22605,22608],"product_tag":[23597,23601],"class_list":{"0":"post-275307","1":"product","2":"type-product","3":"status-publish","4":"has-post-thumbnail","6":"product_cat-chaussures-pour-femmes","7":"product_cat-trail-fr","8":"product_tag-la-sportiva-fr","9":"product_tag-la-sportiva-femme","10":"pa_attivita-outdoor-fr","11":"pa_attivita-trail-fr","12":"pa_colore-mutant-w-black-malibu-blue-fr","13":"pa_colore-mutant-w-opal-aqua-fr","14":"pa_colore-mutant-w-storm-blue-cherry-tomato-fr","15":"pa_colore-mutant-w-white-hibiscus-fr","16":"pa_marca-la-sportiva-fr","17":"pa_sesso-femme","18":"pa_size-37-5-fr","19":"pa_size-38-fr","20":"pa_size-38-5-fr","21":"pa_size-39-fr","22":"pa_size-39-5-fr","23":"pa_size-40-fr","24":"pa_size-40-5-fr","25":"pa_size-41-fr","26":"pa_size-42-fr","28":"first","29":"instock","30":"sale","31":"taxable","32":"shipping-taxable","33":"purchasable","34":"product-type-variable","35":"wvs-archive-product-wrapper"},"acf":[],"yoast_head":"<!-- This site is optimized with the Yoast SEO plugin v26.8 - https:\/\/yoast.com\/product\/yoast-seo-wordpress\/ -->\n<title>La sportiva Mutant femme - Chaussures de trail - MioMioRun.com<\/title>\n<meta name=\"description\" content=\"D\u00e9couvrez la chaussure La Sportiva Mutant pour femme, une chaussure de trail running tr\u00e8s stable et polyvalente, parfaite pour courir sur diff\u00e9rents types de terrains.\" \/>\n<meta name=\"robots\" content=\"index, follow, max-snippet:-1, max-image-preview:large, max-video-preview:-1\" \/>\n<link rel=\"canonical\" href=\"https:\/\/www.miomiorun.com\/fr\/produit\/la-sportiva-mutant-femme\/\" \/>\n<meta property=\"og:locale\" content=\"fr_FR\" \/>\n<meta property=\"og:type\" content=\"article\" \/>\n<meta property=\"og:title\" content=\"La sportiva Mutant femme - Chaussures de trail - MioMioRun.com\" \/>\n<meta property=\"og:description\" content=\"D\u00e9couvrez la chaussure La Sportiva Mutant pour femme, une chaussure de trail running tr\u00e8s stable et polyvalente, parfaite pour courir sur diff\u00e9rents types de terrains.\" \/>\n<meta property=\"og:url\" content=\"https:\/\/www.miomiorun.com\/fr\/produit\/la-sportiva-mutant-femme\/\" \/>\n<meta property=\"og:site_name\" content=\"MioMioRun\" \/>\n<meta property=\"article:publisher\" content=\"https:\/\/www.facebook.com\/miomiorun\/\" \/>\n<meta property=\"article:modified_time\" content=\"2026-05-08T18:41:35+00:00\" \/>\n<meta property=\"og:image\" content=\"https:\/\/www.miomiorun.com\/app\/uploads\/2023\/06\/la-sportiva-mutant-W-storm-blue-cherry-tomato-56G639322.jpg\" \/>\n\t<meta property=\"og:image:width\" content=\"600\" \/>\n\t<meta property=\"og:image:height\" content=\"600\" \/>\n\t<meta property=\"og:image:type\" content=\"image\/jpeg\" \/>\n<meta name=\"twitter:card\" content=\"summary_large_image\" \/>\n<meta name=\"twitter:label1\" content=\"Est. reading time\" \/>\n\t<meta name=\"twitter:data1\" content=\"2 minutes\" \/>\n<script type=\"application\/ld+json\" class=\"yoast-schema-graph\">{\"@context\":\"https:\/\/schema.org\",\"@graph\":[{\"@type\":\"WebPage\",\"@id\":\"https:\/\/www.miomiorun.com\/fr\/produit\/la-sportiva-mutant-femme\/\",\"url\":\"https:\/\/www.miomiorun.com\/fr\/produit\/la-sportiva-mutant-femme\/\",\"name\":\"La sportiva Mutant femme - Chaussures de trail - MioMioRun.com\",\"isPartOf\":{\"@id\":\"https:\/\/www.miomiorun.com\/fr\/#website\"},\"primaryImageOfPage\":{\"@id\":\"https:\/\/www.miomiorun.com\/fr\/produit\/la-sportiva-mutant-femme\/#primaryimage\"},\"image\":{\"@id\":\"https:\/\/www.miomiorun.com\/fr\/produit\/la-sportiva-mutant-femme\/#primaryimage\"},\"thumbnailUrl\":\"https:\/\/www.miomiorun.com\/app\/uploads\/2023\/06\/la-sportiva-mutant-W-storm-blue-cherry-tomato-56G639322.jpg\",\"datePublished\":\"2020-05-21T14:30:49+00:00\",\"dateModified\":\"2026-05-08T18:41:35+00:00\",\"description\":\"D\u00e9couvrez la chaussure La Sportiva Mutant pour femme, une chaussure de trail running tr\u00e8s stable et polyvalente, parfaite pour courir sur diff\u00e9rents types de terrains.\",\"breadcrumb\":{\"@id\":\"https:\/\/www.miomiorun.com\/fr\/produit\/la-sportiva-mutant-femme\/#breadcrumb\"},\"inLanguage\":\"fr-FR\",\"potentialAction\":[{\"@type\":\"ReadAction\",\"target\":[\"https:\/\/www.miomiorun.com\/fr\/produit\/la-sportiva-mutant-femme\/\"]}]},{\"@type\":\"ImageObject\",\"inLanguage\":\"fr-FR\",\"@id\":\"https:\/\/www.miomiorun.com\/fr\/produit\/la-sportiva-mutant-femme\/#primaryimage\",\"url\":\"https:\/\/www.miomiorun.com\/app\/uploads\/2023\/06\/la-sportiva-mutant-W-storm-blue-cherry-tomato-56G639322.jpg\",\"contentUrl\":\"https:\/\/www.miomiorun.com\/app\/uploads\/2023\/06\/la-sportiva-mutant-W-storm-blue-cherry-tomato-56G639322.jpg\",\"width\":600,\"height\":600,\"caption\":\"la-sportiva-mutant-W-storm-blue-cherry-tomato-56G639322\"},{\"@type\":\"BreadcrumbList\",\"@id\":\"https:\/\/www.miomiorun.com\/fr\/produit\/la-sportiva-mutant-femme\/#breadcrumb\",\"itemListElement\":[{\"@type\":\"ListItem\",\"position\":1,\"name\":\"Home\",\"item\":\"https:\/\/www.miomiorun.com\/fr\/home-page\/\"},{\"@type\":\"ListItem\",\"position\":2,\"name\":\"Shop\",\"item\":\"https:\/\/www.miomiorun.com\/shop\/\"},{\"@type\":\"ListItem\",\"position\":3,\"name\":\"Mutant femme\"}]},{\"@type\":\"WebSite\",\"@id\":\"https:\/\/www.miomiorun.com\/fr\/#website\",\"url\":\"https:\/\/www.miomiorun.com\/fr\/\",\"name\":\"MioMioRun\",\"description\":\"Boutique 100% running et trail\",\"publisher\":{\"@id\":\"https:\/\/www.miomiorun.com\/fr\/#organization\"},\"potentialAction\":[{\"@type\":\"SearchAction\",\"target\":{\"@type\":\"EntryPoint\",\"urlTemplate\":\"https:\/\/www.miomiorun.com\/fr\/?s={search_term_string}\"},\"query-input\":{\"@type\":\"PropertyValueSpecification\",\"valueRequired\":true,\"valueName\":\"search_term_string\"}}],\"inLanguage\":\"fr-FR\"},{\"@type\":\"Organization\",\"@id\":\"https:\/\/www.miomiorun.com\/fr\/#organization\",\"name\":\"MioMio Run\",\"url\":\"https:\/\/www.miomiorun.com\/fr\/\",\"logo\":{\"@type\":\"ImageObject\",\"inLanguage\":\"fr-FR\",\"@id\":\"https:\/\/www.miomiorun.com\/fr\/#\/schema\/logo\/image\/\",\"url\":\"https:\/\/www.miomiorun.com\/app\/uploads\/2019\/12\/logomio.png\",\"contentUrl\":\"https:\/\/www.miomiorun.com\/app\/uploads\/2019\/12\/logomio.png\",\"width\":115,\"height\":82,\"caption\":\"MioMio Run\"},\"image\":{\"@id\":\"https:\/\/www.miomiorun.com\/fr\/#\/schema\/logo\/image\/\"},\"sameAs\":[\"https:\/\/www.facebook.com\/miomiorun\/\",\"https:\/\/www.instagram.com\/miomiorun\/\"]}]}<\/script>\n<!-- \/ Yoast SEO plugin. -->","yoast_head_json":{"title":"La sportiva Mutant femme - Chaussures de trail - MioMioRun.com","description":"D\u00e9couvrez la chaussure La Sportiva Mutant pour femme, une chaussure de trail running tr\u00e8s stable et polyvalente, parfaite pour courir sur diff\u00e9rents types de terrains.","robots":{"index":"index","follow":"follow","max-snippet":"max-snippet:-1","max-image-preview":"max-image-preview:large","max-video-preview":"max-video-preview:-1"},"canonical":"https:\/\/www.miomiorun.com\/fr\/produit\/la-sportiva-mutant-femme\/","og_locale":"fr_FR","og_type":"article","og_title":"La sportiva Mutant femme - Chaussures de trail - MioMioRun.com","og_description":"D\u00e9couvrez la chaussure La Sportiva Mutant pour femme, une chaussure de trail running tr\u00e8s stable et polyvalente, parfaite pour courir sur diff\u00e9rents types de terrains.","og_url":"https:\/\/www.miomiorun.com\/fr\/produit\/la-sportiva-mutant-femme\/","og_site_name":"MioMioRun","article_publisher":"https:\/\/www.facebook.com\/miomiorun\/","article_modified_time":"2026-05-08T18:41:35+00:00","og_image":[{"width":600,"height":600,"url":"https:\/\/www.miomiorun.com\/app\/uploads\/2023\/06\/la-sportiva-mutant-W-storm-blue-cherry-tomato-56G639322.jpg","type":"image\/jpeg"}],"twitter_card":"summary_large_image","twitter_misc":{"Est. reading time":"2 minutes"},"schema":{"@context":"https:\/\/schema.org","@graph":[{"@type":"WebPage","@id":"https:\/\/www.miomiorun.com\/fr\/produit\/la-sportiva-mutant-femme\/","url":"https:\/\/www.miomiorun.com\/fr\/produit\/la-sportiva-mutant-femme\/","name":"La sportiva Mutant femme - Chaussures de trail - MioMioRun.com","isPartOf":{"@id":"https:\/\/www.miomiorun.com\/fr\/#website"},"primaryImageOfPage":{"@id":"https:\/\/www.miomiorun.com\/fr\/produit\/la-sportiva-mutant-femme\/#primaryimage"},"image":{"@id":"https:\/\/www.miomiorun.com\/fr\/produit\/la-sportiva-mutant-femme\/#primaryimage"},"thumbnailUrl":"https:\/\/www.miomiorun.com\/app\/uploads\/2023\/06\/la-sportiva-mutant-W-storm-blue-cherry-tomato-56G639322.jpg","datePublished":"2020-05-21T14:30:49+00:00","dateModified":"2026-05-08T18:41:35+00:00","description":"D\u00e9couvrez la chaussure La Sportiva Mutant pour femme, une chaussure de trail running tr\u00e8s stable et polyvalente, parfaite pour courir sur diff\u00e9rents types de terrains.","breadcrumb":{"@id":"https:\/\/www.miomiorun.com\/fr\/produit\/la-sportiva-mutant-femme\/#breadcrumb"},"inLanguage":"fr-FR","potentialAction":[{"@type":"ReadAction","target":["https:\/\/www.miomiorun.com\/fr\/produit\/la-sportiva-mutant-femme\/"]}]},{"@type":"ImageObject","inLanguage":"fr-FR","@id":"https:\/\/www.miomiorun.com\/fr\/produit\/la-sportiva-mutant-femme\/#primaryimage","url":"https:\/\/www.miomiorun.com\/app\/uploads\/2023\/06\/la-sportiva-mutant-W-storm-blue-cherry-tomato-56G639322.jpg","contentUrl":"https:\/\/www.miomiorun.com\/app\/uploads\/2023\/06\/la-sportiva-mutant-W-storm-blue-cherry-tomato-56G639322.jpg","width":600,"height":600,"caption":"la-sportiva-mutant-W-storm-blue-cherry-tomato-56G639322"},{"@type":"BreadcrumbList","@id":"https:\/\/www.miomiorun.com\/fr\/produit\/la-sportiva-mutant-femme\/#breadcrumb","itemListElement":[{"@type":"ListItem","position":1,"name":"Home","item":"https:\/\/www.miomiorun.com\/fr\/home-page\/"},{"@type":"ListItem","position":2,"name":"Shop","item":"https:\/\/www.miomiorun.com\/shop\/"},{"@type":"ListItem","position":3,"name":"Mutant femme"}]},{"@type":"WebSite","@id":"https:\/\/www.miomiorun.com\/fr\/#website","url":"https:\/\/www.miomiorun.com\/fr\/","name":"MioMioRun","description":"Boutique 100% running et trail","publisher":{"@id":"https:\/\/www.miomiorun.com\/fr\/#organization"},"potentialAction":[{"@type":"SearchAction","target":{"@type":"EntryPoint","urlTemplate":"https:\/\/www.miomiorun.com\/fr\/?s={search_term_string}"},"query-input":{"@type":"PropertyValueSpecification","valueRequired":true,"valueName":"search_term_string"}}],"inLanguage":"fr-FR"},{"@type":"Organization","@id":"https:\/\/www.miomiorun.com\/fr\/#organization","name":"MioMio Run","url":"https:\/\/www.miomiorun.com\/fr\/","logo":{"@type":"ImageObject","inLanguage":"fr-FR","@id":"https:\/\/www.miomiorun.com\/fr\/#\/schema\/logo\/image\/","url":"https:\/\/www.miomiorun.com\/app\/uploads\/2019\/12\/logomio.png","contentUrl":"https:\/\/www.miomiorun.com\/app\/uploads\/2019\/12\/logomio.png","width":115,"height":82,"caption":"MioMio Run"},"image":{"@id":"https:\/\/www.miomiorun.com\/fr\/#\/schema\/logo\/image\/"},"sameAs":["https:\/\/www.facebook.com\/miomiorun\/","https:\/\/www.instagram.com\/miomiorun\/"]}]}},"_links":{"self":[{"href":"https:\/\/www.miomiorun.com\/fr\/wp-json\/wp\/v2\/product\/275307","targetHints":{"allow":["GET"]}}],"collection":[{"href":"https:\/\/www.miomiorun.com\/fr\/wp-json\/wp\/v2\/product"}],"about":[{"href":"https:\/\/www.miomiorun.com\/fr\/wp-json\/wp\/v2\/types\/product"}],"wp:featuredmedia":[{"embeddable":true,"href":"https:\/\/www.miomiorun.com\/fr\/wp-json\/wp\/v2\/media\/241454"}],"wp:attachment":[{"href":"https:\/\/www.miomiorun.com\/fr\/wp-json\/wp\/v2\/media?parent=275307"}],"wp:term":[{"taxonomy":"product_brand","embeddable":true,"href":"https:\/\/www.miomiorun.com\/fr\/wp-json\/wp\/v2\/product_brand?post=275307"},{"taxonomy":"product_cat","embeddable":true,"href":"https:\/\/www.miomiorun.com\/fr\/wp-json\/wp\/v2\/product_cat?post=275307"},{"taxonomy":"product_tag","embeddable":true,"href":"https:\/\/www.miomiorun.com\/fr\/wp-json\/wp\/v2\/product_tag?post=275307"}],"curies":[{"name":"wp","href":"https:\/\/api.w.org\/{rel}","templated":true}]}}