{"id":275306,"date":"2020-05-23T10:46:08","date_gmt":"2020-05-23T08:46:08","guid":{"rendered":"https:\/\/miomiorun.com\/prodotto\/helios-iii-uomo\/"},"modified":"2026-05-08T20:41:38","modified_gmt":"2026-05-08T18:41:38","slug":"helios-iii-herren","status":"publish","type":"product","link":"https:\/\/www.miomiorun.com\/fr\/produit\/helios-iii-herren\/","title":{"rendered":"Helios III homme"},"content":{"rendered":"<div class=\"vc-row container\"><div class=\"vc-column\"><div class=\"vc-column-text\"><\/p>\n<p><strong>Caract\u00e9ristiques techniques<\/strong><\/p>\n<p>Cat\u00e9gorie : Amortissement moyen<br \/>\nD\u00e9calage : 4 mm<br \/>\nPoids : 219 g<br \/>\nId\u00e9al pour : les adeptes de la course en montagne, mais aussi pour une simple course ou marche sur terrain non goudronn\u00e9, \u00e0 la recherche d&#8217;une chaussure l\u00e9g\u00e8re et souple, mais aussi r\u00e9active si n\u00e9cessaire.<br \/>\nPoids du sportif : 60-70 kg<br \/>\nAllure de course : polyvalente (4.30-6 min\/km)<br \/>\n<a href=\"https:\/\/miomiorun.com\/fr\/guide-des-specificites\/\">Guide des caract\u00e9ristiques techniques<\/a><\/p>\n<p><\/div><\/div><div class=\"vc-column\"><div class=\"vc-column-text\"><b><\/b>Helios III est la chaussure &#8221; porte vers le trail &#8221; con\u00e7ue pour l&#8217;entra\u00eenement et la course sur des terrains hors route difficiles. Il s&#8217;agit d&#8217;un produit Atlheisure dot\u00e9 d&#8217;une tige l\u00e9g\u00e8re et respirante compos\u00e9e d&#8217;une combinaison unique et thermo-adapt\u00e9e de tissu rip-stop, de maille monofilament, de maille sandwich et de TPU renforc\u00e9. La coupe est extr\u00eamement confortable et ajust\u00e9e, d\u00e9riv\u00e9e du mod\u00e8le Helios SR. La pr\u00e9sence du contrefort sur le talon \u00e9vite l&#8217;\u00e9crasement lors de la mise en place, tandis que le collier enveloppant souple avec des coussins en 3D Foam garantit un confort de port parfait. La bande de roulement est constitu\u00e9e du compos\u00e9 FriXion Blu tr\u00e8s r\u00e9sistant : parfait pour une utilisation sur des terrains durs et rocailleux. L&#8217;embout thermoform\u00e9 contribue \u00e0 la l\u00e9g\u00e8ret\u00e9 g\u00e9n\u00e9rale du produit tout en prot\u00e9geant contre les chocs frontaux. La semelle interm\u00e9diaire en EVA moul\u00e9 par injection et dot\u00e9e de la technologie MorphoDynamic garantit l&#8217;amorti \u00e9lev\u00e9 caract\u00e9ristique du mod\u00e8le Helios depuis ses d\u00e9buts sur le march\u00e9, tandis que l&#8217;insert Cushoning Platform augmente les propri\u00e9t\u00e9s d&#8217;amortissement et le confort g\u00e9n\u00e9ral. Helios III : il est temps de voler \u00e0 nouveau.<\/p>\n<p>Mise \u00e0 jour technique\/esth\u00e9tique de l&#8217;Helios II tout en maintenant l&#8217;accent sur la l\u00e9g\u00e8ret\u00e9, la respirabilit\u00e9 et le confort+ Coupe confortable et ajust\u00e9e d\u00e9riv\u00e9e du mod\u00e8le Helios SR respirabilit\u00e9 et confort<br \/>\n+ Coupe confortable et ajust\u00e9e d\u00e9riv\u00e9e du mod\u00e8le Helios SR<br \/>\n+ Collier enveloppant avec coussins en mousse 3D maxi-comfort<br \/>\n+ Composant de bande de roulement FriXion\u00ae Blue hautement durable<br \/>\n+ Syst\u00e8me de la\u00e7age traditionnel pour un ajustement parfait du volume<br \/>\n+ Forme thermoform\u00e9e pour une l\u00e9g\u00e8ret\u00e9 et un confinement maximum du volume+ Semelle interm\u00e9diaire avec construction Morpho-Dynamique pour un amorti maximum+ Insert Cushoning Platform pour un amorti maximumpour un maximum de l\u00e9g\u00e8ret\u00e9 et de volume<br \/>\n+ Semelle interm\u00e9diaire avec construction Morpho-Dynamic pour un maximum d&#8217;amorti<br \/>\n+ Insert de plateforme Cushoning EVA pour un meilleur amorti<\/p>\n<p><b>Tige :<\/b><br \/>\nMaille simple + tissu rip-stop + maille sandwich + renforts TPU<br \/>\nDoublure<b>:<\/b><br \/>\nMaille antid\u00e9rapante<br \/>\n<b>Semelle interm\u00e9diaire :<\/b><br \/>\nMEMElex EVA injection et insert Cushoning Platform<br \/>\n<b>Semelle ext\u00e9rieure :<\/b><br \/>\nFriXion\u00ae Blue avec Impact Brake System<br \/>\n<b>Semelle int\u00e9rieure :<\/b><br \/>\nOrtholite\u00ae Mountain Running Ergonomic 4 mm<\/div><\/div><\/div>\n","protected":false},"excerpt":{"rendered":"<ul>\n<li>Mise \u00e0 jour technique\/esth\u00e9tique de l&#8217;Helios II tout en maintenant l&#8217;accent sur la l\u00e9g\u00e8ret\u00e9, la respirabilit\u00e9 et le confort<\/li>\n<li>Coupe confortable et ajust\u00e9e d\u00e9riv\u00e9e du mod\u00e8le Helios SR<\/li>\n<li>Collier enveloppant avec coussinets en mousse 3D maxi-confort<\/li>\n<\/ul>\n","protected":false},"featured_media":241562,"template":"","meta":{"_acf_changed":false,"inline_featured_image":false},"product_brand":[],"product_cat":[24448,24445],"product_tag":[23597,23599],"class_list":{"0":"post-275306","1":"product","2":"type-product","3":"status-publish","4":"has-post-thumbnail","6":"product_cat-chaussures-pour-hommes-fr","7":"product_cat-trail-fr-3","8":"product_tag-la-sportiva-fr","9":"product_tag-la-sportiva-homme","10":"pa_attivita-marcher","11":"pa_attivita-outdoor-fr","12":"pa_attivita-trail-fr","13":"pa_colore-helios-iii-chalk-cypress-fr","14":"pa_colore-helios-iii-cherry-tomato-tropic-blue-fr","15":"pa_colore-helios-iii-hurricane-chalk-fr","16":"pa_colore-helios-iii-yellow-black-fr","17":"pa_marca-la-sportiva-fr","18":"pa_sesso-homme","19":"pa_size-41-fr","20":"pa_size-41-5-fr","21":"pa_size-42-fr","22":"pa_size-42-5-fr","23":"pa_size-43-fr","24":"pa_size-43-5-fr","25":"pa_size-44-fr","26":"pa_size-44-5-fr","27":"pa_size-45-fr","28":"pa_size-45-5-fr","30":"first","31":"instock","32":"sale","33":"taxable","34":"shipping-taxable","35":"purchasable","36":"product-type-variable","37":"wvs-archive-product-wrapper"},"acf":[],"yoast_head":"<!-- This site is optimized with the Yoast SEO plugin v26.8 - https:\/\/yoast.com\/product\/yoast-seo-wordpress\/ -->\n<title>La sportiva Helios III homme - chaussures de trail - MioMioRun<\/title>\n<meta name=\"description\" content=\"Helios III est la chaussure &quot;porte \u00e0 sentier&quot; con\u00e7ue pour l&#039;entra\u00eenement et la course sur des terrains hors route difficiles. Avec une tige l\u00e9g\u00e8re et respirante.\" \/>\n<meta name=\"robots\" content=\"index, follow, max-snippet:-1, max-image-preview:large, max-video-preview:-1\" \/>\n<link rel=\"canonical\" href=\"https:\/\/www.miomiorun.com\/fr\/produit\/helios-iii-herren\/\" \/>\n<meta property=\"og:locale\" content=\"fr_FR\" \/>\n<meta property=\"og:type\" content=\"article\" \/>\n<meta property=\"og:title\" content=\"La sportiva Helios III homme - chaussures de trail - MioMioRun\" \/>\n<meta property=\"og:description\" content=\"Helios III est la chaussure &quot;porte \u00e0 sentier&quot; con\u00e7ue pour l&#039;entra\u00eenement et la course sur des terrains hors route difficiles. Avec une tige l\u00e9g\u00e8re et respirante.\" \/>\n<meta property=\"og:url\" content=\"https:\/\/www.miomiorun.com\/fr\/produit\/helios-iii-herren\/\" \/>\n<meta property=\"og:site_name\" content=\"MioMioRun\" \/>\n<meta property=\"article:publisher\" content=\"https:\/\/www.facebook.com\/miomiorun\/\" \/>\n<meta property=\"article:modified_time\" content=\"2026-05-08T18:41:38+00:00\" \/>\n<meta property=\"og:image\" content=\"https:\/\/www.miomiorun.com\/app\/uploads\/2023\/06\/la-sportiva-helios-III-metal-electric-blue-46D917634.jpg\" \/>\n\t<meta property=\"og:image:width\" content=\"600\" \/>\n\t<meta property=\"og:image:height\" content=\"600\" \/>\n\t<meta property=\"og:image:type\" content=\"image\/jpeg\" \/>\n<meta name=\"twitter:card\" content=\"summary_large_image\" \/>\n<meta name=\"twitter:label1\" content=\"Est. reading time\" \/>\n\t<meta name=\"twitter:data1\" content=\"3 minutes\" \/>\n<script type=\"application\/ld+json\" class=\"yoast-schema-graph\">{\"@context\":\"https:\/\/schema.org\",\"@graph\":[{\"@type\":\"WebPage\",\"@id\":\"https:\/\/www.miomiorun.com\/fr\/produit\/helios-iii-herren\/\",\"url\":\"https:\/\/www.miomiorun.com\/fr\/produit\/helios-iii-herren\/\",\"name\":\"La sportiva Helios III homme - chaussures de trail - MioMioRun\",\"isPartOf\":{\"@id\":\"https:\/\/www.miomiorun.com\/fr\/#website\"},\"primaryImageOfPage\":{\"@id\":\"https:\/\/www.miomiorun.com\/fr\/produit\/helios-iii-herren\/#primaryimage\"},\"image\":{\"@id\":\"https:\/\/www.miomiorun.com\/fr\/produit\/helios-iii-herren\/#primaryimage\"},\"thumbnailUrl\":\"https:\/\/www.miomiorun.com\/app\/uploads\/2023\/06\/la-sportiva-helios-III-metal-electric-blue-46D917634.jpg\",\"datePublished\":\"2020-05-23T08:46:08+00:00\",\"dateModified\":\"2026-05-08T18:41:38+00:00\",\"description\":\"Helios III est la chaussure \\\"porte \u00e0 sentier\\\" con\u00e7ue pour l'entra\u00eenement et la course sur des terrains hors route difficiles. Avec une tige l\u00e9g\u00e8re et respirante.\",\"breadcrumb\":{\"@id\":\"https:\/\/www.miomiorun.com\/fr\/produit\/helios-iii-herren\/#breadcrumb\"},\"inLanguage\":\"fr-FR\",\"potentialAction\":[{\"@type\":\"ReadAction\",\"target\":[\"https:\/\/www.miomiorun.com\/fr\/produit\/helios-iii-herren\/\"]}]},{\"@type\":\"ImageObject\",\"inLanguage\":\"fr-FR\",\"@id\":\"https:\/\/www.miomiorun.com\/fr\/produit\/helios-iii-herren\/#primaryimage\",\"url\":\"https:\/\/www.miomiorun.com\/app\/uploads\/2023\/06\/la-sportiva-helios-III-metal-electric-blue-46D917634.jpg\",\"contentUrl\":\"https:\/\/www.miomiorun.com\/app\/uploads\/2023\/06\/la-sportiva-helios-III-metal-electric-blue-46D917634.jpg\",\"width\":600,\"height\":600,\"caption\":\"la-sportiva-helios-III-metal-electric-blue-46D917634\"},{\"@type\":\"BreadcrumbList\",\"@id\":\"https:\/\/www.miomiorun.com\/fr\/produit\/helios-iii-herren\/#breadcrumb\",\"itemListElement\":[{\"@type\":\"ListItem\",\"position\":1,\"name\":\"Home\",\"item\":\"https:\/\/www.miomiorun.com\/fr\/home-page\/\"},{\"@type\":\"ListItem\",\"position\":2,\"name\":\"Shop\",\"item\":\"https:\/\/www.miomiorun.com\/shop\/\"},{\"@type\":\"ListItem\",\"position\":3,\"name\":\"Helios III homme\"}]},{\"@type\":\"WebSite\",\"@id\":\"https:\/\/www.miomiorun.com\/fr\/#website\",\"url\":\"https:\/\/www.miomiorun.com\/fr\/\",\"name\":\"MioMioRun\",\"description\":\"Boutique 100% running et trail\",\"publisher\":{\"@id\":\"https:\/\/www.miomiorun.com\/fr\/#organization\"},\"potentialAction\":[{\"@type\":\"SearchAction\",\"target\":{\"@type\":\"EntryPoint\",\"urlTemplate\":\"https:\/\/www.miomiorun.com\/fr\/?s={search_term_string}\"},\"query-input\":{\"@type\":\"PropertyValueSpecification\",\"valueRequired\":true,\"valueName\":\"search_term_string\"}}],\"inLanguage\":\"fr-FR\"},{\"@type\":\"Organization\",\"@id\":\"https:\/\/www.miomiorun.com\/fr\/#organization\",\"name\":\"MioMio Run\",\"url\":\"https:\/\/www.miomiorun.com\/fr\/\",\"logo\":{\"@type\":\"ImageObject\",\"inLanguage\":\"fr-FR\",\"@id\":\"https:\/\/www.miomiorun.com\/fr\/#\/schema\/logo\/image\/\",\"url\":\"https:\/\/www.miomiorun.com\/app\/uploads\/2019\/12\/logomio.png\",\"contentUrl\":\"https:\/\/www.miomiorun.com\/app\/uploads\/2019\/12\/logomio.png\",\"width\":115,\"height\":82,\"caption\":\"MioMio Run\"},\"image\":{\"@id\":\"https:\/\/www.miomiorun.com\/fr\/#\/schema\/logo\/image\/\"},\"sameAs\":[\"https:\/\/www.facebook.com\/miomiorun\/\",\"https:\/\/www.instagram.com\/miomiorun\/\"]}]}<\/script>\n<!-- \/ Yoast SEO plugin. -->","yoast_head_json":{"title":"La sportiva Helios III homme - chaussures de trail - MioMioRun","description":"Helios III est la chaussure \"porte \u00e0 sentier\" con\u00e7ue pour l'entra\u00eenement et la course sur des terrains hors route difficiles. Avec une tige l\u00e9g\u00e8re et respirante.","robots":{"index":"index","follow":"follow","max-snippet":"max-snippet:-1","max-image-preview":"max-image-preview:large","max-video-preview":"max-video-preview:-1"},"canonical":"https:\/\/www.miomiorun.com\/fr\/produit\/helios-iii-herren\/","og_locale":"fr_FR","og_type":"article","og_title":"La sportiva Helios III homme - chaussures de trail - MioMioRun","og_description":"Helios III est la chaussure \"porte \u00e0 sentier\" con\u00e7ue pour l'entra\u00eenement et la course sur des terrains hors route difficiles. Avec une tige l\u00e9g\u00e8re et respirante.","og_url":"https:\/\/www.miomiorun.com\/fr\/produit\/helios-iii-herren\/","og_site_name":"MioMioRun","article_publisher":"https:\/\/www.facebook.com\/miomiorun\/","article_modified_time":"2026-05-08T18:41:38+00:00","og_image":[{"width":600,"height":600,"url":"https:\/\/www.miomiorun.com\/app\/uploads\/2023\/06\/la-sportiva-helios-III-metal-electric-blue-46D917634.jpg","type":"image\/jpeg"}],"twitter_card":"summary_large_image","twitter_misc":{"Est. reading time":"3 minutes"},"schema":{"@context":"https:\/\/schema.org","@graph":[{"@type":"WebPage","@id":"https:\/\/www.miomiorun.com\/fr\/produit\/helios-iii-herren\/","url":"https:\/\/www.miomiorun.com\/fr\/produit\/helios-iii-herren\/","name":"La sportiva Helios III homme - chaussures de trail - MioMioRun","isPartOf":{"@id":"https:\/\/www.miomiorun.com\/fr\/#website"},"primaryImageOfPage":{"@id":"https:\/\/www.miomiorun.com\/fr\/produit\/helios-iii-herren\/#primaryimage"},"image":{"@id":"https:\/\/www.miomiorun.com\/fr\/produit\/helios-iii-herren\/#primaryimage"},"thumbnailUrl":"https:\/\/www.miomiorun.com\/app\/uploads\/2023\/06\/la-sportiva-helios-III-metal-electric-blue-46D917634.jpg","datePublished":"2020-05-23T08:46:08+00:00","dateModified":"2026-05-08T18:41:38+00:00","description":"Helios III est la chaussure \"porte \u00e0 sentier\" con\u00e7ue pour l'entra\u00eenement et la course sur des terrains hors route difficiles. Avec une tige l\u00e9g\u00e8re et respirante.","breadcrumb":{"@id":"https:\/\/www.miomiorun.com\/fr\/produit\/helios-iii-herren\/#breadcrumb"},"inLanguage":"fr-FR","potentialAction":[{"@type":"ReadAction","target":["https:\/\/www.miomiorun.com\/fr\/produit\/helios-iii-herren\/"]}]},{"@type":"ImageObject","inLanguage":"fr-FR","@id":"https:\/\/www.miomiorun.com\/fr\/produit\/helios-iii-herren\/#primaryimage","url":"https:\/\/www.miomiorun.com\/app\/uploads\/2023\/06\/la-sportiva-helios-III-metal-electric-blue-46D917634.jpg","contentUrl":"https:\/\/www.miomiorun.com\/app\/uploads\/2023\/06\/la-sportiva-helios-III-metal-electric-blue-46D917634.jpg","width":600,"height":600,"caption":"la-sportiva-helios-III-metal-electric-blue-46D917634"},{"@type":"BreadcrumbList","@id":"https:\/\/www.miomiorun.com\/fr\/produit\/helios-iii-herren\/#breadcrumb","itemListElement":[{"@type":"ListItem","position":1,"name":"Home","item":"https:\/\/www.miomiorun.com\/fr\/home-page\/"},{"@type":"ListItem","position":2,"name":"Shop","item":"https:\/\/www.miomiorun.com\/shop\/"},{"@type":"ListItem","position":3,"name":"Helios III homme"}]},{"@type":"WebSite","@id":"https:\/\/www.miomiorun.com\/fr\/#website","url":"https:\/\/www.miomiorun.com\/fr\/","name":"MioMioRun","description":"Boutique 100% running et trail","publisher":{"@id":"https:\/\/www.miomiorun.com\/fr\/#organization"},"potentialAction":[{"@type":"SearchAction","target":{"@type":"EntryPoint","urlTemplate":"https:\/\/www.miomiorun.com\/fr\/?s={search_term_string}"},"query-input":{"@type":"PropertyValueSpecification","valueRequired":true,"valueName":"search_term_string"}}],"inLanguage":"fr-FR"},{"@type":"Organization","@id":"https:\/\/www.miomiorun.com\/fr\/#organization","name":"MioMio Run","url":"https:\/\/www.miomiorun.com\/fr\/","logo":{"@type":"ImageObject","inLanguage":"fr-FR","@id":"https:\/\/www.miomiorun.com\/fr\/#\/schema\/logo\/image\/","url":"https:\/\/www.miomiorun.com\/app\/uploads\/2019\/12\/logomio.png","contentUrl":"https:\/\/www.miomiorun.com\/app\/uploads\/2019\/12\/logomio.png","width":115,"height":82,"caption":"MioMio Run"},"image":{"@id":"https:\/\/www.miomiorun.com\/fr\/#\/schema\/logo\/image\/"},"sameAs":["https:\/\/www.facebook.com\/miomiorun\/","https:\/\/www.instagram.com\/miomiorun\/"]}]}},"_links":{"self":[{"href":"https:\/\/www.miomiorun.com\/fr\/wp-json\/wp\/v2\/product\/275306","targetHints":{"allow":["GET"]}}],"collection":[{"href":"https:\/\/www.miomiorun.com\/fr\/wp-json\/wp\/v2\/product"}],"about":[{"href":"https:\/\/www.miomiorun.com\/fr\/wp-json\/wp\/v2\/types\/product"}],"wp:featuredmedia":[{"embeddable":true,"href":"https:\/\/www.miomiorun.com\/fr\/wp-json\/wp\/v2\/media\/241562"}],"wp:attachment":[{"href":"https:\/\/www.miomiorun.com\/fr\/wp-json\/wp\/v2\/media?parent=275306"}],"wp:term":[{"taxonomy":"product_brand","embeddable":true,"href":"https:\/\/www.miomiorun.com\/fr\/wp-json\/wp\/v2\/product_brand?post=275306"},{"taxonomy":"product_cat","embeddable":true,"href":"https:\/\/www.miomiorun.com\/fr\/wp-json\/wp\/v2\/product_cat?post=275306"},{"taxonomy":"product_tag","embeddable":true,"href":"https:\/\/www.miomiorun.com\/fr\/wp-json\/wp\/v2\/product_tag?post=275306"}],"curies":[{"name":"wp","href":"https:\/\/api.w.org\/{rel}","templated":true}]}}