{"id":275304,"date":"2020-05-27T17:23:39","date_gmt":"2020-05-27T15:23:39","guid":{"rendered":"https:\/\/miomiorun.com\/prodotto\/garmin-sensore-di-velocita-bluetooth-e-ant\/"},"modified":"2026-01-29T09:41:51","modified_gmt":"2026-01-29T08:41:51","slug":"garmin-capteur-de-vitesse-bluetooth-et-ant","status":"publish","type":"product","link":"https:\/\/www.miomiorun.com\/fr\/produit\/garmin-capteur-de-vitesse-bluetooth-et-ant\/","title":{"rendered":"Capteur de vitesse Bluetooth et ANT+"},"content":{"rendered":"<p style=\"text-align: left\">Surveillez votre cadence gr\u00e2ce au capteur de vitesse sans fil facile \u00e0 installer. Sans aimants ni autres pi\u00e8ces expos\u00e9es pour l&#8217;alignement, ce capteur est facile \u00e0 installer, \u00e0 entretenir et \u00e0 d\u00e9placer d&#8217;un v\u00e9lo \u00e0 l&#8217;autre.<\/p>\n<p><img decoding=\"async\" class=\"bottom-s aligncenter\" src=\"https:\/\/static.garmincdn.com\/en\/products\/010-12103-00\/g\/cadence_v02-48cecb15-1857-43db-b7a2-be42052f299a.jpg\" alt=\"At a Glance\" width=\"700\" height=\"\" border=\"0\"><\/p>\n<p style=\"text-align: left\">Le capteur de vitesse de deuxi\u00e8me g\u00e9n\u00e9ration se fixe au moyeu de l&#8217;une de vos roues et se calibre automatiquement via le compteur de v\u00e9lo Edge<sup>\u00ae<\/sup> ou un appareil Garmin compatible pour vous fournir des donn\u00e9es pr\u00e9cises sur la vitesse et la distance \u00e0 tout moment. Le capteur enregistre les donn\u00e9es de vos sorties m\u00eame sans Edge ou appareil compatible ; une fois connect\u00e9s, les donn\u00e9es seront partag\u00e9es entre les deux appareils.<\/p>\n<div class=\"row top-m bottom-m\">\n<div class=\"span9\">\n<p>Envoyez des donn\u00e9es en temps r\u00e9el sur la vitesse et la distance aux applications d&#8217;entra\u00eenement compatibles ou affichez-les \u00e0 l&#8217;aide de la connectivit\u00e9 ANT+\u00ae et de la technologie Bluetooth\u00ae Low Energy.<\/p>\n<p>Avec ce capteur sur votre v\u00e9lo, vous pouvez vous entra\u00eener pour am\u00e9liorer votre record personnel ou afficher votre position par rapport \u00e0 celle des autres cyclistes.<\/p>\n<\/div>\n<\/div>\n","protected":false},"excerpt":{"rendered":"<p>Surveillez votre p\u00e9dalage gr\u00e2ce \u00e0 ce capteur sans fil facile \u00e0 installer. Sans aimants ni autres pi\u00e8ces expos\u00e9es pour l&#8217;alignement, il est facile \u00e0 ranger et \u00e0 d\u00e9placer d&#8217;un v\u00e9lo \u00e0 l&#8217;autre.<\/p>\n","protected":false},"featured_media":229995,"template":"","meta":{"_acf_changed":false,"inline_featured_image":false},"product_brand":[],"product_cat":[22537,22566],"product_tag":[23480],"class_list":{"0":"post-275304","1":"product","2":"type-product","3":"status-publish","4":"has-post-thumbnail","6":"product_cat-garmin-fr","7":"product_cat-accessoires-fr","8":"product_tag-garmin-fr","9":"pa_marca-garmin-fr","10":"pa_sesso-femme","11":"pa_sesso-homme","13":"first","14":"instock","15":"sale","16":"taxable","17":"shipping-taxable","18":"purchasable","19":"product-type-simple"},"acf":[],"yoast_head":"<!-- This site is optimized with the Yoast SEO plugin v26.8 - https:\/\/yoast.com\/product\/yoast-seo-wordpress\/ -->\n<title>Garmin Capteur de vitesse Bluetooth et ANT+ accessoires garmin - MioMioRun<\/title>\n<meta name=\"description\" content=\"Surveillez votre cadence avec ce capteur de vitesse sans fil. Sans pi\u00e8ces expos\u00e9es, facile \u00e0 installer, \u00e0 ranger et \u00e0 d\u00e9placer.\" \/>\n<meta name=\"robots\" content=\"index, follow, max-snippet:-1, max-image-preview:large, max-video-preview:-1\" \/>\n<link rel=\"canonical\" href=\"https:\/\/www.miomiorun.com\/fr\/produit\/garmin-capteur-de-vitesse-bluetooth-et-ant\/\" \/>\n<meta property=\"og:locale\" content=\"fr_FR\" \/>\n<meta property=\"og:type\" content=\"article\" \/>\n<meta property=\"og:title\" content=\"Garmin Capteur de vitesse Bluetooth et ANT+ accessoires garmin - MioMioRun\" \/>\n<meta property=\"og:description\" content=\"Surveillez votre cadence avec ce capteur de vitesse sans fil. Sans pi\u00e8ces expos\u00e9es, facile \u00e0 installer, \u00e0 ranger et \u00e0 d\u00e9placer.\" \/>\n<meta property=\"og:url\" content=\"https:\/\/www.miomiorun.com\/fr\/produit\/garmin-capteur-de-vitesse-bluetooth-et-ant\/\" \/>\n<meta property=\"og:site_name\" content=\"MioMioRun\" \/>\n<meta property=\"article:publisher\" content=\"https:\/\/www.facebook.com\/miomiorun\/\" \/>\n<meta property=\"article:modified_time\" content=\"2026-01-29T08:41:51+00:00\" \/>\n<meta property=\"og:image\" content=\"https:\/\/www.miomiorun.com\/app\/uploads\/2020\/05\/Garmin-sensore-velocit\u00e0-bici.jpg\" \/>\n\t<meta property=\"og:image:width\" content=\"600\" \/>\n\t<meta property=\"og:image:height\" content=\"600\" \/>\n\t<meta property=\"og:image:type\" content=\"image\/jpeg\" \/>\n<meta name=\"twitter:card\" content=\"summary_large_image\" \/>\n<meta name=\"twitter:label1\" content=\"Est. reading time\" \/>\n\t<meta name=\"twitter:data1\" content=\"1 minute\" \/>\n<script type=\"application\/ld+json\" class=\"yoast-schema-graph\">{\"@context\":\"https:\/\/schema.org\",\"@graph\":[{\"@type\":\"WebPage\",\"@id\":\"https:\/\/www.miomiorun.com\/fr\/produit\/garmin-capteur-de-vitesse-bluetooth-et-ant\/\",\"url\":\"https:\/\/www.miomiorun.com\/fr\/produit\/garmin-capteur-de-vitesse-bluetooth-et-ant\/\",\"name\":\"Garmin Capteur de vitesse Bluetooth et ANT+ accessoires garmin - MioMioRun\",\"isPartOf\":{\"@id\":\"https:\/\/www.miomiorun.com\/fr\/#website\"},\"primaryImageOfPage\":{\"@id\":\"https:\/\/www.miomiorun.com\/fr\/produit\/garmin-capteur-de-vitesse-bluetooth-et-ant\/#primaryimage\"},\"image\":{\"@id\":\"https:\/\/www.miomiorun.com\/fr\/produit\/garmin-capteur-de-vitesse-bluetooth-et-ant\/#primaryimage\"},\"thumbnailUrl\":\"https:\/\/www.miomiorun.com\/app\/uploads\/2020\/05\/Garmin-sensore-velocit\u00e0-bici.jpg\",\"datePublished\":\"2020-05-27T15:23:39+00:00\",\"dateModified\":\"2026-01-29T08:41:51+00:00\",\"description\":\"Surveillez votre cadence avec ce capteur de vitesse sans fil. Sans pi\u00e8ces expos\u00e9es, facile \u00e0 installer, \u00e0 ranger et \u00e0 d\u00e9placer.\",\"breadcrumb\":{\"@id\":\"https:\/\/www.miomiorun.com\/fr\/produit\/garmin-capteur-de-vitesse-bluetooth-et-ant\/#breadcrumb\"},\"inLanguage\":\"fr-FR\",\"potentialAction\":[{\"@type\":\"ReadAction\",\"target\":[\"https:\/\/www.miomiorun.com\/fr\/produit\/garmin-capteur-de-vitesse-bluetooth-et-ant\/\"]}]},{\"@type\":\"ImageObject\",\"inLanguage\":\"fr-FR\",\"@id\":\"https:\/\/www.miomiorun.com\/fr\/produit\/garmin-capteur-de-vitesse-bluetooth-et-ant\/#primaryimage\",\"url\":\"https:\/\/www.miomiorun.com\/app\/uploads\/2020\/05\/Garmin-sensore-velocit\u00e0-bici.jpg\",\"contentUrl\":\"https:\/\/www.miomiorun.com\/app\/uploads\/2020\/05\/Garmin-sensore-velocit\u00e0-bici.jpg\",\"width\":600,\"height\":600,\"caption\":\"Garmin-sensore-velocit\u00e0-bici\"},{\"@type\":\"BreadcrumbList\",\"@id\":\"https:\/\/www.miomiorun.com\/fr\/produit\/garmin-capteur-de-vitesse-bluetooth-et-ant\/#breadcrumb\",\"itemListElement\":[{\"@type\":\"ListItem\",\"position\":1,\"name\":\"Home\",\"item\":\"https:\/\/www.miomiorun.com\/fr\/home-page\/\"},{\"@type\":\"ListItem\",\"position\":2,\"name\":\"Shop\",\"item\":\"https:\/\/www.miomiorun.com\/shop\/\"},{\"@type\":\"ListItem\",\"position\":3,\"name\":\"Capteur de vitesse Bluetooth et ANT+\"}]},{\"@type\":\"WebSite\",\"@id\":\"https:\/\/www.miomiorun.com\/fr\/#website\",\"url\":\"https:\/\/www.miomiorun.com\/fr\/\",\"name\":\"MioMioRun\",\"description\":\"Boutique 100% running et trail\",\"publisher\":{\"@id\":\"https:\/\/www.miomiorun.com\/fr\/#organization\"},\"potentialAction\":[{\"@type\":\"SearchAction\",\"target\":{\"@type\":\"EntryPoint\",\"urlTemplate\":\"https:\/\/www.miomiorun.com\/fr\/?s={search_term_string}\"},\"query-input\":{\"@type\":\"PropertyValueSpecification\",\"valueRequired\":true,\"valueName\":\"search_term_string\"}}],\"inLanguage\":\"fr-FR\"},{\"@type\":\"Organization\",\"@id\":\"https:\/\/www.miomiorun.com\/fr\/#organization\",\"name\":\"MioMio Run\",\"url\":\"https:\/\/www.miomiorun.com\/fr\/\",\"logo\":{\"@type\":\"ImageObject\",\"inLanguage\":\"fr-FR\",\"@id\":\"https:\/\/www.miomiorun.com\/fr\/#\/schema\/logo\/image\/\",\"url\":\"https:\/\/www.miomiorun.com\/app\/uploads\/2019\/12\/logomio.png\",\"contentUrl\":\"https:\/\/www.miomiorun.com\/app\/uploads\/2019\/12\/logomio.png\",\"width\":115,\"height\":82,\"caption\":\"MioMio Run\"},\"image\":{\"@id\":\"https:\/\/www.miomiorun.com\/fr\/#\/schema\/logo\/image\/\"},\"sameAs\":[\"https:\/\/www.facebook.com\/miomiorun\/\",\"https:\/\/www.instagram.com\/miomiorun\/\"]}]}<\/script>\n<!-- \/ Yoast SEO plugin. -->","yoast_head_json":{"title":"Garmin Capteur de vitesse Bluetooth et ANT+ accessoires garmin - MioMioRun","description":"Surveillez votre cadence avec ce capteur de vitesse sans fil. Sans pi\u00e8ces expos\u00e9es, facile \u00e0 installer, \u00e0 ranger et \u00e0 d\u00e9placer.","robots":{"index":"index","follow":"follow","max-snippet":"max-snippet:-1","max-image-preview":"max-image-preview:large","max-video-preview":"max-video-preview:-1"},"canonical":"https:\/\/www.miomiorun.com\/fr\/produit\/garmin-capteur-de-vitesse-bluetooth-et-ant\/","og_locale":"fr_FR","og_type":"article","og_title":"Garmin Capteur de vitesse Bluetooth et ANT+ accessoires garmin - MioMioRun","og_description":"Surveillez votre cadence avec ce capteur de vitesse sans fil. Sans pi\u00e8ces expos\u00e9es, facile \u00e0 installer, \u00e0 ranger et \u00e0 d\u00e9placer.","og_url":"https:\/\/www.miomiorun.com\/fr\/produit\/garmin-capteur-de-vitesse-bluetooth-et-ant\/","og_site_name":"MioMioRun","article_publisher":"https:\/\/www.facebook.com\/miomiorun\/","article_modified_time":"2026-01-29T08:41:51+00:00","og_image":[{"width":600,"height":600,"url":"https:\/\/www.miomiorun.com\/app\/uploads\/2020\/05\/Garmin-sensore-velocit\u00e0-bici.jpg","type":"image\/jpeg"}],"twitter_card":"summary_large_image","twitter_misc":{"Est. reading time":"1 minute"},"schema":{"@context":"https:\/\/schema.org","@graph":[{"@type":"WebPage","@id":"https:\/\/www.miomiorun.com\/fr\/produit\/garmin-capteur-de-vitesse-bluetooth-et-ant\/","url":"https:\/\/www.miomiorun.com\/fr\/produit\/garmin-capteur-de-vitesse-bluetooth-et-ant\/","name":"Garmin Capteur de vitesse Bluetooth et ANT+ accessoires garmin - MioMioRun","isPartOf":{"@id":"https:\/\/www.miomiorun.com\/fr\/#website"},"primaryImageOfPage":{"@id":"https:\/\/www.miomiorun.com\/fr\/produit\/garmin-capteur-de-vitesse-bluetooth-et-ant\/#primaryimage"},"image":{"@id":"https:\/\/www.miomiorun.com\/fr\/produit\/garmin-capteur-de-vitesse-bluetooth-et-ant\/#primaryimage"},"thumbnailUrl":"https:\/\/www.miomiorun.com\/app\/uploads\/2020\/05\/Garmin-sensore-velocit\u00e0-bici.jpg","datePublished":"2020-05-27T15:23:39+00:00","dateModified":"2026-01-29T08:41:51+00:00","description":"Surveillez votre cadence avec ce capteur de vitesse sans fil. Sans pi\u00e8ces expos\u00e9es, facile \u00e0 installer, \u00e0 ranger et \u00e0 d\u00e9placer.","breadcrumb":{"@id":"https:\/\/www.miomiorun.com\/fr\/produit\/garmin-capteur-de-vitesse-bluetooth-et-ant\/#breadcrumb"},"inLanguage":"fr-FR","potentialAction":[{"@type":"ReadAction","target":["https:\/\/www.miomiorun.com\/fr\/produit\/garmin-capteur-de-vitesse-bluetooth-et-ant\/"]}]},{"@type":"ImageObject","inLanguage":"fr-FR","@id":"https:\/\/www.miomiorun.com\/fr\/produit\/garmin-capteur-de-vitesse-bluetooth-et-ant\/#primaryimage","url":"https:\/\/www.miomiorun.com\/app\/uploads\/2020\/05\/Garmin-sensore-velocit\u00e0-bici.jpg","contentUrl":"https:\/\/www.miomiorun.com\/app\/uploads\/2020\/05\/Garmin-sensore-velocit\u00e0-bici.jpg","width":600,"height":600,"caption":"Garmin-sensore-velocit\u00e0-bici"},{"@type":"BreadcrumbList","@id":"https:\/\/www.miomiorun.com\/fr\/produit\/garmin-capteur-de-vitesse-bluetooth-et-ant\/#breadcrumb","itemListElement":[{"@type":"ListItem","position":1,"name":"Home","item":"https:\/\/www.miomiorun.com\/fr\/home-page\/"},{"@type":"ListItem","position":2,"name":"Shop","item":"https:\/\/www.miomiorun.com\/shop\/"},{"@type":"ListItem","position":3,"name":"Capteur de vitesse Bluetooth et ANT+"}]},{"@type":"WebSite","@id":"https:\/\/www.miomiorun.com\/fr\/#website","url":"https:\/\/www.miomiorun.com\/fr\/","name":"MioMioRun","description":"Boutique 100% running et trail","publisher":{"@id":"https:\/\/www.miomiorun.com\/fr\/#organization"},"potentialAction":[{"@type":"SearchAction","target":{"@type":"EntryPoint","urlTemplate":"https:\/\/www.miomiorun.com\/fr\/?s={search_term_string}"},"query-input":{"@type":"PropertyValueSpecification","valueRequired":true,"valueName":"search_term_string"}}],"inLanguage":"fr-FR"},{"@type":"Organization","@id":"https:\/\/www.miomiorun.com\/fr\/#organization","name":"MioMio Run","url":"https:\/\/www.miomiorun.com\/fr\/","logo":{"@type":"ImageObject","inLanguage":"fr-FR","@id":"https:\/\/www.miomiorun.com\/fr\/#\/schema\/logo\/image\/","url":"https:\/\/www.miomiorun.com\/app\/uploads\/2019\/12\/logomio.png","contentUrl":"https:\/\/www.miomiorun.com\/app\/uploads\/2019\/12\/logomio.png","width":115,"height":82,"caption":"MioMio Run"},"image":{"@id":"https:\/\/www.miomiorun.com\/fr\/#\/schema\/logo\/image\/"},"sameAs":["https:\/\/www.facebook.com\/miomiorun\/","https:\/\/www.instagram.com\/miomiorun\/"]}]}},"_links":{"self":[{"href":"https:\/\/www.miomiorun.com\/fr\/wp-json\/wp\/v2\/product\/275304","targetHints":{"allow":["GET"]}}],"collection":[{"href":"https:\/\/www.miomiorun.com\/fr\/wp-json\/wp\/v2\/product"}],"about":[{"href":"https:\/\/www.miomiorun.com\/fr\/wp-json\/wp\/v2\/types\/product"}],"wp:featuredmedia":[{"embeddable":true,"href":"https:\/\/www.miomiorun.com\/fr\/wp-json\/wp\/v2\/media\/229995"}],"wp:attachment":[{"href":"https:\/\/www.miomiorun.com\/fr\/wp-json\/wp\/v2\/media?parent=275304"}],"wp:term":[{"taxonomy":"product_brand","embeddable":true,"href":"https:\/\/www.miomiorun.com\/fr\/wp-json\/wp\/v2\/product_brand?post=275304"},{"taxonomy":"product_cat","embeddable":true,"href":"https:\/\/www.miomiorun.com\/fr\/wp-json\/wp\/v2\/product_cat?post=275304"},{"taxonomy":"product_tag","embeddable":true,"href":"https:\/\/www.miomiorun.com\/fr\/wp-json\/wp\/v2\/product_tag?post=275304"}],"curies":[{"name":"wp","href":"https:\/\/api.w.org\/{rel}","templated":true}]}}