{"id":275276,"date":"2020-05-29T17:43:31","date_gmt":"2020-05-29T15:43:31","guid":{"rendered":"https:\/\/miomiorun.com\/prodotto\/wild-tee-wild-roses-donna\/"},"modified":"2026-01-28T12:34:15","modified_gmt":"2026-01-28T11:34:15","slug":"wild-tee-wild-roses-femme","status":"publish","type":"product","link":"https:\/\/www.miomiorun.com\/fr\/produit\/wild-tee-wild-roses-femme\/","title":{"rendered":"Wild Roses femme"},"content":{"rendered":"<p>Le charme intemporel du surfeur. Des landes baign\u00e9es par la mer et le parfum des vagues. Le choix id\u00e9al pour les filles les plus audacieuses.<\/p>\n<p>Maillot technique l\u00e9ger et respirant. Fabriqu\u00e9 en tissu Micromesh doux comme de la soie. Id\u00e9al pour les courses d&#8217;Ultra Trail ou une soir\u00e9e entre amis.<\/p>\n<p><strong>FABRIQU\u00c9 EN EUROPE<\/strong><\/p>\n<p><strong>POIDS<\/strong> 85 g<\/p>\n<p><strong>COMPOSITION<\/strong> 100 % PES imprim\u00e9 par sublimation totale.<\/p>\n<p><strong>INSTRUCTIONS DE LAVAGE<br \/>\n<\/strong>Les produits Wild Tee sont con\u00e7us pour durer, leur entretien est tr\u00e8s simple : laver \u00e0 l&#8217;envers, en machine, avec un programme pour v\u00eatements de sport, sans adoucissant, \u00e0 40 \u00b0C maximum, s\u00e9cher \u00e0 l&#8217;air libre.<\/p>\n<p>&nbsp;<\/p>\n<p>&nbsp;<\/p>\n","protected":false},"excerpt":{"rendered":"<p>Le charme intemporel du surfeur. Des landes baign\u00e9es par la mer et le parfum des vagues. Le choix id\u00e9al pour les filles les plus audacieuses. Maillot technique l\u00e9ger et respirant. Fabriqu\u00e9 en tissu Micromesh doux comme de la soie. Id\u00e9al pour les courses d&#8217;Ultra Trail ou une soir\u00e9e entre amis. FABRIQU\u00c9 EN EUROPE POIDS 85 &hellip; <a href=\"https:\/\/www.miomiorun.com\/fr\/produit\/wild-tee-wild-roses-femme\/\">Continued<\/a><\/p>\n","protected":false},"featured_media":230013,"template":"","meta":{"_acf_changed":false,"inline_featured_image":false},"product_brand":[],"product_cat":[22604,22596,22595],"product_tag":[23528,23568],"class_list":{"0":"post-275276","1":"product","2":"type-product","3":"status-publish","4":"has-post-thumbnail","6":"product_cat-t-shirt","7":"product_cat-vetements-pour-femmes","8":"product_cat-femme","9":"product_tag-wild-tee-fr","10":"product_tag-wild-tee-femme","11":"pa_attivita-marcher","12":"pa_attivita-running-fr","13":"pa_marca-wild-tee-fr","14":"pa_sesso-femme","15":"pa_size-small-fr","17":"first","18":"instock","19":"sale","20":"taxable","21":"shipping-taxable","22":"purchasable","23":"product-type-variable","24":"wvs-archive-product-wrapper"},"acf":[],"yoast_head":"<!-- This site is optimized with the Yoast SEO plugin v26.8 - https:\/\/yoast.com\/product\/yoast-seo-wordpress\/ -->\n<title>Wild Tee Wild Roses femme - T-shirt de course \u00e0 pied - MioMioRun<\/title>\n<meta name=\"description\" content=\"T-shirt de course technique l\u00e9ger et respirant. Fabriqu\u00e9 en tissu Micromesh doux. Id\u00e9al pour les courses d&#039;Ultra Trail ou une soir\u00e9e entre amis.\" \/>\n<meta name=\"robots\" content=\"index, follow, max-snippet:-1, max-image-preview:large, max-video-preview:-1\" \/>\n<link rel=\"canonical\" href=\"https:\/\/www.miomiorun.com\/fr\/produit\/wild-tee-wild-roses-femme\/\" \/>\n<meta property=\"og:locale\" content=\"fr_FR\" \/>\n<meta property=\"og:type\" content=\"article\" \/>\n<meta property=\"og:title\" content=\"Wild Tee Wild Roses femme - T-shirt de course \u00e0 pied - MioMioRun\" \/>\n<meta property=\"og:description\" content=\"T-shirt de course technique l\u00e9ger et respirant. Fabriqu\u00e9 en tissu Micromesh doux. Id\u00e9al pour les courses d&#039;Ultra Trail ou une soir\u00e9e entre amis.\" \/>\n<meta property=\"og:url\" content=\"https:\/\/www.miomiorun.com\/fr\/produit\/wild-tee-wild-roses-femme\/\" \/>\n<meta property=\"og:site_name\" content=\"MioMioRun\" \/>\n<meta property=\"article:publisher\" content=\"https:\/\/www.facebook.com\/miomiorun\/\" \/>\n<meta property=\"article:modified_time\" content=\"2026-01-28T11:34:15+00:00\" \/>\n<meta property=\"og:image\" content=\"https:\/\/www.miomiorun.com\/app\/uploads\/2020\/05\/wild-roses-women-t-shirt.jpg\" \/>\n\t<meta property=\"og:image:width\" content=\"600\" \/>\n\t<meta property=\"og:image:height\" content=\"600\" \/>\n\t<meta property=\"og:image:type\" content=\"image\/jpeg\" \/>\n<meta name=\"twitter:card\" content=\"summary_large_image\" \/>\n<meta name=\"twitter:label1\" content=\"Est. reading time\" \/>\n\t<meta name=\"twitter:data1\" content=\"1 minute\" \/>\n<script type=\"application\/ld+json\" class=\"yoast-schema-graph\">{\"@context\":\"https:\/\/schema.org\",\"@graph\":[{\"@type\":\"WebPage\",\"@id\":\"https:\/\/www.miomiorun.com\/fr\/produit\/wild-tee-wild-roses-femme\/\",\"url\":\"https:\/\/www.miomiorun.com\/fr\/produit\/wild-tee-wild-roses-femme\/\",\"name\":\"Wild Tee Wild Roses femme - T-shirt de course \u00e0 pied - MioMioRun\",\"isPartOf\":{\"@id\":\"https:\/\/www.miomiorun.com\/fr\/#website\"},\"primaryImageOfPage\":{\"@id\":\"https:\/\/www.miomiorun.com\/fr\/produit\/wild-tee-wild-roses-femme\/#primaryimage\"},\"image\":{\"@id\":\"https:\/\/www.miomiorun.com\/fr\/produit\/wild-tee-wild-roses-femme\/#primaryimage\"},\"thumbnailUrl\":\"https:\/\/www.miomiorun.com\/app\/uploads\/2020\/05\/wild-roses-women-t-shirt.jpg\",\"datePublished\":\"2020-05-29T15:43:31+00:00\",\"dateModified\":\"2026-01-28T11:34:15+00:00\",\"description\":\"T-shirt de course technique l\u00e9ger et respirant. Fabriqu\u00e9 en tissu Micromesh doux. Id\u00e9al pour les courses d'Ultra Trail ou une soir\u00e9e entre amis.\",\"breadcrumb\":{\"@id\":\"https:\/\/www.miomiorun.com\/fr\/produit\/wild-tee-wild-roses-femme\/#breadcrumb\"},\"inLanguage\":\"fr-FR\",\"potentialAction\":[{\"@type\":\"ReadAction\",\"target\":[\"https:\/\/www.miomiorun.com\/fr\/produit\/wild-tee-wild-roses-femme\/\"]}]},{\"@type\":\"ImageObject\",\"inLanguage\":\"fr-FR\",\"@id\":\"https:\/\/www.miomiorun.com\/fr\/produit\/wild-tee-wild-roses-femme\/#primaryimage\",\"url\":\"https:\/\/www.miomiorun.com\/app\/uploads\/2020\/05\/wild-roses-women-t-shirt.jpg\",\"contentUrl\":\"https:\/\/www.miomiorun.com\/app\/uploads\/2020\/05\/wild-roses-women-t-shirt.jpg\",\"width\":600,\"height\":600,\"caption\":\"T-shirt running tecnica leggera e traspirante. Realizzata in tessuto Micromesh morbido. Ideale dalle gare di Ultra Trail a una serata con gli amici.\"},{\"@type\":\"BreadcrumbList\",\"@id\":\"https:\/\/www.miomiorun.com\/fr\/produit\/wild-tee-wild-roses-femme\/#breadcrumb\",\"itemListElement\":[{\"@type\":\"ListItem\",\"position\":1,\"name\":\"Home\",\"item\":\"https:\/\/www.miomiorun.com\/fr\/home-page\/\"},{\"@type\":\"ListItem\",\"position\":2,\"name\":\"Shop\",\"item\":\"https:\/\/www.miomiorun.com\/shop\/\"},{\"@type\":\"ListItem\",\"position\":3,\"name\":\"Wild Roses femme\"}]},{\"@type\":\"WebSite\",\"@id\":\"https:\/\/www.miomiorun.com\/fr\/#website\",\"url\":\"https:\/\/www.miomiorun.com\/fr\/\",\"name\":\"MioMioRun\",\"description\":\"Boutique 100% running et trail\",\"publisher\":{\"@id\":\"https:\/\/www.miomiorun.com\/fr\/#organization\"},\"potentialAction\":[{\"@type\":\"SearchAction\",\"target\":{\"@type\":\"EntryPoint\",\"urlTemplate\":\"https:\/\/www.miomiorun.com\/fr\/?s={search_term_string}\"},\"query-input\":{\"@type\":\"PropertyValueSpecification\",\"valueRequired\":true,\"valueName\":\"search_term_string\"}}],\"inLanguage\":\"fr-FR\"},{\"@type\":\"Organization\",\"@id\":\"https:\/\/www.miomiorun.com\/fr\/#organization\",\"name\":\"MioMio Run\",\"url\":\"https:\/\/www.miomiorun.com\/fr\/\",\"logo\":{\"@type\":\"ImageObject\",\"inLanguage\":\"fr-FR\",\"@id\":\"https:\/\/www.miomiorun.com\/fr\/#\/schema\/logo\/image\/\",\"url\":\"https:\/\/www.miomiorun.com\/app\/uploads\/2019\/12\/logomio.png\",\"contentUrl\":\"https:\/\/www.miomiorun.com\/app\/uploads\/2019\/12\/logomio.png\",\"width\":115,\"height\":82,\"caption\":\"MioMio Run\"},\"image\":{\"@id\":\"https:\/\/www.miomiorun.com\/fr\/#\/schema\/logo\/image\/\"},\"sameAs\":[\"https:\/\/www.facebook.com\/miomiorun\/\",\"https:\/\/www.instagram.com\/miomiorun\/\"]}]}<\/script>\n<!-- \/ Yoast SEO plugin. -->","yoast_head_json":{"title":"Wild Tee Wild Roses femme - T-shirt de course \u00e0 pied - MioMioRun","description":"T-shirt de course technique l\u00e9ger et respirant. Fabriqu\u00e9 en tissu Micromesh doux. Id\u00e9al pour les courses d'Ultra Trail ou une soir\u00e9e entre amis.","robots":{"index":"index","follow":"follow","max-snippet":"max-snippet:-1","max-image-preview":"max-image-preview:large","max-video-preview":"max-video-preview:-1"},"canonical":"https:\/\/www.miomiorun.com\/fr\/produit\/wild-tee-wild-roses-femme\/","og_locale":"fr_FR","og_type":"article","og_title":"Wild Tee Wild Roses femme - T-shirt de course \u00e0 pied - MioMioRun","og_description":"T-shirt de course technique l\u00e9ger et respirant. Fabriqu\u00e9 en tissu Micromesh doux. Id\u00e9al pour les courses d'Ultra Trail ou une soir\u00e9e entre amis.","og_url":"https:\/\/www.miomiorun.com\/fr\/produit\/wild-tee-wild-roses-femme\/","og_site_name":"MioMioRun","article_publisher":"https:\/\/www.facebook.com\/miomiorun\/","article_modified_time":"2026-01-28T11:34:15+00:00","og_image":[{"width":600,"height":600,"url":"https:\/\/www.miomiorun.com\/app\/uploads\/2020\/05\/wild-roses-women-t-shirt.jpg","type":"image\/jpeg"}],"twitter_card":"summary_large_image","twitter_misc":{"Est. reading time":"1 minute"},"schema":{"@context":"https:\/\/schema.org","@graph":[{"@type":"WebPage","@id":"https:\/\/www.miomiorun.com\/fr\/produit\/wild-tee-wild-roses-femme\/","url":"https:\/\/www.miomiorun.com\/fr\/produit\/wild-tee-wild-roses-femme\/","name":"Wild Tee Wild Roses femme - T-shirt de course \u00e0 pied - MioMioRun","isPartOf":{"@id":"https:\/\/www.miomiorun.com\/fr\/#website"},"primaryImageOfPage":{"@id":"https:\/\/www.miomiorun.com\/fr\/produit\/wild-tee-wild-roses-femme\/#primaryimage"},"image":{"@id":"https:\/\/www.miomiorun.com\/fr\/produit\/wild-tee-wild-roses-femme\/#primaryimage"},"thumbnailUrl":"https:\/\/www.miomiorun.com\/app\/uploads\/2020\/05\/wild-roses-women-t-shirt.jpg","datePublished":"2020-05-29T15:43:31+00:00","dateModified":"2026-01-28T11:34:15+00:00","description":"T-shirt de course technique l\u00e9ger et respirant. Fabriqu\u00e9 en tissu Micromesh doux. Id\u00e9al pour les courses d'Ultra Trail ou une soir\u00e9e entre amis.","breadcrumb":{"@id":"https:\/\/www.miomiorun.com\/fr\/produit\/wild-tee-wild-roses-femme\/#breadcrumb"},"inLanguage":"fr-FR","potentialAction":[{"@type":"ReadAction","target":["https:\/\/www.miomiorun.com\/fr\/produit\/wild-tee-wild-roses-femme\/"]}]},{"@type":"ImageObject","inLanguage":"fr-FR","@id":"https:\/\/www.miomiorun.com\/fr\/produit\/wild-tee-wild-roses-femme\/#primaryimage","url":"https:\/\/www.miomiorun.com\/app\/uploads\/2020\/05\/wild-roses-women-t-shirt.jpg","contentUrl":"https:\/\/www.miomiorun.com\/app\/uploads\/2020\/05\/wild-roses-women-t-shirt.jpg","width":600,"height":600,"caption":"T-shirt running tecnica leggera e traspirante. Realizzata in tessuto Micromesh morbido. Ideale dalle gare di Ultra Trail a una serata con gli amici."},{"@type":"BreadcrumbList","@id":"https:\/\/www.miomiorun.com\/fr\/produit\/wild-tee-wild-roses-femme\/#breadcrumb","itemListElement":[{"@type":"ListItem","position":1,"name":"Home","item":"https:\/\/www.miomiorun.com\/fr\/home-page\/"},{"@type":"ListItem","position":2,"name":"Shop","item":"https:\/\/www.miomiorun.com\/shop\/"},{"@type":"ListItem","position":3,"name":"Wild Roses femme"}]},{"@type":"WebSite","@id":"https:\/\/www.miomiorun.com\/fr\/#website","url":"https:\/\/www.miomiorun.com\/fr\/","name":"MioMioRun","description":"Boutique 100% running et trail","publisher":{"@id":"https:\/\/www.miomiorun.com\/fr\/#organization"},"potentialAction":[{"@type":"SearchAction","target":{"@type":"EntryPoint","urlTemplate":"https:\/\/www.miomiorun.com\/fr\/?s={search_term_string}"},"query-input":{"@type":"PropertyValueSpecification","valueRequired":true,"valueName":"search_term_string"}}],"inLanguage":"fr-FR"},{"@type":"Organization","@id":"https:\/\/www.miomiorun.com\/fr\/#organization","name":"MioMio Run","url":"https:\/\/www.miomiorun.com\/fr\/","logo":{"@type":"ImageObject","inLanguage":"fr-FR","@id":"https:\/\/www.miomiorun.com\/fr\/#\/schema\/logo\/image\/","url":"https:\/\/www.miomiorun.com\/app\/uploads\/2019\/12\/logomio.png","contentUrl":"https:\/\/www.miomiorun.com\/app\/uploads\/2019\/12\/logomio.png","width":115,"height":82,"caption":"MioMio Run"},"image":{"@id":"https:\/\/www.miomiorun.com\/fr\/#\/schema\/logo\/image\/"},"sameAs":["https:\/\/www.facebook.com\/miomiorun\/","https:\/\/www.instagram.com\/miomiorun\/"]}]}},"_links":{"self":[{"href":"https:\/\/www.miomiorun.com\/fr\/wp-json\/wp\/v2\/product\/275276","targetHints":{"allow":["GET"]}}],"collection":[{"href":"https:\/\/www.miomiorun.com\/fr\/wp-json\/wp\/v2\/product"}],"about":[{"href":"https:\/\/www.miomiorun.com\/fr\/wp-json\/wp\/v2\/types\/product"}],"wp:featuredmedia":[{"embeddable":true,"href":"https:\/\/www.miomiorun.com\/fr\/wp-json\/wp\/v2\/media\/230013"}],"wp:attachment":[{"href":"https:\/\/www.miomiorun.com\/fr\/wp-json\/wp\/v2\/media?parent=275276"}],"wp:term":[{"taxonomy":"product_brand","embeddable":true,"href":"https:\/\/www.miomiorun.com\/fr\/wp-json\/wp\/v2\/product_brand?post=275276"},{"taxonomy":"product_cat","embeddable":true,"href":"https:\/\/www.miomiorun.com\/fr\/wp-json\/wp\/v2\/product_cat?post=275276"},{"taxonomy":"product_tag","embeddable":true,"href":"https:\/\/www.miomiorun.com\/fr\/wp-json\/wp\/v2\/product_tag?post=275276"}],"curies":[{"name":"wp","href":"https:\/\/api.w.org\/{rel}","templated":true}]}}