{"id":275129,"date":"2020-06-03T17:45:44","date_gmt":"2020-06-03T15:45:44","guid":{"rendered":"https:\/\/miomiorun.com\/prodotto\/la-sportiva-auster-short-uomo\/"},"modified":"2026-05-08T20:40:45","modified_gmt":"2026-05-08T18:40:45","slug":"la-sportiva-auster-short-homme","status":"publish","type":"product","link":"https:\/\/www.miomiorun.com\/fr\/produit\/la-sportiva-auster-short-homme\/","title":{"rendered":"Auster Short homme"},"content":{"rendered":"<p>Short de course r\u00e9sistant et l\u00e9ger, l&#8217;Auster Short est sp\u00e9cialement con\u00e7u avec une construction \u00ab waist comfort \u00bb pour garantir un meilleur ajustement et une libert\u00e9 de mouvement totale. Le choix de mat\u00e9riaux frais, \u00e9lastiques et anti-frottements permet une transpiration optimale et un s\u00e9chage rapide, m\u00eame pendant la course. L&#8217;Auster Short est \u00e9galement \u00e9quip\u00e9 de poches lat\u00e9rales et d&#8217;une poche arri\u00e8re centrale.<\/p>\n<p>+ Construction body-mapping<br \/>\n+ Construction souple \u00e0 la taille<br \/>\n+ Tissu \u00e9lastique et anti-frottement<br \/>\n+ Poche arri\u00e8re de s\u00e9curit\u00e9<br \/>\n+ 2 poches lat\u00e9rales appliqu\u00e9es pour transporter de petits objets<br \/>\n+ Inserts lat\u00e9raux \u00e9lastiques pour garantir une libert\u00e9 de mouvement totale<\/p>\n<p><b>Poids : <\/b>140 g (L)<br \/>\n<b>Mat\u00e9riaux : <\/b>Principal : (PW07) 86 % PES, 14 % EA Slip int\u00e9rieur : (PN13) 96 % PES, 4 % EA<br \/>\n<b>Coupe : <\/b>R\u00e9guli\u00e8re<\/p>\n","protected":false},"excerpt":{"rendered":"<p>Short de course r\u00e9sistant et l\u00e9ger, l&#8217;Auster Short est sp\u00e9cialement con\u00e7u avec une construction \u00ab waist comfort \u00bb pour garantir un meilleur ajustement et une libert\u00e9 de mouvement totale. Le choix de mat\u00e9riaux frais, \u00e9lastiques et anti-frottements permet une transpiration optimale et un s\u00e9chage rapide, m\u00eame pendant la course. L&#8217;Auster Short est \u00e9galement \u00e9quip\u00e9 de &hellip; <a href=\"https:\/\/www.miomiorun.com\/fr\/produit\/la-sportiva-auster-short-homme\/\">Continued<\/a><\/p>\n","protected":false},"featured_media":246186,"template":"","meta":{"_acf_changed":false,"inline_featured_image":false},"product_brand":[],"product_cat":[24477,24482,24484],"product_tag":[23597,23599],"class_list":{"0":"post-275129","1":"product","2":"type-product","3":"status-publish","4":"has-post-thumbnail","6":"product_cat-pantalon-court-fr-3","7":"product_cat-vetements-pour-hommes-fr","8":"product_cat-homme","9":"product_tag-la-sportiva-fr","10":"product_tag-la-sportiva-homme","11":"pa_attivita-trail-fr","12":"pa_colore-auster-short-m-tropic-blue-cherry-tomato-fr","13":"pa_marca-la-sportiva-fr","14":"pa_sesso-homme","15":"pa_size-large-fr","17":"first","18":"outofstock","19":"taxable","20":"shipping-taxable","21":"purchasable","22":"product-type-variable","23":"wvs-archive-product-wrapper"},"acf":[],"yoast_head":"<!-- This site is optimized with the Yoast SEO plugin v26.8 - https:\/\/yoast.com\/product\/yoast-seo-wordpress\/ -->\n<title>La Sportiva Auster Short homme - Shorts pour hommes - MioMioRun<\/title>\n<meta name=\"description\" content=\"Short Auster pour homme : un incontournable de l&#039;\u00e9t\u00e9. Fabriqu\u00e9 \u00e0 partir de mat\u00e9riaux de haute qualit\u00e9, il garantit confort et style. D\u00e9couvrez sa polyvalence !\" \/>\n<meta name=\"robots\" content=\"index, follow, max-snippet:-1, max-image-preview:large, max-video-preview:-1\" \/>\n<link rel=\"canonical\" href=\"https:\/\/www.miomiorun.com\/fr\/produit\/la-sportiva-auster-short-homme\/\" \/>\n<meta property=\"og:locale\" content=\"fr_FR\" \/>\n<meta property=\"og:type\" content=\"article\" \/>\n<meta property=\"og:title\" content=\"La Sportiva Auster Short homme - Shorts pour hommes - MioMioRun\" \/>\n<meta property=\"og:description\" content=\"Short Auster pour homme : un incontournable de l&#039;\u00e9t\u00e9. Fabriqu\u00e9 \u00e0 partir de mat\u00e9riaux de haute qualit\u00e9, il garantit confort et style. D\u00e9couvrez sa polyvalence !\" \/>\n<meta property=\"og:url\" content=\"https:\/\/www.miomiorun.com\/fr\/produit\/la-sportiva-auster-short-homme\/\" \/>\n<meta property=\"og:site_name\" content=\"MioMioRun\" \/>\n<meta property=\"article:publisher\" content=\"https:\/\/www.facebook.com\/miomiorun\/\" \/>\n<meta property=\"article:modified_time\" content=\"2026-05-08T18:40:45+00:00\" \/>\n<meta property=\"og:image\" content=\"https:\/\/www.miomiorun.com\/app\/uploads\/2024\/03\/La-sporiva-Auster-short-M-deep-sea-tropic-blue-P78643614.webp\" \/>\n\t<meta property=\"og:image:width\" content=\"600\" \/>\n\t<meta property=\"og:image:height\" content=\"600\" \/>\n\t<meta property=\"og:image:type\" content=\"image\/webp\" \/>\n<meta name=\"twitter:card\" content=\"summary_large_image\" \/>\n<meta name=\"twitter:label1\" content=\"Est. reading time\" \/>\n\t<meta name=\"twitter:data1\" content=\"1 minute\" \/>\n<script type=\"application\/ld+json\" class=\"yoast-schema-graph\">{\"@context\":\"https:\/\/schema.org\",\"@graph\":[{\"@type\":\"WebPage\",\"@id\":\"https:\/\/www.miomiorun.com\/fr\/produit\/la-sportiva-auster-short-homme\/\",\"url\":\"https:\/\/www.miomiorun.com\/fr\/produit\/la-sportiva-auster-short-homme\/\",\"name\":\"La Sportiva Auster Short homme - Shorts pour hommes - MioMioRun\",\"isPartOf\":{\"@id\":\"https:\/\/www.miomiorun.com\/fr\/#website\"},\"primaryImageOfPage\":{\"@id\":\"https:\/\/www.miomiorun.com\/fr\/produit\/la-sportiva-auster-short-homme\/#primaryimage\"},\"image\":{\"@id\":\"https:\/\/www.miomiorun.com\/fr\/produit\/la-sportiva-auster-short-homme\/#primaryimage\"},\"thumbnailUrl\":\"https:\/\/www.miomiorun.com\/app\/uploads\/2024\/03\/La-sporiva-Auster-short-M-deep-sea-tropic-blue-P78643614.webp\",\"datePublished\":\"2020-06-03T15:45:44+00:00\",\"dateModified\":\"2026-05-08T18:40:45+00:00\",\"description\":\"Short Auster pour homme : un incontournable de l'\u00e9t\u00e9. Fabriqu\u00e9 \u00e0 partir de mat\u00e9riaux de haute qualit\u00e9, il garantit confort et style. D\u00e9couvrez sa polyvalence !\",\"breadcrumb\":{\"@id\":\"https:\/\/www.miomiorun.com\/fr\/produit\/la-sportiva-auster-short-homme\/#breadcrumb\"},\"inLanguage\":\"fr-FR\",\"potentialAction\":[{\"@type\":\"ReadAction\",\"target\":[\"https:\/\/www.miomiorun.com\/fr\/produit\/la-sportiva-auster-short-homme\/\"]}]},{\"@type\":\"ImageObject\",\"inLanguage\":\"fr-FR\",\"@id\":\"https:\/\/www.miomiorun.com\/fr\/produit\/la-sportiva-auster-short-homme\/#primaryimage\",\"url\":\"https:\/\/www.miomiorun.com\/app\/uploads\/2024\/03\/La-sporiva-Auster-short-M-deep-sea-tropic-blue-P78643614.webp\",\"contentUrl\":\"https:\/\/www.miomiorun.com\/app\/uploads\/2024\/03\/La-sporiva-Auster-short-M-deep-sea-tropic-blue-P78643614.webp\",\"width\":600,\"height\":600,\"caption\":\"La sporiva Auster short M deep sea tropic blue P78643614\"},{\"@type\":\"BreadcrumbList\",\"@id\":\"https:\/\/www.miomiorun.com\/fr\/produit\/la-sportiva-auster-short-homme\/#breadcrumb\",\"itemListElement\":[{\"@type\":\"ListItem\",\"position\":1,\"name\":\"Home\",\"item\":\"https:\/\/www.miomiorun.com\/fr\/home-page\/\"},{\"@type\":\"ListItem\",\"position\":2,\"name\":\"Shop\",\"item\":\"https:\/\/www.miomiorun.com\/shop\/\"},{\"@type\":\"ListItem\",\"position\":3,\"name\":\"Auster Short homme\"}]},{\"@type\":\"WebSite\",\"@id\":\"https:\/\/www.miomiorun.com\/fr\/#website\",\"url\":\"https:\/\/www.miomiorun.com\/fr\/\",\"name\":\"MioMioRun\",\"description\":\"Boutique 100% running et trail\",\"publisher\":{\"@id\":\"https:\/\/www.miomiorun.com\/fr\/#organization\"},\"potentialAction\":[{\"@type\":\"SearchAction\",\"target\":{\"@type\":\"EntryPoint\",\"urlTemplate\":\"https:\/\/www.miomiorun.com\/fr\/?s={search_term_string}\"},\"query-input\":{\"@type\":\"PropertyValueSpecification\",\"valueRequired\":true,\"valueName\":\"search_term_string\"}}],\"inLanguage\":\"fr-FR\"},{\"@type\":\"Organization\",\"@id\":\"https:\/\/www.miomiorun.com\/fr\/#organization\",\"name\":\"MioMio Run\",\"url\":\"https:\/\/www.miomiorun.com\/fr\/\",\"logo\":{\"@type\":\"ImageObject\",\"inLanguage\":\"fr-FR\",\"@id\":\"https:\/\/www.miomiorun.com\/fr\/#\/schema\/logo\/image\/\",\"url\":\"https:\/\/www.miomiorun.com\/app\/uploads\/2019\/12\/logomio.png\",\"contentUrl\":\"https:\/\/www.miomiorun.com\/app\/uploads\/2019\/12\/logomio.png\",\"width\":115,\"height\":82,\"caption\":\"MioMio Run\"},\"image\":{\"@id\":\"https:\/\/www.miomiorun.com\/fr\/#\/schema\/logo\/image\/\"},\"sameAs\":[\"https:\/\/www.facebook.com\/miomiorun\/\",\"https:\/\/www.instagram.com\/miomiorun\/\"]}]}<\/script>\n<!-- \/ Yoast SEO plugin. -->","yoast_head_json":{"title":"La Sportiva Auster Short homme - Shorts pour hommes - MioMioRun","description":"Short Auster pour homme : un incontournable de l'\u00e9t\u00e9. Fabriqu\u00e9 \u00e0 partir de mat\u00e9riaux de haute qualit\u00e9, il garantit confort et style. D\u00e9couvrez sa polyvalence !","robots":{"index":"index","follow":"follow","max-snippet":"max-snippet:-1","max-image-preview":"max-image-preview:large","max-video-preview":"max-video-preview:-1"},"canonical":"https:\/\/www.miomiorun.com\/fr\/produit\/la-sportiva-auster-short-homme\/","og_locale":"fr_FR","og_type":"article","og_title":"La Sportiva Auster Short homme - Shorts pour hommes - MioMioRun","og_description":"Short Auster pour homme : un incontournable de l'\u00e9t\u00e9. Fabriqu\u00e9 \u00e0 partir de mat\u00e9riaux de haute qualit\u00e9, il garantit confort et style. D\u00e9couvrez sa polyvalence !","og_url":"https:\/\/www.miomiorun.com\/fr\/produit\/la-sportiva-auster-short-homme\/","og_site_name":"MioMioRun","article_publisher":"https:\/\/www.facebook.com\/miomiorun\/","article_modified_time":"2026-05-08T18:40:45+00:00","og_image":[{"width":600,"height":600,"url":"https:\/\/www.miomiorun.com\/app\/uploads\/2024\/03\/La-sporiva-Auster-short-M-deep-sea-tropic-blue-P78643614.webp","type":"image\/webp"}],"twitter_card":"summary_large_image","twitter_misc":{"Est. reading time":"1 minute"},"schema":{"@context":"https:\/\/schema.org","@graph":[{"@type":"WebPage","@id":"https:\/\/www.miomiorun.com\/fr\/produit\/la-sportiva-auster-short-homme\/","url":"https:\/\/www.miomiorun.com\/fr\/produit\/la-sportiva-auster-short-homme\/","name":"La Sportiva Auster Short homme - Shorts pour hommes - MioMioRun","isPartOf":{"@id":"https:\/\/www.miomiorun.com\/fr\/#website"},"primaryImageOfPage":{"@id":"https:\/\/www.miomiorun.com\/fr\/produit\/la-sportiva-auster-short-homme\/#primaryimage"},"image":{"@id":"https:\/\/www.miomiorun.com\/fr\/produit\/la-sportiva-auster-short-homme\/#primaryimage"},"thumbnailUrl":"https:\/\/www.miomiorun.com\/app\/uploads\/2024\/03\/La-sporiva-Auster-short-M-deep-sea-tropic-blue-P78643614.webp","datePublished":"2020-06-03T15:45:44+00:00","dateModified":"2026-05-08T18:40:45+00:00","description":"Short Auster pour homme : un incontournable de l'\u00e9t\u00e9. Fabriqu\u00e9 \u00e0 partir de mat\u00e9riaux de haute qualit\u00e9, il garantit confort et style. D\u00e9couvrez sa polyvalence !","breadcrumb":{"@id":"https:\/\/www.miomiorun.com\/fr\/produit\/la-sportiva-auster-short-homme\/#breadcrumb"},"inLanguage":"fr-FR","potentialAction":[{"@type":"ReadAction","target":["https:\/\/www.miomiorun.com\/fr\/produit\/la-sportiva-auster-short-homme\/"]}]},{"@type":"ImageObject","inLanguage":"fr-FR","@id":"https:\/\/www.miomiorun.com\/fr\/produit\/la-sportiva-auster-short-homme\/#primaryimage","url":"https:\/\/www.miomiorun.com\/app\/uploads\/2024\/03\/La-sporiva-Auster-short-M-deep-sea-tropic-blue-P78643614.webp","contentUrl":"https:\/\/www.miomiorun.com\/app\/uploads\/2024\/03\/La-sporiva-Auster-short-M-deep-sea-tropic-blue-P78643614.webp","width":600,"height":600,"caption":"La sporiva Auster short M deep sea tropic blue P78643614"},{"@type":"BreadcrumbList","@id":"https:\/\/www.miomiorun.com\/fr\/produit\/la-sportiva-auster-short-homme\/#breadcrumb","itemListElement":[{"@type":"ListItem","position":1,"name":"Home","item":"https:\/\/www.miomiorun.com\/fr\/home-page\/"},{"@type":"ListItem","position":2,"name":"Shop","item":"https:\/\/www.miomiorun.com\/shop\/"},{"@type":"ListItem","position":3,"name":"Auster Short homme"}]},{"@type":"WebSite","@id":"https:\/\/www.miomiorun.com\/fr\/#website","url":"https:\/\/www.miomiorun.com\/fr\/","name":"MioMioRun","description":"Boutique 100% running et trail","publisher":{"@id":"https:\/\/www.miomiorun.com\/fr\/#organization"},"potentialAction":[{"@type":"SearchAction","target":{"@type":"EntryPoint","urlTemplate":"https:\/\/www.miomiorun.com\/fr\/?s={search_term_string}"},"query-input":{"@type":"PropertyValueSpecification","valueRequired":true,"valueName":"search_term_string"}}],"inLanguage":"fr-FR"},{"@type":"Organization","@id":"https:\/\/www.miomiorun.com\/fr\/#organization","name":"MioMio Run","url":"https:\/\/www.miomiorun.com\/fr\/","logo":{"@type":"ImageObject","inLanguage":"fr-FR","@id":"https:\/\/www.miomiorun.com\/fr\/#\/schema\/logo\/image\/","url":"https:\/\/www.miomiorun.com\/app\/uploads\/2019\/12\/logomio.png","contentUrl":"https:\/\/www.miomiorun.com\/app\/uploads\/2019\/12\/logomio.png","width":115,"height":82,"caption":"MioMio Run"},"image":{"@id":"https:\/\/www.miomiorun.com\/fr\/#\/schema\/logo\/image\/"},"sameAs":["https:\/\/www.facebook.com\/miomiorun\/","https:\/\/www.instagram.com\/miomiorun\/"]}]}},"_links":{"self":[{"href":"https:\/\/www.miomiorun.com\/fr\/wp-json\/wp\/v2\/product\/275129","targetHints":{"allow":["GET"]}}],"collection":[{"href":"https:\/\/www.miomiorun.com\/fr\/wp-json\/wp\/v2\/product"}],"about":[{"href":"https:\/\/www.miomiorun.com\/fr\/wp-json\/wp\/v2\/types\/product"}],"wp:featuredmedia":[{"embeddable":true,"href":"https:\/\/www.miomiorun.com\/fr\/wp-json\/wp\/v2\/media\/246186"}],"wp:attachment":[{"href":"https:\/\/www.miomiorun.com\/fr\/wp-json\/wp\/v2\/media?parent=275129"}],"wp:term":[{"taxonomy":"product_brand","embeddable":true,"href":"https:\/\/www.miomiorun.com\/fr\/wp-json\/wp\/v2\/product_brand?post=275129"},{"taxonomy":"product_cat","embeddable":true,"href":"https:\/\/www.miomiorun.com\/fr\/wp-json\/wp\/v2\/product_cat?post=275129"},{"taxonomy":"product_tag","embeddable":true,"href":"https:\/\/www.miomiorun.com\/fr\/wp-json\/wp\/v2\/product_tag?post=275129"}],"curies":[{"name":"wp","href":"https:\/\/api.w.org\/{rel}","templated":true}]}}