{"id":275098,"date":"2020-06-10T18:58:52","date_gmt":"2020-06-10T16:58:52","guid":{"rendered":"https:\/\/miomiorun.com\/prodotto\/craft-pro-dry-nanoweight-ss-uomo\/"},"modified":"2026-01-28T11:36:36","modified_gmt":"2026-01-28T10:36:36","slug":"craft-pro-dry-nanoweight-ss-homme","status":"publish","type":"product","link":"https:\/\/www.miomiorun.com\/fr\/produit\/craft-pro-dry-nanoweight-ss-homme\/","title":{"rendered":"Pro Dry Nanoweight SS homme"},"content":{"rendered":"<p>T-shirt en mesh ultra-l\u00e9ger pour des performances de niveau mondial.<\/p>\n<p>Pro Dry Nanoweight SS est un maillot en maille ultra-l\u00e9ger offrant une excellente gestion de l&#8217;humidit\u00e9, con\u00e7u pour les athl\u00e8tes de haut niveau. Ce maillot est fabriqu\u00e9 dans un tissu en maille exceptionnellement fin et pr\u00e9sente des d\u00e9tails thermocoll\u00e9s pour une coupe ajust\u00e9e et l\u00e9g\u00e8re. Le choix id\u00e9al lorsque vous avez besoin d&#8217;une \u00e9vacuation optimale de l&#8217;humidit\u00e9 de la peau vers la couche suivante.<\/p>\n<p>\u2022 Ultra-l\u00e9ger, maille rafra\u00eechissante (80 g\/m\u00b2)<br \/>\n\u2022 Polyester recycl\u00e9<br \/>\n\u2022 D\u00e9tails enregistr\u00e9s<br \/>\n\u2022 Coupe ajust\u00e9e<br \/>\n\u2022 Manches raglan<\/p>\n<div class=\"vertical-gutter--medium--top vertical-gutter--xmedium--top--medium-up\">\n<h4>Tissu<\/h4>\n<p>48 % polyester, 39 % polyester recycl\u00e9, 13 % \u00e9lasthanne<\/p>\n<h3>Caract\u00e9ristiques du produit<\/h3>\n<h4>l\u00e9ger<\/h4>\n<p>Mat\u00e9riau ultra-l\u00e9ger qui offre une sensation d\u00e9fiant la gravit\u00e9.<\/p>\n<h4>Transport de l&#8217;humidit\u00e9<\/h4>\n<p>Il \u00e9vacue l&#8217;humidit\u00e9 de la peau vers l&#8217;ext\u00e9rieur du v\u00eatement et vous garde au frais et au sec pendant les entra\u00eenements intenses.<\/p>\n<h4>Restez au frais<\/h4>\n<p>Stay Cool offre un excellent refroidissement et une grande libert\u00e9 de mouvement pendant les entra\u00eenements dans des conditions chaudes.<\/p>\n<\/div>\n","protected":false},"excerpt":{"rendered":"<p>T-shirt en mesh ultra-l\u00e9ger pour des performances de niveau mondial. Pro Dry Nanoweight SS est un maillot en maille ultra-l\u00e9ger offrant une excellente gestion de l&#8217;humidit\u00e9, con\u00e7u pour les athl\u00e8tes de haut niveau. Ce maillot est fabriqu\u00e9 dans un tissu en maille exceptionnellement fin et pr\u00e9sente des d\u00e9tails thermocoll\u00e9s pour une coupe ajust\u00e9e et l\u00e9g\u00e8re. &hellip; <a href=\"https:\/\/www.miomiorun.com\/fr\/produit\/craft-pro-dry-nanoweight-ss-homme\/\">Continued<\/a><\/p>\n","protected":false},"featured_media":230067,"template":"","meta":{"_acf_changed":false,"inline_featured_image":false},"product_brand":[],"product_cat":[24479,24482,24484],"product_tag":[23554,23647],"class_list":{"0":"post-275098","1":"product","2":"type-product","3":"status-publish","4":"has-post-thumbnail","6":"product_cat-sous-vetements-fr-2","7":"product_cat-vetements-pour-hommes-fr","8":"product_cat-homme","9":"product_tag-craft-fr","10":"product_tag-craft-homme","11":"pa_attivita-marcher","12":"pa_attivita-outdoor-fr","13":"pa_attivita-running-fr","14":"pa_attivita-trail-fr","15":"pa_colore-pro-dry-nanoweight-ss-1908851-900000-fr","16":"pa_colore-pro-dry-nanoweight-ss-1908851-999000-fr","17":"pa_marca-craft-fr","18":"pa_sesso-homme","19":"pa_size-extra-small-fr","20":"pa_size-small-fr","21":"pa_size-medium-fr","22":"pa_size-large-fr","23":"pa_size-extra-large-fr","25":"first","26":"instock","27":"sale","28":"taxable","29":"shipping-taxable","30":"purchasable","31":"product-type-variable","32":"wvs-archive-product-wrapper"},"acf":[],"yoast_head":"<!-- This site is optimized with the Yoast SEO plugin v26.8 - https:\/\/yoast.com\/product\/yoast-seo-wordpress\/ -->\n<title>Craft Pro Dry Nanoweight SS homme - Sous-v\u00eatements thermiques - MioMioRun.com<\/title>\n<meta name=\"description\" content=\"Le Pro Dry Nanoweight SS pour homme est un maillot en maille ultra-l\u00e9ger offrant une excellente gestion de l&#039;humidit\u00e9, con\u00e7u pour les athl\u00e8tes de haut niveau.\" \/>\n<meta name=\"robots\" content=\"index, follow, max-snippet:-1, max-image-preview:large, max-video-preview:-1\" \/>\n<link rel=\"canonical\" href=\"https:\/\/www.miomiorun.com\/fr\/produit\/craft-pro-dry-nanoweight-ss-homme\/\" \/>\n<meta property=\"og:locale\" content=\"fr_FR\" \/>\n<meta property=\"og:type\" content=\"article\" \/>\n<meta property=\"og:title\" content=\"Craft Pro Dry Nanoweight SS homme - Sous-v\u00eatements thermiques - MioMioRun.com\" \/>\n<meta property=\"og:description\" content=\"Le Pro Dry Nanoweight SS pour homme est un maillot en maille ultra-l\u00e9ger offrant une excellente gestion de l&#039;humidit\u00e9, con\u00e7u pour les athl\u00e8tes de haut niveau.\" \/>\n<meta property=\"og:url\" content=\"https:\/\/www.miomiorun.com\/fr\/produit\/craft-pro-dry-nanoweight-ss-homme\/\" \/>\n<meta property=\"og:site_name\" content=\"MioMioRun\" \/>\n<meta property=\"article:publisher\" content=\"https:\/\/www.facebook.com\/miomiorun\/\" \/>\n<meta property=\"article:modified_time\" content=\"2026-01-28T10:36:36+00:00\" \/>\n<meta property=\"og:image\" content=\"https:\/\/www.miomiorun.com\/app\/uploads\/2020\/06\/Pro-Dry-Nanoweight-SS-1908851-900000.jpg\" \/>\n\t<meta property=\"og:image:width\" content=\"600\" \/>\n\t<meta property=\"og:image:height\" content=\"600\" \/>\n\t<meta property=\"og:image:type\" content=\"image\/jpeg\" \/>\n<meta name=\"twitter:card\" content=\"summary_large_image\" \/>\n<meta name=\"twitter:label1\" content=\"Est. reading time\" \/>\n\t<meta name=\"twitter:data1\" content=\"1 minute\" \/>\n<script type=\"application\/ld+json\" class=\"yoast-schema-graph\">{\"@context\":\"https:\/\/schema.org\",\"@graph\":[{\"@type\":\"WebPage\",\"@id\":\"https:\/\/www.miomiorun.com\/fr\/produit\/craft-pro-dry-nanoweight-ss-homme\/\",\"url\":\"https:\/\/www.miomiorun.com\/fr\/produit\/craft-pro-dry-nanoweight-ss-homme\/\",\"name\":\"Craft Pro Dry Nanoweight SS homme - Sous-v\u00eatements thermiques - MioMioRun.com\",\"isPartOf\":{\"@id\":\"https:\/\/www.miomiorun.com\/fr\/#website\"},\"primaryImageOfPage\":{\"@id\":\"https:\/\/www.miomiorun.com\/fr\/produit\/craft-pro-dry-nanoweight-ss-homme\/#primaryimage\"},\"image\":{\"@id\":\"https:\/\/www.miomiorun.com\/fr\/produit\/craft-pro-dry-nanoweight-ss-homme\/#primaryimage\"},\"thumbnailUrl\":\"https:\/\/www.miomiorun.com\/app\/uploads\/2020\/06\/Pro-Dry-Nanoweight-SS-1908851-900000.jpg\",\"datePublished\":\"2020-06-10T16:58:52+00:00\",\"dateModified\":\"2026-01-28T10:36:36+00:00\",\"description\":\"Le Pro Dry Nanoweight SS pour homme est un maillot en maille ultra-l\u00e9ger offrant une excellente gestion de l'humidit\u00e9, con\u00e7u pour les athl\u00e8tes de haut niveau.\",\"breadcrumb\":{\"@id\":\"https:\/\/www.miomiorun.com\/fr\/produit\/craft-pro-dry-nanoweight-ss-homme\/#breadcrumb\"},\"inLanguage\":\"fr-FR\",\"potentialAction\":[{\"@type\":\"ReadAction\",\"target\":[\"https:\/\/www.miomiorun.com\/fr\/produit\/craft-pro-dry-nanoweight-ss-homme\/\"]}]},{\"@type\":\"ImageObject\",\"inLanguage\":\"fr-FR\",\"@id\":\"https:\/\/www.miomiorun.com\/fr\/produit\/craft-pro-dry-nanoweight-ss-homme\/#primaryimage\",\"url\":\"https:\/\/www.miomiorun.com\/app\/uploads\/2020\/06\/Pro-Dry-Nanoweight-SS-1908851-900000.jpg\",\"contentUrl\":\"https:\/\/www.miomiorun.com\/app\/uploads\/2020\/06\/Pro-Dry-Nanoweight-SS-1908851-900000.jpg\",\"width\":600,\"height\":600,\"caption\":\"Pro-Dry-Nanoweight-SS-1908851-900000\"},{\"@type\":\"BreadcrumbList\",\"@id\":\"https:\/\/www.miomiorun.com\/fr\/produit\/craft-pro-dry-nanoweight-ss-homme\/#breadcrumb\",\"itemListElement\":[{\"@type\":\"ListItem\",\"position\":1,\"name\":\"Home\",\"item\":\"https:\/\/www.miomiorun.com\/fr\/home-page\/\"},{\"@type\":\"ListItem\",\"position\":2,\"name\":\"Shop\",\"item\":\"https:\/\/www.miomiorun.com\/shop\/\"},{\"@type\":\"ListItem\",\"position\":3,\"name\":\"Pro Dry Nanoweight SS homme\"}]},{\"@type\":\"WebSite\",\"@id\":\"https:\/\/www.miomiorun.com\/fr\/#website\",\"url\":\"https:\/\/www.miomiorun.com\/fr\/\",\"name\":\"MioMioRun\",\"description\":\"Boutique 100% running et trail\",\"publisher\":{\"@id\":\"https:\/\/www.miomiorun.com\/fr\/#organization\"},\"potentialAction\":[{\"@type\":\"SearchAction\",\"target\":{\"@type\":\"EntryPoint\",\"urlTemplate\":\"https:\/\/www.miomiorun.com\/fr\/?s={search_term_string}\"},\"query-input\":{\"@type\":\"PropertyValueSpecification\",\"valueRequired\":true,\"valueName\":\"search_term_string\"}}],\"inLanguage\":\"fr-FR\"},{\"@type\":\"Organization\",\"@id\":\"https:\/\/www.miomiorun.com\/fr\/#organization\",\"name\":\"MioMio Run\",\"url\":\"https:\/\/www.miomiorun.com\/fr\/\",\"logo\":{\"@type\":\"ImageObject\",\"inLanguage\":\"fr-FR\",\"@id\":\"https:\/\/www.miomiorun.com\/fr\/#\/schema\/logo\/image\/\",\"url\":\"https:\/\/www.miomiorun.com\/app\/uploads\/2019\/12\/logomio.png\",\"contentUrl\":\"https:\/\/www.miomiorun.com\/app\/uploads\/2019\/12\/logomio.png\",\"width\":115,\"height\":82,\"caption\":\"MioMio Run\"},\"image\":{\"@id\":\"https:\/\/www.miomiorun.com\/fr\/#\/schema\/logo\/image\/\"},\"sameAs\":[\"https:\/\/www.facebook.com\/miomiorun\/\",\"https:\/\/www.instagram.com\/miomiorun\/\"]}]}<\/script>\n<!-- \/ Yoast SEO plugin. -->","yoast_head_json":{"title":"Craft Pro Dry Nanoweight SS homme - Sous-v\u00eatements thermiques - MioMioRun.com","description":"Le Pro Dry Nanoweight SS pour homme est un maillot en maille ultra-l\u00e9ger offrant une excellente gestion de l'humidit\u00e9, con\u00e7u pour les athl\u00e8tes de haut niveau.","robots":{"index":"index","follow":"follow","max-snippet":"max-snippet:-1","max-image-preview":"max-image-preview:large","max-video-preview":"max-video-preview:-1"},"canonical":"https:\/\/www.miomiorun.com\/fr\/produit\/craft-pro-dry-nanoweight-ss-homme\/","og_locale":"fr_FR","og_type":"article","og_title":"Craft Pro Dry Nanoweight SS homme - Sous-v\u00eatements thermiques - MioMioRun.com","og_description":"Le Pro Dry Nanoweight SS pour homme est un maillot en maille ultra-l\u00e9ger offrant une excellente gestion de l'humidit\u00e9, con\u00e7u pour les athl\u00e8tes de haut niveau.","og_url":"https:\/\/www.miomiorun.com\/fr\/produit\/craft-pro-dry-nanoweight-ss-homme\/","og_site_name":"MioMioRun","article_publisher":"https:\/\/www.facebook.com\/miomiorun\/","article_modified_time":"2026-01-28T10:36:36+00:00","og_image":[{"width":600,"height":600,"url":"https:\/\/www.miomiorun.com\/app\/uploads\/2020\/06\/Pro-Dry-Nanoweight-SS-1908851-900000.jpg","type":"image\/jpeg"}],"twitter_card":"summary_large_image","twitter_misc":{"Est. reading time":"1 minute"},"schema":{"@context":"https:\/\/schema.org","@graph":[{"@type":"WebPage","@id":"https:\/\/www.miomiorun.com\/fr\/produit\/craft-pro-dry-nanoweight-ss-homme\/","url":"https:\/\/www.miomiorun.com\/fr\/produit\/craft-pro-dry-nanoweight-ss-homme\/","name":"Craft Pro Dry Nanoweight SS homme - Sous-v\u00eatements thermiques - MioMioRun.com","isPartOf":{"@id":"https:\/\/www.miomiorun.com\/fr\/#website"},"primaryImageOfPage":{"@id":"https:\/\/www.miomiorun.com\/fr\/produit\/craft-pro-dry-nanoweight-ss-homme\/#primaryimage"},"image":{"@id":"https:\/\/www.miomiorun.com\/fr\/produit\/craft-pro-dry-nanoweight-ss-homme\/#primaryimage"},"thumbnailUrl":"https:\/\/www.miomiorun.com\/app\/uploads\/2020\/06\/Pro-Dry-Nanoweight-SS-1908851-900000.jpg","datePublished":"2020-06-10T16:58:52+00:00","dateModified":"2026-01-28T10:36:36+00:00","description":"Le Pro Dry Nanoweight SS pour homme est un maillot en maille ultra-l\u00e9ger offrant une excellente gestion de l'humidit\u00e9, con\u00e7u pour les athl\u00e8tes de haut niveau.","breadcrumb":{"@id":"https:\/\/www.miomiorun.com\/fr\/produit\/craft-pro-dry-nanoweight-ss-homme\/#breadcrumb"},"inLanguage":"fr-FR","potentialAction":[{"@type":"ReadAction","target":["https:\/\/www.miomiorun.com\/fr\/produit\/craft-pro-dry-nanoweight-ss-homme\/"]}]},{"@type":"ImageObject","inLanguage":"fr-FR","@id":"https:\/\/www.miomiorun.com\/fr\/produit\/craft-pro-dry-nanoweight-ss-homme\/#primaryimage","url":"https:\/\/www.miomiorun.com\/app\/uploads\/2020\/06\/Pro-Dry-Nanoweight-SS-1908851-900000.jpg","contentUrl":"https:\/\/www.miomiorun.com\/app\/uploads\/2020\/06\/Pro-Dry-Nanoweight-SS-1908851-900000.jpg","width":600,"height":600,"caption":"Pro-Dry-Nanoweight-SS-1908851-900000"},{"@type":"BreadcrumbList","@id":"https:\/\/www.miomiorun.com\/fr\/produit\/craft-pro-dry-nanoweight-ss-homme\/#breadcrumb","itemListElement":[{"@type":"ListItem","position":1,"name":"Home","item":"https:\/\/www.miomiorun.com\/fr\/home-page\/"},{"@type":"ListItem","position":2,"name":"Shop","item":"https:\/\/www.miomiorun.com\/shop\/"},{"@type":"ListItem","position":3,"name":"Pro Dry Nanoweight SS homme"}]},{"@type":"WebSite","@id":"https:\/\/www.miomiorun.com\/fr\/#website","url":"https:\/\/www.miomiorun.com\/fr\/","name":"MioMioRun","description":"Boutique 100% running et trail","publisher":{"@id":"https:\/\/www.miomiorun.com\/fr\/#organization"},"potentialAction":[{"@type":"SearchAction","target":{"@type":"EntryPoint","urlTemplate":"https:\/\/www.miomiorun.com\/fr\/?s={search_term_string}"},"query-input":{"@type":"PropertyValueSpecification","valueRequired":true,"valueName":"search_term_string"}}],"inLanguage":"fr-FR"},{"@type":"Organization","@id":"https:\/\/www.miomiorun.com\/fr\/#organization","name":"MioMio Run","url":"https:\/\/www.miomiorun.com\/fr\/","logo":{"@type":"ImageObject","inLanguage":"fr-FR","@id":"https:\/\/www.miomiorun.com\/fr\/#\/schema\/logo\/image\/","url":"https:\/\/www.miomiorun.com\/app\/uploads\/2019\/12\/logomio.png","contentUrl":"https:\/\/www.miomiorun.com\/app\/uploads\/2019\/12\/logomio.png","width":115,"height":82,"caption":"MioMio Run"},"image":{"@id":"https:\/\/www.miomiorun.com\/fr\/#\/schema\/logo\/image\/"},"sameAs":["https:\/\/www.facebook.com\/miomiorun\/","https:\/\/www.instagram.com\/miomiorun\/"]}]}},"_links":{"self":[{"href":"https:\/\/www.miomiorun.com\/fr\/wp-json\/wp\/v2\/product\/275098","targetHints":{"allow":["GET"]}}],"collection":[{"href":"https:\/\/www.miomiorun.com\/fr\/wp-json\/wp\/v2\/product"}],"about":[{"href":"https:\/\/www.miomiorun.com\/fr\/wp-json\/wp\/v2\/types\/product"}],"wp:featuredmedia":[{"embeddable":true,"href":"https:\/\/www.miomiorun.com\/fr\/wp-json\/wp\/v2\/media\/230067"}],"wp:attachment":[{"href":"https:\/\/www.miomiorun.com\/fr\/wp-json\/wp\/v2\/media?parent=275098"}],"wp:term":[{"taxonomy":"product_brand","embeddable":true,"href":"https:\/\/www.miomiorun.com\/fr\/wp-json\/wp\/v2\/product_brand?post=275098"},{"taxonomy":"product_cat","embeddable":true,"href":"https:\/\/www.miomiorun.com\/fr\/wp-json\/wp\/v2\/product_cat?post=275098"},{"taxonomy":"product_tag","embeddable":true,"href":"https:\/\/www.miomiorun.com\/fr\/wp-json\/wp\/v2\/product_tag?post=275098"}],"curies":[{"name":"wp","href":"https:\/\/api.w.org\/{rel}","templated":true}]}}