{"id":275076,"date":"2020-06-08T16:32:04","date_gmt":"2020-06-08T14:32:04","guid":{"rendered":"https:\/\/miomiorun.com\/prodotto\/craft-motion-bra-donna\/"},"modified":"2026-01-28T11:22:38","modified_gmt":"2026-01-28T10:22:38","slug":"craft-motion-bra-femme","status":"publish","type":"product","link":"https:\/\/www.miomiorun.com\/fr\/produit\/craft-motion-bra-femme\/","title":{"rendered":"Motion Bra femme"},"content":{"rendered":"<p>Soutien-gorge de sport rembourr\u00e9 \u00e0 la coupe ajust\u00e9e qui garantit un confort maximal pendant les entra\u00eenements d&#8217;intensit\u00e9 moyenne \u00e0 \u00e9lev\u00e9e.<\/p>\n<p>Le Motion Bra est un soutien-gorge de sport rembourr\u00e9 \u00e0 la coupe ajust\u00e9e qui garantit un confort maximal pendant les entra\u00eenements d&#8217;intensit\u00e9 moyenne \u00e0 \u00e9lev\u00e9e. Il est confectionn\u00e9 dans un tissu fonctionnel qui \u00e9vacue efficacement l&#8217;humidit\u00e9 pour vous garder au frais tout au long de votre s\u00e9ance d&#8217;entra\u00eenement. Bretelles r\u00e9glables pour un ajustement optimal.<\/p>\n<p>\u2022 Soutien-gorge rembourr\u00e9 pour les entra\u00eenements d&#8217;intensit\u00e9 moyenne \u00e0 \u00e9lev\u00e9e<br \/>\n\u2022 Ajust\u00e9<br \/>\n\u2022 Bretelles r\u00e9glables<br \/>\n\u2022 \u00c9vacuation efficace de l&#8217;humidit\u00e9<br \/>\nTissu<\/p>\n<p>Devant : 84 % polyester recycl\u00e9, 16 % \u00e9lasthanne Dos : 88 % polyester, 12 % \u00e9lasthanne Doublure : 72 % polyamide, 28 % \u00e9lasthanne<\/p>\n","protected":false},"excerpt":{"rendered":"<p>Soutien-gorge de sport rembourr\u00e9 \u00e0 la coupe ajust\u00e9e qui garantit un confort maximal pendant les entra\u00eenements d&#8217;intensit\u00e9 moyenne \u00e0 \u00e9lev\u00e9e. Le Motion Bra est un soutien-gorge de sport rembourr\u00e9 \u00e0 la coupe ajust\u00e9e qui garantit un confort maximal pendant les entra\u00eenements d&#8217;intensit\u00e9 moyenne \u00e0 \u00e9lev\u00e9e. Il est confectionn\u00e9 dans un tissu fonctionnel qui \u00e9vacue efficacement &hellip; <a href=\"https:\/\/www.miomiorun.com\/fr\/produit\/craft-motion-bra-femme\/\">Continued<\/a><\/p>\n","protected":false},"featured_media":230035,"template":"","meta":{"_acf_changed":false,"inline_featured_image":false},"product_brand":[],"product_cat":[22600,22596,22595],"product_tag":[23554,23648],"class_list":{"0":"post-275076","1":"product","2":"type-product","3":"status-publish","4":"has-post-thumbnail","6":"product_cat-sous-vetements","7":"product_cat-vetements-pour-femmes","8":"product_cat-femme","9":"product_tag-craft-fr","10":"product_tag-craft-femme","11":"pa_attivita-fitness-fr","12":"pa_attivita-marcher","13":"pa_attivita-running-fr","14":"pa_colore-motion-bra-1907182-999000-fr","15":"pa_colore-motion-bra-1907182-999007-fr","16":"pa_colore-motion-bra-burgundy-fr","17":"pa_colore-motion-bra-fuchsia-mult-fr","18":"pa_colore-motion-bra-w-shades-mul-fr","19":"pa_marca-craft-fr","20":"pa_sesso-femme","21":"pa_size-extra-small-fr","22":"pa_size-small-fr","23":"pa_size-medium-fr","24":"pa_size-large-fr","25":"pa_size-extra-large-fr","27":"first","28":"instock","29":"sale","30":"taxable","31":"shipping-taxable","32":"purchasable","33":"product-type-variable","34":"wvs-archive-product-wrapper"},"acf":[],"yoast_head":"<!-- This site is optimized with the Yoast SEO plugin v26.8 - https:\/\/yoast.com\/product\/yoast-seo-wordpress\/ -->\n<title>Craft Motion Bra femme - Sous-v\u00eatements thermiques - MioMioRun.com<\/title>\n<meta name=\"description\" content=\"Motion Bra est un soutien-gorge de sport rembourr\u00e9 \u00e0 la coupe ajust\u00e9e qui garantit un confort maximal pendant les entra\u00eenements d&#039;intensit\u00e9 moyenne \u00e0 \u00e9lev\u00e9e.\" \/>\n<meta name=\"robots\" content=\"index, follow, max-snippet:-1, max-image-preview:large, max-video-preview:-1\" \/>\n<link rel=\"canonical\" href=\"https:\/\/www.miomiorun.com\/fr\/produit\/craft-motion-bra-femme\/\" \/>\n<meta property=\"og:locale\" content=\"fr_FR\" \/>\n<meta property=\"og:type\" content=\"article\" \/>\n<meta property=\"og:title\" content=\"Craft Motion Bra femme - Sous-v\u00eatements thermiques - MioMioRun.com\" \/>\n<meta property=\"og:description\" content=\"Motion Bra est un soutien-gorge de sport rembourr\u00e9 \u00e0 la coupe ajust\u00e9e qui garantit un confort maximal pendant les entra\u00eenements d&#039;intensit\u00e9 moyenne \u00e0 \u00e9lev\u00e9e.\" \/>\n<meta property=\"og:url\" content=\"https:\/\/www.miomiorun.com\/fr\/produit\/craft-motion-bra-femme\/\" \/>\n<meta property=\"og:site_name\" content=\"MioMioRun\" \/>\n<meta property=\"article:publisher\" content=\"https:\/\/www.facebook.com\/miomiorun\/\" \/>\n<meta property=\"article:modified_time\" content=\"2026-01-28T10:22:38+00:00\" \/>\n<meta property=\"og:image\" content=\"https:\/\/www.miomiorun.com\/app\/uploads\/2020\/06\/Motion-Bra-1907182-999007.jpg\" \/>\n\t<meta property=\"og:image:width\" content=\"600\" \/>\n\t<meta property=\"og:image:height\" content=\"600\" \/>\n\t<meta property=\"og:image:type\" content=\"image\/jpeg\" \/>\n<meta name=\"twitter:card\" content=\"summary_large_image\" \/>\n<meta name=\"twitter:label1\" content=\"Est. reading time\" \/>\n\t<meta name=\"twitter:data1\" content=\"1 minute\" \/>\n<script type=\"application\/ld+json\" class=\"yoast-schema-graph\">{\"@context\":\"https:\/\/schema.org\",\"@graph\":[{\"@type\":\"WebPage\",\"@id\":\"https:\/\/www.miomiorun.com\/fr\/produit\/craft-motion-bra-femme\/\",\"url\":\"https:\/\/www.miomiorun.com\/fr\/produit\/craft-motion-bra-femme\/\",\"name\":\"Craft Motion Bra femme - Sous-v\u00eatements thermiques - MioMioRun.com\",\"isPartOf\":{\"@id\":\"https:\/\/www.miomiorun.com\/fr\/#website\"},\"primaryImageOfPage\":{\"@id\":\"https:\/\/www.miomiorun.com\/fr\/produit\/craft-motion-bra-femme\/#primaryimage\"},\"image\":{\"@id\":\"https:\/\/www.miomiorun.com\/fr\/produit\/craft-motion-bra-femme\/#primaryimage\"},\"thumbnailUrl\":\"https:\/\/www.miomiorun.com\/app\/uploads\/2020\/06\/Motion-Bra-1907182-999007.jpg\",\"datePublished\":\"2020-06-08T14:32:04+00:00\",\"dateModified\":\"2026-01-28T10:22:38+00:00\",\"description\":\"Motion Bra est un soutien-gorge de sport rembourr\u00e9 \u00e0 la coupe ajust\u00e9e qui garantit un confort maximal pendant les entra\u00eenements d'intensit\u00e9 moyenne \u00e0 \u00e9lev\u00e9e.\",\"breadcrumb\":{\"@id\":\"https:\/\/www.miomiorun.com\/fr\/produit\/craft-motion-bra-femme\/#breadcrumb\"},\"inLanguage\":\"fr-FR\",\"potentialAction\":[{\"@type\":\"ReadAction\",\"target\":[\"https:\/\/www.miomiorun.com\/fr\/produit\/craft-motion-bra-femme\/\"]}]},{\"@type\":\"ImageObject\",\"inLanguage\":\"fr-FR\",\"@id\":\"https:\/\/www.miomiorun.com\/fr\/produit\/craft-motion-bra-femme\/#primaryimage\",\"url\":\"https:\/\/www.miomiorun.com\/app\/uploads\/2020\/06\/Motion-Bra-1907182-999007.jpg\",\"contentUrl\":\"https:\/\/www.miomiorun.com\/app\/uploads\/2020\/06\/Motion-Bra-1907182-999007.jpg\",\"width\":600,\"height\":600,\"caption\":\"Motion-Bra-1907182-999007\"},{\"@type\":\"BreadcrumbList\",\"@id\":\"https:\/\/www.miomiorun.com\/fr\/produit\/craft-motion-bra-femme\/#breadcrumb\",\"itemListElement\":[{\"@type\":\"ListItem\",\"position\":1,\"name\":\"Home\",\"item\":\"https:\/\/www.miomiorun.com\/fr\/home-page\/\"},{\"@type\":\"ListItem\",\"position\":2,\"name\":\"Shop\",\"item\":\"https:\/\/www.miomiorun.com\/shop\/\"},{\"@type\":\"ListItem\",\"position\":3,\"name\":\"Motion Bra femme\"}]},{\"@type\":\"WebSite\",\"@id\":\"https:\/\/www.miomiorun.com\/fr\/#website\",\"url\":\"https:\/\/www.miomiorun.com\/fr\/\",\"name\":\"MioMioRun\",\"description\":\"Boutique 100% running et trail\",\"publisher\":{\"@id\":\"https:\/\/www.miomiorun.com\/fr\/#organization\"},\"potentialAction\":[{\"@type\":\"SearchAction\",\"target\":{\"@type\":\"EntryPoint\",\"urlTemplate\":\"https:\/\/www.miomiorun.com\/fr\/?s={search_term_string}\"},\"query-input\":{\"@type\":\"PropertyValueSpecification\",\"valueRequired\":true,\"valueName\":\"search_term_string\"}}],\"inLanguage\":\"fr-FR\"},{\"@type\":\"Organization\",\"@id\":\"https:\/\/www.miomiorun.com\/fr\/#organization\",\"name\":\"MioMio Run\",\"url\":\"https:\/\/www.miomiorun.com\/fr\/\",\"logo\":{\"@type\":\"ImageObject\",\"inLanguage\":\"fr-FR\",\"@id\":\"https:\/\/www.miomiorun.com\/fr\/#\/schema\/logo\/image\/\",\"url\":\"https:\/\/www.miomiorun.com\/app\/uploads\/2019\/12\/logomio.png\",\"contentUrl\":\"https:\/\/www.miomiorun.com\/app\/uploads\/2019\/12\/logomio.png\",\"width\":115,\"height\":82,\"caption\":\"MioMio Run\"},\"image\":{\"@id\":\"https:\/\/www.miomiorun.com\/fr\/#\/schema\/logo\/image\/\"},\"sameAs\":[\"https:\/\/www.facebook.com\/miomiorun\/\",\"https:\/\/www.instagram.com\/miomiorun\/\"]}]}<\/script>\n<!-- \/ Yoast SEO plugin. -->","yoast_head_json":{"title":"Craft Motion Bra femme - Sous-v\u00eatements thermiques - MioMioRun.com","description":"Motion Bra est un soutien-gorge de sport rembourr\u00e9 \u00e0 la coupe ajust\u00e9e qui garantit un confort maximal pendant les entra\u00eenements d'intensit\u00e9 moyenne \u00e0 \u00e9lev\u00e9e.","robots":{"index":"index","follow":"follow","max-snippet":"max-snippet:-1","max-image-preview":"max-image-preview:large","max-video-preview":"max-video-preview:-1"},"canonical":"https:\/\/www.miomiorun.com\/fr\/produit\/craft-motion-bra-femme\/","og_locale":"fr_FR","og_type":"article","og_title":"Craft Motion Bra femme - Sous-v\u00eatements thermiques - MioMioRun.com","og_description":"Motion Bra est un soutien-gorge de sport rembourr\u00e9 \u00e0 la coupe ajust\u00e9e qui garantit un confort maximal pendant les entra\u00eenements d'intensit\u00e9 moyenne \u00e0 \u00e9lev\u00e9e.","og_url":"https:\/\/www.miomiorun.com\/fr\/produit\/craft-motion-bra-femme\/","og_site_name":"MioMioRun","article_publisher":"https:\/\/www.facebook.com\/miomiorun\/","article_modified_time":"2026-01-28T10:22:38+00:00","og_image":[{"width":600,"height":600,"url":"https:\/\/www.miomiorun.com\/app\/uploads\/2020\/06\/Motion-Bra-1907182-999007.jpg","type":"image\/jpeg"}],"twitter_card":"summary_large_image","twitter_misc":{"Est. reading time":"1 minute"},"schema":{"@context":"https:\/\/schema.org","@graph":[{"@type":"WebPage","@id":"https:\/\/www.miomiorun.com\/fr\/produit\/craft-motion-bra-femme\/","url":"https:\/\/www.miomiorun.com\/fr\/produit\/craft-motion-bra-femme\/","name":"Craft Motion Bra femme - Sous-v\u00eatements thermiques - MioMioRun.com","isPartOf":{"@id":"https:\/\/www.miomiorun.com\/fr\/#website"},"primaryImageOfPage":{"@id":"https:\/\/www.miomiorun.com\/fr\/produit\/craft-motion-bra-femme\/#primaryimage"},"image":{"@id":"https:\/\/www.miomiorun.com\/fr\/produit\/craft-motion-bra-femme\/#primaryimage"},"thumbnailUrl":"https:\/\/www.miomiorun.com\/app\/uploads\/2020\/06\/Motion-Bra-1907182-999007.jpg","datePublished":"2020-06-08T14:32:04+00:00","dateModified":"2026-01-28T10:22:38+00:00","description":"Motion Bra est un soutien-gorge de sport rembourr\u00e9 \u00e0 la coupe ajust\u00e9e qui garantit un confort maximal pendant les entra\u00eenements d'intensit\u00e9 moyenne \u00e0 \u00e9lev\u00e9e.","breadcrumb":{"@id":"https:\/\/www.miomiorun.com\/fr\/produit\/craft-motion-bra-femme\/#breadcrumb"},"inLanguage":"fr-FR","potentialAction":[{"@type":"ReadAction","target":["https:\/\/www.miomiorun.com\/fr\/produit\/craft-motion-bra-femme\/"]}]},{"@type":"ImageObject","inLanguage":"fr-FR","@id":"https:\/\/www.miomiorun.com\/fr\/produit\/craft-motion-bra-femme\/#primaryimage","url":"https:\/\/www.miomiorun.com\/app\/uploads\/2020\/06\/Motion-Bra-1907182-999007.jpg","contentUrl":"https:\/\/www.miomiorun.com\/app\/uploads\/2020\/06\/Motion-Bra-1907182-999007.jpg","width":600,"height":600,"caption":"Motion-Bra-1907182-999007"},{"@type":"BreadcrumbList","@id":"https:\/\/www.miomiorun.com\/fr\/produit\/craft-motion-bra-femme\/#breadcrumb","itemListElement":[{"@type":"ListItem","position":1,"name":"Home","item":"https:\/\/www.miomiorun.com\/fr\/home-page\/"},{"@type":"ListItem","position":2,"name":"Shop","item":"https:\/\/www.miomiorun.com\/shop\/"},{"@type":"ListItem","position":3,"name":"Motion Bra femme"}]},{"@type":"WebSite","@id":"https:\/\/www.miomiorun.com\/fr\/#website","url":"https:\/\/www.miomiorun.com\/fr\/","name":"MioMioRun","description":"Boutique 100% running et trail","publisher":{"@id":"https:\/\/www.miomiorun.com\/fr\/#organization"},"potentialAction":[{"@type":"SearchAction","target":{"@type":"EntryPoint","urlTemplate":"https:\/\/www.miomiorun.com\/fr\/?s={search_term_string}"},"query-input":{"@type":"PropertyValueSpecification","valueRequired":true,"valueName":"search_term_string"}}],"inLanguage":"fr-FR"},{"@type":"Organization","@id":"https:\/\/www.miomiorun.com\/fr\/#organization","name":"MioMio Run","url":"https:\/\/www.miomiorun.com\/fr\/","logo":{"@type":"ImageObject","inLanguage":"fr-FR","@id":"https:\/\/www.miomiorun.com\/fr\/#\/schema\/logo\/image\/","url":"https:\/\/www.miomiorun.com\/app\/uploads\/2019\/12\/logomio.png","contentUrl":"https:\/\/www.miomiorun.com\/app\/uploads\/2019\/12\/logomio.png","width":115,"height":82,"caption":"MioMio Run"},"image":{"@id":"https:\/\/www.miomiorun.com\/fr\/#\/schema\/logo\/image\/"},"sameAs":["https:\/\/www.facebook.com\/miomiorun\/","https:\/\/www.instagram.com\/miomiorun\/"]}]}},"_links":{"self":[{"href":"https:\/\/www.miomiorun.com\/fr\/wp-json\/wp\/v2\/product\/275076","targetHints":{"allow":["GET"]}}],"collection":[{"href":"https:\/\/www.miomiorun.com\/fr\/wp-json\/wp\/v2\/product"}],"about":[{"href":"https:\/\/www.miomiorun.com\/fr\/wp-json\/wp\/v2\/types\/product"}],"wp:featuredmedia":[{"embeddable":true,"href":"https:\/\/www.miomiorun.com\/fr\/wp-json\/wp\/v2\/media\/230035"}],"wp:attachment":[{"href":"https:\/\/www.miomiorun.com\/fr\/wp-json\/wp\/v2\/media?parent=275076"}],"wp:term":[{"taxonomy":"product_brand","embeddable":true,"href":"https:\/\/www.miomiorun.com\/fr\/wp-json\/wp\/v2\/product_brand?post=275076"},{"taxonomy":"product_cat","embeddable":true,"href":"https:\/\/www.miomiorun.com\/fr\/wp-json\/wp\/v2\/product_cat?post=275076"},{"taxonomy":"product_tag","embeddable":true,"href":"https:\/\/www.miomiorun.com\/fr\/wp-json\/wp\/v2\/product_tag?post=275076"}],"curies":[{"name":"wp","href":"https:\/\/api.w.org\/{rel}","templated":true}]}}