{"id":275037,"date":"2020-06-11T19:24:59","date_gmt":"2020-06-11T17:24:59","guid":{"rendered":"https:\/\/miomiorun.com\/prodotto\/craft-greatness-brief-uomo\/"},"modified":"2026-01-28T11:37:44","modified_gmt":"2026-01-28T10:37:44","slug":"craft-greatness-brief-homme","status":"publish","type":"product","link":"https:\/\/www.miomiorun.com\/fr\/produit\/craft-greatness-brief-homme\/","title":{"rendered":"Greatness Brief homme"},"content":{"rendered":"<p>Slips fins et fonctionnels con\u00e7us pour tous les types d&#8217;entra\u00eenement.<\/p>\n<p>Les Greatness Brief sont des slips fins et l\u00e9gers qui vous gardent au frais et au sec pendant les entra\u00eenements intenses dans des conditions chaudes. De plus, ces sous-v\u00eatements pr\u00e9sentent un design ergonomique en 3D qui offre un ajustement parfait et une libert\u00e9 de mouvement optimale. Le port de sous-v\u00eatements fonctionnels (plut\u00f4t que en coton) plus pr\u00e8s de la peau aide \u00e0 r\u00e9guler la temp\u00e9rature corporelle et donc \u00e0 am\u00e9liorer les chances d&#8217;obtenir des performances optimales.<\/p>\n<p>\u2022 Transport efficace de l&#8217;humidit\u00e9<br \/>\n\u2022 Tissus fins et l\u00e9gers<br \/>\n\u2022 Coupe ergonomique<\/p>\n<h4>Tissu<\/h4>\n<p>88 % polyester, 12 % \u00e9lasthanne<\/p>\n<h4>Caract\u00e9ristiques du produit<\/h4>\n<h5>Transport de l&#8217;humidit\u00e9<\/h5>\n<p>Il \u00e9vacue l&#8217;humidit\u00e9 de la peau vers l&#8217;ext\u00e9rieur du v\u00eatement et vous garde au frais et au sec pendant les entra\u00eenements intenses.<\/p>\n<h5>S\u00e9chage rapide<\/h5>\n<p>Tissu \u00e0 s\u00e9chage rapide qui \u00e9vacue l&#8217;humidit\u00e9 de la peau et vous garde au frais pendant les entra\u00eenements intenses.<\/p>\n<h5>Restez au frais<\/h5>\n<p>Stay Cool offre un excellent refroidissement et une grande libert\u00e9 de mouvement pendant les entra\u00eenements dans des conditions chaudes.<\/p>\n","protected":false},"excerpt":{"rendered":"<p>Slips fins et fonctionnels con\u00e7us pour tous les types d&#8217;entra\u00eenement. Les Greatness Brief sont des slips fins et l\u00e9gers qui vous gardent au frais et au sec pendant les entra\u00eenements intenses dans des conditions chaudes. De plus, ces sous-v\u00eatements pr\u00e9sentent un design ergonomique en 3D qui offre un ajustement parfait et une libert\u00e9 de mouvement &hellip; <a href=\"https:\/\/www.miomiorun.com\/fr\/produit\/craft-greatness-brief-homme\/\">Continued<\/a><\/p>\n","protected":false},"featured_media":230083,"template":"","meta":{"_acf_changed":false,"inline_featured_image":false},"product_brand":[],"product_cat":[24479,24482,24484],"product_tag":[23554,23647],"class_list":{"0":"post-275037","1":"product","2":"type-product","3":"status-publish","4":"has-post-thumbnail","6":"product_cat-sous-vetements-fr-2","7":"product_cat-vetements-pour-hommes-fr","8":"product_cat-homme","9":"product_tag-craft-fr","10":"product_tag-craft-homme","11":"pa_attivita-fitness-fr","12":"pa_attivita-lifestyle-fr","13":"pa_attivita-marcher","14":"pa_attivita-outdoor-fr","15":"pa_attivita-running-fr","16":"pa_attivita-trail-fr","17":"pa_marca-craft-fr","18":"pa_sesso-homme","19":"pa_size-small-fr","20":"pa_size-extra-large-fr","21":"pa_size-xxl-fr","23":"first","24":"instock","25":"sale","26":"taxable","27":"shipping-taxable","28":"purchasable","29":"product-type-variable","30":"wvs-archive-product-wrapper"},"acf":[],"yoast_head":"<!-- This site is optimized with the Yoast SEO plugin v26.8 - https:\/\/yoast.com\/product\/yoast-seo-wordpress\/ -->\n<title>Craft Greatness Brief homme - Sous-v\u00eatements thermiques - MioMioRun.com<\/title>\n<meta name=\"description\" content=\"Les Greatness Brief sont des slips fins et l\u00e9gers qui vous gardent au frais et au sec pendant les entra\u00eenements intenses dans des conditions chaudes.\" \/>\n<meta name=\"robots\" content=\"index, follow, max-snippet:-1, max-image-preview:large, max-video-preview:-1\" \/>\n<link rel=\"canonical\" href=\"https:\/\/www.miomiorun.com\/fr\/produit\/craft-greatness-brief-homme\/\" \/>\n<meta property=\"og:locale\" content=\"fr_FR\" \/>\n<meta property=\"og:type\" content=\"article\" \/>\n<meta property=\"og:title\" content=\"Craft Greatness Brief homme - Sous-v\u00eatements thermiques - MioMioRun.com\" \/>\n<meta property=\"og:description\" content=\"Les Greatness Brief sont des slips fins et l\u00e9gers qui vous gardent au frais et au sec pendant les entra\u00eenements intenses dans des conditions chaudes.\" \/>\n<meta property=\"og:url\" content=\"https:\/\/www.miomiorun.com\/fr\/produit\/craft-greatness-brief-homme\/\" \/>\n<meta property=\"og:site_name\" content=\"MioMioRun\" \/>\n<meta property=\"article:publisher\" content=\"https:\/\/www.facebook.com\/miomiorun\/\" \/>\n<meta property=\"article:modified_time\" content=\"2026-01-28T10:37:44+00:00\" \/>\n<meta property=\"og:image\" content=\"https:\/\/www.miomiorun.com\/app\/uploads\/2020\/06\/Greatness-Brief.jpg\" \/>\n\t<meta property=\"og:image:width\" content=\"600\" \/>\n\t<meta property=\"og:image:height\" content=\"600\" \/>\n\t<meta property=\"og:image:type\" content=\"image\/jpeg\" \/>\n<meta name=\"twitter:card\" content=\"summary_large_image\" \/>\n<meta name=\"twitter:label1\" content=\"Est. reading time\" \/>\n\t<meta name=\"twitter:data1\" content=\"1 minute\" \/>\n<script type=\"application\/ld+json\" class=\"yoast-schema-graph\">{\"@context\":\"https:\/\/schema.org\",\"@graph\":[{\"@type\":\"WebPage\",\"@id\":\"https:\/\/www.miomiorun.com\/fr\/produit\/craft-greatness-brief-homme\/\",\"url\":\"https:\/\/www.miomiorun.com\/fr\/produit\/craft-greatness-brief-homme\/\",\"name\":\"Craft Greatness Brief homme - Sous-v\u00eatements thermiques - MioMioRun.com\",\"isPartOf\":{\"@id\":\"https:\/\/www.miomiorun.com\/fr\/#website\"},\"primaryImageOfPage\":{\"@id\":\"https:\/\/www.miomiorun.com\/fr\/produit\/craft-greatness-brief-homme\/#primaryimage\"},\"image\":{\"@id\":\"https:\/\/www.miomiorun.com\/fr\/produit\/craft-greatness-brief-homme\/#primaryimage\"},\"thumbnailUrl\":\"https:\/\/www.miomiorun.com\/app\/uploads\/2020\/06\/Greatness-Brief.jpg\",\"datePublished\":\"2020-06-11T17:24:59+00:00\",\"dateModified\":\"2026-01-28T10:37:44+00:00\",\"description\":\"Les Greatness Brief sont des slips fins et l\u00e9gers qui vous gardent au frais et au sec pendant les entra\u00eenements intenses dans des conditions chaudes.\",\"breadcrumb\":{\"@id\":\"https:\/\/www.miomiorun.com\/fr\/produit\/craft-greatness-brief-homme\/#breadcrumb\"},\"inLanguage\":\"fr-FR\",\"potentialAction\":[{\"@type\":\"ReadAction\",\"target\":[\"https:\/\/www.miomiorun.com\/fr\/produit\/craft-greatness-brief-homme\/\"]}]},{\"@type\":\"ImageObject\",\"inLanguage\":\"fr-FR\",\"@id\":\"https:\/\/www.miomiorun.com\/fr\/produit\/craft-greatness-brief-homme\/#primaryimage\",\"url\":\"https:\/\/www.miomiorun.com\/app\/uploads\/2020\/06\/Greatness-Brief.jpg\",\"contentUrl\":\"https:\/\/www.miomiorun.com\/app\/uploads\/2020\/06\/Greatness-Brief.jpg\",\"width\":600,\"height\":600,\"caption\":\"Greatness-Brief\"},{\"@type\":\"BreadcrumbList\",\"@id\":\"https:\/\/www.miomiorun.com\/fr\/produit\/craft-greatness-brief-homme\/#breadcrumb\",\"itemListElement\":[{\"@type\":\"ListItem\",\"position\":1,\"name\":\"Home\",\"item\":\"https:\/\/www.miomiorun.com\/fr\/home-page\/\"},{\"@type\":\"ListItem\",\"position\":2,\"name\":\"Shop\",\"item\":\"https:\/\/www.miomiorun.com\/shop\/\"},{\"@type\":\"ListItem\",\"position\":3,\"name\":\"Greatness Brief homme\"}]},{\"@type\":\"WebSite\",\"@id\":\"https:\/\/www.miomiorun.com\/fr\/#website\",\"url\":\"https:\/\/www.miomiorun.com\/fr\/\",\"name\":\"MioMioRun\",\"description\":\"Boutique 100% running et trail\",\"publisher\":{\"@id\":\"https:\/\/www.miomiorun.com\/fr\/#organization\"},\"potentialAction\":[{\"@type\":\"SearchAction\",\"target\":{\"@type\":\"EntryPoint\",\"urlTemplate\":\"https:\/\/www.miomiorun.com\/fr\/?s={search_term_string}\"},\"query-input\":{\"@type\":\"PropertyValueSpecification\",\"valueRequired\":true,\"valueName\":\"search_term_string\"}}],\"inLanguage\":\"fr-FR\"},{\"@type\":\"Organization\",\"@id\":\"https:\/\/www.miomiorun.com\/fr\/#organization\",\"name\":\"MioMio Run\",\"url\":\"https:\/\/www.miomiorun.com\/fr\/\",\"logo\":{\"@type\":\"ImageObject\",\"inLanguage\":\"fr-FR\",\"@id\":\"https:\/\/www.miomiorun.com\/fr\/#\/schema\/logo\/image\/\",\"url\":\"https:\/\/www.miomiorun.com\/app\/uploads\/2019\/12\/logomio.png\",\"contentUrl\":\"https:\/\/www.miomiorun.com\/app\/uploads\/2019\/12\/logomio.png\",\"width\":115,\"height\":82,\"caption\":\"MioMio Run\"},\"image\":{\"@id\":\"https:\/\/www.miomiorun.com\/fr\/#\/schema\/logo\/image\/\"},\"sameAs\":[\"https:\/\/www.facebook.com\/miomiorun\/\",\"https:\/\/www.instagram.com\/miomiorun\/\"]}]}<\/script>\n<!-- \/ Yoast SEO plugin. -->","yoast_head_json":{"title":"Craft Greatness Brief homme - Sous-v\u00eatements thermiques - MioMioRun.com","description":"Les Greatness Brief sont des slips fins et l\u00e9gers qui vous gardent au frais et au sec pendant les entra\u00eenements intenses dans des conditions chaudes.","robots":{"index":"index","follow":"follow","max-snippet":"max-snippet:-1","max-image-preview":"max-image-preview:large","max-video-preview":"max-video-preview:-1"},"canonical":"https:\/\/www.miomiorun.com\/fr\/produit\/craft-greatness-brief-homme\/","og_locale":"fr_FR","og_type":"article","og_title":"Craft Greatness Brief homme - Sous-v\u00eatements thermiques - MioMioRun.com","og_description":"Les Greatness Brief sont des slips fins et l\u00e9gers qui vous gardent au frais et au sec pendant les entra\u00eenements intenses dans des conditions chaudes.","og_url":"https:\/\/www.miomiorun.com\/fr\/produit\/craft-greatness-brief-homme\/","og_site_name":"MioMioRun","article_publisher":"https:\/\/www.facebook.com\/miomiorun\/","article_modified_time":"2026-01-28T10:37:44+00:00","og_image":[{"width":600,"height":600,"url":"https:\/\/www.miomiorun.com\/app\/uploads\/2020\/06\/Greatness-Brief.jpg","type":"image\/jpeg"}],"twitter_card":"summary_large_image","twitter_misc":{"Est. reading time":"1 minute"},"schema":{"@context":"https:\/\/schema.org","@graph":[{"@type":"WebPage","@id":"https:\/\/www.miomiorun.com\/fr\/produit\/craft-greatness-brief-homme\/","url":"https:\/\/www.miomiorun.com\/fr\/produit\/craft-greatness-brief-homme\/","name":"Craft Greatness Brief homme - Sous-v\u00eatements thermiques - MioMioRun.com","isPartOf":{"@id":"https:\/\/www.miomiorun.com\/fr\/#website"},"primaryImageOfPage":{"@id":"https:\/\/www.miomiorun.com\/fr\/produit\/craft-greatness-brief-homme\/#primaryimage"},"image":{"@id":"https:\/\/www.miomiorun.com\/fr\/produit\/craft-greatness-brief-homme\/#primaryimage"},"thumbnailUrl":"https:\/\/www.miomiorun.com\/app\/uploads\/2020\/06\/Greatness-Brief.jpg","datePublished":"2020-06-11T17:24:59+00:00","dateModified":"2026-01-28T10:37:44+00:00","description":"Les Greatness Brief sont des slips fins et l\u00e9gers qui vous gardent au frais et au sec pendant les entra\u00eenements intenses dans des conditions chaudes.","breadcrumb":{"@id":"https:\/\/www.miomiorun.com\/fr\/produit\/craft-greatness-brief-homme\/#breadcrumb"},"inLanguage":"fr-FR","potentialAction":[{"@type":"ReadAction","target":["https:\/\/www.miomiorun.com\/fr\/produit\/craft-greatness-brief-homme\/"]}]},{"@type":"ImageObject","inLanguage":"fr-FR","@id":"https:\/\/www.miomiorun.com\/fr\/produit\/craft-greatness-brief-homme\/#primaryimage","url":"https:\/\/www.miomiorun.com\/app\/uploads\/2020\/06\/Greatness-Brief.jpg","contentUrl":"https:\/\/www.miomiorun.com\/app\/uploads\/2020\/06\/Greatness-Brief.jpg","width":600,"height":600,"caption":"Greatness-Brief"},{"@type":"BreadcrumbList","@id":"https:\/\/www.miomiorun.com\/fr\/produit\/craft-greatness-brief-homme\/#breadcrumb","itemListElement":[{"@type":"ListItem","position":1,"name":"Home","item":"https:\/\/www.miomiorun.com\/fr\/home-page\/"},{"@type":"ListItem","position":2,"name":"Shop","item":"https:\/\/www.miomiorun.com\/shop\/"},{"@type":"ListItem","position":3,"name":"Greatness Brief homme"}]},{"@type":"WebSite","@id":"https:\/\/www.miomiorun.com\/fr\/#website","url":"https:\/\/www.miomiorun.com\/fr\/","name":"MioMioRun","description":"Boutique 100% running et trail","publisher":{"@id":"https:\/\/www.miomiorun.com\/fr\/#organization"},"potentialAction":[{"@type":"SearchAction","target":{"@type":"EntryPoint","urlTemplate":"https:\/\/www.miomiorun.com\/fr\/?s={search_term_string}"},"query-input":{"@type":"PropertyValueSpecification","valueRequired":true,"valueName":"search_term_string"}}],"inLanguage":"fr-FR"},{"@type":"Organization","@id":"https:\/\/www.miomiorun.com\/fr\/#organization","name":"MioMio Run","url":"https:\/\/www.miomiorun.com\/fr\/","logo":{"@type":"ImageObject","inLanguage":"fr-FR","@id":"https:\/\/www.miomiorun.com\/fr\/#\/schema\/logo\/image\/","url":"https:\/\/www.miomiorun.com\/app\/uploads\/2019\/12\/logomio.png","contentUrl":"https:\/\/www.miomiorun.com\/app\/uploads\/2019\/12\/logomio.png","width":115,"height":82,"caption":"MioMio Run"},"image":{"@id":"https:\/\/www.miomiorun.com\/fr\/#\/schema\/logo\/image\/"},"sameAs":["https:\/\/www.facebook.com\/miomiorun\/","https:\/\/www.instagram.com\/miomiorun\/"]}]}},"_links":{"self":[{"href":"https:\/\/www.miomiorun.com\/fr\/wp-json\/wp\/v2\/product\/275037","targetHints":{"allow":["GET"]}}],"collection":[{"href":"https:\/\/www.miomiorun.com\/fr\/wp-json\/wp\/v2\/product"}],"about":[{"href":"https:\/\/www.miomiorun.com\/fr\/wp-json\/wp\/v2\/types\/product"}],"wp:featuredmedia":[{"embeddable":true,"href":"https:\/\/www.miomiorun.com\/fr\/wp-json\/wp\/v2\/media\/230083"}],"wp:attachment":[{"href":"https:\/\/www.miomiorun.com\/fr\/wp-json\/wp\/v2\/media?parent=275037"}],"wp:term":[{"taxonomy":"product_brand","embeddable":true,"href":"https:\/\/www.miomiorun.com\/fr\/wp-json\/wp\/v2\/product_brand?post=275037"},{"taxonomy":"product_cat","embeddable":true,"href":"https:\/\/www.miomiorun.com\/fr\/wp-json\/wp\/v2\/product_cat?post=275037"},{"taxonomy":"product_tag","embeddable":true,"href":"https:\/\/www.miomiorun.com\/fr\/wp-json\/wp\/v2\/product_tag?post=275037"}],"curies":[{"name":"wp","href":"https:\/\/api.w.org\/{rel}","templated":true}]}}