{"id":275034,"date":"2020-06-20T15:45:25","date_gmt":"2020-06-20T13:45:25","guid":{"rendered":"https:\/\/miomiorun.com\/prodotto\/tacx-neo-2t-smart-trainer\/"},"modified":"2026-03-27T10:37:18","modified_gmt":"2026-03-27T09:37:18","slug":"tacx-neo-2t-smart-trainer","status":"publish","type":"product","link":"https:\/\/www.miomiorun.com\/fr\/produit\/tacx-neo-2t-smart-trainer\/","title":{"rendered":"NEO 2T Smart Trainer"},"content":{"rendered":"<p><div class=\"vc-row container\"><div class=\"vc-column\"><div class=\"vc-column-text\"><\/p>\n<h2>AM\u00c9LIOREZ VOTRE ENTRA\u00ceNEMENT EN SALLE COMME JAMAIS AUPARAVANT<\/h2>\n<p>Gr\u00e2ce \u00e0 un design optimis\u00e9 et \u00e0 des composants repens\u00e9s, le NEO 2T Smart offre une exp\u00e9rience plus immersive, une meilleure compatibilit\u00e9 avec l&#8217;analyse du p\u00e9dalage et bien plus encore.<\/p>\n<p><\/div><div style=\"height:32px\" class=\"vc-empty-space\"><\/div><\/div><\/div><div class=\"vc-row container\"><div class=\"vc-column\"><div class=\"vc-column-text\"><\/p>\n<p><img decoding=\"async\" class=\"app__feature__card__image\" src=\"https:\/\/static.garmincdn.com\/gdc\/Product_Pages\/ICONS\/Silent_Internal_Design.svg\" alt=\"\" \/><\/p>\n<p>Une plus grande stabilit\u00e9 signifie un p\u00e9dalage plus silencieux. Alors continuez, ne l\u00e2chez pas<\/p>\n<p><\/div><\/div><div class=\"vc-column\"><div class=\"vc-column-text\"><\/p>\n<p><img decoding=\"async\" class=\"app__feature__card__image\" src=\"https:\/\/static.garmincdn.com\/gdc\/Product_Pages\/ICONS\/Measure_Data.svg\" alt=\"\" \/><\/p>\n<p>C&#8217;est important pour vous. C&#8217;est pourquoi nous mesurons des param\u00e8tres tels que la puissance et la cadence avec une pr\u00e9cision de 1 %<\/p>\n<p><\/div><\/div><div class=\"vc-column\"><div class=\"vc-column-text\"><\/p>\n<p><img decoding=\"async\" class=\"app__feature__card__image\" src=\"https:\/\/static.garmincdn.com\/gdc\/Product_Pages\/ICONS\/Pedal_Stroke_Analysis.svg\" alt=\"\" \/><\/p>\n<p>P\u00e9dalez-vous de mani\u00e8re \u00e9quilibr\u00e9e ? Consultez les statistiques de votre sortie sur l&#8217;application ou sur le compteur de v\u00e9lo Edge\u00ae<\/p>\n<p><\/div><\/div><div class=\"vc-column\"><div class=\"vc-column-text\"><\/p>\n<p><img decoding=\"async\" class=\"app__feature__card__image\" src=\"https:\/\/static.garmincdn.com\/gdc\/Product_Pages\/ICONS\/Dynamic_Inertia_Feature.svg\" alt=\"\" \/><br \/>\nC&#8217;est l&#8217;outil qui vous permet de p\u00e9daler en int\u00e9rieur comme si vous \u00e9tiez en ext\u00e9rieur<\/p>\n<p><\/div><\/div><div class=\"vc-column\"><div class=\"vc-column-text\"><\/p>\n<p><img decoding=\"async\" class=\"app__feature__card__image\" src=\"https:\/\/static.garmincdn.com\/gdc\/Product_Pages\/ICONS\/Simulate_Feel_of_Road.svg\" alt=\"\" \/><br \/>\nVous n&#8217;aurez plus \u00e0 renoncer aux sensations de la route. Il est arriv\u00e9<\/p>\n<p><\/div><\/div><\/div><div class=\"vc-row container\"><div class=\"vc-column\"><div style=\"height:32px\" class=\"vc-empty-space\"><\/div><\/div><\/div><div class=\"vc-row container\"><div class=\"vc-column\"><div class=\"vc-column-text\"><\/p>\n<p>&nbsp;<\/p>\n<h3>LE SON DU SILENCE<\/h3>\n<p>Les aimants repens\u00e9s permettent d&#8217;am\u00e9liorer consid\u00e9rablement la stabilit\u00e9 du NEO 2T Smart. Les mouvements d&#8217;air et les vibrations internes sont r\u00e9duits, ce qui en fait un home trainer extr\u00eamement silencieux.<\/p>\n<p><\/div><\/div><div class=\"vc-column\"><div class=\"vc-column-text\"><\/p>\n<h3>UN P\u00c9DALAGE PLUS CONFORTABLE<\/h3>\n<p>Le NEO 2T Smart r\u00e9agit instantan\u00e9ment aux variations de vitesse ou d&#8217;inclinaison et permet un mouvement vers la gauche et vers la droite pendant le p\u00e9dalage, en suivant la trajectoire naturelle du corps.<\/p>\n<p><\/div><\/div><div class=\"vc-column\"> <div class=\"vc-column-text\"><\/p>\n<h3>INERTIE DYNAMIQUE<\/h3>\n<p>Con\u00e7ue pour simuler une sortie \u00e0 l&#8217;ext\u00e9rieur, l&#8217;inertie dynamique contr\u00f4le l&#8217;inertie de masse et la compense en fonction du poids, de la vitesse et de l&#8217;angle d&#8217;inclinaison afin de rendre votre p\u00e9dalage aussi r\u00e9aliste que possible.<\/p>\n<p><\/div><\/div><div class=\"vc-column\"><div class=\"vc-column-text\"><\/p>\n<h3>SENSATION DE P\u00c9DALAGE SUR ROUTE<\/h3>\n<p>Cette fonction est compatible avec le logiciel Tacx ou l&#8217;application Zwift pour g\u00e9n\u00e9rer des vibrations du home trainer et simuler la sensation de p\u00e9dalage sur diff\u00e9rentes surfaces routi\u00e8res, comme les pav\u00e9s et le gravier.<\/p>\n<p><\/div><\/div><div class=\"vc-column\"><div class=\"vc-column-text\"><\/p>\n<h3>IMMERSION MAXIMALE<\/h3>\n<p>Lorsqu&#8217;il est connect\u00e9 \u00e0 une source d&#8217;alimentation externe, le simulateur de descente reproduit fid\u00e8lement les sensations d&#8217;une v\u00e9ritable descente.<\/p>\n<p><\/div><\/div><\/div><div class=\"vc-row container\"><div class=\"vc-column\"><div style=\"height:32px\" class=\"vc-empty-space\"><\/div><\/div><\/div><div class=\"vc-row container\"><div class=\"vc-column\"><div class=\"vc-column-text\"><\/p>\n<h3>ANALYSE OPTIMIS\u00c9E DU P\u00c9DALAGE<\/h3>\n<p>En combinant les donn\u00e9es cyclistes avec la connectivit\u00e9 ANT+\u00ae standard, le NEO 2T Smart analyse votre p\u00e9dalage via un logiciel tiers, y compris celui de nos compteurs de v\u00e9lo Edge\u00ae.<\/p>\n<p><\/div><\/div><div class=\"vc-column\"><div class=\"vc-column-text\"><\/p>\n<h3>CON\u00c7U POUR LA PUISSANCE<\/h3>\n<p>Le NEO 2T Smart pr\u00e9sente une nouvelle conception de moteur qui offre plus de puissance \u00e0 basse vitesse, avec une sensation de p\u00e9dalage nettement am\u00e9lior\u00e9e lors d&#8217;une mont\u00e9e ou d&#8217;une acc\u00e9l\u00e9ration.<\/p>\n<p><\/div><\/div><div class=\"vc-column\"><div class=\"vc-column-text\"><\/p>\n<h3>PR\u00caT POUR LE SPRINT<\/h3>\n<p>Les 32 aimants en n\u00e9odyme permettent une force de freinage \u00e9lev\u00e9e et des niveaux de puissance \u00e9lev\u00e9s. Le NEO 2T Smart garantit une stabilit\u00e9 maximale, m\u00eame lors des sprints les plus explosifs, jusqu&#8217;\u00e0 2 200 watts.<\/p>\n<p><\/div><\/div><div class=\"vc-column\"><div class=\"vc-column-text\"><\/p>\n<h3>P\u00c9DALEZ PLUS HAUT<\/h3>\n<p>Tirez le meilleur parti de vos entra\u00eenements les plus intenses en vous entra\u00eenant sur des mont\u00e9es simul\u00e9es de mani\u00e8re r\u00e9aliste jusqu&#8217;\u00e0 une pente de 25 %.<\/p>\n<p><\/div><\/div><div class=\"vc-column\"><div class=\"vc-column-text\"><\/p>\n<h3>PR\u00c9CIS ET FIABLE<\/h3>\n<p>Suivez vos performances et vos progr\u00e8s gr\u00e2ce \u00e0 des mesures fiables et constantes, sans besoin d&#8217;\u00e9talonnage. Comprend la puissance, la vitesse et la cadence, mesur\u00e9es avec une pr\u00e9cision de l&#8217;ordre de 1 %.<\/p>\n<p><\/div><\/div><\/div><div class=\"vc-row container\"><div class=\"vc-column\"><div style=\"height:32px\" class=\"vc-empty-space\"><\/div><\/div><\/div><div class=\"vc-row container\"><div class=\"vc-column\"><div class=\"vc-column-text\"><\/p>\n<h3>HAUTE COMPATIBILIT\u00c9<\/h3>\n<p>Le NEO 2T Smart communique via la technologie Bluetooth\u00ae Smart et le protocole ANT+\u00ae FE-C, ce qui le rend compatible avec toute une s\u00e9rie d&#8217;applications d&#8217;entra\u00eenement populaires, telles que TrainerRoad et Zwift.<\/p>\n<p><\/div><\/div><div class=\"vc-column\"><div class=\"vc-column-text\"><\/p>\n<h3>MODE AUTONOME<\/h3>\n<p>Vous pouvez utiliser le home trainer en mode autonome. Lorsqu&#8217;il n&#8217;est pas connect\u00e9, il simule une route plate ; plus vous p\u00e9dalez vite, plus la r\u00e9sistance est \u00e9lev\u00e9e.<\/p>\n<p><\/div><\/div><div class=\"vc-column\"> <div class=\"vc-column-text\"><\/p>\n<h3>COMPATIBILIT\u00c9 DES APPAREILS<\/h3>\n<p>Connectez le NEO 2T Smart \u00e0 plusieurs appareils simultan\u00e9ment pour utiliser le logiciel Tacx et suivre vos performances sur votre compteur de v\u00e9lo Garmin en m\u00eame temps.<\/p>\n<p><\/div><\/div><div class=\"vc-column\"><div class=\"vc-column-text\"><\/p>\n<h3>LOGICIEL D&#8217;ENTRA\u00ceNEMENT TACX<\/h3>\n<p>Profitez d&#8217;une s\u00e9rie compl\u00e8te de plus de 100 vid\u00e9os de haute qualit\u00e9, qui vous permettent de vivre l&#8217;intensit\u00e9 des sommets escarp\u00e9s des Alpes ou des rues pav\u00e9es de Milan.<\/p>\n<p><\/div><\/div><div class=\"vc-column\"><div class=\"vc-column-text\"><\/p>\n<h3>PROGRAMMES D&#8217;ENTRA\u00ceNEMENT TACX<\/h3>\n<p>Profitez de programmes d&#8217;entra\u00eenement structur\u00e9s, con\u00e7us pour votre niveau de forme physique afin de vous aider \u00e0 atteindre vos objectifs. Affrontez des adversaires en temps r\u00e9el, t\u00e9l\u00e9chargez des donn\u00e9es GPS, roulez avec des cartes 3D et bien plus encore.<\/p>\n<p><\/div><\/div><\/div><\/p>\n","protected":false},"excerpt":{"rendered":"","protected":false},"featured_media":230091,"template":"","meta":{"_acf_changed":false,"inline_featured_image":false},"product_brand":[],"product_cat":[22569,22537],"product_tag":[23480,23535],"class_list":{"0":"post-275034","1":"product","2":"type-product","3":"status-publish","4":"has-post-thumbnail","6":"product_cat-entrainement-en-salle","7":"product_cat-garmin-fr","8":"product_tag-garmin-fr","9":"product_tag-tacx-fr","10":"pa_marca-tacx-fr","11":"pa_sesso-femme","12":"pa_sesso-homme","14":"first","15":"instock","16":"sale","17":"taxable","18":"shipping-taxable","19":"purchasable","20":"product-type-simple"},"acf":[],"yoast_head":"<!-- This site is optimized with the Yoast SEO plugin v26.8 - https:\/\/yoast.com\/product\/yoast-seo-wordpress\/ -->\n<title>Tacx NEO 2T Smart Trainer - Rouleaux interactifs - MioMioRun<\/title>\n<meta name=\"description\" content=\"Gr\u00e2ce \u00e0 un design optimis\u00e9 et \u00e0 des composants repens\u00e9s, le NEO 2T Smart offre une exp\u00e9rience plus immersive et une meilleure compatibilit\u00e9 avec l&#039;analyse du p\u00e9dalage\" \/>\n<meta name=\"robots\" content=\"index, follow, max-snippet:-1, max-image-preview:large, max-video-preview:-1\" \/>\n<link rel=\"canonical\" href=\"https:\/\/www.miomiorun.com\/fr\/produit\/tacx-neo-2t-smart-trainer\/\" \/>\n<meta property=\"og:locale\" content=\"fr_FR\" \/>\n<meta property=\"og:type\" content=\"article\" \/>\n<meta property=\"og:title\" content=\"Tacx NEO 2T Smart Trainer - Rouleaux interactifs - MioMioRun\" \/>\n<meta property=\"og:description\" content=\"Gr\u00e2ce \u00e0 un design optimis\u00e9 et \u00e0 des composants repens\u00e9s, le NEO 2T Smart offre une exp\u00e9rience plus immersive et une meilleure compatibilit\u00e9 avec l&#039;analyse du p\u00e9dalage\" \/>\n<meta property=\"og:url\" content=\"https:\/\/www.miomiorun.com\/fr\/produit\/tacx-neo-2t-smart-trainer\/\" \/>\n<meta property=\"og:site_name\" content=\"MioMioRun\" \/>\n<meta property=\"article:publisher\" content=\"https:\/\/www.facebook.com\/miomiorun\/\" \/>\n<meta property=\"article:modified_time\" content=\"2026-03-27T09:37:18+00:00\" \/>\n<meta property=\"og:image\" content=\"https:\/\/www.miomiorun.com\/app\/uploads\/2020\/06\/Tacx-NEO-2T-Smart-Trainer.jpg\" \/>\n\t<meta property=\"og:image:width\" content=\"600\" \/>\n\t<meta property=\"og:image:height\" content=\"600\" \/>\n\t<meta property=\"og:image:type\" content=\"image\/jpeg\" \/>\n<meta name=\"twitter:card\" content=\"summary_large_image\" \/>\n<meta name=\"twitter:label1\" content=\"Est. reading time\" \/>\n\t<meta name=\"twitter:data1\" content=\"5 minutes\" \/>\n<script type=\"application\/ld+json\" class=\"yoast-schema-graph\">{\"@context\":\"https:\/\/schema.org\",\"@graph\":[{\"@type\":\"WebPage\",\"@id\":\"https:\/\/www.miomiorun.com\/fr\/produit\/tacx-neo-2t-smart-trainer\/\",\"url\":\"https:\/\/www.miomiorun.com\/fr\/produit\/tacx-neo-2t-smart-trainer\/\",\"name\":\"Tacx NEO 2T Smart Trainer - Rouleaux interactifs - MioMioRun\",\"isPartOf\":{\"@id\":\"https:\/\/www.miomiorun.com\/fr\/#website\"},\"primaryImageOfPage\":{\"@id\":\"https:\/\/www.miomiorun.com\/fr\/produit\/tacx-neo-2t-smart-trainer\/#primaryimage\"},\"image\":{\"@id\":\"https:\/\/www.miomiorun.com\/fr\/produit\/tacx-neo-2t-smart-trainer\/#primaryimage\"},\"thumbnailUrl\":\"https:\/\/www.miomiorun.com\/app\/uploads\/2020\/06\/Tacx-NEO-2T-Smart-Trainer.jpg\",\"datePublished\":\"2020-06-20T13:45:25+00:00\",\"dateModified\":\"2026-03-27T09:37:18+00:00\",\"description\":\"Gr\u00e2ce \u00e0 un design optimis\u00e9 et \u00e0 des composants repens\u00e9s, le NEO 2T Smart offre une exp\u00e9rience plus immersive et une meilleure compatibilit\u00e9 avec l'analyse du p\u00e9dalage\",\"breadcrumb\":{\"@id\":\"https:\/\/www.miomiorun.com\/fr\/produit\/tacx-neo-2t-smart-trainer\/#breadcrumb\"},\"inLanguage\":\"fr-FR\",\"potentialAction\":[{\"@type\":\"ReadAction\",\"target\":[\"https:\/\/www.miomiorun.com\/fr\/produit\/tacx-neo-2t-smart-trainer\/\"]}]},{\"@type\":\"ImageObject\",\"inLanguage\":\"fr-FR\",\"@id\":\"https:\/\/www.miomiorun.com\/fr\/produit\/tacx-neo-2t-smart-trainer\/#primaryimage\",\"url\":\"https:\/\/www.miomiorun.com\/app\/uploads\/2020\/06\/Tacx-NEO-2T-Smart-Trainer.jpg\",\"contentUrl\":\"https:\/\/www.miomiorun.com\/app\/uploads\/2020\/06\/Tacx-NEO-2T-Smart-Trainer.jpg\",\"width\":600,\"height\":600,\"caption\":\"Tacx-NEO-2T-Smart-Trainer\"},{\"@type\":\"BreadcrumbList\",\"@id\":\"https:\/\/www.miomiorun.com\/fr\/produit\/tacx-neo-2t-smart-trainer\/#breadcrumb\",\"itemListElement\":[{\"@type\":\"ListItem\",\"position\":1,\"name\":\"Home\",\"item\":\"https:\/\/www.miomiorun.com\/fr\/home-page\/\"},{\"@type\":\"ListItem\",\"position\":2,\"name\":\"Shop\",\"item\":\"https:\/\/www.miomiorun.com\/shop\/\"},{\"@type\":\"ListItem\",\"position\":3,\"name\":\"NEO 2T Smart Trainer\"}]},{\"@type\":\"WebSite\",\"@id\":\"https:\/\/www.miomiorun.com\/fr\/#website\",\"url\":\"https:\/\/www.miomiorun.com\/fr\/\",\"name\":\"MioMioRun\",\"description\":\"Boutique 100% running et trail\",\"publisher\":{\"@id\":\"https:\/\/www.miomiorun.com\/fr\/#organization\"},\"potentialAction\":[{\"@type\":\"SearchAction\",\"target\":{\"@type\":\"EntryPoint\",\"urlTemplate\":\"https:\/\/www.miomiorun.com\/fr\/?s={search_term_string}\"},\"query-input\":{\"@type\":\"PropertyValueSpecification\",\"valueRequired\":true,\"valueName\":\"search_term_string\"}}],\"inLanguage\":\"fr-FR\"},{\"@type\":\"Organization\",\"@id\":\"https:\/\/www.miomiorun.com\/fr\/#organization\",\"name\":\"MioMio Run\",\"url\":\"https:\/\/www.miomiorun.com\/fr\/\",\"logo\":{\"@type\":\"ImageObject\",\"inLanguage\":\"fr-FR\",\"@id\":\"https:\/\/www.miomiorun.com\/fr\/#\/schema\/logo\/image\/\",\"url\":\"https:\/\/www.miomiorun.com\/app\/uploads\/2019\/12\/logomio.png\",\"contentUrl\":\"https:\/\/www.miomiorun.com\/app\/uploads\/2019\/12\/logomio.png\",\"width\":115,\"height\":82,\"caption\":\"MioMio Run\"},\"image\":{\"@id\":\"https:\/\/www.miomiorun.com\/fr\/#\/schema\/logo\/image\/\"},\"sameAs\":[\"https:\/\/www.facebook.com\/miomiorun\/\",\"https:\/\/www.instagram.com\/miomiorun\/\"]}]}<\/script>\n<!-- \/ Yoast SEO plugin. -->","yoast_head_json":{"title":"Tacx NEO 2T Smart Trainer - Rouleaux interactifs - MioMioRun","description":"Gr\u00e2ce \u00e0 un design optimis\u00e9 et \u00e0 des composants repens\u00e9s, le NEO 2T Smart offre une exp\u00e9rience plus immersive et une meilleure compatibilit\u00e9 avec l'analyse du p\u00e9dalage","robots":{"index":"index","follow":"follow","max-snippet":"max-snippet:-1","max-image-preview":"max-image-preview:large","max-video-preview":"max-video-preview:-1"},"canonical":"https:\/\/www.miomiorun.com\/fr\/produit\/tacx-neo-2t-smart-trainer\/","og_locale":"fr_FR","og_type":"article","og_title":"Tacx NEO 2T Smart Trainer - Rouleaux interactifs - MioMioRun","og_description":"Gr\u00e2ce \u00e0 un design optimis\u00e9 et \u00e0 des composants repens\u00e9s, le NEO 2T Smart offre une exp\u00e9rience plus immersive et une meilleure compatibilit\u00e9 avec l'analyse du p\u00e9dalage","og_url":"https:\/\/www.miomiorun.com\/fr\/produit\/tacx-neo-2t-smart-trainer\/","og_site_name":"MioMioRun","article_publisher":"https:\/\/www.facebook.com\/miomiorun\/","article_modified_time":"2026-03-27T09:37:18+00:00","og_image":[{"width":600,"height":600,"url":"https:\/\/www.miomiorun.com\/app\/uploads\/2020\/06\/Tacx-NEO-2T-Smart-Trainer.jpg","type":"image\/jpeg"}],"twitter_card":"summary_large_image","twitter_misc":{"Est. reading time":"5 minutes"},"schema":{"@context":"https:\/\/schema.org","@graph":[{"@type":"WebPage","@id":"https:\/\/www.miomiorun.com\/fr\/produit\/tacx-neo-2t-smart-trainer\/","url":"https:\/\/www.miomiorun.com\/fr\/produit\/tacx-neo-2t-smart-trainer\/","name":"Tacx NEO 2T Smart Trainer - Rouleaux interactifs - MioMioRun","isPartOf":{"@id":"https:\/\/www.miomiorun.com\/fr\/#website"},"primaryImageOfPage":{"@id":"https:\/\/www.miomiorun.com\/fr\/produit\/tacx-neo-2t-smart-trainer\/#primaryimage"},"image":{"@id":"https:\/\/www.miomiorun.com\/fr\/produit\/tacx-neo-2t-smart-trainer\/#primaryimage"},"thumbnailUrl":"https:\/\/www.miomiorun.com\/app\/uploads\/2020\/06\/Tacx-NEO-2T-Smart-Trainer.jpg","datePublished":"2020-06-20T13:45:25+00:00","dateModified":"2026-03-27T09:37:18+00:00","description":"Gr\u00e2ce \u00e0 un design optimis\u00e9 et \u00e0 des composants repens\u00e9s, le NEO 2T Smart offre une exp\u00e9rience plus immersive et une meilleure compatibilit\u00e9 avec l'analyse du p\u00e9dalage","breadcrumb":{"@id":"https:\/\/www.miomiorun.com\/fr\/produit\/tacx-neo-2t-smart-trainer\/#breadcrumb"},"inLanguage":"fr-FR","potentialAction":[{"@type":"ReadAction","target":["https:\/\/www.miomiorun.com\/fr\/produit\/tacx-neo-2t-smart-trainer\/"]}]},{"@type":"ImageObject","inLanguage":"fr-FR","@id":"https:\/\/www.miomiorun.com\/fr\/produit\/tacx-neo-2t-smart-trainer\/#primaryimage","url":"https:\/\/www.miomiorun.com\/app\/uploads\/2020\/06\/Tacx-NEO-2T-Smart-Trainer.jpg","contentUrl":"https:\/\/www.miomiorun.com\/app\/uploads\/2020\/06\/Tacx-NEO-2T-Smart-Trainer.jpg","width":600,"height":600,"caption":"Tacx-NEO-2T-Smart-Trainer"},{"@type":"BreadcrumbList","@id":"https:\/\/www.miomiorun.com\/fr\/produit\/tacx-neo-2t-smart-trainer\/#breadcrumb","itemListElement":[{"@type":"ListItem","position":1,"name":"Home","item":"https:\/\/www.miomiorun.com\/fr\/home-page\/"},{"@type":"ListItem","position":2,"name":"Shop","item":"https:\/\/www.miomiorun.com\/shop\/"},{"@type":"ListItem","position":3,"name":"NEO 2T Smart Trainer"}]},{"@type":"WebSite","@id":"https:\/\/www.miomiorun.com\/fr\/#website","url":"https:\/\/www.miomiorun.com\/fr\/","name":"MioMioRun","description":"Boutique 100% running et trail","publisher":{"@id":"https:\/\/www.miomiorun.com\/fr\/#organization"},"potentialAction":[{"@type":"SearchAction","target":{"@type":"EntryPoint","urlTemplate":"https:\/\/www.miomiorun.com\/fr\/?s={search_term_string}"},"query-input":{"@type":"PropertyValueSpecification","valueRequired":true,"valueName":"search_term_string"}}],"inLanguage":"fr-FR"},{"@type":"Organization","@id":"https:\/\/www.miomiorun.com\/fr\/#organization","name":"MioMio Run","url":"https:\/\/www.miomiorun.com\/fr\/","logo":{"@type":"ImageObject","inLanguage":"fr-FR","@id":"https:\/\/www.miomiorun.com\/fr\/#\/schema\/logo\/image\/","url":"https:\/\/www.miomiorun.com\/app\/uploads\/2019\/12\/logomio.png","contentUrl":"https:\/\/www.miomiorun.com\/app\/uploads\/2019\/12\/logomio.png","width":115,"height":82,"caption":"MioMio Run"},"image":{"@id":"https:\/\/www.miomiorun.com\/fr\/#\/schema\/logo\/image\/"},"sameAs":["https:\/\/www.facebook.com\/miomiorun\/","https:\/\/www.instagram.com\/miomiorun\/"]}]}},"_links":{"self":[{"href":"https:\/\/www.miomiorun.com\/fr\/wp-json\/wp\/v2\/product\/275034","targetHints":{"allow":["GET"]}}],"collection":[{"href":"https:\/\/www.miomiorun.com\/fr\/wp-json\/wp\/v2\/product"}],"about":[{"href":"https:\/\/www.miomiorun.com\/fr\/wp-json\/wp\/v2\/types\/product"}],"wp:featuredmedia":[{"embeddable":true,"href":"https:\/\/www.miomiorun.com\/fr\/wp-json\/wp\/v2\/media\/230091"}],"wp:attachment":[{"href":"https:\/\/www.miomiorun.com\/fr\/wp-json\/wp\/v2\/media?parent=275034"}],"wp:term":[{"taxonomy":"product_brand","embeddable":true,"href":"https:\/\/www.miomiorun.com\/fr\/wp-json\/wp\/v2\/product_brand?post=275034"},{"taxonomy":"product_cat","embeddable":true,"href":"https:\/\/www.miomiorun.com\/fr\/wp-json\/wp\/v2\/product_cat?post=275034"},{"taxonomy":"product_tag","embeddable":true,"href":"https:\/\/www.miomiorun.com\/fr\/wp-json\/wp\/v2\/product_tag?post=275034"}],"curies":[{"name":"wp","href":"https:\/\/api.w.org\/{rel}","templated":true}]}}