{"id":275014,"date":"2020-06-29T16:38:13","date_gmt":"2020-06-29T14:38:13","guid":{"rendered":"https:\/\/miomiorun.com\/prodotto\/salming-breeze-top-donna\/"},"modified":"2026-01-28T11:52:03","modified_gmt":"2026-01-28T10:52:03","slug":"salming-breeze-top-femme","status":"publish","type":"product","link":"https:\/\/www.miomiorun.com\/fr\/produit\/salming-breeze-top-femme\/","title":{"rendered":"Breeze Top femme"},"content":{"rendered":"<p>Soyez plus rapide que jamais avec Salming Breeze. Ultra-l\u00e9ger, hyperventil\u00e9 et dot\u00e9 d&#8217;une coupe simple, ce haut ne vous imposera aucune restriction. Son imprim\u00e9 camouflage int\u00e9gral et ses logos r\u00e9fl\u00e9chissants vous permettront de vous d\u00e9marquer de la meilleure fa\u00e7on qui soit.<\/p>\n<p>Coupe<br \/>\nNormale<\/p>\n<p>Mat\u00e9riau<br \/>\nMat\u00e9riau : 100 % polyester<\/p>\n","protected":false},"excerpt":{"rendered":"<p>Soyez plus rapide que jamais avec Salming Breeze. Ultra-l\u00e9ger, hyperventil\u00e9 et dot\u00e9 d&#8217;une coupe simple, ce haut ne vous imposera aucune restriction. Son imprim\u00e9 camouflage int\u00e9gral et ses logos r\u00e9fl\u00e9chissants vous permettront de vous d\u00e9marquer de la meilleure fa\u00e7on qui soit. Coupe Normale Mat\u00e9riau Mat\u00e9riau : 100 % polyester<\/p>\n","protected":false},"featured_media":230177,"template":"","meta":{"_acf_changed":false,"inline_featured_image":false},"product_brand":[],"product_cat":[24436,24444,24246],"product_tag":[23586,23584],"class_list":{"0":"post-275014","1":"product","2":"type-product","3":"status-publish","4":"has-post-thumbnail","6":"product_cat-t-shirt-fr-2","7":"product_cat-vetements-pour-femmes-fr","8":"product_cat-offres-pour-les-femmes","9":"product_tag-salming-fr","10":"product_tag-salming-femme","11":"pa_attivita-marcher","12":"pa_attivita-running-fr","13":"pa_marca-salming-fr","14":"pa_sesso-femme","15":"pa_size-small-fr","17":"first","18":"instock","19":"sale","20":"taxable","21":"shipping-taxable","22":"purchasable","23":"product-type-variable","24":"wvs-archive-product-wrapper"},"acf":[],"yoast_head":"<!-- This site is optimized with the Yoast SEO plugin v26.8 - https:\/\/yoast.com\/product\/yoast-seo-wordpress\/ -->\n<title>Salming Breeze Top femme - d\u00e9bardeur de course \u00e0 pied - MioMioRun<\/title>\n<meta name=\"description\" content=\"D\u00e9couvrez le haut Salming Breeze pour femme. Ultra-l\u00e9ger, hyperventil\u00e9 et dot\u00e9 d&#039;une coupe simple, ce haut vous garantit une libert\u00e9 de mouvement totale.\" \/>\n<meta name=\"robots\" content=\"index, follow, max-snippet:-1, max-image-preview:large, max-video-preview:-1\" \/>\n<link rel=\"canonical\" href=\"https:\/\/www.miomiorun.com\/fr\/produit\/salming-breeze-top-femme\/\" \/>\n<meta property=\"og:locale\" content=\"fr_FR\" \/>\n<meta property=\"og:type\" content=\"article\" \/>\n<meta property=\"og:title\" content=\"Salming Breeze Top femme - d\u00e9bardeur de course \u00e0 pied - MioMioRun\" \/>\n<meta property=\"og:description\" content=\"D\u00e9couvrez le haut Salming Breeze pour femme. Ultra-l\u00e9ger, hyperventil\u00e9 et dot\u00e9 d&#039;une coupe simple, ce haut vous garantit une libert\u00e9 de mouvement totale.\" \/>\n<meta property=\"og:url\" content=\"https:\/\/www.miomiorun.com\/fr\/produit\/salming-breeze-top-femme\/\" \/>\n<meta property=\"og:site_name\" content=\"MioMioRun\" \/>\n<meta property=\"article:publisher\" content=\"https:\/\/www.facebook.com\/miomiorun\/\" \/>\n<meta property=\"article:modified_time\" content=\"2026-01-28T10:52:03+00:00\" \/>\n<meta property=\"og:image\" content=\"https:\/\/www.miomiorun.com\/app\/uploads\/2020\/06\/Salming-Breeze-Top-1279706-0101.jpg\" \/>\n\t<meta property=\"og:image:width\" content=\"600\" \/>\n\t<meta property=\"og:image:height\" content=\"600\" \/>\n\t<meta property=\"og:image:type\" content=\"image\/jpeg\" \/>\n<meta name=\"twitter:card\" content=\"summary_large_image\" \/>\n<script type=\"application\/ld+json\" class=\"yoast-schema-graph\">{\"@context\":\"https:\/\/schema.org\",\"@graph\":[{\"@type\":\"WebPage\",\"@id\":\"https:\/\/www.miomiorun.com\/fr\/produit\/salming-breeze-top-femme\/\",\"url\":\"https:\/\/www.miomiorun.com\/fr\/produit\/salming-breeze-top-femme\/\",\"name\":\"Salming Breeze Top femme - d\u00e9bardeur de course \u00e0 pied - MioMioRun\",\"isPartOf\":{\"@id\":\"https:\/\/www.miomiorun.com\/fr\/#website\"},\"primaryImageOfPage\":{\"@id\":\"https:\/\/www.miomiorun.com\/fr\/produit\/salming-breeze-top-femme\/#primaryimage\"},\"image\":{\"@id\":\"https:\/\/www.miomiorun.com\/fr\/produit\/salming-breeze-top-femme\/#primaryimage\"},\"thumbnailUrl\":\"https:\/\/www.miomiorun.com\/app\/uploads\/2020\/06\/Salming-Breeze-Top-1279706-0101.jpg\",\"datePublished\":\"2020-06-29T14:38:13+00:00\",\"dateModified\":\"2026-01-28T10:52:03+00:00\",\"description\":\"D\u00e9couvrez le haut Salming Breeze pour femme. Ultra-l\u00e9ger, hyperventil\u00e9 et dot\u00e9 d'une coupe simple, ce haut vous garantit une libert\u00e9 de mouvement totale.\",\"breadcrumb\":{\"@id\":\"https:\/\/www.miomiorun.com\/fr\/produit\/salming-breeze-top-femme\/#breadcrumb\"},\"inLanguage\":\"fr-FR\",\"potentialAction\":[{\"@type\":\"ReadAction\",\"target\":[\"https:\/\/www.miomiorun.com\/fr\/produit\/salming-breeze-top-femme\/\"]}]},{\"@type\":\"ImageObject\",\"inLanguage\":\"fr-FR\",\"@id\":\"https:\/\/www.miomiorun.com\/fr\/produit\/salming-breeze-top-femme\/#primaryimage\",\"url\":\"https:\/\/www.miomiorun.com\/app\/uploads\/2020\/06\/Salming-Breeze-Top-1279706-0101.jpg\",\"contentUrl\":\"https:\/\/www.miomiorun.com\/app\/uploads\/2020\/06\/Salming-Breeze-Top-1279706-0101.jpg\",\"width\":600,\"height\":600,\"caption\":\"Salming-Breeze-Top-1279706-0101\"},{\"@type\":\"BreadcrumbList\",\"@id\":\"https:\/\/www.miomiorun.com\/fr\/produit\/salming-breeze-top-femme\/#breadcrumb\",\"itemListElement\":[{\"@type\":\"ListItem\",\"position\":1,\"name\":\"Home\",\"item\":\"https:\/\/www.miomiorun.com\/fr\/home-page\/\"},{\"@type\":\"ListItem\",\"position\":2,\"name\":\"Shop\",\"item\":\"https:\/\/www.miomiorun.com\/shop\/\"},{\"@type\":\"ListItem\",\"position\":3,\"name\":\"Breeze Top femme\"}]},{\"@type\":\"WebSite\",\"@id\":\"https:\/\/www.miomiorun.com\/fr\/#website\",\"url\":\"https:\/\/www.miomiorun.com\/fr\/\",\"name\":\"MioMioRun\",\"description\":\"Boutique 100% running et trail\",\"publisher\":{\"@id\":\"https:\/\/www.miomiorun.com\/fr\/#organization\"},\"potentialAction\":[{\"@type\":\"SearchAction\",\"target\":{\"@type\":\"EntryPoint\",\"urlTemplate\":\"https:\/\/www.miomiorun.com\/fr\/?s={search_term_string}\"},\"query-input\":{\"@type\":\"PropertyValueSpecification\",\"valueRequired\":true,\"valueName\":\"search_term_string\"}}],\"inLanguage\":\"fr-FR\"},{\"@type\":\"Organization\",\"@id\":\"https:\/\/www.miomiorun.com\/fr\/#organization\",\"name\":\"MioMio Run\",\"url\":\"https:\/\/www.miomiorun.com\/fr\/\",\"logo\":{\"@type\":\"ImageObject\",\"inLanguage\":\"fr-FR\",\"@id\":\"https:\/\/www.miomiorun.com\/fr\/#\/schema\/logo\/image\/\",\"url\":\"https:\/\/www.miomiorun.com\/app\/uploads\/2019\/12\/logomio.png\",\"contentUrl\":\"https:\/\/www.miomiorun.com\/app\/uploads\/2019\/12\/logomio.png\",\"width\":115,\"height\":82,\"caption\":\"MioMio Run\"},\"image\":{\"@id\":\"https:\/\/www.miomiorun.com\/fr\/#\/schema\/logo\/image\/\"},\"sameAs\":[\"https:\/\/www.facebook.com\/miomiorun\/\",\"https:\/\/www.instagram.com\/miomiorun\/\"]}]}<\/script>\n<!-- \/ Yoast SEO plugin. -->","yoast_head_json":{"title":"Salming Breeze Top femme - d\u00e9bardeur de course \u00e0 pied - MioMioRun","description":"D\u00e9couvrez le haut Salming Breeze pour femme. Ultra-l\u00e9ger, hyperventil\u00e9 et dot\u00e9 d'une coupe simple, ce haut vous garantit une libert\u00e9 de mouvement totale.","robots":{"index":"index","follow":"follow","max-snippet":"max-snippet:-1","max-image-preview":"max-image-preview:large","max-video-preview":"max-video-preview:-1"},"canonical":"https:\/\/www.miomiorun.com\/fr\/produit\/salming-breeze-top-femme\/","og_locale":"fr_FR","og_type":"article","og_title":"Salming Breeze Top femme - d\u00e9bardeur de course \u00e0 pied - MioMioRun","og_description":"D\u00e9couvrez le haut Salming Breeze pour femme. Ultra-l\u00e9ger, hyperventil\u00e9 et dot\u00e9 d'une coupe simple, ce haut vous garantit une libert\u00e9 de mouvement totale.","og_url":"https:\/\/www.miomiorun.com\/fr\/produit\/salming-breeze-top-femme\/","og_site_name":"MioMioRun","article_publisher":"https:\/\/www.facebook.com\/miomiorun\/","article_modified_time":"2026-01-28T10:52:03+00:00","og_image":[{"width":600,"height":600,"url":"https:\/\/www.miomiorun.com\/app\/uploads\/2020\/06\/Salming-Breeze-Top-1279706-0101.jpg","type":"image\/jpeg"}],"twitter_card":"summary_large_image","schema":{"@context":"https:\/\/schema.org","@graph":[{"@type":"WebPage","@id":"https:\/\/www.miomiorun.com\/fr\/produit\/salming-breeze-top-femme\/","url":"https:\/\/www.miomiorun.com\/fr\/produit\/salming-breeze-top-femme\/","name":"Salming Breeze Top femme - d\u00e9bardeur de course \u00e0 pied - MioMioRun","isPartOf":{"@id":"https:\/\/www.miomiorun.com\/fr\/#website"},"primaryImageOfPage":{"@id":"https:\/\/www.miomiorun.com\/fr\/produit\/salming-breeze-top-femme\/#primaryimage"},"image":{"@id":"https:\/\/www.miomiorun.com\/fr\/produit\/salming-breeze-top-femme\/#primaryimage"},"thumbnailUrl":"https:\/\/www.miomiorun.com\/app\/uploads\/2020\/06\/Salming-Breeze-Top-1279706-0101.jpg","datePublished":"2020-06-29T14:38:13+00:00","dateModified":"2026-01-28T10:52:03+00:00","description":"D\u00e9couvrez le haut Salming Breeze pour femme. Ultra-l\u00e9ger, hyperventil\u00e9 et dot\u00e9 d'une coupe simple, ce haut vous garantit une libert\u00e9 de mouvement totale.","breadcrumb":{"@id":"https:\/\/www.miomiorun.com\/fr\/produit\/salming-breeze-top-femme\/#breadcrumb"},"inLanguage":"fr-FR","potentialAction":[{"@type":"ReadAction","target":["https:\/\/www.miomiorun.com\/fr\/produit\/salming-breeze-top-femme\/"]}]},{"@type":"ImageObject","inLanguage":"fr-FR","@id":"https:\/\/www.miomiorun.com\/fr\/produit\/salming-breeze-top-femme\/#primaryimage","url":"https:\/\/www.miomiorun.com\/app\/uploads\/2020\/06\/Salming-Breeze-Top-1279706-0101.jpg","contentUrl":"https:\/\/www.miomiorun.com\/app\/uploads\/2020\/06\/Salming-Breeze-Top-1279706-0101.jpg","width":600,"height":600,"caption":"Salming-Breeze-Top-1279706-0101"},{"@type":"BreadcrumbList","@id":"https:\/\/www.miomiorun.com\/fr\/produit\/salming-breeze-top-femme\/#breadcrumb","itemListElement":[{"@type":"ListItem","position":1,"name":"Home","item":"https:\/\/www.miomiorun.com\/fr\/home-page\/"},{"@type":"ListItem","position":2,"name":"Shop","item":"https:\/\/www.miomiorun.com\/shop\/"},{"@type":"ListItem","position":3,"name":"Breeze Top femme"}]},{"@type":"WebSite","@id":"https:\/\/www.miomiorun.com\/fr\/#website","url":"https:\/\/www.miomiorun.com\/fr\/","name":"MioMioRun","description":"Boutique 100% running et trail","publisher":{"@id":"https:\/\/www.miomiorun.com\/fr\/#organization"},"potentialAction":[{"@type":"SearchAction","target":{"@type":"EntryPoint","urlTemplate":"https:\/\/www.miomiorun.com\/fr\/?s={search_term_string}"},"query-input":{"@type":"PropertyValueSpecification","valueRequired":true,"valueName":"search_term_string"}}],"inLanguage":"fr-FR"},{"@type":"Organization","@id":"https:\/\/www.miomiorun.com\/fr\/#organization","name":"MioMio Run","url":"https:\/\/www.miomiorun.com\/fr\/","logo":{"@type":"ImageObject","inLanguage":"fr-FR","@id":"https:\/\/www.miomiorun.com\/fr\/#\/schema\/logo\/image\/","url":"https:\/\/www.miomiorun.com\/app\/uploads\/2019\/12\/logomio.png","contentUrl":"https:\/\/www.miomiorun.com\/app\/uploads\/2019\/12\/logomio.png","width":115,"height":82,"caption":"MioMio Run"},"image":{"@id":"https:\/\/www.miomiorun.com\/fr\/#\/schema\/logo\/image\/"},"sameAs":["https:\/\/www.facebook.com\/miomiorun\/","https:\/\/www.instagram.com\/miomiorun\/"]}]}},"_links":{"self":[{"href":"https:\/\/www.miomiorun.com\/fr\/wp-json\/wp\/v2\/product\/275014","targetHints":{"allow":["GET"]}}],"collection":[{"href":"https:\/\/www.miomiorun.com\/fr\/wp-json\/wp\/v2\/product"}],"about":[{"href":"https:\/\/www.miomiorun.com\/fr\/wp-json\/wp\/v2\/types\/product"}],"wp:featuredmedia":[{"embeddable":true,"href":"https:\/\/www.miomiorun.com\/fr\/wp-json\/wp\/v2\/media\/230177"}],"wp:attachment":[{"href":"https:\/\/www.miomiorun.com\/fr\/wp-json\/wp\/v2\/media?parent=275014"}],"wp:term":[{"taxonomy":"product_brand","embeddable":true,"href":"https:\/\/www.miomiorun.com\/fr\/wp-json\/wp\/v2\/product_brand?post=275014"},{"taxonomy":"product_cat","embeddable":true,"href":"https:\/\/www.miomiorun.com\/fr\/wp-json\/wp\/v2\/product_cat?post=275014"},{"taxonomy":"product_tag","embeddable":true,"href":"https:\/\/www.miomiorun.com\/fr\/wp-json\/wp\/v2\/product_tag?post=275014"}],"curies":[{"name":"wp","href":"https:\/\/api.w.org\/{rel}","templated":true}]}}