{"id":275008,"date":"2020-06-29T16:41:34","date_gmt":"2020-06-29T14:41:34","guid":{"rendered":"https:\/\/miomiorun.com\/prodotto\/salming-abisko-rain-jkt-donna\/"},"modified":"2026-01-28T11:52:46","modified_gmt":"2026-01-28T10:52:46","slug":"salming-abisko-rain-jkt-femme","status":"publish","type":"product","link":"https:\/\/www.miomiorun.com\/fr\/produit\/salming-abisko-rain-jkt-femme\/","title":{"rendered":"Abisko Rain Jkt femme"},"content":{"rendered":"<p>La veste imperm\u00e9able Abisko est la veste de course Salmings con\u00e7ue pour r\u00e9sister aux conditions m\u00e9t\u00e9orologiques difficiles et pluvieuses. Elle est fabriqu\u00e9e dans un tissu 3 couches de haute qualit\u00e9, marqu\u00e9 Salming Aqua zero. Ce v\u00eatement est dot\u00e9 de coutures thermosoud\u00e9es et de fermetures \u00e9clair hydrofuges sur les deux poches avant et lat\u00e9rales. Elle est con\u00e7ue pour vous garder au sec et \u00e0 l&#8217;aise pendant votre course, avec des a\u00e9rations \u00e0 l&#8217;avant, \u00e0 l&#8217;arri\u00e8re et sous les bras. La veste est dot\u00e9e de nombreux d\u00e9tails fonctionnels tels qu&#8217;une capuche amovible, un ourlet et des poignets ajustables, une bande en silicone au bas, des d\u00e9tails r\u00e9fl\u00e9chissants et un tissu hydrofuge et coupe-vent.<\/p>\n<p>Coupe<br \/>\nR\u00e9guli\u00e8re \/ ajust\u00e9e<br \/>\nMati\u00e8re<br \/>\n100 % polyester<br \/>\nPoches<br \/>\nPoche lat\u00e9rale thermocoll\u00e9e avec sortie casque interne<\/p>\n<p>cerniere<br \/>\nFermetures \u00e9clair YKK hydrofuges<\/p>\n","protected":false},"excerpt":{"rendered":"<p>La veste imperm\u00e9able Abisko est la veste de course Salmings con\u00e7ue pour r\u00e9sister aux conditions m\u00e9t\u00e9orologiques difficiles et pluvieuses. Elle est fabriqu\u00e9e dans un tissu 3 couches de haute qualit\u00e9, marqu\u00e9 Salming Aqua zero. Ce v\u00eatement est dot\u00e9 de coutures thermosoud\u00e9es et de fermetures \u00e9clair hydrofuges sur les deux poches avant et lat\u00e9rales. Elle est &hellip; <a href=\"https:\/\/www.miomiorun.com\/fr\/produit\/salming-abisko-rain-jkt-femme\/\">Continued<\/a><\/p>\n","protected":false},"featured_media":230181,"template":"","meta":{"_acf_changed":false,"inline_featured_image":false},"product_brand":[],"product_cat":[24441,24444,24246],"product_tag":[23586,23584],"class_list":{"0":"post-275008","1":"product","2":"type-product","3":"status-publish","4":"has-post-thumbnail","6":"product_cat-vestes-fr","7":"product_cat-vetements-pour-femmes-fr","8":"product_cat-offres-pour-les-femmes","9":"product_tag-salming-fr","10":"product_tag-salming-femme","11":"pa_attivita-marcher","12":"pa_attivita-running-fr","13":"pa_marca-salming-fr","14":"pa_sesso-femme","15":"pa_size-extra-small-fr","16":"pa_size-small-fr","18":"first","19":"instock","20":"sale","21":"taxable","22":"shipping-taxable","23":"purchasable","24":"product-type-variable","25":"wvs-archive-product-wrapper"},"acf":[],"yoast_head":"<!-- This site is optimized with the Yoast SEO plugin v26.8 - https:\/\/yoast.com\/product\/yoast-seo-wordpress\/ -->\n<title>Salming Abisko Rain Jkt femme - Veste de course - MioMioRun.com<\/title>\n<meta name=\"description\" content=\"La veste de course anti-pluie Abisko est con\u00e7ue pour r\u00e9sister aux conditions m\u00e9t\u00e9orologiques difficiles et pluvieuses. Elle est fabriqu\u00e9e dans un tissu 3 couches de haute qualit\u00e9.\" \/>\n<meta name=\"robots\" content=\"index, follow, max-snippet:-1, max-image-preview:large, max-video-preview:-1\" \/>\n<link rel=\"canonical\" href=\"https:\/\/www.miomiorun.com\/fr\/produit\/salming-abisko-rain-jkt-femme\/\" \/>\n<meta property=\"og:locale\" content=\"fr_FR\" \/>\n<meta property=\"og:type\" content=\"article\" \/>\n<meta property=\"og:title\" content=\"Salming Abisko Rain Jkt femme - Veste de course - MioMioRun.com\" \/>\n<meta property=\"og:description\" content=\"La veste de course anti-pluie Abisko est con\u00e7ue pour r\u00e9sister aux conditions m\u00e9t\u00e9orologiques difficiles et pluvieuses. Elle est fabriqu\u00e9e dans un tissu 3 couches de haute qualit\u00e9.\" \/>\n<meta property=\"og:url\" content=\"https:\/\/www.miomiorun.com\/fr\/produit\/salming-abisko-rain-jkt-femme\/\" \/>\n<meta property=\"og:site_name\" content=\"MioMioRun\" \/>\n<meta property=\"article:publisher\" content=\"https:\/\/www.facebook.com\/miomiorun\/\" \/>\n<meta property=\"article:modified_time\" content=\"2026-01-28T10:52:46+00:00\" \/>\n<meta property=\"og:image\" content=\"https:\/\/www.miomiorun.com\/app\/uploads\/2020\/06\/salming-Abisko-Rain-Jacket-1277645-0101.jpg\" \/>\n\t<meta property=\"og:image:width\" content=\"600\" \/>\n\t<meta property=\"og:image:height\" content=\"600\" \/>\n\t<meta property=\"og:image:type\" content=\"image\/jpeg\" \/>\n<meta name=\"twitter:card\" content=\"summary_large_image\" \/>\n<meta name=\"twitter:label1\" content=\"Est. reading time\" \/>\n\t<meta name=\"twitter:data1\" content=\"1 minute\" \/>\n<script type=\"application\/ld+json\" class=\"yoast-schema-graph\">{\"@context\":\"https:\/\/schema.org\",\"@graph\":[{\"@type\":\"WebPage\",\"@id\":\"https:\/\/www.miomiorun.com\/fr\/produit\/salming-abisko-rain-jkt-femme\/\",\"url\":\"https:\/\/www.miomiorun.com\/fr\/produit\/salming-abisko-rain-jkt-femme\/\",\"name\":\"Salming Abisko Rain Jkt femme - Veste de course - MioMioRun.com\",\"isPartOf\":{\"@id\":\"https:\/\/www.miomiorun.com\/fr\/#website\"},\"primaryImageOfPage\":{\"@id\":\"https:\/\/www.miomiorun.com\/fr\/produit\/salming-abisko-rain-jkt-femme\/#primaryimage\"},\"image\":{\"@id\":\"https:\/\/www.miomiorun.com\/fr\/produit\/salming-abisko-rain-jkt-femme\/#primaryimage\"},\"thumbnailUrl\":\"https:\/\/www.miomiorun.com\/app\/uploads\/2020\/06\/salming-Abisko-Rain-Jacket-1277645-0101.jpg\",\"datePublished\":\"2020-06-29T14:41:34+00:00\",\"dateModified\":\"2026-01-28T10:52:46+00:00\",\"description\":\"La veste de course anti-pluie Abisko est con\u00e7ue pour r\u00e9sister aux conditions m\u00e9t\u00e9orologiques difficiles et pluvieuses. Elle est fabriqu\u00e9e dans un tissu 3 couches de haute qualit\u00e9.\",\"breadcrumb\":{\"@id\":\"https:\/\/www.miomiorun.com\/fr\/produit\/salming-abisko-rain-jkt-femme\/#breadcrumb\"},\"inLanguage\":\"fr-FR\",\"potentialAction\":[{\"@type\":\"ReadAction\",\"target\":[\"https:\/\/www.miomiorun.com\/fr\/produit\/salming-abisko-rain-jkt-femme\/\"]}]},{\"@type\":\"ImageObject\",\"inLanguage\":\"fr-FR\",\"@id\":\"https:\/\/www.miomiorun.com\/fr\/produit\/salming-abisko-rain-jkt-femme\/#primaryimage\",\"url\":\"https:\/\/www.miomiorun.com\/app\/uploads\/2020\/06\/salming-Abisko-Rain-Jacket-1277645-0101.jpg\",\"contentUrl\":\"https:\/\/www.miomiorun.com\/app\/uploads\/2020\/06\/salming-Abisko-Rain-Jacket-1277645-0101.jpg\",\"width\":600,\"height\":600,\"caption\":\"salming-Abisko-Rain-Jacket-1277645-0101\"},{\"@type\":\"BreadcrumbList\",\"@id\":\"https:\/\/www.miomiorun.com\/fr\/produit\/salming-abisko-rain-jkt-femme\/#breadcrumb\",\"itemListElement\":[{\"@type\":\"ListItem\",\"position\":1,\"name\":\"Home\",\"item\":\"https:\/\/www.miomiorun.com\/fr\/home-page\/\"},{\"@type\":\"ListItem\",\"position\":2,\"name\":\"Shop\",\"item\":\"https:\/\/www.miomiorun.com\/shop\/\"},{\"@type\":\"ListItem\",\"position\":3,\"name\":\"Abisko Rain Jkt femme\"}]},{\"@type\":\"WebSite\",\"@id\":\"https:\/\/www.miomiorun.com\/fr\/#website\",\"url\":\"https:\/\/www.miomiorun.com\/fr\/\",\"name\":\"MioMioRun\",\"description\":\"Boutique 100% running et trail\",\"publisher\":{\"@id\":\"https:\/\/www.miomiorun.com\/fr\/#organization\"},\"potentialAction\":[{\"@type\":\"SearchAction\",\"target\":{\"@type\":\"EntryPoint\",\"urlTemplate\":\"https:\/\/www.miomiorun.com\/fr\/?s={search_term_string}\"},\"query-input\":{\"@type\":\"PropertyValueSpecification\",\"valueRequired\":true,\"valueName\":\"search_term_string\"}}],\"inLanguage\":\"fr-FR\"},{\"@type\":\"Organization\",\"@id\":\"https:\/\/www.miomiorun.com\/fr\/#organization\",\"name\":\"MioMio Run\",\"url\":\"https:\/\/www.miomiorun.com\/fr\/\",\"logo\":{\"@type\":\"ImageObject\",\"inLanguage\":\"fr-FR\",\"@id\":\"https:\/\/www.miomiorun.com\/fr\/#\/schema\/logo\/image\/\",\"url\":\"https:\/\/www.miomiorun.com\/app\/uploads\/2019\/12\/logomio.png\",\"contentUrl\":\"https:\/\/www.miomiorun.com\/app\/uploads\/2019\/12\/logomio.png\",\"width\":115,\"height\":82,\"caption\":\"MioMio Run\"},\"image\":{\"@id\":\"https:\/\/www.miomiorun.com\/fr\/#\/schema\/logo\/image\/\"},\"sameAs\":[\"https:\/\/www.facebook.com\/miomiorun\/\",\"https:\/\/www.instagram.com\/miomiorun\/\"]}]}<\/script>\n<!-- \/ Yoast SEO plugin. -->","yoast_head_json":{"title":"Salming Abisko Rain Jkt femme - Veste de course - MioMioRun.com","description":"La veste de course anti-pluie Abisko est con\u00e7ue pour r\u00e9sister aux conditions m\u00e9t\u00e9orologiques difficiles et pluvieuses. Elle est fabriqu\u00e9e dans un tissu 3 couches de haute qualit\u00e9.","robots":{"index":"index","follow":"follow","max-snippet":"max-snippet:-1","max-image-preview":"max-image-preview:large","max-video-preview":"max-video-preview:-1"},"canonical":"https:\/\/www.miomiorun.com\/fr\/produit\/salming-abisko-rain-jkt-femme\/","og_locale":"fr_FR","og_type":"article","og_title":"Salming Abisko Rain Jkt femme - Veste de course - MioMioRun.com","og_description":"La veste de course anti-pluie Abisko est con\u00e7ue pour r\u00e9sister aux conditions m\u00e9t\u00e9orologiques difficiles et pluvieuses. Elle est fabriqu\u00e9e dans un tissu 3 couches de haute qualit\u00e9.","og_url":"https:\/\/www.miomiorun.com\/fr\/produit\/salming-abisko-rain-jkt-femme\/","og_site_name":"MioMioRun","article_publisher":"https:\/\/www.facebook.com\/miomiorun\/","article_modified_time":"2026-01-28T10:52:46+00:00","og_image":[{"width":600,"height":600,"url":"https:\/\/www.miomiorun.com\/app\/uploads\/2020\/06\/salming-Abisko-Rain-Jacket-1277645-0101.jpg","type":"image\/jpeg"}],"twitter_card":"summary_large_image","twitter_misc":{"Est. reading time":"1 minute"},"schema":{"@context":"https:\/\/schema.org","@graph":[{"@type":"WebPage","@id":"https:\/\/www.miomiorun.com\/fr\/produit\/salming-abisko-rain-jkt-femme\/","url":"https:\/\/www.miomiorun.com\/fr\/produit\/salming-abisko-rain-jkt-femme\/","name":"Salming Abisko Rain Jkt femme - Veste de course - MioMioRun.com","isPartOf":{"@id":"https:\/\/www.miomiorun.com\/fr\/#website"},"primaryImageOfPage":{"@id":"https:\/\/www.miomiorun.com\/fr\/produit\/salming-abisko-rain-jkt-femme\/#primaryimage"},"image":{"@id":"https:\/\/www.miomiorun.com\/fr\/produit\/salming-abisko-rain-jkt-femme\/#primaryimage"},"thumbnailUrl":"https:\/\/www.miomiorun.com\/app\/uploads\/2020\/06\/salming-Abisko-Rain-Jacket-1277645-0101.jpg","datePublished":"2020-06-29T14:41:34+00:00","dateModified":"2026-01-28T10:52:46+00:00","description":"La veste de course anti-pluie Abisko est con\u00e7ue pour r\u00e9sister aux conditions m\u00e9t\u00e9orologiques difficiles et pluvieuses. Elle est fabriqu\u00e9e dans un tissu 3 couches de haute qualit\u00e9.","breadcrumb":{"@id":"https:\/\/www.miomiorun.com\/fr\/produit\/salming-abisko-rain-jkt-femme\/#breadcrumb"},"inLanguage":"fr-FR","potentialAction":[{"@type":"ReadAction","target":["https:\/\/www.miomiorun.com\/fr\/produit\/salming-abisko-rain-jkt-femme\/"]}]},{"@type":"ImageObject","inLanguage":"fr-FR","@id":"https:\/\/www.miomiorun.com\/fr\/produit\/salming-abisko-rain-jkt-femme\/#primaryimage","url":"https:\/\/www.miomiorun.com\/app\/uploads\/2020\/06\/salming-Abisko-Rain-Jacket-1277645-0101.jpg","contentUrl":"https:\/\/www.miomiorun.com\/app\/uploads\/2020\/06\/salming-Abisko-Rain-Jacket-1277645-0101.jpg","width":600,"height":600,"caption":"salming-Abisko-Rain-Jacket-1277645-0101"},{"@type":"BreadcrumbList","@id":"https:\/\/www.miomiorun.com\/fr\/produit\/salming-abisko-rain-jkt-femme\/#breadcrumb","itemListElement":[{"@type":"ListItem","position":1,"name":"Home","item":"https:\/\/www.miomiorun.com\/fr\/home-page\/"},{"@type":"ListItem","position":2,"name":"Shop","item":"https:\/\/www.miomiorun.com\/shop\/"},{"@type":"ListItem","position":3,"name":"Abisko Rain Jkt femme"}]},{"@type":"WebSite","@id":"https:\/\/www.miomiorun.com\/fr\/#website","url":"https:\/\/www.miomiorun.com\/fr\/","name":"MioMioRun","description":"Boutique 100% running et trail","publisher":{"@id":"https:\/\/www.miomiorun.com\/fr\/#organization"},"potentialAction":[{"@type":"SearchAction","target":{"@type":"EntryPoint","urlTemplate":"https:\/\/www.miomiorun.com\/fr\/?s={search_term_string}"},"query-input":{"@type":"PropertyValueSpecification","valueRequired":true,"valueName":"search_term_string"}}],"inLanguage":"fr-FR"},{"@type":"Organization","@id":"https:\/\/www.miomiorun.com\/fr\/#organization","name":"MioMio Run","url":"https:\/\/www.miomiorun.com\/fr\/","logo":{"@type":"ImageObject","inLanguage":"fr-FR","@id":"https:\/\/www.miomiorun.com\/fr\/#\/schema\/logo\/image\/","url":"https:\/\/www.miomiorun.com\/app\/uploads\/2019\/12\/logomio.png","contentUrl":"https:\/\/www.miomiorun.com\/app\/uploads\/2019\/12\/logomio.png","width":115,"height":82,"caption":"MioMio Run"},"image":{"@id":"https:\/\/www.miomiorun.com\/fr\/#\/schema\/logo\/image\/"},"sameAs":["https:\/\/www.facebook.com\/miomiorun\/","https:\/\/www.instagram.com\/miomiorun\/"]}]}},"_links":{"self":[{"href":"https:\/\/www.miomiorun.com\/fr\/wp-json\/wp\/v2\/product\/275008","targetHints":{"allow":["GET"]}}],"collection":[{"href":"https:\/\/www.miomiorun.com\/fr\/wp-json\/wp\/v2\/product"}],"about":[{"href":"https:\/\/www.miomiorun.com\/fr\/wp-json\/wp\/v2\/types\/product"}],"wp:featuredmedia":[{"embeddable":true,"href":"https:\/\/www.miomiorun.com\/fr\/wp-json\/wp\/v2\/media\/230181"}],"wp:attachment":[{"href":"https:\/\/www.miomiorun.com\/fr\/wp-json\/wp\/v2\/media?parent=275008"}],"wp:term":[{"taxonomy":"product_brand","embeddable":true,"href":"https:\/\/www.miomiorun.com\/fr\/wp-json\/wp\/v2\/product_brand?post=275008"},{"taxonomy":"product_cat","embeddable":true,"href":"https:\/\/www.miomiorun.com\/fr\/wp-json\/wp\/v2\/product_cat?post=275008"},{"taxonomy":"product_tag","embeddable":true,"href":"https:\/\/www.miomiorun.com\/fr\/wp-json\/wp\/v2\/product_tag?post=275008"}],"curies":[{"name":"wp","href":"https:\/\/api.w.org\/{rel}","templated":true}]}}