{"id":274980,"date":"2020-03-24T09:42:34","date_gmt":"2020-03-24T08:42:34","guid":{"rendered":"https:\/\/miomiorun.com\/prodotto\/newline-imotion-warm-tight-uomo\/"},"modified":"2025-04-17T19:12:29","modified_gmt":"2025-04-17T17:12:29","slug":"newline-imotion-warm-tight-homme","status":"publish","type":"product","link":"https:\/\/www.miomiorun.com\/fr\/produit\/newline-imotion-warm-tight-homme\/","title":{"rendered":"Imotion Warm Tight homme"},"content":{"rendered":"<p><span id=\"Anthem_ctl00_ContentRegion_ctl04_descriptionLabel__\"><span id=\"ctl00_ContentRegion_ctl04_descriptionLabel\" class=\"text\">Le Newline Imotion Warm Tight est un pantalon long ajust\u00e9 en tissu thermique avec une couche de polaire \u00e0 l&#8217;int\u00e9rieur. Il est dot\u00e9 d&#8217;un cordon de serrage \u00e0 la taille, d&#8217;un revers \u00e0 la cheville, d&#8217;une poche arri\u00e8re zipp\u00e9e et de coutures plates pour un maximum de fonctionnalit\u00e9 et de confort. C&#8217;est un pantalon con\u00e7u pour l&#8217;hiver et les temp\u00e9ratures froides.<\/span><\/span><\/p>\n<p>&nbsp;<\/p>\n<p>Mati\u00e8re : 49% polyamide \/ 38% polyester \/ 13% \u00e9lasthanne<\/p>\n<p>&#8211; Doublure polaire<\/p>\n<p>&#8211; Tissu thermique<\/p>\n<p>&#8211; Coutures plates<\/p>\n<p>&#8211; Poche arri\u00e8re zipp\u00e9e<\/p>\n<p>&#8211; Ourlet sur\u00e9lev\u00e9<\/p>\n<p>&#8211; Cordon de serrage \u00e0 la taille<\/p>\n","protected":false},"excerpt":{"rendered":"<p>Le Newline Imotion Warm Tight est un pantalon long ajust\u00e9 en tissu thermique avec une couche de polaire \u00e0 l&#8217;int\u00e9rieur. Il est dot\u00e9 d&#8217;un cordon de serrage \u00e0 la taille, d&#8217;un revers \u00e0 la cheville, d&#8217;une poche arri\u00e8re zipp\u00e9e et de coutures plates pour un maximum de fonctionnalit\u00e9 et de confort. C&#8217;est un pantalon con\u00e7u &hellip; <a href=\"https:\/\/www.miomiorun.com\/fr\/produit\/newline-imotion-warm-tight-homme\/\">Continued<\/a><\/p>\n","protected":false},"featured_media":229567,"template":"","meta":{"_acf_changed":false,"inline_featured_image":false},"product_brand":[],"product_cat":[24252,24430,24431],"product_tag":[23508,23520],"class_list":{"0":"post-274980","1":"product","2":"type-product","3":"status-publish","4":"has-post-thumbnail","6":"product_cat-pantalon-long-fr","7":"product_cat-vetements-pour-hommes","8":"product_cat-offres-pour-hommes","9":"product_tag-newline-fr","10":"product_tag-newline-homme","11":"pa_attivita-marcher","12":"pa_attivita-running-fr","13":"pa_colore-imotion-warm-tight-71227-361-fr","14":"pa_marca-newline-fr","15":"pa_sesso-homme","16":"pa_size-small-fr","18":"first","19":"instock","20":"sale","21":"taxable","22":"shipping-taxable","23":"purchasable","24":"product-type-variable","25":"wvs-archive-product-wrapper"},"acf":[],"yoast_head":"<!-- This site is optimized with the Yoast SEO plugin v26.8 - https:\/\/yoast.com\/product\/yoast-seo-wordpress\/ -->\n<title>Newline Imotion Warm Tight homme - Pantalon long - MioMioRun<\/title>\n<meta name=\"description\" content=\"Le Newline Imotion Warm Tight est un collant pr\u00e8s du corps en tissu thermique avec une couche de polaire \u00e0 l&#039;int\u00e9rieur, un cordon de serrage \u00e0 la taille et un ourlet non montant.\" \/>\n<meta name=\"robots\" content=\"index, follow, max-snippet:-1, max-image-preview:large, max-video-preview:-1\" \/>\n<link rel=\"canonical\" href=\"https:\/\/www.miomiorun.com\/fr\/produit\/newline-imotion-warm-tight-homme\/\" \/>\n<meta property=\"og:locale\" content=\"fr_FR\" \/>\n<meta property=\"og:type\" content=\"article\" \/>\n<meta property=\"og:title\" content=\"Newline Imotion Warm Tight homme - Pantalon long - MioMioRun\" \/>\n<meta property=\"og:description\" content=\"Le Newline Imotion Warm Tight est un collant pr\u00e8s du corps en tissu thermique avec une couche de polaire \u00e0 l&#039;int\u00e9rieur, un cordon de serrage \u00e0 la taille et un ourlet non montant.\" \/>\n<meta property=\"og:url\" content=\"https:\/\/www.miomiorun.com\/fr\/produit\/newline-imotion-warm-tight-homme\/\" \/>\n<meta property=\"og:site_name\" content=\"MioMioRun\" \/>\n<meta property=\"article:publisher\" content=\"https:\/\/www.facebook.com\/miomiorun\/\" \/>\n<meta property=\"article:modified_time\" content=\"2025-04-17T17:12:29+00:00\" \/>\n<meta property=\"og:image\" content=\"https:\/\/www.miomiorun.com\/app\/uploads\/2020\/03\/Newline-Imotion-Warm-Tight-71124-060.jpg\" \/>\n\t<meta property=\"og:image:width\" content=\"595\" \/>\n\t<meta property=\"og:image:height\" content=\"595\" \/>\n\t<meta property=\"og:image:type\" content=\"image\/jpeg\" \/>\n<meta name=\"twitter:card\" content=\"summary_large_image\" \/>\n<script type=\"application\/ld+json\" class=\"yoast-schema-graph\">{\"@context\":\"https:\/\/schema.org\",\"@graph\":[{\"@type\":\"WebPage\",\"@id\":\"https:\/\/www.miomiorun.com\/fr\/produit\/newline-imotion-warm-tight-homme\/\",\"url\":\"https:\/\/www.miomiorun.com\/fr\/produit\/newline-imotion-warm-tight-homme\/\",\"name\":\"Newline Imotion Warm Tight homme - Pantalon long - MioMioRun\",\"isPartOf\":{\"@id\":\"https:\/\/www.miomiorun.com\/fr\/#website\"},\"primaryImageOfPage\":{\"@id\":\"https:\/\/www.miomiorun.com\/fr\/produit\/newline-imotion-warm-tight-homme\/#primaryimage\"},\"image\":{\"@id\":\"https:\/\/www.miomiorun.com\/fr\/produit\/newline-imotion-warm-tight-homme\/#primaryimage\"},\"thumbnailUrl\":\"https:\/\/www.miomiorun.com\/app\/uploads\/2020\/03\/Newline-Imotion-Warm-Tight-71124-060.jpg\",\"datePublished\":\"2020-03-24T08:42:34+00:00\",\"dateModified\":\"2025-04-17T17:12:29+00:00\",\"description\":\"Le Newline Imotion Warm Tight est un collant pr\u00e8s du corps en tissu thermique avec une couche de polaire \u00e0 l'int\u00e9rieur, un cordon de serrage \u00e0 la taille et un ourlet non montant.\",\"breadcrumb\":{\"@id\":\"https:\/\/www.miomiorun.com\/fr\/produit\/newline-imotion-warm-tight-homme\/#breadcrumb\"},\"inLanguage\":\"fr-FR\",\"potentialAction\":[{\"@type\":\"ReadAction\",\"target\":[\"https:\/\/www.miomiorun.com\/fr\/produit\/newline-imotion-warm-tight-homme\/\"]}]},{\"@type\":\"ImageObject\",\"inLanguage\":\"fr-FR\",\"@id\":\"https:\/\/www.miomiorun.com\/fr\/produit\/newline-imotion-warm-tight-homme\/#primaryimage\",\"url\":\"https:\/\/www.miomiorun.com\/app\/uploads\/2020\/03\/Newline-Imotion-Warm-Tight-71124-060.jpg\",\"contentUrl\":\"https:\/\/www.miomiorun.com\/app\/uploads\/2020\/03\/Newline-Imotion-Warm-Tight-71124-060.jpg\",\"width\":595,\"height\":595,\"caption\":\"Newline-Imotion-Warm-Tight-71124-060\"},{\"@type\":\"BreadcrumbList\",\"@id\":\"https:\/\/www.miomiorun.com\/fr\/produit\/newline-imotion-warm-tight-homme\/#breadcrumb\",\"itemListElement\":[{\"@type\":\"ListItem\",\"position\":1,\"name\":\"Home\",\"item\":\"https:\/\/www.miomiorun.com\/fr\/home-page\/\"},{\"@type\":\"ListItem\",\"position\":2,\"name\":\"Shop\",\"item\":\"https:\/\/www.miomiorun.com\/shop\/\"},{\"@type\":\"ListItem\",\"position\":3,\"name\":\"Imotion Warm Tight homme\"}]},{\"@type\":\"WebSite\",\"@id\":\"https:\/\/www.miomiorun.com\/fr\/#website\",\"url\":\"https:\/\/www.miomiorun.com\/fr\/\",\"name\":\"MioMioRun\",\"description\":\"Boutique 100% running et trail\",\"publisher\":{\"@id\":\"https:\/\/www.miomiorun.com\/fr\/#organization\"},\"potentialAction\":[{\"@type\":\"SearchAction\",\"target\":{\"@type\":\"EntryPoint\",\"urlTemplate\":\"https:\/\/www.miomiorun.com\/fr\/?s={search_term_string}\"},\"query-input\":{\"@type\":\"PropertyValueSpecification\",\"valueRequired\":true,\"valueName\":\"search_term_string\"}}],\"inLanguage\":\"fr-FR\"},{\"@type\":\"Organization\",\"@id\":\"https:\/\/www.miomiorun.com\/fr\/#organization\",\"name\":\"MioMio Run\",\"url\":\"https:\/\/www.miomiorun.com\/fr\/\",\"logo\":{\"@type\":\"ImageObject\",\"inLanguage\":\"fr-FR\",\"@id\":\"https:\/\/www.miomiorun.com\/fr\/#\/schema\/logo\/image\/\",\"url\":\"https:\/\/www.miomiorun.com\/app\/uploads\/2019\/12\/logomio.png\",\"contentUrl\":\"https:\/\/www.miomiorun.com\/app\/uploads\/2019\/12\/logomio.png\",\"width\":115,\"height\":82,\"caption\":\"MioMio Run\"},\"image\":{\"@id\":\"https:\/\/www.miomiorun.com\/fr\/#\/schema\/logo\/image\/\"},\"sameAs\":[\"https:\/\/www.facebook.com\/miomiorun\/\",\"https:\/\/www.instagram.com\/miomiorun\/\"]}]}<\/script>\n<!-- \/ Yoast SEO plugin. -->","yoast_head_json":{"title":"Newline Imotion Warm Tight homme - Pantalon long - MioMioRun","description":"Le Newline Imotion Warm Tight est un collant pr\u00e8s du corps en tissu thermique avec une couche de polaire \u00e0 l'int\u00e9rieur, un cordon de serrage \u00e0 la taille et un ourlet non montant.","robots":{"index":"index","follow":"follow","max-snippet":"max-snippet:-1","max-image-preview":"max-image-preview:large","max-video-preview":"max-video-preview:-1"},"canonical":"https:\/\/www.miomiorun.com\/fr\/produit\/newline-imotion-warm-tight-homme\/","og_locale":"fr_FR","og_type":"article","og_title":"Newline Imotion Warm Tight homme - Pantalon long - MioMioRun","og_description":"Le Newline Imotion Warm Tight est un collant pr\u00e8s du corps en tissu thermique avec une couche de polaire \u00e0 l'int\u00e9rieur, un cordon de serrage \u00e0 la taille et un ourlet non montant.","og_url":"https:\/\/www.miomiorun.com\/fr\/produit\/newline-imotion-warm-tight-homme\/","og_site_name":"MioMioRun","article_publisher":"https:\/\/www.facebook.com\/miomiorun\/","article_modified_time":"2025-04-17T17:12:29+00:00","og_image":[{"width":595,"height":595,"url":"https:\/\/www.miomiorun.com\/app\/uploads\/2020\/03\/Newline-Imotion-Warm-Tight-71124-060.jpg","type":"image\/jpeg"}],"twitter_card":"summary_large_image","schema":{"@context":"https:\/\/schema.org","@graph":[{"@type":"WebPage","@id":"https:\/\/www.miomiorun.com\/fr\/produit\/newline-imotion-warm-tight-homme\/","url":"https:\/\/www.miomiorun.com\/fr\/produit\/newline-imotion-warm-tight-homme\/","name":"Newline Imotion Warm Tight homme - Pantalon long - MioMioRun","isPartOf":{"@id":"https:\/\/www.miomiorun.com\/fr\/#website"},"primaryImageOfPage":{"@id":"https:\/\/www.miomiorun.com\/fr\/produit\/newline-imotion-warm-tight-homme\/#primaryimage"},"image":{"@id":"https:\/\/www.miomiorun.com\/fr\/produit\/newline-imotion-warm-tight-homme\/#primaryimage"},"thumbnailUrl":"https:\/\/www.miomiorun.com\/app\/uploads\/2020\/03\/Newline-Imotion-Warm-Tight-71124-060.jpg","datePublished":"2020-03-24T08:42:34+00:00","dateModified":"2025-04-17T17:12:29+00:00","description":"Le Newline Imotion Warm Tight est un collant pr\u00e8s du corps en tissu thermique avec une couche de polaire \u00e0 l'int\u00e9rieur, un cordon de serrage \u00e0 la taille et un ourlet non montant.","breadcrumb":{"@id":"https:\/\/www.miomiorun.com\/fr\/produit\/newline-imotion-warm-tight-homme\/#breadcrumb"},"inLanguage":"fr-FR","potentialAction":[{"@type":"ReadAction","target":["https:\/\/www.miomiorun.com\/fr\/produit\/newline-imotion-warm-tight-homme\/"]}]},{"@type":"ImageObject","inLanguage":"fr-FR","@id":"https:\/\/www.miomiorun.com\/fr\/produit\/newline-imotion-warm-tight-homme\/#primaryimage","url":"https:\/\/www.miomiorun.com\/app\/uploads\/2020\/03\/Newline-Imotion-Warm-Tight-71124-060.jpg","contentUrl":"https:\/\/www.miomiorun.com\/app\/uploads\/2020\/03\/Newline-Imotion-Warm-Tight-71124-060.jpg","width":595,"height":595,"caption":"Newline-Imotion-Warm-Tight-71124-060"},{"@type":"BreadcrumbList","@id":"https:\/\/www.miomiorun.com\/fr\/produit\/newline-imotion-warm-tight-homme\/#breadcrumb","itemListElement":[{"@type":"ListItem","position":1,"name":"Home","item":"https:\/\/www.miomiorun.com\/fr\/home-page\/"},{"@type":"ListItem","position":2,"name":"Shop","item":"https:\/\/www.miomiorun.com\/shop\/"},{"@type":"ListItem","position":3,"name":"Imotion Warm Tight homme"}]},{"@type":"WebSite","@id":"https:\/\/www.miomiorun.com\/fr\/#website","url":"https:\/\/www.miomiorun.com\/fr\/","name":"MioMioRun","description":"Boutique 100% running et trail","publisher":{"@id":"https:\/\/www.miomiorun.com\/fr\/#organization"},"potentialAction":[{"@type":"SearchAction","target":{"@type":"EntryPoint","urlTemplate":"https:\/\/www.miomiorun.com\/fr\/?s={search_term_string}"},"query-input":{"@type":"PropertyValueSpecification","valueRequired":true,"valueName":"search_term_string"}}],"inLanguage":"fr-FR"},{"@type":"Organization","@id":"https:\/\/www.miomiorun.com\/fr\/#organization","name":"MioMio Run","url":"https:\/\/www.miomiorun.com\/fr\/","logo":{"@type":"ImageObject","inLanguage":"fr-FR","@id":"https:\/\/www.miomiorun.com\/fr\/#\/schema\/logo\/image\/","url":"https:\/\/www.miomiorun.com\/app\/uploads\/2019\/12\/logomio.png","contentUrl":"https:\/\/www.miomiorun.com\/app\/uploads\/2019\/12\/logomio.png","width":115,"height":82,"caption":"MioMio Run"},"image":{"@id":"https:\/\/www.miomiorun.com\/fr\/#\/schema\/logo\/image\/"},"sameAs":["https:\/\/www.facebook.com\/miomiorun\/","https:\/\/www.instagram.com\/miomiorun\/"]}]}},"_links":{"self":[{"href":"https:\/\/www.miomiorun.com\/fr\/wp-json\/wp\/v2\/product\/274980","targetHints":{"allow":["GET"]}}],"collection":[{"href":"https:\/\/www.miomiorun.com\/fr\/wp-json\/wp\/v2\/product"}],"about":[{"href":"https:\/\/www.miomiorun.com\/fr\/wp-json\/wp\/v2\/types\/product"}],"wp:featuredmedia":[{"embeddable":true,"href":"https:\/\/www.miomiorun.com\/fr\/wp-json\/wp\/v2\/media\/229567"}],"wp:attachment":[{"href":"https:\/\/www.miomiorun.com\/fr\/wp-json\/wp\/v2\/media?parent=274980"}],"wp:term":[{"taxonomy":"product_brand","embeddable":true,"href":"https:\/\/www.miomiorun.com\/fr\/wp-json\/wp\/v2\/product_brand?post=274980"},{"taxonomy":"product_cat","embeddable":true,"href":"https:\/\/www.miomiorun.com\/fr\/wp-json\/wp\/v2\/product_cat?post=274980"},{"taxonomy":"product_tag","embeddable":true,"href":"https:\/\/www.miomiorun.com\/fr\/wp-json\/wp\/v2\/product_tag?post=274980"}],"curies":[{"name":"wp","href":"https:\/\/api.w.org\/{rel}","templated":true}]}}