{"id":274977,"date":"2020-03-24T09:42:34","date_gmt":"2020-03-24T08:42:34","guid":{"rendered":"https:\/\/miomiorun.com\/prodotto\/newline-iconic-protect-tight-uomo\/"},"modified":"2026-05-08T20:39:17","modified_gmt":"2026-05-08T18:39:17","slug":"newline-iconic-protect-tight-homme","status":"publish","type":"product","link":"https:\/\/www.miomiorun.com\/fr\/produit\/newline-iconic-protect-tight-homme\/","title":{"rendered":"Iconic Protect Tight homme"},"content":{"rendered":"<p>Le pantalon long Newline Iconic Protect Tight pour homme est un pantalon ajust\u00e9 avec 3 couches de protection. Il est dot\u00e9 d&#8217;une doublure int\u00e9rieure en polaire, d&#8217;un ourlet zipp\u00e9 \u00e0 la cheville et de trois poches arri\u00e8re. La zone des genoux est profil\u00e9e avec un panneau en maille et une ceinture \u00e9lastique pour une fonctionnalit\u00e9 et un confort optimaux. C&#8217;est un pantalon d&#8217;hiver id\u00e9al.<br \/>\nTissu : 90% polyester \/ 10% \u00e9lasthanne<br \/>\n&#8211; 3 couches de protection<\/p>\n<p>&#8211; Doublure en polaire<\/p>\n<p>&#8211; Forme au niveau des genoux<\/p>\n<p>&#8211; Ourlet zipp\u00e9 aux chevilles<\/p>\n<p>&#8211; 3 poches arri\u00e8re<\/p>\n<p>&#8211; Taille \u00e9lastiqu\u00e9e<\/p>\n","protected":false},"excerpt":{"rendered":"<p>Le pantalon long Newline Iconic Protect Tight pour homme est un pantalon ajust\u00e9 avec 3 couches de protection. Il est dot\u00e9 d&#8217;une doublure int\u00e9rieure en polaire, d&#8217;un ourlet zipp\u00e9 \u00e0 la cheville et de trois poches arri\u00e8re. La zone des genoux est profil\u00e9e avec un panneau en maille et une ceinture \u00e9lastique pour une fonctionnalit\u00e9 &hellip; <a href=\"https:\/\/www.miomiorun.com\/fr\/produit\/newline-iconic-protect-tight-homme\/\">Continued<\/a><\/p>\n","protected":false},"featured_media":229559,"template":"","meta":{"_acf_changed":false,"inline_featured_image":false},"product_brand":[],"product_cat":[24252,24430,24431],"product_tag":[23508,23520],"class_list":{"0":"post-274977","1":"product","2":"type-product","3":"status-publish","4":"has-post-thumbnail","6":"product_cat-pantalon-long-fr","7":"product_cat-vetements-pour-hommes","8":"product_cat-offres-pour-hommes","9":"product_tag-newline-fr","10":"product_tag-newline-homme","11":"pa_attivita-marcher","12":"pa_attivita-running-fr","13":"pa_colore-newline-iconic-protect-tight-73142356-fr","14":"pa_marca-newline-fr","15":"pa_sesso-homme","16":"pa_size-small-fr","18":"first","19":"instock","20":"sale","21":"taxable","22":"shipping-taxable","23":"purchasable","24":"product-type-variable","25":"wvs-archive-product-wrapper"},"acf":[],"yoast_head":"<!-- This site is optimized with the Yoast SEO plugin v26.8 - https:\/\/yoast.com\/product\/yoast-seo-wordpress\/ -->\n<title>Newline Iconic Protect Tight homme -Pantalon long - MioMioRun<\/title>\n<meta name=\"description\" content=\"Le pantalon Newline Iconic Protect Tight pour homme est \u00e9quip\u00e9 de 3 couches de protection, d&#039;une doublure en polaire, d&#039;ourlets zipp\u00e9s aux chevilles et de 3 poches.\" \/>\n<meta name=\"robots\" content=\"index, follow, max-snippet:-1, max-image-preview:large, max-video-preview:-1\" \/>\n<link rel=\"canonical\" href=\"https:\/\/www.miomiorun.com\/fr\/produit\/newline-iconic-protect-tight-homme\/\" \/>\n<meta property=\"og:locale\" content=\"fr_FR\" \/>\n<meta property=\"og:type\" content=\"article\" \/>\n<meta property=\"og:title\" content=\"Newline Iconic Protect Tight homme -Pantalon long - MioMioRun\" \/>\n<meta property=\"og:description\" content=\"Le pantalon Newline Iconic Protect Tight pour homme est \u00e9quip\u00e9 de 3 couches de protection, d&#039;une doublure en polaire, d&#039;ourlets zipp\u00e9s aux chevilles et de 3 poches.\" \/>\n<meta property=\"og:url\" content=\"https:\/\/www.miomiorun.com\/fr\/produit\/newline-iconic-protect-tight-homme\/\" \/>\n<meta property=\"og:site_name\" content=\"MioMioRun\" \/>\n<meta property=\"article:publisher\" content=\"https:\/\/www.facebook.com\/miomiorun\/\" \/>\n<meta property=\"article:modified_time\" content=\"2026-05-08T18:39:17+00:00\" \/>\n<meta property=\"og:image\" content=\"https:\/\/www.miomiorun.com\/app\/uploads\/2020\/03\/Newline-Iconic-Protect-Tight-73142_356.jpg\" \/>\n\t<meta property=\"og:image:width\" content=\"595\" \/>\n\t<meta property=\"og:image:height\" content=\"595\" \/>\n\t<meta property=\"og:image:type\" content=\"image\/jpeg\" \/>\n<meta name=\"twitter:card\" content=\"summary_large_image\" \/>\n<script type=\"application\/ld+json\" class=\"yoast-schema-graph\">{\"@context\":\"https:\/\/schema.org\",\"@graph\":[{\"@type\":\"WebPage\",\"@id\":\"https:\/\/www.miomiorun.com\/fr\/produit\/newline-iconic-protect-tight-homme\/\",\"url\":\"https:\/\/www.miomiorun.com\/fr\/produit\/newline-iconic-protect-tight-homme\/\",\"name\":\"Newline Iconic Protect Tight homme -Pantalon long - MioMioRun\",\"isPartOf\":{\"@id\":\"https:\/\/www.miomiorun.com\/fr\/#website\"},\"primaryImageOfPage\":{\"@id\":\"https:\/\/www.miomiorun.com\/fr\/produit\/newline-iconic-protect-tight-homme\/#primaryimage\"},\"image\":{\"@id\":\"https:\/\/www.miomiorun.com\/fr\/produit\/newline-iconic-protect-tight-homme\/#primaryimage\"},\"thumbnailUrl\":\"https:\/\/www.miomiorun.com\/app\/uploads\/2020\/03\/Newline-Iconic-Protect-Tight-73142_356.jpg\",\"datePublished\":\"2020-03-24T08:42:34+00:00\",\"dateModified\":\"2026-05-08T18:39:17+00:00\",\"description\":\"Le pantalon Newline Iconic Protect Tight pour homme est \u00e9quip\u00e9 de 3 couches de protection, d'une doublure en polaire, d'ourlets zipp\u00e9s aux chevilles et de 3 poches.\",\"breadcrumb\":{\"@id\":\"https:\/\/www.miomiorun.com\/fr\/produit\/newline-iconic-protect-tight-homme\/#breadcrumb\"},\"inLanguage\":\"fr-FR\",\"potentialAction\":[{\"@type\":\"ReadAction\",\"target\":[\"https:\/\/www.miomiorun.com\/fr\/produit\/newline-iconic-protect-tight-homme\/\"]}]},{\"@type\":\"ImageObject\",\"inLanguage\":\"fr-FR\",\"@id\":\"https:\/\/www.miomiorun.com\/fr\/produit\/newline-iconic-protect-tight-homme\/#primaryimage\",\"url\":\"https:\/\/www.miomiorun.com\/app\/uploads\/2020\/03\/Newline-Iconic-Protect-Tight-73142_356.jpg\",\"contentUrl\":\"https:\/\/www.miomiorun.com\/app\/uploads\/2020\/03\/Newline-Iconic-Protect-Tight-73142_356.jpg\",\"width\":595,\"height\":595,\"caption\":\"Newline-Iconic-Protect-Tight-73142_356\"},{\"@type\":\"BreadcrumbList\",\"@id\":\"https:\/\/www.miomiorun.com\/fr\/produit\/newline-iconic-protect-tight-homme\/#breadcrumb\",\"itemListElement\":[{\"@type\":\"ListItem\",\"position\":1,\"name\":\"Home\",\"item\":\"https:\/\/www.miomiorun.com\/fr\/home-page\/\"},{\"@type\":\"ListItem\",\"position\":2,\"name\":\"Shop\",\"item\":\"https:\/\/www.miomiorun.com\/shop\/\"},{\"@type\":\"ListItem\",\"position\":3,\"name\":\"Iconic Protect Tight homme\"}]},{\"@type\":\"WebSite\",\"@id\":\"https:\/\/www.miomiorun.com\/fr\/#website\",\"url\":\"https:\/\/www.miomiorun.com\/fr\/\",\"name\":\"MioMioRun\",\"description\":\"Boutique 100% running et trail\",\"publisher\":{\"@id\":\"https:\/\/www.miomiorun.com\/fr\/#organization\"},\"potentialAction\":[{\"@type\":\"SearchAction\",\"target\":{\"@type\":\"EntryPoint\",\"urlTemplate\":\"https:\/\/www.miomiorun.com\/fr\/?s={search_term_string}\"},\"query-input\":{\"@type\":\"PropertyValueSpecification\",\"valueRequired\":true,\"valueName\":\"search_term_string\"}}],\"inLanguage\":\"fr-FR\"},{\"@type\":\"Organization\",\"@id\":\"https:\/\/www.miomiorun.com\/fr\/#organization\",\"name\":\"MioMio Run\",\"url\":\"https:\/\/www.miomiorun.com\/fr\/\",\"logo\":{\"@type\":\"ImageObject\",\"inLanguage\":\"fr-FR\",\"@id\":\"https:\/\/www.miomiorun.com\/fr\/#\/schema\/logo\/image\/\",\"url\":\"https:\/\/www.miomiorun.com\/app\/uploads\/2019\/12\/logomio.png\",\"contentUrl\":\"https:\/\/www.miomiorun.com\/app\/uploads\/2019\/12\/logomio.png\",\"width\":115,\"height\":82,\"caption\":\"MioMio Run\"},\"image\":{\"@id\":\"https:\/\/www.miomiorun.com\/fr\/#\/schema\/logo\/image\/\"},\"sameAs\":[\"https:\/\/www.facebook.com\/miomiorun\/\",\"https:\/\/www.instagram.com\/miomiorun\/\"]}]}<\/script>\n<!-- \/ Yoast SEO plugin. -->","yoast_head_json":{"title":"Newline Iconic Protect Tight homme -Pantalon long - MioMioRun","description":"Le pantalon Newline Iconic Protect Tight pour homme est \u00e9quip\u00e9 de 3 couches de protection, d'une doublure en polaire, d'ourlets zipp\u00e9s aux chevilles et de 3 poches.","robots":{"index":"index","follow":"follow","max-snippet":"max-snippet:-1","max-image-preview":"max-image-preview:large","max-video-preview":"max-video-preview:-1"},"canonical":"https:\/\/www.miomiorun.com\/fr\/produit\/newline-iconic-protect-tight-homme\/","og_locale":"fr_FR","og_type":"article","og_title":"Newline Iconic Protect Tight homme -Pantalon long - MioMioRun","og_description":"Le pantalon Newline Iconic Protect Tight pour homme est \u00e9quip\u00e9 de 3 couches de protection, d'une doublure en polaire, d'ourlets zipp\u00e9s aux chevilles et de 3 poches.","og_url":"https:\/\/www.miomiorun.com\/fr\/produit\/newline-iconic-protect-tight-homme\/","og_site_name":"MioMioRun","article_publisher":"https:\/\/www.facebook.com\/miomiorun\/","article_modified_time":"2026-05-08T18:39:17+00:00","og_image":[{"width":595,"height":595,"url":"https:\/\/www.miomiorun.com\/app\/uploads\/2020\/03\/Newline-Iconic-Protect-Tight-73142_356.jpg","type":"image\/jpeg"}],"twitter_card":"summary_large_image","schema":{"@context":"https:\/\/schema.org","@graph":[{"@type":"WebPage","@id":"https:\/\/www.miomiorun.com\/fr\/produit\/newline-iconic-protect-tight-homme\/","url":"https:\/\/www.miomiorun.com\/fr\/produit\/newline-iconic-protect-tight-homme\/","name":"Newline Iconic Protect Tight homme -Pantalon long - MioMioRun","isPartOf":{"@id":"https:\/\/www.miomiorun.com\/fr\/#website"},"primaryImageOfPage":{"@id":"https:\/\/www.miomiorun.com\/fr\/produit\/newline-iconic-protect-tight-homme\/#primaryimage"},"image":{"@id":"https:\/\/www.miomiorun.com\/fr\/produit\/newline-iconic-protect-tight-homme\/#primaryimage"},"thumbnailUrl":"https:\/\/www.miomiorun.com\/app\/uploads\/2020\/03\/Newline-Iconic-Protect-Tight-73142_356.jpg","datePublished":"2020-03-24T08:42:34+00:00","dateModified":"2026-05-08T18:39:17+00:00","description":"Le pantalon Newline Iconic Protect Tight pour homme est \u00e9quip\u00e9 de 3 couches de protection, d'une doublure en polaire, d'ourlets zipp\u00e9s aux chevilles et de 3 poches.","breadcrumb":{"@id":"https:\/\/www.miomiorun.com\/fr\/produit\/newline-iconic-protect-tight-homme\/#breadcrumb"},"inLanguage":"fr-FR","potentialAction":[{"@type":"ReadAction","target":["https:\/\/www.miomiorun.com\/fr\/produit\/newline-iconic-protect-tight-homme\/"]}]},{"@type":"ImageObject","inLanguage":"fr-FR","@id":"https:\/\/www.miomiorun.com\/fr\/produit\/newline-iconic-protect-tight-homme\/#primaryimage","url":"https:\/\/www.miomiorun.com\/app\/uploads\/2020\/03\/Newline-Iconic-Protect-Tight-73142_356.jpg","contentUrl":"https:\/\/www.miomiorun.com\/app\/uploads\/2020\/03\/Newline-Iconic-Protect-Tight-73142_356.jpg","width":595,"height":595,"caption":"Newline-Iconic-Protect-Tight-73142_356"},{"@type":"BreadcrumbList","@id":"https:\/\/www.miomiorun.com\/fr\/produit\/newline-iconic-protect-tight-homme\/#breadcrumb","itemListElement":[{"@type":"ListItem","position":1,"name":"Home","item":"https:\/\/www.miomiorun.com\/fr\/home-page\/"},{"@type":"ListItem","position":2,"name":"Shop","item":"https:\/\/www.miomiorun.com\/shop\/"},{"@type":"ListItem","position":3,"name":"Iconic Protect Tight homme"}]},{"@type":"WebSite","@id":"https:\/\/www.miomiorun.com\/fr\/#website","url":"https:\/\/www.miomiorun.com\/fr\/","name":"MioMioRun","description":"Boutique 100% running et trail","publisher":{"@id":"https:\/\/www.miomiorun.com\/fr\/#organization"},"potentialAction":[{"@type":"SearchAction","target":{"@type":"EntryPoint","urlTemplate":"https:\/\/www.miomiorun.com\/fr\/?s={search_term_string}"},"query-input":{"@type":"PropertyValueSpecification","valueRequired":true,"valueName":"search_term_string"}}],"inLanguage":"fr-FR"},{"@type":"Organization","@id":"https:\/\/www.miomiorun.com\/fr\/#organization","name":"MioMio Run","url":"https:\/\/www.miomiorun.com\/fr\/","logo":{"@type":"ImageObject","inLanguage":"fr-FR","@id":"https:\/\/www.miomiorun.com\/fr\/#\/schema\/logo\/image\/","url":"https:\/\/www.miomiorun.com\/app\/uploads\/2019\/12\/logomio.png","contentUrl":"https:\/\/www.miomiorun.com\/app\/uploads\/2019\/12\/logomio.png","width":115,"height":82,"caption":"MioMio Run"},"image":{"@id":"https:\/\/www.miomiorun.com\/fr\/#\/schema\/logo\/image\/"},"sameAs":["https:\/\/www.facebook.com\/miomiorun\/","https:\/\/www.instagram.com\/miomiorun\/"]}]}},"_links":{"self":[{"href":"https:\/\/www.miomiorun.com\/fr\/wp-json\/wp\/v2\/product\/274977","targetHints":{"allow":["GET"]}}],"collection":[{"href":"https:\/\/www.miomiorun.com\/fr\/wp-json\/wp\/v2\/product"}],"about":[{"href":"https:\/\/www.miomiorun.com\/fr\/wp-json\/wp\/v2\/types\/product"}],"wp:featuredmedia":[{"embeddable":true,"href":"https:\/\/www.miomiorun.com\/fr\/wp-json\/wp\/v2\/media\/229559"}],"wp:attachment":[{"href":"https:\/\/www.miomiorun.com\/fr\/wp-json\/wp\/v2\/media?parent=274977"}],"wp:term":[{"taxonomy":"product_brand","embeddable":true,"href":"https:\/\/www.miomiorun.com\/fr\/wp-json\/wp\/v2\/product_brand?post=274977"},{"taxonomy":"product_cat","embeddable":true,"href":"https:\/\/www.miomiorun.com\/fr\/wp-json\/wp\/v2\/product_cat?post=274977"},{"taxonomy":"product_tag","embeddable":true,"href":"https:\/\/www.miomiorun.com\/fr\/wp-json\/wp\/v2\/product_tag?post=274977"}],"curies":[{"name":"wp","href":"https:\/\/api.w.org\/{rel}","templated":true}]}}