{"id":274943,"date":"2020-03-24T09:43:16","date_gmt":"2020-03-24T08:43:16","guid":{"rendered":"https:\/\/miomiorun.com\/prodotto\/zoot-west-coast-tee-donna\/"},"modified":"2026-05-08T20:38:56","modified_gmt":"2026-05-08T18:38:56","slug":"zoot-west-coast-tee-femme","status":"publish","type":"product","link":"https:\/\/www.miomiorun.com\/fr\/produit\/zoot-west-coast-tee-femme\/","title":{"rendered":"West Coast Tee femme"},"content":{"rendered":"<p>Le tee-shirt Zoot West Coast pour femme est fabriqu\u00e9 dans un tissu mixte dot\u00e9 de la technologie xylitol. Il laisse une agr\u00e9able sensation de fra\u00eecheur sur la peau. Il est \u00e0 la fois ultra-l\u00e9ger et ultra-respirant.<\/p>\n<p>Caract\u00e9ristiques techniques.<\/p>\n<p>&#8211; Les empi\u00e8cements en mesh augmentent la respirabilit\u00e9<\/p>\n<p>&#8211; Les coutures plates ne s&#8217;usent pas sur la peau et ne provoquent pas de frottements<\/p>\n<p>&#8211; Les d\u00e9tails r\u00e9fl\u00e9chissants sont utiles m\u00eame dans des conditions de faible visibilit\u00e9 pour votre s\u00e9curit\u00e9<\/p>\n<p>&#8211; Protection solaire UPF 50<\/p>\n","protected":false},"excerpt":{"rendered":"<p>Le tee-shirt Zoot West Coast pour femme est fabriqu\u00e9 dans un tissu mixte dot\u00e9 de la technologie xylitol. Il laisse une agr\u00e9able sensation de fra\u00eecheur sur la peau. Il est \u00e0 la fois ultra-l\u00e9ger et ultra-respirant. Caract\u00e9ristiques techniques. &#8211; Les empi\u00e8cements en mesh augmentent la respirabilit\u00e9 &#8211; Les coutures plates ne s&#8217;usent pas sur la &hellip; <a href=\"https:\/\/www.miomiorun.com\/fr\/produit\/zoot-west-coast-tee-femme\/\">Continued<\/a><\/p>\n","protected":false},"featured_media":229581,"template":"","meta":{"_acf_changed":false,"inline_featured_image":false},"product_brand":[],"product_cat":[24436,24444,24246],"product_tag":[23555,23566],"class_list":{"0":"post-274943","1":"product","2":"type-product","3":"status-publish","4":"has-post-thumbnail","6":"product_cat-t-shirt-fr-2","7":"product_cat-vetements-pour-femmes-fr","8":"product_cat-offres-pour-les-femmes","9":"product_tag-zoot-fr","10":"product_tag-zoot-femme","11":"pa_attivita-running-fr","12":"pa_colore-west-coast-tee-26b2055-1-1-fr","13":"pa_marca-zoot-fr","14":"pa_sesso-femme","15":"pa_size-large-fr","17":"first","18":"instock","19":"sale","20":"taxable","21":"shipping-taxable","22":"purchasable","23":"product-type-variable","24":"wvs-archive-product-wrapper"},"acf":[],"yoast_head":"<!-- This site is optimized with the Yoast SEO plugin v26.8 - https:\/\/yoast.com\/product\/yoast-seo-wordpress\/ -->\n<title>Zoot West Coast Tee femme - t-shirt de course - MioMioRun<\/title>\n<meta name=\"description\" content=\"Le tee-shirt technique Zoot West Coast est fabriqu\u00e9 dans un tissu dot\u00e9 de la technologie xylitol qui laisse une agr\u00e9able sensation de fra\u00eecheur sur la peau.\" \/>\n<meta name=\"robots\" content=\"index, follow, max-snippet:-1, max-image-preview:large, max-video-preview:-1\" \/>\n<link rel=\"canonical\" href=\"https:\/\/www.miomiorun.com\/fr\/produit\/zoot-west-coast-tee-femme\/\" \/>\n<meta property=\"og:locale\" content=\"fr_FR\" \/>\n<meta property=\"og:type\" content=\"article\" \/>\n<meta property=\"og:title\" content=\"Zoot West Coast Tee femme - t-shirt de course - MioMioRun\" \/>\n<meta property=\"og:description\" content=\"Le tee-shirt technique Zoot West Coast est fabriqu\u00e9 dans un tissu dot\u00e9 de la technologie xylitol qui laisse une agr\u00e9able sensation de fra\u00eecheur sur la peau.\" \/>\n<meta property=\"og:url\" content=\"https:\/\/www.miomiorun.com\/fr\/produit\/zoot-west-coast-tee-femme\/\" \/>\n<meta property=\"og:site_name\" content=\"MioMioRun\" \/>\n<meta property=\"article:publisher\" content=\"https:\/\/www.facebook.com\/miomiorun\/\" \/>\n<meta property=\"article:modified_time\" content=\"2026-05-08T18:38:56+00:00\" \/>\n<meta property=\"og:image\" content=\"https:\/\/www.miomiorun.com\/app\/uploads\/2020\/03\/Zoot-West-Coast-Tee-26b2055.jpg\" \/>\n\t<meta property=\"og:image:width\" content=\"595\" \/>\n\t<meta property=\"og:image:height\" content=\"595\" \/>\n\t<meta property=\"og:image:type\" content=\"image\/jpeg\" \/>\n<meta name=\"twitter:card\" content=\"summary_large_image\" \/>\n<script type=\"application\/ld+json\" class=\"yoast-schema-graph\">{\"@context\":\"https:\/\/schema.org\",\"@graph\":[{\"@type\":\"WebPage\",\"@id\":\"https:\/\/www.miomiorun.com\/fr\/produit\/zoot-west-coast-tee-femme\/\",\"url\":\"https:\/\/www.miomiorun.com\/fr\/produit\/zoot-west-coast-tee-femme\/\",\"name\":\"Zoot West Coast Tee femme - t-shirt de course - MioMioRun\",\"isPartOf\":{\"@id\":\"https:\/\/www.miomiorun.com\/fr\/#website\"},\"primaryImageOfPage\":{\"@id\":\"https:\/\/www.miomiorun.com\/fr\/produit\/zoot-west-coast-tee-femme\/#primaryimage\"},\"image\":{\"@id\":\"https:\/\/www.miomiorun.com\/fr\/produit\/zoot-west-coast-tee-femme\/#primaryimage\"},\"thumbnailUrl\":\"https:\/\/www.miomiorun.com\/app\/uploads\/2020\/03\/Zoot-West-Coast-Tee-26b2055.jpg\",\"datePublished\":\"2020-03-24T08:43:16+00:00\",\"dateModified\":\"2026-05-08T18:38:56+00:00\",\"description\":\"Le tee-shirt technique Zoot West Coast est fabriqu\u00e9 dans un tissu dot\u00e9 de la technologie xylitol qui laisse une agr\u00e9able sensation de fra\u00eecheur sur la peau.\",\"breadcrumb\":{\"@id\":\"https:\/\/www.miomiorun.com\/fr\/produit\/zoot-west-coast-tee-femme\/#breadcrumb\"},\"inLanguage\":\"fr-FR\",\"potentialAction\":[{\"@type\":\"ReadAction\",\"target\":[\"https:\/\/www.miomiorun.com\/fr\/produit\/zoot-west-coast-tee-femme\/\"]}]},{\"@type\":\"ImageObject\",\"inLanguage\":\"fr-FR\",\"@id\":\"https:\/\/www.miomiorun.com\/fr\/produit\/zoot-west-coast-tee-femme\/#primaryimage\",\"url\":\"https:\/\/www.miomiorun.com\/app\/uploads\/2020\/03\/Zoot-West-Coast-Tee-26b2055.jpg\",\"contentUrl\":\"https:\/\/www.miomiorun.com\/app\/uploads\/2020\/03\/Zoot-West-Coast-Tee-26b2055.jpg\",\"width\":595,\"height\":595,\"caption\":\"Zoot-West-Coast-Tee-26b2055\"},{\"@type\":\"BreadcrumbList\",\"@id\":\"https:\/\/www.miomiorun.com\/fr\/produit\/zoot-west-coast-tee-femme\/#breadcrumb\",\"itemListElement\":[{\"@type\":\"ListItem\",\"position\":1,\"name\":\"Home\",\"item\":\"https:\/\/www.miomiorun.com\/fr\/home-page\/\"},{\"@type\":\"ListItem\",\"position\":2,\"name\":\"Shop\",\"item\":\"https:\/\/www.miomiorun.com\/shop\/\"},{\"@type\":\"ListItem\",\"position\":3,\"name\":\"West Coast Tee femme\"}]},{\"@type\":\"WebSite\",\"@id\":\"https:\/\/www.miomiorun.com\/fr\/#website\",\"url\":\"https:\/\/www.miomiorun.com\/fr\/\",\"name\":\"MioMioRun\",\"description\":\"Boutique 100% running et trail\",\"publisher\":{\"@id\":\"https:\/\/www.miomiorun.com\/fr\/#organization\"},\"potentialAction\":[{\"@type\":\"SearchAction\",\"target\":{\"@type\":\"EntryPoint\",\"urlTemplate\":\"https:\/\/www.miomiorun.com\/fr\/?s={search_term_string}\"},\"query-input\":{\"@type\":\"PropertyValueSpecification\",\"valueRequired\":true,\"valueName\":\"search_term_string\"}}],\"inLanguage\":\"fr-FR\"},{\"@type\":\"Organization\",\"@id\":\"https:\/\/www.miomiorun.com\/fr\/#organization\",\"name\":\"MioMio Run\",\"url\":\"https:\/\/www.miomiorun.com\/fr\/\",\"logo\":{\"@type\":\"ImageObject\",\"inLanguage\":\"fr-FR\",\"@id\":\"https:\/\/www.miomiorun.com\/fr\/#\/schema\/logo\/image\/\",\"url\":\"https:\/\/www.miomiorun.com\/app\/uploads\/2019\/12\/logomio.png\",\"contentUrl\":\"https:\/\/www.miomiorun.com\/app\/uploads\/2019\/12\/logomio.png\",\"width\":115,\"height\":82,\"caption\":\"MioMio Run\"},\"image\":{\"@id\":\"https:\/\/www.miomiorun.com\/fr\/#\/schema\/logo\/image\/\"},\"sameAs\":[\"https:\/\/www.facebook.com\/miomiorun\/\",\"https:\/\/www.instagram.com\/miomiorun\/\"]}]}<\/script>\n<!-- \/ Yoast SEO plugin. -->","yoast_head_json":{"title":"Zoot West Coast Tee femme - t-shirt de course - MioMioRun","description":"Le tee-shirt technique Zoot West Coast est fabriqu\u00e9 dans un tissu dot\u00e9 de la technologie xylitol qui laisse une agr\u00e9able sensation de fra\u00eecheur sur la peau.","robots":{"index":"index","follow":"follow","max-snippet":"max-snippet:-1","max-image-preview":"max-image-preview:large","max-video-preview":"max-video-preview:-1"},"canonical":"https:\/\/www.miomiorun.com\/fr\/produit\/zoot-west-coast-tee-femme\/","og_locale":"fr_FR","og_type":"article","og_title":"Zoot West Coast Tee femme - t-shirt de course - MioMioRun","og_description":"Le tee-shirt technique Zoot West Coast est fabriqu\u00e9 dans un tissu dot\u00e9 de la technologie xylitol qui laisse une agr\u00e9able sensation de fra\u00eecheur sur la peau.","og_url":"https:\/\/www.miomiorun.com\/fr\/produit\/zoot-west-coast-tee-femme\/","og_site_name":"MioMioRun","article_publisher":"https:\/\/www.facebook.com\/miomiorun\/","article_modified_time":"2026-05-08T18:38:56+00:00","og_image":[{"width":595,"height":595,"url":"https:\/\/www.miomiorun.com\/app\/uploads\/2020\/03\/Zoot-West-Coast-Tee-26b2055.jpg","type":"image\/jpeg"}],"twitter_card":"summary_large_image","schema":{"@context":"https:\/\/schema.org","@graph":[{"@type":"WebPage","@id":"https:\/\/www.miomiorun.com\/fr\/produit\/zoot-west-coast-tee-femme\/","url":"https:\/\/www.miomiorun.com\/fr\/produit\/zoot-west-coast-tee-femme\/","name":"Zoot West Coast Tee femme - t-shirt de course - MioMioRun","isPartOf":{"@id":"https:\/\/www.miomiorun.com\/fr\/#website"},"primaryImageOfPage":{"@id":"https:\/\/www.miomiorun.com\/fr\/produit\/zoot-west-coast-tee-femme\/#primaryimage"},"image":{"@id":"https:\/\/www.miomiorun.com\/fr\/produit\/zoot-west-coast-tee-femme\/#primaryimage"},"thumbnailUrl":"https:\/\/www.miomiorun.com\/app\/uploads\/2020\/03\/Zoot-West-Coast-Tee-26b2055.jpg","datePublished":"2020-03-24T08:43:16+00:00","dateModified":"2026-05-08T18:38:56+00:00","description":"Le tee-shirt technique Zoot West Coast est fabriqu\u00e9 dans un tissu dot\u00e9 de la technologie xylitol qui laisse une agr\u00e9able sensation de fra\u00eecheur sur la peau.","breadcrumb":{"@id":"https:\/\/www.miomiorun.com\/fr\/produit\/zoot-west-coast-tee-femme\/#breadcrumb"},"inLanguage":"fr-FR","potentialAction":[{"@type":"ReadAction","target":["https:\/\/www.miomiorun.com\/fr\/produit\/zoot-west-coast-tee-femme\/"]}]},{"@type":"ImageObject","inLanguage":"fr-FR","@id":"https:\/\/www.miomiorun.com\/fr\/produit\/zoot-west-coast-tee-femme\/#primaryimage","url":"https:\/\/www.miomiorun.com\/app\/uploads\/2020\/03\/Zoot-West-Coast-Tee-26b2055.jpg","contentUrl":"https:\/\/www.miomiorun.com\/app\/uploads\/2020\/03\/Zoot-West-Coast-Tee-26b2055.jpg","width":595,"height":595,"caption":"Zoot-West-Coast-Tee-26b2055"},{"@type":"BreadcrumbList","@id":"https:\/\/www.miomiorun.com\/fr\/produit\/zoot-west-coast-tee-femme\/#breadcrumb","itemListElement":[{"@type":"ListItem","position":1,"name":"Home","item":"https:\/\/www.miomiorun.com\/fr\/home-page\/"},{"@type":"ListItem","position":2,"name":"Shop","item":"https:\/\/www.miomiorun.com\/shop\/"},{"@type":"ListItem","position":3,"name":"West Coast Tee femme"}]},{"@type":"WebSite","@id":"https:\/\/www.miomiorun.com\/fr\/#website","url":"https:\/\/www.miomiorun.com\/fr\/","name":"MioMioRun","description":"Boutique 100% running et trail","publisher":{"@id":"https:\/\/www.miomiorun.com\/fr\/#organization"},"potentialAction":[{"@type":"SearchAction","target":{"@type":"EntryPoint","urlTemplate":"https:\/\/www.miomiorun.com\/fr\/?s={search_term_string}"},"query-input":{"@type":"PropertyValueSpecification","valueRequired":true,"valueName":"search_term_string"}}],"inLanguage":"fr-FR"},{"@type":"Organization","@id":"https:\/\/www.miomiorun.com\/fr\/#organization","name":"MioMio Run","url":"https:\/\/www.miomiorun.com\/fr\/","logo":{"@type":"ImageObject","inLanguage":"fr-FR","@id":"https:\/\/www.miomiorun.com\/fr\/#\/schema\/logo\/image\/","url":"https:\/\/www.miomiorun.com\/app\/uploads\/2019\/12\/logomio.png","contentUrl":"https:\/\/www.miomiorun.com\/app\/uploads\/2019\/12\/logomio.png","width":115,"height":82,"caption":"MioMio Run"},"image":{"@id":"https:\/\/www.miomiorun.com\/fr\/#\/schema\/logo\/image\/"},"sameAs":["https:\/\/www.facebook.com\/miomiorun\/","https:\/\/www.instagram.com\/miomiorun\/"]}]}},"_links":{"self":[{"href":"https:\/\/www.miomiorun.com\/fr\/wp-json\/wp\/v2\/product\/274943","targetHints":{"allow":["GET"]}}],"collection":[{"href":"https:\/\/www.miomiorun.com\/fr\/wp-json\/wp\/v2\/product"}],"about":[{"href":"https:\/\/www.miomiorun.com\/fr\/wp-json\/wp\/v2\/types\/product"}],"wp:featuredmedia":[{"embeddable":true,"href":"https:\/\/www.miomiorun.com\/fr\/wp-json\/wp\/v2\/media\/229581"}],"wp:attachment":[{"href":"https:\/\/www.miomiorun.com\/fr\/wp-json\/wp\/v2\/media?parent=274943"}],"wp:term":[{"taxonomy":"product_brand","embeddable":true,"href":"https:\/\/www.miomiorun.com\/fr\/wp-json\/wp\/v2\/product_brand?post=274943"},{"taxonomy":"product_cat","embeddable":true,"href":"https:\/\/www.miomiorun.com\/fr\/wp-json\/wp\/v2\/product_cat?post=274943"},{"taxonomy":"product_tag","embeddable":true,"href":"https:\/\/www.miomiorun.com\/fr\/wp-json\/wp\/v2\/product_tag?post=274943"}],"curies":[{"name":"wp","href":"https:\/\/api.w.org\/{rel}","templated":true}]}}