{"id":274937,"date":"2020-03-24T09:43:17","date_gmt":"2020-03-24T08:43:17","guid":{"rendered":"https:\/\/miomiorun.com\/prodotto\/desigual-tank-dress-donna\/"},"modified":"2025-04-19T11:15:54","modified_gmt":"2025-04-19T09:15:54","slug":"desigual-tank-dress-femme","status":"publish","type":"product","link":"https:\/\/www.miomiorun.com\/fr\/produit\/desigual-tank-dress-femme\/","title":{"rendered":"Tank Dress femme"},"content":{"rendered":"<p>Le d\u00e9bardeur de course \u00e0 pied Desigual Tank Dress Garden est fabriqu\u00e9 dans un tissu frais pour un confort optimal.<\/p>\n<p>Ce d\u00e9bardeur fait partie de la ligne Garden, des v\u00eatements aux imprim\u00e9s floraux multicolores vibrants.<\/p>\n<p>D\u00e9tails :<\/p>\n<p>Col rond<\/p>\n<p>Croix am\u00e9ricaine dans le dos<\/p>\n<p>Graphiques sur l&#8217;ensemble du corps<\/p>\n<p>Logo Desigual imprim\u00e9 sur la poitrine<\/p>\n<p>Fentes lat\u00e9rales<\/p>\n<p>Tissu : 98% polyester, 2% \u00e9lasthanne<\/p>\n","protected":false},"excerpt":{"rendered":"<p>Le d\u00e9bardeur de course \u00e0 pied Desigual Tank Dress Garden est fabriqu\u00e9 dans un tissu frais pour un confort optimal. Ce d\u00e9bardeur fait partie de la ligne Garden, des v\u00eatements aux imprim\u00e9s floraux multicolores vibrants. D\u00e9tails : Col rond Croix am\u00e9ricaine dans le dos Graphiques sur l&#8217;ensemble du corps Logo Desigual imprim\u00e9 sur la poitrine &hellip; <a href=\"https:\/\/www.miomiorun.com\/fr\/produit\/desigual-tank-dress-femme\/\">Continued<\/a><\/p>\n","protected":false},"featured_media":229547,"template":"","meta":{"_acf_changed":false,"inline_featured_image":false},"product_brand":[],"product_cat":[24442,24444,24246],"product_tag":[23487,23492],"class_list":{"0":"post-274937","1":"product","2":"type-product","3":"status-publish","4":"has-post-thumbnail","6":"product_cat-gilets-fr-2","7":"product_cat-vetements-pour-femmes-fr","8":"product_cat-offres-pour-les-femmes","9":"product_tag-desigual-fr","10":"product_tag-desigual-femme","11":"pa_attivita-running-fr","12":"pa_marca-desigual-fr","13":"pa_sesso-femme","14":"pa_size-extra-small-fr","15":"pa_size-small-fr","17":"first","18":"instock","19":"sale","20":"taxable","21":"shipping-taxable","22":"purchasable","23":"product-type-variable","24":"wvs-archive-product-wrapper"},"acf":[],"yoast_head":"<!-- This site is optimized with the Yoast SEO plugin v26.8 - https:\/\/yoast.com\/product\/yoast-seo-wordpress\/ -->\n<title>Desigual Tank Dress femme - D\u00e9bardeur de course - MioMioRun<\/title>\n<meta name=\"description\" content=\"Le d\u00e9bardeur de course \u00e0 pied Desigual Tank Dress Garden est fabriqu\u00e9 dans un tissu frais pour un confort optimal. Ce d\u00e9bardeur fait partie de la ligne Garden.\" \/>\n<meta name=\"robots\" content=\"index, follow, max-snippet:-1, max-image-preview:large, max-video-preview:-1\" \/>\n<link rel=\"canonical\" href=\"https:\/\/www.miomiorun.com\/fr\/produit\/desigual-tank-dress-femme\/\" \/>\n<meta property=\"og:locale\" content=\"fr_FR\" \/>\n<meta property=\"og:type\" content=\"article\" \/>\n<meta property=\"og:title\" content=\"Desigual Tank Dress femme - D\u00e9bardeur de course - MioMioRun\" \/>\n<meta property=\"og:description\" content=\"Le d\u00e9bardeur de course \u00e0 pied Desigual Tank Dress Garden est fabriqu\u00e9 dans un tissu frais pour un confort optimal. Ce d\u00e9bardeur fait partie de la ligne Garden.\" \/>\n<meta property=\"og:url\" content=\"https:\/\/www.miomiorun.com\/fr\/produit\/desigual-tank-dress-femme\/\" \/>\n<meta property=\"og:site_name\" content=\"MioMioRun\" \/>\n<meta property=\"article:publisher\" content=\"https:\/\/www.facebook.com\/miomiorun\/\" \/>\n<meta property=\"article:modified_time\" content=\"2025-04-19T09:15:54+00:00\" \/>\n<meta property=\"og:image\" content=\"https:\/\/www.miomiorun.com\/app\/uploads\/2020\/03\/Desigual-Tank-Dress-71t2sb2.jpg\" \/>\n\t<meta property=\"og:image:width\" content=\"595\" \/>\n\t<meta property=\"og:image:height\" content=\"595\" \/>\n\t<meta property=\"og:image:type\" content=\"image\/jpeg\" \/>\n<meta name=\"twitter:card\" content=\"summary_large_image\" \/>\n<script type=\"application\/ld+json\" class=\"yoast-schema-graph\">{\"@context\":\"https:\/\/schema.org\",\"@graph\":[{\"@type\":\"WebPage\",\"@id\":\"https:\/\/www.miomiorun.com\/fr\/produit\/desigual-tank-dress-femme\/\",\"url\":\"https:\/\/www.miomiorun.com\/fr\/produit\/desigual-tank-dress-femme\/\",\"name\":\"Desigual Tank Dress femme - D\u00e9bardeur de course - MioMioRun\",\"isPartOf\":{\"@id\":\"https:\/\/www.miomiorun.com\/fr\/#website\"},\"primaryImageOfPage\":{\"@id\":\"https:\/\/www.miomiorun.com\/fr\/produit\/desigual-tank-dress-femme\/#primaryimage\"},\"image\":{\"@id\":\"https:\/\/www.miomiorun.com\/fr\/produit\/desigual-tank-dress-femme\/#primaryimage\"},\"thumbnailUrl\":\"https:\/\/www.miomiorun.com\/app\/uploads\/2020\/03\/Desigual-Tank-Dress-71t2sb2.jpg\",\"datePublished\":\"2020-03-24T08:43:17+00:00\",\"dateModified\":\"2025-04-19T09:15:54+00:00\",\"description\":\"Le d\u00e9bardeur de course \u00e0 pied Desigual Tank Dress Garden est fabriqu\u00e9 dans un tissu frais pour un confort optimal. Ce d\u00e9bardeur fait partie de la ligne Garden.\",\"breadcrumb\":{\"@id\":\"https:\/\/www.miomiorun.com\/fr\/produit\/desigual-tank-dress-femme\/#breadcrumb\"},\"inLanguage\":\"fr-FR\",\"potentialAction\":[{\"@type\":\"ReadAction\",\"target\":[\"https:\/\/www.miomiorun.com\/fr\/produit\/desigual-tank-dress-femme\/\"]}]},{\"@type\":\"ImageObject\",\"inLanguage\":\"fr-FR\",\"@id\":\"https:\/\/www.miomiorun.com\/fr\/produit\/desigual-tank-dress-femme\/#primaryimage\",\"url\":\"https:\/\/www.miomiorun.com\/app\/uploads\/2020\/03\/Desigual-Tank-Dress-71t2sb2.jpg\",\"contentUrl\":\"https:\/\/www.miomiorun.com\/app\/uploads\/2020\/03\/Desigual-Tank-Dress-71t2sb2.jpg\",\"width\":595,\"height\":595,\"caption\":\"Desigual-Tank-Dress-71t2sb2\"},{\"@type\":\"BreadcrumbList\",\"@id\":\"https:\/\/www.miomiorun.com\/fr\/produit\/desigual-tank-dress-femme\/#breadcrumb\",\"itemListElement\":[{\"@type\":\"ListItem\",\"position\":1,\"name\":\"Home\",\"item\":\"https:\/\/www.miomiorun.com\/fr\/home-page\/\"},{\"@type\":\"ListItem\",\"position\":2,\"name\":\"Shop\",\"item\":\"https:\/\/www.miomiorun.com\/shop\/\"},{\"@type\":\"ListItem\",\"position\":3,\"name\":\"Tank Dress femme\"}]},{\"@type\":\"WebSite\",\"@id\":\"https:\/\/www.miomiorun.com\/fr\/#website\",\"url\":\"https:\/\/www.miomiorun.com\/fr\/\",\"name\":\"MioMioRun\",\"description\":\"Boutique 100% running et trail\",\"publisher\":{\"@id\":\"https:\/\/www.miomiorun.com\/fr\/#organization\"},\"potentialAction\":[{\"@type\":\"SearchAction\",\"target\":{\"@type\":\"EntryPoint\",\"urlTemplate\":\"https:\/\/www.miomiorun.com\/fr\/?s={search_term_string}\"},\"query-input\":{\"@type\":\"PropertyValueSpecification\",\"valueRequired\":true,\"valueName\":\"search_term_string\"}}],\"inLanguage\":\"fr-FR\"},{\"@type\":\"Organization\",\"@id\":\"https:\/\/www.miomiorun.com\/fr\/#organization\",\"name\":\"MioMio Run\",\"url\":\"https:\/\/www.miomiorun.com\/fr\/\",\"logo\":{\"@type\":\"ImageObject\",\"inLanguage\":\"fr-FR\",\"@id\":\"https:\/\/www.miomiorun.com\/fr\/#\/schema\/logo\/image\/\",\"url\":\"https:\/\/www.miomiorun.com\/app\/uploads\/2019\/12\/logomio.png\",\"contentUrl\":\"https:\/\/www.miomiorun.com\/app\/uploads\/2019\/12\/logomio.png\",\"width\":115,\"height\":82,\"caption\":\"MioMio Run\"},\"image\":{\"@id\":\"https:\/\/www.miomiorun.com\/fr\/#\/schema\/logo\/image\/\"},\"sameAs\":[\"https:\/\/www.facebook.com\/miomiorun\/\",\"https:\/\/www.instagram.com\/miomiorun\/\"]}]}<\/script>\n<!-- \/ Yoast SEO plugin. -->","yoast_head_json":{"title":"Desigual Tank Dress femme - D\u00e9bardeur de course - MioMioRun","description":"Le d\u00e9bardeur de course \u00e0 pied Desigual Tank Dress Garden est fabriqu\u00e9 dans un tissu frais pour un confort optimal. Ce d\u00e9bardeur fait partie de la ligne Garden.","robots":{"index":"index","follow":"follow","max-snippet":"max-snippet:-1","max-image-preview":"max-image-preview:large","max-video-preview":"max-video-preview:-1"},"canonical":"https:\/\/www.miomiorun.com\/fr\/produit\/desigual-tank-dress-femme\/","og_locale":"fr_FR","og_type":"article","og_title":"Desigual Tank Dress femme - D\u00e9bardeur de course - MioMioRun","og_description":"Le d\u00e9bardeur de course \u00e0 pied Desigual Tank Dress Garden est fabriqu\u00e9 dans un tissu frais pour un confort optimal. Ce d\u00e9bardeur fait partie de la ligne Garden.","og_url":"https:\/\/www.miomiorun.com\/fr\/produit\/desigual-tank-dress-femme\/","og_site_name":"MioMioRun","article_publisher":"https:\/\/www.facebook.com\/miomiorun\/","article_modified_time":"2025-04-19T09:15:54+00:00","og_image":[{"width":595,"height":595,"url":"https:\/\/www.miomiorun.com\/app\/uploads\/2020\/03\/Desigual-Tank-Dress-71t2sb2.jpg","type":"image\/jpeg"}],"twitter_card":"summary_large_image","schema":{"@context":"https:\/\/schema.org","@graph":[{"@type":"WebPage","@id":"https:\/\/www.miomiorun.com\/fr\/produit\/desigual-tank-dress-femme\/","url":"https:\/\/www.miomiorun.com\/fr\/produit\/desigual-tank-dress-femme\/","name":"Desigual Tank Dress femme - D\u00e9bardeur de course - MioMioRun","isPartOf":{"@id":"https:\/\/www.miomiorun.com\/fr\/#website"},"primaryImageOfPage":{"@id":"https:\/\/www.miomiorun.com\/fr\/produit\/desigual-tank-dress-femme\/#primaryimage"},"image":{"@id":"https:\/\/www.miomiorun.com\/fr\/produit\/desigual-tank-dress-femme\/#primaryimage"},"thumbnailUrl":"https:\/\/www.miomiorun.com\/app\/uploads\/2020\/03\/Desigual-Tank-Dress-71t2sb2.jpg","datePublished":"2020-03-24T08:43:17+00:00","dateModified":"2025-04-19T09:15:54+00:00","description":"Le d\u00e9bardeur de course \u00e0 pied Desigual Tank Dress Garden est fabriqu\u00e9 dans un tissu frais pour un confort optimal. Ce d\u00e9bardeur fait partie de la ligne Garden.","breadcrumb":{"@id":"https:\/\/www.miomiorun.com\/fr\/produit\/desigual-tank-dress-femme\/#breadcrumb"},"inLanguage":"fr-FR","potentialAction":[{"@type":"ReadAction","target":["https:\/\/www.miomiorun.com\/fr\/produit\/desigual-tank-dress-femme\/"]}]},{"@type":"ImageObject","inLanguage":"fr-FR","@id":"https:\/\/www.miomiorun.com\/fr\/produit\/desigual-tank-dress-femme\/#primaryimage","url":"https:\/\/www.miomiorun.com\/app\/uploads\/2020\/03\/Desigual-Tank-Dress-71t2sb2.jpg","contentUrl":"https:\/\/www.miomiorun.com\/app\/uploads\/2020\/03\/Desigual-Tank-Dress-71t2sb2.jpg","width":595,"height":595,"caption":"Desigual-Tank-Dress-71t2sb2"},{"@type":"BreadcrumbList","@id":"https:\/\/www.miomiorun.com\/fr\/produit\/desigual-tank-dress-femme\/#breadcrumb","itemListElement":[{"@type":"ListItem","position":1,"name":"Home","item":"https:\/\/www.miomiorun.com\/fr\/home-page\/"},{"@type":"ListItem","position":2,"name":"Shop","item":"https:\/\/www.miomiorun.com\/shop\/"},{"@type":"ListItem","position":3,"name":"Tank Dress femme"}]},{"@type":"WebSite","@id":"https:\/\/www.miomiorun.com\/fr\/#website","url":"https:\/\/www.miomiorun.com\/fr\/","name":"MioMioRun","description":"Boutique 100% running et trail","publisher":{"@id":"https:\/\/www.miomiorun.com\/fr\/#organization"},"potentialAction":[{"@type":"SearchAction","target":{"@type":"EntryPoint","urlTemplate":"https:\/\/www.miomiorun.com\/fr\/?s={search_term_string}"},"query-input":{"@type":"PropertyValueSpecification","valueRequired":true,"valueName":"search_term_string"}}],"inLanguage":"fr-FR"},{"@type":"Organization","@id":"https:\/\/www.miomiorun.com\/fr\/#organization","name":"MioMio Run","url":"https:\/\/www.miomiorun.com\/fr\/","logo":{"@type":"ImageObject","inLanguage":"fr-FR","@id":"https:\/\/www.miomiorun.com\/fr\/#\/schema\/logo\/image\/","url":"https:\/\/www.miomiorun.com\/app\/uploads\/2019\/12\/logomio.png","contentUrl":"https:\/\/www.miomiorun.com\/app\/uploads\/2019\/12\/logomio.png","width":115,"height":82,"caption":"MioMio Run"},"image":{"@id":"https:\/\/www.miomiorun.com\/fr\/#\/schema\/logo\/image\/"},"sameAs":["https:\/\/www.facebook.com\/miomiorun\/","https:\/\/www.instagram.com\/miomiorun\/"]}]}},"_links":{"self":[{"href":"https:\/\/www.miomiorun.com\/fr\/wp-json\/wp\/v2\/product\/274937","targetHints":{"allow":["GET"]}}],"collection":[{"href":"https:\/\/www.miomiorun.com\/fr\/wp-json\/wp\/v2\/product"}],"about":[{"href":"https:\/\/www.miomiorun.com\/fr\/wp-json\/wp\/v2\/types\/product"}],"wp:featuredmedia":[{"embeddable":true,"href":"https:\/\/www.miomiorun.com\/fr\/wp-json\/wp\/v2\/media\/229547"}],"wp:attachment":[{"href":"https:\/\/www.miomiorun.com\/fr\/wp-json\/wp\/v2\/media?parent=274937"}],"wp:term":[{"taxonomy":"product_brand","embeddable":true,"href":"https:\/\/www.miomiorun.com\/fr\/wp-json\/wp\/v2\/product_brand?post=274937"},{"taxonomy":"product_cat","embeddable":true,"href":"https:\/\/www.miomiorun.com\/fr\/wp-json\/wp\/v2\/product_cat?post=274937"},{"taxonomy":"product_tag","embeddable":true,"href":"https:\/\/www.miomiorun.com\/fr\/wp-json\/wp\/v2\/product_tag?post=274937"}],"curies":[{"name":"wp","href":"https:\/\/api.w.org\/{rel}","templated":true}]}}