{"id":274916,"date":"2020-03-24T09:43:20","date_gmt":"2020-03-24T08:43:20","guid":{"rendered":"https:\/\/miomiorun.com\/prodotto\/desigual-tank-top-donna\/"},"modified":"2025-04-19T11:16:32","modified_gmt":"2025-04-19T09:16:32","slug":"desigual-tank-top-femme","status":"publish","type":"product","link":"https:\/\/www.miomiorun.com\/fr\/produit\/desigual-tank-top-femme\/","title":{"rendered":"Tank Top femme"},"content":{"rendered":"<p>Le d\u00e9bardeur de course \u00e0 pied Desigual est respirant et extensible. Des empi\u00e8cements en filet strat\u00e9giquement plac\u00e9s facilitent la respiration.<\/p>\n<p>Ce d\u00e9bardeur fait partie de la ligne Garden, qui propose des v\u00eatements aux imprim\u00e9s floraux d\u00e9licats.<\/p>\n<p>D\u00e9tails :<\/p>\n<p>Large encolure<\/p>\n<p>Crossover \u00e0 l&#8217;am\u00e9ricaine dans le dos pour une plus grande libert\u00e9 de mouvement<\/p>\n<p>Graphiques sur l&#8217;ensemble du corps<\/p>\n<p>Logo Desigual imprim\u00e9 sur la poitrine<\/p>\n<p>Tissu : 88% polyester, 12% \u00e9lasthanne<\/p>\n","protected":false},"excerpt":{"rendered":"<p>Le d\u00e9bardeur de course \u00e0 pied Desigual est respirant et extensible. Des empi\u00e8cements en filet strat\u00e9giquement plac\u00e9s facilitent la respiration. Ce d\u00e9bardeur fait partie de la ligne Garden, qui propose des v\u00eatements aux imprim\u00e9s floraux d\u00e9licats. D\u00e9tails : Large encolure Crossover \u00e0 l&#8217;am\u00e9ricaine dans le dos pour une plus grande libert\u00e9 de mouvement Graphiques sur &hellip; <a href=\"https:\/\/www.miomiorun.com\/fr\/produit\/desigual-tank-top-femme\/\">Continued<\/a><\/p>\n","protected":false},"featured_media":229545,"template":"","meta":{"_acf_changed":false,"inline_featured_image":false},"product_brand":[],"product_cat":[24442,24444,24246],"product_tag":[23487,23492],"class_list":{"0":"post-274916","1":"product","2":"type-product","3":"status-publish","4":"has-post-thumbnail","6":"product_cat-gilets-fr-2","7":"product_cat-vetements-pour-femmes-fr","8":"product_cat-offres-pour-les-femmes","9":"product_tag-desigual-fr","10":"product_tag-desigual-femme","11":"pa_attivita-running-fr","12":"pa_colore-desigual-tank-71t2sa7-fr","13":"pa_marca-desigual-fr","14":"pa_sesso-femme","15":"pa_size-medium-fr","17":"first","18":"instock","19":"sale","20":"taxable","21":"shipping-taxable","22":"purchasable","23":"product-type-variable","24":"wvs-archive-product-wrapper"},"acf":[],"yoast_head":"<!-- This site is optimized with the Yoast SEO plugin v26.8 - https:\/\/yoast.com\/product\/yoast-seo-wordpress\/ -->\n<title>Desigual Tank Top femme - D\u00e9bardeur de course - MioMioRun<\/title>\n<meta name=\"description\" content=\"Le d\u00e9bardeur de course \u00e0 pied Desigual est respirant et extensible. Des empi\u00e8cements en mesh strat\u00e9giquement positionn\u00e9s facilitent la respirabilit\u00e9.\" \/>\n<meta name=\"robots\" content=\"index, follow, max-snippet:-1, max-image-preview:large, max-video-preview:-1\" \/>\n<link rel=\"canonical\" href=\"https:\/\/www.miomiorun.com\/fr\/produit\/desigual-tank-top-femme\/\" \/>\n<meta property=\"og:locale\" content=\"fr_FR\" \/>\n<meta property=\"og:type\" content=\"article\" \/>\n<meta property=\"og:title\" content=\"Desigual Tank Top femme - D\u00e9bardeur de course - MioMioRun\" \/>\n<meta property=\"og:description\" content=\"Le d\u00e9bardeur de course \u00e0 pied Desigual est respirant et extensible. Des empi\u00e8cements en mesh strat\u00e9giquement positionn\u00e9s facilitent la respirabilit\u00e9.\" \/>\n<meta property=\"og:url\" content=\"https:\/\/www.miomiorun.com\/fr\/produit\/desigual-tank-top-femme\/\" \/>\n<meta property=\"og:site_name\" content=\"MioMioRun\" \/>\n<meta property=\"article:publisher\" content=\"https:\/\/www.facebook.com\/miomiorun\/\" \/>\n<meta property=\"article:modified_time\" content=\"2025-04-19T09:16:32+00:00\" \/>\n<meta property=\"og:image\" content=\"https:\/\/www.miomiorun.com\/app\/uploads\/2020\/03\/Desigual-Tank-71t2sa7.jpg\" \/>\n\t<meta property=\"og:image:width\" content=\"595\" \/>\n\t<meta property=\"og:image:height\" content=\"595\" \/>\n\t<meta property=\"og:image:type\" content=\"image\/jpeg\" \/>\n<meta name=\"twitter:card\" content=\"summary_large_image\" \/>\n<script type=\"application\/ld+json\" class=\"yoast-schema-graph\">{\"@context\":\"https:\/\/schema.org\",\"@graph\":[{\"@type\":\"WebPage\",\"@id\":\"https:\/\/www.miomiorun.com\/fr\/produit\/desigual-tank-top-femme\/\",\"url\":\"https:\/\/www.miomiorun.com\/fr\/produit\/desigual-tank-top-femme\/\",\"name\":\"Desigual Tank Top femme - D\u00e9bardeur de course - MioMioRun\",\"isPartOf\":{\"@id\":\"https:\/\/www.miomiorun.com\/fr\/#website\"},\"primaryImageOfPage\":{\"@id\":\"https:\/\/www.miomiorun.com\/fr\/produit\/desigual-tank-top-femme\/#primaryimage\"},\"image\":{\"@id\":\"https:\/\/www.miomiorun.com\/fr\/produit\/desigual-tank-top-femme\/#primaryimage\"},\"thumbnailUrl\":\"https:\/\/www.miomiorun.com\/app\/uploads\/2020\/03\/Desigual-Tank-71t2sa7.jpg\",\"datePublished\":\"2020-03-24T08:43:20+00:00\",\"dateModified\":\"2025-04-19T09:16:32+00:00\",\"description\":\"Le d\u00e9bardeur de course \u00e0 pied Desigual est respirant et extensible. Des empi\u00e8cements en mesh strat\u00e9giquement positionn\u00e9s facilitent la respirabilit\u00e9.\",\"breadcrumb\":{\"@id\":\"https:\/\/www.miomiorun.com\/fr\/produit\/desigual-tank-top-femme\/#breadcrumb\"},\"inLanguage\":\"fr-FR\",\"potentialAction\":[{\"@type\":\"ReadAction\",\"target\":[\"https:\/\/www.miomiorun.com\/fr\/produit\/desigual-tank-top-femme\/\"]}]},{\"@type\":\"ImageObject\",\"inLanguage\":\"fr-FR\",\"@id\":\"https:\/\/www.miomiorun.com\/fr\/produit\/desigual-tank-top-femme\/#primaryimage\",\"url\":\"https:\/\/www.miomiorun.com\/app\/uploads\/2020\/03\/Desigual-Tank-71t2sa7.jpg\",\"contentUrl\":\"https:\/\/www.miomiorun.com\/app\/uploads\/2020\/03\/Desigual-Tank-71t2sa7.jpg\",\"width\":595,\"height\":595,\"caption\":\"Desigual-Tank-71t2sa7\"},{\"@type\":\"BreadcrumbList\",\"@id\":\"https:\/\/www.miomiorun.com\/fr\/produit\/desigual-tank-top-femme\/#breadcrumb\",\"itemListElement\":[{\"@type\":\"ListItem\",\"position\":1,\"name\":\"Home\",\"item\":\"https:\/\/www.miomiorun.com\/fr\/home-page\/\"},{\"@type\":\"ListItem\",\"position\":2,\"name\":\"Shop\",\"item\":\"https:\/\/www.miomiorun.com\/shop\/\"},{\"@type\":\"ListItem\",\"position\":3,\"name\":\"Tank Top femme\"}]},{\"@type\":\"WebSite\",\"@id\":\"https:\/\/www.miomiorun.com\/fr\/#website\",\"url\":\"https:\/\/www.miomiorun.com\/fr\/\",\"name\":\"MioMioRun\",\"description\":\"Boutique 100% running et trail\",\"publisher\":{\"@id\":\"https:\/\/www.miomiorun.com\/fr\/#organization\"},\"potentialAction\":[{\"@type\":\"SearchAction\",\"target\":{\"@type\":\"EntryPoint\",\"urlTemplate\":\"https:\/\/www.miomiorun.com\/fr\/?s={search_term_string}\"},\"query-input\":{\"@type\":\"PropertyValueSpecification\",\"valueRequired\":true,\"valueName\":\"search_term_string\"}}],\"inLanguage\":\"fr-FR\"},{\"@type\":\"Organization\",\"@id\":\"https:\/\/www.miomiorun.com\/fr\/#organization\",\"name\":\"MioMio Run\",\"url\":\"https:\/\/www.miomiorun.com\/fr\/\",\"logo\":{\"@type\":\"ImageObject\",\"inLanguage\":\"fr-FR\",\"@id\":\"https:\/\/www.miomiorun.com\/fr\/#\/schema\/logo\/image\/\",\"url\":\"https:\/\/www.miomiorun.com\/app\/uploads\/2019\/12\/logomio.png\",\"contentUrl\":\"https:\/\/www.miomiorun.com\/app\/uploads\/2019\/12\/logomio.png\",\"width\":115,\"height\":82,\"caption\":\"MioMio Run\"},\"image\":{\"@id\":\"https:\/\/www.miomiorun.com\/fr\/#\/schema\/logo\/image\/\"},\"sameAs\":[\"https:\/\/www.facebook.com\/miomiorun\/\",\"https:\/\/www.instagram.com\/miomiorun\/\"]}]}<\/script>\n<!-- \/ Yoast SEO plugin. -->","yoast_head_json":{"title":"Desigual Tank Top femme - D\u00e9bardeur de course - MioMioRun","description":"Le d\u00e9bardeur de course \u00e0 pied Desigual est respirant et extensible. Des empi\u00e8cements en mesh strat\u00e9giquement positionn\u00e9s facilitent la respirabilit\u00e9.","robots":{"index":"index","follow":"follow","max-snippet":"max-snippet:-1","max-image-preview":"max-image-preview:large","max-video-preview":"max-video-preview:-1"},"canonical":"https:\/\/www.miomiorun.com\/fr\/produit\/desigual-tank-top-femme\/","og_locale":"fr_FR","og_type":"article","og_title":"Desigual Tank Top femme - D\u00e9bardeur de course - MioMioRun","og_description":"Le d\u00e9bardeur de course \u00e0 pied Desigual est respirant et extensible. Des empi\u00e8cements en mesh strat\u00e9giquement positionn\u00e9s facilitent la respirabilit\u00e9.","og_url":"https:\/\/www.miomiorun.com\/fr\/produit\/desigual-tank-top-femme\/","og_site_name":"MioMioRun","article_publisher":"https:\/\/www.facebook.com\/miomiorun\/","article_modified_time":"2025-04-19T09:16:32+00:00","og_image":[{"width":595,"height":595,"url":"https:\/\/www.miomiorun.com\/app\/uploads\/2020\/03\/Desigual-Tank-71t2sa7.jpg","type":"image\/jpeg"}],"twitter_card":"summary_large_image","schema":{"@context":"https:\/\/schema.org","@graph":[{"@type":"WebPage","@id":"https:\/\/www.miomiorun.com\/fr\/produit\/desigual-tank-top-femme\/","url":"https:\/\/www.miomiorun.com\/fr\/produit\/desigual-tank-top-femme\/","name":"Desigual Tank Top femme - D\u00e9bardeur de course - MioMioRun","isPartOf":{"@id":"https:\/\/www.miomiorun.com\/fr\/#website"},"primaryImageOfPage":{"@id":"https:\/\/www.miomiorun.com\/fr\/produit\/desigual-tank-top-femme\/#primaryimage"},"image":{"@id":"https:\/\/www.miomiorun.com\/fr\/produit\/desigual-tank-top-femme\/#primaryimage"},"thumbnailUrl":"https:\/\/www.miomiorun.com\/app\/uploads\/2020\/03\/Desigual-Tank-71t2sa7.jpg","datePublished":"2020-03-24T08:43:20+00:00","dateModified":"2025-04-19T09:16:32+00:00","description":"Le d\u00e9bardeur de course \u00e0 pied Desigual est respirant et extensible. Des empi\u00e8cements en mesh strat\u00e9giquement positionn\u00e9s facilitent la respirabilit\u00e9.","breadcrumb":{"@id":"https:\/\/www.miomiorun.com\/fr\/produit\/desigual-tank-top-femme\/#breadcrumb"},"inLanguage":"fr-FR","potentialAction":[{"@type":"ReadAction","target":["https:\/\/www.miomiorun.com\/fr\/produit\/desigual-tank-top-femme\/"]}]},{"@type":"ImageObject","inLanguage":"fr-FR","@id":"https:\/\/www.miomiorun.com\/fr\/produit\/desigual-tank-top-femme\/#primaryimage","url":"https:\/\/www.miomiorun.com\/app\/uploads\/2020\/03\/Desigual-Tank-71t2sa7.jpg","contentUrl":"https:\/\/www.miomiorun.com\/app\/uploads\/2020\/03\/Desigual-Tank-71t2sa7.jpg","width":595,"height":595,"caption":"Desigual-Tank-71t2sa7"},{"@type":"BreadcrumbList","@id":"https:\/\/www.miomiorun.com\/fr\/produit\/desigual-tank-top-femme\/#breadcrumb","itemListElement":[{"@type":"ListItem","position":1,"name":"Home","item":"https:\/\/www.miomiorun.com\/fr\/home-page\/"},{"@type":"ListItem","position":2,"name":"Shop","item":"https:\/\/www.miomiorun.com\/shop\/"},{"@type":"ListItem","position":3,"name":"Tank Top femme"}]},{"@type":"WebSite","@id":"https:\/\/www.miomiorun.com\/fr\/#website","url":"https:\/\/www.miomiorun.com\/fr\/","name":"MioMioRun","description":"Boutique 100% running et trail","publisher":{"@id":"https:\/\/www.miomiorun.com\/fr\/#organization"},"potentialAction":[{"@type":"SearchAction","target":{"@type":"EntryPoint","urlTemplate":"https:\/\/www.miomiorun.com\/fr\/?s={search_term_string}"},"query-input":{"@type":"PropertyValueSpecification","valueRequired":true,"valueName":"search_term_string"}}],"inLanguage":"fr-FR"},{"@type":"Organization","@id":"https:\/\/www.miomiorun.com\/fr\/#organization","name":"MioMio Run","url":"https:\/\/www.miomiorun.com\/fr\/","logo":{"@type":"ImageObject","inLanguage":"fr-FR","@id":"https:\/\/www.miomiorun.com\/fr\/#\/schema\/logo\/image\/","url":"https:\/\/www.miomiorun.com\/app\/uploads\/2019\/12\/logomio.png","contentUrl":"https:\/\/www.miomiorun.com\/app\/uploads\/2019\/12\/logomio.png","width":115,"height":82,"caption":"MioMio Run"},"image":{"@id":"https:\/\/www.miomiorun.com\/fr\/#\/schema\/logo\/image\/"},"sameAs":["https:\/\/www.facebook.com\/miomiorun\/","https:\/\/www.instagram.com\/miomiorun\/"]}]}},"_links":{"self":[{"href":"https:\/\/www.miomiorun.com\/fr\/wp-json\/wp\/v2\/product\/274916","targetHints":{"allow":["GET"]}}],"collection":[{"href":"https:\/\/www.miomiorun.com\/fr\/wp-json\/wp\/v2\/product"}],"about":[{"href":"https:\/\/www.miomiorun.com\/fr\/wp-json\/wp\/v2\/types\/product"}],"wp:featuredmedia":[{"embeddable":true,"href":"https:\/\/www.miomiorun.com\/fr\/wp-json\/wp\/v2\/media\/229545"}],"wp:attachment":[{"href":"https:\/\/www.miomiorun.com\/fr\/wp-json\/wp\/v2\/media?parent=274916"}],"wp:term":[{"taxonomy":"product_brand","embeddable":true,"href":"https:\/\/www.miomiorun.com\/fr\/wp-json\/wp\/v2\/product_brand?post=274916"},{"taxonomy":"product_cat","embeddable":true,"href":"https:\/\/www.miomiorun.com\/fr\/wp-json\/wp\/v2\/product_cat?post=274916"},{"taxonomy":"product_tag","embeddable":true,"href":"https:\/\/www.miomiorun.com\/fr\/wp-json\/wp\/v2\/product_tag?post=274916"}],"curies":[{"name":"wp","href":"https:\/\/api.w.org\/{rel}","templated":true}]}}