{"id":274906,"date":"2020-03-24T09:43:29","date_gmt":"2020-03-24T08:43:29","guid":{"rendered":"https:\/\/miomiorun.com\/prodotto\/desigual-skirt-bianco\/"},"modified":"2025-04-22T11:27:08","modified_gmt":"2025-04-22T09:27:08","slug":"desigual-skirt-blanc","status":"publish","type":"product","link":"https:\/\/www.miomiorun.com\/fr\/produit\/desigual-skirt-blanc\/","title":{"rendered":"Skirt femme"},"content":{"rendered":"<p>Le pantalon court Desigual Skirt pour femmes est une jupe de course. En fait, il s&#8217;agit d&#8217;une combinaison parfaite 2 en 1, qui offre style et soutien. De plus, le short int\u00e9gr\u00e9 apporte soutien et couverture pendant l&#8217;entra\u00eenement.<\/p>\n<p>Cette jupe fait partie de la collection Flowers, dont les motifs s&#8217;inspirent de la nature et des couleurs tropicales.<\/p>\n<p>D\u00e9tails :<\/p>\n<p>Taille \u00e9lastiqu\u00e9e<\/p>\n<p>Short int\u00e9gr\u00e9<\/p>\n<p>Logo Desigual \u00e0 l&#8217;avant et \u00e0 l&#8217;arri\u00e8re<\/p>\n<p>Tissu : 87% polyester, 13% \u00e9lasthanne<\/p>\n","protected":false},"excerpt":{"rendered":"<p>Le pantalon court Desigual Skirt pour femmes est une jupe de course. En fait, il s&#8217;agit d&#8217;une combinaison parfaite 2 en 1, qui offre style et soutien. De plus, le short int\u00e9gr\u00e9 apporte soutien et couverture pendant l&#8217;entra\u00eenement. Cette jupe fait partie de la collection Flowers, dont les motifs s&#8217;inspirent de la nature et des &hellip; <a href=\"https:\/\/www.miomiorun.com\/fr\/produit\/desigual-skirt-blanc\/\">Continued<\/a><\/p>\n","protected":false},"featured_media":229543,"template":"","meta":{"_acf_changed":false,"inline_featured_image":false},"product_brand":[],"product_cat":[24438,24444,24246],"product_tag":[23487,23492],"class_list":{"0":"post-274906","1":"product","2":"type-product","3":"status-publish","4":"has-post-thumbnail","6":"product_cat-pantalon-court-fr-2","7":"product_cat-vetements-pour-femmes-fr","8":"product_cat-offres-pour-les-femmes","9":"product_tag-desigual-fr","10":"product_tag-desigual-femme","11":"pa_attivita-marcher","12":"pa_attivita-running-fr","13":"pa_marca-desigual-fr","14":"pa_sesso-femme","15":"pa_size-extra-small-fr","17":"first","18":"instock","19":"sale","20":"taxable","21":"shipping-taxable","22":"purchasable","23":"product-type-variable","24":"wvs-archive-product-wrapper"},"acf":[],"yoast_head":"<!-- This site is optimized with the Yoast SEO plugin v26.8 - https:\/\/yoast.com\/product\/yoast-seo-wordpress\/ -->\n<title>Desigual Skirt femme - Shorts pour femmes - MioMioRun<\/title>\n<meta name=\"description\" content=\"Le short Desigual Skirt pour femme est une jupe de course qui pr\u00e9sente une combinaison parfaite 2-en-1 qui offre style et soutien.\" \/>\n<meta name=\"robots\" content=\"index, follow, max-snippet:-1, max-image-preview:large, max-video-preview:-1\" \/>\n<link rel=\"canonical\" href=\"https:\/\/www.miomiorun.com\/fr\/produit\/desigual-skirt-blanc\/\" \/>\n<meta property=\"og:locale\" content=\"fr_FR\" \/>\n<meta property=\"og:type\" content=\"article\" \/>\n<meta property=\"og:title\" content=\"Desigual Skirt femme - Shorts pour femmes - MioMioRun\" \/>\n<meta property=\"og:description\" content=\"Le short Desigual Skirt pour femme est une jupe de course qui pr\u00e9sente une combinaison parfaite 2-en-1 qui offre style et soutien.\" \/>\n<meta property=\"og:url\" content=\"https:\/\/www.miomiorun.com\/fr\/produit\/desigual-skirt-blanc\/\" \/>\n<meta property=\"og:site_name\" content=\"MioMioRun\" \/>\n<meta property=\"article:publisher\" content=\"https:\/\/www.facebook.com\/miomiorun\/\" \/>\n<meta property=\"article:modified_time\" content=\"2025-04-22T09:27:08+00:00\" \/>\n<meta property=\"og:image\" content=\"https:\/\/www.miomiorun.com\/app\/uploads\/2020\/03\/Desigual-Skirt-60f2sa9.jpg\" \/>\n\t<meta property=\"og:image:width\" content=\"595\" \/>\n\t<meta property=\"og:image:height\" content=\"595\" \/>\n\t<meta property=\"og:image:type\" content=\"image\/jpeg\" \/>\n<meta name=\"twitter:card\" content=\"summary_large_image\" \/>\n<script type=\"application\/ld+json\" class=\"yoast-schema-graph\">{\"@context\":\"https:\/\/schema.org\",\"@graph\":[{\"@type\":\"WebPage\",\"@id\":\"https:\/\/www.miomiorun.com\/fr\/produit\/desigual-skirt-blanc\/\",\"url\":\"https:\/\/www.miomiorun.com\/fr\/produit\/desigual-skirt-blanc\/\",\"name\":\"Desigual Skirt femme - Shorts pour femmes - MioMioRun\",\"isPartOf\":{\"@id\":\"https:\/\/www.miomiorun.com\/fr\/#website\"},\"primaryImageOfPage\":{\"@id\":\"https:\/\/www.miomiorun.com\/fr\/produit\/desigual-skirt-blanc\/#primaryimage\"},\"image\":{\"@id\":\"https:\/\/www.miomiorun.com\/fr\/produit\/desigual-skirt-blanc\/#primaryimage\"},\"thumbnailUrl\":\"https:\/\/www.miomiorun.com\/app\/uploads\/2020\/03\/Desigual-Skirt-60f2sa9.jpg\",\"datePublished\":\"2020-03-24T08:43:29+00:00\",\"dateModified\":\"2025-04-22T09:27:08+00:00\",\"description\":\"Le short Desigual Skirt pour femme est une jupe de course qui pr\u00e9sente une combinaison parfaite 2-en-1 qui offre style et soutien.\",\"breadcrumb\":{\"@id\":\"https:\/\/www.miomiorun.com\/fr\/produit\/desigual-skirt-blanc\/#breadcrumb\"},\"inLanguage\":\"fr-FR\",\"potentialAction\":[{\"@type\":\"ReadAction\",\"target\":[\"https:\/\/www.miomiorun.com\/fr\/produit\/desigual-skirt-blanc\/\"]}]},{\"@type\":\"ImageObject\",\"inLanguage\":\"fr-FR\",\"@id\":\"https:\/\/www.miomiorun.com\/fr\/produit\/desigual-skirt-blanc\/#primaryimage\",\"url\":\"https:\/\/www.miomiorun.com\/app\/uploads\/2020\/03\/Desigual-Skirt-60f2sa9.jpg\",\"contentUrl\":\"https:\/\/www.miomiorun.com\/app\/uploads\/2020\/03\/Desigual-Skirt-60f2sa9.jpg\",\"width\":595,\"height\":595,\"caption\":\"Desigual-Skirt-60f2sa9\"},{\"@type\":\"BreadcrumbList\",\"@id\":\"https:\/\/www.miomiorun.com\/fr\/produit\/desigual-skirt-blanc\/#breadcrumb\",\"itemListElement\":[{\"@type\":\"ListItem\",\"position\":1,\"name\":\"Home\",\"item\":\"https:\/\/www.miomiorun.com\/fr\/home-page\/\"},{\"@type\":\"ListItem\",\"position\":2,\"name\":\"Shop\",\"item\":\"https:\/\/www.miomiorun.com\/shop\/\"},{\"@type\":\"ListItem\",\"position\":3,\"name\":\"Skirt femme\"}]},{\"@type\":\"WebSite\",\"@id\":\"https:\/\/www.miomiorun.com\/fr\/#website\",\"url\":\"https:\/\/www.miomiorun.com\/fr\/\",\"name\":\"MioMioRun\",\"description\":\"Boutique 100% running et trail\",\"publisher\":{\"@id\":\"https:\/\/www.miomiorun.com\/fr\/#organization\"},\"potentialAction\":[{\"@type\":\"SearchAction\",\"target\":{\"@type\":\"EntryPoint\",\"urlTemplate\":\"https:\/\/www.miomiorun.com\/fr\/?s={search_term_string}\"},\"query-input\":{\"@type\":\"PropertyValueSpecification\",\"valueRequired\":true,\"valueName\":\"search_term_string\"}}],\"inLanguage\":\"fr-FR\"},{\"@type\":\"Organization\",\"@id\":\"https:\/\/www.miomiorun.com\/fr\/#organization\",\"name\":\"MioMio Run\",\"url\":\"https:\/\/www.miomiorun.com\/fr\/\",\"logo\":{\"@type\":\"ImageObject\",\"inLanguage\":\"fr-FR\",\"@id\":\"https:\/\/www.miomiorun.com\/fr\/#\/schema\/logo\/image\/\",\"url\":\"https:\/\/www.miomiorun.com\/app\/uploads\/2019\/12\/logomio.png\",\"contentUrl\":\"https:\/\/www.miomiorun.com\/app\/uploads\/2019\/12\/logomio.png\",\"width\":115,\"height\":82,\"caption\":\"MioMio Run\"},\"image\":{\"@id\":\"https:\/\/www.miomiorun.com\/fr\/#\/schema\/logo\/image\/\"},\"sameAs\":[\"https:\/\/www.facebook.com\/miomiorun\/\",\"https:\/\/www.instagram.com\/miomiorun\/\"]}]}<\/script>\n<!-- \/ Yoast SEO plugin. -->","yoast_head_json":{"title":"Desigual Skirt femme - Shorts pour femmes - MioMioRun","description":"Le short Desigual Skirt pour femme est une jupe de course qui pr\u00e9sente une combinaison parfaite 2-en-1 qui offre style et soutien.","robots":{"index":"index","follow":"follow","max-snippet":"max-snippet:-1","max-image-preview":"max-image-preview:large","max-video-preview":"max-video-preview:-1"},"canonical":"https:\/\/www.miomiorun.com\/fr\/produit\/desigual-skirt-blanc\/","og_locale":"fr_FR","og_type":"article","og_title":"Desigual Skirt femme - Shorts pour femmes - MioMioRun","og_description":"Le short Desigual Skirt pour femme est une jupe de course qui pr\u00e9sente une combinaison parfaite 2-en-1 qui offre style et soutien.","og_url":"https:\/\/www.miomiorun.com\/fr\/produit\/desigual-skirt-blanc\/","og_site_name":"MioMioRun","article_publisher":"https:\/\/www.facebook.com\/miomiorun\/","article_modified_time":"2025-04-22T09:27:08+00:00","og_image":[{"width":595,"height":595,"url":"https:\/\/www.miomiorun.com\/app\/uploads\/2020\/03\/Desigual-Skirt-60f2sa9.jpg","type":"image\/jpeg"}],"twitter_card":"summary_large_image","schema":{"@context":"https:\/\/schema.org","@graph":[{"@type":"WebPage","@id":"https:\/\/www.miomiorun.com\/fr\/produit\/desigual-skirt-blanc\/","url":"https:\/\/www.miomiorun.com\/fr\/produit\/desigual-skirt-blanc\/","name":"Desigual Skirt femme - Shorts pour femmes - MioMioRun","isPartOf":{"@id":"https:\/\/www.miomiorun.com\/fr\/#website"},"primaryImageOfPage":{"@id":"https:\/\/www.miomiorun.com\/fr\/produit\/desigual-skirt-blanc\/#primaryimage"},"image":{"@id":"https:\/\/www.miomiorun.com\/fr\/produit\/desigual-skirt-blanc\/#primaryimage"},"thumbnailUrl":"https:\/\/www.miomiorun.com\/app\/uploads\/2020\/03\/Desigual-Skirt-60f2sa9.jpg","datePublished":"2020-03-24T08:43:29+00:00","dateModified":"2025-04-22T09:27:08+00:00","description":"Le short Desigual Skirt pour femme est une jupe de course qui pr\u00e9sente une combinaison parfaite 2-en-1 qui offre style et soutien.","breadcrumb":{"@id":"https:\/\/www.miomiorun.com\/fr\/produit\/desigual-skirt-blanc\/#breadcrumb"},"inLanguage":"fr-FR","potentialAction":[{"@type":"ReadAction","target":["https:\/\/www.miomiorun.com\/fr\/produit\/desigual-skirt-blanc\/"]}]},{"@type":"ImageObject","inLanguage":"fr-FR","@id":"https:\/\/www.miomiorun.com\/fr\/produit\/desigual-skirt-blanc\/#primaryimage","url":"https:\/\/www.miomiorun.com\/app\/uploads\/2020\/03\/Desigual-Skirt-60f2sa9.jpg","contentUrl":"https:\/\/www.miomiorun.com\/app\/uploads\/2020\/03\/Desigual-Skirt-60f2sa9.jpg","width":595,"height":595,"caption":"Desigual-Skirt-60f2sa9"},{"@type":"BreadcrumbList","@id":"https:\/\/www.miomiorun.com\/fr\/produit\/desigual-skirt-blanc\/#breadcrumb","itemListElement":[{"@type":"ListItem","position":1,"name":"Home","item":"https:\/\/www.miomiorun.com\/fr\/home-page\/"},{"@type":"ListItem","position":2,"name":"Shop","item":"https:\/\/www.miomiorun.com\/shop\/"},{"@type":"ListItem","position":3,"name":"Skirt femme"}]},{"@type":"WebSite","@id":"https:\/\/www.miomiorun.com\/fr\/#website","url":"https:\/\/www.miomiorun.com\/fr\/","name":"MioMioRun","description":"Boutique 100% running et trail","publisher":{"@id":"https:\/\/www.miomiorun.com\/fr\/#organization"},"potentialAction":[{"@type":"SearchAction","target":{"@type":"EntryPoint","urlTemplate":"https:\/\/www.miomiorun.com\/fr\/?s={search_term_string}"},"query-input":{"@type":"PropertyValueSpecification","valueRequired":true,"valueName":"search_term_string"}}],"inLanguage":"fr-FR"},{"@type":"Organization","@id":"https:\/\/www.miomiorun.com\/fr\/#organization","name":"MioMio Run","url":"https:\/\/www.miomiorun.com\/fr\/","logo":{"@type":"ImageObject","inLanguage":"fr-FR","@id":"https:\/\/www.miomiorun.com\/fr\/#\/schema\/logo\/image\/","url":"https:\/\/www.miomiorun.com\/app\/uploads\/2019\/12\/logomio.png","contentUrl":"https:\/\/www.miomiorun.com\/app\/uploads\/2019\/12\/logomio.png","width":115,"height":82,"caption":"MioMio Run"},"image":{"@id":"https:\/\/www.miomiorun.com\/fr\/#\/schema\/logo\/image\/"},"sameAs":["https:\/\/www.facebook.com\/miomiorun\/","https:\/\/www.instagram.com\/miomiorun\/"]}]}},"_links":{"self":[{"href":"https:\/\/www.miomiorun.com\/fr\/wp-json\/wp\/v2\/product\/274906","targetHints":{"allow":["GET"]}}],"collection":[{"href":"https:\/\/www.miomiorun.com\/fr\/wp-json\/wp\/v2\/product"}],"about":[{"href":"https:\/\/www.miomiorun.com\/fr\/wp-json\/wp\/v2\/types\/product"}],"wp:featuredmedia":[{"embeddable":true,"href":"https:\/\/www.miomiorun.com\/fr\/wp-json\/wp\/v2\/media\/229543"}],"wp:attachment":[{"href":"https:\/\/www.miomiorun.com\/fr\/wp-json\/wp\/v2\/media?parent=274906"}],"wp:term":[{"taxonomy":"product_brand","embeddable":true,"href":"https:\/\/www.miomiorun.com\/fr\/wp-json\/wp\/v2\/product_brand?post=274906"},{"taxonomy":"product_cat","embeddable":true,"href":"https:\/\/www.miomiorun.com\/fr\/wp-json\/wp\/v2\/product_cat?post=274906"},{"taxonomy":"product_tag","embeddable":true,"href":"https:\/\/www.miomiorun.com\/fr\/wp-json\/wp\/v2\/product_tag?post=274906"}],"curies":[{"name":"wp","href":"https:\/\/api.w.org\/{rel}","templated":true}]}}