{"id":274892,"date":"2020-03-24T09:44:07","date_gmt":"2020-03-24T08:44:07","guid":{"rendered":"https:\/\/miomiorun.com\/prodotto\/zoot-3-inch-short-donna\/"},"modified":"2025-04-17T19:22:24","modified_gmt":"2025-04-17T17:22:24","slug":"zoot-3-inch-short-femme","status":"publish","type":"product","link":"https:\/\/www.miomiorun.com\/fr\/produit\/zoot-3-inch-short-femme\/","title":{"rendered":"3 Inch Short femme"},"content":{"rendered":"<p>Le short Zoot 3 Inch est fabriqu\u00e9 dans un tissu extraordinairement l\u00e9ger et respirant. De plus, il est \u00e9quip\u00e9 de la technologie Icefil et Xylitol, qui vous garde au frais et \u00e0 l&#8217;aise.<\/p>\n<p>Bref, un short pour les journ\u00e9es d&#8217;\u00e9t\u00e9 les plus chaudes. Il permet \u00e9galement de maintenir une excellente respirabilit\u00e9.<\/p>\n<p>Caract\u00e9ristiques techniques :<\/p>\n<p>&#8211; Tissu l\u00e9ger pour une excellente libert\u00e9 de mouvement et un grand confort<\/p>\n<p>&#8211; Inserts perfor\u00e9s pour une ventilation et une fra\u00eecheur optimales<\/p>\n<p>&#8211; Technologie Icefil et Xylitol qui vous garde au frais et \u00e0 l&#8217;aise<\/p>\n<p>&#8211; Bande \u00e9lastique \u00e0 360\u00b0 pour un ajustement optimal<\/p>\n<p>&#8211; Poche frontale zipp\u00e9e pour une fermeture s\u00e9curis\u00e9e<\/p>\n<p>&#8211; Longueur int\u00e9rieure de la jambe : 7,6 cm (3&#8243;)<\/p>\n<p>&#8211; UPF 50<\/p>\n","protected":false},"excerpt":{"rendered":"<p>Le short Zoot 3 Inch est fabriqu\u00e9 dans un tissu extraordinairement l\u00e9ger et respirant. De plus, il est \u00e9quip\u00e9 de la technologie Icefil et Xylitol, qui vous garde au frais et \u00e0 l&#8217;aise. Bref, un short pour les journ\u00e9es d&#8217;\u00e9t\u00e9 les plus chaudes. Il permet \u00e9galement de maintenir une excellente respirabilit\u00e9. Caract\u00e9ristiques techniques : &#8211; &hellip; <a href=\"https:\/\/www.miomiorun.com\/fr\/produit\/zoot-3-inch-short-femme\/\">Continued<\/a><\/p>\n","protected":false},"featured_media":229575,"template":"","meta":{"_acf_changed":false,"inline_featured_image":false},"product_brand":[],"product_cat":[24438,24444,24246],"product_tag":[23555,23566],"class_list":{"0":"post-274892","1":"product","2":"type-product","3":"status-publish","4":"has-post-thumbnail","6":"product_cat-pantalon-court-fr-2","7":"product_cat-vetements-pour-femmes-fr","8":"product_cat-offres-pour-les-femmes","9":"product_tag-zoot-fr","10":"product_tag-zoot-femme","11":"pa_attivita-running-fr","12":"pa_colore-inch-short-slice-26a2051-1-3-fr","13":"pa_marca-zoot-fr","14":"pa_sesso-femme","15":"pa_size-medium-fr","17":"first","18":"instock","19":"sale","20":"taxable","21":"shipping-taxable","22":"purchasable","23":"product-type-variable","24":"wvs-archive-product-wrapper"},"acf":[],"yoast_head":"<!-- This site is optimized with the Yoast SEO plugin v26.8 - https:\/\/yoast.com\/product\/yoast-seo-wordpress\/ -->\n<title>Zoot 3 Inch Short femme - Shorts pour femmes - MioMioRun<\/title>\n<meta name=\"description\" content=\"Le short Zoot 3 Inch est fabriqu\u00e9 dans un tissu extraordinairement l\u00e9ger et respirant. Il est \u00e9quip\u00e9 des technologies Icefil et Xylitol.\" \/>\n<meta name=\"robots\" content=\"index, follow, max-snippet:-1, max-image-preview:large, max-video-preview:-1\" \/>\n<link rel=\"canonical\" href=\"https:\/\/www.miomiorun.com\/fr\/produit\/zoot-3-inch-short-femme\/\" \/>\n<meta property=\"og:locale\" content=\"fr_FR\" \/>\n<meta property=\"og:type\" content=\"article\" \/>\n<meta property=\"og:title\" content=\"Zoot 3 Inch Short femme - Shorts pour femmes - MioMioRun\" \/>\n<meta property=\"og:description\" content=\"Le short Zoot 3 Inch est fabriqu\u00e9 dans un tissu extraordinairement l\u00e9ger et respirant. Il est \u00e9quip\u00e9 des technologies Icefil et Xylitol.\" \/>\n<meta property=\"og:url\" content=\"https:\/\/www.miomiorun.com\/fr\/produit\/zoot-3-inch-short-femme\/\" \/>\n<meta property=\"og:site_name\" content=\"MioMioRun\" \/>\n<meta property=\"article:publisher\" content=\"https:\/\/www.facebook.com\/miomiorun\/\" \/>\n<meta property=\"article:modified_time\" content=\"2025-04-17T17:22:24+00:00\" \/>\n<meta property=\"og:image\" content=\"https:\/\/www.miomiorun.com\/app\/uploads\/2020\/03\/Zoot-Inch-Short-Slice-26a2051.1.3.jpg\" \/>\n\t<meta property=\"og:image:width\" content=\"595\" \/>\n\t<meta property=\"og:image:height\" content=\"595\" \/>\n\t<meta property=\"og:image:type\" content=\"image\/jpeg\" \/>\n<meta name=\"twitter:card\" content=\"summary_large_image\" \/>\n<meta name=\"twitter:label1\" content=\"Est. reading time\" \/>\n\t<meta name=\"twitter:data1\" content=\"1 minute\" \/>\n<script type=\"application\/ld+json\" class=\"yoast-schema-graph\">{\"@context\":\"https:\/\/schema.org\",\"@graph\":[{\"@type\":\"WebPage\",\"@id\":\"https:\/\/www.miomiorun.com\/fr\/produit\/zoot-3-inch-short-femme\/\",\"url\":\"https:\/\/www.miomiorun.com\/fr\/produit\/zoot-3-inch-short-femme\/\",\"name\":\"Zoot 3 Inch Short femme - Shorts pour femmes - MioMioRun\",\"isPartOf\":{\"@id\":\"https:\/\/www.miomiorun.com\/fr\/#website\"},\"primaryImageOfPage\":{\"@id\":\"https:\/\/www.miomiorun.com\/fr\/produit\/zoot-3-inch-short-femme\/#primaryimage\"},\"image\":{\"@id\":\"https:\/\/www.miomiorun.com\/fr\/produit\/zoot-3-inch-short-femme\/#primaryimage\"},\"thumbnailUrl\":\"https:\/\/www.miomiorun.com\/app\/uploads\/2020\/03\/Zoot-Inch-Short-Slice-26a2051.1.3.jpg\",\"datePublished\":\"2020-03-24T08:44:07+00:00\",\"dateModified\":\"2025-04-17T17:22:24+00:00\",\"description\":\"Le short Zoot 3 Inch est fabriqu\u00e9 dans un tissu extraordinairement l\u00e9ger et respirant. Il est \u00e9quip\u00e9 des technologies Icefil et Xylitol.\",\"breadcrumb\":{\"@id\":\"https:\/\/www.miomiorun.com\/fr\/produit\/zoot-3-inch-short-femme\/#breadcrumb\"},\"inLanguage\":\"fr-FR\",\"potentialAction\":[{\"@type\":\"ReadAction\",\"target\":[\"https:\/\/www.miomiorun.com\/fr\/produit\/zoot-3-inch-short-femme\/\"]}]},{\"@type\":\"ImageObject\",\"inLanguage\":\"fr-FR\",\"@id\":\"https:\/\/www.miomiorun.com\/fr\/produit\/zoot-3-inch-short-femme\/#primaryimage\",\"url\":\"https:\/\/www.miomiorun.com\/app\/uploads\/2020\/03\/Zoot-Inch-Short-Slice-26a2051.1.3.jpg\",\"contentUrl\":\"https:\/\/www.miomiorun.com\/app\/uploads\/2020\/03\/Zoot-Inch-Short-Slice-26a2051.1.3.jpg\",\"width\":595,\"height\":595,\"caption\":\"Zoot-Inch-Short-Slice-26a2051.1.3\"},{\"@type\":\"BreadcrumbList\",\"@id\":\"https:\/\/www.miomiorun.com\/fr\/produit\/zoot-3-inch-short-femme\/#breadcrumb\",\"itemListElement\":[{\"@type\":\"ListItem\",\"position\":1,\"name\":\"Home\",\"item\":\"https:\/\/www.miomiorun.com\/fr\/home-page\/\"},{\"@type\":\"ListItem\",\"position\":2,\"name\":\"Shop\",\"item\":\"https:\/\/www.miomiorun.com\/shop\/\"},{\"@type\":\"ListItem\",\"position\":3,\"name\":\"3 Inch Short femme\"}]},{\"@type\":\"WebSite\",\"@id\":\"https:\/\/www.miomiorun.com\/fr\/#website\",\"url\":\"https:\/\/www.miomiorun.com\/fr\/\",\"name\":\"MioMioRun\",\"description\":\"Boutique 100% running et trail\",\"publisher\":{\"@id\":\"https:\/\/www.miomiorun.com\/fr\/#organization\"},\"potentialAction\":[{\"@type\":\"SearchAction\",\"target\":{\"@type\":\"EntryPoint\",\"urlTemplate\":\"https:\/\/www.miomiorun.com\/fr\/?s={search_term_string}\"},\"query-input\":{\"@type\":\"PropertyValueSpecification\",\"valueRequired\":true,\"valueName\":\"search_term_string\"}}],\"inLanguage\":\"fr-FR\"},{\"@type\":\"Organization\",\"@id\":\"https:\/\/www.miomiorun.com\/fr\/#organization\",\"name\":\"MioMio Run\",\"url\":\"https:\/\/www.miomiorun.com\/fr\/\",\"logo\":{\"@type\":\"ImageObject\",\"inLanguage\":\"fr-FR\",\"@id\":\"https:\/\/www.miomiorun.com\/fr\/#\/schema\/logo\/image\/\",\"url\":\"https:\/\/www.miomiorun.com\/app\/uploads\/2019\/12\/logomio.png\",\"contentUrl\":\"https:\/\/www.miomiorun.com\/app\/uploads\/2019\/12\/logomio.png\",\"width\":115,\"height\":82,\"caption\":\"MioMio Run\"},\"image\":{\"@id\":\"https:\/\/www.miomiorun.com\/fr\/#\/schema\/logo\/image\/\"},\"sameAs\":[\"https:\/\/www.facebook.com\/miomiorun\/\",\"https:\/\/www.instagram.com\/miomiorun\/\"]}]}<\/script>\n<!-- \/ Yoast SEO plugin. -->","yoast_head_json":{"title":"Zoot 3 Inch Short femme - Shorts pour femmes - MioMioRun","description":"Le short Zoot 3 Inch est fabriqu\u00e9 dans un tissu extraordinairement l\u00e9ger et respirant. Il est \u00e9quip\u00e9 des technologies Icefil et Xylitol.","robots":{"index":"index","follow":"follow","max-snippet":"max-snippet:-1","max-image-preview":"max-image-preview:large","max-video-preview":"max-video-preview:-1"},"canonical":"https:\/\/www.miomiorun.com\/fr\/produit\/zoot-3-inch-short-femme\/","og_locale":"fr_FR","og_type":"article","og_title":"Zoot 3 Inch Short femme - Shorts pour femmes - MioMioRun","og_description":"Le short Zoot 3 Inch est fabriqu\u00e9 dans un tissu extraordinairement l\u00e9ger et respirant. Il est \u00e9quip\u00e9 des technologies Icefil et Xylitol.","og_url":"https:\/\/www.miomiorun.com\/fr\/produit\/zoot-3-inch-short-femme\/","og_site_name":"MioMioRun","article_publisher":"https:\/\/www.facebook.com\/miomiorun\/","article_modified_time":"2025-04-17T17:22:24+00:00","og_image":[{"width":595,"height":595,"url":"https:\/\/www.miomiorun.com\/app\/uploads\/2020\/03\/Zoot-Inch-Short-Slice-26a2051.1.3.jpg","type":"image\/jpeg"}],"twitter_card":"summary_large_image","twitter_misc":{"Est. reading time":"1 minute"},"schema":{"@context":"https:\/\/schema.org","@graph":[{"@type":"WebPage","@id":"https:\/\/www.miomiorun.com\/fr\/produit\/zoot-3-inch-short-femme\/","url":"https:\/\/www.miomiorun.com\/fr\/produit\/zoot-3-inch-short-femme\/","name":"Zoot 3 Inch Short femme - Shorts pour femmes - MioMioRun","isPartOf":{"@id":"https:\/\/www.miomiorun.com\/fr\/#website"},"primaryImageOfPage":{"@id":"https:\/\/www.miomiorun.com\/fr\/produit\/zoot-3-inch-short-femme\/#primaryimage"},"image":{"@id":"https:\/\/www.miomiorun.com\/fr\/produit\/zoot-3-inch-short-femme\/#primaryimage"},"thumbnailUrl":"https:\/\/www.miomiorun.com\/app\/uploads\/2020\/03\/Zoot-Inch-Short-Slice-26a2051.1.3.jpg","datePublished":"2020-03-24T08:44:07+00:00","dateModified":"2025-04-17T17:22:24+00:00","description":"Le short Zoot 3 Inch est fabriqu\u00e9 dans un tissu extraordinairement l\u00e9ger et respirant. Il est \u00e9quip\u00e9 des technologies Icefil et Xylitol.","breadcrumb":{"@id":"https:\/\/www.miomiorun.com\/fr\/produit\/zoot-3-inch-short-femme\/#breadcrumb"},"inLanguage":"fr-FR","potentialAction":[{"@type":"ReadAction","target":["https:\/\/www.miomiorun.com\/fr\/produit\/zoot-3-inch-short-femme\/"]}]},{"@type":"ImageObject","inLanguage":"fr-FR","@id":"https:\/\/www.miomiorun.com\/fr\/produit\/zoot-3-inch-short-femme\/#primaryimage","url":"https:\/\/www.miomiorun.com\/app\/uploads\/2020\/03\/Zoot-Inch-Short-Slice-26a2051.1.3.jpg","contentUrl":"https:\/\/www.miomiorun.com\/app\/uploads\/2020\/03\/Zoot-Inch-Short-Slice-26a2051.1.3.jpg","width":595,"height":595,"caption":"Zoot-Inch-Short-Slice-26a2051.1.3"},{"@type":"BreadcrumbList","@id":"https:\/\/www.miomiorun.com\/fr\/produit\/zoot-3-inch-short-femme\/#breadcrumb","itemListElement":[{"@type":"ListItem","position":1,"name":"Home","item":"https:\/\/www.miomiorun.com\/fr\/home-page\/"},{"@type":"ListItem","position":2,"name":"Shop","item":"https:\/\/www.miomiorun.com\/shop\/"},{"@type":"ListItem","position":3,"name":"3 Inch Short femme"}]},{"@type":"WebSite","@id":"https:\/\/www.miomiorun.com\/fr\/#website","url":"https:\/\/www.miomiorun.com\/fr\/","name":"MioMioRun","description":"Boutique 100% running et trail","publisher":{"@id":"https:\/\/www.miomiorun.com\/fr\/#organization"},"potentialAction":[{"@type":"SearchAction","target":{"@type":"EntryPoint","urlTemplate":"https:\/\/www.miomiorun.com\/fr\/?s={search_term_string}"},"query-input":{"@type":"PropertyValueSpecification","valueRequired":true,"valueName":"search_term_string"}}],"inLanguage":"fr-FR"},{"@type":"Organization","@id":"https:\/\/www.miomiorun.com\/fr\/#organization","name":"MioMio Run","url":"https:\/\/www.miomiorun.com\/fr\/","logo":{"@type":"ImageObject","inLanguage":"fr-FR","@id":"https:\/\/www.miomiorun.com\/fr\/#\/schema\/logo\/image\/","url":"https:\/\/www.miomiorun.com\/app\/uploads\/2019\/12\/logomio.png","contentUrl":"https:\/\/www.miomiorun.com\/app\/uploads\/2019\/12\/logomio.png","width":115,"height":82,"caption":"MioMio Run"},"image":{"@id":"https:\/\/www.miomiorun.com\/fr\/#\/schema\/logo\/image\/"},"sameAs":["https:\/\/www.facebook.com\/miomiorun\/","https:\/\/www.instagram.com\/miomiorun\/"]}]}},"_links":{"self":[{"href":"https:\/\/www.miomiorun.com\/fr\/wp-json\/wp\/v2\/product\/274892","targetHints":{"allow":["GET"]}}],"collection":[{"href":"https:\/\/www.miomiorun.com\/fr\/wp-json\/wp\/v2\/product"}],"about":[{"href":"https:\/\/www.miomiorun.com\/fr\/wp-json\/wp\/v2\/types\/product"}],"wp:featuredmedia":[{"embeddable":true,"href":"https:\/\/www.miomiorun.com\/fr\/wp-json\/wp\/v2\/media\/229575"}],"wp:attachment":[{"href":"https:\/\/www.miomiorun.com\/fr\/wp-json\/wp\/v2\/media?parent=274892"}],"wp:term":[{"taxonomy":"product_brand","embeddable":true,"href":"https:\/\/www.miomiorun.com\/fr\/wp-json\/wp\/v2\/product_brand?post=274892"},{"taxonomy":"product_cat","embeddable":true,"href":"https:\/\/www.miomiorun.com\/fr\/wp-json\/wp\/v2\/product_cat?post=274892"},{"taxonomy":"product_tag","embeddable":true,"href":"https:\/\/www.miomiorun.com\/fr\/wp-json\/wp\/v2\/product_tag?post=274892"}],"curies":[{"name":"wp","href":"https:\/\/api.w.org\/{rel}","templated":true}]}}