{"id":274769,"date":"2020-04-03T15:08:36","date_gmt":"2020-04-03T13:08:36","guid":{"rendered":"https:\/\/miomiorun.com\/prodotto\/brooks-nightlife-long-sleeve-uomo\/"},"modified":"2025-04-19T11:24:24","modified_gmt":"2025-04-19T09:24:24","slug":"brooks-nightlife-long-sleeve-homme","status":"publish","type":"product","link":"https:\/\/www.miomiorun.com\/fr\/produit\/brooks-nightlife-long-sleeve-homme\/","title":{"rendered":"Nightlife Long Sleeve homme"},"content":{"rendered":"<p><span style=\"font-weight: 400;\">La subtilit\u00e9 est surfaite. Faites-vous remarquer avec ce maillot fluorescent \u00e0 s\u00e9chage rapide pour hommes, avec r\u00e9tro-r\u00e9flexion \u00e0 l&#8217;avant et \u00e0 l&#8217;arri\u00e8re.<\/span><\/p>\n<h2>CARACT\u00c9RISTIQUES<\/h2>\n<p>Coupe : pr\u00e8s du corps<\/p>\n<p>Tissu : DriLayer 100 % polyester<\/p>\n<h2>Visible dans des conditions de faible et d&#8217;absence de lumi\u00e8re<\/h2>\n<p><span style=\"font-weight: 400;\">La couleur fluorescente et les \u00e9l\u00e9ments r\u00e9fl\u00e9chissants 360\u02da dans les zones de mouvement cruciales vous rendent visible pour les voitures, les cyclistes et les autres coureurs dans des conditions de faible ou d&#8217;absence de lumi\u00e8re.<\/span><\/p>\n<h2>S\u00e8che rapidement<\/h2>\n<p>Ce n&#8217;est pas parce que vous avez m\u00e9rit\u00e9 de transpirer que vous voulez courir avec. Notre tissu DriLayer\u00ae \u00e9vacue la transpiration pour que vous restiez \u00e0 l&#8217;aise, au sec et l\u00e9ger sur vos pieds.<\/p>\n<h2>R\u00e9sistant aux odeurs<\/h2>\n<p>DriLayer\u00aeBurst r\u00e9siste aux odeurs, ce qui permet au tissu de rester frais pendant plusieurs utilisations.<\/p>\n<p>&nbsp;<\/p>\n","protected":false},"excerpt":{"rendered":"<p>La subtilit\u00e9 est surfaite. Faites-vous remarquer avec ce maillot fluorescent \u00e0 s\u00e9chage rapide pour hommes, avec r\u00e9tro-r\u00e9flexion \u00e0 l&#8217;avant et \u00e0 l&#8217;arri\u00e8re. CARACT\u00c9RISTIQUES Coupe : pr\u00e8s du corps Tissu : DriLayer 100 % polyester Visible dans des conditions de faible et d&#8217;absence de lumi\u00e8re La couleur fluorescente et les \u00e9l\u00e9ments r\u00e9fl\u00e9chissants 360\u02da dans les zones &hellip; <a href=\"https:\/\/www.miomiorun.com\/fr\/produit\/brooks-nightlife-long-sleeve-homme\/\">Continued<\/a><\/p>\n","protected":false},"featured_media":229697,"template":"","meta":{"_acf_changed":false,"inline_featured_image":false},"product_brand":[],"product_cat":[24485,24430,24431],"product_tag":[23462,23655],"class_list":{"0":"post-274769","1":"product","2":"type-product","3":"status-publish","4":"has-post-thumbnail","6":"product_cat-maillots-fr-3","7":"product_cat-vetements-pour-hommes","8":"product_cat-offres-pour-hommes","9":"product_tag-brooks-fr","10":"product_tag-brooks-homme","11":"pa_attivita-marcher","12":"pa_attivita-running-fr","13":"pa_marca-brooks-fr","14":"pa_sesso-homme","15":"pa_size-small-fr","16":"pa_size-medium-fr","17":"pa_size-large-fr","19":"first","20":"instock","21":"taxable","22":"shipping-taxable","23":"purchasable","24":"product-type-variable","25":"wvs-archive-product-wrapper"},"acf":[],"yoast_head":"<!-- This site is optimized with the Yoast SEO plugin v26.8 - https:\/\/yoast.com\/product\/yoast-seo-wordpress\/ -->\n<title>Brooks Nightlife Long Sleeve homme - Maillot de course - MioMioRun<\/title>\n<meta name=\"description\" content=\"Faites-vous remarquer avec ce maillot fluorescent \u00e0 s\u00e9chage rapide pour hommes, avec r\u00e9tro-r\u00e9flexion \u00e0 l&#039;avant et \u00e0 l&#039;arri\u00e8re.\" \/>\n<meta name=\"robots\" content=\"index, follow, max-snippet:-1, max-image-preview:large, max-video-preview:-1\" \/>\n<link rel=\"canonical\" href=\"https:\/\/www.miomiorun.com\/fr\/produit\/brooks-nightlife-long-sleeve-homme\/\" \/>\n<meta property=\"og:locale\" content=\"fr_FR\" \/>\n<meta property=\"og:type\" content=\"article\" \/>\n<meta property=\"og:title\" content=\"Brooks Nightlife Long Sleeve homme - Maillot de course - MioMioRun\" \/>\n<meta property=\"og:description\" content=\"Faites-vous remarquer avec ce maillot fluorescent \u00e0 s\u00e9chage rapide pour hommes, avec r\u00e9tro-r\u00e9flexion \u00e0 l&#039;avant et \u00e0 l&#039;arri\u00e8re.\" \/>\n<meta property=\"og:url\" content=\"https:\/\/www.miomiorun.com\/fr\/produit\/brooks-nightlife-long-sleeve-homme\/\" \/>\n<meta property=\"og:site_name\" content=\"MioMioRun\" \/>\n<meta property=\"article:publisher\" content=\"https:\/\/www.facebook.com\/miomiorun\/\" \/>\n<meta property=\"article:modified_time\" content=\"2025-04-19T09:24:24+00:00\" \/>\n<meta property=\"og:image\" content=\"https:\/\/www.miomiorun.com\/app\/uploads\/2020\/04\/Nightlife-long-sleeve.jpg\" \/>\n\t<meta property=\"og:image:width\" content=\"600\" \/>\n\t<meta property=\"og:image:height\" content=\"600\" \/>\n\t<meta property=\"og:image:type\" content=\"image\/jpeg\" \/>\n<meta name=\"twitter:card\" content=\"summary_large_image\" \/>\n<meta name=\"twitter:label1\" content=\"Est. reading time\" \/>\n\t<meta name=\"twitter:data1\" content=\"1 minute\" \/>\n<script type=\"application\/ld+json\" class=\"yoast-schema-graph\">{\"@context\":\"https:\/\/schema.org\",\"@graph\":[{\"@type\":\"WebPage\",\"@id\":\"https:\/\/www.miomiorun.com\/fr\/produit\/brooks-nightlife-long-sleeve-homme\/\",\"url\":\"https:\/\/www.miomiorun.com\/fr\/produit\/brooks-nightlife-long-sleeve-homme\/\",\"name\":\"Brooks Nightlife Long Sleeve homme - Maillot de course - MioMioRun\",\"isPartOf\":{\"@id\":\"https:\/\/www.miomiorun.com\/fr\/#website\"},\"primaryImageOfPage\":{\"@id\":\"https:\/\/www.miomiorun.com\/fr\/produit\/brooks-nightlife-long-sleeve-homme\/#primaryimage\"},\"image\":{\"@id\":\"https:\/\/www.miomiorun.com\/fr\/produit\/brooks-nightlife-long-sleeve-homme\/#primaryimage\"},\"thumbnailUrl\":\"https:\/\/www.miomiorun.com\/app\/uploads\/2020\/04\/Nightlife-long-sleeve.jpg\",\"datePublished\":\"2020-04-03T13:08:36+00:00\",\"dateModified\":\"2025-04-19T09:24:24+00:00\",\"description\":\"Faites-vous remarquer avec ce maillot fluorescent \u00e0 s\u00e9chage rapide pour hommes, avec r\u00e9tro-r\u00e9flexion \u00e0 l'avant et \u00e0 l'arri\u00e8re.\",\"breadcrumb\":{\"@id\":\"https:\/\/www.miomiorun.com\/fr\/produit\/brooks-nightlife-long-sleeve-homme\/#breadcrumb\"},\"inLanguage\":\"fr-FR\",\"potentialAction\":[{\"@type\":\"ReadAction\",\"target\":[\"https:\/\/www.miomiorun.com\/fr\/produit\/brooks-nightlife-long-sleeve-homme\/\"]}]},{\"@type\":\"ImageObject\",\"inLanguage\":\"fr-FR\",\"@id\":\"https:\/\/www.miomiorun.com\/fr\/produit\/brooks-nightlife-long-sleeve-homme\/#primaryimage\",\"url\":\"https:\/\/www.miomiorun.com\/app\/uploads\/2020\/04\/Nightlife-long-sleeve.jpg\",\"contentUrl\":\"https:\/\/www.miomiorun.com\/app\/uploads\/2020\/04\/Nightlife-long-sleeve.jpg\",\"width\":600,\"height\":600,\"caption\":\"Nightlife-long-sleeve\"},{\"@type\":\"BreadcrumbList\",\"@id\":\"https:\/\/www.miomiorun.com\/fr\/produit\/brooks-nightlife-long-sleeve-homme\/#breadcrumb\",\"itemListElement\":[{\"@type\":\"ListItem\",\"position\":1,\"name\":\"Home\",\"item\":\"https:\/\/www.miomiorun.com\/fr\/home-page\/\"},{\"@type\":\"ListItem\",\"position\":2,\"name\":\"Shop\",\"item\":\"https:\/\/www.miomiorun.com\/shop\/\"},{\"@type\":\"ListItem\",\"position\":3,\"name\":\"Nightlife Long Sleeve homme\"}]},{\"@type\":\"WebSite\",\"@id\":\"https:\/\/www.miomiorun.com\/fr\/#website\",\"url\":\"https:\/\/www.miomiorun.com\/fr\/\",\"name\":\"MioMioRun\",\"description\":\"Boutique 100% running et trail\",\"publisher\":{\"@id\":\"https:\/\/www.miomiorun.com\/fr\/#organization\"},\"potentialAction\":[{\"@type\":\"SearchAction\",\"target\":{\"@type\":\"EntryPoint\",\"urlTemplate\":\"https:\/\/www.miomiorun.com\/fr\/?s={search_term_string}\"},\"query-input\":{\"@type\":\"PropertyValueSpecification\",\"valueRequired\":true,\"valueName\":\"search_term_string\"}}],\"inLanguage\":\"fr-FR\"},{\"@type\":\"Organization\",\"@id\":\"https:\/\/www.miomiorun.com\/fr\/#organization\",\"name\":\"MioMio Run\",\"url\":\"https:\/\/www.miomiorun.com\/fr\/\",\"logo\":{\"@type\":\"ImageObject\",\"inLanguage\":\"fr-FR\",\"@id\":\"https:\/\/www.miomiorun.com\/fr\/#\/schema\/logo\/image\/\",\"url\":\"https:\/\/www.miomiorun.com\/app\/uploads\/2019\/12\/logomio.png\",\"contentUrl\":\"https:\/\/www.miomiorun.com\/app\/uploads\/2019\/12\/logomio.png\",\"width\":115,\"height\":82,\"caption\":\"MioMio Run\"},\"image\":{\"@id\":\"https:\/\/www.miomiorun.com\/fr\/#\/schema\/logo\/image\/\"},\"sameAs\":[\"https:\/\/www.facebook.com\/miomiorun\/\",\"https:\/\/www.instagram.com\/miomiorun\/\"]}]}<\/script>\n<!-- \/ Yoast SEO plugin. -->","yoast_head_json":{"title":"Brooks Nightlife Long Sleeve homme - Maillot de course - MioMioRun","description":"Faites-vous remarquer avec ce maillot fluorescent \u00e0 s\u00e9chage rapide pour hommes, avec r\u00e9tro-r\u00e9flexion \u00e0 l'avant et \u00e0 l'arri\u00e8re.","robots":{"index":"index","follow":"follow","max-snippet":"max-snippet:-1","max-image-preview":"max-image-preview:large","max-video-preview":"max-video-preview:-1"},"canonical":"https:\/\/www.miomiorun.com\/fr\/produit\/brooks-nightlife-long-sleeve-homme\/","og_locale":"fr_FR","og_type":"article","og_title":"Brooks Nightlife Long Sleeve homme - Maillot de course - MioMioRun","og_description":"Faites-vous remarquer avec ce maillot fluorescent \u00e0 s\u00e9chage rapide pour hommes, avec r\u00e9tro-r\u00e9flexion \u00e0 l'avant et \u00e0 l'arri\u00e8re.","og_url":"https:\/\/www.miomiorun.com\/fr\/produit\/brooks-nightlife-long-sleeve-homme\/","og_site_name":"MioMioRun","article_publisher":"https:\/\/www.facebook.com\/miomiorun\/","article_modified_time":"2025-04-19T09:24:24+00:00","og_image":[{"width":600,"height":600,"url":"https:\/\/www.miomiorun.com\/app\/uploads\/2020\/04\/Nightlife-long-sleeve.jpg","type":"image\/jpeg"}],"twitter_card":"summary_large_image","twitter_misc":{"Est. reading time":"1 minute"},"schema":{"@context":"https:\/\/schema.org","@graph":[{"@type":"WebPage","@id":"https:\/\/www.miomiorun.com\/fr\/produit\/brooks-nightlife-long-sleeve-homme\/","url":"https:\/\/www.miomiorun.com\/fr\/produit\/brooks-nightlife-long-sleeve-homme\/","name":"Brooks Nightlife Long Sleeve homme - Maillot de course - MioMioRun","isPartOf":{"@id":"https:\/\/www.miomiorun.com\/fr\/#website"},"primaryImageOfPage":{"@id":"https:\/\/www.miomiorun.com\/fr\/produit\/brooks-nightlife-long-sleeve-homme\/#primaryimage"},"image":{"@id":"https:\/\/www.miomiorun.com\/fr\/produit\/brooks-nightlife-long-sleeve-homme\/#primaryimage"},"thumbnailUrl":"https:\/\/www.miomiorun.com\/app\/uploads\/2020\/04\/Nightlife-long-sleeve.jpg","datePublished":"2020-04-03T13:08:36+00:00","dateModified":"2025-04-19T09:24:24+00:00","description":"Faites-vous remarquer avec ce maillot fluorescent \u00e0 s\u00e9chage rapide pour hommes, avec r\u00e9tro-r\u00e9flexion \u00e0 l'avant et \u00e0 l'arri\u00e8re.","breadcrumb":{"@id":"https:\/\/www.miomiorun.com\/fr\/produit\/brooks-nightlife-long-sleeve-homme\/#breadcrumb"},"inLanguage":"fr-FR","potentialAction":[{"@type":"ReadAction","target":["https:\/\/www.miomiorun.com\/fr\/produit\/brooks-nightlife-long-sleeve-homme\/"]}]},{"@type":"ImageObject","inLanguage":"fr-FR","@id":"https:\/\/www.miomiorun.com\/fr\/produit\/brooks-nightlife-long-sleeve-homme\/#primaryimage","url":"https:\/\/www.miomiorun.com\/app\/uploads\/2020\/04\/Nightlife-long-sleeve.jpg","contentUrl":"https:\/\/www.miomiorun.com\/app\/uploads\/2020\/04\/Nightlife-long-sleeve.jpg","width":600,"height":600,"caption":"Nightlife-long-sleeve"},{"@type":"BreadcrumbList","@id":"https:\/\/www.miomiorun.com\/fr\/produit\/brooks-nightlife-long-sleeve-homme\/#breadcrumb","itemListElement":[{"@type":"ListItem","position":1,"name":"Home","item":"https:\/\/www.miomiorun.com\/fr\/home-page\/"},{"@type":"ListItem","position":2,"name":"Shop","item":"https:\/\/www.miomiorun.com\/shop\/"},{"@type":"ListItem","position":3,"name":"Nightlife Long Sleeve homme"}]},{"@type":"WebSite","@id":"https:\/\/www.miomiorun.com\/fr\/#website","url":"https:\/\/www.miomiorun.com\/fr\/","name":"MioMioRun","description":"Boutique 100% running et trail","publisher":{"@id":"https:\/\/www.miomiorun.com\/fr\/#organization"},"potentialAction":[{"@type":"SearchAction","target":{"@type":"EntryPoint","urlTemplate":"https:\/\/www.miomiorun.com\/fr\/?s={search_term_string}"},"query-input":{"@type":"PropertyValueSpecification","valueRequired":true,"valueName":"search_term_string"}}],"inLanguage":"fr-FR"},{"@type":"Organization","@id":"https:\/\/www.miomiorun.com\/fr\/#organization","name":"MioMio Run","url":"https:\/\/www.miomiorun.com\/fr\/","logo":{"@type":"ImageObject","inLanguage":"fr-FR","@id":"https:\/\/www.miomiorun.com\/fr\/#\/schema\/logo\/image\/","url":"https:\/\/www.miomiorun.com\/app\/uploads\/2019\/12\/logomio.png","contentUrl":"https:\/\/www.miomiorun.com\/app\/uploads\/2019\/12\/logomio.png","width":115,"height":82,"caption":"MioMio Run"},"image":{"@id":"https:\/\/www.miomiorun.com\/fr\/#\/schema\/logo\/image\/"},"sameAs":["https:\/\/www.facebook.com\/miomiorun\/","https:\/\/www.instagram.com\/miomiorun\/"]}]}},"_links":{"self":[{"href":"https:\/\/www.miomiorun.com\/fr\/wp-json\/wp\/v2\/product\/274769","targetHints":{"allow":["GET"]}}],"collection":[{"href":"https:\/\/www.miomiorun.com\/fr\/wp-json\/wp\/v2\/product"}],"about":[{"href":"https:\/\/www.miomiorun.com\/fr\/wp-json\/wp\/v2\/types\/product"}],"wp:featuredmedia":[{"embeddable":true,"href":"https:\/\/www.miomiorun.com\/fr\/wp-json\/wp\/v2\/media\/229697"}],"wp:attachment":[{"href":"https:\/\/www.miomiorun.com\/fr\/wp-json\/wp\/v2\/media?parent=274769"}],"wp:term":[{"taxonomy":"product_brand","embeddable":true,"href":"https:\/\/www.miomiorun.com\/fr\/wp-json\/wp\/v2\/product_brand?post=274769"},{"taxonomy":"product_cat","embeddable":true,"href":"https:\/\/www.miomiorun.com\/fr\/wp-json\/wp\/v2\/product_cat?post=274769"},{"taxonomy":"product_tag","embeddable":true,"href":"https:\/\/www.miomiorun.com\/fr\/wp-json\/wp\/v2\/product_tag?post=274769"}],"curies":[{"name":"wp","href":"https:\/\/api.w.org\/{rel}","templated":true}]}}