{"id":274727,"date":"2020-04-07T11:15:54","date_gmt":"2020-04-07T09:15:54","guid":{"rendered":"https:\/\/miomiorun.com\/prodotto\/garmin-charge-power-pack\/"},"modified":"2025-04-23T12:05:36","modified_gmt":"2025-04-23T10:05:36","slug":"garmin-charge-power-pack","status":"publish","type":"product","link":"https:\/\/www.miomiorun.com\/fr\/produit\/garmin-charge-power-pack\/","title":{"rendered":"Charge\u2122 Power Pack"},"content":{"rendered":"<div class=\"top bottom\">\n<p>Poursuivez votre parcours avec le bloc d&#8217;alimentation Garmin Charge. Cette batterie externe se connecte directement au compteur <a href=\"https:\/\/miomiorun.com\/edge-1030-plus\/\">Edge\u00ae 1030 plus<\/a> et offre jusqu&#8217;\u00e0 24 heures d&#8217;autonomie suppl\u00e9mentaires. Elle est \u00e9galement compatible avec le nouveau support simplifi\u00e9 pour guidon.<\/p>\n<p>Vous pouvez \u00e9galement recharger votre appareil pendant votre activit\u00e9 en connectant le bloc d&#8217;alimentation Garmin Charge \u00e0 n&#8217;importe quel appareil de fitness compatible \u00e0 l&#8217;aide d&#8217;un c\u00e2ble suppl\u00e9mentaire, y compris les wearables et autres compteurs de v\u00e9lo. Connectez le bloc d&#8217;alimentation \u00e0 un c\u00e2ble de charge USB et continuez \u00e0 p\u00e9daler sans jamais vous arr\u00eater.<\/p>\n<\/div>\n","protected":false},"excerpt":{"rendered":"<p>Poursuivez votre parcours avec le bloc d&#8217;alimentation Garmin Charge. Cette batterie externe se connecte directement au compteur Edge\u00ae 1030 plus et offre jusqu&#8217;\u00e0 24 heures d&#8217;autonomie suppl\u00e9mentaires. Elle est \u00e9galement compatible avec le nouveau support simplifi\u00e9 pour guidon. Vous pouvez \u00e9galement recharger votre appareil pendant votre activit\u00e9 en connectant le bloc d&#8217;alimentation Garmin Charge \u00e0 &hellip; <a href=\"https:\/\/www.miomiorun.com\/fr\/produit\/garmin-charge-power-pack\/\">Continued<\/a><\/p>\n","protected":false},"featured_media":229721,"template":"","meta":{"_acf_changed":false,"inline_featured_image":false},"product_brand":[],"product_cat":[22537,22566],"product_tag":[23480],"class_list":{"0":"post-274727","1":"product","2":"type-product","3":"status-publish","4":"has-post-thumbnail","6":"product_cat-garmin-fr","7":"product_cat-accessoires-fr","8":"product_tag-garmin-fr","9":"pa_marca-garmin-fr","10":"pa_sesso-femme","11":"pa_sesso-homme","13":"first","14":"outofstock","15":"sale","16":"taxable","17":"shipping-taxable","18":"purchasable","19":"product-type-simple"},"acf":[],"yoast_head":"<!-- This site is optimized with the Yoast SEO plugin v26.8 - https:\/\/yoast.com\/product\/yoast-seo-wordpress\/ -->\n<title>Garmin Charge\u2122 Power Pack - Capteurs pour v\u00e9los - MioMioRun<\/title>\n<meta name=\"description\" content=\"Poursuivez votre parcours avec le bloc d&#039;alimentation Garmin Charge. Batterie externe pour le Edge\u00ae 1030 offrant jusqu&#039;\u00e0 24 heures d&#039;autonomie suppl\u00e9mentaires.\" \/>\n<meta name=\"robots\" content=\"index, follow, max-snippet:-1, max-image-preview:large, max-video-preview:-1\" \/>\n<link rel=\"canonical\" href=\"https:\/\/www.miomiorun.com\/fr\/produit\/garmin-charge-power-pack\/\" \/>\n<meta property=\"og:locale\" content=\"fr_FR\" \/>\n<meta property=\"og:type\" content=\"article\" \/>\n<meta property=\"og:title\" content=\"Garmin Charge\u2122 Power Pack - Capteurs pour v\u00e9los - MioMioRun\" \/>\n<meta property=\"og:description\" content=\"Poursuivez votre parcours avec le bloc d&#039;alimentation Garmin Charge. Batterie externe pour le Edge\u00ae 1030 offrant jusqu&#039;\u00e0 24 heures d&#039;autonomie suppl\u00e9mentaires.\" \/>\n<meta property=\"og:url\" content=\"https:\/\/www.miomiorun.com\/fr\/produit\/garmin-charge-power-pack\/\" \/>\n<meta property=\"og:site_name\" content=\"MioMioRun\" \/>\n<meta property=\"article:publisher\" content=\"https:\/\/www.facebook.com\/miomiorun\/\" \/>\n<meta property=\"article:modified_time\" content=\"2025-04-23T10:05:36+00:00\" \/>\n<meta property=\"og:image\" content=\"https:\/\/www.miomiorun.com\/app\/uploads\/2020\/04\/Battery-pack.jpg\" \/>\n\t<meta property=\"og:image:width\" content=\"600\" \/>\n\t<meta property=\"og:image:height\" content=\"600\" \/>\n\t<meta property=\"og:image:type\" content=\"image\/jpeg\" \/>\n<meta name=\"twitter:card\" content=\"summary_large_image\" \/>\n<script type=\"application\/ld+json\" class=\"yoast-schema-graph\">{\"@context\":\"https:\/\/schema.org\",\"@graph\":[{\"@type\":\"WebPage\",\"@id\":\"https:\/\/www.miomiorun.com\/fr\/produit\/garmin-charge-power-pack\/\",\"url\":\"https:\/\/www.miomiorun.com\/fr\/produit\/garmin-charge-power-pack\/\",\"name\":\"Garmin Charge\u2122 Power Pack - Capteurs pour v\u00e9los - MioMioRun\",\"isPartOf\":{\"@id\":\"https:\/\/www.miomiorun.com\/fr\/#website\"},\"primaryImageOfPage\":{\"@id\":\"https:\/\/www.miomiorun.com\/fr\/produit\/garmin-charge-power-pack\/#primaryimage\"},\"image\":{\"@id\":\"https:\/\/www.miomiorun.com\/fr\/produit\/garmin-charge-power-pack\/#primaryimage\"},\"thumbnailUrl\":\"https:\/\/www.miomiorun.com\/app\/uploads\/2020\/04\/Battery-pack.jpg\",\"datePublished\":\"2020-04-07T09:15:54+00:00\",\"dateModified\":\"2025-04-23T10:05:36+00:00\",\"description\":\"Poursuivez votre parcours avec le bloc d'alimentation Garmin Charge. Batterie externe pour le Edge\u00ae 1030 offrant jusqu'\u00e0 24 heures d'autonomie suppl\u00e9mentaires.\",\"breadcrumb\":{\"@id\":\"https:\/\/www.miomiorun.com\/fr\/produit\/garmin-charge-power-pack\/#breadcrumb\"},\"inLanguage\":\"fr-FR\",\"potentialAction\":[{\"@type\":\"ReadAction\",\"target\":[\"https:\/\/www.miomiorun.com\/fr\/produit\/garmin-charge-power-pack\/\"]}]},{\"@type\":\"ImageObject\",\"inLanguage\":\"fr-FR\",\"@id\":\"https:\/\/www.miomiorun.com\/fr\/produit\/garmin-charge-power-pack\/#primaryimage\",\"url\":\"https:\/\/www.miomiorun.com\/app\/uploads\/2020\/04\/Battery-pack.jpg\",\"contentUrl\":\"https:\/\/www.miomiorun.com\/app\/uploads\/2020\/04\/Battery-pack.jpg\",\"width\":600,\"height\":600,\"caption\":\"Battery-pack\"},{\"@type\":\"BreadcrumbList\",\"@id\":\"https:\/\/www.miomiorun.com\/fr\/produit\/garmin-charge-power-pack\/#breadcrumb\",\"itemListElement\":[{\"@type\":\"ListItem\",\"position\":1,\"name\":\"Home\",\"item\":\"https:\/\/www.miomiorun.com\/fr\/home-page\/\"},{\"@type\":\"ListItem\",\"position\":2,\"name\":\"Shop\",\"item\":\"https:\/\/www.miomiorun.com\/shop\/\"},{\"@type\":\"ListItem\",\"position\":3,\"name\":\"Charge\u2122 Power Pack\"}]},{\"@type\":\"WebSite\",\"@id\":\"https:\/\/www.miomiorun.com\/fr\/#website\",\"url\":\"https:\/\/www.miomiorun.com\/fr\/\",\"name\":\"MioMioRun\",\"description\":\"Boutique 100% running et trail\",\"publisher\":{\"@id\":\"https:\/\/www.miomiorun.com\/fr\/#organization\"},\"potentialAction\":[{\"@type\":\"SearchAction\",\"target\":{\"@type\":\"EntryPoint\",\"urlTemplate\":\"https:\/\/www.miomiorun.com\/fr\/?s={search_term_string}\"},\"query-input\":{\"@type\":\"PropertyValueSpecification\",\"valueRequired\":true,\"valueName\":\"search_term_string\"}}],\"inLanguage\":\"fr-FR\"},{\"@type\":\"Organization\",\"@id\":\"https:\/\/www.miomiorun.com\/fr\/#organization\",\"name\":\"MioMio Run\",\"url\":\"https:\/\/www.miomiorun.com\/fr\/\",\"logo\":{\"@type\":\"ImageObject\",\"inLanguage\":\"fr-FR\",\"@id\":\"https:\/\/www.miomiorun.com\/fr\/#\/schema\/logo\/image\/\",\"url\":\"https:\/\/www.miomiorun.com\/app\/uploads\/2019\/12\/logomio.png\",\"contentUrl\":\"https:\/\/www.miomiorun.com\/app\/uploads\/2019\/12\/logomio.png\",\"width\":115,\"height\":82,\"caption\":\"MioMio Run\"},\"image\":{\"@id\":\"https:\/\/www.miomiorun.com\/fr\/#\/schema\/logo\/image\/\"},\"sameAs\":[\"https:\/\/www.facebook.com\/miomiorun\/\",\"https:\/\/www.instagram.com\/miomiorun\/\"]}]}<\/script>\n<!-- \/ Yoast SEO plugin. -->","yoast_head_json":{"title":"Garmin Charge\u2122 Power Pack - Capteurs pour v\u00e9los - MioMioRun","description":"Poursuivez votre parcours avec le bloc d'alimentation Garmin Charge. Batterie externe pour le Edge\u00ae 1030 offrant jusqu'\u00e0 24 heures d'autonomie suppl\u00e9mentaires.","robots":{"index":"index","follow":"follow","max-snippet":"max-snippet:-1","max-image-preview":"max-image-preview:large","max-video-preview":"max-video-preview:-1"},"canonical":"https:\/\/www.miomiorun.com\/fr\/produit\/garmin-charge-power-pack\/","og_locale":"fr_FR","og_type":"article","og_title":"Garmin Charge\u2122 Power Pack - Capteurs pour v\u00e9los - MioMioRun","og_description":"Poursuivez votre parcours avec le bloc d'alimentation Garmin Charge. Batterie externe pour le Edge\u00ae 1030 offrant jusqu'\u00e0 24 heures d'autonomie suppl\u00e9mentaires.","og_url":"https:\/\/www.miomiorun.com\/fr\/produit\/garmin-charge-power-pack\/","og_site_name":"MioMioRun","article_publisher":"https:\/\/www.facebook.com\/miomiorun\/","article_modified_time":"2025-04-23T10:05:36+00:00","og_image":[{"width":600,"height":600,"url":"https:\/\/www.miomiorun.com\/app\/uploads\/2020\/04\/Battery-pack.jpg","type":"image\/jpeg"}],"twitter_card":"summary_large_image","schema":{"@context":"https:\/\/schema.org","@graph":[{"@type":"WebPage","@id":"https:\/\/www.miomiorun.com\/fr\/produit\/garmin-charge-power-pack\/","url":"https:\/\/www.miomiorun.com\/fr\/produit\/garmin-charge-power-pack\/","name":"Garmin Charge\u2122 Power Pack - Capteurs pour v\u00e9los - MioMioRun","isPartOf":{"@id":"https:\/\/www.miomiorun.com\/fr\/#website"},"primaryImageOfPage":{"@id":"https:\/\/www.miomiorun.com\/fr\/produit\/garmin-charge-power-pack\/#primaryimage"},"image":{"@id":"https:\/\/www.miomiorun.com\/fr\/produit\/garmin-charge-power-pack\/#primaryimage"},"thumbnailUrl":"https:\/\/www.miomiorun.com\/app\/uploads\/2020\/04\/Battery-pack.jpg","datePublished":"2020-04-07T09:15:54+00:00","dateModified":"2025-04-23T10:05:36+00:00","description":"Poursuivez votre parcours avec le bloc d'alimentation Garmin Charge. Batterie externe pour le Edge\u00ae 1030 offrant jusqu'\u00e0 24 heures d'autonomie suppl\u00e9mentaires.","breadcrumb":{"@id":"https:\/\/www.miomiorun.com\/fr\/produit\/garmin-charge-power-pack\/#breadcrumb"},"inLanguage":"fr-FR","potentialAction":[{"@type":"ReadAction","target":["https:\/\/www.miomiorun.com\/fr\/produit\/garmin-charge-power-pack\/"]}]},{"@type":"ImageObject","inLanguage":"fr-FR","@id":"https:\/\/www.miomiorun.com\/fr\/produit\/garmin-charge-power-pack\/#primaryimage","url":"https:\/\/www.miomiorun.com\/app\/uploads\/2020\/04\/Battery-pack.jpg","contentUrl":"https:\/\/www.miomiorun.com\/app\/uploads\/2020\/04\/Battery-pack.jpg","width":600,"height":600,"caption":"Battery-pack"},{"@type":"BreadcrumbList","@id":"https:\/\/www.miomiorun.com\/fr\/produit\/garmin-charge-power-pack\/#breadcrumb","itemListElement":[{"@type":"ListItem","position":1,"name":"Home","item":"https:\/\/www.miomiorun.com\/fr\/home-page\/"},{"@type":"ListItem","position":2,"name":"Shop","item":"https:\/\/www.miomiorun.com\/shop\/"},{"@type":"ListItem","position":3,"name":"Charge\u2122 Power Pack"}]},{"@type":"WebSite","@id":"https:\/\/www.miomiorun.com\/fr\/#website","url":"https:\/\/www.miomiorun.com\/fr\/","name":"MioMioRun","description":"Boutique 100% running et trail","publisher":{"@id":"https:\/\/www.miomiorun.com\/fr\/#organization"},"potentialAction":[{"@type":"SearchAction","target":{"@type":"EntryPoint","urlTemplate":"https:\/\/www.miomiorun.com\/fr\/?s={search_term_string}"},"query-input":{"@type":"PropertyValueSpecification","valueRequired":true,"valueName":"search_term_string"}}],"inLanguage":"fr-FR"},{"@type":"Organization","@id":"https:\/\/www.miomiorun.com\/fr\/#organization","name":"MioMio Run","url":"https:\/\/www.miomiorun.com\/fr\/","logo":{"@type":"ImageObject","inLanguage":"fr-FR","@id":"https:\/\/www.miomiorun.com\/fr\/#\/schema\/logo\/image\/","url":"https:\/\/www.miomiorun.com\/app\/uploads\/2019\/12\/logomio.png","contentUrl":"https:\/\/www.miomiorun.com\/app\/uploads\/2019\/12\/logomio.png","width":115,"height":82,"caption":"MioMio Run"},"image":{"@id":"https:\/\/www.miomiorun.com\/fr\/#\/schema\/logo\/image\/"},"sameAs":["https:\/\/www.facebook.com\/miomiorun\/","https:\/\/www.instagram.com\/miomiorun\/"]}]}},"_links":{"self":[{"href":"https:\/\/www.miomiorun.com\/fr\/wp-json\/wp\/v2\/product\/274727","targetHints":{"allow":["GET"]}}],"collection":[{"href":"https:\/\/www.miomiorun.com\/fr\/wp-json\/wp\/v2\/product"}],"about":[{"href":"https:\/\/www.miomiorun.com\/fr\/wp-json\/wp\/v2\/types\/product"}],"wp:featuredmedia":[{"embeddable":true,"href":"https:\/\/www.miomiorun.com\/fr\/wp-json\/wp\/v2\/media\/229721"}],"wp:attachment":[{"href":"https:\/\/www.miomiorun.com\/fr\/wp-json\/wp\/v2\/media?parent=274727"}],"wp:term":[{"taxonomy":"product_brand","embeddable":true,"href":"https:\/\/www.miomiorun.com\/fr\/wp-json\/wp\/v2\/product_brand?post=274727"},{"taxonomy":"product_cat","embeddable":true,"href":"https:\/\/www.miomiorun.com\/fr\/wp-json\/wp\/v2\/product_cat?post=274727"},{"taxonomy":"product_tag","embeddable":true,"href":"https:\/\/www.miomiorun.com\/fr\/wp-json\/wp\/v2\/product_tag?post=274727"}],"curies":[{"name":"wp","href":"https:\/\/api.w.org\/{rel}","templated":true}]}}