{"id":274724,"date":"2020-04-07T09:33:46","date_gmt":"2020-04-07T07:33:46","guid":{"rendered":"https:\/\/miomiorun.com\/prodotto\/nathan-vaporzach-2-5-liter-mens-race-vest\/"},"modified":"2025-04-23T12:06:43","modified_gmt":"2025-04-23T10:06:43","slug":"nathan-vaporzach-2-5-liter-mens-race-vest","status":"publish","type":"product","link":"https:\/\/www.miomiorun.com\/fr\/produit\/nathan-vaporzach-2-5-liter-mens-race-vest\/","title":{"rendered":"VaporZach 2.5 Liter Men&#8217;s Race Vest"},"content":{"rendered":"<p>Ce gilet d&#8217;hydratation de course a \u00e9t\u00e9 d\u00e9velopp\u00e9 selon les sp\u00e9cifications pr\u00e9cises du champion de course en titre, Zach Miller.<\/p>\n","protected":false},"excerpt":{"rendered":"<p>Le sac \u00e0 dos de course pour homme le plus l\u00e9ger de la s\u00e9rie prim\u00e9e Vapor offre un \u00e9quilibre id\u00e9al entre poids, capacit\u00e9 de stockage et durabilit\u00e9, m\u00eame pour les coureurs les plus soucieux de leur poids.<\/p>\n","protected":false},"featured_media":229717,"template":"","meta":{"_acf_changed":false,"inline_featured_image":false},"product_brand":[],"product_cat":[22589,22587,22538],"product_tag":[23511],"class_list":{"0":"post-274724","1":"product","2":"type-product","3":"status-publish","4":"has-post-thumbnail","6":"product_cat-sacs-a-dos","7":"product_cat-sacs-a-dos-et-ceintures","8":"product_cat-accessoires","9":"product_tag-nathan-fr","10":"pa_attivita-trail-fr","11":"pa_marca-nathan-fr","12":"pa_sesso-femme","13":"pa_sesso-homme","15":"first","16":"instock","17":"sale","18":"taxable","19":"shipping-taxable","20":"purchasable","21":"product-type-simple"},"acf":[],"yoast_head":"<!-- This site is optimized with the Yoast SEO plugin v26.8 - https:\/\/yoast.com\/product\/yoast-seo-wordpress\/ -->\n<title>Nathan VaporZach 2.5 Liter Men&#039;s Race Vest - sacs \u00e0 dos pour l&#039;eau - MioMioRun<\/title>\n<meta name=\"description\" content=\"Ce gilet d&#039;hydratation de course a \u00e9t\u00e9 d\u00e9velopp\u00e9 selon les sp\u00e9cifications pr\u00e9cises du champion de course en titre, Zach Miller.\" \/>\n<meta name=\"robots\" content=\"index, follow, max-snippet:-1, max-image-preview:large, max-video-preview:-1\" \/>\n<link rel=\"canonical\" href=\"https:\/\/www.miomiorun.com\/fr\/produit\/nathan-vaporzach-2-5-liter-mens-race-vest\/\" \/>\n<meta property=\"og:locale\" content=\"fr_FR\" \/>\n<meta property=\"og:type\" content=\"article\" \/>\n<meta property=\"og:title\" content=\"Nathan VaporZach 2.5 Liter Men&#039;s Race Vest - sacs \u00e0 dos pour l&#039;eau - MioMioRun\" \/>\n<meta property=\"og:description\" content=\"Ce gilet d&#039;hydratation de course a \u00e9t\u00e9 d\u00e9velopp\u00e9 selon les sp\u00e9cifications pr\u00e9cises du champion de course en titre, Zach Miller.\" \/>\n<meta property=\"og:url\" content=\"https:\/\/www.miomiorun.com\/fr\/produit\/nathan-vaporzach-2-5-liter-mens-race-vest\/\" \/>\n<meta property=\"og:site_name\" content=\"MioMioRun\" \/>\n<meta property=\"article:publisher\" content=\"https:\/\/www.facebook.com\/miomiorun\/\" \/>\n<meta property=\"article:modified_time\" content=\"2025-04-23T10:06:43+00:00\" \/>\n<meta property=\"og:image\" content=\"https:\/\/www.miomiorun.com\/app\/uploads\/2020\/04\/Nathan-VaporZach-2.5-Liter-Men-Race-Vest.jpg\" \/>\n\t<meta property=\"og:image:width\" content=\"600\" \/>\n\t<meta property=\"og:image:height\" content=\"600\" \/>\n\t<meta property=\"og:image:type\" content=\"image\/jpeg\" \/>\n<meta name=\"twitter:card\" content=\"summary_large_image\" \/>\n<script type=\"application\/ld+json\" class=\"yoast-schema-graph\">{\"@context\":\"https:\/\/schema.org\",\"@graph\":[{\"@type\":\"WebPage\",\"@id\":\"https:\/\/www.miomiorun.com\/fr\/produit\/nathan-vaporzach-2-5-liter-mens-race-vest\/\",\"url\":\"https:\/\/www.miomiorun.com\/fr\/produit\/nathan-vaporzach-2-5-liter-mens-race-vest\/\",\"name\":\"Nathan VaporZach 2.5 Liter Men's Race Vest - sacs \u00e0 dos pour l'eau - MioMioRun\",\"isPartOf\":{\"@id\":\"https:\/\/www.miomiorun.com\/fr\/#website\"},\"primaryImageOfPage\":{\"@id\":\"https:\/\/www.miomiorun.com\/fr\/produit\/nathan-vaporzach-2-5-liter-mens-race-vest\/#primaryimage\"},\"image\":{\"@id\":\"https:\/\/www.miomiorun.com\/fr\/produit\/nathan-vaporzach-2-5-liter-mens-race-vest\/#primaryimage\"},\"thumbnailUrl\":\"https:\/\/www.miomiorun.com\/app\/uploads\/2020\/04\/Nathan-VaporZach-2.5-Liter-Men-Race-Vest.jpg\",\"datePublished\":\"2020-04-07T07:33:46+00:00\",\"dateModified\":\"2025-04-23T10:06:43+00:00\",\"description\":\"Ce gilet d'hydratation de course a \u00e9t\u00e9 d\u00e9velopp\u00e9 selon les sp\u00e9cifications pr\u00e9cises du champion de course en titre, Zach Miller.\",\"breadcrumb\":{\"@id\":\"https:\/\/www.miomiorun.com\/fr\/produit\/nathan-vaporzach-2-5-liter-mens-race-vest\/#breadcrumb\"},\"inLanguage\":\"fr-FR\",\"potentialAction\":[{\"@type\":\"ReadAction\",\"target\":[\"https:\/\/www.miomiorun.com\/fr\/produit\/nathan-vaporzach-2-5-liter-mens-race-vest\/\"]}]},{\"@type\":\"ImageObject\",\"inLanguage\":\"fr-FR\",\"@id\":\"https:\/\/www.miomiorun.com\/fr\/produit\/nathan-vaporzach-2-5-liter-mens-race-vest\/#primaryimage\",\"url\":\"https:\/\/www.miomiorun.com\/app\/uploads\/2020\/04\/Nathan-VaporZach-2.5-Liter-Men-Race-Vest.jpg\",\"contentUrl\":\"https:\/\/www.miomiorun.com\/app\/uploads\/2020\/04\/Nathan-VaporZach-2.5-Liter-Men-Race-Vest.jpg\",\"width\":600,\"height\":600,\"caption\":\"Nathan-VaporZach-2.5-Liter-Men-Race-Vest\"},{\"@type\":\"BreadcrumbList\",\"@id\":\"https:\/\/www.miomiorun.com\/fr\/produit\/nathan-vaporzach-2-5-liter-mens-race-vest\/#breadcrumb\",\"itemListElement\":[{\"@type\":\"ListItem\",\"position\":1,\"name\":\"Home\",\"item\":\"https:\/\/www.miomiorun.com\/fr\/home-page\/\"},{\"@type\":\"ListItem\",\"position\":2,\"name\":\"Shop\",\"item\":\"https:\/\/www.miomiorun.com\/shop\/\"},{\"@type\":\"ListItem\",\"position\":3,\"name\":\"VaporZach 2.5 Liter Men&#8217;s Race Vest\"}]},{\"@type\":\"WebSite\",\"@id\":\"https:\/\/www.miomiorun.com\/fr\/#website\",\"url\":\"https:\/\/www.miomiorun.com\/fr\/\",\"name\":\"MioMioRun\",\"description\":\"Boutique 100% running et trail\",\"publisher\":{\"@id\":\"https:\/\/www.miomiorun.com\/fr\/#organization\"},\"potentialAction\":[{\"@type\":\"SearchAction\",\"target\":{\"@type\":\"EntryPoint\",\"urlTemplate\":\"https:\/\/www.miomiorun.com\/fr\/?s={search_term_string}\"},\"query-input\":{\"@type\":\"PropertyValueSpecification\",\"valueRequired\":true,\"valueName\":\"search_term_string\"}}],\"inLanguage\":\"fr-FR\"},{\"@type\":\"Organization\",\"@id\":\"https:\/\/www.miomiorun.com\/fr\/#organization\",\"name\":\"MioMio Run\",\"url\":\"https:\/\/www.miomiorun.com\/fr\/\",\"logo\":{\"@type\":\"ImageObject\",\"inLanguage\":\"fr-FR\",\"@id\":\"https:\/\/www.miomiorun.com\/fr\/#\/schema\/logo\/image\/\",\"url\":\"https:\/\/www.miomiorun.com\/app\/uploads\/2019\/12\/logomio.png\",\"contentUrl\":\"https:\/\/www.miomiorun.com\/app\/uploads\/2019\/12\/logomio.png\",\"width\":115,\"height\":82,\"caption\":\"MioMio Run\"},\"image\":{\"@id\":\"https:\/\/www.miomiorun.com\/fr\/#\/schema\/logo\/image\/\"},\"sameAs\":[\"https:\/\/www.facebook.com\/miomiorun\/\",\"https:\/\/www.instagram.com\/miomiorun\/\"]}]}<\/script>\n<!-- \/ Yoast SEO plugin. -->","yoast_head_json":{"title":"Nathan VaporZach 2.5 Liter Men's Race Vest - sacs \u00e0 dos pour l'eau - MioMioRun","description":"Ce gilet d'hydratation de course a \u00e9t\u00e9 d\u00e9velopp\u00e9 selon les sp\u00e9cifications pr\u00e9cises du champion de course en titre, Zach Miller.","robots":{"index":"index","follow":"follow","max-snippet":"max-snippet:-1","max-image-preview":"max-image-preview:large","max-video-preview":"max-video-preview:-1"},"canonical":"https:\/\/www.miomiorun.com\/fr\/produit\/nathan-vaporzach-2-5-liter-mens-race-vest\/","og_locale":"fr_FR","og_type":"article","og_title":"Nathan VaporZach 2.5 Liter Men's Race Vest - sacs \u00e0 dos pour l'eau - MioMioRun","og_description":"Ce gilet d'hydratation de course a \u00e9t\u00e9 d\u00e9velopp\u00e9 selon les sp\u00e9cifications pr\u00e9cises du champion de course en titre, Zach Miller.","og_url":"https:\/\/www.miomiorun.com\/fr\/produit\/nathan-vaporzach-2-5-liter-mens-race-vest\/","og_site_name":"MioMioRun","article_publisher":"https:\/\/www.facebook.com\/miomiorun\/","article_modified_time":"2025-04-23T10:06:43+00:00","og_image":[{"width":600,"height":600,"url":"https:\/\/www.miomiorun.com\/app\/uploads\/2020\/04\/Nathan-VaporZach-2.5-Liter-Men-Race-Vest.jpg","type":"image\/jpeg"}],"twitter_card":"summary_large_image","schema":{"@context":"https:\/\/schema.org","@graph":[{"@type":"WebPage","@id":"https:\/\/www.miomiorun.com\/fr\/produit\/nathan-vaporzach-2-5-liter-mens-race-vest\/","url":"https:\/\/www.miomiorun.com\/fr\/produit\/nathan-vaporzach-2-5-liter-mens-race-vest\/","name":"Nathan VaporZach 2.5 Liter Men's Race Vest - sacs \u00e0 dos pour l'eau - MioMioRun","isPartOf":{"@id":"https:\/\/www.miomiorun.com\/fr\/#website"},"primaryImageOfPage":{"@id":"https:\/\/www.miomiorun.com\/fr\/produit\/nathan-vaporzach-2-5-liter-mens-race-vest\/#primaryimage"},"image":{"@id":"https:\/\/www.miomiorun.com\/fr\/produit\/nathan-vaporzach-2-5-liter-mens-race-vest\/#primaryimage"},"thumbnailUrl":"https:\/\/www.miomiorun.com\/app\/uploads\/2020\/04\/Nathan-VaporZach-2.5-Liter-Men-Race-Vest.jpg","datePublished":"2020-04-07T07:33:46+00:00","dateModified":"2025-04-23T10:06:43+00:00","description":"Ce gilet d'hydratation de course a \u00e9t\u00e9 d\u00e9velopp\u00e9 selon les sp\u00e9cifications pr\u00e9cises du champion de course en titre, Zach Miller.","breadcrumb":{"@id":"https:\/\/www.miomiorun.com\/fr\/produit\/nathan-vaporzach-2-5-liter-mens-race-vest\/#breadcrumb"},"inLanguage":"fr-FR","potentialAction":[{"@type":"ReadAction","target":["https:\/\/www.miomiorun.com\/fr\/produit\/nathan-vaporzach-2-5-liter-mens-race-vest\/"]}]},{"@type":"ImageObject","inLanguage":"fr-FR","@id":"https:\/\/www.miomiorun.com\/fr\/produit\/nathan-vaporzach-2-5-liter-mens-race-vest\/#primaryimage","url":"https:\/\/www.miomiorun.com\/app\/uploads\/2020\/04\/Nathan-VaporZach-2.5-Liter-Men-Race-Vest.jpg","contentUrl":"https:\/\/www.miomiorun.com\/app\/uploads\/2020\/04\/Nathan-VaporZach-2.5-Liter-Men-Race-Vest.jpg","width":600,"height":600,"caption":"Nathan-VaporZach-2.5-Liter-Men-Race-Vest"},{"@type":"BreadcrumbList","@id":"https:\/\/www.miomiorun.com\/fr\/produit\/nathan-vaporzach-2-5-liter-mens-race-vest\/#breadcrumb","itemListElement":[{"@type":"ListItem","position":1,"name":"Home","item":"https:\/\/www.miomiorun.com\/fr\/home-page\/"},{"@type":"ListItem","position":2,"name":"Shop","item":"https:\/\/www.miomiorun.com\/shop\/"},{"@type":"ListItem","position":3,"name":"VaporZach 2.5 Liter Men&#8217;s Race Vest"}]},{"@type":"WebSite","@id":"https:\/\/www.miomiorun.com\/fr\/#website","url":"https:\/\/www.miomiorun.com\/fr\/","name":"MioMioRun","description":"Boutique 100% running et trail","publisher":{"@id":"https:\/\/www.miomiorun.com\/fr\/#organization"},"potentialAction":[{"@type":"SearchAction","target":{"@type":"EntryPoint","urlTemplate":"https:\/\/www.miomiorun.com\/fr\/?s={search_term_string}"},"query-input":{"@type":"PropertyValueSpecification","valueRequired":true,"valueName":"search_term_string"}}],"inLanguage":"fr-FR"},{"@type":"Organization","@id":"https:\/\/www.miomiorun.com\/fr\/#organization","name":"MioMio Run","url":"https:\/\/www.miomiorun.com\/fr\/","logo":{"@type":"ImageObject","inLanguage":"fr-FR","@id":"https:\/\/www.miomiorun.com\/fr\/#\/schema\/logo\/image\/","url":"https:\/\/www.miomiorun.com\/app\/uploads\/2019\/12\/logomio.png","contentUrl":"https:\/\/www.miomiorun.com\/app\/uploads\/2019\/12\/logomio.png","width":115,"height":82,"caption":"MioMio Run"},"image":{"@id":"https:\/\/www.miomiorun.com\/fr\/#\/schema\/logo\/image\/"},"sameAs":["https:\/\/www.facebook.com\/miomiorun\/","https:\/\/www.instagram.com\/miomiorun\/"]}]}},"_links":{"self":[{"href":"https:\/\/www.miomiorun.com\/fr\/wp-json\/wp\/v2\/product\/274724","targetHints":{"allow":["GET"]}}],"collection":[{"href":"https:\/\/www.miomiorun.com\/fr\/wp-json\/wp\/v2\/product"}],"about":[{"href":"https:\/\/www.miomiorun.com\/fr\/wp-json\/wp\/v2\/types\/product"}],"wp:featuredmedia":[{"embeddable":true,"href":"https:\/\/www.miomiorun.com\/fr\/wp-json\/wp\/v2\/media\/229717"}],"wp:attachment":[{"href":"https:\/\/www.miomiorun.com\/fr\/wp-json\/wp\/v2\/media?parent=274724"}],"wp:term":[{"taxonomy":"product_brand","embeddable":true,"href":"https:\/\/www.miomiorun.com\/fr\/wp-json\/wp\/v2\/product_brand?post=274724"},{"taxonomy":"product_cat","embeddable":true,"href":"https:\/\/www.miomiorun.com\/fr\/wp-json\/wp\/v2\/product_cat?post=274724"},{"taxonomy":"product_tag","embeddable":true,"href":"https:\/\/www.miomiorun.com\/fr\/wp-json\/wp\/v2\/product_tag?post=274724"}],"curies":[{"name":"wp","href":"https:\/\/api.w.org\/{rel}","templated":true}]}}