{"id":274715,"date":"2020-04-05T11:48:28","date_gmt":"2020-04-05T09:48:28","guid":{"rendered":"https:\/\/miomiorun.com\/prodotto\/neutron-fire-rx-2-0-runners-headlamp\/"},"modified":"2025-04-19T12:32:59","modified_gmt":"2025-04-19T10:32:59","slug":"neutron-fire-rx-2-0-runners-headlamp","status":"publish","type":"product","link":"https:\/\/www.miomiorun.com\/fr\/produit\/neutron-fire-rx-2-0-runners-headlamp\/","title":{"rendered":"Neutron Fire RX 2.0 Runner&#8217;s Headlamp"},"content":{"rendered":"<p>La lampe frontale <strong>Neutron Fire RX 2.0 Runner&#8217;s<\/strong> Headlamp est con\u00e7ue pour les coureurs qui ont besoin d&#8217;un \u00e9clairage fiable pendant leurs s\u00e9ances d&#8217;entra\u00eenement dans des conditions de faible luminosit\u00e9.<\/p>\n<p><strong>Caract\u00e9ristiques principales :<\/strong><\/p>\n<ul>\n<li>Puissance <strong>lumineuse<\/strong>: \u00c9quip\u00e9e d&#8217;une LED principale \u00e9mettant jusqu&#8217;\u00e0 250 lumens, elle offre un \u00e9clairage clair et puissant sur les routes, les chemins et les sentiers.<\/li>\n<li><strong>Modes d&#8217;\u00e9clairage :<\/strong> Elle dispose de cinq modes d&#8217;\u00e9clairage : faible (33 lumens), moyen (100 lumens), \u00e9lev\u00e9 (163 lumens), boost (200 lumens) et stroboscopique, ce qui permet d&#8217;adapter la luminosit\u00e9 \u00e0 diff\u00e9rents besoins.<\/li>\n<li><strong>Feux lat\u00e9raux RVB :<\/strong> les feux lat\u00e9raux sont \u00e9quip\u00e9s de LED rouges, vertes et bleues, ce qui am\u00e9liore la visibilit\u00e9 lat\u00e9rale et permet de les personnaliser en fonction des pr\u00e9f\u00e9rences de l&#8217;utilisateur.<\/li>\n<li><strong>Batterie rechargeable :<\/strong> aliment\u00e9e par une batterie lithium-ion rechargeable, elle \u00e9limine le besoin de piles jetables. Le chargement se fait par USB, ce qui garantit la praticit\u00e9 et la durabilit\u00e9.<\/li>\n<li><strong>Autonomie :<\/strong> L&#8217;autonomie varie en fonction du mode utilis\u00e9 : plus de 6 heures en mode haut, plus de 14 heures en mode moyen et plus de 50 heures en mode bas.<\/li>\n<li><strong>Conception r\u00e9fl\u00e9chissante :<\/strong> la sangle est faite d&#8217;un mat\u00e9riau r\u00e9fl\u00e9chissant, offrant une visibilit\u00e9 \u00e0 360 degr\u00e9s dans des conditions de faible luminosit\u00e9, augmentant ainsi la s\u00e9curit\u00e9 du coureur.<\/li>\n<li><strong>R\u00e9sistance aux intemp\u00e9ries :<\/strong> conforme \u00e0 la norme IPX4, il est r\u00e9sistant \u00e0 l&#8217;eau, ce qui permet de l&#8217;utiliser dans des conditions m\u00e9t\u00e9orologiques vari\u00e9es.<\/li>\n<\/ul>\n<p><strong>Caract\u00e9ristiques techniques :<\/strong><\/p>\n<ul>\n<li><strong>Poids :<\/strong> L\u00e9g\u00e8re et discr\u00e8te, elle est con\u00e7ue pour offrir un confort optimal lors d&#8217;une utilisation prolong\u00e9e.<\/li>\n<li><strong>Mat\u00e9riaux :<\/strong> La sangle est compos\u00e9e \u00e0 100 % de polyester, tandis que la structure de la lampe comprend du polycarbonate (45 %), du POM (2 %), du PMMA (1 %), du silicone (1 %), du caoutchouc (1 %) et d&#8217;autres composants \u00e9lectroniques (15 %).<\/li>\n<\/ul>\n<p><strong>Avantages du produit :<\/strong><\/p>\n<ol>\n<li><strong>\u00c9clairage puissant et polyvalent :<\/strong> avec une luminosit\u00e9 maximale de 250 lumens et plusieurs modes d&#8217;\u00e9clairage, il s&#8217;adapte aux diff\u00e9rentes conditions de course, garantissant une visibilit\u00e9 optimale \u00e0 tout moment.<\/li>\n<li><strong>S\u00e9curit\u00e9 accrue : les<\/strong> feux lat\u00e9raux RVB et la sangle r\u00e9fl\u00e9chissante offrent une visibilit\u00e9 \u00e0 360 degr\u00e9s, augmentant ainsi la s\u00e9curit\u00e9 du coureur dans les environnements peu \u00e9clair\u00e9s.<\/li>\n<li><strong>Commodit\u00e9 et durabilit\u00e9 :<\/strong> la batterie rechargeable par USB \u00e9limine le besoin de piles jetables, ce qui constitue une option \u00e9cologique et pratique pour s&#8217;\u00e9clairer pendant la course.<\/li>\n<\/ol>\n<p>La lampe frontale de course Neutron Fire RX 2.0 est l&#8217;accessoire id\u00e9al pour les coureurs \u00e0 la recherche d&#8217;une solution d&#8217;\u00e9clairage fiable, polyvalente et s\u00fbre pour leurs activit\u00e9s \u00e0 faible luminosit\u00e9.<\/p>\n","protected":false},"excerpt":{"rendered":"<ul>\n<li>\u00c9clairage puissant et polyvalent : jusqu&#8217;\u00e0 250 lumens avec diff\u00e9rents modes pour s&#8217;adapter \u00e0 toutes les conditions de course.<\/li>\n<li>S\u00e9curit\u00e9 accrue : les feux lat\u00e9raux RVB et la sangle r\u00e9fl\u00e9chissante assurent une visibilit\u00e9 totale dans les environnements faiblement \u00e9clair\u00e9s.<\/li>\n<li>Rechargeable : batterie USB int\u00e9gr\u00e9e pour une utilisation durable sans piles jetables.<\/li>\n<\/ul>\n","protected":false},"featured_media":250658,"template":"","meta":{"_acf_changed":false,"inline_featured_image":false},"product_brand":[],"product_cat":[22585,22538],"product_tag":[23511],"class_list":{"0":"post-274715","1":"product","2":"type-product","3":"status-publish","4":"has-post-thumbnail","6":"product_cat-torches-fr","7":"product_cat-accessoires","8":"product_tag-nathan-fr","9":"pa_attivita-marcher","10":"pa_attivita-outdoor-fr","11":"pa_attivita-running-fr","12":"pa_attivita-trail-fr","13":"pa_marca-nathan-fr","14":"pa_sesso-femme","15":"pa_sesso-homme","17":"first","18":"instock","19":"sale","20":"taxable","21":"shipping-taxable","22":"purchasable","23":"product-type-simple"},"acf":[],"yoast_head":"<!-- This site is optimized with the Yoast SEO plugin v26.8 - https:\/\/yoast.com\/product\/yoast-seo-wordpress\/ -->\n<title>Nathan Neutron Fire RX 2.0 Runner&#039;s Headlamp - torche en course - MioMioRun<\/title>\n<meta name=\"description\" content=\"Lampe frontale Neutron Fire RX 2.0 : 250 lumens, \u00e9clairage RVB, rechargeable via USB, r\u00e9sistante \u00e0 l&#039;eau et parfaite pour les courses nocturnes.\" \/>\n<meta name=\"robots\" content=\"index, follow, max-snippet:-1, max-image-preview:large, max-video-preview:-1\" \/>\n<link rel=\"canonical\" href=\"https:\/\/www.miomiorun.com\/fr\/produit\/neutron-fire-rx-2-0-runners-headlamp\/\" \/>\n<meta property=\"og:locale\" content=\"fr_FR\" \/>\n<meta property=\"og:type\" content=\"article\" \/>\n<meta property=\"og:title\" content=\"Nathan Neutron Fire RX 2.0 Runner&#039;s Headlamp - torche en course - MioMioRun\" \/>\n<meta property=\"og:description\" content=\"Lampe frontale Neutron Fire RX 2.0 : 250 lumens, \u00e9clairage RVB, rechargeable via USB, r\u00e9sistante \u00e0 l&#039;eau et parfaite pour les courses nocturnes.\" \/>\n<meta property=\"og:url\" content=\"https:\/\/www.miomiorun.com\/fr\/produit\/neutron-fire-rx-2-0-runners-headlamp\/\" \/>\n<meta property=\"og:site_name\" content=\"MioMioRun\" \/>\n<meta property=\"article:publisher\" content=\"https:\/\/www.facebook.com\/miomiorun\/\" \/>\n<meta property=\"article:modified_time\" content=\"2025-04-19T10:32:59+00:00\" \/>\n<meta property=\"og:image\" content=\"https:\/\/www.miomiorun.com\/app\/uploads\/2020\/04\/nathan-Neutron-Fire-60260.webp\" \/>\n\t<meta property=\"og:image:width\" content=\"600\" \/>\n\t<meta property=\"og:image:height\" content=\"600\" \/>\n\t<meta property=\"og:image:type\" content=\"image\/webp\" \/>\n<meta name=\"twitter:card\" content=\"summary_large_image\" \/>\n<meta name=\"twitter:label1\" content=\"Est. reading time\" \/>\n\t<meta name=\"twitter:data1\" content=\"2 minutes\" \/>\n<script type=\"application\/ld+json\" class=\"yoast-schema-graph\">{\"@context\":\"https:\/\/schema.org\",\"@graph\":[{\"@type\":\"WebPage\",\"@id\":\"https:\/\/www.miomiorun.com\/fr\/produit\/neutron-fire-rx-2-0-runners-headlamp\/\",\"url\":\"https:\/\/www.miomiorun.com\/fr\/produit\/neutron-fire-rx-2-0-runners-headlamp\/\",\"name\":\"Nathan Neutron Fire RX 2.0 Runner's Headlamp - torche en course - MioMioRun\",\"isPartOf\":{\"@id\":\"https:\/\/www.miomiorun.com\/fr\/#website\"},\"primaryImageOfPage\":{\"@id\":\"https:\/\/www.miomiorun.com\/fr\/produit\/neutron-fire-rx-2-0-runners-headlamp\/#primaryimage\"},\"image\":{\"@id\":\"https:\/\/www.miomiorun.com\/fr\/produit\/neutron-fire-rx-2-0-runners-headlamp\/#primaryimage\"},\"thumbnailUrl\":\"https:\/\/www.miomiorun.com\/app\/uploads\/2020\/04\/nathan-Neutron-Fire-60260.webp\",\"datePublished\":\"2020-04-05T09:48:28+00:00\",\"dateModified\":\"2025-04-19T10:32:59+00:00\",\"description\":\"Lampe frontale Neutron Fire RX 2.0 : 250 lumens, \u00e9clairage RVB, rechargeable via USB, r\u00e9sistante \u00e0 l'eau et parfaite pour les courses nocturnes.\",\"breadcrumb\":{\"@id\":\"https:\/\/www.miomiorun.com\/fr\/produit\/neutron-fire-rx-2-0-runners-headlamp\/#breadcrumb\"},\"inLanguage\":\"fr-FR\",\"potentialAction\":[{\"@type\":\"ReadAction\",\"target\":[\"https:\/\/www.miomiorun.com\/fr\/produit\/neutron-fire-rx-2-0-runners-headlamp\/\"]}]},{\"@type\":\"ImageObject\",\"inLanguage\":\"fr-FR\",\"@id\":\"https:\/\/www.miomiorun.com\/fr\/produit\/neutron-fire-rx-2-0-runners-headlamp\/#primaryimage\",\"url\":\"https:\/\/www.miomiorun.com\/app\/uploads\/2020\/04\/nathan-Neutron-Fire-60260.webp\",\"contentUrl\":\"https:\/\/www.miomiorun.com\/app\/uploads\/2020\/04\/nathan-Neutron-Fire-60260.webp\",\"width\":600,\"height\":600,\"caption\":\"nathan Neutron Fire 60260\"},{\"@type\":\"BreadcrumbList\",\"@id\":\"https:\/\/www.miomiorun.com\/fr\/produit\/neutron-fire-rx-2-0-runners-headlamp\/#breadcrumb\",\"itemListElement\":[{\"@type\":\"ListItem\",\"position\":1,\"name\":\"Home\",\"item\":\"https:\/\/www.miomiorun.com\/fr\/home-page\/\"},{\"@type\":\"ListItem\",\"position\":2,\"name\":\"Shop\",\"item\":\"https:\/\/www.miomiorun.com\/shop\/\"},{\"@type\":\"ListItem\",\"position\":3,\"name\":\"Neutron Fire RX 2.0 Runner&#8217;s Headlamp\"}]},{\"@type\":\"WebSite\",\"@id\":\"https:\/\/www.miomiorun.com\/fr\/#website\",\"url\":\"https:\/\/www.miomiorun.com\/fr\/\",\"name\":\"MioMioRun\",\"description\":\"Boutique 100% running et trail\",\"publisher\":{\"@id\":\"https:\/\/www.miomiorun.com\/fr\/#organization\"},\"potentialAction\":[{\"@type\":\"SearchAction\",\"target\":{\"@type\":\"EntryPoint\",\"urlTemplate\":\"https:\/\/www.miomiorun.com\/fr\/?s={search_term_string}\"},\"query-input\":{\"@type\":\"PropertyValueSpecification\",\"valueRequired\":true,\"valueName\":\"search_term_string\"}}],\"inLanguage\":\"fr-FR\"},{\"@type\":\"Organization\",\"@id\":\"https:\/\/www.miomiorun.com\/fr\/#organization\",\"name\":\"MioMio Run\",\"url\":\"https:\/\/www.miomiorun.com\/fr\/\",\"logo\":{\"@type\":\"ImageObject\",\"inLanguage\":\"fr-FR\",\"@id\":\"https:\/\/www.miomiorun.com\/fr\/#\/schema\/logo\/image\/\",\"url\":\"https:\/\/www.miomiorun.com\/app\/uploads\/2019\/12\/logomio.png\",\"contentUrl\":\"https:\/\/www.miomiorun.com\/app\/uploads\/2019\/12\/logomio.png\",\"width\":115,\"height\":82,\"caption\":\"MioMio Run\"},\"image\":{\"@id\":\"https:\/\/www.miomiorun.com\/fr\/#\/schema\/logo\/image\/\"},\"sameAs\":[\"https:\/\/www.facebook.com\/miomiorun\/\",\"https:\/\/www.instagram.com\/miomiorun\/\"]}]}<\/script>\n<!-- \/ Yoast SEO plugin. -->","yoast_head_json":{"title":"Nathan Neutron Fire RX 2.0 Runner's Headlamp - torche en course - MioMioRun","description":"Lampe frontale Neutron Fire RX 2.0 : 250 lumens, \u00e9clairage RVB, rechargeable via USB, r\u00e9sistante \u00e0 l'eau et parfaite pour les courses nocturnes.","robots":{"index":"index","follow":"follow","max-snippet":"max-snippet:-1","max-image-preview":"max-image-preview:large","max-video-preview":"max-video-preview:-1"},"canonical":"https:\/\/www.miomiorun.com\/fr\/produit\/neutron-fire-rx-2-0-runners-headlamp\/","og_locale":"fr_FR","og_type":"article","og_title":"Nathan Neutron Fire RX 2.0 Runner's Headlamp - torche en course - MioMioRun","og_description":"Lampe frontale Neutron Fire RX 2.0 : 250 lumens, \u00e9clairage RVB, rechargeable via USB, r\u00e9sistante \u00e0 l'eau et parfaite pour les courses nocturnes.","og_url":"https:\/\/www.miomiorun.com\/fr\/produit\/neutron-fire-rx-2-0-runners-headlamp\/","og_site_name":"MioMioRun","article_publisher":"https:\/\/www.facebook.com\/miomiorun\/","article_modified_time":"2025-04-19T10:32:59+00:00","og_image":[{"width":600,"height":600,"url":"https:\/\/www.miomiorun.com\/app\/uploads\/2020\/04\/nathan-Neutron-Fire-60260.webp","type":"image\/webp"}],"twitter_card":"summary_large_image","twitter_misc":{"Est. reading time":"2 minutes"},"schema":{"@context":"https:\/\/schema.org","@graph":[{"@type":"WebPage","@id":"https:\/\/www.miomiorun.com\/fr\/produit\/neutron-fire-rx-2-0-runners-headlamp\/","url":"https:\/\/www.miomiorun.com\/fr\/produit\/neutron-fire-rx-2-0-runners-headlamp\/","name":"Nathan Neutron Fire RX 2.0 Runner's Headlamp - torche en course - MioMioRun","isPartOf":{"@id":"https:\/\/www.miomiorun.com\/fr\/#website"},"primaryImageOfPage":{"@id":"https:\/\/www.miomiorun.com\/fr\/produit\/neutron-fire-rx-2-0-runners-headlamp\/#primaryimage"},"image":{"@id":"https:\/\/www.miomiorun.com\/fr\/produit\/neutron-fire-rx-2-0-runners-headlamp\/#primaryimage"},"thumbnailUrl":"https:\/\/www.miomiorun.com\/app\/uploads\/2020\/04\/nathan-Neutron-Fire-60260.webp","datePublished":"2020-04-05T09:48:28+00:00","dateModified":"2025-04-19T10:32:59+00:00","description":"Lampe frontale Neutron Fire RX 2.0 : 250 lumens, \u00e9clairage RVB, rechargeable via USB, r\u00e9sistante \u00e0 l'eau et parfaite pour les courses nocturnes.","breadcrumb":{"@id":"https:\/\/www.miomiorun.com\/fr\/produit\/neutron-fire-rx-2-0-runners-headlamp\/#breadcrumb"},"inLanguage":"fr-FR","potentialAction":[{"@type":"ReadAction","target":["https:\/\/www.miomiorun.com\/fr\/produit\/neutron-fire-rx-2-0-runners-headlamp\/"]}]},{"@type":"ImageObject","inLanguage":"fr-FR","@id":"https:\/\/www.miomiorun.com\/fr\/produit\/neutron-fire-rx-2-0-runners-headlamp\/#primaryimage","url":"https:\/\/www.miomiorun.com\/app\/uploads\/2020\/04\/nathan-Neutron-Fire-60260.webp","contentUrl":"https:\/\/www.miomiorun.com\/app\/uploads\/2020\/04\/nathan-Neutron-Fire-60260.webp","width":600,"height":600,"caption":"nathan Neutron Fire 60260"},{"@type":"BreadcrumbList","@id":"https:\/\/www.miomiorun.com\/fr\/produit\/neutron-fire-rx-2-0-runners-headlamp\/#breadcrumb","itemListElement":[{"@type":"ListItem","position":1,"name":"Home","item":"https:\/\/www.miomiorun.com\/fr\/home-page\/"},{"@type":"ListItem","position":2,"name":"Shop","item":"https:\/\/www.miomiorun.com\/shop\/"},{"@type":"ListItem","position":3,"name":"Neutron Fire RX 2.0 Runner&#8217;s Headlamp"}]},{"@type":"WebSite","@id":"https:\/\/www.miomiorun.com\/fr\/#website","url":"https:\/\/www.miomiorun.com\/fr\/","name":"MioMioRun","description":"Boutique 100% running et trail","publisher":{"@id":"https:\/\/www.miomiorun.com\/fr\/#organization"},"potentialAction":[{"@type":"SearchAction","target":{"@type":"EntryPoint","urlTemplate":"https:\/\/www.miomiorun.com\/fr\/?s={search_term_string}"},"query-input":{"@type":"PropertyValueSpecification","valueRequired":true,"valueName":"search_term_string"}}],"inLanguage":"fr-FR"},{"@type":"Organization","@id":"https:\/\/www.miomiorun.com\/fr\/#organization","name":"MioMio Run","url":"https:\/\/www.miomiorun.com\/fr\/","logo":{"@type":"ImageObject","inLanguage":"fr-FR","@id":"https:\/\/www.miomiorun.com\/fr\/#\/schema\/logo\/image\/","url":"https:\/\/www.miomiorun.com\/app\/uploads\/2019\/12\/logomio.png","contentUrl":"https:\/\/www.miomiorun.com\/app\/uploads\/2019\/12\/logomio.png","width":115,"height":82,"caption":"MioMio Run"},"image":{"@id":"https:\/\/www.miomiorun.com\/fr\/#\/schema\/logo\/image\/"},"sameAs":["https:\/\/www.facebook.com\/miomiorun\/","https:\/\/www.instagram.com\/miomiorun\/"]}]}},"_links":{"self":[{"href":"https:\/\/www.miomiorun.com\/fr\/wp-json\/wp\/v2\/product\/274715","targetHints":{"allow":["GET"]}}],"collection":[{"href":"https:\/\/www.miomiorun.com\/fr\/wp-json\/wp\/v2\/product"}],"about":[{"href":"https:\/\/www.miomiorun.com\/fr\/wp-json\/wp\/v2\/types\/product"}],"wp:featuredmedia":[{"embeddable":true,"href":"https:\/\/www.miomiorun.com\/fr\/wp-json\/wp\/v2\/media\/250658"}],"wp:attachment":[{"href":"https:\/\/www.miomiorun.com\/fr\/wp-json\/wp\/v2\/media?parent=274715"}],"wp:term":[{"taxonomy":"product_brand","embeddable":true,"href":"https:\/\/www.miomiorun.com\/fr\/wp-json\/wp\/v2\/product_brand?post=274715"},{"taxonomy":"product_cat","embeddable":true,"href":"https:\/\/www.miomiorun.com\/fr\/wp-json\/wp\/v2\/product_cat?post=274715"},{"taxonomy":"product_tag","embeddable":true,"href":"https:\/\/www.miomiorun.com\/fr\/wp-json\/wp\/v2\/product_tag?post=274715"}],"curies":[{"name":"wp","href":"https:\/\/api.w.org\/{rel}","templated":true}]}}