{"id":274707,"date":"2020-04-10T09:10:18","date_gmt":"2020-04-10T07:10:18","guid":{"rendered":"https:\/\/miomiorun.com\/prodotto\/garmin-cinturini-a-rilascio-rapido20-mm\/"},"modified":"2026-05-08T20:36:53","modified_gmt":"2026-05-08T18:36:53","slug":"garmin-sangles-de-fixation-rapide-20-mm","status":"publish","type":"product","link":"https:\/\/www.miomiorun.com\/fr\/produit\/garmin-sangles-de-fixation-rapide-20-mm\/","title":{"rendered":"Sangles de fixation rapide (20 mm)"},"content":{"rendered":"<p>Profitez de l&#8217;\u00e9l\u00e9gance et de la fonctionnalit\u00e9 de ces bracelets r\u00e9glables \u00e0 attache rapide pour votre montre Garmin compatible. D\u00e9tachez facilement les bracelets en faisant glisser la barre et attachez-en d&#8217;autres pour personnaliser votre accessoire.<\/p>\n","protected":false},"excerpt":{"rendered":"<p id=\"js__product__info__variation\" class=\"app__product__info__subtitle\">\nBracelet en silicone avec composants en acier inoxydable<\/p>\n","protected":false},"featured_media":229771,"template":"","meta":{"_acf_changed":false,"inline_featured_image":false},"product_brand":[],"product_cat":[22537,22566],"product_tag":[23480],"class_list":{"0":"post-274707","1":"product","2":"type-product","3":"status-publish","4":"has-post-thumbnail","6":"product_cat-garmin-fr","7":"product_cat-accessoires-fr","8":"product_tag-garmin-fr","9":"pa_colore-cinturini-quick-release-20-mm-black","10":"pa_colore-cinturino-20mm-bianco-fr","11":"pa_colore-cinturino-20mm-quick-release-ivory-fr","12":"pa_colore-cinturino-20mm-translucent-bone-mango-fr","13":"pa_colore-cinturino-20mm-vivoactive-5-fr","14":"pa_colore-cinturino-azzurro-for55-fr","15":"pa_colore-cinturino-for570-white-fr","16":"pa_colore-cinturino-quickrelease-20-mm-light-sand-fr","17":"pa_colore-cinturino-quickrelease-20-mm-merlot-fr","18":"pa_colore-cinturino-vivoactive-5-20mm-navy-fr","19":"pa_colore-quick-release-20-mm-neo-tropic-fr","20":"pa_colore-quick-release-20mm-fr","21":"pa_colore-quickrelease-20-mm-black-slate-fr","22":"pa_colore-quickrelease-20-mm-white-fr","23":"pa_colore-ultrafit-nylon-20mm-fr","24":"pa_marca-garmin-fr","25":"pa_sesso-femme","26":"pa_sesso-homme","28":"first","29":"instock","30":"sale","31":"taxable","32":"shipping-taxable","33":"purchasable","34":"product-type-variable","35":"wvs-archive-product-wrapper"},"acf":[],"yoast_head":"<!-- This site is optimized with the Yoast SEO plugin v26.8 - https:\/\/yoast.com\/product\/yoast-seo-wordpress\/ -->\n<title>Garmin Sangles de fixation rapide (20 mm) - MioMioRun.com<\/title>\n<meta name=\"description\" content=\"Profitez de l&#039;\u00e9l\u00e9gance et de la fonctionnalit\u00e9 de ces bracelets r\u00e9glables \u00e0 ouverture rapide pour votre montre Garmin compatible.\" \/>\n<meta name=\"robots\" content=\"index, follow, max-snippet:-1, max-image-preview:large, max-video-preview:-1\" \/>\n<link rel=\"canonical\" href=\"https:\/\/www.miomiorun.com\/fr\/produit\/garmin-sangles-de-fixation-rapide-20-mm\/\" \/>\n<meta property=\"og:locale\" content=\"fr_FR\" \/>\n<meta property=\"og:type\" content=\"article\" \/>\n<meta property=\"og:title\" content=\"Garmin Sangles de fixation rapide (20 mm) - MioMioRun.com\" \/>\n<meta property=\"og:description\" content=\"Profitez de l&#039;\u00e9l\u00e9gance et de la fonctionnalit\u00e9 de ces bracelets r\u00e9glables \u00e0 ouverture rapide pour votre montre Garmin compatible.\" \/>\n<meta property=\"og:url\" content=\"https:\/\/www.miomiorun.com\/fr\/produit\/garmin-sangles-de-fixation-rapide-20-mm\/\" \/>\n<meta property=\"og:site_name\" content=\"MioMioRun\" \/>\n<meta property=\"article:publisher\" content=\"https:\/\/www.facebook.com\/miomiorun\/\" \/>\n<meta property=\"article:modified_time\" content=\"2026-05-08T18:36:53+00:00\" \/>\n<meta property=\"og:image\" content=\"https:\/\/www.miomiorun.com\/app\/uploads\/2020\/04\/Cinturino-For245-aqua.jpg\" \/>\n\t<meta property=\"og:image:width\" content=\"600\" \/>\n\t<meta property=\"og:image:height\" content=\"600\" \/>\n\t<meta property=\"og:image:type\" content=\"image\/jpeg\" \/>\n<meta name=\"twitter:card\" content=\"summary_large_image\" \/>\n<script type=\"application\/ld+json\" class=\"yoast-schema-graph\">{\"@context\":\"https:\/\/schema.org\",\"@graph\":[{\"@type\":\"WebPage\",\"@id\":\"https:\/\/www.miomiorun.com\/fr\/produit\/garmin-sangles-de-fixation-rapide-20-mm\/\",\"url\":\"https:\/\/www.miomiorun.com\/fr\/produit\/garmin-sangles-de-fixation-rapide-20-mm\/\",\"name\":\"Garmin Sangles de fixation rapide (20 mm) - MioMioRun.com\",\"isPartOf\":{\"@id\":\"https:\/\/www.miomiorun.com\/fr\/#website\"},\"primaryImageOfPage\":{\"@id\":\"https:\/\/www.miomiorun.com\/fr\/produit\/garmin-sangles-de-fixation-rapide-20-mm\/#primaryimage\"},\"image\":{\"@id\":\"https:\/\/www.miomiorun.com\/fr\/produit\/garmin-sangles-de-fixation-rapide-20-mm\/#primaryimage\"},\"thumbnailUrl\":\"https:\/\/www.miomiorun.com\/app\/uploads\/2020\/04\/Cinturino-For245-aqua.jpg\",\"datePublished\":\"2020-04-10T07:10:18+00:00\",\"dateModified\":\"2026-05-08T18:36:53+00:00\",\"description\":\"Profitez de l'\u00e9l\u00e9gance et de la fonctionnalit\u00e9 de ces bracelets r\u00e9glables \u00e0 ouverture rapide pour votre montre Garmin compatible.\",\"breadcrumb\":{\"@id\":\"https:\/\/www.miomiorun.com\/fr\/produit\/garmin-sangles-de-fixation-rapide-20-mm\/#breadcrumb\"},\"inLanguage\":\"fr-FR\",\"potentialAction\":[{\"@type\":\"ReadAction\",\"target\":[\"https:\/\/www.miomiorun.com\/fr\/produit\/garmin-sangles-de-fixation-rapide-20-mm\/\"]}]},{\"@type\":\"ImageObject\",\"inLanguage\":\"fr-FR\",\"@id\":\"https:\/\/www.miomiorun.com\/fr\/produit\/garmin-sangles-de-fixation-rapide-20-mm\/#primaryimage\",\"url\":\"https:\/\/www.miomiorun.com\/app\/uploads\/2020\/04\/Cinturino-For245-aqua.jpg\",\"contentUrl\":\"https:\/\/www.miomiorun.com\/app\/uploads\/2020\/04\/Cinturino-For245-aqua.jpg\",\"width\":600,\"height\":600,\"caption\":\"Cinturino-For245-aqua\"},{\"@type\":\"BreadcrumbList\",\"@id\":\"https:\/\/www.miomiorun.com\/fr\/produit\/garmin-sangles-de-fixation-rapide-20-mm\/#breadcrumb\",\"itemListElement\":[{\"@type\":\"ListItem\",\"position\":1,\"name\":\"Home\",\"item\":\"https:\/\/www.miomiorun.com\/fr\/home-page\/\"},{\"@type\":\"ListItem\",\"position\":2,\"name\":\"Shop\",\"item\":\"https:\/\/www.miomiorun.com\/shop\/\"},{\"@type\":\"ListItem\",\"position\":3,\"name\":\"Sangles de fixation rapide (20 mm)\"}]},{\"@type\":\"WebSite\",\"@id\":\"https:\/\/www.miomiorun.com\/fr\/#website\",\"url\":\"https:\/\/www.miomiorun.com\/fr\/\",\"name\":\"MioMioRun\",\"description\":\"Boutique 100% running et trail\",\"publisher\":{\"@id\":\"https:\/\/www.miomiorun.com\/fr\/#organization\"},\"potentialAction\":[{\"@type\":\"SearchAction\",\"target\":{\"@type\":\"EntryPoint\",\"urlTemplate\":\"https:\/\/www.miomiorun.com\/fr\/?s={search_term_string}\"},\"query-input\":{\"@type\":\"PropertyValueSpecification\",\"valueRequired\":true,\"valueName\":\"search_term_string\"}}],\"inLanguage\":\"fr-FR\"},{\"@type\":\"Organization\",\"@id\":\"https:\/\/www.miomiorun.com\/fr\/#organization\",\"name\":\"MioMio Run\",\"url\":\"https:\/\/www.miomiorun.com\/fr\/\",\"logo\":{\"@type\":\"ImageObject\",\"inLanguage\":\"fr-FR\",\"@id\":\"https:\/\/www.miomiorun.com\/fr\/#\/schema\/logo\/image\/\",\"url\":\"https:\/\/www.miomiorun.com\/app\/uploads\/2019\/12\/logomio.png\",\"contentUrl\":\"https:\/\/www.miomiorun.com\/app\/uploads\/2019\/12\/logomio.png\",\"width\":115,\"height\":82,\"caption\":\"MioMio Run\"},\"image\":{\"@id\":\"https:\/\/www.miomiorun.com\/fr\/#\/schema\/logo\/image\/\"},\"sameAs\":[\"https:\/\/www.facebook.com\/miomiorun\/\",\"https:\/\/www.instagram.com\/miomiorun\/\"]}]}<\/script>\n<!-- \/ Yoast SEO plugin. -->","yoast_head_json":{"title":"Garmin Sangles de fixation rapide (20 mm) - MioMioRun.com","description":"Profitez de l'\u00e9l\u00e9gance et de la fonctionnalit\u00e9 de ces bracelets r\u00e9glables \u00e0 ouverture rapide pour votre montre Garmin compatible.","robots":{"index":"index","follow":"follow","max-snippet":"max-snippet:-1","max-image-preview":"max-image-preview:large","max-video-preview":"max-video-preview:-1"},"canonical":"https:\/\/www.miomiorun.com\/fr\/produit\/garmin-sangles-de-fixation-rapide-20-mm\/","og_locale":"fr_FR","og_type":"article","og_title":"Garmin Sangles de fixation rapide (20 mm) - MioMioRun.com","og_description":"Profitez de l'\u00e9l\u00e9gance et de la fonctionnalit\u00e9 de ces bracelets r\u00e9glables \u00e0 ouverture rapide pour votre montre Garmin compatible.","og_url":"https:\/\/www.miomiorun.com\/fr\/produit\/garmin-sangles-de-fixation-rapide-20-mm\/","og_site_name":"MioMioRun","article_publisher":"https:\/\/www.facebook.com\/miomiorun\/","article_modified_time":"2026-05-08T18:36:53+00:00","og_image":[{"width":600,"height":600,"url":"https:\/\/www.miomiorun.com\/app\/uploads\/2020\/04\/Cinturino-For245-aqua.jpg","type":"image\/jpeg"}],"twitter_card":"summary_large_image","schema":{"@context":"https:\/\/schema.org","@graph":[{"@type":"WebPage","@id":"https:\/\/www.miomiorun.com\/fr\/produit\/garmin-sangles-de-fixation-rapide-20-mm\/","url":"https:\/\/www.miomiorun.com\/fr\/produit\/garmin-sangles-de-fixation-rapide-20-mm\/","name":"Garmin Sangles de fixation rapide (20 mm) - MioMioRun.com","isPartOf":{"@id":"https:\/\/www.miomiorun.com\/fr\/#website"},"primaryImageOfPage":{"@id":"https:\/\/www.miomiorun.com\/fr\/produit\/garmin-sangles-de-fixation-rapide-20-mm\/#primaryimage"},"image":{"@id":"https:\/\/www.miomiorun.com\/fr\/produit\/garmin-sangles-de-fixation-rapide-20-mm\/#primaryimage"},"thumbnailUrl":"https:\/\/www.miomiorun.com\/app\/uploads\/2020\/04\/Cinturino-For245-aqua.jpg","datePublished":"2020-04-10T07:10:18+00:00","dateModified":"2026-05-08T18:36:53+00:00","description":"Profitez de l'\u00e9l\u00e9gance et de la fonctionnalit\u00e9 de ces bracelets r\u00e9glables \u00e0 ouverture rapide pour votre montre Garmin compatible.","breadcrumb":{"@id":"https:\/\/www.miomiorun.com\/fr\/produit\/garmin-sangles-de-fixation-rapide-20-mm\/#breadcrumb"},"inLanguage":"fr-FR","potentialAction":[{"@type":"ReadAction","target":["https:\/\/www.miomiorun.com\/fr\/produit\/garmin-sangles-de-fixation-rapide-20-mm\/"]}]},{"@type":"ImageObject","inLanguage":"fr-FR","@id":"https:\/\/www.miomiorun.com\/fr\/produit\/garmin-sangles-de-fixation-rapide-20-mm\/#primaryimage","url":"https:\/\/www.miomiorun.com\/app\/uploads\/2020\/04\/Cinturino-For245-aqua.jpg","contentUrl":"https:\/\/www.miomiorun.com\/app\/uploads\/2020\/04\/Cinturino-For245-aqua.jpg","width":600,"height":600,"caption":"Cinturino-For245-aqua"},{"@type":"BreadcrumbList","@id":"https:\/\/www.miomiorun.com\/fr\/produit\/garmin-sangles-de-fixation-rapide-20-mm\/#breadcrumb","itemListElement":[{"@type":"ListItem","position":1,"name":"Home","item":"https:\/\/www.miomiorun.com\/fr\/home-page\/"},{"@type":"ListItem","position":2,"name":"Shop","item":"https:\/\/www.miomiorun.com\/shop\/"},{"@type":"ListItem","position":3,"name":"Sangles de fixation rapide (20 mm)"}]},{"@type":"WebSite","@id":"https:\/\/www.miomiorun.com\/fr\/#website","url":"https:\/\/www.miomiorun.com\/fr\/","name":"MioMioRun","description":"Boutique 100% running et trail","publisher":{"@id":"https:\/\/www.miomiorun.com\/fr\/#organization"},"potentialAction":[{"@type":"SearchAction","target":{"@type":"EntryPoint","urlTemplate":"https:\/\/www.miomiorun.com\/fr\/?s={search_term_string}"},"query-input":{"@type":"PropertyValueSpecification","valueRequired":true,"valueName":"search_term_string"}}],"inLanguage":"fr-FR"},{"@type":"Organization","@id":"https:\/\/www.miomiorun.com\/fr\/#organization","name":"MioMio Run","url":"https:\/\/www.miomiorun.com\/fr\/","logo":{"@type":"ImageObject","inLanguage":"fr-FR","@id":"https:\/\/www.miomiorun.com\/fr\/#\/schema\/logo\/image\/","url":"https:\/\/www.miomiorun.com\/app\/uploads\/2019\/12\/logomio.png","contentUrl":"https:\/\/www.miomiorun.com\/app\/uploads\/2019\/12\/logomio.png","width":115,"height":82,"caption":"MioMio Run"},"image":{"@id":"https:\/\/www.miomiorun.com\/fr\/#\/schema\/logo\/image\/"},"sameAs":["https:\/\/www.facebook.com\/miomiorun\/","https:\/\/www.instagram.com\/miomiorun\/"]}]}},"_links":{"self":[{"href":"https:\/\/www.miomiorun.com\/fr\/wp-json\/wp\/v2\/product\/274707","targetHints":{"allow":["GET"]}}],"collection":[{"href":"https:\/\/www.miomiorun.com\/fr\/wp-json\/wp\/v2\/product"}],"about":[{"href":"https:\/\/www.miomiorun.com\/fr\/wp-json\/wp\/v2\/types\/product"}],"wp:featuredmedia":[{"embeddable":true,"href":"https:\/\/www.miomiorun.com\/fr\/wp-json\/wp\/v2\/media\/229771"}],"wp:attachment":[{"href":"https:\/\/www.miomiorun.com\/fr\/wp-json\/wp\/v2\/media?parent=274707"}],"wp:term":[{"taxonomy":"product_brand","embeddable":true,"href":"https:\/\/www.miomiorun.com\/fr\/wp-json\/wp\/v2\/product_brand?post=274707"},{"taxonomy":"product_cat","embeddable":true,"href":"https:\/\/www.miomiorun.com\/fr\/wp-json\/wp\/v2\/product_cat?post=274707"},{"taxonomy":"product_tag","embeddable":true,"href":"https:\/\/www.miomiorun.com\/fr\/wp-json\/wp\/v2\/product_tag?post=274707"}],"curies":[{"name":"wp","href":"https:\/\/api.w.org\/{rel}","templated":true}]}}