{"id":274650,"date":"2020-04-10T11:54:26","date_gmt":"2020-04-10T09:54:26","guid":{"rendered":"https:\/\/miomiorun.com\/prodotto\/garmin-staffa-universale-per-reggisella-varia\/"},"modified":"2025-04-28T16:19:31","modified_gmt":"2025-04-28T14:19:31","slug":"garmin-support-universel-pour-la-tige-de-selle-varia","status":"publish","type":"product","link":"https:\/\/www.miomiorun.com\/fr\/produit\/garmin-support-universel-pour-la-tige-de-selle-varia\/","title":{"rendered":"Support universel pour la tige de selle Varia\u2122"},"content":{"rendered":"<p>Installez votre feu arri\u00e8re de radar ou votre feu arri\u00e8re de v\u00e9lo (tous deux vendus s\u00e9par\u00e9ment) sur une tige de selle a\u00e9rodynamique ou ronde gr\u00e2ce \u00e0 ce support r\u00e9glable au quart de tour. Comprend le support, 2 cales et 4 anneaux ronds.<\/p>\n","protected":false},"excerpt":{"rendered":"<p>Installez votre feu arri\u00e8re de radar ou votre feu arri\u00e8re de v\u00e9lo (tous deux vendus s\u00e9par\u00e9ment) sur une tige de selle a\u00e9rodynamique ou ronde gr\u00e2ce \u00e0 ce support r\u00e9glable au quart de tour. Comprend le support, 2 cales et 4 anneaux ronds.<\/p>\n","protected":false},"featured_media":229777,"template":"","meta":{"_acf_changed":false,"inline_featured_image":false},"product_brand":[],"product_cat":[22537,22566],"product_tag":[23480],"class_list":{"0":"post-274650","1":"product","2":"type-product","3":"status-publish","4":"has-post-thumbnail","6":"product_cat-garmin-fr","7":"product_cat-accessoires-fr","8":"product_tag-garmin-fr","9":"pa_marca-garmin-fr","10":"pa_sesso-femme","11":"pa_sesso-homme","13":"first","14":"instock","15":"sale","16":"taxable","17":"shipping-taxable","18":"purchasable","19":"product-type-simple"},"acf":[],"yoast_head":"<!-- This site is optimized with the Yoast SEO plugin v26.8 - https:\/\/yoast.com\/product\/yoast-seo-wordpress\/ -->\n<title>Garmin Support universel pour la tige de selle Varia\u2122 - MioMioRun<\/title>\n<meta name=\"description\" content=\"Installez votre feu arri\u00e8re radar ou votre feu arri\u00e8re de v\u00e9lo sur une tige de selle a\u00e9rodynamique ou ronde gr\u00e2ce \u00e0 ce support r\u00e9glable.\" \/>\n<meta name=\"robots\" content=\"index, follow, max-snippet:-1, max-image-preview:large, max-video-preview:-1\" \/>\n<link rel=\"canonical\" href=\"https:\/\/www.miomiorun.com\/fr\/produit\/garmin-support-universel-pour-la-tige-de-selle-varia\/\" \/>\n<meta property=\"og:locale\" content=\"fr_FR\" \/>\n<meta property=\"og:type\" content=\"article\" \/>\n<meta property=\"og:title\" content=\"Garmin Support universel pour la tige de selle Varia\u2122 - MioMioRun\" \/>\n<meta property=\"og:description\" content=\"Installez votre feu arri\u00e8re radar ou votre feu arri\u00e8re de v\u00e9lo sur une tige de selle a\u00e9rodynamique ou ronde gr\u00e2ce \u00e0 ce support r\u00e9glable.\" \/>\n<meta property=\"og:url\" content=\"https:\/\/www.miomiorun.com\/fr\/produit\/garmin-support-universel-pour-la-tige-de-selle-varia\/\" \/>\n<meta property=\"og:site_name\" content=\"MioMioRun\" \/>\n<meta property=\"article:publisher\" content=\"https:\/\/www.facebook.com\/miomiorun\/\" \/>\n<meta property=\"article:modified_time\" content=\"2025-04-28T14:19:31+00:00\" \/>\n<meta property=\"og:image\" content=\"https:\/\/www.miomiorun.com\/app\/uploads\/2020\/04\/Staffa-varia-radar.jpg\" \/>\n\t<meta property=\"og:image:width\" content=\"600\" \/>\n\t<meta property=\"og:image:height\" content=\"600\" \/>\n\t<meta property=\"og:image:type\" content=\"image\/jpeg\" \/>\n<meta name=\"twitter:card\" content=\"summary_large_image\" \/>\n<script type=\"application\/ld+json\" class=\"yoast-schema-graph\">{\"@context\":\"https:\/\/schema.org\",\"@graph\":[{\"@type\":\"WebPage\",\"@id\":\"https:\/\/www.miomiorun.com\/fr\/produit\/garmin-support-universel-pour-la-tige-de-selle-varia\/\",\"url\":\"https:\/\/www.miomiorun.com\/fr\/produit\/garmin-support-universel-pour-la-tige-de-selle-varia\/\",\"name\":\"Garmin Support universel pour la tige de selle Varia\u2122 - MioMioRun\",\"isPartOf\":{\"@id\":\"https:\/\/www.miomiorun.com\/fr\/#website\"},\"primaryImageOfPage\":{\"@id\":\"https:\/\/www.miomiorun.com\/fr\/produit\/garmin-support-universel-pour-la-tige-de-selle-varia\/#primaryimage\"},\"image\":{\"@id\":\"https:\/\/www.miomiorun.com\/fr\/produit\/garmin-support-universel-pour-la-tige-de-selle-varia\/#primaryimage\"},\"thumbnailUrl\":\"https:\/\/www.miomiorun.com\/app\/uploads\/2020\/04\/Staffa-varia-radar.jpg\",\"datePublished\":\"2020-04-10T09:54:26+00:00\",\"dateModified\":\"2025-04-28T14:19:31+00:00\",\"description\":\"Installez votre feu arri\u00e8re radar ou votre feu arri\u00e8re de v\u00e9lo sur une tige de selle a\u00e9rodynamique ou ronde gr\u00e2ce \u00e0 ce support r\u00e9glable.\",\"breadcrumb\":{\"@id\":\"https:\/\/www.miomiorun.com\/fr\/produit\/garmin-support-universel-pour-la-tige-de-selle-varia\/#breadcrumb\"},\"inLanguage\":\"fr-FR\",\"potentialAction\":[{\"@type\":\"ReadAction\",\"target\":[\"https:\/\/www.miomiorun.com\/fr\/produit\/garmin-support-universel-pour-la-tige-de-selle-varia\/\"]}]},{\"@type\":\"ImageObject\",\"inLanguage\":\"fr-FR\",\"@id\":\"https:\/\/www.miomiorun.com\/fr\/produit\/garmin-support-universel-pour-la-tige-de-selle-varia\/#primaryimage\",\"url\":\"https:\/\/www.miomiorun.com\/app\/uploads\/2020\/04\/Staffa-varia-radar.jpg\",\"contentUrl\":\"https:\/\/www.miomiorun.com\/app\/uploads\/2020\/04\/Staffa-varia-radar.jpg\",\"width\":600,\"height\":600,\"caption\":\"Staffa-varia-radar\"},{\"@type\":\"BreadcrumbList\",\"@id\":\"https:\/\/www.miomiorun.com\/fr\/produit\/garmin-support-universel-pour-la-tige-de-selle-varia\/#breadcrumb\",\"itemListElement\":[{\"@type\":\"ListItem\",\"position\":1,\"name\":\"Home\",\"item\":\"https:\/\/www.miomiorun.com\/fr\/home-page\/\"},{\"@type\":\"ListItem\",\"position\":2,\"name\":\"Shop\",\"item\":\"https:\/\/www.miomiorun.com\/shop\/\"},{\"@type\":\"ListItem\",\"position\":3,\"name\":\"Support universel pour la tige de selle Varia\u2122\"}]},{\"@type\":\"WebSite\",\"@id\":\"https:\/\/www.miomiorun.com\/fr\/#website\",\"url\":\"https:\/\/www.miomiorun.com\/fr\/\",\"name\":\"MioMioRun\",\"description\":\"Boutique 100% running et trail\",\"publisher\":{\"@id\":\"https:\/\/www.miomiorun.com\/fr\/#organization\"},\"potentialAction\":[{\"@type\":\"SearchAction\",\"target\":{\"@type\":\"EntryPoint\",\"urlTemplate\":\"https:\/\/www.miomiorun.com\/fr\/?s={search_term_string}\"},\"query-input\":{\"@type\":\"PropertyValueSpecification\",\"valueRequired\":true,\"valueName\":\"search_term_string\"}}],\"inLanguage\":\"fr-FR\"},{\"@type\":\"Organization\",\"@id\":\"https:\/\/www.miomiorun.com\/fr\/#organization\",\"name\":\"MioMio Run\",\"url\":\"https:\/\/www.miomiorun.com\/fr\/\",\"logo\":{\"@type\":\"ImageObject\",\"inLanguage\":\"fr-FR\",\"@id\":\"https:\/\/www.miomiorun.com\/fr\/#\/schema\/logo\/image\/\",\"url\":\"https:\/\/www.miomiorun.com\/app\/uploads\/2019\/12\/logomio.png\",\"contentUrl\":\"https:\/\/www.miomiorun.com\/app\/uploads\/2019\/12\/logomio.png\",\"width\":115,\"height\":82,\"caption\":\"MioMio Run\"},\"image\":{\"@id\":\"https:\/\/www.miomiorun.com\/fr\/#\/schema\/logo\/image\/\"},\"sameAs\":[\"https:\/\/www.facebook.com\/miomiorun\/\",\"https:\/\/www.instagram.com\/miomiorun\/\"]}]}<\/script>\n<!-- \/ Yoast SEO plugin. -->","yoast_head_json":{"title":"Garmin Support universel pour la tige de selle Varia\u2122 - MioMioRun","description":"Installez votre feu arri\u00e8re radar ou votre feu arri\u00e8re de v\u00e9lo sur une tige de selle a\u00e9rodynamique ou ronde gr\u00e2ce \u00e0 ce support r\u00e9glable.","robots":{"index":"index","follow":"follow","max-snippet":"max-snippet:-1","max-image-preview":"max-image-preview:large","max-video-preview":"max-video-preview:-1"},"canonical":"https:\/\/www.miomiorun.com\/fr\/produit\/garmin-support-universel-pour-la-tige-de-selle-varia\/","og_locale":"fr_FR","og_type":"article","og_title":"Garmin Support universel pour la tige de selle Varia\u2122 - MioMioRun","og_description":"Installez votre feu arri\u00e8re radar ou votre feu arri\u00e8re de v\u00e9lo sur une tige de selle a\u00e9rodynamique ou ronde gr\u00e2ce \u00e0 ce support r\u00e9glable.","og_url":"https:\/\/www.miomiorun.com\/fr\/produit\/garmin-support-universel-pour-la-tige-de-selle-varia\/","og_site_name":"MioMioRun","article_publisher":"https:\/\/www.facebook.com\/miomiorun\/","article_modified_time":"2025-04-28T14:19:31+00:00","og_image":[{"width":600,"height":600,"url":"https:\/\/www.miomiorun.com\/app\/uploads\/2020\/04\/Staffa-varia-radar.jpg","type":"image\/jpeg"}],"twitter_card":"summary_large_image","schema":{"@context":"https:\/\/schema.org","@graph":[{"@type":"WebPage","@id":"https:\/\/www.miomiorun.com\/fr\/produit\/garmin-support-universel-pour-la-tige-de-selle-varia\/","url":"https:\/\/www.miomiorun.com\/fr\/produit\/garmin-support-universel-pour-la-tige-de-selle-varia\/","name":"Garmin Support universel pour la tige de selle Varia\u2122 - MioMioRun","isPartOf":{"@id":"https:\/\/www.miomiorun.com\/fr\/#website"},"primaryImageOfPage":{"@id":"https:\/\/www.miomiorun.com\/fr\/produit\/garmin-support-universel-pour-la-tige-de-selle-varia\/#primaryimage"},"image":{"@id":"https:\/\/www.miomiorun.com\/fr\/produit\/garmin-support-universel-pour-la-tige-de-selle-varia\/#primaryimage"},"thumbnailUrl":"https:\/\/www.miomiorun.com\/app\/uploads\/2020\/04\/Staffa-varia-radar.jpg","datePublished":"2020-04-10T09:54:26+00:00","dateModified":"2025-04-28T14:19:31+00:00","description":"Installez votre feu arri\u00e8re radar ou votre feu arri\u00e8re de v\u00e9lo sur une tige de selle a\u00e9rodynamique ou ronde gr\u00e2ce \u00e0 ce support r\u00e9glable.","breadcrumb":{"@id":"https:\/\/www.miomiorun.com\/fr\/produit\/garmin-support-universel-pour-la-tige-de-selle-varia\/#breadcrumb"},"inLanguage":"fr-FR","potentialAction":[{"@type":"ReadAction","target":["https:\/\/www.miomiorun.com\/fr\/produit\/garmin-support-universel-pour-la-tige-de-selle-varia\/"]}]},{"@type":"ImageObject","inLanguage":"fr-FR","@id":"https:\/\/www.miomiorun.com\/fr\/produit\/garmin-support-universel-pour-la-tige-de-selle-varia\/#primaryimage","url":"https:\/\/www.miomiorun.com\/app\/uploads\/2020\/04\/Staffa-varia-radar.jpg","contentUrl":"https:\/\/www.miomiorun.com\/app\/uploads\/2020\/04\/Staffa-varia-radar.jpg","width":600,"height":600,"caption":"Staffa-varia-radar"},{"@type":"BreadcrumbList","@id":"https:\/\/www.miomiorun.com\/fr\/produit\/garmin-support-universel-pour-la-tige-de-selle-varia\/#breadcrumb","itemListElement":[{"@type":"ListItem","position":1,"name":"Home","item":"https:\/\/www.miomiorun.com\/fr\/home-page\/"},{"@type":"ListItem","position":2,"name":"Shop","item":"https:\/\/www.miomiorun.com\/shop\/"},{"@type":"ListItem","position":3,"name":"Support universel pour la tige de selle Varia\u2122"}]},{"@type":"WebSite","@id":"https:\/\/www.miomiorun.com\/fr\/#website","url":"https:\/\/www.miomiorun.com\/fr\/","name":"MioMioRun","description":"Boutique 100% running et trail","publisher":{"@id":"https:\/\/www.miomiorun.com\/fr\/#organization"},"potentialAction":[{"@type":"SearchAction","target":{"@type":"EntryPoint","urlTemplate":"https:\/\/www.miomiorun.com\/fr\/?s={search_term_string}"},"query-input":{"@type":"PropertyValueSpecification","valueRequired":true,"valueName":"search_term_string"}}],"inLanguage":"fr-FR"},{"@type":"Organization","@id":"https:\/\/www.miomiorun.com\/fr\/#organization","name":"MioMio Run","url":"https:\/\/www.miomiorun.com\/fr\/","logo":{"@type":"ImageObject","inLanguage":"fr-FR","@id":"https:\/\/www.miomiorun.com\/fr\/#\/schema\/logo\/image\/","url":"https:\/\/www.miomiorun.com\/app\/uploads\/2019\/12\/logomio.png","contentUrl":"https:\/\/www.miomiorun.com\/app\/uploads\/2019\/12\/logomio.png","width":115,"height":82,"caption":"MioMio Run"},"image":{"@id":"https:\/\/www.miomiorun.com\/fr\/#\/schema\/logo\/image\/"},"sameAs":["https:\/\/www.facebook.com\/miomiorun\/","https:\/\/www.instagram.com\/miomiorun\/"]}]}},"_links":{"self":[{"href":"https:\/\/www.miomiorun.com\/fr\/wp-json\/wp\/v2\/product\/274650","targetHints":{"allow":["GET"]}}],"collection":[{"href":"https:\/\/www.miomiorun.com\/fr\/wp-json\/wp\/v2\/product"}],"about":[{"href":"https:\/\/www.miomiorun.com\/fr\/wp-json\/wp\/v2\/types\/product"}],"wp:featuredmedia":[{"embeddable":true,"href":"https:\/\/www.miomiorun.com\/fr\/wp-json\/wp\/v2\/media\/229777"}],"wp:attachment":[{"href":"https:\/\/www.miomiorun.com\/fr\/wp-json\/wp\/v2\/media?parent=274650"}],"wp:term":[{"taxonomy":"product_brand","embeddable":true,"href":"https:\/\/www.miomiorun.com\/fr\/wp-json\/wp\/v2\/product_brand?post=274650"},{"taxonomy":"product_cat","embeddable":true,"href":"https:\/\/www.miomiorun.com\/fr\/wp-json\/wp\/v2\/product_cat?post=274650"},{"taxonomy":"product_tag","embeddable":true,"href":"https:\/\/www.miomiorun.com\/fr\/wp-json\/wp\/v2\/product_tag?post=274650"}],"curies":[{"name":"wp","href":"https:\/\/api.w.org\/{rel}","templated":true}]}}