{"id":274646,"date":"2020-04-10T12:03:29","date_gmt":"2020-04-10T10:03:29","guid":{"rendered":"https:\/\/miomiorun.com\/prodotto\/garmin-staffa-manubrio-a-livello\/"},"modified":"2025-04-28T16:20:16","modified_gmt":"2025-04-28T14:20:16","slug":"garmin-support-de-guidon-de-niveau","status":"publish","type":"product","link":"https:\/\/www.miomiorun.com\/fr\/produit\/garmin-support-de-guidon-de-niveau\/","title":{"rendered":"Support de guidon de niveau"},"content":{"rendered":"<p>Restez en t\u00eate du peloton avec ce support de guidon avant allong\u00e9, qui vous permet de profiter de tous les avantages de votre Edge sans compromettre votre conduite \u00e0 v\u00e9lo. Ce support de bras \u00e9tendu vous permet de rester dans une position droite et confortable pour une surveillance plus facile et une s\u00e9curit\u00e9 accrue.<\/p>\n","protected":false},"excerpt":{"rendered":"<p>Restez en t\u00eate du peloton avec ce support de guidon avant allong\u00e9, qui vous permet de profiter de tous les avantages de votre Edge sans compromettre votre conduite \u00e0 v\u00e9lo. Ce support de bras \u00e9tendu vous permet de rester dans une position droite et confortable pour une surveillance plus facile et une s\u00e9curit\u00e9 accrue.<\/p>\n","protected":false},"featured_media":229779,"template":"","meta":{"_acf_changed":false,"inline_featured_image":false},"product_brand":[],"product_cat":[22537,22566],"product_tag":[23480],"class_list":{"0":"post-274646","1":"product","2":"type-product","3":"status-publish","4":"has-post-thumbnail","6":"product_cat-garmin-fr","7":"product_cat-accessoires-fr","8":"product_tag-garmin-fr","9":"pa_marca-garmin-fr","10":"pa_sesso-femme","11":"pa_sesso-homme","13":"first","14":"outofstock","15":"sale","16":"taxable","17":"shipping-taxable","18":"purchasable","19":"product-type-simple"},"acf":[],"yoast_head":"<!-- This site is optimized with the Yoast SEO plugin v26.8 - https:\/\/yoast.com\/product\/yoast-seo-wordpress\/ -->\n<title>Garmin Support de guidon de niveau - accessoires pour v\u00e9los - MioMioRun<\/title>\n<meta name=\"description\" content=\"Restez en t\u00eate de peloton gr\u00e2ce \u00e0 ce support de guidon avant allong\u00e9, qui vous permet de profiter de tous les avantages de votre Edge.\" \/>\n<meta name=\"robots\" content=\"index, follow, max-snippet:-1, max-image-preview:large, max-video-preview:-1\" \/>\n<link rel=\"canonical\" href=\"https:\/\/www.miomiorun.com\/fr\/produit\/garmin-support-de-guidon-de-niveau\/\" \/>\n<meta property=\"og:locale\" content=\"fr_FR\" \/>\n<meta property=\"og:type\" content=\"article\" \/>\n<meta property=\"og:title\" content=\"Garmin Support de guidon de niveau - accessoires pour v\u00e9los - MioMioRun\" \/>\n<meta property=\"og:description\" content=\"Restez en t\u00eate de peloton gr\u00e2ce \u00e0 ce support de guidon avant allong\u00e9, qui vous permet de profiter de tous les avantages de votre Edge.\" \/>\n<meta property=\"og:url\" content=\"https:\/\/www.miomiorun.com\/fr\/produit\/garmin-support-de-guidon-de-niveau\/\" \/>\n<meta property=\"og:site_name\" content=\"MioMioRun\" \/>\n<meta property=\"article:publisher\" content=\"https:\/\/www.facebook.com\/miomiorun\/\" \/>\n<meta property=\"article:modified_time\" content=\"2025-04-28T14:20:16+00:00\" \/>\n<meta property=\"og:image\" content=\"https:\/\/www.miomiorun.com\/app\/uploads\/2020\/04\/Staffa-manubrio-a-livello.jpg\" \/>\n\t<meta property=\"og:image:width\" content=\"600\" \/>\n\t<meta property=\"og:image:height\" content=\"600\" \/>\n\t<meta property=\"og:image:type\" content=\"image\/jpeg\" \/>\n<meta name=\"twitter:card\" content=\"summary_large_image\" \/>\n<script type=\"application\/ld+json\" class=\"yoast-schema-graph\">{\"@context\":\"https:\/\/schema.org\",\"@graph\":[{\"@type\":\"WebPage\",\"@id\":\"https:\/\/www.miomiorun.com\/fr\/produit\/garmin-support-de-guidon-de-niveau\/\",\"url\":\"https:\/\/www.miomiorun.com\/fr\/produit\/garmin-support-de-guidon-de-niveau\/\",\"name\":\"Garmin Support de guidon de niveau - accessoires pour v\u00e9los - MioMioRun\",\"isPartOf\":{\"@id\":\"https:\/\/www.miomiorun.com\/fr\/#website\"},\"primaryImageOfPage\":{\"@id\":\"https:\/\/www.miomiorun.com\/fr\/produit\/garmin-support-de-guidon-de-niveau\/#primaryimage\"},\"image\":{\"@id\":\"https:\/\/www.miomiorun.com\/fr\/produit\/garmin-support-de-guidon-de-niveau\/#primaryimage\"},\"thumbnailUrl\":\"https:\/\/www.miomiorun.com\/app\/uploads\/2020\/04\/Staffa-manubrio-a-livello.jpg\",\"datePublished\":\"2020-04-10T10:03:29+00:00\",\"dateModified\":\"2025-04-28T14:20:16+00:00\",\"description\":\"Restez en t\u00eate de peloton gr\u00e2ce \u00e0 ce support de guidon avant allong\u00e9, qui vous permet de profiter de tous les avantages de votre Edge.\",\"breadcrumb\":{\"@id\":\"https:\/\/www.miomiorun.com\/fr\/produit\/garmin-support-de-guidon-de-niveau\/#breadcrumb\"},\"inLanguage\":\"fr-FR\",\"potentialAction\":[{\"@type\":\"ReadAction\",\"target\":[\"https:\/\/www.miomiorun.com\/fr\/produit\/garmin-support-de-guidon-de-niveau\/\"]}]},{\"@type\":\"ImageObject\",\"inLanguage\":\"fr-FR\",\"@id\":\"https:\/\/www.miomiorun.com\/fr\/produit\/garmin-support-de-guidon-de-niveau\/#primaryimage\",\"url\":\"https:\/\/www.miomiorun.com\/app\/uploads\/2020\/04\/Staffa-manubrio-a-livello.jpg\",\"contentUrl\":\"https:\/\/www.miomiorun.com\/app\/uploads\/2020\/04\/Staffa-manubrio-a-livello.jpg\",\"width\":600,\"height\":600,\"caption\":\"Staffa-manubrio-a-livello\"},{\"@type\":\"BreadcrumbList\",\"@id\":\"https:\/\/www.miomiorun.com\/fr\/produit\/garmin-support-de-guidon-de-niveau\/#breadcrumb\",\"itemListElement\":[{\"@type\":\"ListItem\",\"position\":1,\"name\":\"Home\",\"item\":\"https:\/\/www.miomiorun.com\/fr\/home-page\/\"},{\"@type\":\"ListItem\",\"position\":2,\"name\":\"Shop\",\"item\":\"https:\/\/www.miomiorun.com\/shop\/\"},{\"@type\":\"ListItem\",\"position\":3,\"name\":\"Support de guidon de niveau\"}]},{\"@type\":\"WebSite\",\"@id\":\"https:\/\/www.miomiorun.com\/fr\/#website\",\"url\":\"https:\/\/www.miomiorun.com\/fr\/\",\"name\":\"MioMioRun\",\"description\":\"Boutique 100% running et trail\",\"publisher\":{\"@id\":\"https:\/\/www.miomiorun.com\/fr\/#organization\"},\"potentialAction\":[{\"@type\":\"SearchAction\",\"target\":{\"@type\":\"EntryPoint\",\"urlTemplate\":\"https:\/\/www.miomiorun.com\/fr\/?s={search_term_string}\"},\"query-input\":{\"@type\":\"PropertyValueSpecification\",\"valueRequired\":true,\"valueName\":\"search_term_string\"}}],\"inLanguage\":\"fr-FR\"},{\"@type\":\"Organization\",\"@id\":\"https:\/\/www.miomiorun.com\/fr\/#organization\",\"name\":\"MioMio Run\",\"url\":\"https:\/\/www.miomiorun.com\/fr\/\",\"logo\":{\"@type\":\"ImageObject\",\"inLanguage\":\"fr-FR\",\"@id\":\"https:\/\/www.miomiorun.com\/fr\/#\/schema\/logo\/image\/\",\"url\":\"https:\/\/www.miomiorun.com\/app\/uploads\/2019\/12\/logomio.png\",\"contentUrl\":\"https:\/\/www.miomiorun.com\/app\/uploads\/2019\/12\/logomio.png\",\"width\":115,\"height\":82,\"caption\":\"MioMio Run\"},\"image\":{\"@id\":\"https:\/\/www.miomiorun.com\/fr\/#\/schema\/logo\/image\/\"},\"sameAs\":[\"https:\/\/www.facebook.com\/miomiorun\/\",\"https:\/\/www.instagram.com\/miomiorun\/\"]}]}<\/script>\n<!-- \/ Yoast SEO plugin. -->","yoast_head_json":{"title":"Garmin Support de guidon de niveau - accessoires pour v\u00e9los - MioMioRun","description":"Restez en t\u00eate de peloton gr\u00e2ce \u00e0 ce support de guidon avant allong\u00e9, qui vous permet de profiter de tous les avantages de votre Edge.","robots":{"index":"index","follow":"follow","max-snippet":"max-snippet:-1","max-image-preview":"max-image-preview:large","max-video-preview":"max-video-preview:-1"},"canonical":"https:\/\/www.miomiorun.com\/fr\/produit\/garmin-support-de-guidon-de-niveau\/","og_locale":"fr_FR","og_type":"article","og_title":"Garmin Support de guidon de niveau - accessoires pour v\u00e9los - MioMioRun","og_description":"Restez en t\u00eate de peloton gr\u00e2ce \u00e0 ce support de guidon avant allong\u00e9, qui vous permet de profiter de tous les avantages de votre Edge.","og_url":"https:\/\/www.miomiorun.com\/fr\/produit\/garmin-support-de-guidon-de-niveau\/","og_site_name":"MioMioRun","article_publisher":"https:\/\/www.facebook.com\/miomiorun\/","article_modified_time":"2025-04-28T14:20:16+00:00","og_image":[{"width":600,"height":600,"url":"https:\/\/www.miomiorun.com\/app\/uploads\/2020\/04\/Staffa-manubrio-a-livello.jpg","type":"image\/jpeg"}],"twitter_card":"summary_large_image","schema":{"@context":"https:\/\/schema.org","@graph":[{"@type":"WebPage","@id":"https:\/\/www.miomiorun.com\/fr\/produit\/garmin-support-de-guidon-de-niveau\/","url":"https:\/\/www.miomiorun.com\/fr\/produit\/garmin-support-de-guidon-de-niveau\/","name":"Garmin Support de guidon de niveau - accessoires pour v\u00e9los - MioMioRun","isPartOf":{"@id":"https:\/\/www.miomiorun.com\/fr\/#website"},"primaryImageOfPage":{"@id":"https:\/\/www.miomiorun.com\/fr\/produit\/garmin-support-de-guidon-de-niveau\/#primaryimage"},"image":{"@id":"https:\/\/www.miomiorun.com\/fr\/produit\/garmin-support-de-guidon-de-niveau\/#primaryimage"},"thumbnailUrl":"https:\/\/www.miomiorun.com\/app\/uploads\/2020\/04\/Staffa-manubrio-a-livello.jpg","datePublished":"2020-04-10T10:03:29+00:00","dateModified":"2025-04-28T14:20:16+00:00","description":"Restez en t\u00eate de peloton gr\u00e2ce \u00e0 ce support de guidon avant allong\u00e9, qui vous permet de profiter de tous les avantages de votre Edge.","breadcrumb":{"@id":"https:\/\/www.miomiorun.com\/fr\/produit\/garmin-support-de-guidon-de-niveau\/#breadcrumb"},"inLanguage":"fr-FR","potentialAction":[{"@type":"ReadAction","target":["https:\/\/www.miomiorun.com\/fr\/produit\/garmin-support-de-guidon-de-niveau\/"]}]},{"@type":"ImageObject","inLanguage":"fr-FR","@id":"https:\/\/www.miomiorun.com\/fr\/produit\/garmin-support-de-guidon-de-niveau\/#primaryimage","url":"https:\/\/www.miomiorun.com\/app\/uploads\/2020\/04\/Staffa-manubrio-a-livello.jpg","contentUrl":"https:\/\/www.miomiorun.com\/app\/uploads\/2020\/04\/Staffa-manubrio-a-livello.jpg","width":600,"height":600,"caption":"Staffa-manubrio-a-livello"},{"@type":"BreadcrumbList","@id":"https:\/\/www.miomiorun.com\/fr\/produit\/garmin-support-de-guidon-de-niveau\/#breadcrumb","itemListElement":[{"@type":"ListItem","position":1,"name":"Home","item":"https:\/\/www.miomiorun.com\/fr\/home-page\/"},{"@type":"ListItem","position":2,"name":"Shop","item":"https:\/\/www.miomiorun.com\/shop\/"},{"@type":"ListItem","position":3,"name":"Support de guidon de niveau"}]},{"@type":"WebSite","@id":"https:\/\/www.miomiorun.com\/fr\/#website","url":"https:\/\/www.miomiorun.com\/fr\/","name":"MioMioRun","description":"Boutique 100% running et trail","publisher":{"@id":"https:\/\/www.miomiorun.com\/fr\/#organization"},"potentialAction":[{"@type":"SearchAction","target":{"@type":"EntryPoint","urlTemplate":"https:\/\/www.miomiorun.com\/fr\/?s={search_term_string}"},"query-input":{"@type":"PropertyValueSpecification","valueRequired":true,"valueName":"search_term_string"}}],"inLanguage":"fr-FR"},{"@type":"Organization","@id":"https:\/\/www.miomiorun.com\/fr\/#organization","name":"MioMio Run","url":"https:\/\/www.miomiorun.com\/fr\/","logo":{"@type":"ImageObject","inLanguage":"fr-FR","@id":"https:\/\/www.miomiorun.com\/fr\/#\/schema\/logo\/image\/","url":"https:\/\/www.miomiorun.com\/app\/uploads\/2019\/12\/logomio.png","contentUrl":"https:\/\/www.miomiorun.com\/app\/uploads\/2019\/12\/logomio.png","width":115,"height":82,"caption":"MioMio Run"},"image":{"@id":"https:\/\/www.miomiorun.com\/fr\/#\/schema\/logo\/image\/"},"sameAs":["https:\/\/www.facebook.com\/miomiorun\/","https:\/\/www.instagram.com\/miomiorun\/"]}]}},"_links":{"self":[{"href":"https:\/\/www.miomiorun.com\/fr\/wp-json\/wp\/v2\/product\/274646","targetHints":{"allow":["GET"]}}],"collection":[{"href":"https:\/\/www.miomiorun.com\/fr\/wp-json\/wp\/v2\/product"}],"about":[{"href":"https:\/\/www.miomiorun.com\/fr\/wp-json\/wp\/v2\/types\/product"}],"wp:featuredmedia":[{"embeddable":true,"href":"https:\/\/www.miomiorun.com\/fr\/wp-json\/wp\/v2\/media\/229779"}],"wp:attachment":[{"href":"https:\/\/www.miomiorun.com\/fr\/wp-json\/wp\/v2\/media?parent=274646"}],"wp:term":[{"taxonomy":"product_brand","embeddable":true,"href":"https:\/\/www.miomiorun.com\/fr\/wp-json\/wp\/v2\/product_brand?post=274646"},{"taxonomy":"product_cat","embeddable":true,"href":"https:\/\/www.miomiorun.com\/fr\/wp-json\/wp\/v2\/product_cat?post=274646"},{"taxonomy":"product_tag","embeddable":true,"href":"https:\/\/www.miomiorun.com\/fr\/wp-json\/wp\/v2\/product_tag?post=274646"}],"curies":[{"name":"wp","href":"https:\/\/api.w.org\/{rel}","templated":true}]}}