{"id":274439,"date":"2019-12-17T12:33:17","date_gmt":"2019-12-17T11:33:17","guid":{"rendered":"https:\/\/miomiorun.com\/prodotto\/custodia-in-silicone-garmin-edge-130\/"},"modified":"2026-05-08T20:35:43","modified_gmt":"2026-05-08T18:35:43","slug":"etui-silicone-edge-130","status":"publish","type":"product","link":"https:\/\/www.miomiorun.com\/fr\/produit\/etui-silicone-edge-130\/","title":{"rendered":"Etui silicone Edge 130"},"content":{"rendered":"<p>Prot\u00e9gez le Edge\u00ae 130 avec cet \u00e9tui en silicone ergonomique et amovible.<\/p>\n","protected":false},"excerpt":{"rendered":"<p>Prot\u00e9gez le Edge\u00ae 130 avec cet \u00e9tui en silicone ergonomique et amovible.<\/p>\n","protected":false},"featured_media":228625,"template":"","meta":{"_acf_changed":false,"inline_featured_image":false},"product_brand":[],"product_cat":[22537,22566],"product_tag":[23480],"class_list":{"0":"post-274439","1":"product","2":"type-product","3":"status-publish","4":"has-post-thumbnail","6":"product_cat-garmin-fr","7":"product_cat-accessoires-fr","8":"product_tag-garmin-fr","9":"pa_colore-cover-edge-130-blu-fr","10":"pa_colore-cover-edge-130-gialla-fr","11":"pa_colore-cover-edge-130-nera-fr","12":"pa_marca-garmin-fr","13":"pa_sesso-femme","14":"pa_sesso-homme","16":"first","17":"instock","18":"sale","19":"taxable","20":"shipping-taxable","21":"purchasable","22":"product-type-variable","23":"wvs-archive-product-wrapper"},"acf":[],"yoast_head":"<!-- This site is optimized with the Yoast SEO plugin v26.8 - https:\/\/yoast.com\/product\/yoast-seo-wordpress\/ -->\n<title>Garmin Etui silicone Edge 130 -accessoires garmin- MioMioRun<\/title>\n<meta name=\"description\" content=\"Prot\u00e9gez votre Edge\u00ae 130 avec cet \u00e9tui en silicone ergonomique et amovible. Disponible en diff\u00e9rentes couleurs pour donner un nouveau look \u00e0 votre Edge.\" \/>\n<meta name=\"robots\" content=\"index, follow, max-snippet:-1, max-image-preview:large, max-video-preview:-1\" \/>\n<link rel=\"canonical\" href=\"https:\/\/www.miomiorun.com\/fr\/produit\/etui-silicone-edge-130\/\" \/>\n<meta property=\"og:locale\" content=\"fr_FR\" \/>\n<meta property=\"og:type\" content=\"article\" \/>\n<meta property=\"og:title\" content=\"Garmin Etui silicone Edge 130 -accessoires garmin- MioMioRun\" \/>\n<meta property=\"og:description\" content=\"Prot\u00e9gez votre Edge\u00ae 130 avec cet \u00e9tui en silicone ergonomique et amovible. Disponible en diff\u00e9rentes couleurs pour donner un nouveau look \u00e0 votre Edge.\" \/>\n<meta property=\"og:url\" content=\"https:\/\/www.miomiorun.com\/fr\/produit\/etui-silicone-edge-130\/\" \/>\n<meta property=\"og:site_name\" content=\"MioMioRun\" \/>\n<meta property=\"article:publisher\" content=\"https:\/\/www.facebook.com\/miomiorun\/\" \/>\n<meta property=\"article:modified_time\" content=\"2026-05-08T18:35:43+00:00\" \/>\n<meta property=\"og:image\" content=\"https:\/\/www.miomiorun.com\/app\/uploads\/2019\/11\/Cover-edge-130-blu.jpg\" \/>\n\t<meta property=\"og:image:width\" content=\"600\" \/>\n\t<meta property=\"og:image:height\" content=\"600\" \/>\n\t<meta property=\"og:image:type\" content=\"image\/jpeg\" \/>\n<meta name=\"twitter:card\" content=\"summary_large_image\" \/>\n<script type=\"application\/ld+json\" class=\"yoast-schema-graph\">{\"@context\":\"https:\/\/schema.org\",\"@graph\":[{\"@type\":\"WebPage\",\"@id\":\"https:\/\/www.miomiorun.com\/fr\/produit\/etui-silicone-edge-130\/\",\"url\":\"https:\/\/www.miomiorun.com\/fr\/produit\/etui-silicone-edge-130\/\",\"name\":\"Garmin Etui silicone Edge 130 -accessoires garmin- MioMioRun\",\"isPartOf\":{\"@id\":\"https:\/\/www.miomiorun.com\/fr\/#website\"},\"primaryImageOfPage\":{\"@id\":\"https:\/\/www.miomiorun.com\/fr\/produit\/etui-silicone-edge-130\/#primaryimage\"},\"image\":{\"@id\":\"https:\/\/www.miomiorun.com\/fr\/produit\/etui-silicone-edge-130\/#primaryimage\"},\"thumbnailUrl\":\"https:\/\/www.miomiorun.com\/app\/uploads\/2019\/11\/Cover-edge-130-blu.jpg\",\"datePublished\":\"2019-12-17T11:33:17+00:00\",\"dateModified\":\"2026-05-08T18:35:43+00:00\",\"description\":\"Prot\u00e9gez votre Edge\u00ae 130 avec cet \u00e9tui en silicone ergonomique et amovible. Disponible en diff\u00e9rentes couleurs pour donner un nouveau look \u00e0 votre Edge.\",\"breadcrumb\":{\"@id\":\"https:\/\/www.miomiorun.com\/fr\/produit\/etui-silicone-edge-130\/#breadcrumb\"},\"inLanguage\":\"fr-FR\",\"potentialAction\":[{\"@type\":\"ReadAction\",\"target\":[\"https:\/\/www.miomiorun.com\/fr\/produit\/etui-silicone-edge-130\/\"]}]},{\"@type\":\"ImageObject\",\"inLanguage\":\"fr-FR\",\"@id\":\"https:\/\/www.miomiorun.com\/fr\/produit\/etui-silicone-edge-130\/#primaryimage\",\"url\":\"https:\/\/www.miomiorun.com\/app\/uploads\/2019\/11\/Cover-edge-130-blu.jpg\",\"contentUrl\":\"https:\/\/www.miomiorun.com\/app\/uploads\/2019\/11\/Cover-edge-130-blu.jpg\",\"width\":600,\"height\":600,\"caption\":\"Cover-edge-130-blu\"},{\"@type\":\"BreadcrumbList\",\"@id\":\"https:\/\/www.miomiorun.com\/fr\/produit\/etui-silicone-edge-130\/#breadcrumb\",\"itemListElement\":[{\"@type\":\"ListItem\",\"position\":1,\"name\":\"Home\",\"item\":\"https:\/\/www.miomiorun.com\/fr\/home-page\/\"},{\"@type\":\"ListItem\",\"position\":2,\"name\":\"Shop\",\"item\":\"https:\/\/www.miomiorun.com\/shop\/\"},{\"@type\":\"ListItem\",\"position\":3,\"name\":\"Etui silicone Edge 130\"}]},{\"@type\":\"WebSite\",\"@id\":\"https:\/\/www.miomiorun.com\/fr\/#website\",\"url\":\"https:\/\/www.miomiorun.com\/fr\/\",\"name\":\"MioMioRun\",\"description\":\"Boutique 100% running et trail\",\"publisher\":{\"@id\":\"https:\/\/www.miomiorun.com\/fr\/#organization\"},\"potentialAction\":[{\"@type\":\"SearchAction\",\"target\":{\"@type\":\"EntryPoint\",\"urlTemplate\":\"https:\/\/www.miomiorun.com\/fr\/?s={search_term_string}\"},\"query-input\":{\"@type\":\"PropertyValueSpecification\",\"valueRequired\":true,\"valueName\":\"search_term_string\"}}],\"inLanguage\":\"fr-FR\"},{\"@type\":\"Organization\",\"@id\":\"https:\/\/www.miomiorun.com\/fr\/#organization\",\"name\":\"MioMio Run\",\"url\":\"https:\/\/www.miomiorun.com\/fr\/\",\"logo\":{\"@type\":\"ImageObject\",\"inLanguage\":\"fr-FR\",\"@id\":\"https:\/\/www.miomiorun.com\/fr\/#\/schema\/logo\/image\/\",\"url\":\"https:\/\/www.miomiorun.com\/app\/uploads\/2019\/12\/logomio.png\",\"contentUrl\":\"https:\/\/www.miomiorun.com\/app\/uploads\/2019\/12\/logomio.png\",\"width\":115,\"height\":82,\"caption\":\"MioMio Run\"},\"image\":{\"@id\":\"https:\/\/www.miomiorun.com\/fr\/#\/schema\/logo\/image\/\"},\"sameAs\":[\"https:\/\/www.facebook.com\/miomiorun\/\",\"https:\/\/www.instagram.com\/miomiorun\/\"]}]}<\/script>\n<!-- \/ Yoast SEO plugin. -->","yoast_head_json":{"title":"Garmin Etui silicone Edge 130 -accessoires garmin- MioMioRun","description":"Prot\u00e9gez votre Edge\u00ae 130 avec cet \u00e9tui en silicone ergonomique et amovible. Disponible en diff\u00e9rentes couleurs pour donner un nouveau look \u00e0 votre Edge.","robots":{"index":"index","follow":"follow","max-snippet":"max-snippet:-1","max-image-preview":"max-image-preview:large","max-video-preview":"max-video-preview:-1"},"canonical":"https:\/\/www.miomiorun.com\/fr\/produit\/etui-silicone-edge-130\/","og_locale":"fr_FR","og_type":"article","og_title":"Garmin Etui silicone Edge 130 -accessoires garmin- MioMioRun","og_description":"Prot\u00e9gez votre Edge\u00ae 130 avec cet \u00e9tui en silicone ergonomique et amovible. Disponible en diff\u00e9rentes couleurs pour donner un nouveau look \u00e0 votre Edge.","og_url":"https:\/\/www.miomiorun.com\/fr\/produit\/etui-silicone-edge-130\/","og_site_name":"MioMioRun","article_publisher":"https:\/\/www.facebook.com\/miomiorun\/","article_modified_time":"2026-05-08T18:35:43+00:00","og_image":[{"width":600,"height":600,"url":"https:\/\/www.miomiorun.com\/app\/uploads\/2019\/11\/Cover-edge-130-blu.jpg","type":"image\/jpeg"}],"twitter_card":"summary_large_image","schema":{"@context":"https:\/\/schema.org","@graph":[{"@type":"WebPage","@id":"https:\/\/www.miomiorun.com\/fr\/produit\/etui-silicone-edge-130\/","url":"https:\/\/www.miomiorun.com\/fr\/produit\/etui-silicone-edge-130\/","name":"Garmin Etui silicone Edge 130 -accessoires garmin- MioMioRun","isPartOf":{"@id":"https:\/\/www.miomiorun.com\/fr\/#website"},"primaryImageOfPage":{"@id":"https:\/\/www.miomiorun.com\/fr\/produit\/etui-silicone-edge-130\/#primaryimage"},"image":{"@id":"https:\/\/www.miomiorun.com\/fr\/produit\/etui-silicone-edge-130\/#primaryimage"},"thumbnailUrl":"https:\/\/www.miomiorun.com\/app\/uploads\/2019\/11\/Cover-edge-130-blu.jpg","datePublished":"2019-12-17T11:33:17+00:00","dateModified":"2026-05-08T18:35:43+00:00","description":"Prot\u00e9gez votre Edge\u00ae 130 avec cet \u00e9tui en silicone ergonomique et amovible. Disponible en diff\u00e9rentes couleurs pour donner un nouveau look \u00e0 votre Edge.","breadcrumb":{"@id":"https:\/\/www.miomiorun.com\/fr\/produit\/etui-silicone-edge-130\/#breadcrumb"},"inLanguage":"fr-FR","potentialAction":[{"@type":"ReadAction","target":["https:\/\/www.miomiorun.com\/fr\/produit\/etui-silicone-edge-130\/"]}]},{"@type":"ImageObject","inLanguage":"fr-FR","@id":"https:\/\/www.miomiorun.com\/fr\/produit\/etui-silicone-edge-130\/#primaryimage","url":"https:\/\/www.miomiorun.com\/app\/uploads\/2019\/11\/Cover-edge-130-blu.jpg","contentUrl":"https:\/\/www.miomiorun.com\/app\/uploads\/2019\/11\/Cover-edge-130-blu.jpg","width":600,"height":600,"caption":"Cover-edge-130-blu"},{"@type":"BreadcrumbList","@id":"https:\/\/www.miomiorun.com\/fr\/produit\/etui-silicone-edge-130\/#breadcrumb","itemListElement":[{"@type":"ListItem","position":1,"name":"Home","item":"https:\/\/www.miomiorun.com\/fr\/home-page\/"},{"@type":"ListItem","position":2,"name":"Shop","item":"https:\/\/www.miomiorun.com\/shop\/"},{"@type":"ListItem","position":3,"name":"Etui silicone Edge 130"}]},{"@type":"WebSite","@id":"https:\/\/www.miomiorun.com\/fr\/#website","url":"https:\/\/www.miomiorun.com\/fr\/","name":"MioMioRun","description":"Boutique 100% running et trail","publisher":{"@id":"https:\/\/www.miomiorun.com\/fr\/#organization"},"potentialAction":[{"@type":"SearchAction","target":{"@type":"EntryPoint","urlTemplate":"https:\/\/www.miomiorun.com\/fr\/?s={search_term_string}"},"query-input":{"@type":"PropertyValueSpecification","valueRequired":true,"valueName":"search_term_string"}}],"inLanguage":"fr-FR"},{"@type":"Organization","@id":"https:\/\/www.miomiorun.com\/fr\/#organization","name":"MioMio Run","url":"https:\/\/www.miomiorun.com\/fr\/","logo":{"@type":"ImageObject","inLanguage":"fr-FR","@id":"https:\/\/www.miomiorun.com\/fr\/#\/schema\/logo\/image\/","url":"https:\/\/www.miomiorun.com\/app\/uploads\/2019\/12\/logomio.png","contentUrl":"https:\/\/www.miomiorun.com\/app\/uploads\/2019\/12\/logomio.png","width":115,"height":82,"caption":"MioMio Run"},"image":{"@id":"https:\/\/www.miomiorun.com\/fr\/#\/schema\/logo\/image\/"},"sameAs":["https:\/\/www.facebook.com\/miomiorun\/","https:\/\/www.instagram.com\/miomiorun\/"]}]}},"_links":{"self":[{"href":"https:\/\/www.miomiorun.com\/fr\/wp-json\/wp\/v2\/product\/274439","targetHints":{"allow":["GET"]}}],"collection":[{"href":"https:\/\/www.miomiorun.com\/fr\/wp-json\/wp\/v2\/product"}],"about":[{"href":"https:\/\/www.miomiorun.com\/fr\/wp-json\/wp\/v2\/types\/product"}],"wp:featuredmedia":[{"embeddable":true,"href":"https:\/\/www.miomiorun.com\/fr\/wp-json\/wp\/v2\/media\/228625"}],"wp:attachment":[{"href":"https:\/\/www.miomiorun.com\/fr\/wp-json\/wp\/v2\/media?parent=274439"}],"wp:term":[{"taxonomy":"product_brand","embeddable":true,"href":"https:\/\/www.miomiorun.com\/fr\/wp-json\/wp\/v2\/product_brand?post=274439"},{"taxonomy":"product_cat","embeddable":true,"href":"https:\/\/www.miomiorun.com\/fr\/wp-json\/wp\/v2\/product_cat?post=274439"},{"taxonomy":"product_tag","embeddable":true,"href":"https:\/\/www.miomiorun.com\/fr\/wp-json\/wp\/v2\/product_tag?post=274439"}],"curies":[{"name":"wp","href":"https:\/\/api.w.org\/{rel}","templated":true}]}}