{"id":274436,"date":"2019-12-17T12:33:44","date_gmt":"2019-12-17T11:33:44","guid":{"rendered":"https:\/\/miomiorun.com\/prodotto\/fascia-cardio-garmin-hrm-dual\/"},"modified":"2025-04-17T10:16:48","modified_gmt":"2025-04-17T08:16:48","slug":"garmin-hrm-dual-ceinture-cardiofrequencemetre","status":"publish","type":"product","link":"https:\/\/www.miomiorun.com\/fr\/produit\/garmin-hrm-dual-ceinture-cardiofrequencemetre\/","title":{"rendered":"HRM-Dual ceinture cardiofr\u00e9quencem\u00e8tre"},"content":{"rendered":"<div class=\"top bottom\">\n<h3>La mani\u00e8re simple et pr\u00e9cise de mesurer la fr\u00e9quence cardiaque<\/h3>\n<p>HRM-dual signifie moniteur de fr\u00e9quence cardiaque avec double transmission de donn\u00e9es, <sup>ANT+\u00ae<\/sup> et technologie <sup>BLUETOOTH\u00ae<\/sup> Low Energy, de votre fr\u00e9quence cardiaque et vous b\u00e9n\u00e9ficiez de nouvelles options pour l&#8217;entra\u00eenement en int\u00e9rieur et en ext\u00e9rieur. Gr\u00e2ce \u00e0 lui, vous recevrez des donn\u00e9es de fr\u00e9quence cardiaque lin\u00e9aires et pr\u00e9cises directement sur votre appareil Garmin et enverrez vos donn\u00e9es \u00e0 des applis d&#8217;entra\u00eenement en ligne telles que Zwift ou \u00e0 des \u00e9quipements de salle de sport compatibles. Pour tout type d&#8217;entra\u00eenement, vous pourrez suivre avec pr\u00e9cision votre fr\u00e9quence cardiaque en temps r\u00e9el et surveiller vos performances.<\/p>\n<div class=\"span9\">\n<h3>Confort et commodit\u00e9<\/h3>\n<p>Le HRM-Dual est une ceinture cardiaque souple et r\u00e9glable, confortable \u00e0 porter et lavable, en prenant soin de retirer le module central.<\/p>\n<\/div>\n<\/div>\n","protected":false},"excerpt":{"rendered":"<p>La mani\u00e8re simple et pr\u00e9cise de mesurer la fr\u00e9quence cardiaque HRM-dual signifie moniteur de fr\u00e9quence cardiaque avec double transmission de donn\u00e9es, ANT+\u00ae et technologie BLUETOOTH\u00ae Low Energy, de votre fr\u00e9quence cardiaque et vous b\u00e9n\u00e9ficiez de nouvelles options pour l&#8217;entra\u00eenement en int\u00e9rieur et en ext\u00e9rieur. Gr\u00e2ce \u00e0 lui, vous recevrez des donn\u00e9es de fr\u00e9quence cardiaque lin\u00e9aires &hellip; <a href=\"https:\/\/www.miomiorun.com\/fr\/produit\/garmin-hrm-dual-ceinture-cardiofrequencemetre\/\">Continued<\/a><\/p>\n","protected":false},"featured_media":228631,"template":"","meta":{"_acf_changed":false,"inline_featured_image":false},"product_brand":[],"product_cat":[22537,22566],"product_tag":[23480],"class_list":{"0":"post-274436","1":"product","2":"type-product","3":"status-publish","4":"has-post-thumbnail","6":"product_cat-garmin-fr","7":"product_cat-accessoires-fr","8":"product_tag-garmin-fr","9":"pa_marca-garmin-fr","10":"pa_sesso-femme","11":"pa_sesso-homme","13":"first","14":"outofstock","15":"sale","16":"taxable","17":"shipping-taxable","18":"purchasable","19":"product-type-simple"},"acf":[],"yoast_head":"<!-- This site is optimized with the Yoast SEO plugin v26.8 - https:\/\/yoast.com\/product\/yoast-seo-wordpress\/ -->\n<title>Garmin HRM-Dual ceinture cardiofr\u00e9quencem\u00e8tre - accessoires garmin - MioMioRun<\/title>\n<meta name=\"description\" content=\"HRM-dual signifie moniteur de fr\u00e9quence cardiaque avec double transmission des donn\u00e9es de fr\u00e9quence cardiaque. Vous pourrez ainsi d\u00e9tecter votre fr\u00e9quence cardiaque avec pr\u00e9cision et en temps r\u00e9el.\" \/>\n<meta name=\"robots\" content=\"index, follow, max-snippet:-1, max-image-preview:large, max-video-preview:-1\" \/>\n<link rel=\"canonical\" href=\"https:\/\/www.miomiorun.com\/fr\/produit\/garmin-hrm-dual-ceinture-cardiofrequencemetre\/\" \/>\n<meta property=\"og:locale\" content=\"fr_FR\" \/>\n<meta property=\"og:type\" content=\"article\" \/>\n<meta property=\"og:title\" content=\"Garmin HRM-Dual ceinture cardiofr\u00e9quencem\u00e8tre - accessoires garmin - MioMioRun\" \/>\n<meta property=\"og:description\" content=\"HRM-dual signifie moniteur de fr\u00e9quence cardiaque avec double transmission des donn\u00e9es de fr\u00e9quence cardiaque. Vous pourrez ainsi d\u00e9tecter votre fr\u00e9quence cardiaque avec pr\u00e9cision et en temps r\u00e9el.\" \/>\n<meta property=\"og:url\" content=\"https:\/\/www.miomiorun.com\/fr\/produit\/garmin-hrm-dual-ceinture-cardiofrequencemetre\/\" \/>\n<meta property=\"og:site_name\" content=\"MioMioRun\" \/>\n<meta property=\"article:publisher\" content=\"https:\/\/www.facebook.com\/miomiorun\/\" \/>\n<meta property=\"article:modified_time\" content=\"2025-04-17T08:16:48+00:00\" \/>\n<meta property=\"og:image\" content=\"https:\/\/www.miomiorun.com\/app\/uploads\/2019\/11\/fascia-cardio-HRM-dual.jpg\" \/>\n\t<meta property=\"og:image:width\" content=\"600\" \/>\n\t<meta property=\"og:image:height\" content=\"600\" \/>\n\t<meta property=\"og:image:type\" content=\"image\/jpeg\" \/>\n<meta name=\"twitter:card\" content=\"summary_large_image\" \/>\n<meta name=\"twitter:label1\" content=\"Est. reading time\" \/>\n\t<meta name=\"twitter:data1\" content=\"1 minute\" \/>\n<script type=\"application\/ld+json\" class=\"yoast-schema-graph\">{\"@context\":\"https:\/\/schema.org\",\"@graph\":[{\"@type\":\"WebPage\",\"@id\":\"https:\/\/www.miomiorun.com\/fr\/produit\/garmin-hrm-dual-ceinture-cardiofrequencemetre\/\",\"url\":\"https:\/\/www.miomiorun.com\/fr\/produit\/garmin-hrm-dual-ceinture-cardiofrequencemetre\/\",\"name\":\"Garmin HRM-Dual ceinture cardiofr\u00e9quencem\u00e8tre - accessoires garmin - MioMioRun\",\"isPartOf\":{\"@id\":\"https:\/\/www.miomiorun.com\/fr\/#website\"},\"primaryImageOfPage\":{\"@id\":\"https:\/\/www.miomiorun.com\/fr\/produit\/garmin-hrm-dual-ceinture-cardiofrequencemetre\/#primaryimage\"},\"image\":{\"@id\":\"https:\/\/www.miomiorun.com\/fr\/produit\/garmin-hrm-dual-ceinture-cardiofrequencemetre\/#primaryimage\"},\"thumbnailUrl\":\"https:\/\/www.miomiorun.com\/app\/uploads\/2019\/11\/fascia-cardio-HRM-dual.jpg\",\"datePublished\":\"2019-12-17T11:33:44+00:00\",\"dateModified\":\"2025-04-17T08:16:48+00:00\",\"description\":\"HRM-dual signifie moniteur de fr\u00e9quence cardiaque avec double transmission des donn\u00e9es de fr\u00e9quence cardiaque. Vous pourrez ainsi d\u00e9tecter votre fr\u00e9quence cardiaque avec pr\u00e9cision et en temps r\u00e9el.\",\"breadcrumb\":{\"@id\":\"https:\/\/www.miomiorun.com\/fr\/produit\/garmin-hrm-dual-ceinture-cardiofrequencemetre\/#breadcrumb\"},\"inLanguage\":\"fr-FR\",\"potentialAction\":[{\"@type\":\"ReadAction\",\"target\":[\"https:\/\/www.miomiorun.com\/fr\/produit\/garmin-hrm-dual-ceinture-cardiofrequencemetre\/\"]}]},{\"@type\":\"ImageObject\",\"inLanguage\":\"fr-FR\",\"@id\":\"https:\/\/www.miomiorun.com\/fr\/produit\/garmin-hrm-dual-ceinture-cardiofrequencemetre\/#primaryimage\",\"url\":\"https:\/\/www.miomiorun.com\/app\/uploads\/2019\/11\/fascia-cardio-HRM-dual.jpg\",\"contentUrl\":\"https:\/\/www.miomiorun.com\/app\/uploads\/2019\/11\/fascia-cardio-HRM-dual.jpg\",\"width\":600,\"height\":600,\"caption\":\"fascia-cardio-HRM-dual\"},{\"@type\":\"BreadcrumbList\",\"@id\":\"https:\/\/www.miomiorun.com\/fr\/produit\/garmin-hrm-dual-ceinture-cardiofrequencemetre\/#breadcrumb\",\"itemListElement\":[{\"@type\":\"ListItem\",\"position\":1,\"name\":\"Home\",\"item\":\"https:\/\/www.miomiorun.com\/fr\/home-page\/\"},{\"@type\":\"ListItem\",\"position\":2,\"name\":\"Shop\",\"item\":\"https:\/\/www.miomiorun.com\/shop\/\"},{\"@type\":\"ListItem\",\"position\":3,\"name\":\"HRM-Dual ceinture cardiofr\u00e9quencem\u00e8tre\"}]},{\"@type\":\"WebSite\",\"@id\":\"https:\/\/www.miomiorun.com\/fr\/#website\",\"url\":\"https:\/\/www.miomiorun.com\/fr\/\",\"name\":\"MioMioRun\",\"description\":\"Boutique 100% running et trail\",\"publisher\":{\"@id\":\"https:\/\/www.miomiorun.com\/fr\/#organization\"},\"potentialAction\":[{\"@type\":\"SearchAction\",\"target\":{\"@type\":\"EntryPoint\",\"urlTemplate\":\"https:\/\/www.miomiorun.com\/fr\/?s={search_term_string}\"},\"query-input\":{\"@type\":\"PropertyValueSpecification\",\"valueRequired\":true,\"valueName\":\"search_term_string\"}}],\"inLanguage\":\"fr-FR\"},{\"@type\":\"Organization\",\"@id\":\"https:\/\/www.miomiorun.com\/fr\/#organization\",\"name\":\"MioMio Run\",\"url\":\"https:\/\/www.miomiorun.com\/fr\/\",\"logo\":{\"@type\":\"ImageObject\",\"inLanguage\":\"fr-FR\",\"@id\":\"https:\/\/www.miomiorun.com\/fr\/#\/schema\/logo\/image\/\",\"url\":\"https:\/\/www.miomiorun.com\/app\/uploads\/2019\/12\/logomio.png\",\"contentUrl\":\"https:\/\/www.miomiorun.com\/app\/uploads\/2019\/12\/logomio.png\",\"width\":115,\"height\":82,\"caption\":\"MioMio Run\"},\"image\":{\"@id\":\"https:\/\/www.miomiorun.com\/fr\/#\/schema\/logo\/image\/\"},\"sameAs\":[\"https:\/\/www.facebook.com\/miomiorun\/\",\"https:\/\/www.instagram.com\/miomiorun\/\"]}]}<\/script>\n<!-- \/ Yoast SEO plugin. -->","yoast_head_json":{"title":"Garmin HRM-Dual ceinture cardiofr\u00e9quencem\u00e8tre - accessoires garmin - MioMioRun","description":"HRM-dual signifie moniteur de fr\u00e9quence cardiaque avec double transmission des donn\u00e9es de fr\u00e9quence cardiaque. Vous pourrez ainsi d\u00e9tecter votre fr\u00e9quence cardiaque avec pr\u00e9cision et en temps r\u00e9el.","robots":{"index":"index","follow":"follow","max-snippet":"max-snippet:-1","max-image-preview":"max-image-preview:large","max-video-preview":"max-video-preview:-1"},"canonical":"https:\/\/www.miomiorun.com\/fr\/produit\/garmin-hrm-dual-ceinture-cardiofrequencemetre\/","og_locale":"fr_FR","og_type":"article","og_title":"Garmin HRM-Dual ceinture cardiofr\u00e9quencem\u00e8tre - accessoires garmin - MioMioRun","og_description":"HRM-dual signifie moniteur de fr\u00e9quence cardiaque avec double transmission des donn\u00e9es de fr\u00e9quence cardiaque. Vous pourrez ainsi d\u00e9tecter votre fr\u00e9quence cardiaque avec pr\u00e9cision et en temps r\u00e9el.","og_url":"https:\/\/www.miomiorun.com\/fr\/produit\/garmin-hrm-dual-ceinture-cardiofrequencemetre\/","og_site_name":"MioMioRun","article_publisher":"https:\/\/www.facebook.com\/miomiorun\/","article_modified_time":"2025-04-17T08:16:48+00:00","og_image":[{"width":600,"height":600,"url":"https:\/\/www.miomiorun.com\/app\/uploads\/2019\/11\/fascia-cardio-HRM-dual.jpg","type":"image\/jpeg"}],"twitter_card":"summary_large_image","twitter_misc":{"Est. reading time":"1 minute"},"schema":{"@context":"https:\/\/schema.org","@graph":[{"@type":"WebPage","@id":"https:\/\/www.miomiorun.com\/fr\/produit\/garmin-hrm-dual-ceinture-cardiofrequencemetre\/","url":"https:\/\/www.miomiorun.com\/fr\/produit\/garmin-hrm-dual-ceinture-cardiofrequencemetre\/","name":"Garmin HRM-Dual ceinture cardiofr\u00e9quencem\u00e8tre - accessoires garmin - MioMioRun","isPartOf":{"@id":"https:\/\/www.miomiorun.com\/fr\/#website"},"primaryImageOfPage":{"@id":"https:\/\/www.miomiorun.com\/fr\/produit\/garmin-hrm-dual-ceinture-cardiofrequencemetre\/#primaryimage"},"image":{"@id":"https:\/\/www.miomiorun.com\/fr\/produit\/garmin-hrm-dual-ceinture-cardiofrequencemetre\/#primaryimage"},"thumbnailUrl":"https:\/\/www.miomiorun.com\/app\/uploads\/2019\/11\/fascia-cardio-HRM-dual.jpg","datePublished":"2019-12-17T11:33:44+00:00","dateModified":"2025-04-17T08:16:48+00:00","description":"HRM-dual signifie moniteur de fr\u00e9quence cardiaque avec double transmission des donn\u00e9es de fr\u00e9quence cardiaque. Vous pourrez ainsi d\u00e9tecter votre fr\u00e9quence cardiaque avec pr\u00e9cision et en temps r\u00e9el.","breadcrumb":{"@id":"https:\/\/www.miomiorun.com\/fr\/produit\/garmin-hrm-dual-ceinture-cardiofrequencemetre\/#breadcrumb"},"inLanguage":"fr-FR","potentialAction":[{"@type":"ReadAction","target":["https:\/\/www.miomiorun.com\/fr\/produit\/garmin-hrm-dual-ceinture-cardiofrequencemetre\/"]}]},{"@type":"ImageObject","inLanguage":"fr-FR","@id":"https:\/\/www.miomiorun.com\/fr\/produit\/garmin-hrm-dual-ceinture-cardiofrequencemetre\/#primaryimage","url":"https:\/\/www.miomiorun.com\/app\/uploads\/2019\/11\/fascia-cardio-HRM-dual.jpg","contentUrl":"https:\/\/www.miomiorun.com\/app\/uploads\/2019\/11\/fascia-cardio-HRM-dual.jpg","width":600,"height":600,"caption":"fascia-cardio-HRM-dual"},{"@type":"BreadcrumbList","@id":"https:\/\/www.miomiorun.com\/fr\/produit\/garmin-hrm-dual-ceinture-cardiofrequencemetre\/#breadcrumb","itemListElement":[{"@type":"ListItem","position":1,"name":"Home","item":"https:\/\/www.miomiorun.com\/fr\/home-page\/"},{"@type":"ListItem","position":2,"name":"Shop","item":"https:\/\/www.miomiorun.com\/shop\/"},{"@type":"ListItem","position":3,"name":"HRM-Dual ceinture cardiofr\u00e9quencem\u00e8tre"}]},{"@type":"WebSite","@id":"https:\/\/www.miomiorun.com\/fr\/#website","url":"https:\/\/www.miomiorun.com\/fr\/","name":"MioMioRun","description":"Boutique 100% running et trail","publisher":{"@id":"https:\/\/www.miomiorun.com\/fr\/#organization"},"potentialAction":[{"@type":"SearchAction","target":{"@type":"EntryPoint","urlTemplate":"https:\/\/www.miomiorun.com\/fr\/?s={search_term_string}"},"query-input":{"@type":"PropertyValueSpecification","valueRequired":true,"valueName":"search_term_string"}}],"inLanguage":"fr-FR"},{"@type":"Organization","@id":"https:\/\/www.miomiorun.com\/fr\/#organization","name":"MioMio Run","url":"https:\/\/www.miomiorun.com\/fr\/","logo":{"@type":"ImageObject","inLanguage":"fr-FR","@id":"https:\/\/www.miomiorun.com\/fr\/#\/schema\/logo\/image\/","url":"https:\/\/www.miomiorun.com\/app\/uploads\/2019\/12\/logomio.png","contentUrl":"https:\/\/www.miomiorun.com\/app\/uploads\/2019\/12\/logomio.png","width":115,"height":82,"caption":"MioMio Run"},"image":{"@id":"https:\/\/www.miomiorun.com\/fr\/#\/schema\/logo\/image\/"},"sameAs":["https:\/\/www.facebook.com\/miomiorun\/","https:\/\/www.instagram.com\/miomiorun\/"]}]}},"_links":{"self":[{"href":"https:\/\/www.miomiorun.com\/fr\/wp-json\/wp\/v2\/product\/274436","targetHints":{"allow":["GET"]}}],"collection":[{"href":"https:\/\/www.miomiorun.com\/fr\/wp-json\/wp\/v2\/product"}],"about":[{"href":"https:\/\/www.miomiorun.com\/fr\/wp-json\/wp\/v2\/types\/product"}],"wp:featuredmedia":[{"embeddable":true,"href":"https:\/\/www.miomiorun.com\/fr\/wp-json\/wp\/v2\/media\/228631"}],"wp:attachment":[{"href":"https:\/\/www.miomiorun.com\/fr\/wp-json\/wp\/v2\/media?parent=274436"}],"wp:term":[{"taxonomy":"product_brand","embeddable":true,"href":"https:\/\/www.miomiorun.com\/fr\/wp-json\/wp\/v2\/product_brand?post=274436"},{"taxonomy":"product_cat","embeddable":true,"href":"https:\/\/www.miomiorun.com\/fr\/wp-json\/wp\/v2\/product_cat?post=274436"},{"taxonomy":"product_tag","embeddable":true,"href":"https:\/\/www.miomiorun.com\/fr\/wp-json\/wp\/v2\/product_tag?post=274436"}],"curies":[{"name":"wp","href":"https:\/\/api.w.org\/{rel}","templated":true}]}}