{"id":274425,"date":"2019-12-21T15:50:47","date_gmt":"2019-12-21T14:50:47","guid":{"rendered":"https:\/\/miomiorun.com\/prodotto\/seamless-arm-warmer-2-0\/"},"modified":"2025-04-17T10:20:59","modified_gmt":"2025-04-17T08:20:59","slug":"seamless-arm-warmer-2-0","status":"publish","type":"product","link":"https:\/\/www.miomiorun.com\/fr\/produit\/seamless-arm-warmer-2-0\/","title":{"rendered":"Seamless Arm Warmer 2.0"},"content":{"rendered":"<p><span style=\"font-weight: 400;\">Manches sans coutures qui gardent les bras au chaud dans des conditions froides. Fabriqu\u00e9es en tissu tr\u00e8s \u00e9lastique avec diff\u00e9rentes \u00e9paisseurs dans les diff\u00e9rentes zones thermiques pour une gestion optimale de la temp\u00e9rature et une grande libert\u00e9 de mouvement.<\/span><\/p>\n<p><span style=\"font-weight: 400;\">Tissu : 50% polyester, 40% polyamide, 10% \u00e9lasthanne<\/span><\/p>\n","protected":false},"excerpt":{"rendered":"<p>Gardez vos bras au chaud et \u00e0 l&#8217;aise pendant vos promenades \u00e0 pied ou \u00e0 v\u00e9lo, m\u00eame par temps froid.<\/p>\n","protected":false},"featured_media":229137,"template":"","meta":{"_acf_changed":false,"inline_featured_image":false},"product_brand":[],"product_cat":[22579,22582,22538],"product_tag":[23554],"class_list":{"0":"post-274425","1":"product","2":"type-product","3":"status-publish","4":"has-post-thumbnail","6":"product_cat-chauffage","7":"product_cat-manches","8":"product_cat-accessoires","9":"product_tag-craft-fr","10":"pa_attivita-running-fr","11":"pa_attivita-trail-fr","12":"pa_marca-craft-fr","13":"pa_sesso-femme","14":"pa_sesso-homme","15":"pa_size-xs-s-fr","16":"pa_size-xl-xxl-fr","18":"first","19":"instock","20":"sale","21":"taxable","22":"shipping-taxable","23":"purchasable","24":"product-type-variable","25":"wvs-archive-product-wrapper"},"acf":[],"yoast_head":"<!-- This site is optimized with the Yoast SEO plugin v26.8 - https:\/\/yoast.com\/product\/yoast-seo-wordpress\/ -->\n<title>Craft Seamless Arm Warmer 2.0 - Manches de course - MioMioRun.com<\/title>\n<meta name=\"description\" content=\"Les manches sans coutures gardent les bras au chaud m\u00eame dans des conditions froides pour une gestion optimale de la temp\u00e9rature et une grande libert\u00e9 de mouvement.\" \/>\n<meta name=\"robots\" content=\"index, follow, max-snippet:-1, max-image-preview:large, max-video-preview:-1\" \/>\n<link rel=\"canonical\" href=\"https:\/\/www.miomiorun.com\/fr\/produit\/seamless-arm-warmer-2-0\/\" \/>\n<meta property=\"og:locale\" content=\"fr_FR\" \/>\n<meta property=\"og:type\" content=\"article\" \/>\n<meta property=\"og:title\" content=\"Craft Seamless Arm Warmer 2.0 - Manches de course - MioMioRun.com\" \/>\n<meta property=\"og:description\" content=\"Les manches sans coutures gardent les bras au chaud m\u00eame dans des conditions froides pour une gestion optimale de la temp\u00e9rature et une grande libert\u00e9 de mouvement.\" \/>\n<meta property=\"og:url\" content=\"https:\/\/www.miomiorun.com\/fr\/produit\/seamless-arm-warmer-2-0\/\" \/>\n<meta property=\"og:site_name\" content=\"MioMioRun\" \/>\n<meta property=\"article:publisher\" content=\"https:\/\/www.facebook.com\/miomiorun\/\" \/>\n<meta property=\"article:modified_time\" content=\"2025-04-17T08:20:59+00:00\" \/>\n<meta property=\"og:image\" content=\"https:\/\/www.miomiorun.com\/app\/uploads\/2019\/12\/Seamless-armwarmer-manicotto-Craft.jpg\" \/>\n\t<meta property=\"og:image:width\" content=\"600\" \/>\n\t<meta property=\"og:image:height\" content=\"600\" \/>\n\t<meta property=\"og:image:type\" content=\"image\/jpeg\" \/>\n<meta name=\"twitter:card\" content=\"summary_large_image\" \/>\n<script type=\"application\/ld+json\" class=\"yoast-schema-graph\">{\"@context\":\"https:\/\/schema.org\",\"@graph\":[{\"@type\":\"WebPage\",\"@id\":\"https:\/\/www.miomiorun.com\/fr\/produit\/seamless-arm-warmer-2-0\/\",\"url\":\"https:\/\/www.miomiorun.com\/fr\/produit\/seamless-arm-warmer-2-0\/\",\"name\":\"Craft Seamless Arm Warmer 2.0 - Manches de course - MioMioRun.com\",\"isPartOf\":{\"@id\":\"https:\/\/www.miomiorun.com\/fr\/#website\"},\"primaryImageOfPage\":{\"@id\":\"https:\/\/www.miomiorun.com\/fr\/produit\/seamless-arm-warmer-2-0\/#primaryimage\"},\"image\":{\"@id\":\"https:\/\/www.miomiorun.com\/fr\/produit\/seamless-arm-warmer-2-0\/#primaryimage\"},\"thumbnailUrl\":\"https:\/\/www.miomiorun.com\/app\/uploads\/2019\/12\/Seamless-armwarmer-manicotto-Craft.jpg\",\"datePublished\":\"2019-12-21T14:50:47+00:00\",\"dateModified\":\"2025-04-17T08:20:59+00:00\",\"description\":\"Les manches sans coutures gardent les bras au chaud m\u00eame dans des conditions froides pour une gestion optimale de la temp\u00e9rature et une grande libert\u00e9 de mouvement.\",\"breadcrumb\":{\"@id\":\"https:\/\/www.miomiorun.com\/fr\/produit\/seamless-arm-warmer-2-0\/#breadcrumb\"},\"inLanguage\":\"fr-FR\",\"potentialAction\":[{\"@type\":\"ReadAction\",\"target\":[\"https:\/\/www.miomiorun.com\/fr\/produit\/seamless-arm-warmer-2-0\/\"]}]},{\"@type\":\"ImageObject\",\"inLanguage\":\"fr-FR\",\"@id\":\"https:\/\/www.miomiorun.com\/fr\/produit\/seamless-arm-warmer-2-0\/#primaryimage\",\"url\":\"https:\/\/www.miomiorun.com\/app\/uploads\/2019\/12\/Seamless-armwarmer-manicotto-Craft.jpg\",\"contentUrl\":\"https:\/\/www.miomiorun.com\/app\/uploads\/2019\/12\/Seamless-armwarmer-manicotto-Craft.jpg\",\"width\":600,\"height\":600,\"caption\":\"Seamless-armwarmer-manicotto-Craft\"},{\"@type\":\"BreadcrumbList\",\"@id\":\"https:\/\/www.miomiorun.com\/fr\/produit\/seamless-arm-warmer-2-0\/#breadcrumb\",\"itemListElement\":[{\"@type\":\"ListItem\",\"position\":1,\"name\":\"Home\",\"item\":\"https:\/\/www.miomiorun.com\/fr\/home-page\/\"},{\"@type\":\"ListItem\",\"position\":2,\"name\":\"Shop\",\"item\":\"https:\/\/www.miomiorun.com\/shop\/\"},{\"@type\":\"ListItem\",\"position\":3,\"name\":\"Seamless Arm Warmer 2.0\"}]},{\"@type\":\"WebSite\",\"@id\":\"https:\/\/www.miomiorun.com\/fr\/#website\",\"url\":\"https:\/\/www.miomiorun.com\/fr\/\",\"name\":\"MioMioRun\",\"description\":\"Boutique 100% running et trail\",\"publisher\":{\"@id\":\"https:\/\/www.miomiorun.com\/fr\/#organization\"},\"potentialAction\":[{\"@type\":\"SearchAction\",\"target\":{\"@type\":\"EntryPoint\",\"urlTemplate\":\"https:\/\/www.miomiorun.com\/fr\/?s={search_term_string}\"},\"query-input\":{\"@type\":\"PropertyValueSpecification\",\"valueRequired\":true,\"valueName\":\"search_term_string\"}}],\"inLanguage\":\"fr-FR\"},{\"@type\":\"Organization\",\"@id\":\"https:\/\/www.miomiorun.com\/fr\/#organization\",\"name\":\"MioMio Run\",\"url\":\"https:\/\/www.miomiorun.com\/fr\/\",\"logo\":{\"@type\":\"ImageObject\",\"inLanguage\":\"fr-FR\",\"@id\":\"https:\/\/www.miomiorun.com\/fr\/#\/schema\/logo\/image\/\",\"url\":\"https:\/\/www.miomiorun.com\/app\/uploads\/2019\/12\/logomio.png\",\"contentUrl\":\"https:\/\/www.miomiorun.com\/app\/uploads\/2019\/12\/logomio.png\",\"width\":115,\"height\":82,\"caption\":\"MioMio Run\"},\"image\":{\"@id\":\"https:\/\/www.miomiorun.com\/fr\/#\/schema\/logo\/image\/\"},\"sameAs\":[\"https:\/\/www.facebook.com\/miomiorun\/\",\"https:\/\/www.instagram.com\/miomiorun\/\"]}]}<\/script>\n<!-- \/ Yoast SEO plugin. -->","yoast_head_json":{"title":"Craft Seamless Arm Warmer 2.0 - Manches de course - MioMioRun.com","description":"Les manches sans coutures gardent les bras au chaud m\u00eame dans des conditions froides pour une gestion optimale de la temp\u00e9rature et une grande libert\u00e9 de mouvement.","robots":{"index":"index","follow":"follow","max-snippet":"max-snippet:-1","max-image-preview":"max-image-preview:large","max-video-preview":"max-video-preview:-1"},"canonical":"https:\/\/www.miomiorun.com\/fr\/produit\/seamless-arm-warmer-2-0\/","og_locale":"fr_FR","og_type":"article","og_title":"Craft Seamless Arm Warmer 2.0 - Manches de course - MioMioRun.com","og_description":"Les manches sans coutures gardent les bras au chaud m\u00eame dans des conditions froides pour une gestion optimale de la temp\u00e9rature et une grande libert\u00e9 de mouvement.","og_url":"https:\/\/www.miomiorun.com\/fr\/produit\/seamless-arm-warmer-2-0\/","og_site_name":"MioMioRun","article_publisher":"https:\/\/www.facebook.com\/miomiorun\/","article_modified_time":"2025-04-17T08:20:59+00:00","og_image":[{"width":600,"height":600,"url":"https:\/\/www.miomiorun.com\/app\/uploads\/2019\/12\/Seamless-armwarmer-manicotto-Craft.jpg","type":"image\/jpeg"}],"twitter_card":"summary_large_image","schema":{"@context":"https:\/\/schema.org","@graph":[{"@type":"WebPage","@id":"https:\/\/www.miomiorun.com\/fr\/produit\/seamless-arm-warmer-2-0\/","url":"https:\/\/www.miomiorun.com\/fr\/produit\/seamless-arm-warmer-2-0\/","name":"Craft Seamless Arm Warmer 2.0 - Manches de course - MioMioRun.com","isPartOf":{"@id":"https:\/\/www.miomiorun.com\/fr\/#website"},"primaryImageOfPage":{"@id":"https:\/\/www.miomiorun.com\/fr\/produit\/seamless-arm-warmer-2-0\/#primaryimage"},"image":{"@id":"https:\/\/www.miomiorun.com\/fr\/produit\/seamless-arm-warmer-2-0\/#primaryimage"},"thumbnailUrl":"https:\/\/www.miomiorun.com\/app\/uploads\/2019\/12\/Seamless-armwarmer-manicotto-Craft.jpg","datePublished":"2019-12-21T14:50:47+00:00","dateModified":"2025-04-17T08:20:59+00:00","description":"Les manches sans coutures gardent les bras au chaud m\u00eame dans des conditions froides pour une gestion optimale de la temp\u00e9rature et une grande libert\u00e9 de mouvement.","breadcrumb":{"@id":"https:\/\/www.miomiorun.com\/fr\/produit\/seamless-arm-warmer-2-0\/#breadcrumb"},"inLanguage":"fr-FR","potentialAction":[{"@type":"ReadAction","target":["https:\/\/www.miomiorun.com\/fr\/produit\/seamless-arm-warmer-2-0\/"]}]},{"@type":"ImageObject","inLanguage":"fr-FR","@id":"https:\/\/www.miomiorun.com\/fr\/produit\/seamless-arm-warmer-2-0\/#primaryimage","url":"https:\/\/www.miomiorun.com\/app\/uploads\/2019\/12\/Seamless-armwarmer-manicotto-Craft.jpg","contentUrl":"https:\/\/www.miomiorun.com\/app\/uploads\/2019\/12\/Seamless-armwarmer-manicotto-Craft.jpg","width":600,"height":600,"caption":"Seamless-armwarmer-manicotto-Craft"},{"@type":"BreadcrumbList","@id":"https:\/\/www.miomiorun.com\/fr\/produit\/seamless-arm-warmer-2-0\/#breadcrumb","itemListElement":[{"@type":"ListItem","position":1,"name":"Home","item":"https:\/\/www.miomiorun.com\/fr\/home-page\/"},{"@type":"ListItem","position":2,"name":"Shop","item":"https:\/\/www.miomiorun.com\/shop\/"},{"@type":"ListItem","position":3,"name":"Seamless Arm Warmer 2.0"}]},{"@type":"WebSite","@id":"https:\/\/www.miomiorun.com\/fr\/#website","url":"https:\/\/www.miomiorun.com\/fr\/","name":"MioMioRun","description":"Boutique 100% running et trail","publisher":{"@id":"https:\/\/www.miomiorun.com\/fr\/#organization"},"potentialAction":[{"@type":"SearchAction","target":{"@type":"EntryPoint","urlTemplate":"https:\/\/www.miomiorun.com\/fr\/?s={search_term_string}"},"query-input":{"@type":"PropertyValueSpecification","valueRequired":true,"valueName":"search_term_string"}}],"inLanguage":"fr-FR"},{"@type":"Organization","@id":"https:\/\/www.miomiorun.com\/fr\/#organization","name":"MioMio Run","url":"https:\/\/www.miomiorun.com\/fr\/","logo":{"@type":"ImageObject","inLanguage":"fr-FR","@id":"https:\/\/www.miomiorun.com\/fr\/#\/schema\/logo\/image\/","url":"https:\/\/www.miomiorun.com\/app\/uploads\/2019\/12\/logomio.png","contentUrl":"https:\/\/www.miomiorun.com\/app\/uploads\/2019\/12\/logomio.png","width":115,"height":82,"caption":"MioMio Run"},"image":{"@id":"https:\/\/www.miomiorun.com\/fr\/#\/schema\/logo\/image\/"},"sameAs":["https:\/\/www.facebook.com\/miomiorun\/","https:\/\/www.instagram.com\/miomiorun\/"]}]}},"_links":{"self":[{"href":"https:\/\/www.miomiorun.com\/fr\/wp-json\/wp\/v2\/product\/274425","targetHints":{"allow":["GET"]}}],"collection":[{"href":"https:\/\/www.miomiorun.com\/fr\/wp-json\/wp\/v2\/product"}],"about":[{"href":"https:\/\/www.miomiorun.com\/fr\/wp-json\/wp\/v2\/types\/product"}],"wp:featuredmedia":[{"embeddable":true,"href":"https:\/\/www.miomiorun.com\/fr\/wp-json\/wp\/v2\/media\/229137"}],"wp:attachment":[{"href":"https:\/\/www.miomiorun.com\/fr\/wp-json\/wp\/v2\/media?parent=274425"}],"wp:term":[{"taxonomy":"product_brand","embeddable":true,"href":"https:\/\/www.miomiorun.com\/fr\/wp-json\/wp\/v2\/product_brand?post=274425"},{"taxonomy":"product_cat","embeddable":true,"href":"https:\/\/www.miomiorun.com\/fr\/wp-json\/wp\/v2\/product_cat?post=274425"},{"taxonomy":"product_tag","embeddable":true,"href":"https:\/\/www.miomiorun.com\/fr\/wp-json\/wp\/v2\/product_tag?post=274425"}],"curies":[{"name":"wp","href":"https:\/\/api.w.org\/{rel}","templated":true}]}}