{"id":274420,"date":"2019-12-20T15:24:00","date_gmt":"2019-12-20T14:24:00","guid":{"rendered":"https:\/\/miomiorun.com\/prodotto\/thermal-multi-grip-glove\/"},"modified":"2025-04-17T10:19:50","modified_gmt":"2025-04-17T08:19:50","slug":"thermal-multi-grip-gants","status":"publish","type":"product","link":"https:\/\/www.miomiorun.com\/fr\/produit\/thermal-multi-grip-gants\/","title":{"rendered":"Thermal Multi grip gants"},"content":{"rendered":"<p><span style=\"font-weight: 400;\">Garde les mains au chaud et \u00e0 l&#8217;aise par temps froid.<\/span><\/p>\n<p><span style=\"font-weight: 400;\">Gant chaud et extensible avec int\u00e9rieur bross\u00e9 et impression en silicone sur la paume.<\/span><\/p>\n<p><span style=\"font-weight: 400;\">Tissu : 87% polyester 13% \u00e9lasthanne<\/span><\/p>\n","protected":false},"excerpt":{"rendered":"<p>Garde les mains au chaud et \u00e0 l&#8217;aise par temps froid<\/p>\n<p>&nbsp;<\/p>\n","protected":false},"featured_media":229131,"template":"","meta":{"_acf_changed":false,"inline_featured_image":false},"product_brand":[],"product_cat":[22581,22538],"product_tag":[23554],"class_list":{"0":"post-274420","1":"product","2":"type-product","3":"status-publish","4":"has-post-thumbnail","6":"product_cat-gants","7":"product_cat-accessoires","8":"product_tag-craft-fr","9":"pa_attivita-marcher","10":"pa_attivita-running-fr","11":"pa_attivita-trail-fr","12":"pa_colore-thermal-multi-grip-glove-nero-fr","13":"pa_marca-craft-fr","14":"pa_sesso-femme","15":"pa_sesso-homme","16":"pa_size-extra-large-fr","18":"first","19":"instock","20":"sale","21":"taxable","22":"shipping-taxable","23":"purchasable","24":"product-type-variable","25":"wvs-archive-product-wrapper"},"acf":[],"yoast_head":"<!-- This site is optimized with the Yoast SEO plugin v26.8 - https:\/\/yoast.com\/product\/yoast-seo-wordpress\/ -->\n<title>Craft Thermal Multi grip gants - gants de course - MioMioRun.com<\/title>\n<meta name=\"description\" content=\"Garde les mains au chaud et \u00e0 l&#039;aise les jours de froid pendant la course \u00e0 pied. Gant chaud et extensible avec int\u00e9rieur bross\u00e9 et impression sur la paume en silicone.\" \/>\n<meta name=\"robots\" content=\"index, follow, max-snippet:-1, max-image-preview:large, max-video-preview:-1\" \/>\n<link rel=\"canonical\" href=\"https:\/\/www.miomiorun.com\/fr\/produit\/thermal-multi-grip-gants\/\" \/>\n<meta property=\"og:locale\" content=\"fr_FR\" \/>\n<meta property=\"og:type\" content=\"article\" \/>\n<meta property=\"og:title\" content=\"Craft Thermal Multi grip gants - gants de course - MioMioRun.com\" \/>\n<meta property=\"og:description\" content=\"Garde les mains au chaud et \u00e0 l&#039;aise les jours de froid pendant la course \u00e0 pied. Gant chaud et extensible avec int\u00e9rieur bross\u00e9 et impression sur la paume en silicone.\" \/>\n<meta property=\"og:url\" content=\"https:\/\/www.miomiorun.com\/fr\/produit\/thermal-multi-grip-gants\/\" \/>\n<meta property=\"og:site_name\" content=\"MioMioRun\" \/>\n<meta property=\"article:publisher\" content=\"https:\/\/www.facebook.com\/miomiorun\/\" \/>\n<meta property=\"article:modified_time\" content=\"2025-04-17T08:19:50+00:00\" \/>\n<meta property=\"og:image\" content=\"https:\/\/www.miomiorun.com\/app\/uploads\/2019\/12\/Thermal-multi-grip-gloves-Craft.jpg\" \/>\n\t<meta property=\"og:image:width\" content=\"600\" \/>\n\t<meta property=\"og:image:height\" content=\"600\" \/>\n\t<meta property=\"og:image:type\" content=\"image\/jpeg\" \/>\n<meta name=\"twitter:card\" content=\"summary_large_image\" \/>\n<script type=\"application\/ld+json\" class=\"yoast-schema-graph\">{\"@context\":\"https:\/\/schema.org\",\"@graph\":[{\"@type\":\"WebPage\",\"@id\":\"https:\/\/www.miomiorun.com\/fr\/produit\/thermal-multi-grip-gants\/\",\"url\":\"https:\/\/www.miomiorun.com\/fr\/produit\/thermal-multi-grip-gants\/\",\"name\":\"Craft Thermal Multi grip gants - gants de course - MioMioRun.com\",\"isPartOf\":{\"@id\":\"https:\/\/www.miomiorun.com\/fr\/#website\"},\"primaryImageOfPage\":{\"@id\":\"https:\/\/www.miomiorun.com\/fr\/produit\/thermal-multi-grip-gants\/#primaryimage\"},\"image\":{\"@id\":\"https:\/\/www.miomiorun.com\/fr\/produit\/thermal-multi-grip-gants\/#primaryimage\"},\"thumbnailUrl\":\"https:\/\/www.miomiorun.com\/app\/uploads\/2019\/12\/Thermal-multi-grip-gloves-Craft.jpg\",\"datePublished\":\"2019-12-20T14:24:00+00:00\",\"dateModified\":\"2025-04-17T08:19:50+00:00\",\"description\":\"Garde les mains au chaud et \u00e0 l'aise les jours de froid pendant la course \u00e0 pied. Gant chaud et extensible avec int\u00e9rieur bross\u00e9 et impression sur la paume en silicone.\",\"breadcrumb\":{\"@id\":\"https:\/\/www.miomiorun.com\/fr\/produit\/thermal-multi-grip-gants\/#breadcrumb\"},\"inLanguage\":\"fr-FR\",\"potentialAction\":[{\"@type\":\"ReadAction\",\"target\":[\"https:\/\/www.miomiorun.com\/fr\/produit\/thermal-multi-grip-gants\/\"]}]},{\"@type\":\"ImageObject\",\"inLanguage\":\"fr-FR\",\"@id\":\"https:\/\/www.miomiorun.com\/fr\/produit\/thermal-multi-grip-gants\/#primaryimage\",\"url\":\"https:\/\/www.miomiorun.com\/app\/uploads\/2019\/12\/Thermal-multi-grip-gloves-Craft.jpg\",\"contentUrl\":\"https:\/\/www.miomiorun.com\/app\/uploads\/2019\/12\/Thermal-multi-grip-gloves-Craft.jpg\",\"width\":600,\"height\":600,\"caption\":\"Thermal-multi-grip-gloves-Craft\"},{\"@type\":\"BreadcrumbList\",\"@id\":\"https:\/\/www.miomiorun.com\/fr\/produit\/thermal-multi-grip-gants\/#breadcrumb\",\"itemListElement\":[{\"@type\":\"ListItem\",\"position\":1,\"name\":\"Home\",\"item\":\"https:\/\/www.miomiorun.com\/fr\/home-page\/\"},{\"@type\":\"ListItem\",\"position\":2,\"name\":\"Shop\",\"item\":\"https:\/\/www.miomiorun.com\/shop\/\"},{\"@type\":\"ListItem\",\"position\":3,\"name\":\"Thermal Multi grip gants\"}]},{\"@type\":\"WebSite\",\"@id\":\"https:\/\/www.miomiorun.com\/fr\/#website\",\"url\":\"https:\/\/www.miomiorun.com\/fr\/\",\"name\":\"MioMioRun\",\"description\":\"Boutique 100% running et trail\",\"publisher\":{\"@id\":\"https:\/\/www.miomiorun.com\/fr\/#organization\"},\"potentialAction\":[{\"@type\":\"SearchAction\",\"target\":{\"@type\":\"EntryPoint\",\"urlTemplate\":\"https:\/\/www.miomiorun.com\/fr\/?s={search_term_string}\"},\"query-input\":{\"@type\":\"PropertyValueSpecification\",\"valueRequired\":true,\"valueName\":\"search_term_string\"}}],\"inLanguage\":\"fr-FR\"},{\"@type\":\"Organization\",\"@id\":\"https:\/\/www.miomiorun.com\/fr\/#organization\",\"name\":\"MioMio Run\",\"url\":\"https:\/\/www.miomiorun.com\/fr\/\",\"logo\":{\"@type\":\"ImageObject\",\"inLanguage\":\"fr-FR\",\"@id\":\"https:\/\/www.miomiorun.com\/fr\/#\/schema\/logo\/image\/\",\"url\":\"https:\/\/www.miomiorun.com\/app\/uploads\/2019\/12\/logomio.png\",\"contentUrl\":\"https:\/\/www.miomiorun.com\/app\/uploads\/2019\/12\/logomio.png\",\"width\":115,\"height\":82,\"caption\":\"MioMio Run\"},\"image\":{\"@id\":\"https:\/\/www.miomiorun.com\/fr\/#\/schema\/logo\/image\/\"},\"sameAs\":[\"https:\/\/www.facebook.com\/miomiorun\/\",\"https:\/\/www.instagram.com\/miomiorun\/\"]}]}<\/script>\n<!-- \/ Yoast SEO plugin. -->","yoast_head_json":{"title":"Craft Thermal Multi grip gants - gants de course - MioMioRun.com","description":"Garde les mains au chaud et \u00e0 l'aise les jours de froid pendant la course \u00e0 pied. Gant chaud et extensible avec int\u00e9rieur bross\u00e9 et impression sur la paume en silicone.","robots":{"index":"index","follow":"follow","max-snippet":"max-snippet:-1","max-image-preview":"max-image-preview:large","max-video-preview":"max-video-preview:-1"},"canonical":"https:\/\/www.miomiorun.com\/fr\/produit\/thermal-multi-grip-gants\/","og_locale":"fr_FR","og_type":"article","og_title":"Craft Thermal Multi grip gants - gants de course - MioMioRun.com","og_description":"Garde les mains au chaud et \u00e0 l'aise les jours de froid pendant la course \u00e0 pied. Gant chaud et extensible avec int\u00e9rieur bross\u00e9 et impression sur la paume en silicone.","og_url":"https:\/\/www.miomiorun.com\/fr\/produit\/thermal-multi-grip-gants\/","og_site_name":"MioMioRun","article_publisher":"https:\/\/www.facebook.com\/miomiorun\/","article_modified_time":"2025-04-17T08:19:50+00:00","og_image":[{"width":600,"height":600,"url":"https:\/\/www.miomiorun.com\/app\/uploads\/2019\/12\/Thermal-multi-grip-gloves-Craft.jpg","type":"image\/jpeg"}],"twitter_card":"summary_large_image","schema":{"@context":"https:\/\/schema.org","@graph":[{"@type":"WebPage","@id":"https:\/\/www.miomiorun.com\/fr\/produit\/thermal-multi-grip-gants\/","url":"https:\/\/www.miomiorun.com\/fr\/produit\/thermal-multi-grip-gants\/","name":"Craft Thermal Multi grip gants - gants de course - MioMioRun.com","isPartOf":{"@id":"https:\/\/www.miomiorun.com\/fr\/#website"},"primaryImageOfPage":{"@id":"https:\/\/www.miomiorun.com\/fr\/produit\/thermal-multi-grip-gants\/#primaryimage"},"image":{"@id":"https:\/\/www.miomiorun.com\/fr\/produit\/thermal-multi-grip-gants\/#primaryimage"},"thumbnailUrl":"https:\/\/www.miomiorun.com\/app\/uploads\/2019\/12\/Thermal-multi-grip-gloves-Craft.jpg","datePublished":"2019-12-20T14:24:00+00:00","dateModified":"2025-04-17T08:19:50+00:00","description":"Garde les mains au chaud et \u00e0 l'aise les jours de froid pendant la course \u00e0 pied. Gant chaud et extensible avec int\u00e9rieur bross\u00e9 et impression sur la paume en silicone.","breadcrumb":{"@id":"https:\/\/www.miomiorun.com\/fr\/produit\/thermal-multi-grip-gants\/#breadcrumb"},"inLanguage":"fr-FR","potentialAction":[{"@type":"ReadAction","target":["https:\/\/www.miomiorun.com\/fr\/produit\/thermal-multi-grip-gants\/"]}]},{"@type":"ImageObject","inLanguage":"fr-FR","@id":"https:\/\/www.miomiorun.com\/fr\/produit\/thermal-multi-grip-gants\/#primaryimage","url":"https:\/\/www.miomiorun.com\/app\/uploads\/2019\/12\/Thermal-multi-grip-gloves-Craft.jpg","contentUrl":"https:\/\/www.miomiorun.com\/app\/uploads\/2019\/12\/Thermal-multi-grip-gloves-Craft.jpg","width":600,"height":600,"caption":"Thermal-multi-grip-gloves-Craft"},{"@type":"BreadcrumbList","@id":"https:\/\/www.miomiorun.com\/fr\/produit\/thermal-multi-grip-gants\/#breadcrumb","itemListElement":[{"@type":"ListItem","position":1,"name":"Home","item":"https:\/\/www.miomiorun.com\/fr\/home-page\/"},{"@type":"ListItem","position":2,"name":"Shop","item":"https:\/\/www.miomiorun.com\/shop\/"},{"@type":"ListItem","position":3,"name":"Thermal Multi grip gants"}]},{"@type":"WebSite","@id":"https:\/\/www.miomiorun.com\/fr\/#website","url":"https:\/\/www.miomiorun.com\/fr\/","name":"MioMioRun","description":"Boutique 100% running et trail","publisher":{"@id":"https:\/\/www.miomiorun.com\/fr\/#organization"},"potentialAction":[{"@type":"SearchAction","target":{"@type":"EntryPoint","urlTemplate":"https:\/\/www.miomiorun.com\/fr\/?s={search_term_string}"},"query-input":{"@type":"PropertyValueSpecification","valueRequired":true,"valueName":"search_term_string"}}],"inLanguage":"fr-FR"},{"@type":"Organization","@id":"https:\/\/www.miomiorun.com\/fr\/#organization","name":"MioMio Run","url":"https:\/\/www.miomiorun.com\/fr\/","logo":{"@type":"ImageObject","inLanguage":"fr-FR","@id":"https:\/\/www.miomiorun.com\/fr\/#\/schema\/logo\/image\/","url":"https:\/\/www.miomiorun.com\/app\/uploads\/2019\/12\/logomio.png","contentUrl":"https:\/\/www.miomiorun.com\/app\/uploads\/2019\/12\/logomio.png","width":115,"height":82,"caption":"MioMio Run"},"image":{"@id":"https:\/\/www.miomiorun.com\/fr\/#\/schema\/logo\/image\/"},"sameAs":["https:\/\/www.facebook.com\/miomiorun\/","https:\/\/www.instagram.com\/miomiorun\/"]}]}},"_links":{"self":[{"href":"https:\/\/www.miomiorun.com\/fr\/wp-json\/wp\/v2\/product\/274420","targetHints":{"allow":["GET"]}}],"collection":[{"href":"https:\/\/www.miomiorun.com\/fr\/wp-json\/wp\/v2\/product"}],"about":[{"href":"https:\/\/www.miomiorun.com\/fr\/wp-json\/wp\/v2\/types\/product"}],"wp:featuredmedia":[{"embeddable":true,"href":"https:\/\/www.miomiorun.com\/fr\/wp-json\/wp\/v2\/media\/229131"}],"wp:attachment":[{"href":"https:\/\/www.miomiorun.com\/fr\/wp-json\/wp\/v2\/media?parent=274420"}],"wp:term":[{"taxonomy":"product_brand","embeddable":true,"href":"https:\/\/www.miomiorun.com\/fr\/wp-json\/wp\/v2\/product_brand?post=274420"},{"taxonomy":"product_cat","embeddable":true,"href":"https:\/\/www.miomiorun.com\/fr\/wp-json\/wp\/v2\/product_cat?post=274420"},{"taxonomy":"product_tag","embeddable":true,"href":"https:\/\/www.miomiorun.com\/fr\/wp-json\/wp\/v2\/product_tag?post=274420"}],"curies":[{"name":"wp","href":"https:\/\/api.w.org\/{rel}","templated":true}]}}