{"id":274392,"date":"2019-12-22T23:20:26","date_gmt":"2019-12-22T22:20:26","guid":{"rendered":"https:\/\/miomiorun.com\/prodotto\/exodraw-2-0\/"},"modified":"2025-04-18T10:33:05","modified_gmt":"2025-04-18T08:33:05","slug":"exodraw-2-0","status":"publish","type":"product","link":"https:\/\/www.miomiorun.com\/fr\/produit\/exodraw-2-0\/","title":{"rendered":"ExoDraw 2.0"},"content":{"rendered":"<p><span style=\"font-weight: 400;\">Restez hydrat\u00e9 pendant des kilom\u00e8tres et des kilom\u00e8tres avec le bidon portable <strong>Exodraw 2.0<\/strong> de Nathan, d&#8217;une contenance de 535 ml. Ce bidon souple, ultra efficace et super confortable est dot\u00e9 d&#8217;une petite poche cach\u00e9e pour transporter votre cl\u00e9 ou vos gels, pour une hydratation optimale en d\u00e9placement.<\/span><\/p>\n<p><strong>Caract\u00e9ristiques :<\/strong><\/p>\n<ul>\n<li><span style=\"font-weight: 400;\"><span class=\"metafield-multi_line_text_field\">Gourde souple de 535 ml SANS BPA avec valve de morsure.<br \/>\n<\/span><\/span><\/li>\n<li><span style=\"font-weight: 400;\"><span class=\"metafield-multi_line_text_field\">ExoSpine\u2122 rigide pour une sensation et un soutien sup\u00e9rieurs de la main.<\/span><\/span><\/li>\n<li><span style=\"font-weight: 400;\"><span class=\"metafield-multi_line_text_field\">La sangle ergonomique offre un confort sans prise.<\/span><\/span><\/li>\n<li><span style=\"font-weight: 400;\"><span class=\"metafield-multi_line_text_field\">La maille respirante sous la main assure une bonne prise en main.<\/span><\/span><\/li>\n<li><span style=\"font-weight: 400;\"><span class=\"metafield-multi_line_text_field\">Petites poches cach\u00e9es pour les gels ou une cl\u00e9.<\/span><\/span><\/li>\n<li><span style=\"font-weight: 400;\"><span class=\"metafield-multi_line_text_field\">La gourde souple peut \u00eatre facilement retir\u00e9e de la pochette.<\/span><\/span><\/li>\n<\/ul>\n<p>&nbsp;<\/p>\n<p><strong>Poids avec bouteille :<\/strong> 91 g<br \/>\n<strong>Capacit\u00e9 de stockage :<\/strong> 0,25 litre<\/p>\n","protected":false},"excerpt":{"rendered":"<ul>\n<li>Bouteille d&#8217;eau souple id\u00e9ale pour tenir dans la main lors d&#8217;une activit\u00e9 sportive.<\/li>\n<li>\u00c9quip\u00e9 d&#8217;une poche pour le transport des cl\u00e9s.<\/li>\n<\/ul>\n","protected":false},"featured_media":247074,"template":"","meta":{"_acf_changed":false,"inline_featured_image":false},"product_brand":[],"product_cat":[22575,22574,22538],"product_tag":[23511],"class_list":{"0":"post-274392","1":"product","2":"type-product","3":"status-publish","4":"has-post-thumbnail","6":"product_cat-flacons","7":"product_cat-hydratation","8":"product_cat-accessoires","9":"product_tag-nathan-fr","10":"pa_attivita-outdoor-fr","11":"pa_attivita-running-fr","12":"pa_attivita-trail-fr","13":"pa_marca-nathan-fr","14":"pa_sesso-femme","15":"pa_sesso-homme","17":"first","18":"instock","19":"sale","20":"taxable","21":"shipping-taxable","22":"purchasable","23":"product-type-simple"},"acf":[],"yoast_head":"<!-- This site is optimized with the Yoast SEO plugin v26.8 - https:\/\/yoast.com\/product\/yoast-seo-wordpress\/ -->\n<title>Nathan ExoDraw 2.0 - cantine courante MioMioRun<\/title>\n<meta name=\"description\" content=\"Bouteille d&#039;eau portable Exodraw 2.0 535 ml de Nathan. Ce bidon souple, ultra-efficace et super confortable est dot\u00e9 d&#039;une petite poche cach\u00e9e.\" \/>\n<meta name=\"robots\" content=\"index, follow, max-snippet:-1, max-image-preview:large, max-video-preview:-1\" \/>\n<link rel=\"canonical\" href=\"https:\/\/www.miomiorun.com\/fr\/produit\/exodraw-2-0\/\" \/>\n<meta property=\"og:locale\" content=\"fr_FR\" \/>\n<meta property=\"og:type\" content=\"article\" \/>\n<meta property=\"og:title\" content=\"Nathan ExoDraw 2.0 - cantine courante MioMioRun\" \/>\n<meta property=\"og:description\" content=\"Bouteille d&#039;eau portable Exodraw 2.0 535 ml de Nathan. Ce bidon souple, ultra-efficace et super confortable est dot\u00e9 d&#039;une petite poche cach\u00e9e.\" \/>\n<meta property=\"og:url\" content=\"https:\/\/www.miomiorun.com\/fr\/produit\/exodraw-2-0\/\" \/>\n<meta property=\"og:site_name\" content=\"MioMioRun\" \/>\n<meta property=\"article:publisher\" content=\"https:\/\/www.facebook.com\/miomiorun\/\" \/>\n<meta property=\"article:modified_time\" content=\"2025-04-18T08:33:05+00:00\" \/>\n<meta property=\"og:image\" content=\"https:\/\/www.miomiorun.com\/app\/uploads\/2019\/12\/nathan-Exodraw-2-4863.webp\" \/>\n\t<meta property=\"og:image:width\" content=\"600\" \/>\n\t<meta property=\"og:image:height\" content=\"600\" \/>\n\t<meta property=\"og:image:type\" content=\"image\/webp\" \/>\n<meta name=\"twitter:card\" content=\"summary_large_image\" \/>\n<meta name=\"twitter:label1\" content=\"Est. reading time\" \/>\n\t<meta name=\"twitter:data1\" content=\"1 minute\" \/>\n<script type=\"application\/ld+json\" class=\"yoast-schema-graph\">{\"@context\":\"https:\/\/schema.org\",\"@graph\":[{\"@type\":\"WebPage\",\"@id\":\"https:\/\/www.miomiorun.com\/fr\/produit\/exodraw-2-0\/\",\"url\":\"https:\/\/www.miomiorun.com\/fr\/produit\/exodraw-2-0\/\",\"name\":\"Nathan ExoDraw 2.0 - cantine courante MioMioRun\",\"isPartOf\":{\"@id\":\"https:\/\/www.miomiorun.com\/fr\/#website\"},\"primaryImageOfPage\":{\"@id\":\"https:\/\/www.miomiorun.com\/fr\/produit\/exodraw-2-0\/#primaryimage\"},\"image\":{\"@id\":\"https:\/\/www.miomiorun.com\/fr\/produit\/exodraw-2-0\/#primaryimage\"},\"thumbnailUrl\":\"https:\/\/www.miomiorun.com\/app\/uploads\/2019\/12\/nathan-Exodraw-2-4863.webp\",\"datePublished\":\"2019-12-22T22:20:26+00:00\",\"dateModified\":\"2025-04-18T08:33:05+00:00\",\"description\":\"Bouteille d'eau portable Exodraw 2.0 535 ml de Nathan. Ce bidon souple, ultra-efficace et super confortable est dot\u00e9 d'une petite poche cach\u00e9e.\",\"breadcrumb\":{\"@id\":\"https:\/\/www.miomiorun.com\/fr\/produit\/exodraw-2-0\/#breadcrumb\"},\"inLanguage\":\"fr-FR\",\"potentialAction\":[{\"@type\":\"ReadAction\",\"target\":[\"https:\/\/www.miomiorun.com\/fr\/produit\/exodraw-2-0\/\"]}]},{\"@type\":\"ImageObject\",\"inLanguage\":\"fr-FR\",\"@id\":\"https:\/\/www.miomiorun.com\/fr\/produit\/exodraw-2-0\/#primaryimage\",\"url\":\"https:\/\/www.miomiorun.com\/app\/uploads\/2019\/12\/nathan-Exodraw-2-4863.webp\",\"contentUrl\":\"https:\/\/www.miomiorun.com\/app\/uploads\/2019\/12\/nathan-Exodraw-2-4863.webp\",\"width\":600,\"height\":600,\"caption\":\"nathan Exodraw 2 4863\"},{\"@type\":\"BreadcrumbList\",\"@id\":\"https:\/\/www.miomiorun.com\/fr\/produit\/exodraw-2-0\/#breadcrumb\",\"itemListElement\":[{\"@type\":\"ListItem\",\"position\":1,\"name\":\"Home\",\"item\":\"https:\/\/www.miomiorun.com\/fr\/home-page\/\"},{\"@type\":\"ListItem\",\"position\":2,\"name\":\"Shop\",\"item\":\"https:\/\/www.miomiorun.com\/shop\/\"},{\"@type\":\"ListItem\",\"position\":3,\"name\":\"ExoDraw 2.0\"}]},{\"@type\":\"WebSite\",\"@id\":\"https:\/\/www.miomiorun.com\/fr\/#website\",\"url\":\"https:\/\/www.miomiorun.com\/fr\/\",\"name\":\"MioMioRun\",\"description\":\"Boutique 100% running et trail\",\"publisher\":{\"@id\":\"https:\/\/www.miomiorun.com\/fr\/#organization\"},\"potentialAction\":[{\"@type\":\"SearchAction\",\"target\":{\"@type\":\"EntryPoint\",\"urlTemplate\":\"https:\/\/www.miomiorun.com\/fr\/?s={search_term_string}\"},\"query-input\":{\"@type\":\"PropertyValueSpecification\",\"valueRequired\":true,\"valueName\":\"search_term_string\"}}],\"inLanguage\":\"fr-FR\"},{\"@type\":\"Organization\",\"@id\":\"https:\/\/www.miomiorun.com\/fr\/#organization\",\"name\":\"MioMio Run\",\"url\":\"https:\/\/www.miomiorun.com\/fr\/\",\"logo\":{\"@type\":\"ImageObject\",\"inLanguage\":\"fr-FR\",\"@id\":\"https:\/\/www.miomiorun.com\/fr\/#\/schema\/logo\/image\/\",\"url\":\"https:\/\/www.miomiorun.com\/app\/uploads\/2019\/12\/logomio.png\",\"contentUrl\":\"https:\/\/www.miomiorun.com\/app\/uploads\/2019\/12\/logomio.png\",\"width\":115,\"height\":82,\"caption\":\"MioMio Run\"},\"image\":{\"@id\":\"https:\/\/www.miomiorun.com\/fr\/#\/schema\/logo\/image\/\"},\"sameAs\":[\"https:\/\/www.facebook.com\/miomiorun\/\",\"https:\/\/www.instagram.com\/miomiorun\/\"]}]}<\/script>\n<!-- \/ Yoast SEO plugin. -->","yoast_head_json":{"title":"Nathan ExoDraw 2.0 - cantine courante MioMioRun","description":"Bouteille d'eau portable Exodraw 2.0 535 ml de Nathan. Ce bidon souple, ultra-efficace et super confortable est dot\u00e9 d'une petite poche cach\u00e9e.","robots":{"index":"index","follow":"follow","max-snippet":"max-snippet:-1","max-image-preview":"max-image-preview:large","max-video-preview":"max-video-preview:-1"},"canonical":"https:\/\/www.miomiorun.com\/fr\/produit\/exodraw-2-0\/","og_locale":"fr_FR","og_type":"article","og_title":"Nathan ExoDraw 2.0 - cantine courante MioMioRun","og_description":"Bouteille d'eau portable Exodraw 2.0 535 ml de Nathan. Ce bidon souple, ultra-efficace et super confortable est dot\u00e9 d'une petite poche cach\u00e9e.","og_url":"https:\/\/www.miomiorun.com\/fr\/produit\/exodraw-2-0\/","og_site_name":"MioMioRun","article_publisher":"https:\/\/www.facebook.com\/miomiorun\/","article_modified_time":"2025-04-18T08:33:05+00:00","og_image":[{"width":600,"height":600,"url":"https:\/\/www.miomiorun.com\/app\/uploads\/2019\/12\/nathan-Exodraw-2-4863.webp","type":"image\/webp"}],"twitter_card":"summary_large_image","twitter_misc":{"Est. reading time":"1 minute"},"schema":{"@context":"https:\/\/schema.org","@graph":[{"@type":"WebPage","@id":"https:\/\/www.miomiorun.com\/fr\/produit\/exodraw-2-0\/","url":"https:\/\/www.miomiorun.com\/fr\/produit\/exodraw-2-0\/","name":"Nathan ExoDraw 2.0 - cantine courante MioMioRun","isPartOf":{"@id":"https:\/\/www.miomiorun.com\/fr\/#website"},"primaryImageOfPage":{"@id":"https:\/\/www.miomiorun.com\/fr\/produit\/exodraw-2-0\/#primaryimage"},"image":{"@id":"https:\/\/www.miomiorun.com\/fr\/produit\/exodraw-2-0\/#primaryimage"},"thumbnailUrl":"https:\/\/www.miomiorun.com\/app\/uploads\/2019\/12\/nathan-Exodraw-2-4863.webp","datePublished":"2019-12-22T22:20:26+00:00","dateModified":"2025-04-18T08:33:05+00:00","description":"Bouteille d'eau portable Exodraw 2.0 535 ml de Nathan. Ce bidon souple, ultra-efficace et super confortable est dot\u00e9 d'une petite poche cach\u00e9e.","breadcrumb":{"@id":"https:\/\/www.miomiorun.com\/fr\/produit\/exodraw-2-0\/#breadcrumb"},"inLanguage":"fr-FR","potentialAction":[{"@type":"ReadAction","target":["https:\/\/www.miomiorun.com\/fr\/produit\/exodraw-2-0\/"]}]},{"@type":"ImageObject","inLanguage":"fr-FR","@id":"https:\/\/www.miomiorun.com\/fr\/produit\/exodraw-2-0\/#primaryimage","url":"https:\/\/www.miomiorun.com\/app\/uploads\/2019\/12\/nathan-Exodraw-2-4863.webp","contentUrl":"https:\/\/www.miomiorun.com\/app\/uploads\/2019\/12\/nathan-Exodraw-2-4863.webp","width":600,"height":600,"caption":"nathan Exodraw 2 4863"},{"@type":"BreadcrumbList","@id":"https:\/\/www.miomiorun.com\/fr\/produit\/exodraw-2-0\/#breadcrumb","itemListElement":[{"@type":"ListItem","position":1,"name":"Home","item":"https:\/\/www.miomiorun.com\/fr\/home-page\/"},{"@type":"ListItem","position":2,"name":"Shop","item":"https:\/\/www.miomiorun.com\/shop\/"},{"@type":"ListItem","position":3,"name":"ExoDraw 2.0"}]},{"@type":"WebSite","@id":"https:\/\/www.miomiorun.com\/fr\/#website","url":"https:\/\/www.miomiorun.com\/fr\/","name":"MioMioRun","description":"Boutique 100% running et trail","publisher":{"@id":"https:\/\/www.miomiorun.com\/fr\/#organization"},"potentialAction":[{"@type":"SearchAction","target":{"@type":"EntryPoint","urlTemplate":"https:\/\/www.miomiorun.com\/fr\/?s={search_term_string}"},"query-input":{"@type":"PropertyValueSpecification","valueRequired":true,"valueName":"search_term_string"}}],"inLanguage":"fr-FR"},{"@type":"Organization","@id":"https:\/\/www.miomiorun.com\/fr\/#organization","name":"MioMio Run","url":"https:\/\/www.miomiorun.com\/fr\/","logo":{"@type":"ImageObject","inLanguage":"fr-FR","@id":"https:\/\/www.miomiorun.com\/fr\/#\/schema\/logo\/image\/","url":"https:\/\/www.miomiorun.com\/app\/uploads\/2019\/12\/logomio.png","contentUrl":"https:\/\/www.miomiorun.com\/app\/uploads\/2019\/12\/logomio.png","width":115,"height":82,"caption":"MioMio Run"},"image":{"@id":"https:\/\/www.miomiorun.com\/fr\/#\/schema\/logo\/image\/"},"sameAs":["https:\/\/www.facebook.com\/miomiorun\/","https:\/\/www.instagram.com\/miomiorun\/"]}]}},"_links":{"self":[{"href":"https:\/\/www.miomiorun.com\/fr\/wp-json\/wp\/v2\/product\/274392","targetHints":{"allow":["GET"]}}],"collection":[{"href":"https:\/\/www.miomiorun.com\/fr\/wp-json\/wp\/v2\/product"}],"about":[{"href":"https:\/\/www.miomiorun.com\/fr\/wp-json\/wp\/v2\/types\/product"}],"wp:featuredmedia":[{"embeddable":true,"href":"https:\/\/www.miomiorun.com\/fr\/wp-json\/wp\/v2\/media\/247074"}],"wp:attachment":[{"href":"https:\/\/www.miomiorun.com\/fr\/wp-json\/wp\/v2\/media?parent=274392"}],"wp:term":[{"taxonomy":"product_brand","embeddable":true,"href":"https:\/\/www.miomiorun.com\/fr\/wp-json\/wp\/v2\/product_brand?post=274392"},{"taxonomy":"product_cat","embeddable":true,"href":"https:\/\/www.miomiorun.com\/fr\/wp-json\/wp\/v2\/product_cat?post=274392"},{"taxonomy":"product_tag","embeddable":true,"href":"https:\/\/www.miomiorun.com\/fr\/wp-json\/wp\/v2\/product_tag?post=274392"}],"curies":[{"name":"wp","href":"https:\/\/api.w.org\/{rel}","templated":true}]}}