{"id":274352,"date":"2019-12-23T00:38:42","date_gmt":"2019-12-22T23:38:42","guid":{"rendered":"https:\/\/miomiorun.com\/prodotto\/active-extreme-2-0-donna\/"},"modified":"2026-05-08T20:34:57","modified_gmt":"2026-05-08T18:34:57","slug":"active-extreme-2-0-femme","status":"publish","type":"product","link":"https:\/\/www.miomiorun.com\/fr\/produit\/active-extreme-2-0-femme\/","title":{"rendered":"Active Extreme 2.0 femme"},"content":{"rendered":"<p><span style=\"font-weight: 400;\">Con\u00e7ue pour vous rendre plus l\u00e9ger, plus rapide et plus performant, la couche de base la plus avanc\u00e9e au monde rel\u00e8ve une fois de plus le d\u00e9fi. L&#8217;Active Extreme 2.0 SS est fabriqu\u00e9 dans un tissu fin, l\u00e9ger et extensible avec CoolMax Air, une fibre haute performance qui offre une gestion sup\u00e9rieure de la temp\u00e9rature corporelle lors d&#8217;entra\u00eenements intenses dans des conditions douces ou froides. Les panneaux en mesh avec de larges trous assurent une ventilation exceptionnelle, tandis que la conception ergonomique en 3D offre un ajustement parfait. Con\u00e7ue pour les athl\u00e8tes passionn\u00e9s.<\/span><\/p>\n<p><span style=\"font-weight: 400;\">Tissu<\/span><\/p>\n<p>&nbsp;<\/p>\n<p><span style=\"font-weight: 400;\">Corps avant : 100% polyester Corps arri\u00e8re : 100% polyester Empi\u00e8cements lat\u00e9raux : 96% polyester 4% \u00e9lasthanne<\/span><\/p>\n","protected":false},"excerpt":{"rendered":"<p>Con\u00e7ue pour vous rendre plus l\u00e9ger, plus rapide et plus performant, la couche de base la plus avanc\u00e9e au monde a une fois de plus relev\u00e9 le d\u00e9fi.<\/p>\n","protected":false},"featured_media":229197,"template":"","meta":{"_acf_changed":false,"inline_featured_image":false},"product_brand":[],"product_cat":[22600,22596,22595],"product_tag":[23554,23648],"class_list":{"0":"post-274352","1":"product","2":"type-product","3":"status-publish","4":"has-post-thumbnail","6":"product_cat-sous-vetements","7":"product_cat-vetements-pour-femmes","8":"product_cat-femme","9":"product_tag-craft-fr","10":"product_tag-craft-femme","11":"pa_attivita-marcher","12":"pa_attivita-outdoor-fr","13":"pa_attivita-running-fr","14":"pa_attivita-trail-fr","15":"pa_marca-craft-fr","16":"pa_sesso-femme","17":"pa_size-medium-fr","19":"first","20":"instock","21":"sale","22":"taxable","23":"shipping-taxable","24":"purchasable","25":"product-type-variable","26":"wvs-archive-product-wrapper"},"acf":[],"yoast_head":"<!-- This site is optimized with the Yoast SEO plugin v26.8 - https:\/\/yoast.com\/product\/yoast-seo-wordpress\/ -->\n<title>Craft Active Extreme 2.0 femme - maillot thermique - MioMioRun.com<\/title>\n<meta name=\"description\" content=\"Un maillot technique et thermique pour femmes con\u00e7u pour vous rendre plus l\u00e9g\u00e8re, plus rapide et plus performante, la couche de base la plus avanc\u00e9e rel\u00e8ve une fois de plus le d\u00e9fi.\" \/>\n<meta name=\"robots\" content=\"index, follow, max-snippet:-1, max-image-preview:large, max-video-preview:-1\" \/>\n<link rel=\"canonical\" href=\"https:\/\/www.miomiorun.com\/fr\/produit\/active-extreme-2-0-femme\/\" \/>\n<meta property=\"og:locale\" content=\"fr_FR\" \/>\n<meta property=\"og:type\" content=\"article\" \/>\n<meta property=\"og:title\" content=\"Craft Active Extreme 2.0 femme - maillot thermique - MioMioRun.com\" \/>\n<meta property=\"og:description\" content=\"Un maillot technique et thermique pour femmes con\u00e7u pour vous rendre plus l\u00e9g\u00e8re, plus rapide et plus performante, la couche de base la plus avanc\u00e9e rel\u00e8ve une fois de plus le d\u00e9fi.\" \/>\n<meta property=\"og:url\" content=\"https:\/\/www.miomiorun.com\/fr\/produit\/active-extreme-2-0-femme\/\" \/>\n<meta property=\"og:site_name\" content=\"MioMioRun\" \/>\n<meta property=\"article:publisher\" content=\"https:\/\/www.facebook.com\/miomiorun\/\" \/>\n<meta property=\"article:modified_time\" content=\"2026-05-08T18:34:57+00:00\" \/>\n<meta property=\"og:image\" content=\"https:\/\/www.miomiorun.com\/app\/uploads\/2019\/12\/Active-Extreme-2.0-nero-donna.jpg\" \/>\n\t<meta property=\"og:image:width\" content=\"600\" \/>\n\t<meta property=\"og:image:height\" content=\"600\" \/>\n\t<meta property=\"og:image:type\" content=\"image\/jpeg\" \/>\n<meta name=\"twitter:card\" content=\"summary_large_image\" \/>\n<meta name=\"twitter:label1\" content=\"Est. reading time\" \/>\n\t<meta name=\"twitter:data1\" content=\"1 minute\" \/>\n<script type=\"application\/ld+json\" class=\"yoast-schema-graph\">{\"@context\":\"https:\/\/schema.org\",\"@graph\":[{\"@type\":\"WebPage\",\"@id\":\"https:\/\/www.miomiorun.com\/fr\/produit\/active-extreme-2-0-femme\/\",\"url\":\"https:\/\/www.miomiorun.com\/fr\/produit\/active-extreme-2-0-femme\/\",\"name\":\"Craft Active Extreme 2.0 femme - maillot thermique - MioMioRun.com\",\"isPartOf\":{\"@id\":\"https:\/\/www.miomiorun.com\/fr\/#website\"},\"primaryImageOfPage\":{\"@id\":\"https:\/\/www.miomiorun.com\/fr\/produit\/active-extreme-2-0-femme\/#primaryimage\"},\"image\":{\"@id\":\"https:\/\/www.miomiorun.com\/fr\/produit\/active-extreme-2-0-femme\/#primaryimage\"},\"thumbnailUrl\":\"https:\/\/www.miomiorun.com\/app\/uploads\/2019\/12\/Active-Extreme-2.0-nero-donna.jpg\",\"datePublished\":\"2019-12-22T23:38:42+00:00\",\"dateModified\":\"2026-05-08T18:34:57+00:00\",\"description\":\"Un maillot technique et thermique pour femmes con\u00e7u pour vous rendre plus l\u00e9g\u00e8re, plus rapide et plus performante, la couche de base la plus avanc\u00e9e rel\u00e8ve une fois de plus le d\u00e9fi.\",\"breadcrumb\":{\"@id\":\"https:\/\/www.miomiorun.com\/fr\/produit\/active-extreme-2-0-femme\/#breadcrumb\"},\"inLanguage\":\"fr-FR\",\"potentialAction\":[{\"@type\":\"ReadAction\",\"target\":[\"https:\/\/www.miomiorun.com\/fr\/produit\/active-extreme-2-0-femme\/\"]}]},{\"@type\":\"ImageObject\",\"inLanguage\":\"fr-FR\",\"@id\":\"https:\/\/www.miomiorun.com\/fr\/produit\/active-extreme-2-0-femme\/#primaryimage\",\"url\":\"https:\/\/www.miomiorun.com\/app\/uploads\/2019\/12\/Active-Extreme-2.0-nero-donna.jpg\",\"contentUrl\":\"https:\/\/www.miomiorun.com\/app\/uploads\/2019\/12\/Active-Extreme-2.0-nero-donna.jpg\",\"width\":600,\"height\":600,\"caption\":\"Active-Extreme-2.0-nero-donna\"},{\"@type\":\"BreadcrumbList\",\"@id\":\"https:\/\/www.miomiorun.com\/fr\/produit\/active-extreme-2-0-femme\/#breadcrumb\",\"itemListElement\":[{\"@type\":\"ListItem\",\"position\":1,\"name\":\"Home\",\"item\":\"https:\/\/www.miomiorun.com\/fr\/home-page\/\"},{\"@type\":\"ListItem\",\"position\":2,\"name\":\"Shop\",\"item\":\"https:\/\/www.miomiorun.com\/shop\/\"},{\"@type\":\"ListItem\",\"position\":3,\"name\":\"Active Extreme 2.0 femme\"}]},{\"@type\":\"WebSite\",\"@id\":\"https:\/\/www.miomiorun.com\/fr\/#website\",\"url\":\"https:\/\/www.miomiorun.com\/fr\/\",\"name\":\"MioMioRun\",\"description\":\"Boutique 100% running et trail\",\"publisher\":{\"@id\":\"https:\/\/www.miomiorun.com\/fr\/#organization\"},\"potentialAction\":[{\"@type\":\"SearchAction\",\"target\":{\"@type\":\"EntryPoint\",\"urlTemplate\":\"https:\/\/www.miomiorun.com\/fr\/?s={search_term_string}\"},\"query-input\":{\"@type\":\"PropertyValueSpecification\",\"valueRequired\":true,\"valueName\":\"search_term_string\"}}],\"inLanguage\":\"fr-FR\"},{\"@type\":\"Organization\",\"@id\":\"https:\/\/www.miomiorun.com\/fr\/#organization\",\"name\":\"MioMio Run\",\"url\":\"https:\/\/www.miomiorun.com\/fr\/\",\"logo\":{\"@type\":\"ImageObject\",\"inLanguage\":\"fr-FR\",\"@id\":\"https:\/\/www.miomiorun.com\/fr\/#\/schema\/logo\/image\/\",\"url\":\"https:\/\/www.miomiorun.com\/app\/uploads\/2019\/12\/logomio.png\",\"contentUrl\":\"https:\/\/www.miomiorun.com\/app\/uploads\/2019\/12\/logomio.png\",\"width\":115,\"height\":82,\"caption\":\"MioMio Run\"},\"image\":{\"@id\":\"https:\/\/www.miomiorun.com\/fr\/#\/schema\/logo\/image\/\"},\"sameAs\":[\"https:\/\/www.facebook.com\/miomiorun\/\",\"https:\/\/www.instagram.com\/miomiorun\/\"]}]}<\/script>\n<!-- \/ Yoast SEO plugin. -->","yoast_head_json":{"title":"Craft Active Extreme 2.0 femme - maillot thermique - MioMioRun.com","description":"Un maillot technique et thermique pour femmes con\u00e7u pour vous rendre plus l\u00e9g\u00e8re, plus rapide et plus performante, la couche de base la plus avanc\u00e9e rel\u00e8ve une fois de plus le d\u00e9fi.","robots":{"index":"index","follow":"follow","max-snippet":"max-snippet:-1","max-image-preview":"max-image-preview:large","max-video-preview":"max-video-preview:-1"},"canonical":"https:\/\/www.miomiorun.com\/fr\/produit\/active-extreme-2-0-femme\/","og_locale":"fr_FR","og_type":"article","og_title":"Craft Active Extreme 2.0 femme - maillot thermique - MioMioRun.com","og_description":"Un maillot technique et thermique pour femmes con\u00e7u pour vous rendre plus l\u00e9g\u00e8re, plus rapide et plus performante, la couche de base la plus avanc\u00e9e rel\u00e8ve une fois de plus le d\u00e9fi.","og_url":"https:\/\/www.miomiorun.com\/fr\/produit\/active-extreme-2-0-femme\/","og_site_name":"MioMioRun","article_publisher":"https:\/\/www.facebook.com\/miomiorun\/","article_modified_time":"2026-05-08T18:34:57+00:00","og_image":[{"width":600,"height":600,"url":"https:\/\/www.miomiorun.com\/app\/uploads\/2019\/12\/Active-Extreme-2.0-nero-donna.jpg","type":"image\/jpeg"}],"twitter_card":"summary_large_image","twitter_misc":{"Est. reading time":"1 minute"},"schema":{"@context":"https:\/\/schema.org","@graph":[{"@type":"WebPage","@id":"https:\/\/www.miomiorun.com\/fr\/produit\/active-extreme-2-0-femme\/","url":"https:\/\/www.miomiorun.com\/fr\/produit\/active-extreme-2-0-femme\/","name":"Craft Active Extreme 2.0 femme - maillot thermique - MioMioRun.com","isPartOf":{"@id":"https:\/\/www.miomiorun.com\/fr\/#website"},"primaryImageOfPage":{"@id":"https:\/\/www.miomiorun.com\/fr\/produit\/active-extreme-2-0-femme\/#primaryimage"},"image":{"@id":"https:\/\/www.miomiorun.com\/fr\/produit\/active-extreme-2-0-femme\/#primaryimage"},"thumbnailUrl":"https:\/\/www.miomiorun.com\/app\/uploads\/2019\/12\/Active-Extreme-2.0-nero-donna.jpg","datePublished":"2019-12-22T23:38:42+00:00","dateModified":"2026-05-08T18:34:57+00:00","description":"Un maillot technique et thermique pour femmes con\u00e7u pour vous rendre plus l\u00e9g\u00e8re, plus rapide et plus performante, la couche de base la plus avanc\u00e9e rel\u00e8ve une fois de plus le d\u00e9fi.","breadcrumb":{"@id":"https:\/\/www.miomiorun.com\/fr\/produit\/active-extreme-2-0-femme\/#breadcrumb"},"inLanguage":"fr-FR","potentialAction":[{"@type":"ReadAction","target":["https:\/\/www.miomiorun.com\/fr\/produit\/active-extreme-2-0-femme\/"]}]},{"@type":"ImageObject","inLanguage":"fr-FR","@id":"https:\/\/www.miomiorun.com\/fr\/produit\/active-extreme-2-0-femme\/#primaryimage","url":"https:\/\/www.miomiorun.com\/app\/uploads\/2019\/12\/Active-Extreme-2.0-nero-donna.jpg","contentUrl":"https:\/\/www.miomiorun.com\/app\/uploads\/2019\/12\/Active-Extreme-2.0-nero-donna.jpg","width":600,"height":600,"caption":"Active-Extreme-2.0-nero-donna"},{"@type":"BreadcrumbList","@id":"https:\/\/www.miomiorun.com\/fr\/produit\/active-extreme-2-0-femme\/#breadcrumb","itemListElement":[{"@type":"ListItem","position":1,"name":"Home","item":"https:\/\/www.miomiorun.com\/fr\/home-page\/"},{"@type":"ListItem","position":2,"name":"Shop","item":"https:\/\/www.miomiorun.com\/shop\/"},{"@type":"ListItem","position":3,"name":"Active Extreme 2.0 femme"}]},{"@type":"WebSite","@id":"https:\/\/www.miomiorun.com\/fr\/#website","url":"https:\/\/www.miomiorun.com\/fr\/","name":"MioMioRun","description":"Boutique 100% running et trail","publisher":{"@id":"https:\/\/www.miomiorun.com\/fr\/#organization"},"potentialAction":[{"@type":"SearchAction","target":{"@type":"EntryPoint","urlTemplate":"https:\/\/www.miomiorun.com\/fr\/?s={search_term_string}"},"query-input":{"@type":"PropertyValueSpecification","valueRequired":true,"valueName":"search_term_string"}}],"inLanguage":"fr-FR"},{"@type":"Organization","@id":"https:\/\/www.miomiorun.com\/fr\/#organization","name":"MioMio Run","url":"https:\/\/www.miomiorun.com\/fr\/","logo":{"@type":"ImageObject","inLanguage":"fr-FR","@id":"https:\/\/www.miomiorun.com\/fr\/#\/schema\/logo\/image\/","url":"https:\/\/www.miomiorun.com\/app\/uploads\/2019\/12\/logomio.png","contentUrl":"https:\/\/www.miomiorun.com\/app\/uploads\/2019\/12\/logomio.png","width":115,"height":82,"caption":"MioMio Run"},"image":{"@id":"https:\/\/www.miomiorun.com\/fr\/#\/schema\/logo\/image\/"},"sameAs":["https:\/\/www.facebook.com\/miomiorun\/","https:\/\/www.instagram.com\/miomiorun\/"]}]}},"_links":{"self":[{"href":"https:\/\/www.miomiorun.com\/fr\/wp-json\/wp\/v2\/product\/274352","targetHints":{"allow":["GET"]}}],"collection":[{"href":"https:\/\/www.miomiorun.com\/fr\/wp-json\/wp\/v2\/product"}],"about":[{"href":"https:\/\/www.miomiorun.com\/fr\/wp-json\/wp\/v2\/types\/product"}],"wp:featuredmedia":[{"embeddable":true,"href":"https:\/\/www.miomiorun.com\/fr\/wp-json\/wp\/v2\/media\/229197"}],"wp:attachment":[{"href":"https:\/\/www.miomiorun.com\/fr\/wp-json\/wp\/v2\/media?parent=274352"}],"wp:term":[{"taxonomy":"product_brand","embeddable":true,"href":"https:\/\/www.miomiorun.com\/fr\/wp-json\/wp\/v2\/product_brand?post=274352"},{"taxonomy":"product_cat","embeddable":true,"href":"https:\/\/www.miomiorun.com\/fr\/wp-json\/wp\/v2\/product_cat?post=274352"},{"taxonomy":"product_tag","embeddable":true,"href":"https:\/\/www.miomiorun.com\/fr\/wp-json\/wp\/v2\/product_tag?post=274352"}],"curies":[{"name":"wp","href":"https:\/\/api.w.org\/{rel}","templated":true}]}}