{"id":274324,"date":"2020-01-21T19:19:00","date_gmt":"2020-01-21T18:19:00","guid":{"rendered":"https:\/\/miomiorun.com\/prodotto\/raidlight-zaino-running-donna-responsiv-6-litri\/"},"modified":"2026-05-08T20:34:51","modified_gmt":"2026-05-08T18:34:51","slug":"raidlight-sac-a-dos-de-course-pour-femme-responsiv-6-litres","status":"publish","type":"product","link":"https:\/\/www.miomiorun.com\/fr\/produit\/raidlight-sac-a-dos-de-course-pour-femme-responsiv-6-litres\/","title":{"rendered":"Gilet Responsiv 6 litres femme"},"content":{"rendered":"<p>Le dernier n\u00e9 de la gamme Responsiv n&#8217;a rien \u00e0 envier aux grands produits ! Avec une capacit\u00e9 totale de 6 litres et un poids inf\u00e9rieur \u00e0 200g, ce sac \u00e0 dos n&#8217;a pas son pareil en termes de polyvalence !<\/p>\n<p>Le design minimaliste de cette ligne a permis d&#8217;all\u00e9ger le produit sans en alt\u00e9rer les performances. La r\u00e9partition strat\u00e9gique des diff\u00e9rentes poches vous permet d&#8217;organiser votre mat\u00e9riel comme vous le souhaitez, en profitant m\u00eame des sangles con\u00e7ues pour accueillir nos gourdes EazyFlask &#8216;press to drink&#8217;. Le compartiment principal de 5L peut accueillir une poche \u00e0 eau.<\/p>\n<p>La maille \u00e9lastique du gilet assure une excellente stabilit\u00e9 quel que soit le contenu, et le syst\u00e8me de fixation des b\u00e2tons apporte une touche pratique que vous ne manquerez pas d&#8217;appr\u00e9cier.<\/p>\n<table>\n<tbody>\n<tr>\n<td>Caract\u00e9ristiques principales<\/td>\n<td>Coutures plates d\u00e9coup\u00e9es au laser, tissu extensible pour un \u00e9quilibre optimal entre stabilit\u00e9 et durabilit\u00e9, \u00e9l\u00e9ments r\u00e9fl\u00e9chissants imprim\u00e9s \u00e0 l&#8217;avant et \u00e0 l&#8217;arri\u00e8re, livraison de 2 gourdes EazyFlask de 600 ml.<\/td>\n<\/tr>\n<tr>\n<td>Poches<\/td>\n<td>Sac \u00e0 dos de type gilet avec 9 poches, dont une poche frontale zipp\u00e9e, poches GPS sur les \u00e9paules, poches superpos\u00e9es pour une meilleure organisation interne (1 poche zipp\u00e9e)<\/td>\n<\/tr>\n<tr>\n<td>Syst\u00e8me d&#8217;hydratation<\/td>\n<td>2 poches frontales compatibles avec nos gourdes EazyFlask &#8221; Press to drink &#8220;, poches principales de 5L pouvant accueillir un sac d&#8217;hydratation.<\/td>\n<\/tr>\n<tr>\n<td>Syst\u00e8me de fixation<\/td>\n<td>Harnais en polyester monofilament (hydrophobe) pour un ajustement parfait au corps, 2 boucles de r\u00e9glage microm\u00e9trique Freelock\u00ae, 2 sangles de poitrine<\/td>\n<\/tr>\n<tr>\n<td>Porte-canne<\/td>\n<td>Porte-canne<\/td>\n<\/tr>\n<tr>\n<td>S\u00e9curit\u00e9<\/td>\n<td>Sifflet et d\u00e9tails de s\u00e9curit\u00e9 r\u00e9fl\u00e9chissants imprim\u00e9s.<\/td>\n<\/tr>\n<tr>\n<td>Mati\u00e8re ext\u00e9rieure<\/td>\n<td>61 % Polyester, 33 % Nylon 6 % Spandex.<\/td>\n<\/tr>\n<\/tbody>\n<\/table>\n<p>&nbsp;<\/p>\n<table style=\"height: 226px;\" width=\"5\">\n<tbody>\n<tr>\n<td><\/td>\n<td><\/td>\n<\/tr>\n<tr>\n<td><\/td>\n<td><\/td>\n<\/tr>\n<tr>\n<td><\/td>\n<td><\/td>\n<\/tr>\n<tr>\n<td><\/td>\n<td><\/td>\n<\/tr>\n<tr>\n<td><\/td>\n<td><\/td>\n<\/tr>\n<tr>\n<td><\/td>\n<td><\/td>\n<\/tr>\n<tr>\n<td><\/td>\n<td><\/td>\n<\/tr>\n<\/tbody>\n<\/table>\n","protected":false},"excerpt":{"rendered":"<p>Le dernier n\u00e9 de la gamme Responsiv n&#8217;a rien \u00e0 envier aux grands produits ! Avec une capacit\u00e9 totale de 6 litres et un poids inf\u00e9rieur \u00e0 200 g, ce sac \u00e0 dos n&#8217;a rien \u00e0 envier aux autres en termes de polyvalence !<\/p>\n","protected":false},"featured_media":232355,"template":"","meta":{"_acf_changed":false,"inline_featured_image":false},"product_brand":[],"product_cat":[22589,22587,22538],"product_tag":[23503,23504],"class_list":{"0":"post-274324","1":"product","2":"type-product","3":"status-publish","4":"has-post-thumbnail","6":"product_cat-sacs-a-dos","7":"product_cat-sacs-a-dos-et-ceintures","8":"product_cat-accessoires","9":"product_tag-raidlight-fr","10":"product_tag-raidlight-femme","11":"pa_attivita-trail-fr","12":"pa_colore-responsiv-vest-6l-w-black-light-blue-fr","13":"pa_marca-raidlight-fr","14":"pa_sesso-femme","15":"pa_size-large-fr","17":"first","18":"instock","19":"sale","20":"taxable","21":"shipping-taxable","22":"purchasable","23":"product-type-variable","24":"wvs-archive-product-wrapper"},"acf":[],"yoast_head":"<!-- This site is optimized with the Yoast SEO plugin v26.8 - https:\/\/yoast.com\/product\/yoast-seo-wordpress\/ -->\n<title>Raidlight Gilet Responsiv 6 litres femme - MioMioRun.com<\/title>\n<meta name=\"description\" content=\"Le dernier n\u00e9 de la gamme Responsiv n&#039;a rien \u00e0 envier aux produits plus grands ! En termes de polyvalence, ce sac \u00e0 dos.\" \/>\n<meta name=\"robots\" content=\"index, follow, max-snippet:-1, max-image-preview:large, max-video-preview:-1\" \/>\n<link rel=\"canonical\" href=\"https:\/\/www.miomiorun.com\/fr\/produit\/raidlight-sac-a-dos-de-course-pour-femme-responsiv-6-litres\/\" \/>\n<meta property=\"og:locale\" content=\"fr_FR\" \/>\n<meta property=\"og:type\" content=\"article\" \/>\n<meta property=\"og:title\" content=\"Raidlight Gilet Responsiv 6 litres femme - MioMioRun.com\" \/>\n<meta property=\"og:description\" content=\"Le dernier n\u00e9 de la gamme Responsiv n&#039;a rien \u00e0 envier aux produits plus grands ! En termes de polyvalence, ce sac \u00e0 dos.\" \/>\n<meta property=\"og:url\" content=\"https:\/\/www.miomiorun.com\/fr\/produit\/raidlight-sac-a-dos-de-course-pour-femme-responsiv-6-litres\/\" \/>\n<meta property=\"og:site_name\" content=\"MioMioRun\" \/>\n<meta property=\"article:publisher\" content=\"https:\/\/www.facebook.com\/miomiorun\/\" \/>\n<meta property=\"article:modified_time\" content=\"2026-05-08T18:34:51+00:00\" \/>\n<meta property=\"og:image\" content=\"https:\/\/www.miomiorun.com\/app\/uploads\/2021\/06\/raidlight-Responsiv-Vest-6L-W-GRJWB55.jpg\" \/>\n\t<meta property=\"og:image:width\" content=\"600\" \/>\n\t<meta property=\"og:image:height\" content=\"600\" \/>\n\t<meta property=\"og:image:type\" content=\"image\/jpeg\" \/>\n<meta name=\"twitter:card\" content=\"summary_large_image\" \/>\n<meta name=\"twitter:label1\" content=\"Est. reading time\" \/>\n\t<meta name=\"twitter:data1\" content=\"1 minute\" \/>\n<script type=\"application\/ld+json\" class=\"yoast-schema-graph\">{\"@context\":\"https:\/\/schema.org\",\"@graph\":[{\"@type\":\"WebPage\",\"@id\":\"https:\/\/www.miomiorun.com\/fr\/produit\/raidlight-sac-a-dos-de-course-pour-femme-responsiv-6-litres\/\",\"url\":\"https:\/\/www.miomiorun.com\/fr\/produit\/raidlight-sac-a-dos-de-course-pour-femme-responsiv-6-litres\/\",\"name\":\"Raidlight Gilet Responsiv 6 litres femme - MioMioRun.com\",\"isPartOf\":{\"@id\":\"https:\/\/www.miomiorun.com\/fr\/#website\"},\"primaryImageOfPage\":{\"@id\":\"https:\/\/www.miomiorun.com\/fr\/produit\/raidlight-sac-a-dos-de-course-pour-femme-responsiv-6-litres\/#primaryimage\"},\"image\":{\"@id\":\"https:\/\/www.miomiorun.com\/fr\/produit\/raidlight-sac-a-dos-de-course-pour-femme-responsiv-6-litres\/#primaryimage\"},\"thumbnailUrl\":\"https:\/\/www.miomiorun.com\/app\/uploads\/2021\/06\/raidlight-Responsiv-Vest-6L-W-GRJWB55.jpg\",\"datePublished\":\"2020-01-21T18:19:00+00:00\",\"dateModified\":\"2026-05-08T18:34:51+00:00\",\"description\":\"Le dernier n\u00e9 de la gamme Responsiv n'a rien \u00e0 envier aux produits plus grands ! En termes de polyvalence, ce sac \u00e0 dos.\",\"breadcrumb\":{\"@id\":\"https:\/\/www.miomiorun.com\/fr\/produit\/raidlight-sac-a-dos-de-course-pour-femme-responsiv-6-litres\/#breadcrumb\"},\"inLanguage\":\"fr-FR\",\"potentialAction\":[{\"@type\":\"ReadAction\",\"target\":[\"https:\/\/www.miomiorun.com\/fr\/produit\/raidlight-sac-a-dos-de-course-pour-femme-responsiv-6-litres\/\"]}]},{\"@type\":\"ImageObject\",\"inLanguage\":\"fr-FR\",\"@id\":\"https:\/\/www.miomiorun.com\/fr\/produit\/raidlight-sac-a-dos-de-course-pour-femme-responsiv-6-litres\/#primaryimage\",\"url\":\"https:\/\/www.miomiorun.com\/app\/uploads\/2021\/06\/raidlight-Responsiv-Vest-6L-W-GRJWB55.jpg\",\"contentUrl\":\"https:\/\/www.miomiorun.com\/app\/uploads\/2021\/06\/raidlight-Responsiv-Vest-6L-W-GRJWB55.jpg\",\"width\":600,\"height\":600,\"caption\":\"raidlight responsiv vest 6l\"},{\"@type\":\"BreadcrumbList\",\"@id\":\"https:\/\/www.miomiorun.com\/fr\/produit\/raidlight-sac-a-dos-de-course-pour-femme-responsiv-6-litres\/#breadcrumb\",\"itemListElement\":[{\"@type\":\"ListItem\",\"position\":1,\"name\":\"Home\",\"item\":\"https:\/\/www.miomiorun.com\/fr\/home-page\/\"},{\"@type\":\"ListItem\",\"position\":2,\"name\":\"Shop\",\"item\":\"https:\/\/www.miomiorun.com\/shop\/\"},{\"@type\":\"ListItem\",\"position\":3,\"name\":\"Gilet Responsiv 6 litres femme\"}]},{\"@type\":\"WebSite\",\"@id\":\"https:\/\/www.miomiorun.com\/fr\/#website\",\"url\":\"https:\/\/www.miomiorun.com\/fr\/\",\"name\":\"MioMioRun\",\"description\":\"Boutique 100% running et trail\",\"publisher\":{\"@id\":\"https:\/\/www.miomiorun.com\/fr\/#organization\"},\"potentialAction\":[{\"@type\":\"SearchAction\",\"target\":{\"@type\":\"EntryPoint\",\"urlTemplate\":\"https:\/\/www.miomiorun.com\/fr\/?s={search_term_string}\"},\"query-input\":{\"@type\":\"PropertyValueSpecification\",\"valueRequired\":true,\"valueName\":\"search_term_string\"}}],\"inLanguage\":\"fr-FR\"},{\"@type\":\"Organization\",\"@id\":\"https:\/\/www.miomiorun.com\/fr\/#organization\",\"name\":\"MioMio Run\",\"url\":\"https:\/\/www.miomiorun.com\/fr\/\",\"logo\":{\"@type\":\"ImageObject\",\"inLanguage\":\"fr-FR\",\"@id\":\"https:\/\/www.miomiorun.com\/fr\/#\/schema\/logo\/image\/\",\"url\":\"https:\/\/www.miomiorun.com\/app\/uploads\/2019\/12\/logomio.png\",\"contentUrl\":\"https:\/\/www.miomiorun.com\/app\/uploads\/2019\/12\/logomio.png\",\"width\":115,\"height\":82,\"caption\":\"MioMio Run\"},\"image\":{\"@id\":\"https:\/\/www.miomiorun.com\/fr\/#\/schema\/logo\/image\/\"},\"sameAs\":[\"https:\/\/www.facebook.com\/miomiorun\/\",\"https:\/\/www.instagram.com\/miomiorun\/\"]}]}<\/script>\n<!-- \/ Yoast SEO plugin. -->","yoast_head_json":{"title":"Raidlight Gilet Responsiv 6 litres femme - MioMioRun.com","description":"Le dernier n\u00e9 de la gamme Responsiv n'a rien \u00e0 envier aux produits plus grands ! En termes de polyvalence, ce sac \u00e0 dos.","robots":{"index":"index","follow":"follow","max-snippet":"max-snippet:-1","max-image-preview":"max-image-preview:large","max-video-preview":"max-video-preview:-1"},"canonical":"https:\/\/www.miomiorun.com\/fr\/produit\/raidlight-sac-a-dos-de-course-pour-femme-responsiv-6-litres\/","og_locale":"fr_FR","og_type":"article","og_title":"Raidlight Gilet Responsiv 6 litres femme - MioMioRun.com","og_description":"Le dernier n\u00e9 de la gamme Responsiv n'a rien \u00e0 envier aux produits plus grands ! En termes de polyvalence, ce sac \u00e0 dos.","og_url":"https:\/\/www.miomiorun.com\/fr\/produit\/raidlight-sac-a-dos-de-course-pour-femme-responsiv-6-litres\/","og_site_name":"MioMioRun","article_publisher":"https:\/\/www.facebook.com\/miomiorun\/","article_modified_time":"2026-05-08T18:34:51+00:00","og_image":[{"width":600,"height":600,"url":"https:\/\/www.miomiorun.com\/app\/uploads\/2021\/06\/raidlight-Responsiv-Vest-6L-W-GRJWB55.jpg","type":"image\/jpeg"}],"twitter_card":"summary_large_image","twitter_misc":{"Est. reading time":"1 minute"},"schema":{"@context":"https:\/\/schema.org","@graph":[{"@type":"WebPage","@id":"https:\/\/www.miomiorun.com\/fr\/produit\/raidlight-sac-a-dos-de-course-pour-femme-responsiv-6-litres\/","url":"https:\/\/www.miomiorun.com\/fr\/produit\/raidlight-sac-a-dos-de-course-pour-femme-responsiv-6-litres\/","name":"Raidlight Gilet Responsiv 6 litres femme - MioMioRun.com","isPartOf":{"@id":"https:\/\/www.miomiorun.com\/fr\/#website"},"primaryImageOfPage":{"@id":"https:\/\/www.miomiorun.com\/fr\/produit\/raidlight-sac-a-dos-de-course-pour-femme-responsiv-6-litres\/#primaryimage"},"image":{"@id":"https:\/\/www.miomiorun.com\/fr\/produit\/raidlight-sac-a-dos-de-course-pour-femme-responsiv-6-litres\/#primaryimage"},"thumbnailUrl":"https:\/\/www.miomiorun.com\/app\/uploads\/2021\/06\/raidlight-Responsiv-Vest-6L-W-GRJWB55.jpg","datePublished":"2020-01-21T18:19:00+00:00","dateModified":"2026-05-08T18:34:51+00:00","description":"Le dernier n\u00e9 de la gamme Responsiv n'a rien \u00e0 envier aux produits plus grands ! En termes de polyvalence, ce sac \u00e0 dos.","breadcrumb":{"@id":"https:\/\/www.miomiorun.com\/fr\/produit\/raidlight-sac-a-dos-de-course-pour-femme-responsiv-6-litres\/#breadcrumb"},"inLanguage":"fr-FR","potentialAction":[{"@type":"ReadAction","target":["https:\/\/www.miomiorun.com\/fr\/produit\/raidlight-sac-a-dos-de-course-pour-femme-responsiv-6-litres\/"]}]},{"@type":"ImageObject","inLanguage":"fr-FR","@id":"https:\/\/www.miomiorun.com\/fr\/produit\/raidlight-sac-a-dos-de-course-pour-femme-responsiv-6-litres\/#primaryimage","url":"https:\/\/www.miomiorun.com\/app\/uploads\/2021\/06\/raidlight-Responsiv-Vest-6L-W-GRJWB55.jpg","contentUrl":"https:\/\/www.miomiorun.com\/app\/uploads\/2021\/06\/raidlight-Responsiv-Vest-6L-W-GRJWB55.jpg","width":600,"height":600,"caption":"raidlight responsiv vest 6l"},{"@type":"BreadcrumbList","@id":"https:\/\/www.miomiorun.com\/fr\/produit\/raidlight-sac-a-dos-de-course-pour-femme-responsiv-6-litres\/#breadcrumb","itemListElement":[{"@type":"ListItem","position":1,"name":"Home","item":"https:\/\/www.miomiorun.com\/fr\/home-page\/"},{"@type":"ListItem","position":2,"name":"Shop","item":"https:\/\/www.miomiorun.com\/shop\/"},{"@type":"ListItem","position":3,"name":"Gilet Responsiv 6 litres femme"}]},{"@type":"WebSite","@id":"https:\/\/www.miomiorun.com\/fr\/#website","url":"https:\/\/www.miomiorun.com\/fr\/","name":"MioMioRun","description":"Boutique 100% running et trail","publisher":{"@id":"https:\/\/www.miomiorun.com\/fr\/#organization"},"potentialAction":[{"@type":"SearchAction","target":{"@type":"EntryPoint","urlTemplate":"https:\/\/www.miomiorun.com\/fr\/?s={search_term_string}"},"query-input":{"@type":"PropertyValueSpecification","valueRequired":true,"valueName":"search_term_string"}}],"inLanguage":"fr-FR"},{"@type":"Organization","@id":"https:\/\/www.miomiorun.com\/fr\/#organization","name":"MioMio Run","url":"https:\/\/www.miomiorun.com\/fr\/","logo":{"@type":"ImageObject","inLanguage":"fr-FR","@id":"https:\/\/www.miomiorun.com\/fr\/#\/schema\/logo\/image\/","url":"https:\/\/www.miomiorun.com\/app\/uploads\/2019\/12\/logomio.png","contentUrl":"https:\/\/www.miomiorun.com\/app\/uploads\/2019\/12\/logomio.png","width":115,"height":82,"caption":"MioMio Run"},"image":{"@id":"https:\/\/www.miomiorun.com\/fr\/#\/schema\/logo\/image\/"},"sameAs":["https:\/\/www.facebook.com\/miomiorun\/","https:\/\/www.instagram.com\/miomiorun\/"]}]}},"_links":{"self":[{"href":"https:\/\/www.miomiorun.com\/fr\/wp-json\/wp\/v2\/product\/274324","targetHints":{"allow":["GET"]}}],"collection":[{"href":"https:\/\/www.miomiorun.com\/fr\/wp-json\/wp\/v2\/product"}],"about":[{"href":"https:\/\/www.miomiorun.com\/fr\/wp-json\/wp\/v2\/types\/product"}],"wp:featuredmedia":[{"embeddable":true,"href":"https:\/\/www.miomiorun.com\/fr\/wp-json\/wp\/v2\/media\/232355"}],"wp:attachment":[{"href":"https:\/\/www.miomiorun.com\/fr\/wp-json\/wp\/v2\/media?parent=274324"}],"wp:term":[{"taxonomy":"product_brand","embeddable":true,"href":"https:\/\/www.miomiorun.com\/fr\/wp-json\/wp\/v2\/product_brand?post=274324"},{"taxonomy":"product_cat","embeddable":true,"href":"https:\/\/www.miomiorun.com\/fr\/wp-json\/wp\/v2\/product_cat?post=274324"},{"taxonomy":"product_tag","embeddable":true,"href":"https:\/\/www.miomiorun.com\/fr\/wp-json\/wp\/v2\/product_tag?post=274324"}],"curies":[{"name":"wp","href":"https:\/\/api.w.org\/{rel}","templated":true}]}}