{"id":274246,"date":"2020-02-24T19:43:30","date_gmt":"2020-02-24T18:43:30","guid":{"rendered":"https:\/\/miomiorun.com\/prodotto\/la-sportiva-tempesta-gtx-donna\/"},"modified":"2025-04-17T12:13:44","modified_gmt":"2025-04-17T10:13:44","slug":"la-sportiva-tempesta-gtx-femme","status":"publish","type":"product","link":"https:\/\/www.miomiorun.com\/fr\/produit\/la-sportiva-tempesta-gtx-femme\/","title":{"rendered":"Tempesta GTX femme"},"content":{"rendered":"<div class=\"vc-row container\"><div class=\"vc-column\"><div class=\"vc-column-text\"><\/p>\n<p><strong>Caract\u00e9ristiques techniques<\/strong><\/p>\n<p>Cat\u00e9gorie : amorti haut de gamme<br \/>\nD\u00e9calage : 10 mm<br \/>\nPoids : 300 g<br \/>\nId\u00e9al pour : les coureurs et les randonneurs en montagne \u00e0 la recherche d&#8217;un mod\u00e8le de cross-country qui offre traction, protection, imperm\u00e9abilit\u00e9 et confort sur les longues et moyennes distances.<br \/>\nPoids du sportif : 60-70 kg<br \/>\nAllure de course : moyenne-lente (&gt;5.00 min\/km)<br \/>\n<a href=\"https:\/\/miomiorun.com\/fr\/guide-des-specificites\/\">Guide des sp\u00e9cifications<\/a><\/p>\n<p><\/div><\/div><div class=\"vc-column\"><div class=\"vc-column-text\">Chaussure de course d&#8217;hiver imperm\u00e9able con\u00e7ue pour l&#8217;entra\u00eenement et l&#8217;utilisation quotidienne pendant les mois d&#8217;hiver en pr\u00e9paration des courses de printemps. Polyvalente, l\u00e9g\u00e8re et rapide \u00e0 enfiler gr\u00e2ce \u00e0 la construction Sock-Shield, elle est parfaite pour courir sur diff\u00e9rents types de terrains tout-terrain gr\u00e2ce \u00e0 la semelle clout\u00e9e avec pointes At Grip.<br \/>\nLa semelle adh\u00e9rente facilite l&#8217;attaque des surfaces glissantes et maintient l&#8217;adh\u00e9rence sur les terrains mous ou verglac\u00e9s gr\u00e2ce aux crampons prononc\u00e9s et \u00e0 la compatibilit\u00e9 avec les pointes amovibles AT-Grip Spikes. Le syst\u00e8me de la\u00e7age rapide et intuitif avec poche \u00e0 lacet r\u00e9tractable combin\u00e9 au collier Sock-Shield avec construction \u00e0 enfiler est performant et confortable avec une gu\u00eatre int\u00e9gr\u00e9e pour envelopper compl\u00e8tement le pied sans vides et goussets suppl\u00e9mentaires : il emp\u00eache totalement les pierres, la boue et la neige de p\u00e9n\u00e9trer. Le syst\u00e8me de la\u00e7age est int\u00e9gr\u00e9 \u00e0 la structure de la tige int\u00e9rieure : cette solution permet de r\u00e9gler les volumes et le niveau d&#8217;adh\u00e9rence de la chaussure au pied pour une conduite pr\u00e9cise et stable, m\u00eame dans les travers\u00e9es. L&#8217;absence totale de coutures externes et la membrane Gore-Tex super flexible, imperm\u00e9able et respirante font de la Tempesta la chaussure id\u00e9ale pour l&#8217;entra\u00eenement athl\u00e9tique en hiver.<\/p>\n<p><b>Partie sup\u00e9rieure :<\/b><br \/>\nSingle mesh mesh hydrofuge anti-abrasion avec impression par sublimation + collier Sock-Shield construction<br \/>\nDoublure<b>:<\/b><br \/>\nGore\u00ae Flex Construction<br \/>\n<b>Semelle plantaire :<\/b><br \/>\nOrtholite Mountain Running Ergonomic 4 mm<br \/>\n<b>Semelle interm\u00e9diaire:<\/b><br \/>\nMEMlex EVA injection avec insert stabilisateur<br \/>\n<b>Semelle ext\u00e9rieure:<\/b><br \/>\nFriXion AT compound compatible avec AT Grip Spike amovible<\/div><\/div><\/div>\n","protected":false},"excerpt":{"rendered":"","protected":false},"featured_media":355910,"template":"","meta":{"_acf_changed":false,"inline_featured_image":false},"product_brand":[],"product_cat":[22605,22608],"product_tag":[23597,23601],"class_list":{"0":"post-274246","1":"product","2":"type-product","3":"status-publish","4":"has-post-thumbnail","6":"product_cat-chaussures-pour-femmes","7":"product_cat-trail-fr","8":"product_tag-la-sportiva-fr","9":"product_tag-la-sportiva-femme","10":"pa_attivita-outdoor-fr","11":"pa_attivita-trail-fr","12":"pa_colore-tempesta-gtx-w-tea-cherry-tomato-fr","13":"pa_colore-tempesta-w-gtx-carbon-savana","14":"pa_marca-la-sportiva-fr","15":"pa_sesso-femme","16":"pa_size-37-5-fr","17":"pa_size-38-5-fr","18":"pa_size-39-fr","19":"pa_size-39-5-fr","20":"pa_size-40-fr","21":"pa_size-40-5-fr","22":"pa_size-41-5-fr","23":"pa_size-42-fr","25":"first","26":"instock","27":"sale","28":"taxable","29":"shipping-taxable","30":"purchasable","31":"product-type-variable","32":"wvs-archive-product-wrapper"},"acf":[],"yoast_head":"<!-- This site is optimized with the Yoast SEO plugin v26.8 - https:\/\/yoast.com\/product\/yoast-seo-wordpress\/ -->\n<title>La sportiva Tempesta GTX femme - Chaussures de trail- MioMioRun .com<\/title>\n<meta name=\"description\" content=\"D\u00e9couvrez la Tempesta GTX de La Sportiva pour femme sur MioMioRun.com, une chaussure de running hivernale con\u00e7ue pour l&#039;entra\u00eenement quotidien pendant les mois d&#039;hiver.\" \/>\n<meta name=\"robots\" content=\"index, follow, max-snippet:-1, max-image-preview:large, max-video-preview:-1\" \/>\n<link rel=\"canonical\" href=\"https:\/\/www.miomiorun.com\/fr\/produit\/la-sportiva-tempesta-gtx-femme\/\" \/>\n<meta property=\"og:locale\" content=\"fr_FR\" \/>\n<meta property=\"og:type\" content=\"article\" \/>\n<meta property=\"og:title\" content=\"La sportiva Tempesta GTX femme - Chaussures de trail- MioMioRun .com\" \/>\n<meta property=\"og:description\" content=\"D\u00e9couvrez la Tempesta GTX de La Sportiva pour femme sur MioMioRun.com, une chaussure de running hivernale con\u00e7ue pour l&#039;entra\u00eenement quotidien pendant les mois d&#039;hiver.\" \/>\n<meta property=\"og:url\" content=\"https:\/\/www.miomiorun.com\/fr\/produit\/la-sportiva-tempesta-gtx-femme\/\" \/>\n<meta property=\"og:site_name\" content=\"MioMioRun\" \/>\n<meta property=\"article:publisher\" content=\"https:\/\/www.facebook.com\/miomiorun\/\" \/>\n<meta property=\"article:modified_time\" content=\"2025-04-17T10:13:44+00:00\" \/>\n<meta property=\"og:image\" content=\"https:\/\/www.miomiorun.com\/app\/uploads\/2022\/09\/la-sportiva-tempesta-GTX-W-denim-taupe-36G628801.jpg\" \/>\n\t<meta property=\"og:image:width\" content=\"600\" \/>\n\t<meta property=\"og:image:height\" content=\"600\" \/>\n\t<meta property=\"og:image:type\" content=\"image\/jpeg\" \/>\n<meta name=\"twitter:card\" content=\"summary_large_image\" \/>\n<meta name=\"twitter:label1\" content=\"Est. reading time\" \/>\n\t<meta name=\"twitter:data1\" content=\"2 minutes\" \/>\n<script type=\"application\/ld+json\" class=\"yoast-schema-graph\">{\"@context\":\"https:\/\/schema.org\",\"@graph\":[{\"@type\":\"WebPage\",\"@id\":\"https:\/\/www.miomiorun.com\/fr\/produit\/la-sportiva-tempesta-gtx-femme\/\",\"url\":\"https:\/\/www.miomiorun.com\/fr\/produit\/la-sportiva-tempesta-gtx-femme\/\",\"name\":\"La sportiva Tempesta GTX femme - Chaussures de trail- MioMioRun .com\",\"isPartOf\":{\"@id\":\"https:\/\/www.miomiorun.com\/fr\/#website\"},\"primaryImageOfPage\":{\"@id\":\"https:\/\/www.miomiorun.com\/fr\/produit\/la-sportiva-tempesta-gtx-femme\/#primaryimage\"},\"image\":{\"@id\":\"https:\/\/www.miomiorun.com\/fr\/produit\/la-sportiva-tempesta-gtx-femme\/#primaryimage\"},\"thumbnailUrl\":\"https:\/\/www.miomiorun.com\/app\/uploads\/2025\/10\/la-sportiva-Tempesta-W-GTX-carbon-savana-ZFRS119G00E32.webp\",\"datePublished\":\"2020-02-24T18:43:30+00:00\",\"dateModified\":\"2025-04-17T10:13:44+00:00\",\"description\":\"D\u00e9couvrez la Tempesta GTX de La Sportiva pour femme sur MioMioRun.com, une chaussure de running hivernale con\u00e7ue pour l'entra\u00eenement quotidien pendant les mois d'hiver.\",\"breadcrumb\":{\"@id\":\"https:\/\/www.miomiorun.com\/fr\/produit\/la-sportiva-tempesta-gtx-femme\/#breadcrumb\"},\"inLanguage\":\"fr-FR\",\"potentialAction\":[{\"@type\":\"ReadAction\",\"target\":[\"https:\/\/www.miomiorun.com\/fr\/produit\/la-sportiva-tempesta-gtx-femme\/\"]}]},{\"@type\":\"ImageObject\",\"inLanguage\":\"fr-FR\",\"@id\":\"https:\/\/www.miomiorun.com\/fr\/produit\/la-sportiva-tempesta-gtx-femme\/#primaryimage\",\"url\":\"https:\/\/www.miomiorun.com\/app\/uploads\/2025\/10\/la-sportiva-Tempesta-W-GTX-carbon-savana-ZFRS119G00E32.webp\",\"contentUrl\":\"https:\/\/www.miomiorun.com\/app\/uploads\/2025\/10\/la-sportiva-Tempesta-W-GTX-carbon-savana-ZFRS119G00E32.webp\",\"width\":720,\"height\":720,\"caption\":\"la sportiva Tempesta W GTX carbon savana ZFRS119G00E32\"},{\"@type\":\"BreadcrumbList\",\"@id\":\"https:\/\/www.miomiorun.com\/fr\/produit\/la-sportiva-tempesta-gtx-femme\/#breadcrumb\",\"itemListElement\":[{\"@type\":\"ListItem\",\"position\":1,\"name\":\"Home\",\"item\":\"https:\/\/www.miomiorun.com\/fr\/home-page\/\"},{\"@type\":\"ListItem\",\"position\":2,\"name\":\"Shop\",\"item\":\"https:\/\/www.miomiorun.com\/shop\/\"},{\"@type\":\"ListItem\",\"position\":3,\"name\":\"Tempesta GTX femme\"}]},{\"@type\":\"WebSite\",\"@id\":\"https:\/\/www.miomiorun.com\/fr\/#website\",\"url\":\"https:\/\/www.miomiorun.com\/fr\/\",\"name\":\"MioMioRun\",\"description\":\"Boutique 100% running et trail\",\"publisher\":{\"@id\":\"https:\/\/www.miomiorun.com\/fr\/#organization\"},\"potentialAction\":[{\"@type\":\"SearchAction\",\"target\":{\"@type\":\"EntryPoint\",\"urlTemplate\":\"https:\/\/www.miomiorun.com\/fr\/?s={search_term_string}\"},\"query-input\":{\"@type\":\"PropertyValueSpecification\",\"valueRequired\":true,\"valueName\":\"search_term_string\"}}],\"inLanguage\":\"fr-FR\"},{\"@type\":\"Organization\",\"@id\":\"https:\/\/www.miomiorun.com\/fr\/#organization\",\"name\":\"MioMio Run\",\"url\":\"https:\/\/www.miomiorun.com\/fr\/\",\"logo\":{\"@type\":\"ImageObject\",\"inLanguage\":\"fr-FR\",\"@id\":\"https:\/\/www.miomiorun.com\/fr\/#\/schema\/logo\/image\/\",\"url\":\"https:\/\/www.miomiorun.com\/app\/uploads\/2019\/12\/logomio.png\",\"contentUrl\":\"https:\/\/www.miomiorun.com\/app\/uploads\/2019\/12\/logomio.png\",\"width\":115,\"height\":82,\"caption\":\"MioMio Run\"},\"image\":{\"@id\":\"https:\/\/www.miomiorun.com\/fr\/#\/schema\/logo\/image\/\"},\"sameAs\":[\"https:\/\/www.facebook.com\/miomiorun\/\",\"https:\/\/www.instagram.com\/miomiorun\/\"]}]}<\/script>\n<!-- \/ Yoast SEO plugin. -->","yoast_head_json":{"title":"La sportiva Tempesta GTX femme - Chaussures de trail- MioMioRun .com","description":"D\u00e9couvrez la Tempesta GTX de La Sportiva pour femme sur MioMioRun.com, une chaussure de running hivernale con\u00e7ue pour l'entra\u00eenement quotidien pendant les mois d'hiver.","robots":{"index":"index","follow":"follow","max-snippet":"max-snippet:-1","max-image-preview":"max-image-preview:large","max-video-preview":"max-video-preview:-1"},"canonical":"https:\/\/www.miomiorun.com\/fr\/produit\/la-sportiva-tempesta-gtx-femme\/","og_locale":"fr_FR","og_type":"article","og_title":"La sportiva Tempesta GTX femme - Chaussures de trail- MioMioRun .com","og_description":"D\u00e9couvrez la Tempesta GTX de La Sportiva pour femme sur MioMioRun.com, une chaussure de running hivernale con\u00e7ue pour l'entra\u00eenement quotidien pendant les mois d'hiver.","og_url":"https:\/\/www.miomiorun.com\/fr\/produit\/la-sportiva-tempesta-gtx-femme\/","og_site_name":"MioMioRun","article_publisher":"https:\/\/www.facebook.com\/miomiorun\/","article_modified_time":"2025-04-17T10:13:44+00:00","og_image":[{"width":600,"height":600,"url":"https:\/\/www.miomiorun.com\/app\/uploads\/2022\/09\/la-sportiva-tempesta-GTX-W-denim-taupe-36G628801.jpg","type":"image\/jpeg"}],"twitter_card":"summary_large_image","twitter_misc":{"Est. reading time":"2 minutes"},"schema":{"@context":"https:\/\/schema.org","@graph":[{"@type":"WebPage","@id":"https:\/\/www.miomiorun.com\/fr\/produit\/la-sportiva-tempesta-gtx-femme\/","url":"https:\/\/www.miomiorun.com\/fr\/produit\/la-sportiva-tempesta-gtx-femme\/","name":"La sportiva Tempesta GTX femme - Chaussures de trail- MioMioRun .com","isPartOf":{"@id":"https:\/\/www.miomiorun.com\/fr\/#website"},"primaryImageOfPage":{"@id":"https:\/\/www.miomiorun.com\/fr\/produit\/la-sportiva-tempesta-gtx-femme\/#primaryimage"},"image":{"@id":"https:\/\/www.miomiorun.com\/fr\/produit\/la-sportiva-tempesta-gtx-femme\/#primaryimage"},"thumbnailUrl":"https:\/\/www.miomiorun.com\/app\/uploads\/2025\/10\/la-sportiva-Tempesta-W-GTX-carbon-savana-ZFRS119G00E32.webp","datePublished":"2020-02-24T18:43:30+00:00","dateModified":"2025-04-17T10:13:44+00:00","description":"D\u00e9couvrez la Tempesta GTX de La Sportiva pour femme sur MioMioRun.com, une chaussure de running hivernale con\u00e7ue pour l'entra\u00eenement quotidien pendant les mois d'hiver.","breadcrumb":{"@id":"https:\/\/www.miomiorun.com\/fr\/produit\/la-sportiva-tempesta-gtx-femme\/#breadcrumb"},"inLanguage":"fr-FR","potentialAction":[{"@type":"ReadAction","target":["https:\/\/www.miomiorun.com\/fr\/produit\/la-sportiva-tempesta-gtx-femme\/"]}]},{"@type":"ImageObject","inLanguage":"fr-FR","@id":"https:\/\/www.miomiorun.com\/fr\/produit\/la-sportiva-tempesta-gtx-femme\/#primaryimage","url":"https:\/\/www.miomiorun.com\/app\/uploads\/2025\/10\/la-sportiva-Tempesta-W-GTX-carbon-savana-ZFRS119G00E32.webp","contentUrl":"https:\/\/www.miomiorun.com\/app\/uploads\/2025\/10\/la-sportiva-Tempesta-W-GTX-carbon-savana-ZFRS119G00E32.webp","width":720,"height":720,"caption":"la sportiva Tempesta W GTX carbon savana ZFRS119G00E32"},{"@type":"BreadcrumbList","@id":"https:\/\/www.miomiorun.com\/fr\/produit\/la-sportiva-tempesta-gtx-femme\/#breadcrumb","itemListElement":[{"@type":"ListItem","position":1,"name":"Home","item":"https:\/\/www.miomiorun.com\/fr\/home-page\/"},{"@type":"ListItem","position":2,"name":"Shop","item":"https:\/\/www.miomiorun.com\/shop\/"},{"@type":"ListItem","position":3,"name":"Tempesta GTX femme"}]},{"@type":"WebSite","@id":"https:\/\/www.miomiorun.com\/fr\/#website","url":"https:\/\/www.miomiorun.com\/fr\/","name":"MioMioRun","description":"Boutique 100% running et trail","publisher":{"@id":"https:\/\/www.miomiorun.com\/fr\/#organization"},"potentialAction":[{"@type":"SearchAction","target":{"@type":"EntryPoint","urlTemplate":"https:\/\/www.miomiorun.com\/fr\/?s={search_term_string}"},"query-input":{"@type":"PropertyValueSpecification","valueRequired":true,"valueName":"search_term_string"}}],"inLanguage":"fr-FR"},{"@type":"Organization","@id":"https:\/\/www.miomiorun.com\/fr\/#organization","name":"MioMio Run","url":"https:\/\/www.miomiorun.com\/fr\/","logo":{"@type":"ImageObject","inLanguage":"fr-FR","@id":"https:\/\/www.miomiorun.com\/fr\/#\/schema\/logo\/image\/","url":"https:\/\/www.miomiorun.com\/app\/uploads\/2019\/12\/logomio.png","contentUrl":"https:\/\/www.miomiorun.com\/app\/uploads\/2019\/12\/logomio.png","width":115,"height":82,"caption":"MioMio Run"},"image":{"@id":"https:\/\/www.miomiorun.com\/fr\/#\/schema\/logo\/image\/"},"sameAs":["https:\/\/www.facebook.com\/miomiorun\/","https:\/\/www.instagram.com\/miomiorun\/"]}]}},"_links":{"self":[{"href":"https:\/\/www.miomiorun.com\/fr\/wp-json\/wp\/v2\/product\/274246","targetHints":{"allow":["GET"]}}],"collection":[{"href":"https:\/\/www.miomiorun.com\/fr\/wp-json\/wp\/v2\/product"}],"about":[{"href":"https:\/\/www.miomiorun.com\/fr\/wp-json\/wp\/v2\/types\/product"}],"wp:featuredmedia":[{"embeddable":true,"href":"https:\/\/www.miomiorun.com\/fr\/wp-json\/wp\/v2\/media\/355910"}],"wp:attachment":[{"href":"https:\/\/www.miomiorun.com\/fr\/wp-json\/wp\/v2\/media?parent=274246"}],"wp:term":[{"taxonomy":"product_brand","embeddable":true,"href":"https:\/\/www.miomiorun.com\/fr\/wp-json\/wp\/v2\/product_brand?post=274246"},{"taxonomy":"product_cat","embeddable":true,"href":"https:\/\/www.miomiorun.com\/fr\/wp-json\/wp\/v2\/product_cat?post=274246"},{"taxonomy":"product_tag","embeddable":true,"href":"https:\/\/www.miomiorun.com\/fr\/wp-json\/wp\/v2\/product_tag?post=274246"}],"curies":[{"name":"wp","href":"https:\/\/api.w.org\/{rel}","templated":true}]}}