{"id":274207,"date":"2020-02-27T19:16:13","date_gmt":"2020-02-27T18:16:13","guid":{"rendered":"https:\/\/miomiorun.com\/prodotto\/la-sportiva-lycan-gtx-uomo\/"},"modified":"2025-08-04T21:45:41","modified_gmt":"2025-08-04T19:45:41","slug":"la-sportiva-lycan-gtx-homme","status":"publish","type":"product","link":"https:\/\/www.miomiorun.com\/fr\/produit\/la-sportiva-lycan-gtx-homme\/","title":{"rendered":"Lycan GTX homme"},"content":{"rendered":"<div class=\"vc-row container\"><div class=\"vc-column\"><div class=\"vc-column-text\"><\/p>\n<p><strong>Caract\u00e9ristiques techniques<\/strong><\/p>\n<p>Cat\u00e9gorie : amorti sup\u00e9rieur<br \/>\nD\u00e9calage : 6 mm<br \/>\nPoids : 365 g<br \/>\nId\u00e9al pour : coureurs et marcheurs recherchant un mod\u00e8le avec une bonne adh\u00e9rence pour les activit\u00e9s tout-terrain m\u00eame en montagne, avec une imperm\u00e9abilit\u00e9 pour les terrains humides, apportant stabilit\u00e9 et protection.<br \/>\nPoids du sportif : 50-70 kg<br \/>\nAllure de course : moyennement lente (&gt;5.00 min\/km)<br \/>\n<a href=\"https:\/\/miomiorun.com\/fr\/guide-des-specificites\/\">Guide de sp\u00e9cification<\/a><\/p>\n<p><\/div><\/div><div class=\"vc-column\"><div class=\"vc-column-text\">Chaussure de trail running parfaite pour courir en toute s\u00e9curit\u00e9 pendant les mois d&#8217;hiver, m\u00eame sur des terrains glac\u00e9s ou enneig\u00e9s gr\u00e2ce \u00e0 la semelle \u00e0 crampons. Confortable, elle convient \u00e0 tous les adeptes de la course tout terrain.<br \/>\nChaussure de trail running parfaite pour courir en hiver sur des distances moyennes \u00e0 l&#8217;entra\u00eenement.<br \/>\nConfortable et ajust\u00e9e gr\u00e2ce \u00e0 ses grands volumes et \u00e0 son chaussant rapide, Lycan convient \u00e0 tous les adeptes de la course tout terrain, quelles que soient les conditions, notamment sur les terrains humides, enneig\u00e9s et verglac\u00e9s, gr\u00e2ce \u00e0 sa semelle Mud-Ground \u00e0 crampons Frixion Blue tr\u00e8s r\u00e9sistante. La cale inject\u00e9e absorbe les chocs gr\u00e2ce \u00e0 la structure ext\u00e9rieure particuli\u00e8rement amortissante. La tige en mesh hydrofuge avec renforts anti-abrasion prot\u00e8ge contre les chocs accidentels avec les racines ou les pierres. Lycan est id\u00e9al pour une conduite s\u00fbre et confortable.<\/p>\n<p><b>Tige:<\/b><br \/>\nMesh d\u00e9perlant avec renforts anti-abrasion, embout de protection TPU<br \/>\nDoublure<b>:<\/b><br \/>\nGore-Tex Extended Comfort<br \/>\n<b>Semelle interm\u00e9diaire :<\/b><br \/>\nEVA \u00e0 injection<br \/>\n<b>Semelle :<\/b><br \/>\nOrtholite Mountain Ergonomic 4mm<br \/>\n<b>Semelle ext\u00e9rieure :<\/b><br \/>\nFrixion Blue<\/div><\/div><\/div>\n","protected":false},"excerpt":{"rendered":"","protected":false},"featured_media":232971,"template":"","meta":{"_acf_changed":false,"inline_featured_image":false},"product_brand":[],"product_cat":[24448,24445],"product_tag":[23597,23599],"class_list":{"0":"post-274207","1":"product","2":"type-product","3":"status-publish","4":"has-post-thumbnail","6":"product_cat-chaussures-pour-hommes-fr","7":"product_cat-trail-fr-3","8":"product_tag-la-sportiva-fr","9":"product_tag-la-sportiva-homme","10":"pa_attivita-outdoor-fr","11":"pa_attivita-trail-fr","12":"pa_colore-lycan-gtx-black-fr","13":"pa_colore-lycan-gtx-black-lime-punch-fr","14":"pa_colore-lycan-gtx-carbon-night-sky","16":"pa_colore-lycan-gtx-night-blue-moss-fr","17":"pa_colore-lycan-gtx-opal-grass-green-fr","18":"pa_marca-la-sportiva-fr","19":"pa_sesso-homme","20":"pa_size-45-5-fr","21":"pa_size-46-fr","22":"pa_size-46-5-fr","24":"first","25":"instock","26":"sale","27":"taxable","28":"shipping-taxable","29":"purchasable","30":"product-type-variable","31":"wvs-archive-product-wrapper"},"acf":[],"yoast_head":"<!-- This site is optimized with the Yoast SEO plugin v26.8 - https:\/\/yoast.com\/product\/yoast-seo-wordpress\/ -->\n<title>La sportiva Lycan GTX homme -chaussures de trail - MioMioRun .com<\/title>\n<meta name=\"description\" content=\"D\u00e9couvrez la La Sportiva Lycan GTX pour homme, une chaussure pour courir en toute s\u00e9curit\u00e9 sur les terrains glac\u00e9s ou enneig\u00e9s gr\u00e2ce \u00e0 sa semelle clout\u00e9e.\" \/>\n<meta name=\"robots\" content=\"index, follow, max-snippet:-1, max-image-preview:large, max-video-preview:-1\" \/>\n<link rel=\"canonical\" href=\"https:\/\/www.miomiorun.com\/fr\/produit\/la-sportiva-lycan-gtx-homme\/\" \/>\n<meta property=\"og:locale\" content=\"fr_FR\" \/>\n<meta property=\"og:type\" content=\"article\" \/>\n<meta property=\"og:title\" content=\"La sportiva Lycan GTX homme -chaussures de trail - MioMioRun .com\" \/>\n<meta property=\"og:description\" content=\"D\u00e9couvrez la La Sportiva Lycan GTX pour homme, une chaussure pour courir en toute s\u00e9curit\u00e9 sur les terrains glac\u00e9s ou enneig\u00e9s gr\u00e2ce \u00e0 sa semelle clout\u00e9e.\" \/>\n<meta property=\"og:url\" content=\"https:\/\/www.miomiorun.com\/fr\/produit\/la-sportiva-lycan-gtx-homme\/\" \/>\n<meta property=\"og:site_name\" content=\"MioMioRun\" \/>\n<meta property=\"article:publisher\" content=\"https:\/\/www.facebook.com\/miomiorun\/\" \/>\n<meta property=\"article:modified_time\" content=\"2025-08-04T19:45:41+00:00\" \/>\n<meta property=\"og:image\" content=\"https:\/\/www.miomiorun.com\/app\/uploads\/2021\/09\/la-sportiva-lycan-GTX-36Q999999.jpg\" \/>\n\t<meta property=\"og:image:width\" content=\"600\" \/>\n\t<meta property=\"og:image:height\" content=\"600\" \/>\n\t<meta property=\"og:image:type\" content=\"image\/jpeg\" \/>\n<meta name=\"twitter:card\" content=\"summary_large_image\" \/>\n<meta name=\"twitter:label1\" content=\"Est. reading time\" \/>\n\t<meta name=\"twitter:data1\" content=\"1 minute\" \/>\n<script type=\"application\/ld+json\" class=\"yoast-schema-graph\">{\"@context\":\"https:\/\/schema.org\",\"@graph\":[{\"@type\":\"WebPage\",\"@id\":\"https:\/\/www.miomiorun.com\/fr\/produit\/la-sportiva-lycan-gtx-homme\/\",\"url\":\"https:\/\/www.miomiorun.com\/fr\/produit\/la-sportiva-lycan-gtx-homme\/\",\"name\":\"La sportiva Lycan GTX homme -chaussures de trail - MioMioRun .com\",\"isPartOf\":{\"@id\":\"https:\/\/www.miomiorun.com\/fr\/#website\"},\"primaryImageOfPage\":{\"@id\":\"https:\/\/www.miomiorun.com\/fr\/produit\/la-sportiva-lycan-gtx-homme\/#primaryimage\"},\"image\":{\"@id\":\"https:\/\/www.miomiorun.com\/fr\/produit\/la-sportiva-lycan-gtx-homme\/#primaryimage\"},\"thumbnailUrl\":\"https:\/\/www.miomiorun.com\/app\/uploads\/2021\/09\/la-sportiva-lycan-GTX-36Q999999.jpg\",\"datePublished\":\"2020-02-27T18:16:13+00:00\",\"dateModified\":\"2025-08-04T19:45:41+00:00\",\"description\":\"D\u00e9couvrez la La Sportiva Lycan GTX pour homme, une chaussure pour courir en toute s\u00e9curit\u00e9 sur les terrains glac\u00e9s ou enneig\u00e9s gr\u00e2ce \u00e0 sa semelle clout\u00e9e.\",\"breadcrumb\":{\"@id\":\"https:\/\/www.miomiorun.com\/fr\/produit\/la-sportiva-lycan-gtx-homme\/#breadcrumb\"},\"inLanguage\":\"fr-FR\",\"potentialAction\":[{\"@type\":\"ReadAction\",\"target\":[\"https:\/\/www.miomiorun.com\/fr\/produit\/la-sportiva-lycan-gtx-homme\/\"]}]},{\"@type\":\"ImageObject\",\"inLanguage\":\"fr-FR\",\"@id\":\"https:\/\/www.miomiorun.com\/fr\/produit\/la-sportiva-lycan-gtx-homme\/#primaryimage\",\"url\":\"https:\/\/www.miomiorun.com\/app\/uploads\/2021\/09\/la-sportiva-lycan-GTX-36Q999999.jpg\",\"contentUrl\":\"https:\/\/www.miomiorun.com\/app\/uploads\/2021\/09\/la-sportiva-lycan-GTX-36Q999999.jpg\",\"width\":600,\"height\":600,\"caption\":\"la-sportiva-lycan-GTX-36Q999999\"},{\"@type\":\"BreadcrumbList\",\"@id\":\"https:\/\/www.miomiorun.com\/fr\/produit\/la-sportiva-lycan-gtx-homme\/#breadcrumb\",\"itemListElement\":[{\"@type\":\"ListItem\",\"position\":1,\"name\":\"Home\",\"item\":\"https:\/\/www.miomiorun.com\/fr\/home-page\/\"},{\"@type\":\"ListItem\",\"position\":2,\"name\":\"Shop\",\"item\":\"https:\/\/www.miomiorun.com\/shop\/\"},{\"@type\":\"ListItem\",\"position\":3,\"name\":\"Lycan GTX homme\"}]},{\"@type\":\"WebSite\",\"@id\":\"https:\/\/www.miomiorun.com\/fr\/#website\",\"url\":\"https:\/\/www.miomiorun.com\/fr\/\",\"name\":\"MioMioRun\",\"description\":\"Boutique 100% running et trail\",\"publisher\":{\"@id\":\"https:\/\/www.miomiorun.com\/fr\/#organization\"},\"potentialAction\":[{\"@type\":\"SearchAction\",\"target\":{\"@type\":\"EntryPoint\",\"urlTemplate\":\"https:\/\/www.miomiorun.com\/fr\/?s={search_term_string}\"},\"query-input\":{\"@type\":\"PropertyValueSpecification\",\"valueRequired\":true,\"valueName\":\"search_term_string\"}}],\"inLanguage\":\"fr-FR\"},{\"@type\":\"Organization\",\"@id\":\"https:\/\/www.miomiorun.com\/fr\/#organization\",\"name\":\"MioMio Run\",\"url\":\"https:\/\/www.miomiorun.com\/fr\/\",\"logo\":{\"@type\":\"ImageObject\",\"inLanguage\":\"fr-FR\",\"@id\":\"https:\/\/www.miomiorun.com\/fr\/#\/schema\/logo\/image\/\",\"url\":\"https:\/\/www.miomiorun.com\/app\/uploads\/2019\/12\/logomio.png\",\"contentUrl\":\"https:\/\/www.miomiorun.com\/app\/uploads\/2019\/12\/logomio.png\",\"width\":115,\"height\":82,\"caption\":\"MioMio Run\"},\"image\":{\"@id\":\"https:\/\/www.miomiorun.com\/fr\/#\/schema\/logo\/image\/\"},\"sameAs\":[\"https:\/\/www.facebook.com\/miomiorun\/\",\"https:\/\/www.instagram.com\/miomiorun\/\"]}]}<\/script>\n<!-- \/ Yoast SEO plugin. -->","yoast_head_json":{"title":"La sportiva Lycan GTX homme -chaussures de trail - MioMioRun .com","description":"D\u00e9couvrez la La Sportiva Lycan GTX pour homme, une chaussure pour courir en toute s\u00e9curit\u00e9 sur les terrains glac\u00e9s ou enneig\u00e9s gr\u00e2ce \u00e0 sa semelle clout\u00e9e.","robots":{"index":"index","follow":"follow","max-snippet":"max-snippet:-1","max-image-preview":"max-image-preview:large","max-video-preview":"max-video-preview:-1"},"canonical":"https:\/\/www.miomiorun.com\/fr\/produit\/la-sportiva-lycan-gtx-homme\/","og_locale":"fr_FR","og_type":"article","og_title":"La sportiva Lycan GTX homme -chaussures de trail - MioMioRun .com","og_description":"D\u00e9couvrez la La Sportiva Lycan GTX pour homme, une chaussure pour courir en toute s\u00e9curit\u00e9 sur les terrains glac\u00e9s ou enneig\u00e9s gr\u00e2ce \u00e0 sa semelle clout\u00e9e.","og_url":"https:\/\/www.miomiorun.com\/fr\/produit\/la-sportiva-lycan-gtx-homme\/","og_site_name":"MioMioRun","article_publisher":"https:\/\/www.facebook.com\/miomiorun\/","article_modified_time":"2025-08-04T19:45:41+00:00","og_image":[{"width":600,"height":600,"url":"https:\/\/www.miomiorun.com\/app\/uploads\/2021\/09\/la-sportiva-lycan-GTX-36Q999999.jpg","type":"image\/jpeg"}],"twitter_card":"summary_large_image","twitter_misc":{"Est. reading time":"1 minute"},"schema":{"@context":"https:\/\/schema.org","@graph":[{"@type":"WebPage","@id":"https:\/\/www.miomiorun.com\/fr\/produit\/la-sportiva-lycan-gtx-homme\/","url":"https:\/\/www.miomiorun.com\/fr\/produit\/la-sportiva-lycan-gtx-homme\/","name":"La sportiva Lycan GTX homme -chaussures de trail - MioMioRun .com","isPartOf":{"@id":"https:\/\/www.miomiorun.com\/fr\/#website"},"primaryImageOfPage":{"@id":"https:\/\/www.miomiorun.com\/fr\/produit\/la-sportiva-lycan-gtx-homme\/#primaryimage"},"image":{"@id":"https:\/\/www.miomiorun.com\/fr\/produit\/la-sportiva-lycan-gtx-homme\/#primaryimage"},"thumbnailUrl":"https:\/\/www.miomiorun.com\/app\/uploads\/2021\/09\/la-sportiva-lycan-GTX-36Q999999.jpg","datePublished":"2020-02-27T18:16:13+00:00","dateModified":"2025-08-04T19:45:41+00:00","description":"D\u00e9couvrez la La Sportiva Lycan GTX pour homme, une chaussure pour courir en toute s\u00e9curit\u00e9 sur les terrains glac\u00e9s ou enneig\u00e9s gr\u00e2ce \u00e0 sa semelle clout\u00e9e.","breadcrumb":{"@id":"https:\/\/www.miomiorun.com\/fr\/produit\/la-sportiva-lycan-gtx-homme\/#breadcrumb"},"inLanguage":"fr-FR","potentialAction":[{"@type":"ReadAction","target":["https:\/\/www.miomiorun.com\/fr\/produit\/la-sportiva-lycan-gtx-homme\/"]}]},{"@type":"ImageObject","inLanguage":"fr-FR","@id":"https:\/\/www.miomiorun.com\/fr\/produit\/la-sportiva-lycan-gtx-homme\/#primaryimage","url":"https:\/\/www.miomiorun.com\/app\/uploads\/2021\/09\/la-sportiva-lycan-GTX-36Q999999.jpg","contentUrl":"https:\/\/www.miomiorun.com\/app\/uploads\/2021\/09\/la-sportiva-lycan-GTX-36Q999999.jpg","width":600,"height":600,"caption":"la-sportiva-lycan-GTX-36Q999999"},{"@type":"BreadcrumbList","@id":"https:\/\/www.miomiorun.com\/fr\/produit\/la-sportiva-lycan-gtx-homme\/#breadcrumb","itemListElement":[{"@type":"ListItem","position":1,"name":"Home","item":"https:\/\/www.miomiorun.com\/fr\/home-page\/"},{"@type":"ListItem","position":2,"name":"Shop","item":"https:\/\/www.miomiorun.com\/shop\/"},{"@type":"ListItem","position":3,"name":"Lycan GTX homme"}]},{"@type":"WebSite","@id":"https:\/\/www.miomiorun.com\/fr\/#website","url":"https:\/\/www.miomiorun.com\/fr\/","name":"MioMioRun","description":"Boutique 100% running et trail","publisher":{"@id":"https:\/\/www.miomiorun.com\/fr\/#organization"},"potentialAction":[{"@type":"SearchAction","target":{"@type":"EntryPoint","urlTemplate":"https:\/\/www.miomiorun.com\/fr\/?s={search_term_string}"},"query-input":{"@type":"PropertyValueSpecification","valueRequired":true,"valueName":"search_term_string"}}],"inLanguage":"fr-FR"},{"@type":"Organization","@id":"https:\/\/www.miomiorun.com\/fr\/#organization","name":"MioMio Run","url":"https:\/\/www.miomiorun.com\/fr\/","logo":{"@type":"ImageObject","inLanguage":"fr-FR","@id":"https:\/\/www.miomiorun.com\/fr\/#\/schema\/logo\/image\/","url":"https:\/\/www.miomiorun.com\/app\/uploads\/2019\/12\/logomio.png","contentUrl":"https:\/\/www.miomiorun.com\/app\/uploads\/2019\/12\/logomio.png","width":115,"height":82,"caption":"MioMio Run"},"image":{"@id":"https:\/\/www.miomiorun.com\/fr\/#\/schema\/logo\/image\/"},"sameAs":["https:\/\/www.facebook.com\/miomiorun\/","https:\/\/www.instagram.com\/miomiorun\/"]}]}},"_links":{"self":[{"href":"https:\/\/www.miomiorun.com\/fr\/wp-json\/wp\/v2\/product\/274207","targetHints":{"allow":["GET"]}}],"collection":[{"href":"https:\/\/www.miomiorun.com\/fr\/wp-json\/wp\/v2\/product"}],"about":[{"href":"https:\/\/www.miomiorun.com\/fr\/wp-json\/wp\/v2\/types\/product"}],"wp:featuredmedia":[{"embeddable":true,"href":"https:\/\/www.miomiorun.com\/fr\/wp-json\/wp\/v2\/media\/232971"}],"wp:attachment":[{"href":"https:\/\/www.miomiorun.com\/fr\/wp-json\/wp\/v2\/media?parent=274207"}],"wp:term":[{"taxonomy":"product_brand","embeddable":true,"href":"https:\/\/www.miomiorun.com\/fr\/wp-json\/wp\/v2\/product_brand?post=274207"},{"taxonomy":"product_cat","embeddable":true,"href":"https:\/\/www.miomiorun.com\/fr\/wp-json\/wp\/v2\/product_cat?post=274207"},{"taxonomy":"product_tag","embeddable":true,"href":"https:\/\/www.miomiorun.com\/fr\/wp-json\/wp\/v2\/product_tag?post=274207"}],"curies":[{"name":"wp","href":"https:\/\/api.w.org\/{rel}","templated":true}]}}