{"id":274165,"date":"2020-03-13T09:49:26","date_gmt":"2020-03-13T08:49:26","guid":{"rendered":"https:\/\/miomiorun.com\/prodotto\/crazy-idea-band-sharp-cut\/"},"modified":"2025-04-17T16:37:43","modified_gmt":"2025-04-17T14:37:43","slug":"crazy-idea-band-sharp-cut","status":"publish","type":"product","link":"https:\/\/www.miomiorun.com\/fr\/produit\/crazy-idea-band-sharp-cut\/","title":{"rendered":"Band Sharp Cut"},"content":{"rendered":"<div class=\"single-product-description\">\n<p>Bandeau de transpiration ultra-l\u00e9ger en microfibre \u00e0 s\u00e9chage rapide avec une coupe brute.<\/p>\n<p>Caract\u00e9ristiques :<\/p>\n<p>Microfibre \u00e0 s\u00e9chage rapide<br \/>\nCoupe brute<\/p>\n<\/div>\n","protected":false},"excerpt":{"rendered":"<p>Bandeau de transpiration ultra-l\u00e9ger en microfibre \u00e0 s\u00e9chage rapide.<\/p>\n","protected":false},"featured_media":430473,"template":"","meta":{"_acf_changed":false,"inline_featured_image":false},"product_brand":[],"product_cat":[22580,22579,22538],"product_tag":[23489],"class_list":{"0":"post-274165","1":"product","2":"type-product","3":"status-publish","4":"has-post-thumbnail","6":"product_cat-chapeaux-casquettes","7":"product_cat-chauffage","8":"product_cat-accessoires","9":"product_tag-crazy-idea-fr","10":"pa_attivita-marcher","11":"pa_attivita-outdoor-fr","12":"pa_attivita-running-fr","13":"pa_attivita-trail-fr","14":"pa_colore-band-sharp-cut-doodles-fr","15":"pa_colore-crazy-band-sharp-cut-aster","16":"pa_colore-crazy-band-sharp-cut-bandana-fr","17":"pa_colore-crazy-band-sharp-cut-camouflage","18":"pa_colore-crazy-band-sharp-cut-flames","19":"pa_colore-crazy-band-sharp-cut-flower","20":"pa_colore-crazy-band-sharp-cut-i-love-mountain-2-fr","21":"pa_colore-crazy-band-sharp-cut-i-love-running","22":"pa_colore-crazy-band-sharp-cut-lake","23":"pa_colore-crazy-band-sharp-cut-lost-in-paradise","24":"pa_colore-crazy-band-sharp-cut-mandala","25":"pa_colore-crazy-band-sharp-cut-modica-fr","26":"pa_colore-crazy-band-sharp-cut-mountain","27":"pa_colore-crazy-band-sharp-cut-pine-tree","28":"pa_colore-crazy-band-sharp-cut-pop-fr-2","29":"pa_colore-crazy-band-sharp-cut-pop-black","30":"pa_colore-crazy-band-sharp-cut-pop2","31":"pa_colore-crazy-band-sharp-cut-print-alpin-flower","32":"pa_colore-crazy-band-sharp-cut-print-bluette-scott-fr","33":"pa_colore-crazy-band-sharp-cut-print-mandala","34":"pa_colore-crazy-band-sharp-cut-print-patagonia","35":"pa_colore-crazy-band-sharp-cut-rainbow","36":"pa_colore-crazy-band-sharp-cut-slate","37":"pa_colore-crazy-band-sharp-cut-tempest-fr","38":"pa_colore-crazy-band-sharp-cut-tie-dye","39":"pa_colore-crazy-band-sharp-cut-wild-garden","40":"pa_marca-crazy-idea-fr","41":"pa_sesso-femme","42":"pa_sesso-homme","44":"first","45":"instock","46":"sale","47":"taxable","48":"shipping-taxable","49":"purchasable","50":"product-type-variable","51":"wvs-archive-product-wrapper"},"acf":[],"yoast_head":"<!-- This site is optimized with the Yoast SEO plugin v26.8 - https:\/\/yoast.com\/product\/yoast-seo-wordpress\/ -->\n<title>Crazy Idea Band Sharp Cut - Bandeau - MioMioRun.com<\/title>\n<meta name=\"description\" content=\"Le Crazy Idea Band Sharp Cut est un bandeau de sudation ultra-l\u00e9ger en microfibre \u00e0 s\u00e9chage rapide.\" \/>\n<meta name=\"robots\" content=\"index, follow, max-snippet:-1, max-image-preview:large, max-video-preview:-1\" \/>\n<link rel=\"canonical\" href=\"https:\/\/www.miomiorun.com\/fr\/produit\/crazy-idea-band-sharp-cut\/\" \/>\n<meta property=\"og:locale\" content=\"fr_FR\" \/>\n<meta property=\"og:type\" content=\"article\" \/>\n<meta property=\"og:title\" content=\"Crazy Idea Band Sharp Cut - Bandeau - MioMioRun.com\" \/>\n<meta property=\"og:description\" content=\"Le Crazy Idea Band Sharp Cut est un bandeau de sudation ultra-l\u00e9ger en microfibre \u00e0 s\u00e9chage rapide.\" \/>\n<meta property=\"og:url\" content=\"https:\/\/www.miomiorun.com\/fr\/produit\/crazy-idea-band-sharp-cut\/\" \/>\n<meta property=\"og:site_name\" content=\"MioMioRun\" \/>\n<meta property=\"article:publisher\" content=\"https:\/\/www.facebook.com\/miomiorun\/\" \/>\n<meta property=\"article:modified_time\" content=\"2025-04-17T14:37:43+00:00\" \/>\n<meta property=\"og:image\" content=\"https:\/\/www.miomiorun.com\/app\/uploads\/2022\/04\/crazy-idea-band-sharp-cut-energy-S22126031X-0062.jpg\" \/>\n\t<meta property=\"og:image:width\" content=\"600\" \/>\n\t<meta property=\"og:image:height\" content=\"600\" \/>\n\t<meta property=\"og:image:type\" content=\"image\/jpeg\" \/>\n<meta name=\"twitter:card\" content=\"summary_large_image\" \/>\n<script type=\"application\/ld+json\" class=\"yoast-schema-graph\">{\"@context\":\"https:\/\/schema.org\",\"@graph\":[{\"@type\":\"WebPage\",\"@id\":\"https:\/\/www.miomiorun.com\/fr\/produit\/crazy-idea-band-sharp-cut\/\",\"url\":\"https:\/\/www.miomiorun.com\/fr\/produit\/crazy-idea-band-sharp-cut\/\",\"name\":\"Crazy Idea Band Sharp Cut - Bandeau - MioMioRun.com\",\"isPartOf\":{\"@id\":\"https:\/\/www.miomiorun.com\/fr\/#website\"},\"primaryImageOfPage\":{\"@id\":\"https:\/\/www.miomiorun.com\/fr\/produit\/crazy-idea-band-sharp-cut\/#primaryimage\"},\"image\":{\"@id\":\"https:\/\/www.miomiorun.com\/fr\/produit\/crazy-idea-band-sharp-cut\/#primaryimage\"},\"thumbnailUrl\":\"https:\/\/www.miomiorun.com\/app\/uploads\/2026\/04\/Crazy-band-sharp-cut-rainbow-S26126031X-00X078.webp\",\"datePublished\":\"2020-03-13T08:49:26+00:00\",\"dateModified\":\"2025-04-17T14:37:43+00:00\",\"description\":\"Le Crazy Idea Band Sharp Cut est un bandeau de sudation ultra-l\u00e9ger en microfibre \u00e0 s\u00e9chage rapide.\",\"breadcrumb\":{\"@id\":\"https:\/\/www.miomiorun.com\/fr\/produit\/crazy-idea-band-sharp-cut\/#breadcrumb\"},\"inLanguage\":\"fr-FR\",\"potentialAction\":[{\"@type\":\"ReadAction\",\"target\":[\"https:\/\/www.miomiorun.com\/fr\/produit\/crazy-idea-band-sharp-cut\/\"]}]},{\"@type\":\"ImageObject\",\"inLanguage\":\"fr-FR\",\"@id\":\"https:\/\/www.miomiorun.com\/fr\/produit\/crazy-idea-band-sharp-cut\/#primaryimage\",\"url\":\"https:\/\/www.miomiorun.com\/app\/uploads\/2026\/04\/Crazy-band-sharp-cut-rainbow-S26126031X-00X078.webp\",\"contentUrl\":\"https:\/\/www.miomiorun.com\/app\/uploads\/2026\/04\/Crazy-band-sharp-cut-rainbow-S26126031X-00X078.webp\",\"width\":720,\"height\":720,\"caption\":\"Crazy band sharp cut rainbow S26126031X-00X078\"},{\"@type\":\"BreadcrumbList\",\"@id\":\"https:\/\/www.miomiorun.com\/fr\/produit\/crazy-idea-band-sharp-cut\/#breadcrumb\",\"itemListElement\":[{\"@type\":\"ListItem\",\"position\":1,\"name\":\"Home\",\"item\":\"https:\/\/www.miomiorun.com\/fr\/home-page\/\"},{\"@type\":\"ListItem\",\"position\":2,\"name\":\"Shop\",\"item\":\"https:\/\/www.miomiorun.com\/shop\/\"},{\"@type\":\"ListItem\",\"position\":3,\"name\":\"Band Sharp Cut\"}]},{\"@type\":\"WebSite\",\"@id\":\"https:\/\/www.miomiorun.com\/fr\/#website\",\"url\":\"https:\/\/www.miomiorun.com\/fr\/\",\"name\":\"MioMioRun\",\"description\":\"Boutique 100% running et trail\",\"publisher\":{\"@id\":\"https:\/\/www.miomiorun.com\/fr\/#organization\"},\"potentialAction\":[{\"@type\":\"SearchAction\",\"target\":{\"@type\":\"EntryPoint\",\"urlTemplate\":\"https:\/\/www.miomiorun.com\/fr\/?s={search_term_string}\"},\"query-input\":{\"@type\":\"PropertyValueSpecification\",\"valueRequired\":true,\"valueName\":\"search_term_string\"}}],\"inLanguage\":\"fr-FR\"},{\"@type\":\"Organization\",\"@id\":\"https:\/\/www.miomiorun.com\/fr\/#organization\",\"name\":\"MioMio Run\",\"url\":\"https:\/\/www.miomiorun.com\/fr\/\",\"logo\":{\"@type\":\"ImageObject\",\"inLanguage\":\"fr-FR\",\"@id\":\"https:\/\/www.miomiorun.com\/fr\/#\/schema\/logo\/image\/\",\"url\":\"https:\/\/www.miomiorun.com\/app\/uploads\/2019\/12\/logomio.png\",\"contentUrl\":\"https:\/\/www.miomiorun.com\/app\/uploads\/2019\/12\/logomio.png\",\"width\":115,\"height\":82,\"caption\":\"MioMio Run\"},\"image\":{\"@id\":\"https:\/\/www.miomiorun.com\/fr\/#\/schema\/logo\/image\/\"},\"sameAs\":[\"https:\/\/www.facebook.com\/miomiorun\/\",\"https:\/\/www.instagram.com\/miomiorun\/\"]}]}<\/script>\n<!-- \/ Yoast SEO plugin. -->","yoast_head_json":{"title":"Crazy Idea Band Sharp Cut - Bandeau - MioMioRun.com","description":"Le Crazy Idea Band Sharp Cut est un bandeau de sudation ultra-l\u00e9ger en microfibre \u00e0 s\u00e9chage rapide.","robots":{"index":"index","follow":"follow","max-snippet":"max-snippet:-1","max-image-preview":"max-image-preview:large","max-video-preview":"max-video-preview:-1"},"canonical":"https:\/\/www.miomiorun.com\/fr\/produit\/crazy-idea-band-sharp-cut\/","og_locale":"fr_FR","og_type":"article","og_title":"Crazy Idea Band Sharp Cut - Bandeau - MioMioRun.com","og_description":"Le Crazy Idea Band Sharp Cut est un bandeau de sudation ultra-l\u00e9ger en microfibre \u00e0 s\u00e9chage rapide.","og_url":"https:\/\/www.miomiorun.com\/fr\/produit\/crazy-idea-band-sharp-cut\/","og_site_name":"MioMioRun","article_publisher":"https:\/\/www.facebook.com\/miomiorun\/","article_modified_time":"2025-04-17T14:37:43+00:00","og_image":[{"width":600,"height":600,"url":"https:\/\/www.miomiorun.com\/app\/uploads\/2022\/04\/crazy-idea-band-sharp-cut-energy-S22126031X-0062.jpg","type":"image\/jpeg"}],"twitter_card":"summary_large_image","schema":{"@context":"https:\/\/schema.org","@graph":[{"@type":"WebPage","@id":"https:\/\/www.miomiorun.com\/fr\/produit\/crazy-idea-band-sharp-cut\/","url":"https:\/\/www.miomiorun.com\/fr\/produit\/crazy-idea-band-sharp-cut\/","name":"Crazy Idea Band Sharp Cut - Bandeau - MioMioRun.com","isPartOf":{"@id":"https:\/\/www.miomiorun.com\/fr\/#website"},"primaryImageOfPage":{"@id":"https:\/\/www.miomiorun.com\/fr\/produit\/crazy-idea-band-sharp-cut\/#primaryimage"},"image":{"@id":"https:\/\/www.miomiorun.com\/fr\/produit\/crazy-idea-band-sharp-cut\/#primaryimage"},"thumbnailUrl":"https:\/\/www.miomiorun.com\/app\/uploads\/2026\/04\/Crazy-band-sharp-cut-rainbow-S26126031X-00X078.webp","datePublished":"2020-03-13T08:49:26+00:00","dateModified":"2025-04-17T14:37:43+00:00","description":"Le Crazy Idea Band Sharp Cut est un bandeau de sudation ultra-l\u00e9ger en microfibre \u00e0 s\u00e9chage rapide.","breadcrumb":{"@id":"https:\/\/www.miomiorun.com\/fr\/produit\/crazy-idea-band-sharp-cut\/#breadcrumb"},"inLanguage":"fr-FR","potentialAction":[{"@type":"ReadAction","target":["https:\/\/www.miomiorun.com\/fr\/produit\/crazy-idea-band-sharp-cut\/"]}]},{"@type":"ImageObject","inLanguage":"fr-FR","@id":"https:\/\/www.miomiorun.com\/fr\/produit\/crazy-idea-band-sharp-cut\/#primaryimage","url":"https:\/\/www.miomiorun.com\/app\/uploads\/2026\/04\/Crazy-band-sharp-cut-rainbow-S26126031X-00X078.webp","contentUrl":"https:\/\/www.miomiorun.com\/app\/uploads\/2026\/04\/Crazy-band-sharp-cut-rainbow-S26126031X-00X078.webp","width":720,"height":720,"caption":"Crazy band sharp cut rainbow S26126031X-00X078"},{"@type":"BreadcrumbList","@id":"https:\/\/www.miomiorun.com\/fr\/produit\/crazy-idea-band-sharp-cut\/#breadcrumb","itemListElement":[{"@type":"ListItem","position":1,"name":"Home","item":"https:\/\/www.miomiorun.com\/fr\/home-page\/"},{"@type":"ListItem","position":2,"name":"Shop","item":"https:\/\/www.miomiorun.com\/shop\/"},{"@type":"ListItem","position":3,"name":"Band Sharp Cut"}]},{"@type":"WebSite","@id":"https:\/\/www.miomiorun.com\/fr\/#website","url":"https:\/\/www.miomiorun.com\/fr\/","name":"MioMioRun","description":"Boutique 100% running et trail","publisher":{"@id":"https:\/\/www.miomiorun.com\/fr\/#organization"},"potentialAction":[{"@type":"SearchAction","target":{"@type":"EntryPoint","urlTemplate":"https:\/\/www.miomiorun.com\/fr\/?s={search_term_string}"},"query-input":{"@type":"PropertyValueSpecification","valueRequired":true,"valueName":"search_term_string"}}],"inLanguage":"fr-FR"},{"@type":"Organization","@id":"https:\/\/www.miomiorun.com\/fr\/#organization","name":"MioMio Run","url":"https:\/\/www.miomiorun.com\/fr\/","logo":{"@type":"ImageObject","inLanguage":"fr-FR","@id":"https:\/\/www.miomiorun.com\/fr\/#\/schema\/logo\/image\/","url":"https:\/\/www.miomiorun.com\/app\/uploads\/2019\/12\/logomio.png","contentUrl":"https:\/\/www.miomiorun.com\/app\/uploads\/2019\/12\/logomio.png","width":115,"height":82,"caption":"MioMio Run"},"image":{"@id":"https:\/\/www.miomiorun.com\/fr\/#\/schema\/logo\/image\/"},"sameAs":["https:\/\/www.facebook.com\/miomiorun\/","https:\/\/www.instagram.com\/miomiorun\/"]}]}},"_links":{"self":[{"href":"https:\/\/www.miomiorun.com\/fr\/wp-json\/wp\/v2\/product\/274165","targetHints":{"allow":["GET"]}}],"collection":[{"href":"https:\/\/www.miomiorun.com\/fr\/wp-json\/wp\/v2\/product"}],"about":[{"href":"https:\/\/www.miomiorun.com\/fr\/wp-json\/wp\/v2\/types\/product"}],"wp:featuredmedia":[{"embeddable":true,"href":"https:\/\/www.miomiorun.com\/fr\/wp-json\/wp\/v2\/media\/430473"}],"wp:attachment":[{"href":"https:\/\/www.miomiorun.com\/fr\/wp-json\/wp\/v2\/media?parent=274165"}],"wp:term":[{"taxonomy":"product_brand","embeddable":true,"href":"https:\/\/www.miomiorun.com\/fr\/wp-json\/wp\/v2\/product_brand?post=274165"},{"taxonomy":"product_cat","embeddable":true,"href":"https:\/\/www.miomiorun.com\/fr\/wp-json\/wp\/v2\/product_cat?post=274165"},{"taxonomy":"product_tag","embeddable":true,"href":"https:\/\/www.miomiorun.com\/fr\/wp-json\/wp\/v2\/product_tag?post=274165"}],"curies":[{"name":"wp","href":"https:\/\/api.w.org\/{rel}","templated":true}]}}