{"id":274092,"date":"2020-03-16T14:40:04","date_gmt":"2020-03-16T13:40:04","guid":{"rendered":"https:\/\/miomiorun.com\/prodotto\/cep-low-cut-socks-3-0-donna\/"},"modified":"2026-05-08T20:33:26","modified_gmt":"2026-05-08T18:33:26","slug":"cep-low-cut-socks-3-0-femme","status":"publish","type":"product","link":"https:\/\/www.miomiorun.com\/fr\/produit\/cep-low-cut-socks-3-0-femme\/","title":{"rendered":"Low cut socks 3.0 femme"},"content":{"rendered":"<p>Les chaussettes CEP Compression Low Cut 3.0 pour femmes offrent une compression au niveau du pied et de la cheville pour garder les pieds au frais et pleins d&#8217;\u00e9nergie. Notre m\u00e9lange \u00e9prouv\u00e9 de mat\u00e9riaux aide \u00e0 pr\u00e9venir les ampoules et offre une coupe ajust\u00e9e. Nos chaussettes de compression athl\u00e9tique pour la cheville offrent une coupe ajust\u00e9e et sans couture, rigoureusement con\u00e7ue pour un maximum de confort et de performance. Compl\u00e9t\u00e9es par des fibres sup\u00e9rieures d&#8217;\u00e9vacuation de l&#8217;humidit\u00e9, vous ne trouverez pas de chaussettes de compression athl\u00e9tique plus performantes.<\/p>\n<p>Compression cibl\u00e9e pour soulager les gonflements et les douleurs<br \/>\nLe rembourrage performant le long de la semelle emp\u00eache la formation d&#8217;ampoules<br \/>\nLa gestion climatique HEIQ rafra\u00eechit la peau pendant l&#8217;activit\u00e9<br \/>\nHauteur de la chaussette \u00e0 la cheville ; parfaite pour tous les sports et activit\u00e9s<br \/>\nLes fils respirants sont solides et durables<br \/>\nLa compression athl\u00e9tique soulage la douleur de la fasciite plantaire<\/p>\n<p>Mati\u00e8re : 80% polyamide, 20% spandex<\/p>\n","protected":false},"excerpt":{"rendered":"<p>Les chaussettes CEP Compression Low Cut 3.0 pour femmes offrent une compression au niveau du pied et de la cheville pour garder les pieds au frais et pleins d&#8217;\u00e9nergie. Notre m\u00e9lange \u00e9prouv\u00e9 de mat\u00e9riaux aide \u00e0 pr\u00e9venir les ampoules et offre un ajustement parfait.<\/p>\n","protected":false},"featured_media":229413,"template":"","meta":{"_acf_changed":false,"inline_featured_image":false},"product_brand":[],"product_cat":[22597,22596,22595],"product_tag":[23469,23651],"class_list":{"0":"post-274092","1":"product","2":"type-product","3":"status-publish","4":"has-post-thumbnail","6":"product_cat-chaussettes","7":"product_cat-vetements-pour-femmes","8":"product_cat-femme","9":"product_tag-cep-fr","10":"product_tag-cep-femme","11":"pa_attivita-fitness-fr","12":"pa_attivita-marcher","13":"pa_attivita-running-fr","14":"pa_colore-low-cut-socks-3-0-w-rose-light-fr","15":"pa_colore-low-cut-socks-w-mint-grey-fr","16":"pa_marca-cep-fr","17":"pa_sesso-femme","18":"pa_size-34-37-fr","19":"pa_size-37-40-fr","20":"pa_size-40-43-fr","22":"first","23":"instock","24":"sale","25":"taxable","26":"shipping-taxable","27":"purchasable","28":"product-type-variable","29":"wvs-archive-product-wrapper"},"acf":[],"yoast_head":"<!-- This site is optimized with the Yoast SEO plugin v26.8 - https:\/\/yoast.com\/product\/yoast-seo-wordpress\/ -->\n<title>Cep Low cut socks 3.0 femme - Chaussettes de course - MioMioRun.com<\/title>\n<meta name=\"description\" content=\"Les chaussettes CEP Compression Low Cut 3.0 pour femmes offrent une compression au niveau du pied et de la cheville pour garder les pieds au frais et pleins d&#039;\u00e9nergie.\" \/>\n<meta name=\"robots\" content=\"index, follow, max-snippet:-1, max-image-preview:large, max-video-preview:-1\" \/>\n<link rel=\"canonical\" href=\"https:\/\/www.miomiorun.com\/fr\/produit\/cep-low-cut-socks-3-0-femme\/\" \/>\n<meta property=\"og:locale\" content=\"fr_FR\" \/>\n<meta property=\"og:type\" content=\"article\" \/>\n<meta property=\"og:title\" content=\"Cep Low cut socks 3.0 femme - Chaussettes de course - MioMioRun.com\" \/>\n<meta property=\"og:description\" content=\"Les chaussettes CEP Compression Low Cut 3.0 pour femmes offrent une compression au niveau du pied et de la cheville pour garder les pieds au frais et pleins d&#039;\u00e9nergie.\" \/>\n<meta property=\"og:url\" content=\"https:\/\/www.miomiorun.com\/fr\/produit\/cep-low-cut-socks-3-0-femme\/\" \/>\n<meta property=\"og:site_name\" content=\"MioMioRun\" \/>\n<meta property=\"article:publisher\" content=\"https:\/\/www.facebook.com\/miomiorun\/\" \/>\n<meta property=\"article:modified_time\" content=\"2026-05-08T18:33:26+00:00\" \/>\n<meta property=\"og:image\" content=\"https:\/\/www.miomiorun.com\/app\/uploads\/2020\/03\/Low-cut-socks-3.0-M-ice-grey.jpg\" \/>\n\t<meta property=\"og:image:width\" content=\"600\" \/>\n\t<meta property=\"og:image:height\" content=\"600\" \/>\n\t<meta property=\"og:image:type\" content=\"image\/jpeg\" \/>\n<meta name=\"twitter:card\" content=\"summary_large_image\" \/>\n<meta name=\"twitter:label1\" content=\"Est. reading time\" \/>\n\t<meta name=\"twitter:data1\" content=\"1 minute\" \/>\n<script type=\"application\/ld+json\" class=\"yoast-schema-graph\">{\"@context\":\"https:\/\/schema.org\",\"@graph\":[{\"@type\":\"WebPage\",\"@id\":\"https:\/\/www.miomiorun.com\/fr\/produit\/cep-low-cut-socks-3-0-femme\/\",\"url\":\"https:\/\/www.miomiorun.com\/fr\/produit\/cep-low-cut-socks-3-0-femme\/\",\"name\":\"Cep Low cut socks 3.0 femme - Chaussettes de course - MioMioRun.com\",\"isPartOf\":{\"@id\":\"https:\/\/www.miomiorun.com\/fr\/#website\"},\"primaryImageOfPage\":{\"@id\":\"https:\/\/www.miomiorun.com\/fr\/produit\/cep-low-cut-socks-3-0-femme\/#primaryimage\"},\"image\":{\"@id\":\"https:\/\/www.miomiorun.com\/fr\/produit\/cep-low-cut-socks-3-0-femme\/#primaryimage\"},\"thumbnailUrl\":\"https:\/\/www.miomiorun.com\/app\/uploads\/2020\/03\/Low-cut-socks-3.0-M-ice-grey.jpg\",\"datePublished\":\"2020-03-16T13:40:04+00:00\",\"dateModified\":\"2026-05-08T18:33:26+00:00\",\"description\":\"Les chaussettes CEP Compression Low Cut 3.0 pour femmes offrent une compression au niveau du pied et de la cheville pour garder les pieds au frais et pleins d'\u00e9nergie.\",\"breadcrumb\":{\"@id\":\"https:\/\/www.miomiorun.com\/fr\/produit\/cep-low-cut-socks-3-0-femme\/#breadcrumb\"},\"inLanguage\":\"fr-FR\",\"potentialAction\":[{\"@type\":\"ReadAction\",\"target\":[\"https:\/\/www.miomiorun.com\/fr\/produit\/cep-low-cut-socks-3-0-femme\/\"]}]},{\"@type\":\"ImageObject\",\"inLanguage\":\"fr-FR\",\"@id\":\"https:\/\/www.miomiorun.com\/fr\/produit\/cep-low-cut-socks-3-0-femme\/#primaryimage\",\"url\":\"https:\/\/www.miomiorun.com\/app\/uploads\/2020\/03\/Low-cut-socks-3.0-M-ice-grey.jpg\",\"contentUrl\":\"https:\/\/www.miomiorun.com\/app\/uploads\/2020\/03\/Low-cut-socks-3.0-M-ice-grey.jpg\",\"width\":600,\"height\":600,\"caption\":\"Low-cut-socks-3.0-M-ice-grey\"},{\"@type\":\"BreadcrumbList\",\"@id\":\"https:\/\/www.miomiorun.com\/fr\/produit\/cep-low-cut-socks-3-0-femme\/#breadcrumb\",\"itemListElement\":[{\"@type\":\"ListItem\",\"position\":1,\"name\":\"Home\",\"item\":\"https:\/\/www.miomiorun.com\/fr\/home-page\/\"},{\"@type\":\"ListItem\",\"position\":2,\"name\":\"Shop\",\"item\":\"https:\/\/www.miomiorun.com\/shop\/\"},{\"@type\":\"ListItem\",\"position\":3,\"name\":\"Low cut socks 3.0 femme\"}]},{\"@type\":\"WebSite\",\"@id\":\"https:\/\/www.miomiorun.com\/fr\/#website\",\"url\":\"https:\/\/www.miomiorun.com\/fr\/\",\"name\":\"MioMioRun\",\"description\":\"Boutique 100% running et trail\",\"publisher\":{\"@id\":\"https:\/\/www.miomiorun.com\/fr\/#organization\"},\"potentialAction\":[{\"@type\":\"SearchAction\",\"target\":{\"@type\":\"EntryPoint\",\"urlTemplate\":\"https:\/\/www.miomiorun.com\/fr\/?s={search_term_string}\"},\"query-input\":{\"@type\":\"PropertyValueSpecification\",\"valueRequired\":true,\"valueName\":\"search_term_string\"}}],\"inLanguage\":\"fr-FR\"},{\"@type\":\"Organization\",\"@id\":\"https:\/\/www.miomiorun.com\/fr\/#organization\",\"name\":\"MioMio Run\",\"url\":\"https:\/\/www.miomiorun.com\/fr\/\",\"logo\":{\"@type\":\"ImageObject\",\"inLanguage\":\"fr-FR\",\"@id\":\"https:\/\/www.miomiorun.com\/fr\/#\/schema\/logo\/image\/\",\"url\":\"https:\/\/www.miomiorun.com\/app\/uploads\/2019\/12\/logomio.png\",\"contentUrl\":\"https:\/\/www.miomiorun.com\/app\/uploads\/2019\/12\/logomio.png\",\"width\":115,\"height\":82,\"caption\":\"MioMio Run\"},\"image\":{\"@id\":\"https:\/\/www.miomiorun.com\/fr\/#\/schema\/logo\/image\/\"},\"sameAs\":[\"https:\/\/www.facebook.com\/miomiorun\/\",\"https:\/\/www.instagram.com\/miomiorun\/\"]}]}<\/script>\n<!-- \/ Yoast SEO plugin. -->","yoast_head_json":{"title":"Cep Low cut socks 3.0 femme - Chaussettes de course - MioMioRun.com","description":"Les chaussettes CEP Compression Low Cut 3.0 pour femmes offrent une compression au niveau du pied et de la cheville pour garder les pieds au frais et pleins d'\u00e9nergie.","robots":{"index":"index","follow":"follow","max-snippet":"max-snippet:-1","max-image-preview":"max-image-preview:large","max-video-preview":"max-video-preview:-1"},"canonical":"https:\/\/www.miomiorun.com\/fr\/produit\/cep-low-cut-socks-3-0-femme\/","og_locale":"fr_FR","og_type":"article","og_title":"Cep Low cut socks 3.0 femme - Chaussettes de course - MioMioRun.com","og_description":"Les chaussettes CEP Compression Low Cut 3.0 pour femmes offrent une compression au niveau du pied et de la cheville pour garder les pieds au frais et pleins d'\u00e9nergie.","og_url":"https:\/\/www.miomiorun.com\/fr\/produit\/cep-low-cut-socks-3-0-femme\/","og_site_name":"MioMioRun","article_publisher":"https:\/\/www.facebook.com\/miomiorun\/","article_modified_time":"2026-05-08T18:33:26+00:00","og_image":[{"width":600,"height":600,"url":"https:\/\/www.miomiorun.com\/app\/uploads\/2020\/03\/Low-cut-socks-3.0-M-ice-grey.jpg","type":"image\/jpeg"}],"twitter_card":"summary_large_image","twitter_misc":{"Est. reading time":"1 minute"},"schema":{"@context":"https:\/\/schema.org","@graph":[{"@type":"WebPage","@id":"https:\/\/www.miomiorun.com\/fr\/produit\/cep-low-cut-socks-3-0-femme\/","url":"https:\/\/www.miomiorun.com\/fr\/produit\/cep-low-cut-socks-3-0-femme\/","name":"Cep Low cut socks 3.0 femme - Chaussettes de course - MioMioRun.com","isPartOf":{"@id":"https:\/\/www.miomiorun.com\/fr\/#website"},"primaryImageOfPage":{"@id":"https:\/\/www.miomiorun.com\/fr\/produit\/cep-low-cut-socks-3-0-femme\/#primaryimage"},"image":{"@id":"https:\/\/www.miomiorun.com\/fr\/produit\/cep-low-cut-socks-3-0-femme\/#primaryimage"},"thumbnailUrl":"https:\/\/www.miomiorun.com\/app\/uploads\/2020\/03\/Low-cut-socks-3.0-M-ice-grey.jpg","datePublished":"2020-03-16T13:40:04+00:00","dateModified":"2026-05-08T18:33:26+00:00","description":"Les chaussettes CEP Compression Low Cut 3.0 pour femmes offrent une compression au niveau du pied et de la cheville pour garder les pieds au frais et pleins d'\u00e9nergie.","breadcrumb":{"@id":"https:\/\/www.miomiorun.com\/fr\/produit\/cep-low-cut-socks-3-0-femme\/#breadcrumb"},"inLanguage":"fr-FR","potentialAction":[{"@type":"ReadAction","target":["https:\/\/www.miomiorun.com\/fr\/produit\/cep-low-cut-socks-3-0-femme\/"]}]},{"@type":"ImageObject","inLanguage":"fr-FR","@id":"https:\/\/www.miomiorun.com\/fr\/produit\/cep-low-cut-socks-3-0-femme\/#primaryimage","url":"https:\/\/www.miomiorun.com\/app\/uploads\/2020\/03\/Low-cut-socks-3.0-M-ice-grey.jpg","contentUrl":"https:\/\/www.miomiorun.com\/app\/uploads\/2020\/03\/Low-cut-socks-3.0-M-ice-grey.jpg","width":600,"height":600,"caption":"Low-cut-socks-3.0-M-ice-grey"},{"@type":"BreadcrumbList","@id":"https:\/\/www.miomiorun.com\/fr\/produit\/cep-low-cut-socks-3-0-femme\/#breadcrumb","itemListElement":[{"@type":"ListItem","position":1,"name":"Home","item":"https:\/\/www.miomiorun.com\/fr\/home-page\/"},{"@type":"ListItem","position":2,"name":"Shop","item":"https:\/\/www.miomiorun.com\/shop\/"},{"@type":"ListItem","position":3,"name":"Low cut socks 3.0 femme"}]},{"@type":"WebSite","@id":"https:\/\/www.miomiorun.com\/fr\/#website","url":"https:\/\/www.miomiorun.com\/fr\/","name":"MioMioRun","description":"Boutique 100% running et trail","publisher":{"@id":"https:\/\/www.miomiorun.com\/fr\/#organization"},"potentialAction":[{"@type":"SearchAction","target":{"@type":"EntryPoint","urlTemplate":"https:\/\/www.miomiorun.com\/fr\/?s={search_term_string}"},"query-input":{"@type":"PropertyValueSpecification","valueRequired":true,"valueName":"search_term_string"}}],"inLanguage":"fr-FR"},{"@type":"Organization","@id":"https:\/\/www.miomiorun.com\/fr\/#organization","name":"MioMio Run","url":"https:\/\/www.miomiorun.com\/fr\/","logo":{"@type":"ImageObject","inLanguage":"fr-FR","@id":"https:\/\/www.miomiorun.com\/fr\/#\/schema\/logo\/image\/","url":"https:\/\/www.miomiorun.com\/app\/uploads\/2019\/12\/logomio.png","contentUrl":"https:\/\/www.miomiorun.com\/app\/uploads\/2019\/12\/logomio.png","width":115,"height":82,"caption":"MioMio Run"},"image":{"@id":"https:\/\/www.miomiorun.com\/fr\/#\/schema\/logo\/image\/"},"sameAs":["https:\/\/www.facebook.com\/miomiorun\/","https:\/\/www.instagram.com\/miomiorun\/"]}]}},"_links":{"self":[{"href":"https:\/\/www.miomiorun.com\/fr\/wp-json\/wp\/v2\/product\/274092","targetHints":{"allow":["GET"]}}],"collection":[{"href":"https:\/\/www.miomiorun.com\/fr\/wp-json\/wp\/v2\/product"}],"about":[{"href":"https:\/\/www.miomiorun.com\/fr\/wp-json\/wp\/v2\/types\/product"}],"wp:featuredmedia":[{"embeddable":true,"href":"https:\/\/www.miomiorun.com\/fr\/wp-json\/wp\/v2\/media\/229413"}],"wp:attachment":[{"href":"https:\/\/www.miomiorun.com\/fr\/wp-json\/wp\/v2\/media?parent=274092"}],"wp:term":[{"taxonomy":"product_brand","embeddable":true,"href":"https:\/\/www.miomiorun.com\/fr\/wp-json\/wp\/v2\/product_brand?post=274092"},{"taxonomy":"product_cat","embeddable":true,"href":"https:\/\/www.miomiorun.com\/fr\/wp-json\/wp\/v2\/product_cat?post=274092"},{"taxonomy":"product_tag","embeddable":true,"href":"https:\/\/www.miomiorun.com\/fr\/wp-json\/wp\/v2\/product_tag?post=274092"}],"curies":[{"name":"wp","href":"https:\/\/api.w.org\/{rel}","templated":true}]}}