{"id":274067,"date":"2020-03-17T11:40:27","date_gmt":"2020-03-17T10:40:27","guid":{"rendered":"https:\/\/miomiorun.com\/prodotto\/cep-run-socks-3-0-uomo\/"},"modified":"2025-04-17T17:03:00","modified_gmt":"2025-04-17T15:03:00","slug":"cep-run-socks-3-0-homme","status":"publish","type":"product","link":"https:\/\/www.miomiorun.com\/fr\/produit\/cep-run-socks-3-0-homme\/","title":{"rendered":"Run socks 3.0 homme"},"content":{"rendered":"<p>Les chaussettes de compression CEP 3.0 pour hommes offrent un profil de compression athl\u00e9tique m\u00e9dicalement optimis\u00e9 qui n&#8217;a pas son pareil. D\u00e9couvrez le retour d&#8217;\u00e9nergie dans une chaussette qui vous soutient pendant votre entra\u00eenement. Courez, sautez et squattez dans une chaussette respirante, qui \u00e9vacue l&#8217;humidit\u00e9, con\u00e7ue pour les athl\u00e8tes ambitieux comme vous. Parfaite pour la course \u00e0 pied, les marathons, le basket-ball, le football, la randonn\u00e9e, les voyages et bien plus encore.<\/p>\n<p>Compression graduelle 20-30 mmHg<br \/>\nLa gestion climatique HEIQ rafra\u00eechit la peau<br \/>\nR\u00e9cup\u00e8re les mollets plus rapidement que jamais<br \/>\n\u00c9limination acc\u00e9l\u00e9r\u00e9e de l&#8217;acide lactique, r\u00e9cup\u00e9ration pendant l&#8217;exercice<br \/>\nLes fibres sup\u00e9rieures d&#8217;\u00e9vacuation de l&#8217;humidit\u00e9 gardent la peau fra\u00eeche<br \/>\nSoulage la douleur de la fasciite plantaire, de la p\u00e9riostite tibiale et du tendon d&#8217;Achille.<\/p>\n<p>Niveau de compression : 20-30 mmHg<\/p>\n<p>Mati\u00e8re : 85% polyamide, 15% spandex<\/p>\n","protected":false},"excerpt":{"rendered":"<p>Les chaussettes hautes CEP Compression 3.0 pour hommes offrent un profil de compression athl\u00e9tique m\u00e9dicalement optimis\u00e9 qui n&#8217;a pas son pareil.<\/p>\n","protected":false},"featured_media":229425,"template":"","meta":{"_acf_changed":false,"inline_featured_image":false},"product_brand":[],"product_cat":[24256,24482],"product_tag":[23469,23649],"class_list":{"0":"post-274067","1":"product","2":"type-product","3":"status-publish","4":"has-post-thumbnail","6":"product_cat-chaussettes-fr","7":"product_cat-vetements-pour-hommes-fr","8":"product_tag-cep-fr","9":"product_tag-cep-homme","10":"pa_attivita-running-fr","11":"pa_attivita-trail-fr","12":"pa_circonferenza-polpaccio-45-51-fr-2","13":"pa_colore-run-socks-3-0-m-black-dark-grey-fr","14":"pa_colore-run-socks-3-0-m-lime-light-grey-fr","15":"pa_marca-cep-fr","16":"pa_sesso-homme","18":"first","19":"instock","20":"sale","21":"taxable","22":"shipping-taxable","23":"purchasable","24":"product-type-variable","25":"wvs-archive-product-wrapper"},"acf":[],"yoast_head":"<!-- This site is optimized with the Yoast SEO plugin v26.8 - https:\/\/yoast.com\/product\/yoast-seo-wordpress\/ -->\n<title>Cep Run socks 3.0 homme - Chaussettes de course - MioMioRun.com<\/title>\n<meta name=\"description\" content=\"Les chaussettes de compression CEP run 3.0 pour hommes offrent une compression optimis\u00e9e pour un soutien optimal et une r\u00e9cup\u00e9ration rapide.\" \/>\n<meta name=\"robots\" content=\"index, follow, max-snippet:-1, max-image-preview:large, max-video-preview:-1\" \/>\n<link rel=\"canonical\" href=\"https:\/\/www.miomiorun.com\/fr\/produit\/cep-run-socks-3-0-homme\/\" \/>\n<meta property=\"og:locale\" content=\"fr_FR\" \/>\n<meta property=\"og:type\" content=\"article\" \/>\n<meta property=\"og:title\" content=\"Cep Run socks 3.0 homme - Chaussettes de course - MioMioRun.com\" \/>\n<meta property=\"og:description\" content=\"Les chaussettes de compression CEP run 3.0 pour hommes offrent une compression optimis\u00e9e pour un soutien optimal et une r\u00e9cup\u00e9ration rapide.\" \/>\n<meta property=\"og:url\" content=\"https:\/\/www.miomiorun.com\/fr\/produit\/cep-run-socks-3-0-homme\/\" \/>\n<meta property=\"og:site_name\" content=\"MioMioRun\" \/>\n<meta property=\"article:publisher\" content=\"https:\/\/www.facebook.com\/miomiorun\/\" \/>\n<meta property=\"article:modified_time\" content=\"2025-04-17T15:03:00+00:00\" \/>\n<meta property=\"og:image\" content=\"https:\/\/www.miomiorun.com\/app\/uploads\/2020\/03\/Run-socks-3.0-M-black-dark-grey.jpg\" \/>\n\t<meta property=\"og:image:width\" content=\"600\" \/>\n\t<meta property=\"og:image:height\" content=\"600\" \/>\n\t<meta property=\"og:image:type\" content=\"image\/jpeg\" \/>\n<meta name=\"twitter:card\" content=\"summary_large_image\" \/>\n<meta name=\"twitter:label1\" content=\"Est. reading time\" \/>\n\t<meta name=\"twitter:data1\" content=\"1 minute\" \/>\n<script type=\"application\/ld+json\" class=\"yoast-schema-graph\">{\"@context\":\"https:\/\/schema.org\",\"@graph\":[{\"@type\":\"WebPage\",\"@id\":\"https:\/\/www.miomiorun.com\/fr\/produit\/cep-run-socks-3-0-homme\/\",\"url\":\"https:\/\/www.miomiorun.com\/fr\/produit\/cep-run-socks-3-0-homme\/\",\"name\":\"Cep Run socks 3.0 homme - Chaussettes de course - MioMioRun.com\",\"isPartOf\":{\"@id\":\"https:\/\/www.miomiorun.com\/fr\/#website\"},\"primaryImageOfPage\":{\"@id\":\"https:\/\/www.miomiorun.com\/fr\/produit\/cep-run-socks-3-0-homme\/#primaryimage\"},\"image\":{\"@id\":\"https:\/\/www.miomiorun.com\/fr\/produit\/cep-run-socks-3-0-homme\/#primaryimage\"},\"thumbnailUrl\":\"https:\/\/www.miomiorun.com\/app\/uploads\/2020\/03\/Run-socks-3.0-M-black-dark-grey.jpg\",\"datePublished\":\"2020-03-17T10:40:27+00:00\",\"dateModified\":\"2025-04-17T15:03:00+00:00\",\"description\":\"Les chaussettes de compression CEP run 3.0 pour hommes offrent une compression optimis\u00e9e pour un soutien optimal et une r\u00e9cup\u00e9ration rapide.\",\"breadcrumb\":{\"@id\":\"https:\/\/www.miomiorun.com\/fr\/produit\/cep-run-socks-3-0-homme\/#breadcrumb\"},\"inLanguage\":\"fr-FR\",\"potentialAction\":[{\"@type\":\"ReadAction\",\"target\":[\"https:\/\/www.miomiorun.com\/fr\/produit\/cep-run-socks-3-0-homme\/\"]}]},{\"@type\":\"ImageObject\",\"inLanguage\":\"fr-FR\",\"@id\":\"https:\/\/www.miomiorun.com\/fr\/produit\/cep-run-socks-3-0-homme\/#primaryimage\",\"url\":\"https:\/\/www.miomiorun.com\/app\/uploads\/2020\/03\/Run-socks-3.0-M-black-dark-grey.jpg\",\"contentUrl\":\"https:\/\/www.miomiorun.com\/app\/uploads\/2020\/03\/Run-socks-3.0-M-black-dark-grey.jpg\",\"width\":600,\"height\":600,\"caption\":\"Calzini alti CEP run Compression socks 3.0 da uomo nero e grigio scuro\"},{\"@type\":\"BreadcrumbList\",\"@id\":\"https:\/\/www.miomiorun.com\/fr\/produit\/cep-run-socks-3-0-homme\/#breadcrumb\",\"itemListElement\":[{\"@type\":\"ListItem\",\"position\":1,\"name\":\"Home\",\"item\":\"https:\/\/www.miomiorun.com\/fr\/home-page\/\"},{\"@type\":\"ListItem\",\"position\":2,\"name\":\"Shop\",\"item\":\"https:\/\/www.miomiorun.com\/shop\/\"},{\"@type\":\"ListItem\",\"position\":3,\"name\":\"Run socks 3.0 homme\"}]},{\"@type\":\"WebSite\",\"@id\":\"https:\/\/www.miomiorun.com\/fr\/#website\",\"url\":\"https:\/\/www.miomiorun.com\/fr\/\",\"name\":\"MioMioRun\",\"description\":\"Boutique 100% running et trail\",\"publisher\":{\"@id\":\"https:\/\/www.miomiorun.com\/fr\/#organization\"},\"potentialAction\":[{\"@type\":\"SearchAction\",\"target\":{\"@type\":\"EntryPoint\",\"urlTemplate\":\"https:\/\/www.miomiorun.com\/fr\/?s={search_term_string}\"},\"query-input\":{\"@type\":\"PropertyValueSpecification\",\"valueRequired\":true,\"valueName\":\"search_term_string\"}}],\"inLanguage\":\"fr-FR\"},{\"@type\":\"Organization\",\"@id\":\"https:\/\/www.miomiorun.com\/fr\/#organization\",\"name\":\"MioMio Run\",\"url\":\"https:\/\/www.miomiorun.com\/fr\/\",\"logo\":{\"@type\":\"ImageObject\",\"inLanguage\":\"fr-FR\",\"@id\":\"https:\/\/www.miomiorun.com\/fr\/#\/schema\/logo\/image\/\",\"url\":\"https:\/\/www.miomiorun.com\/app\/uploads\/2019\/12\/logomio.png\",\"contentUrl\":\"https:\/\/www.miomiorun.com\/app\/uploads\/2019\/12\/logomio.png\",\"width\":115,\"height\":82,\"caption\":\"MioMio Run\"},\"image\":{\"@id\":\"https:\/\/www.miomiorun.com\/fr\/#\/schema\/logo\/image\/\"},\"sameAs\":[\"https:\/\/www.facebook.com\/miomiorun\/\",\"https:\/\/www.instagram.com\/miomiorun\/\"]}]}<\/script>\n<!-- \/ Yoast SEO plugin. -->","yoast_head_json":{"title":"Cep Run socks 3.0 homme - Chaussettes de course - MioMioRun.com","description":"Les chaussettes de compression CEP run 3.0 pour hommes offrent une compression optimis\u00e9e pour un soutien optimal et une r\u00e9cup\u00e9ration rapide.","robots":{"index":"index","follow":"follow","max-snippet":"max-snippet:-1","max-image-preview":"max-image-preview:large","max-video-preview":"max-video-preview:-1"},"canonical":"https:\/\/www.miomiorun.com\/fr\/produit\/cep-run-socks-3-0-homme\/","og_locale":"fr_FR","og_type":"article","og_title":"Cep Run socks 3.0 homme - Chaussettes de course - MioMioRun.com","og_description":"Les chaussettes de compression CEP run 3.0 pour hommes offrent une compression optimis\u00e9e pour un soutien optimal et une r\u00e9cup\u00e9ration rapide.","og_url":"https:\/\/www.miomiorun.com\/fr\/produit\/cep-run-socks-3-0-homme\/","og_site_name":"MioMioRun","article_publisher":"https:\/\/www.facebook.com\/miomiorun\/","article_modified_time":"2025-04-17T15:03:00+00:00","og_image":[{"width":600,"height":600,"url":"https:\/\/www.miomiorun.com\/app\/uploads\/2020\/03\/Run-socks-3.0-M-black-dark-grey.jpg","type":"image\/jpeg"}],"twitter_card":"summary_large_image","twitter_misc":{"Est. reading time":"1 minute"},"schema":{"@context":"https:\/\/schema.org","@graph":[{"@type":"WebPage","@id":"https:\/\/www.miomiorun.com\/fr\/produit\/cep-run-socks-3-0-homme\/","url":"https:\/\/www.miomiorun.com\/fr\/produit\/cep-run-socks-3-0-homme\/","name":"Cep Run socks 3.0 homme - Chaussettes de course - MioMioRun.com","isPartOf":{"@id":"https:\/\/www.miomiorun.com\/fr\/#website"},"primaryImageOfPage":{"@id":"https:\/\/www.miomiorun.com\/fr\/produit\/cep-run-socks-3-0-homme\/#primaryimage"},"image":{"@id":"https:\/\/www.miomiorun.com\/fr\/produit\/cep-run-socks-3-0-homme\/#primaryimage"},"thumbnailUrl":"https:\/\/www.miomiorun.com\/app\/uploads\/2020\/03\/Run-socks-3.0-M-black-dark-grey.jpg","datePublished":"2020-03-17T10:40:27+00:00","dateModified":"2025-04-17T15:03:00+00:00","description":"Les chaussettes de compression CEP run 3.0 pour hommes offrent une compression optimis\u00e9e pour un soutien optimal et une r\u00e9cup\u00e9ration rapide.","breadcrumb":{"@id":"https:\/\/www.miomiorun.com\/fr\/produit\/cep-run-socks-3-0-homme\/#breadcrumb"},"inLanguage":"fr-FR","potentialAction":[{"@type":"ReadAction","target":["https:\/\/www.miomiorun.com\/fr\/produit\/cep-run-socks-3-0-homme\/"]}]},{"@type":"ImageObject","inLanguage":"fr-FR","@id":"https:\/\/www.miomiorun.com\/fr\/produit\/cep-run-socks-3-0-homme\/#primaryimage","url":"https:\/\/www.miomiorun.com\/app\/uploads\/2020\/03\/Run-socks-3.0-M-black-dark-grey.jpg","contentUrl":"https:\/\/www.miomiorun.com\/app\/uploads\/2020\/03\/Run-socks-3.0-M-black-dark-grey.jpg","width":600,"height":600,"caption":"Calzini alti CEP run Compression socks 3.0 da uomo nero e grigio scuro"},{"@type":"BreadcrumbList","@id":"https:\/\/www.miomiorun.com\/fr\/produit\/cep-run-socks-3-0-homme\/#breadcrumb","itemListElement":[{"@type":"ListItem","position":1,"name":"Home","item":"https:\/\/www.miomiorun.com\/fr\/home-page\/"},{"@type":"ListItem","position":2,"name":"Shop","item":"https:\/\/www.miomiorun.com\/shop\/"},{"@type":"ListItem","position":3,"name":"Run socks 3.0 homme"}]},{"@type":"WebSite","@id":"https:\/\/www.miomiorun.com\/fr\/#website","url":"https:\/\/www.miomiorun.com\/fr\/","name":"MioMioRun","description":"Boutique 100% running et trail","publisher":{"@id":"https:\/\/www.miomiorun.com\/fr\/#organization"},"potentialAction":[{"@type":"SearchAction","target":{"@type":"EntryPoint","urlTemplate":"https:\/\/www.miomiorun.com\/fr\/?s={search_term_string}"},"query-input":{"@type":"PropertyValueSpecification","valueRequired":true,"valueName":"search_term_string"}}],"inLanguage":"fr-FR"},{"@type":"Organization","@id":"https:\/\/www.miomiorun.com\/fr\/#organization","name":"MioMio Run","url":"https:\/\/www.miomiorun.com\/fr\/","logo":{"@type":"ImageObject","inLanguage":"fr-FR","@id":"https:\/\/www.miomiorun.com\/fr\/#\/schema\/logo\/image\/","url":"https:\/\/www.miomiorun.com\/app\/uploads\/2019\/12\/logomio.png","contentUrl":"https:\/\/www.miomiorun.com\/app\/uploads\/2019\/12\/logomio.png","width":115,"height":82,"caption":"MioMio Run"},"image":{"@id":"https:\/\/www.miomiorun.com\/fr\/#\/schema\/logo\/image\/"},"sameAs":["https:\/\/www.facebook.com\/miomiorun\/","https:\/\/www.instagram.com\/miomiorun\/"]}]}},"_links":{"self":[{"href":"https:\/\/www.miomiorun.com\/fr\/wp-json\/wp\/v2\/product\/274067","targetHints":{"allow":["GET"]}}],"collection":[{"href":"https:\/\/www.miomiorun.com\/fr\/wp-json\/wp\/v2\/product"}],"about":[{"href":"https:\/\/www.miomiorun.com\/fr\/wp-json\/wp\/v2\/types\/product"}],"wp:featuredmedia":[{"embeddable":true,"href":"https:\/\/www.miomiorun.com\/fr\/wp-json\/wp\/v2\/media\/229425"}],"wp:attachment":[{"href":"https:\/\/www.miomiorun.com\/fr\/wp-json\/wp\/v2\/media?parent=274067"}],"wp:term":[{"taxonomy":"product_brand","embeddable":true,"href":"https:\/\/www.miomiorun.com\/fr\/wp-json\/wp\/v2\/product_brand?post=274067"},{"taxonomy":"product_cat","embeddable":true,"href":"https:\/\/www.miomiorun.com\/fr\/wp-json\/wp\/v2\/product_cat?post=274067"},{"taxonomy":"product_tag","embeddable":true,"href":"https:\/\/www.miomiorun.com\/fr\/wp-json\/wp\/v2\/product_tag?post=274067"}],"curies":[{"name":"wp","href":"https:\/\/api.w.org\/{rel}","templated":true}]}}